{"id":426729,"date":"2023-08-21T10:27:37","date_gmt":"2023-08-21T08:27:37","guid":{"rendered":"https:\/\/www.homewizard.com\/shop\/energy-display\/"},"modified":"2026-05-03T09:22:30","modified_gmt":"2026-05-03T07:22:30","slug":"energy-display","status":"publish","type":"product","link":"https:\/\/www.homewizard.com\/sv\/butik\/energy-display\/","title":{"rendered":"Energy Display"},"content":{"rendered":"\n<h2 class=\" wp-block-heading eplus-wrapper\">\u00d6verblick inom synh\u00e5ll.<\/h2>\n\n\n\n<p class=\" eplus-wrapper\">Med Energy Display \u00e4r din str\u00f6mf\u00f6rbrukning, solproduktion och energikostnader alltid inom synh\u00e5ll s\u00e5 att du kan h\u00e5lla ett \u00f6ga p\u00e5 energif\u00f6rbrukningen i ditt hem. Placera Energy Display i ditt vardagsrum, k\u00f6k eller p\u00e5 en plats som du ofta g\u00e5r f\u00f6rbi s\u00e5som hallen. F\u00f6r att f\u00f6rhindra on\u00f6dig anv\u00e4ndning av energi st\u00e4ngs sk\u00e4rmen av om Energy Display inte har identifierat n\u00e5gon r\u00f6relse p\u00e5 ett tag.<\/p>\n\n\n\n<h2 class=\" wp-block-heading eplus-wrapper\">Uppn\u00e5 dina m\u00e5l f\u00f6r energif\u00f6rbrukning.<\/h2>\n\n\n\n<p class=\" eplus-wrapper\">Du kan konfigurera Energy Display efter dina \u00f6nskem\u00e5l via <a href=\"https:\/\/helpdesk.homewizard.com\/collections\/3319573\">appen HomeWizard<\/a>. Tilldela ett f\u00f6rbrukningsm\u00e5l till en av de tre cirklarna. Ju mer cirkeln fylls, desto n\u00e4rmare \u00e4r du att \u00f6verskrida ditt m\u00e5l. Den h\u00f6gra sidan av sk\u00e4rmen kan anv\u00e4ndas f\u00f6r att visa gas, vatten, el, totala kostnader och\/eller temperatur. V\u00e4lj mellan att f\u00e5 \u00f6verblick \u00f6ver f\u00f6rbrukning eller kostnader, och livevy eller dagsvy.<\/p>\n\n\n\n<p class=\" eplus-wrapper\">Du beh\u00f6ver ingen <a href=\"https:\/\/www.homewizard.com\/sv\/energy-plus\/\">prenumeration p\u00e5 Energy+<\/a> f\u00f6r att anv\u00e4nda Energy Display, men med en prenumeration p\u00e5 Energy+ f\u00e5r du extra funktioner och kan t.ex. visa bruttoenergif\u00f6rbrukningen och solf\u00f6rbrukningen.<\/p>\n\n\n\n<div class=\" wp-block-media-text has-media-on-the-right is-stacked-on-mobile eplus-wrapper\" style=\"grid-template-columns:auto 49%\"><div class=\"wp-block-media-text__content\">\n<h2 class=\" wp-block-heading eplus-wrapper\">Spara mer \u00e4n 2029 Kr per \u00e5r.<\/h2>\n\n\n\n<p class=\" eplus-wrapper\">Med en Energy Display i ditt hem sparar du i genomsnitt 6,9 % p\u00e5 gas och 2,2 % p\u00e5 el. Ett genomsnittligt hush\u00e5ll sparar mer \u00e4n 2029 Kr per \u00e5r p\u00e5 energikostnader.* Det betyder att du tj\u00e4nar tillbaka Energy Display p\u00e5 nolltid. Att spara in p\u00e5 energikostnader har aldrig varit s\u00e5 enkelt.<\/p>\n\n\n<p class=\" eplus-wrapper eplus-styles-uid-e7c803\">* Baserat p\u00e5 genomsnittliga hush\u00e5lls- och energipriser i Nederl\u00e4nderna: 1 500 m\u00b3 gas (17.30 kr) och 2 500 kWh (4.75 kr).<\/p><\/div><figure class=\"wp-block-media-text__media\"><img decoding=\"async\" src=\"https:\/\/www.homewizard.com\/wp-content\/uploads\/2024\/01\/electricity-norway-3.png\" alt=\"\" class=\"wp-image-408990 size-full\"\/><\/figure><\/div>\n\n\n\n<h2 class=\" wp-block-heading eplus-wrapper\">I huvudstr\u00f6mbrytaren<\/h2>\n\n\n<ul class=\" wp-block-list eplus-wrapper eplus-styles-uid-f8832f\">\n<li class=\" eplus-wrapper\">HomeWizard Energy Display<\/li>\n\n\n\n<li class=\" eplus-wrapper\">N\u00e4tadapter<\/li>\n\n\n\n<li class=\" eplus-wrapper\">1,5 m USB-C-kabel<\/li>\n\n\n\n<li class=\" eplus-wrapper\">Snabbstartsguide<\/li>\n<\/ul>\n\n\n<h2 class=\" wp-block-heading eplus-wrapper\">F\u00f6ruts\u00e4ttningar<\/h2>\n\n\n\n<p class=\" eplus-wrapper\">An iOS 13, Android 8 or newer operating system<br>A secure Wi-Fi network with an internet connection<\/p>\n","protected":false},"excerpt":{"rendered":"<p><span style=\"font-weight: 400;\">F\u00e5 \u00f6verblick \u00f6ver din energif\u00f6rbrukning, solproduktion och energikostnader med HomeWizard Energy Display. Konfigurera din egen instrumentpanel och best\u00e4m vad du vill se. <\/span><\/p>\n","protected":false},"featured_media":1012139,"template":"","meta":{"_acf_changed":false,"editor_plus_copied_stylings":"{}"},"product_brand":[],"product_cat":[166,173],"product_tag":[],"class_list":{"0":"post-426729","1":"product","2":"type-product","3":"status-publish","4":"has-post-thumbnail","6":"product_cat-alla","7":"product_cat-produkter","9":"first","10":"instock","11":"taxable","12":"shipping-taxable","13":"purchasable","14":"product-type-simple"},"acf":[],"yoast_head":"<!-- This site is optimized with the Yoast SEO plugin v27.0 - https:\/\/yoast.com\/product\/yoast-seo-wordpress\/ -->\n<title>Best\u00e4ll din Energy Display h\u00e4r \u2013 HomeWizard<\/title>\n<meta name=\"description\" content=\"Ta kontroll \u00f6ver din energif\u00f6rbrukning med Energy Display fr\u00e5n HomeWizard. Skapa din egen instrumentpanel, uppn\u00e5 dina m\u00e5l och spara energikostnader.\" \/>\n<meta name=\"robots\" content=\"index, follow, max-snippet:-1, max-image-preview:large, max-video-preview:-1\" \/>\n<link rel=\"canonical\" href=\"https:\/\/www.homewizard.com\/sv\/butik\/energy-display\/\" \/>\n<meta property=\"og:locale\" content=\"sv_SE\" \/>\n<meta property=\"og:type\" content=\"article\" \/>\n<meta property=\"og:title\" content=\"Best\u00e4ll din Energy Display h\u00e4r \u2013 HomeWizard\" \/>\n<meta property=\"og:description\" content=\"Ta kontroll \u00f6ver din energif\u00f6rbrukning med Energy Display fr\u00e5n HomeWizard. Skapa din egen instrumentpanel, uppn\u00e5 dina m\u00e5l och spara energikostnader.\" \/>\n<meta property=\"og:url\" content=\"https:\/\/www.homewizard.com\/sv\/butik\/energy-display\/\" \/>\n<meta property=\"og:site_name\" content=\"HomeWizard\" \/>\n<meta property=\"article:publisher\" content=\"https:\/\/www.facebook.com\/HomeWizardBV\/\" \/>\n<meta property=\"article:modified_time\" content=\"2026-05-03T07:22:30+00:00\" \/>\n<meta property=\"og:image\" content=\"https:\/\/www.homewizard.com\/wp-content\/uploads\/2023\/08\/Energy-Display-front-view.png\" \/>\n\t<meta property=\"og:image:width\" content=\"1900\" \/>\n\t<meta property=\"og:image:height\" content=\"1900\" \/>\n\t<meta property=\"og:image:type\" content=\"image\/png\" \/>\n<meta name=\"twitter:card\" content=\"summary_large_image\" \/>\n<meta name=\"twitter:site\" content=\"@HomeWizard_NL\" \/>\n<meta name=\"twitter:label1\" content=\"Ber\u00e4knad l\u00e4stid\" \/>\n\t<meta name=\"twitter:data1\" content=\"2 minuter\" \/>\n<script type=\"application\/ld+json\" class=\"yoast-schema-graph\">{\"@context\":\"https:\/\/schema.org\",\"@graph\":[{\"@type\":\"WebPage\",\"@id\":\"https:\/\/www.homewizard.com\/sv\/butik\/energy-display\/\",\"url\":\"https:\/\/www.homewizard.com\/sv\/butik\/energy-display\/\",\"name\":\"Best\u00e4ll din Energy Display h\u00e4r \u2013 HomeWizard\",\"isPartOf\":{\"@id\":\"https:\/\/www.homewizard.com\/sv\/#website\"},\"primaryImageOfPage\":{\"@id\":\"https:\/\/www.homewizard.com\/sv\/butik\/energy-display\/#primaryimage\"},\"image\":{\"@id\":\"https:\/\/www.homewizard.com\/sv\/butik\/energy-display\/#primaryimage\"},\"thumbnailUrl\":\"https:\/\/www.homewizard.com\/wp-content\/uploads\/2023\/08\/Energy-Display-front-view.png\",\"datePublished\":\"2023-08-21T08:27:37+00:00\",\"dateModified\":\"2026-05-03T07:22:30+00:00\",\"description\":\"Ta kontroll \u00f6ver din energif\u00f6rbrukning med Energy Display fr\u00e5n HomeWizard. Skapa din egen instrumentpanel, uppn\u00e5 dina m\u00e5l och spara energikostnader.\",\"breadcrumb\":{\"@id\":\"https:\/\/www.homewizard.com\/sv\/butik\/energy-display\/#breadcrumb\"},\"inLanguage\":\"sv-SE\",\"potentialAction\":[{\"@type\":\"ReadAction\",\"target\":[\"https:\/\/www.homewizard.com\/sv\/butik\/energy-display\/\"]}]},{\"@type\":\"ImageObject\",\"inLanguage\":\"sv-SE\",\"@id\":\"https:\/\/www.homewizard.com\/sv\/butik\/energy-display\/#primaryimage\",\"url\":\"https:\/\/www.homewizard.com\/wp-content\/uploads\/2023\/08\/Energy-Display-front-view.png\",\"contentUrl\":\"https:\/\/www.homewizard.com\/wp-content\/uploads\/2023\/08\/Energy-Display-front-view.png\",\"width\":1900,\"height\":1900},{\"@type\":\"BreadcrumbList\",\"@id\":\"https:\/\/www.homewizard.com\/sv\/butik\/energy-display\/#breadcrumb\",\"itemListElement\":[{\"@type\":\"ListItem\",\"position\":1,\"name\":\"Home\",\"item\":\"https:\/\/www.homewizard.com\/sv\/\"},{\"@type\":\"ListItem\",\"position\":2,\"name\":\"Butik\",\"item\":\"https:\/\/www.homewizard.com\/sv\/butik\/\"},{\"@type\":\"ListItem\",\"position\":3,\"name\":\"Energy Display\"}]},{\"@type\":\"WebSite\",\"@id\":\"https:\/\/www.homewizard.com\/sv\/#website\",\"url\":\"https:\/\/www.homewizard.com\/sv\/\",\"name\":\"HomeWizard\",\"description\":\"HomeWizard Energy\",\"publisher\":{\"@id\":\"https:\/\/www.homewizard.com\/sv\/#organization\"},\"potentialAction\":[{\"@type\":\"SearchAction\",\"target\":{\"@type\":\"EntryPoint\",\"urlTemplate\":\"https:\/\/www.homewizard.com\/sv\/?s={search_term_string}\"},\"query-input\":{\"@type\":\"PropertyValueSpecification\",\"valueRequired\":true,\"valueName\":\"search_term_string\"}}],\"inLanguage\":\"sv-SE\"},{\"@type\":\"Organization\",\"@id\":\"https:\/\/www.homewizard.com\/sv\/#organization\",\"name\":\"HomeWizard\",\"url\":\"https:\/\/www.homewizard.com\/sv\/\",\"logo\":{\"@type\":\"ImageObject\",\"inLanguage\":\"sv-SE\",\"@id\":\"https:\/\/www.homewizard.com\/sv\/#\/schema\/logo\/image\/\",\"url\":\"https:\/\/www.homewizard.com\/wp-content\/uploads\/2023\/06\/HomeWizard-icon-on-black.png\",\"contentUrl\":\"https:\/\/www.homewizard.com\/wp-content\/uploads\/2023\/06\/HomeWizard-icon-on-black.png\",\"width\":500,\"height\":500,\"caption\":\"HomeWizard\"},\"image\":{\"@id\":\"https:\/\/www.homewizard.com\/sv\/#\/schema\/logo\/image\/\"},\"sameAs\":[\"https:\/\/www.facebook.com\/HomeWizardBV\/\",\"https:\/\/x.com\/HomeWizard_NL\",\"https:\/\/www.youtube.com\/HomeWizardBV\",\"https:\/\/www.instagram.com\/homewizardenergy\/\"]}]}<\/script>\n<!-- \/ Yoast SEO plugin. -->","yoast_head_json":{"title":"Best\u00e4ll din Energy Display h\u00e4r \u2013 HomeWizard","description":"Ta kontroll \u00f6ver din energif\u00f6rbrukning med Energy Display fr\u00e5n HomeWizard. Skapa din egen instrumentpanel, uppn\u00e5 dina m\u00e5l och spara energikostnader.","robots":{"index":"index","follow":"follow","max-snippet":"max-snippet:-1","max-image-preview":"max-image-preview:large","max-video-preview":"max-video-preview:-1"},"canonical":"https:\/\/www.homewizard.com\/sv\/butik\/energy-display\/","og_locale":"sv_SE","og_type":"article","og_title":"Best\u00e4ll din Energy Display h\u00e4r \u2013 HomeWizard","og_description":"Ta kontroll \u00f6ver din energif\u00f6rbrukning med Energy Display fr\u00e5n HomeWizard. Skapa din egen instrumentpanel, uppn\u00e5 dina m\u00e5l och spara energikostnader.","og_url":"https:\/\/www.homewizard.com\/sv\/butik\/energy-display\/","og_site_name":"HomeWizard","article_publisher":"https:\/\/www.facebook.com\/HomeWizardBV\/","article_modified_time":"2026-05-03T07:22:30+00:00","og_image":[{"width":1900,"height":1900,"url":"https:\/\/www.homewizard.com\/wp-content\/uploads\/2023\/08\/Energy-Display-front-view.png","type":"image\/png"}],"twitter_card":"summary_large_image","twitter_site":"@HomeWizard_NL","twitter_misc":{"Ber\u00e4knad l\u00e4stid":"2 minuter"},"schema":{"@context":"https:\/\/schema.org","@graph":[{"@type":"WebPage","@id":"https:\/\/www.homewizard.com\/sv\/butik\/energy-display\/","url":"https:\/\/www.homewizard.com\/sv\/butik\/energy-display\/","name":"Best\u00e4ll din Energy Display h\u00e4r \u2013 HomeWizard","isPartOf":{"@id":"https:\/\/www.homewizard.com\/sv\/#website"},"primaryImageOfPage":{"@id":"https:\/\/www.homewizard.com\/sv\/butik\/energy-display\/#primaryimage"},"image":{"@id":"https:\/\/www.homewizard.com\/sv\/butik\/energy-display\/#primaryimage"},"thumbnailUrl":"https:\/\/www.homewizard.com\/wp-content\/uploads\/2023\/08\/Energy-Display-front-view.png","datePublished":"2023-08-21T08:27:37+00:00","dateModified":"2026-05-03T07:22:30+00:00","description":"Ta kontroll \u00f6ver din energif\u00f6rbrukning med Energy Display fr\u00e5n HomeWizard. Skapa din egen instrumentpanel, uppn\u00e5 dina m\u00e5l och spara energikostnader.","breadcrumb":{"@id":"https:\/\/www.homewizard.com\/sv\/butik\/energy-display\/#breadcrumb"},"inLanguage":"sv-SE","potentialAction":[{"@type":"ReadAction","target":["https:\/\/www.homewizard.com\/sv\/butik\/energy-display\/"]}]},{"@type":"ImageObject","inLanguage":"sv-SE","@id":"https:\/\/www.homewizard.com\/sv\/butik\/energy-display\/#primaryimage","url":"https:\/\/www.homewizard.com\/wp-content\/uploads\/2023\/08\/Energy-Display-front-view.png","contentUrl":"https:\/\/www.homewizard.com\/wp-content\/uploads\/2023\/08\/Energy-Display-front-view.png","width":1900,"height":1900},{"@type":"BreadcrumbList","@id":"https:\/\/www.homewizard.com\/sv\/butik\/energy-display\/#breadcrumb","itemListElement":[{"@type":"ListItem","position":1,"name":"Home","item":"https:\/\/www.homewizard.com\/sv\/"},{"@type":"ListItem","position":2,"name":"Butik","item":"https:\/\/www.homewizard.com\/sv\/butik\/"},{"@type":"ListItem","position":3,"name":"Energy Display"}]},{"@type":"WebSite","@id":"https:\/\/www.homewizard.com\/sv\/#website","url":"https:\/\/www.homewizard.com\/sv\/","name":"HomeWizard","description":"HomeWizard Energy","publisher":{"@id":"https:\/\/www.homewizard.com\/sv\/#organization"},"potentialAction":[{"@type":"SearchAction","target":{"@type":"EntryPoint","urlTemplate":"https:\/\/www.homewizard.com\/sv\/?s={search_term_string}"},"query-input":{"@type":"PropertyValueSpecification","valueRequired":true,"valueName":"search_term_string"}}],"inLanguage":"sv-SE"},{"@type":"Organization","@id":"https:\/\/www.homewizard.com\/sv\/#organization","name":"HomeWizard","url":"https:\/\/www.homewizard.com\/sv\/","logo":{"@type":"ImageObject","inLanguage":"sv-SE","@id":"https:\/\/www.homewizard.com\/sv\/#\/schema\/logo\/image\/","url":"https:\/\/www.homewizard.com\/wp-content\/uploads\/2023\/06\/HomeWizard-icon-on-black.png","contentUrl":"https:\/\/www.homewizard.com\/wp-content\/uploads\/2023\/06\/HomeWizard-icon-on-black.png","width":500,"height":500,"caption":"HomeWizard"},"image":{"@id":"https:\/\/www.homewizard.com\/sv\/#\/schema\/logo\/image\/"},"sameAs":["https:\/\/www.facebook.com\/HomeWizardBV\/","https:\/\/x.com\/HomeWizard_NL","https:\/\/www.youtube.com\/HomeWizardBV","https:\/\/www.instagram.com\/homewizardenergy\/"]}]}},"_links":{"self":[{"href":"https:\/\/www.homewizard.com\/sv\/wp-json\/wp\/v2\/product\/426729","targetHints":{"allow":["GET"]}}],"collection":[{"href":"https:\/\/www.homewizard.com\/sv\/wp-json\/wp\/v2\/product"}],"about":[{"href":"https:\/\/www.homewizard.com\/sv\/wp-json\/wp\/v2\/types\/product"}],"wp:featuredmedia":[{"embeddable":true,"href":"https:\/\/www.homewizard.com\/sv\/wp-json\/wp\/v2\/media\/1012139"}],"wp:attachment":[{"href":"https:\/\/www.homewizard.com\/sv\/wp-json\/wp\/v2\/media?parent=426729"}],"wp:term":[{"taxonomy":"product_brand","embeddable":true,"href":"https:\/\/www.homewizard.com\/sv\/wp-json\/wp\/v2\/product_brand?post=426729"},{"taxonomy":"product_cat","embeddable":true,"href":"https:\/\/www.homewizard.com\/sv\/wp-json\/wp\/v2\/product_cat?post=426729"},{"taxonomy":"product_tag","embeddable":true,"href":"https:\/\/www.homewizard.com\/sv\/wp-json\/wp\/v2\/product_tag?post=426729"}],"curies":[{"name":"wp","href":"https:\/\/api.w.org\/{rel}","templated":true}]}}