{"id":339338,"date":"2023-03-21T11:12:08","date_gmt":"2023-03-21T10:12:08","guid":{"rendered":"https:\/\/www.homewizard.com\/shop\/energy-plus-2\/"},"modified":"2026-03-25T10:34:57","modified_gmt":"2026-03-25T09:34:57","slug":"energy-plus","status":"publish","type":"product","link":"https:\/\/www.homewizard.com\/sv\/butik\/energy-plus\/","title":{"rendered":"Prenumeration p\u00e5 Energy+"},"content":{"rendered":"\n<h2 class=\" wp-block-heading eplus-wrapper\">\u00c5rlig prenumeration p\u00e5 Energy+<\/h2>\n\n<p class=\" eplus-wrapper\">Energy+ \u00e4r en HomeWizard-prenumeration som l\u00e5ser upp ytterligare funktioner i HomeWizard-appen:<\/p>\n<ul class=\" wp-block-list eplus-wrapper eplus-styles-uid-a172a7\">\n<li class=\" eplus-wrapper\">Se din standby-f\u00f6rbrukning<\/li>\n\n\n\n<li class=\" eplus-wrapper\">Lagring f\u00f6r flera \u00e5r<\/li>\n\n\n\n<li class=\" eplus-wrapper\">F\u00e5 meddelanden n\u00e4r ovanlig energif\u00f6rbrukning uppt\u00e4cks<\/li>\n\n\n\n<li class=\" eplus-wrapper\">V\u00e4xelriktaranslutning: l\u00e5s upp en graf med din solelsproduktion<\/li>\n\n\n\n<li class=\" eplus-wrapper\"><p class=\"text-node\" data-pm-slice='1 1 [\"bullet_list\",{},\"list_item\",{}]'>Graf f\u00f6r sj\u00e4lvf\u00f6rs\u00f6rjning: se hur mycket av den genererade solenergin du f\u00f6rbrukar direkt.<\/p><\/li>\n\n\n\n<li class=\" eplus-wrapper\">Trefasiga insikter (f\u00f6rbrukning per fas)<\/li>\n\n\n\n<li class=\" eplus-wrapper\">Smart v\u00e4xling mellan <a href=\"https:\/\/www.homewizard.com\/sv\/energy-uttag\/\">Energy-uttag<\/a><\/li>\n\n\n\n<li class=\" eplus-wrapper\">Exportera data till Excel (CSV)<\/li>\n<\/ul>\n<p class=\" eplus-wrapper\"><a href=\"https:\/\/www.homewizard.com\/sv\/energyplus\/\">Mer information om Energy+<\/a><\/p>\n\n<p class=\" eplus-wrapper\">Prenumerationen kostar endast 139 kr per \u00e5r om du prenumererar via webbplatsen. Du kan s\u00e4ga upp prenumerationen n\u00e4r som helst, och fakturering sker automatiskt varje \u00e5r. Betala enkelt med det betalningsalternativ du f\u00f6redrar: iDEAL, Bancontact och kreditkort (t.ex. Visa, Mastercard och American Express).<\/p>\n\n<figure class=\" wp-block-image size-large is-resized eplus-wrapper\"><img loading=\"lazy\" decoding=\"async\" width=\"1024\" height=\"145\" src=\"https:\/\/www.homewizard.com\/wp-content\/uploads\/2023\/04\/Payment-options-Energy-HomeWizard-subscription-1024x145.png\" alt=\"\" class=\"wp-image-298953\" style=\"width:557px;height:79px\" srcset=\"https:\/\/www.homewizard.com\/wp-content\/uploads\/2023\/04\/Payment-options-Energy-HomeWizard-subscription-1024x145.png 1024w, https:\/\/www.homewizard.com\/wp-content\/uploads\/2023\/04\/Payment-options-Energy-HomeWizard-subscription-800x113.png 800w, https:\/\/www.homewizard.com\/wp-content\/uploads\/2023\/04\/Payment-options-Energy-HomeWizard-subscription-300x42.png 300w, https:\/\/www.homewizard.com\/wp-content\/uploads\/2023\/04\/Payment-options-Energy-HomeWizard-subscription-768x109.png 768w\" sizes=\"auto, (max-width: 1024px) 100vw, 1024px\" \/><\/figure>\n\n<p class=\" eplus-wrapper\"><\/p>\n\n<div class=\" wp-block-media-text has-media-on-the-right is-stacked-on-mobile eplus-wrapper\" style=\"grid-template-columns:auto 34%\"><div class=\"wp-block-media-text__content\">\n<h2 class=\" wp-block-heading eplus-wrapper\">Anslut dina solpaneler<\/h2>\n\n\n\n<p class=\" eplus-wrapper\">Du kan nu enkelt l\u00e4gga till en graf med din solelproduktion i HomeWizard-appen utan att installera ytterligare h\u00e5rdvara P\u00e5 s\u00e5 s\u00e4tt f\u00e5r du en fullst\u00e4ndig f\u00f6rst\u00e5else f\u00f6r ditt energifl\u00f6de och kan st\u00e4lla in allt i en app. Anslutningen st\u00f6der v\u00e4xelriktare fr\u00e5n SolarEdge, GoodWe, Growatt, SMA, Enphase, Huawei och Solax. Genom att ansluta dina solpaneler kan du l\u00e5sa upp tre nya grafer:<\/p>\n\n\n<ul class=\" wp-block-list eplus-wrapper eplus-styles-uid-edf9cc\">\n<li class=\" eplus-wrapper\"><p class=\"text-node\" data-pm-slice='1 1 [\"bullet_list\",{},\"list_item\",{}]'>Sj\u00e4lvf\u00f6rs\u00f6rjande<\/p><\/li>\n\n\n\n<li class=\" eplus-wrapper\">Bruttoenergif\u00f6rbrukning<\/li>\n\n\n\n<li class=\" eplus-wrapper\">Solenergif\u00f6rbrukning<\/li>\n<\/ul><\/div><figure class=\"wp-block-media-text__media\"><img loading=\"lazy\" decoding=\"async\" width=\"799\" height=\"800\" src=\"https:\/\/www.homewizard.com\/wp-content\/uploads\/2023\/04\/production_gross-power-consumption.webp\" alt=\"\" class=\"wp-image-300894 size-full\" srcset=\"https:\/\/www.homewizard.com\/wp-content\/uploads\/2023\/04\/production_gross-power-consumption.webp 799w, https:\/\/www.homewizard.com\/wp-content\/uploads\/2023\/04\/production_gross-power-consumption-500x500.webp 500w, https:\/\/www.homewizard.com\/wp-content\/uploads\/2023\/04\/production_gross-power-consumption-124x124.webp 124w, https:\/\/www.homewizard.com\/wp-content\/uploads\/2023\/04\/production_gross-power-consumption-300x300.webp 300w, https:\/\/www.homewizard.com\/wp-content\/uploads\/2023\/04\/production_gross-power-consumption-150x150.webp 150w, https:\/\/www.homewizard.com\/wp-content\/uploads\/2023\/04\/production_gross-power-consumption-768x769.webp 768w, https:\/\/www.homewizard.com\/wp-content\/uploads\/2023\/04\/production_gross-power-consumption-600x601.webp 600w\" sizes=\"auto, (max-width: 799px) 100vw, 799px\" \/><\/figure><\/div>\n\n<h2 class=\" wp-block-heading eplus-wrapper\">S\u00e4g upp Energy+<\/h2>\n\n<p class=\" eplus-wrapper\">Du kan n\u00e4r som helst s\u00e4ga upp Energy+. Efter att du har sagt upp prenumerationen har du tillg\u00e5ng till Energy+-funktionerna fram tills upps\u00e4gningsdatumet. D\u00e4refter kommer du automatiskt att nedgraderas till den grundl\u00e4ggande kostnadsfria funktionen, Energy+-funktionerna kommer att f\u00f6rsvinna och grafdata som \u00e4r \u00e4ldre \u00e4n 12 m\u00e5nader kommer att raderas.<\/p>\n\n<p class=\" eplus-wrapper\">Om du har k\u00f6pt Energy+ via <strong>webbplatsen<\/strong> kan du avbryta k\u00f6pet p\u00e5 f\u00f6ljande adress <strong><a href=\"http:\/\/www.homewizard.com\/my-account\/homes\/\">Konto &gt; Homes<\/a><\/strong>.<\/p>\n\n<p class=\" eplus-wrapper\">Om du har k\u00f6pt Energy+ via <strong>appen<\/strong> kan du avbryta k\u00f6pet i appen.<strong><a href=\"https:\/\/support.apple.com\/en-gb\/guide\/iphone\/iph3dfd91de\/ios\" target=\"_blank\" rel=\"noreferrer noopener\">Apple-prenumerationsinst\u00e4llningar<\/a><\/strong> eller <strong><a href=\"https:\/\/support.google.com\/googleplay\/answer\/7018481\" target=\"_blank\" rel=\"noreferrer noopener\">Google-prenumerationsinst\u00e4llningar<\/a><\/strong> p\u00e5 din telefon.<\/p>\n\n<div style=\"height:32px\" aria-hidden=\"true\" class=\" wp-block-spacer eplus-wrapper\"><\/div>\n","protected":false},"excerpt":{"rendered":"<p>En \u00e5rlig prenumeration som ger dig ytterligare insikt och funktionalitet ut\u00f6ver de kostnadsfria funktionerna i HomeWizard-appen. Alla <a href=\"https:\/\/www.homewizard.com\/sv\/energyplus\/\">Energy+-funktioner.<\/a><\/p>\n","protected":false},"featured_media":369891,"template":"","meta":{"_acf_changed":false,"editor_plus_copied_stylings":"{}"},"product_brand":[],"product_cat":[166,173],"product_tag":[],"class_list":{"0":"post-339338","1":"product","2":"type-product","3":"status-publish","4":"has-post-thumbnail","6":"product_cat-alla","7":"product_cat-produkter","9":"first","10":"instock","11":"virtual","12":"sold-individually","13":"taxable","14":"purchasable","15":"product-type-subscription"},"acf":[],"yoast_head":"<!-- This site is optimized with the Yoast SEO plugin v27.0 - https:\/\/yoast.com\/product\/yoast-seo-wordpress\/ -->\n<title>Energy+-prenumeration (12 m\u00e5nader) - HomeWizard<\/title>\n<meta name=\"description\" content=\"F\u00e5 \u00e4nnu mer information om energif\u00f6rbrukningen med en \u00e5rsprenumeration p\u00e5 endast 139 kr. \u2713 Standby-f\u00f6rbrukning. \u2713 Aviseringar om avvikande energif\u00f6rbrukning. \u2713 Smart switching.\" \/>\n<meta name=\"robots\" content=\"index, follow, max-snippet:-1, max-image-preview:large, max-video-preview:-1\" \/>\n<link rel=\"canonical\" href=\"https:\/\/www.homewizard.com\/sv\/butik\/energy-plus\/\" \/>\n<meta property=\"og:locale\" content=\"sv_SE\" \/>\n<meta property=\"og:type\" content=\"article\" \/>\n<meta property=\"og:title\" content=\"Energy+-prenumeration (12 m\u00e5nader) - HomeWizard\" \/>\n<meta property=\"og:description\" content=\"F\u00e5 \u00e4nnu mer information om energif\u00f6rbrukningen med en \u00e5rsprenumeration p\u00e5 endast 139 kr. \u2713 Standby-f\u00f6rbrukning. \u2713 Aviseringar om avvikande energif\u00f6rbrukning. \u2713 Smart switching.\" \/>\n<meta property=\"og:url\" content=\"https:\/\/www.homewizard.com\/sv\/butik\/energy-plus\/\" \/>\n<meta property=\"og:site_name\" content=\"HomeWizard\" \/>\n<meta property=\"article:publisher\" content=\"https:\/\/www.facebook.com\/HomeWizardBV\/\" \/>\n<meta property=\"article:modified_time\" content=\"2026-03-25T09:34:57+00:00\" \/>\n<meta property=\"og:image\" content=\"https:\/\/www.homewizard.com\/wp-content\/uploads\/2023\/03\/HomeWizard-Energy-logo-png-2023.png\" \/>\n\t<meta property=\"og:image:width\" content=\"600\" \/>\n\t<meta property=\"og:image:height\" content=\"600\" \/>\n\t<meta property=\"og:image:type\" content=\"image\/png\" \/>\n<meta name=\"twitter:card\" content=\"summary_large_image\" \/>\n<meta name=\"twitter:site\" content=\"@HomeWizard_NL\" \/>\n<meta name=\"twitter:label1\" content=\"Ber\u00e4knad l\u00e4stid\" \/>\n\t<meta name=\"twitter:data1\" content=\"2 minuter\" \/>\n<script type=\"application\/ld+json\" class=\"yoast-schema-graph\">{\"@context\":\"https:\/\/schema.org\",\"@graph\":[{\"@type\":\"WebPage\",\"@id\":\"https:\/\/www.homewizard.com\/sv\/butik\/energy-plus\/\",\"url\":\"https:\/\/www.homewizard.com\/sv\/butik\/energy-plus\/\",\"name\":\"Energy+-prenumeration (12 m\u00e5nader) - HomeWizard\",\"isPartOf\":{\"@id\":\"https:\/\/www.homewizard.com\/sv\/#website\"},\"primaryImageOfPage\":{\"@id\":\"https:\/\/www.homewizard.com\/sv\/butik\/energy-plus\/#primaryimage\"},\"image\":{\"@id\":\"https:\/\/www.homewizard.com\/sv\/butik\/energy-plus\/#primaryimage\"},\"thumbnailUrl\":\"https:\/\/www.homewizard.com\/wp-content\/uploads\/2023\/03\/HomeWizard-Energy-logo-png-2023.png\",\"datePublished\":\"2023-03-21T10:12:08+00:00\",\"dateModified\":\"2026-03-25T09:34:57+00:00\",\"description\":\"F\u00e5 \u00e4nnu mer information om energif\u00f6rbrukningen med en \u00e5rsprenumeration p\u00e5 endast 139 kr. \u2713 Standby-f\u00f6rbrukning. \u2713 Aviseringar om avvikande energif\u00f6rbrukning. \u2713 Smart switching.\",\"breadcrumb\":{\"@id\":\"https:\/\/www.homewizard.com\/sv\/butik\/energy-plus\/#breadcrumb\"},\"inLanguage\":\"sv-SE\",\"potentialAction\":[{\"@type\":\"ReadAction\",\"target\":[\"https:\/\/www.homewizard.com\/sv\/butik\/energy-plus\/\"]}]},{\"@type\":\"ImageObject\",\"inLanguage\":\"sv-SE\",\"@id\":\"https:\/\/www.homewizard.com\/sv\/butik\/energy-plus\/#primaryimage\",\"url\":\"https:\/\/www.homewizard.com\/wp-content\/uploads\/2023\/03\/HomeWizard-Energy-logo-png-2023.png\",\"contentUrl\":\"https:\/\/www.homewizard.com\/wp-content\/uploads\/2023\/03\/HomeWizard-Energy-logo-png-2023.png\",\"width\":600,\"height\":600},{\"@type\":\"BreadcrumbList\",\"@id\":\"https:\/\/www.homewizard.com\/sv\/butik\/energy-plus\/#breadcrumb\",\"itemListElement\":[{\"@type\":\"ListItem\",\"position\":1,\"name\":\"Home\",\"item\":\"https:\/\/www.homewizard.com\/sv\/\"},{\"@type\":\"ListItem\",\"position\":2,\"name\":\"Butik\",\"item\":\"https:\/\/www.homewizard.com\/sv\/butik\/\"},{\"@type\":\"ListItem\",\"position\":3,\"name\":\"Prenumeration p\u00e5 Energy+\"}]},{\"@type\":\"WebSite\",\"@id\":\"https:\/\/www.homewizard.com\/sv\/#website\",\"url\":\"https:\/\/www.homewizard.com\/sv\/\",\"name\":\"HomeWizard\",\"description\":\"HomeWizard Energy\",\"publisher\":{\"@id\":\"https:\/\/www.homewizard.com\/sv\/#organization\"},\"potentialAction\":[{\"@type\":\"SearchAction\",\"target\":{\"@type\":\"EntryPoint\",\"urlTemplate\":\"https:\/\/www.homewizard.com\/sv\/?s={search_term_string}\"},\"query-input\":{\"@type\":\"PropertyValueSpecification\",\"valueRequired\":true,\"valueName\":\"search_term_string\"}}],\"inLanguage\":\"sv-SE\"},{\"@type\":\"Organization\",\"@id\":\"https:\/\/www.homewizard.com\/sv\/#organization\",\"name\":\"HomeWizard\",\"url\":\"https:\/\/www.homewizard.com\/sv\/\",\"logo\":{\"@type\":\"ImageObject\",\"inLanguage\":\"sv-SE\",\"@id\":\"https:\/\/www.homewizard.com\/sv\/#\/schema\/logo\/image\/\",\"url\":\"https:\/\/www.homewizard.com\/wp-content\/uploads\/2023\/06\/HomeWizard-icon-on-black.png\",\"contentUrl\":\"https:\/\/www.homewizard.com\/wp-content\/uploads\/2023\/06\/HomeWizard-icon-on-black.png\",\"width\":500,\"height\":500,\"caption\":\"HomeWizard\"},\"image\":{\"@id\":\"https:\/\/www.homewizard.com\/sv\/#\/schema\/logo\/image\/\"},\"sameAs\":[\"https:\/\/www.facebook.com\/HomeWizardBV\/\",\"https:\/\/x.com\/HomeWizard_NL\",\"https:\/\/www.youtube.com\/HomeWizardBV\",\"https:\/\/www.instagram.com\/homewizardenergy\/\"]}]}<\/script>\n<!-- \/ Yoast SEO plugin. -->","yoast_head_json":{"title":"Energy+-prenumeration (12 m\u00e5nader) - HomeWizard","description":"F\u00e5 \u00e4nnu mer information om energif\u00f6rbrukningen med en \u00e5rsprenumeration p\u00e5 endast 139 kr. \u2713 Standby-f\u00f6rbrukning. \u2713 Aviseringar om avvikande energif\u00f6rbrukning. \u2713 Smart switching.","robots":{"index":"index","follow":"follow","max-snippet":"max-snippet:-1","max-image-preview":"max-image-preview:large","max-video-preview":"max-video-preview:-1"},"canonical":"https:\/\/www.homewizard.com\/sv\/butik\/energy-plus\/","og_locale":"sv_SE","og_type":"article","og_title":"Energy+-prenumeration (12 m\u00e5nader) - HomeWizard","og_description":"F\u00e5 \u00e4nnu mer information om energif\u00f6rbrukningen med en \u00e5rsprenumeration p\u00e5 endast 139 kr. \u2713 Standby-f\u00f6rbrukning. \u2713 Aviseringar om avvikande energif\u00f6rbrukning. \u2713 Smart switching.","og_url":"https:\/\/www.homewizard.com\/sv\/butik\/energy-plus\/","og_site_name":"HomeWizard","article_publisher":"https:\/\/www.facebook.com\/HomeWizardBV\/","article_modified_time":"2026-03-25T09:34:57+00:00","og_image":[{"width":600,"height":600,"url":"https:\/\/www.homewizard.com\/wp-content\/uploads\/2023\/03\/HomeWizard-Energy-logo-png-2023.png","type":"image\/png"}],"twitter_card":"summary_large_image","twitter_site":"@HomeWizard_NL","twitter_misc":{"Ber\u00e4knad l\u00e4stid":"2 minuter"},"schema":{"@context":"https:\/\/schema.org","@graph":[{"@type":"WebPage","@id":"https:\/\/www.homewizard.com\/sv\/butik\/energy-plus\/","url":"https:\/\/www.homewizard.com\/sv\/butik\/energy-plus\/","name":"Energy+-prenumeration (12 m\u00e5nader) - HomeWizard","isPartOf":{"@id":"https:\/\/www.homewizard.com\/sv\/#website"},"primaryImageOfPage":{"@id":"https:\/\/www.homewizard.com\/sv\/butik\/energy-plus\/#primaryimage"},"image":{"@id":"https:\/\/www.homewizard.com\/sv\/butik\/energy-plus\/#primaryimage"},"thumbnailUrl":"https:\/\/www.homewizard.com\/wp-content\/uploads\/2023\/03\/HomeWizard-Energy-logo-png-2023.png","datePublished":"2023-03-21T10:12:08+00:00","dateModified":"2026-03-25T09:34:57+00:00","description":"F\u00e5 \u00e4nnu mer information om energif\u00f6rbrukningen med en \u00e5rsprenumeration p\u00e5 endast 139 kr. \u2713 Standby-f\u00f6rbrukning. \u2713 Aviseringar om avvikande energif\u00f6rbrukning. \u2713 Smart switching.","breadcrumb":{"@id":"https:\/\/www.homewizard.com\/sv\/butik\/energy-plus\/#breadcrumb"},"inLanguage":"sv-SE","potentialAction":[{"@type":"ReadAction","target":["https:\/\/www.homewizard.com\/sv\/butik\/energy-plus\/"]}]},{"@type":"ImageObject","inLanguage":"sv-SE","@id":"https:\/\/www.homewizard.com\/sv\/butik\/energy-plus\/#primaryimage","url":"https:\/\/www.homewizard.com\/wp-content\/uploads\/2023\/03\/HomeWizard-Energy-logo-png-2023.png","contentUrl":"https:\/\/www.homewizard.com\/wp-content\/uploads\/2023\/03\/HomeWizard-Energy-logo-png-2023.png","width":600,"height":600},{"@type":"BreadcrumbList","@id":"https:\/\/www.homewizard.com\/sv\/butik\/energy-plus\/#breadcrumb","itemListElement":[{"@type":"ListItem","position":1,"name":"Home","item":"https:\/\/www.homewizard.com\/sv\/"},{"@type":"ListItem","position":2,"name":"Butik","item":"https:\/\/www.homewizard.com\/sv\/butik\/"},{"@type":"ListItem","position":3,"name":"Prenumeration p\u00e5 Energy+"}]},{"@type":"WebSite","@id":"https:\/\/www.homewizard.com\/sv\/#website","url":"https:\/\/www.homewizard.com\/sv\/","name":"HomeWizard","description":"HomeWizard Energy","publisher":{"@id":"https:\/\/www.homewizard.com\/sv\/#organization"},"potentialAction":[{"@type":"SearchAction","target":{"@type":"EntryPoint","urlTemplate":"https:\/\/www.homewizard.com\/sv\/?s={search_term_string}"},"query-input":{"@type":"PropertyValueSpecification","valueRequired":true,"valueName":"search_term_string"}}],"inLanguage":"sv-SE"},{"@type":"Organization","@id":"https:\/\/www.homewizard.com\/sv\/#organization","name":"HomeWizard","url":"https:\/\/www.homewizard.com\/sv\/","logo":{"@type":"ImageObject","inLanguage":"sv-SE","@id":"https:\/\/www.homewizard.com\/sv\/#\/schema\/logo\/image\/","url":"https:\/\/www.homewizard.com\/wp-content\/uploads\/2023\/06\/HomeWizard-icon-on-black.png","contentUrl":"https:\/\/www.homewizard.com\/wp-content\/uploads\/2023\/06\/HomeWizard-icon-on-black.png","width":500,"height":500,"caption":"HomeWizard"},"image":{"@id":"https:\/\/www.homewizard.com\/sv\/#\/schema\/logo\/image\/"},"sameAs":["https:\/\/www.facebook.com\/HomeWizardBV\/","https:\/\/x.com\/HomeWizard_NL","https:\/\/www.youtube.com\/HomeWizardBV","https:\/\/www.instagram.com\/homewizardenergy\/"]}]}},"_links":{"self":[{"href":"https:\/\/www.homewizard.com\/sv\/wp-json\/wp\/v2\/product\/339338","targetHints":{"allow":["GET"]}}],"collection":[{"href":"https:\/\/www.homewizard.com\/sv\/wp-json\/wp\/v2\/product"}],"about":[{"href":"https:\/\/www.homewizard.com\/sv\/wp-json\/wp\/v2\/types\/product"}],"wp:featuredmedia":[{"embeddable":true,"href":"https:\/\/www.homewizard.com\/sv\/wp-json\/wp\/v2\/media\/369891"}],"wp:attachment":[{"href":"https:\/\/www.homewizard.com\/sv\/wp-json\/wp\/v2\/media?parent=339338"}],"wp:term":[{"taxonomy":"product_brand","embeddable":true,"href":"https:\/\/www.homewizard.com\/sv\/wp-json\/wp\/v2\/product_brand?post=339338"},{"taxonomy":"product_cat","embeddable":true,"href":"https:\/\/www.homewizard.com\/sv\/wp-json\/wp\/v2\/product_cat?post=339338"},{"taxonomy":"product_tag","embeddable":true,"href":"https:\/\/www.homewizard.com\/sv\/wp-json\/wp\/v2\/product_tag?post=339338"}],"curies":[{"name":"wp","href":"https:\/\/api.w.org\/{rel}","templated":true}]}}