{"id":339305,"date":"2021-12-07T15:32:03","date_gmt":"2021-12-07T14:32:03","guid":{"rendered":"https:\/\/www.homewizard.com\/shop\/aktiv-p1-grenare\/"},"modified":"2026-04-30T13:49:05","modified_gmt":"2026-04-30T11:49:05","slug":"aktiv-p1-grenare","status":"publish","type":"product","link":"https:\/\/www.homewizard.com\/sv\/butik\/aktiv-p1-grenare\/","title":{"rendered":"P1 Splitter (RJ12)"},"content":{"rendered":"\n<p class=\" eplus-wrapper\">G\u00f6r 1 P1-port till 3 P1-portar. Du kan till exempel anv\u00e4nda en HomeWizard P1 Meter tillsammans med en laddningsstation, Eneco Toon eller andra P1-enheter.<\/p>\n\n<h2 class=\" wp-block-heading eplus-wrapper\">Fungerar med alla smartm\u00e4tare och P1-enheter.<\/h2>\n\n<p class=\" eplus-wrapper\">HomeWizard P1-grenaren skapar 3 isolerade P1-datasignaler. D\u00e4rf\u00f6r fungerar P1 Meter felfritt och tillf\u00f6rlitligt med alla laddningsstationer, Eneco Toon och andra P1-enheter, till skillnad fr\u00e5n vanliga grenare.<\/p>\n\n<h2 class=\" wp-block-heading eplus-wrapper\">Inbyggda signalf\u00f6rst\u00e4rkare.<\/h2>\n\n<p class=\" eplus-wrapper\">Grenaren kan f\u00f6rst\u00e4rka inkommande signaler med upp till 500 % f\u00f6r en tillf\u00f6rlitlig anslutning. F\u00f6rst\u00e4rkarna g\u00f6r det ocks\u00e5 m\u00f6jligt att ansluta P1-enheter p\u00e5 l\u00e5nga avst\u00e5nd.<\/p>\n\n<div class=\" wp-block-media-text has-media-on-the-right is-stacked-on-mobile eplus-wrapper\" style=\"grid-template-columns:auto 40%\"><div class=\"wp-block-media-text__content\">\n<h2 class=\" wp-block-heading eplus-wrapper\">Flexibel str\u00f6mf\u00f6rs\u00f6rjning.<\/h2>\n\n\n\n<p class=\" eplus-wrapper\">P1-grenaren kan str\u00f6mf\u00f6rs\u00f6rjas p\u00e5 olika s\u00e4tt.<\/p>\n\n\n<ul class=\" wp-block-list eplus-wrapper eplus-styles-uid-fba222\">\n<li class=\" eplus-wrapper\"><strong>Smartm\u00e4tare: <\/strong>Via P1-kabeln i en smartm\u00e4tare (SMR 5 eller h\u00f6gre). Ingen extern str\u00f6mf\u00f6rs\u00f6rjning kr\u00e4vs.<\/li>\n\n\n\n<li class=\" eplus-wrapper\"><strong>USB-C<\/strong>: En extern n\u00e4tadapter (5V 1A).<\/li>\n\n\n\n<li class=\" eplus-wrapper\"><strong>P1 Meter<\/strong>: P\u00e5 en av portarna via en HomeWizard P1-m\u00e4tare med USB-anslutning.<\/li>\n<\/ul><\/div><figure class=\"wp-block-media-text__media\"><img loading=\"lazy\" decoding=\"async\" width=\"1024\" height=\"1024\" src=\"https:\/\/www.homewizard.com\/wp-content\/uploads\/2021\/12\/P1_splitter_angle-1024x1024.png\" alt=\"P1 Splitter\" class=\"wp-image-4654 size-full\" srcset=\"https:\/\/www.homewizard.com\/wp-content\/uploads\/2021\/12\/P1_splitter_angle-1024x1024.png 1024w, https:\/\/www.homewizard.com\/wp-content\/uploads\/2021\/12\/P1_splitter_angle-500x500.png 500w, https:\/\/www.homewizard.com\/wp-content\/uploads\/2021\/12\/P1_splitter_angle-124x124.png 124w, https:\/\/www.homewizard.com\/wp-content\/uploads\/2021\/12\/P1_splitter_angle-800x800.png 800w, https:\/\/www.homewizard.com\/wp-content\/uploads\/2021\/12\/P1_splitter_angle-300x300.png 300w, https:\/\/www.homewizard.com\/wp-content\/uploads\/2021\/12\/P1_splitter_angle-150x150.png 150w, https:\/\/www.homewizard.com\/wp-content\/uploads\/2021\/12\/P1_splitter_angle-768x768.png 768w, https:\/\/www.homewizard.com\/wp-content\/uploads\/2021\/12\/P1_splitter_angle-400x400.png 400w, https:\/\/www.homewizard.com\/wp-content\/uploads\/2021\/12\/P1_splitter_angle-600x600.png 600w\" sizes=\"auto, (max-width: 1024px) 100vw, 1024px\" \/><\/figure><\/div>\n\n<h2 class=\" wp-block-heading eplus-wrapper\">Kontrollera omedelbart om allt fungerar.<\/h2>\n\n<p class=\" eplus-wrapper\">Kontrollera enkelt om din P1-port eller dina P1-enheter fungerar. PWR LED-lampan visar att grenaren fungerar (orange) och om grenarf\u00f6rst\u00e4rkarna \u00e4r p\u00e5 (gr\u00f6n). Du kan se n\u00e4r anslutna enheter beg\u00e4r data och vilken datafrekvens p1-porten (P1 in) har. P\u00e5 s\u00e5 s\u00e4tt kan du se direkt p\u00e5 grenaren om dina anslutna enheter och kablar fungerar korrekt.<\/p>\n\n<h2 class=\" wp-block-heading eplus-wrapper\">I huvudstr\u00f6mbrytaren<\/h2>\n<ul class=\" wp-block-list eplus-wrapper eplus-styles-uid-f95907\">\n<li class=\" eplus-wrapper\">P1 Splitter<\/li>\n\n\n\n<li class=\" eplus-wrapper\">RJ12-kabel<\/li>\n<\/ul>","protected":false},"excerpt":{"rendered":"<p>Anslut flera enheter till din P1-port.<\/p>\n","protected":false},"featured_media":291867,"template":"","meta":{"_acf_changed":false,"editor_plus_copied_stylings":"{}"},"product_brand":[],"product_cat":[166,173],"product_tag":[],"class_list":{"0":"post-339305","1":"product","2":"type-product","3":"status-publish","4":"has-post-thumbnail","6":"product_cat-alla","7":"product_cat-produkter","9":"first","10":"onbackorder","11":"taxable","12":"shipping-taxable","13":"purchasable","14":"product-type-simple"},"acf":[],"yoast_head":"<!-- This site is optimized with the Yoast SEO plugin v27.0 - https:\/\/yoast.com\/product\/yoast-seo-wordpress\/ -->\n<title>Tilaa P1 Splitter kaupastamme - HomeWizard<\/title>\n<meta name=\"description\" content=\"Ut\u00f6ka P1-porten p\u00e5 din smartm\u00e4tare med den aktiva P1 Splitter. Anslut upp till 3 P1-enheter samtidigt.\" \/>\n<meta name=\"robots\" content=\"index, follow, max-snippet:-1, max-image-preview:large, max-video-preview:-1\" \/>\n<link rel=\"canonical\" href=\"https:\/\/www.homewizard.com\/sv\/butik\/aktiv-p1-grenare\/\" \/>\n<meta property=\"og:locale\" content=\"sv_SE\" \/>\n<meta property=\"og:type\" content=\"article\" \/>\n<meta property=\"og:title\" content=\"Tilaa P1 Splitter kaupastamme - HomeWizard\" \/>\n<meta property=\"og:description\" content=\"Ut\u00f6ka P1-porten p\u00e5 din smartm\u00e4tare med den aktiva P1 Splitter. Anslut upp till 3 P1-enheter samtidigt.\" \/>\n<meta property=\"og:url\" content=\"https:\/\/www.homewizard.com\/sv\/butik\/aktiv-p1-grenare\/\" \/>\n<meta property=\"og:site_name\" content=\"HomeWizard\" \/>\n<meta property=\"article:publisher\" content=\"https:\/\/www.facebook.com\/HomeWizardBV\/\" \/>\n<meta property=\"article:modified_time\" content=\"2026-04-30T11:49:05+00:00\" \/>\n<meta property=\"og:image\" content=\"https:\/\/www.homewizard.com\/wp-content\/uploads\/2021\/12\/Artboard.png\" \/>\n\t<meta property=\"og:image:width\" content=\"2400\" \/>\n\t<meta property=\"og:image:height\" content=\"2400\" \/>\n\t<meta property=\"og:image:type\" content=\"image\/png\" \/>\n<meta name=\"twitter:card\" content=\"summary_large_image\" \/>\n<meta name=\"twitter:site\" content=\"@HomeWizard_NL\" \/>\n<meta name=\"twitter:label1\" content=\"Ber\u00e4knad l\u00e4stid\" \/>\n\t<meta name=\"twitter:data1\" content=\"1 minut\" \/>\n<script type=\"application\/ld+json\" class=\"yoast-schema-graph\">{\"@context\":\"https:\/\/schema.org\",\"@graph\":[{\"@type\":\"WebPage\",\"@id\":\"https:\/\/www.homewizard.com\/sv\/butik\/aktiv-p1-grenare\/\",\"url\":\"https:\/\/www.homewizard.com\/sv\/butik\/aktiv-p1-grenare\/\",\"name\":\"Tilaa P1 Splitter kaupastamme - HomeWizard\",\"isPartOf\":{\"@id\":\"https:\/\/www.homewizard.com\/sv\/#website\"},\"primaryImageOfPage\":{\"@id\":\"https:\/\/www.homewizard.com\/sv\/butik\/aktiv-p1-grenare\/#primaryimage\"},\"image\":{\"@id\":\"https:\/\/www.homewizard.com\/sv\/butik\/aktiv-p1-grenare\/#primaryimage\"},\"thumbnailUrl\":\"https:\/\/www.homewizard.com\/wp-content\/uploads\/2021\/12\/Artboard.png\",\"datePublished\":\"2021-12-07T14:32:03+00:00\",\"dateModified\":\"2026-04-30T11:49:05+00:00\",\"description\":\"Ut\u00f6ka P1-porten p\u00e5 din smartm\u00e4tare med den aktiva P1 Splitter. Anslut upp till 3 P1-enheter samtidigt.\",\"breadcrumb\":{\"@id\":\"https:\/\/www.homewizard.com\/sv\/butik\/aktiv-p1-grenare\/#breadcrumb\"},\"inLanguage\":\"sv-SE\",\"potentialAction\":[{\"@type\":\"ReadAction\",\"target\":[\"https:\/\/www.homewizard.com\/sv\/butik\/aktiv-p1-grenare\/\"]}]},{\"@type\":\"ImageObject\",\"inLanguage\":\"sv-SE\",\"@id\":\"https:\/\/www.homewizard.com\/sv\/butik\/aktiv-p1-grenare\/#primaryimage\",\"url\":\"https:\/\/www.homewizard.com\/wp-content\/uploads\/2021\/12\/Artboard.png\",\"contentUrl\":\"https:\/\/www.homewizard.com\/wp-content\/uploads\/2021\/12\/Artboard.png\",\"width\":2400,\"height\":2400},{\"@type\":\"BreadcrumbList\",\"@id\":\"https:\/\/www.homewizard.com\/sv\/butik\/aktiv-p1-grenare\/#breadcrumb\",\"itemListElement\":[{\"@type\":\"ListItem\",\"position\":1,\"name\":\"Home\",\"item\":\"https:\/\/www.homewizard.com\/sv\/\"},{\"@type\":\"ListItem\",\"position\":2,\"name\":\"Butik\",\"item\":\"https:\/\/www.homewizard.com\/sv\/butik\/\"},{\"@type\":\"ListItem\",\"position\":3,\"name\":\"P1 Splitter (RJ12)\"}]},{\"@type\":\"WebSite\",\"@id\":\"https:\/\/www.homewizard.com\/sv\/#website\",\"url\":\"https:\/\/www.homewizard.com\/sv\/\",\"name\":\"HomeWizard\",\"description\":\"HomeWizard Energy\",\"publisher\":{\"@id\":\"https:\/\/www.homewizard.com\/sv\/#organization\"},\"potentialAction\":[{\"@type\":\"SearchAction\",\"target\":{\"@type\":\"EntryPoint\",\"urlTemplate\":\"https:\/\/www.homewizard.com\/sv\/?s={search_term_string}\"},\"query-input\":{\"@type\":\"PropertyValueSpecification\",\"valueRequired\":true,\"valueName\":\"search_term_string\"}}],\"inLanguage\":\"sv-SE\"},{\"@type\":\"Organization\",\"@id\":\"https:\/\/www.homewizard.com\/sv\/#organization\",\"name\":\"HomeWizard\",\"url\":\"https:\/\/www.homewizard.com\/sv\/\",\"logo\":{\"@type\":\"ImageObject\",\"inLanguage\":\"sv-SE\",\"@id\":\"https:\/\/www.homewizard.com\/sv\/#\/schema\/logo\/image\/\",\"url\":\"https:\/\/www.homewizard.com\/wp-content\/uploads\/2023\/06\/HomeWizard-icon-on-black.png\",\"contentUrl\":\"https:\/\/www.homewizard.com\/wp-content\/uploads\/2023\/06\/HomeWizard-icon-on-black.png\",\"width\":500,\"height\":500,\"caption\":\"HomeWizard\"},\"image\":{\"@id\":\"https:\/\/www.homewizard.com\/sv\/#\/schema\/logo\/image\/\"},\"sameAs\":[\"https:\/\/www.facebook.com\/HomeWizardBV\/\",\"https:\/\/x.com\/HomeWizard_NL\",\"https:\/\/www.youtube.com\/HomeWizardBV\",\"https:\/\/www.instagram.com\/homewizardenergy\/\"]}]}<\/script>\n<!-- \/ Yoast SEO plugin. -->","yoast_head_json":{"title":"Tilaa P1 Splitter kaupastamme - HomeWizard","description":"Ut\u00f6ka P1-porten p\u00e5 din smartm\u00e4tare med den aktiva P1 Splitter. Anslut upp till 3 P1-enheter samtidigt.","robots":{"index":"index","follow":"follow","max-snippet":"max-snippet:-1","max-image-preview":"max-image-preview:large","max-video-preview":"max-video-preview:-1"},"canonical":"https:\/\/www.homewizard.com\/sv\/butik\/aktiv-p1-grenare\/","og_locale":"sv_SE","og_type":"article","og_title":"Tilaa P1 Splitter kaupastamme - HomeWizard","og_description":"Ut\u00f6ka P1-porten p\u00e5 din smartm\u00e4tare med den aktiva P1 Splitter. Anslut upp till 3 P1-enheter samtidigt.","og_url":"https:\/\/www.homewizard.com\/sv\/butik\/aktiv-p1-grenare\/","og_site_name":"HomeWizard","article_publisher":"https:\/\/www.facebook.com\/HomeWizardBV\/","article_modified_time":"2026-04-30T11:49:05+00:00","og_image":[{"width":2400,"height":2400,"url":"https:\/\/www.homewizard.com\/wp-content\/uploads\/2021\/12\/Artboard.png","type":"image\/png"}],"twitter_card":"summary_large_image","twitter_site":"@HomeWizard_NL","twitter_misc":{"Ber\u00e4knad l\u00e4stid":"1 minut"},"schema":{"@context":"https:\/\/schema.org","@graph":[{"@type":"WebPage","@id":"https:\/\/www.homewizard.com\/sv\/butik\/aktiv-p1-grenare\/","url":"https:\/\/www.homewizard.com\/sv\/butik\/aktiv-p1-grenare\/","name":"Tilaa P1 Splitter kaupastamme - HomeWizard","isPartOf":{"@id":"https:\/\/www.homewizard.com\/sv\/#website"},"primaryImageOfPage":{"@id":"https:\/\/www.homewizard.com\/sv\/butik\/aktiv-p1-grenare\/#primaryimage"},"image":{"@id":"https:\/\/www.homewizard.com\/sv\/butik\/aktiv-p1-grenare\/#primaryimage"},"thumbnailUrl":"https:\/\/www.homewizard.com\/wp-content\/uploads\/2021\/12\/Artboard.png","datePublished":"2021-12-07T14:32:03+00:00","dateModified":"2026-04-30T11:49:05+00:00","description":"Ut\u00f6ka P1-porten p\u00e5 din smartm\u00e4tare med den aktiva P1 Splitter. Anslut upp till 3 P1-enheter samtidigt.","breadcrumb":{"@id":"https:\/\/www.homewizard.com\/sv\/butik\/aktiv-p1-grenare\/#breadcrumb"},"inLanguage":"sv-SE","potentialAction":[{"@type":"ReadAction","target":["https:\/\/www.homewizard.com\/sv\/butik\/aktiv-p1-grenare\/"]}]},{"@type":"ImageObject","inLanguage":"sv-SE","@id":"https:\/\/www.homewizard.com\/sv\/butik\/aktiv-p1-grenare\/#primaryimage","url":"https:\/\/www.homewizard.com\/wp-content\/uploads\/2021\/12\/Artboard.png","contentUrl":"https:\/\/www.homewizard.com\/wp-content\/uploads\/2021\/12\/Artboard.png","width":2400,"height":2400},{"@type":"BreadcrumbList","@id":"https:\/\/www.homewizard.com\/sv\/butik\/aktiv-p1-grenare\/#breadcrumb","itemListElement":[{"@type":"ListItem","position":1,"name":"Home","item":"https:\/\/www.homewizard.com\/sv\/"},{"@type":"ListItem","position":2,"name":"Butik","item":"https:\/\/www.homewizard.com\/sv\/butik\/"},{"@type":"ListItem","position":3,"name":"P1 Splitter (RJ12)"}]},{"@type":"WebSite","@id":"https:\/\/www.homewizard.com\/sv\/#website","url":"https:\/\/www.homewizard.com\/sv\/","name":"HomeWizard","description":"HomeWizard Energy","publisher":{"@id":"https:\/\/www.homewizard.com\/sv\/#organization"},"potentialAction":[{"@type":"SearchAction","target":{"@type":"EntryPoint","urlTemplate":"https:\/\/www.homewizard.com\/sv\/?s={search_term_string}"},"query-input":{"@type":"PropertyValueSpecification","valueRequired":true,"valueName":"search_term_string"}}],"inLanguage":"sv-SE"},{"@type":"Organization","@id":"https:\/\/www.homewizard.com\/sv\/#organization","name":"HomeWizard","url":"https:\/\/www.homewizard.com\/sv\/","logo":{"@type":"ImageObject","inLanguage":"sv-SE","@id":"https:\/\/www.homewizard.com\/sv\/#\/schema\/logo\/image\/","url":"https:\/\/www.homewizard.com\/wp-content\/uploads\/2023\/06\/HomeWizard-icon-on-black.png","contentUrl":"https:\/\/www.homewizard.com\/wp-content\/uploads\/2023\/06\/HomeWizard-icon-on-black.png","width":500,"height":500,"caption":"HomeWizard"},"image":{"@id":"https:\/\/www.homewizard.com\/sv\/#\/schema\/logo\/image\/"},"sameAs":["https:\/\/www.facebook.com\/HomeWizardBV\/","https:\/\/x.com\/HomeWizard_NL","https:\/\/www.youtube.com\/HomeWizardBV","https:\/\/www.instagram.com\/homewizardenergy\/"]}]}},"_links":{"self":[{"href":"https:\/\/www.homewizard.com\/sv\/wp-json\/wp\/v2\/product\/339305","targetHints":{"allow":["GET"]}}],"collection":[{"href":"https:\/\/www.homewizard.com\/sv\/wp-json\/wp\/v2\/product"}],"about":[{"href":"https:\/\/www.homewizard.com\/sv\/wp-json\/wp\/v2\/types\/product"}],"wp:featuredmedia":[{"embeddable":true,"href":"https:\/\/www.homewizard.com\/sv\/wp-json\/wp\/v2\/media\/291867"}],"wp:attachment":[{"href":"https:\/\/www.homewizard.com\/sv\/wp-json\/wp\/v2\/media?parent=339305"}],"wp:term":[{"taxonomy":"product_brand","embeddable":true,"href":"https:\/\/www.homewizard.com\/sv\/wp-json\/wp\/v2\/product_brand?post=339305"},{"taxonomy":"product_cat","embeddable":true,"href":"https:\/\/www.homewizard.com\/sv\/wp-json\/wp\/v2\/product_cat?post=339305"},{"taxonomy":"product_tag","embeddable":true,"href":"https:\/\/www.homewizard.com\/sv\/wp-json\/wp\/v2\/product_tag?post=339305"}],"curies":[{"name":"wp","href":"https:\/\/api.w.org\/{rel}","templated":true}]}}