{"id":339300,"date":"2021-12-06T17:16:49","date_gmt":"2021-12-06T16:16:49","guid":{"rendered":"https:\/\/www.homewizard.com\/shop\/wifi-kwh-enfasmatare\/"},"modified":"2026-04-22T10:51:58","modified_gmt":"2026-04-22T08:51:58","slug":"wifi-kwh-enfasmatare","status":"publish","type":"product","link":"https:\/\/www.homewizard.com\/sv\/butik\/wifi-kwh-enfasmatare\/","title":{"rendered":"Wifi kWh-enfasm\u00e4tare MID"},"content":{"rendered":"\n<p class=\" eplus-wrapper\">F\u00f6r dagens huvudstr\u00f6mbrytare! HomeWizard tillverkade v\u00e4rldens f\u00f6rsta MID-godk\u00e4nda Wifi kWh-m\u00e4tare i samarbete med Eastron. Ta reda p\u00e5 mer om dina solceller, din v\u00e4rmepump, din elbil med mera.<\/p>\n\n<p class=\" eplus-wrapper\"><\/p>\n\n<h2 class=\" wp-block-heading eplus-wrapper\">Flera anv\u00e4ndningsomr\u00e5den<\/h2>\n<ul class=\"eplus-wrapper wp-block-list eplus-styles-uid-302f43\">\n<li class=\" eplus-wrapper\"><strong>Solceller<\/strong>: Se exakt hur mycket str\u00f6m dina solceller producerar.<\/li>\n\n\n\n<li class=\" eplus-wrapper\"><strong>Bostad<\/strong>: M\u00e4t hur mycket energi som dras fr\u00e5n eln\u00e4tet och hur mycket du tillf\u00f6r genom att koppla kWh-m\u00e4taren till din eln\u00e4tanslutning.<\/li>\n\n\n\n<li class=\" eplus-wrapper\"><strong>Elbil<\/strong>: H\u00e5ll koll p\u00e5 kostnaderna f\u00f6r att ladda din elbil. Har du ett hyresavtal? kWh-m\u00e4taren kan anv\u00e4ndas f\u00f6r att fakturera. (MID-certifierad)<\/li>\n\n\n\n<li class=\" eplus-wrapper\"><strong>V\u00e4rmepump<\/strong>: M\u00e4t den energi som anv\u00e4nds f\u00f6r att v\u00e4rma upp ditt hem.<\/li>\n\n\n\n<li class=\" eplus-wrapper\"><strong>F\u00f6r installeraren<\/strong>: Fj\u00e4rrinsikt \u00f6ver driften och prestandan hos dina installationer.<\/li>\n<\/ul><div class=\"wp-block-image is-resized\">\n<figure class=\"aligncenter size-large eplus-wrapper\"><img loading=\"lazy\" decoding=\"async\" width=\"1024\" height=\"1024\" src=\"https:\/\/cdn.homewizard.com\/wp-content\/uploads\/2024\/04\/kWh_Meter_3-phase_HW_app_EN-1024x1024.png\" alt=\"\" class=\"wp-image-621149\" srcset=\"https:\/\/www.homewizard.com\/wp-content\/uploads\/2024\/04\/kWh_Meter_3-phase_HW_app_EN-1024x1024.png 1024w, https:\/\/www.homewizard.com\/wp-content\/uploads\/2024\/04\/kWh_Meter_3-phase_HW_app_EN-300x300.png 300w, https:\/\/www.homewizard.com\/wp-content\/uploads\/2024\/04\/kWh_Meter_3-phase_HW_app_EN-150x150.png 150w, https:\/\/www.homewizard.com\/wp-content\/uploads\/2024\/04\/kWh_Meter_3-phase_HW_app_EN-768x768.png 768w, https:\/\/www.homewizard.com\/wp-content\/uploads\/2024\/04\/kWh_Meter_3-phase_HW_app_EN-500x500.png 500w, https:\/\/www.homewizard.com\/wp-content\/uploads\/2024\/04\/kWh_Meter_3-phase_HW_app_EN-800x800.png 800w, https:\/\/www.homewizard.com\/wp-content\/uploads\/2024\/04\/kWh_Meter_3-phase_HW_app_EN-124x124.png 124w\" sizes=\"auto, (max-width: 1024px) 100vw, 1024px\" \/><\/figure>\n<\/div>\n<h2 class=\" wp-block-heading eplus-wrapper\">Flexibel installation med wifi<\/h2>\n\n<p class=\" eplus-wrapper\">kWh-m\u00e4taren har ett inbyggt wifi och kan installeras bredvid din anl\u00e4ggning i huvudstr\u00f6mbrytaren. Ingen plats? Den kan ocks\u00e5 placeras bredvid konverteraren p\u00e5 vinden, i laddningsstationen eller i ditt eget kopplingssk\u00e5p.<\/p>\n\n<h2 class=\" wp-block-heading eplus-wrapper\">I huvudstr\u00f6mbrytaren<\/h2>\n<ul class=\"eplus-wrapper wp-block-list eplus-styles-uid-969f1e\">\n<li class=\" eplus-wrapper\">kWh Meter<\/li>\n\n\n\n<li class=\" eplus-wrapper\">Snabbstartsguide<br><\/li>\n<\/ul>\n<p class=\" eplus-wrapper\"><a href=\"https:\/\/www.homewizard.com\/sv\/kwh-matare\/\">Mer information om kWh-m\u00e4taren<\/a><\/p>\n\n<p class=\" eplus-wrapper\"><\/p>\n","protected":false},"excerpt":{"rendered":"<p>M\u00e4t solceller, billaddare med mera.<\/p>\n","protected":false},"featured_media":621193,"template":"","meta":{"_acf_changed":false,"editor_plus_copied_stylings":"{}"},"product_brand":[],"product_cat":[166,173],"product_tag":[],"class_list":{"0":"post-339300","1":"product","2":"type-product","3":"status-publish","4":"has-post-thumbnail","6":"product_cat-alla","7":"product_cat-produkter","9":"first","10":"instock","11":"taxable","12":"shipping-taxable","13":"purchasable","14":"product-type-simple"},"acf":[],"yoast_head":"<!-- This site is optimized with the Yoast SEO plugin v27.0 - https:\/\/yoast.com\/product\/yoast-seo-wordpress\/ -->\n<title>Wifi kWh-enfasm\u00e4tare MID - HomeWizard<\/title>\n<meta name=\"description\" content=\"M\u00e4t energif\u00f6rbrukningen f\u00f6r varje enhet med HomeWizard Wifi kWh-m\u00e4taren. Visa f\u00f6rbrukningen i realtid eller granska vackra historikgrafer i Energy-appen.\" \/>\n<meta name=\"robots\" content=\"index, follow, max-snippet:-1, max-image-preview:large, max-video-preview:-1\" \/>\n<link rel=\"canonical\" href=\"https:\/\/www.homewizard.com\/sv\/butik\/wifi-kwh-enfasmatare\/\" \/>\n<meta property=\"og:locale\" content=\"sv_SE\" \/>\n<meta property=\"og:type\" content=\"article\" \/>\n<meta property=\"og:title\" content=\"Wifi kWh-enfasm\u00e4tare MID - HomeWizard\" \/>\n<meta property=\"og:description\" content=\"M\u00e4t energif\u00f6rbrukningen f\u00f6r varje enhet med HomeWizard Wifi kWh-m\u00e4taren. Visa f\u00f6rbrukningen i realtid eller granska vackra historikgrafer i Energy-appen.\" \/>\n<meta property=\"og:url\" content=\"https:\/\/www.homewizard.com\/sv\/butik\/wifi-kwh-enfasmatare\/\" \/>\n<meta property=\"og:site_name\" content=\"HomeWizard\" \/>\n<meta property=\"article:publisher\" content=\"https:\/\/www.facebook.com\/HomeWizardBV\/\" \/>\n<meta property=\"article:modified_time\" content=\"2026-04-22T08:51:58+00:00\" \/>\n<meta property=\"og:image\" content=\"https:\/\/www.homewizard.com\/wp-content\/uploads\/2021\/12\/kWh-Meter-1-phase-HW-shop.png\" \/>\n\t<meta property=\"og:image:width\" content=\"800\" \/>\n\t<meta property=\"og:image:height\" content=\"800\" \/>\n\t<meta property=\"og:image:type\" content=\"image\/png\" \/>\n<meta name=\"twitter:card\" content=\"summary_large_image\" \/>\n<meta name=\"twitter:site\" content=\"@HomeWizard_NL\" \/>\n<meta name=\"twitter:label1\" content=\"Ber\u00e4knad l\u00e4stid\" \/>\n\t<meta name=\"twitter:data1\" content=\"1 minut\" \/>\n<script type=\"application\/ld+json\" class=\"yoast-schema-graph\">{\"@context\":\"https:\/\/schema.org\",\"@graph\":[{\"@type\":\"WebPage\",\"@id\":\"https:\/\/www.homewizard.com\/sv\/butik\/wifi-kwh-enfasmatare\/\",\"url\":\"https:\/\/www.homewizard.com\/sv\/butik\/wifi-kwh-enfasmatare\/\",\"name\":\"Wifi kWh-enfasm\u00e4tare MID - HomeWizard\",\"isPartOf\":{\"@id\":\"https:\/\/www.homewizard.com\/sv\/#website\"},\"primaryImageOfPage\":{\"@id\":\"https:\/\/www.homewizard.com\/sv\/butik\/wifi-kwh-enfasmatare\/#primaryimage\"},\"image\":{\"@id\":\"https:\/\/www.homewizard.com\/sv\/butik\/wifi-kwh-enfasmatare\/#primaryimage\"},\"thumbnailUrl\":\"https:\/\/www.homewizard.com\/wp-content\/uploads\/2021\/12\/kWh-Meter-1-phase-HW-shop.png\",\"datePublished\":\"2021-12-06T16:16:49+00:00\",\"dateModified\":\"2026-04-22T08:51:58+00:00\",\"description\":\"M\u00e4t energif\u00f6rbrukningen f\u00f6r varje enhet med HomeWizard Wifi kWh-m\u00e4taren. Visa f\u00f6rbrukningen i realtid eller granska vackra historikgrafer i Energy-appen.\",\"breadcrumb\":{\"@id\":\"https:\/\/www.homewizard.com\/sv\/butik\/wifi-kwh-enfasmatare\/#breadcrumb\"},\"inLanguage\":\"sv-SE\",\"potentialAction\":[{\"@type\":\"ReadAction\",\"target\":[\"https:\/\/www.homewizard.com\/sv\/butik\/wifi-kwh-enfasmatare\/\"]}]},{\"@type\":\"ImageObject\",\"inLanguage\":\"sv-SE\",\"@id\":\"https:\/\/www.homewizard.com\/sv\/butik\/wifi-kwh-enfasmatare\/#primaryimage\",\"url\":\"https:\/\/www.homewizard.com\/wp-content\/uploads\/2021\/12\/kWh-Meter-1-phase-HW-shop.png\",\"contentUrl\":\"https:\/\/www.homewizard.com\/wp-content\/uploads\/2021\/12\/kWh-Meter-1-phase-HW-shop.png\",\"width\":800,\"height\":800},{\"@type\":\"BreadcrumbList\",\"@id\":\"https:\/\/www.homewizard.com\/sv\/butik\/wifi-kwh-enfasmatare\/#breadcrumb\",\"itemListElement\":[{\"@type\":\"ListItem\",\"position\":1,\"name\":\"Home\",\"item\":\"https:\/\/www.homewizard.com\/sv\/\"},{\"@type\":\"ListItem\",\"position\":2,\"name\":\"Butik\",\"item\":\"https:\/\/www.homewizard.com\/sv\/butik\/\"},{\"@type\":\"ListItem\",\"position\":3,\"name\":\"Wifi kWh-enfasm\u00e4tare MID\"}]},{\"@type\":\"WebSite\",\"@id\":\"https:\/\/www.homewizard.com\/sv\/#website\",\"url\":\"https:\/\/www.homewizard.com\/sv\/\",\"name\":\"HomeWizard\",\"description\":\"HomeWizard Energy\",\"publisher\":{\"@id\":\"https:\/\/www.homewizard.com\/sv\/#organization\"},\"potentialAction\":[{\"@type\":\"SearchAction\",\"target\":{\"@type\":\"EntryPoint\",\"urlTemplate\":\"https:\/\/www.homewizard.com\/sv\/?s={search_term_string}\"},\"query-input\":{\"@type\":\"PropertyValueSpecification\",\"valueRequired\":true,\"valueName\":\"search_term_string\"}}],\"inLanguage\":\"sv-SE\"},{\"@type\":\"Organization\",\"@id\":\"https:\/\/www.homewizard.com\/sv\/#organization\",\"name\":\"HomeWizard\",\"url\":\"https:\/\/www.homewizard.com\/sv\/\",\"logo\":{\"@type\":\"ImageObject\",\"inLanguage\":\"sv-SE\",\"@id\":\"https:\/\/www.homewizard.com\/sv\/#\/schema\/logo\/image\/\",\"url\":\"https:\/\/www.homewizard.com\/wp-content\/uploads\/2023\/06\/HomeWizard-icon-on-black.png\",\"contentUrl\":\"https:\/\/www.homewizard.com\/wp-content\/uploads\/2023\/06\/HomeWizard-icon-on-black.png\",\"width\":500,\"height\":500,\"caption\":\"HomeWizard\"},\"image\":{\"@id\":\"https:\/\/www.homewizard.com\/sv\/#\/schema\/logo\/image\/\"},\"sameAs\":[\"https:\/\/www.facebook.com\/HomeWizardBV\/\",\"https:\/\/x.com\/HomeWizard_NL\",\"https:\/\/www.youtube.com\/HomeWizardBV\",\"https:\/\/www.instagram.com\/homewizardenergy\/\"]}]}<\/script>\n<!-- \/ Yoast SEO plugin. -->","yoast_head_json":{"title":"Wifi kWh-enfasm\u00e4tare MID - HomeWizard","description":"M\u00e4t energif\u00f6rbrukningen f\u00f6r varje enhet med HomeWizard Wifi kWh-m\u00e4taren. Visa f\u00f6rbrukningen i realtid eller granska vackra historikgrafer i Energy-appen.","robots":{"index":"index","follow":"follow","max-snippet":"max-snippet:-1","max-image-preview":"max-image-preview:large","max-video-preview":"max-video-preview:-1"},"canonical":"https:\/\/www.homewizard.com\/sv\/butik\/wifi-kwh-enfasmatare\/","og_locale":"sv_SE","og_type":"article","og_title":"Wifi kWh-enfasm\u00e4tare MID - HomeWizard","og_description":"M\u00e4t energif\u00f6rbrukningen f\u00f6r varje enhet med HomeWizard Wifi kWh-m\u00e4taren. Visa f\u00f6rbrukningen i realtid eller granska vackra historikgrafer i Energy-appen.","og_url":"https:\/\/www.homewizard.com\/sv\/butik\/wifi-kwh-enfasmatare\/","og_site_name":"HomeWizard","article_publisher":"https:\/\/www.facebook.com\/HomeWizardBV\/","article_modified_time":"2026-04-22T08:51:58+00:00","og_image":[{"width":800,"height":800,"url":"https:\/\/www.homewizard.com\/wp-content\/uploads\/2021\/12\/kWh-Meter-1-phase-HW-shop.png","type":"image\/png"}],"twitter_card":"summary_large_image","twitter_site":"@HomeWizard_NL","twitter_misc":{"Ber\u00e4knad l\u00e4stid":"1 minut"},"schema":{"@context":"https:\/\/schema.org","@graph":[{"@type":"WebPage","@id":"https:\/\/www.homewizard.com\/sv\/butik\/wifi-kwh-enfasmatare\/","url":"https:\/\/www.homewizard.com\/sv\/butik\/wifi-kwh-enfasmatare\/","name":"Wifi kWh-enfasm\u00e4tare MID - HomeWizard","isPartOf":{"@id":"https:\/\/www.homewizard.com\/sv\/#website"},"primaryImageOfPage":{"@id":"https:\/\/www.homewizard.com\/sv\/butik\/wifi-kwh-enfasmatare\/#primaryimage"},"image":{"@id":"https:\/\/www.homewizard.com\/sv\/butik\/wifi-kwh-enfasmatare\/#primaryimage"},"thumbnailUrl":"https:\/\/www.homewizard.com\/wp-content\/uploads\/2021\/12\/kWh-Meter-1-phase-HW-shop.png","datePublished":"2021-12-06T16:16:49+00:00","dateModified":"2026-04-22T08:51:58+00:00","description":"M\u00e4t energif\u00f6rbrukningen f\u00f6r varje enhet med HomeWizard Wifi kWh-m\u00e4taren. Visa f\u00f6rbrukningen i realtid eller granska vackra historikgrafer i Energy-appen.","breadcrumb":{"@id":"https:\/\/www.homewizard.com\/sv\/butik\/wifi-kwh-enfasmatare\/#breadcrumb"},"inLanguage":"sv-SE","potentialAction":[{"@type":"ReadAction","target":["https:\/\/www.homewizard.com\/sv\/butik\/wifi-kwh-enfasmatare\/"]}]},{"@type":"ImageObject","inLanguage":"sv-SE","@id":"https:\/\/www.homewizard.com\/sv\/butik\/wifi-kwh-enfasmatare\/#primaryimage","url":"https:\/\/www.homewizard.com\/wp-content\/uploads\/2021\/12\/kWh-Meter-1-phase-HW-shop.png","contentUrl":"https:\/\/www.homewizard.com\/wp-content\/uploads\/2021\/12\/kWh-Meter-1-phase-HW-shop.png","width":800,"height":800},{"@type":"BreadcrumbList","@id":"https:\/\/www.homewizard.com\/sv\/butik\/wifi-kwh-enfasmatare\/#breadcrumb","itemListElement":[{"@type":"ListItem","position":1,"name":"Home","item":"https:\/\/www.homewizard.com\/sv\/"},{"@type":"ListItem","position":2,"name":"Butik","item":"https:\/\/www.homewizard.com\/sv\/butik\/"},{"@type":"ListItem","position":3,"name":"Wifi kWh-enfasm\u00e4tare MID"}]},{"@type":"WebSite","@id":"https:\/\/www.homewizard.com\/sv\/#website","url":"https:\/\/www.homewizard.com\/sv\/","name":"HomeWizard","description":"HomeWizard Energy","publisher":{"@id":"https:\/\/www.homewizard.com\/sv\/#organization"},"potentialAction":[{"@type":"SearchAction","target":{"@type":"EntryPoint","urlTemplate":"https:\/\/www.homewizard.com\/sv\/?s={search_term_string}"},"query-input":{"@type":"PropertyValueSpecification","valueRequired":true,"valueName":"search_term_string"}}],"inLanguage":"sv-SE"},{"@type":"Organization","@id":"https:\/\/www.homewizard.com\/sv\/#organization","name":"HomeWizard","url":"https:\/\/www.homewizard.com\/sv\/","logo":{"@type":"ImageObject","inLanguage":"sv-SE","@id":"https:\/\/www.homewizard.com\/sv\/#\/schema\/logo\/image\/","url":"https:\/\/www.homewizard.com\/wp-content\/uploads\/2023\/06\/HomeWizard-icon-on-black.png","contentUrl":"https:\/\/www.homewizard.com\/wp-content\/uploads\/2023\/06\/HomeWizard-icon-on-black.png","width":500,"height":500,"caption":"HomeWizard"},"image":{"@id":"https:\/\/www.homewizard.com\/sv\/#\/schema\/logo\/image\/"},"sameAs":["https:\/\/www.facebook.com\/HomeWizardBV\/","https:\/\/x.com\/HomeWizard_NL","https:\/\/www.youtube.com\/HomeWizardBV","https:\/\/www.instagram.com\/homewizardenergy\/"]}]}},"_links":{"self":[{"href":"https:\/\/www.homewizard.com\/sv\/wp-json\/wp\/v2\/product\/339300","targetHints":{"allow":["GET"]}}],"collection":[{"href":"https:\/\/www.homewizard.com\/sv\/wp-json\/wp\/v2\/product"}],"about":[{"href":"https:\/\/www.homewizard.com\/sv\/wp-json\/wp\/v2\/types\/product"}],"wp:featuredmedia":[{"embeddable":true,"href":"https:\/\/www.homewizard.com\/sv\/wp-json\/wp\/v2\/media\/621193"}],"wp:attachment":[{"href":"https:\/\/www.homewizard.com\/sv\/wp-json\/wp\/v2\/media?parent=339300"}],"wp:term":[{"taxonomy":"product_brand","embeddable":true,"href":"https:\/\/www.homewizard.com\/sv\/wp-json\/wp\/v2\/product_brand?post=339300"},{"taxonomy":"product_cat","embeddable":true,"href":"https:\/\/www.homewizard.com\/sv\/wp-json\/wp\/v2\/product_cat?post=339300"},{"taxonomy":"product_tag","embeddable":true,"href":"https:\/\/www.homewizard.com\/sv\/wp-json\/wp\/v2\/product_tag?post=339300"}],"curies":[{"name":"wp","href":"https:\/\/api.w.org\/{rel}","templated":true}]}}