{"id":475988,"date":"2023-11-02T12:28:45","date_gmt":"2023-11-02T11:28:45","guid":{"rendered":"https:\/\/www.homewizard.com\/om\/"},"modified":"2023-11-02T12:28:46","modified_gmt":"2023-11-02T11:28:46","slug":"om","status":"publish","type":"page","link":"https:\/\/www.homewizard.com\/sv\/om\/","title":{"rendered":"Om oss"},"content":{"rendered":"<div class=\"contained_page wp-block-group eplus-wrapper eplus-styles-uid-b2c051\"><div class=\"wp-block-group__inner-container is-layout-constrained wp-block-group-is-layout-constrained\"><div class=\"wp-block-group eplus-wrapper eplus-styles-uid-c936c6\"><div class=\"wp-block-group__inner-container is-layout-constrained wp-block-group-is-layout-constrained\"><div class=\"wp-block-columns eplus-wrapper is-layout-flex wp-container-core-columns-is-layout-9d6595d7 wp-block-columns-is-layout-flex eplus-styles-uid-152cea\"><div class=\"wp-block-column is-vertically-aligned-center eplus-wrapper is-layout-flow wp-block-column-is-layout-flow eplus-styles-uid-d03e46\" style=\"flex-basis:66.66%\"><h1 class=\" wp-block-heading eplus-wrapper eplus-styles-uid-27fd98\">Om oss<\/h1>\n\n\n<p class=\" eplus-wrapper\">HomeWizard \u00e4r <em>f\u00f6retaget<\/em> som ger hush\u00e5llen inblick i deras el-, vatten- och gasf\u00f6rbrukning. Med v\u00e5ra praktiska wifi-m\u00e4tare kan anv\u00e4ndarna \u00f6vervaka sin energif\u00f6rbrukning och sin solenergiproduktion. Vi vill g\u00f6ra m\u00e4nniskor medvetna om deras energif\u00f6rbrukning och hj\u00e4lpa dem att spara energi. Det \u00e4r inte bara bra f\u00f6r pl\u00e5nboken, utan ocks\u00e5 f\u00f6r v\u00e4rlden.<\/p>\n<\/div>\n\n<div class=\"wp-block-column eplus-wrapper is-layout-flow wp-block-column-is-layout-flow eplus-styles-uid-27fd98\" style=\"flex-basis:33.33%\"><div class=\"wp-block-image \"><figure class=\"aligncenter size-full eplus-wrapper eplus-styles-uid-27fd98\"><img loading=\"lazy\" decoding=\"async\" width=\"425\" height=\"425\" src=\"https:\/\/www.homewizard.com\/wp-content\/uploads\/2023\/10\/about-us-green.png\" alt=\"\" class=\"wp-image-466523\" srcset=\"https:\/\/www.homewizard.com\/wp-content\/uploads\/2023\/10\/about-us-green.png 425w, https:\/\/www.homewizard.com\/wp-content\/uploads\/2023\/10\/about-us-green-124x124.png 124w, https:\/\/www.homewizard.com\/wp-content\/uploads\/2023\/10\/about-us-green-300x300.png 300w, https:\/\/www.homewizard.com\/wp-content\/uploads\/2023\/10\/about-us-green-150x150.png 150w, https:\/\/www.homewizard.com\/wp-content\/uploads\/2023\/10\/about-us-green-400x400.png 400w\" sizes=\"auto, (max-width: 425px) 100vw, 425px\" \/><\/figure><\/div><\/div><\/div>\n\n<h2 class=\" wp-block-heading eplus-wrapper eplus-styles-uid-27fd98\">Fokus p\u00e5 energi<\/h2>\n\n\n<p class=\" eplus-wrapper\">Vi startade i Noordwijki Nederl\u00e4nderna \u00e5r 2011 som leverant\u00f6r av utrustning f\u00f6r automatisering i hemmet och smarta k\u00f6k. I b\u00f6rjan av 2021 genomgick vi en stor f\u00f6r\u00e4ndring n\u00e4r en kollega sa: \u201dSka vi inte g\u00f6ra n\u00e5got anv\u00e4ndbart i st\u00e4llet f\u00f6r en varmluftsfrit\u00f6s med tillh\u00f6rande app?\u201d. Det blev startskottet f\u00f6r det HomeWizard vi \u00e4r k\u00e4nda som i dag \u2013 med fokus p\u00e5 energi.<\/p>\n\n\n<div class=\"wp-block-columns eplus-wrapper is-layout-flex wp-container-core-columns-is-layout-9d6595d7 wp-block-columns-is-layout-flex eplus-styles-uid-e8d474\">\n<div class=\"wp-block-column eplus-wrapper is-layout-flow wp-block-column-is-layout-flow\" style=\"flex-basis:33.33%\"><div class=\"wp-block-image \">\n<figure class=\"aligncenter size-medium eplus-wrapper\"><img loading=\"lazy\" decoding=\"async\" width=\"300\" height=\"300\" src=\"https:\/\/www.homewizard.com\/wp-content\/uploads\/2023\/10\/conscious-world-energy-purple-300x300.png\" alt=\"\" class=\"wp-image-466541\" srcset=\"https:\/\/www.homewizard.com\/wp-content\/uploads\/2023\/10\/conscious-world-energy-purple-300x300.png 300w, https:\/\/www.homewizard.com\/wp-content\/uploads\/2023\/10\/conscious-world-energy-purple-124x124.png 124w, https:\/\/www.homewizard.com\/wp-content\/uploads\/2023\/10\/conscious-world-energy-purple-150x150.png 150w\" sizes=\"auto, (max-width: 300px) 100vw, 300px\" \/><\/figure>\n<\/div><\/div>\n\n\n\n<div class=\"wp-block-column is-vertically-aligned-center eplus-wrapper is-layout-flow wp-block-column-is-layout-flow\" style=\"flex-basis:66.66%\">\n<h2 class=\" wp-block-heading eplus-wrapper\"><strong>En medveten v\u00e4rld<\/strong><\/h2>\n\n\n\n<p class=\" eplus-wrapper\">Med HomeWizards produkter f\u00e5r du inblick i din energif\u00f6rbrukning och de kostnader som \u00e4r f\u00f6rknippade med den. Eftersom du blir medveten om hur mycket du f\u00f6rbrukar kommer du att b\u00f6rja t\u00e4nka p\u00e5 hur mycket gas, el och vatten du anv\u00e4nder. P\u00e5 s\u00e5 s\u00e4tt kan vi jobba tillsammans f\u00f6r en mer <a href=\"https:\/\/www.homewizard.com\/sv\/hallbarhet\/\">medveten v\u00e4rld<\/a>.<\/p>\n<\/div>\n<\/div>\n\n\n<h2 class=\" wp-block-heading eplus-wrapper\"><strong>Vi tillverkar allt sj\u00e4lva<\/strong><\/h2>\n\n\n<p class=\" eplus-wrapper eplus-styles-uid-2e1be5\">Vi skapar v\u00e5r program- och maskinvara fr\u00e5n grunden, vilket \u00e4r unikt i Nederl\u00e4nderna. Alla v\u00e5ra produkter utformas, designas, testas och lanseras p\u00e5 och fr\u00e5n v\u00e5rt kontor i Noordwijk. Detta g\u00f6r vi naturligtvis tillsammans med de b\u00e4sta medarbetarna. V\u00e5ra produkter \u00e4r prisv\u00e4rda och enkla att anv\u00e4nda, oavsett livssituation eller \u00e5lder. Till och med din mormor eller farfar kan installera och anv\u00e4nda dem. Och framf\u00f6r allt \u00e4r vi helt frist\u00e5ende. Det inneb\u00e4r att du kan anv\u00e4nda v\u00e5ra produkter oavsett vilken elleverant\u00f6r du anv\u00e4nder. Vi finns d\u00e4r f\u00f6r alla.<\/p>\n\n<div class=\"flex-column-reverse wp-block-columns are-vertically-aligned-center eplus-wrapper is-layout-flex wp-container-core-columns-is-layout-9d6595d7 wp-block-columns-is-layout-flex eplus-styles-uid-8b0f2f\">\n<div class=\"wp-block-column is-vertically-aligned-center eplus-wrapper is-layout-flow wp-block-column-is-layout-flow\" style=\"flex-basis:66.66%\">\n<h2 class=\" wp-block-heading eplus-wrapper\"><strong>Wizard-klubben<\/strong><\/h2>\n\n\n\n<p class=\" eplus-wrapper\">HomeWizard \u00e4r en plats d\u00e4r passion f\u00f6r programvara, maskinvara och energi sammanstr\u00e5lar. Det \u00e4r en plats d\u00e4r alla blir respekterade och d\u00e4r man har roligt. Om du blir en del av v\u00e5r Wizard-klubb kommer du f\u00f6rmodligen att bli kvar i \u00e5ratal. Om du gillar spel, pingis eller filmer och serier kommer du inte att ha tr\u00e5kigt vid v\u00e5rt lunchbord! Men bli inte f\u00f6rv\u00e5nad om du samlar p\u00e5 dig \u201dlite mer att \u00e4lska\u201d med tanke p\u00e5 allt h\u00e4rligt snacks vi har att \u00e4ta och dricka mellan aktiviteterna.<\/p>\n\n\n\n<p class=\" eplus-wrapper\">Vi f\u00e5r knappt n\u00e5gra mejl. Vi kommunicerar via chatt eller g\u00e5r till varandras skrivbord f\u00f6r att prata. Vi litar p\u00e5 varandra och g\u00f6r skillnad. Vi \u00e4r innovativa och <em>tillsammans<\/em> bygger vi en v\u00e4rld d\u00e4r vi anv\u00e4nder v\u00e5r energi p\u00e5 ett medvetet s\u00e4tt.<\/p>\n<\/div>\n\n\n<div class=\"wp-block-column is-vertically-aligned-center eplus-wrapper is-layout-flow wp-block-column-is-layout-flow eplus-styles-uid-27fd98\" style=\"flex-basis:33.33%\"><div class=\"wp-block-image \">\n<figure class=\"aligncenter size-medium eplus-wrapper\"><img loading=\"lazy\" decoding=\"async\" width=\"300\" height=\"300\" src=\"https:\/\/www.homewizard.com\/wp-content\/uploads\/2023\/10\/wizard-club-blue-300x300.png\" alt=\"\" class=\"wp-image-466553\" srcset=\"https:\/\/www.homewizard.com\/wp-content\/uploads\/2023\/10\/wizard-club-blue-300x300.png 300w, https:\/\/www.homewizard.com\/wp-content\/uploads\/2023\/10\/wizard-club-blue-124x124.png 124w, https:\/\/www.homewizard.com\/wp-content\/uploads\/2023\/10\/wizard-club-blue-150x150.png 150w\" sizes=\"auto, (max-width: 300px) 100vw, 300px\" \/><\/figure>\n<\/div><\/div><\/div><\/div><\/div><\/div><\/div>","protected":false},"excerpt":{"rendered":"<p>Om oss HomeWizard \u00e4r f\u00f6retaget som ger hush\u00e5llen inblick i deras el-, vatten- och gasf\u00f6rbrukning. Med v\u00e5ra praktiska wifi-m\u00e4tare kan anv\u00e4ndarna \u00f6vervaka sin energif\u00f6rbrukning och sin solenergiproduktion. Vi vill g\u00f6ra m\u00e4nniskor medvetna om deras energif\u00f6rbrukning och hj\u00e4lpa dem att spara energi. Det \u00e4r inte bara bra f\u00f6r pl\u00e5nboken, utan ocks\u00e5 f\u00f6r v\u00e4rlden. Fokus p\u00e5 energi&hellip;<\/p>\n","protected":false},"author":544392,"featured_media":0,"parent":0,"menu_order":0,"comment_status":"closed","ping_status":"closed","template":"","meta":{"_acf_changed":false,"editor_plus_copied_stylings":"{}","footnotes":""},"class_list":["post-475988","page","type-page","status-publish","hentry"],"acf":[],"yoast_head":"<!-- This site is optimized with the Yoast SEO plugin v27.0 - https:\/\/yoast.com\/product\/yoast-seo-wordpress\/ -->\n<title>Om oss - HomeWizard<\/title>\n<meta name=\"description\" content=\"HomeWizard startade i Nederl\u00e4nderna som en leverant\u00f6r av utrustning f\u00f6r hemautomation och smarta k\u00f6k. Nu hj\u00e4lper vi m\u00e4nniskor att spara p\u00e5 energi och kostnader.\" \/>\n<meta name=\"robots\" content=\"index, follow, max-snippet:-1, max-image-preview:large, max-video-preview:-1\" \/>\n<link rel=\"canonical\" href=\"https:\/\/www.homewizard.com\/sv\/om\/\" \/>\n<meta property=\"og:locale\" content=\"sv_SE\" \/>\n<meta property=\"og:type\" content=\"article\" \/>\n<meta property=\"og:title\" content=\"Om oss - HomeWizard\" \/>\n<meta property=\"og:description\" content=\"HomeWizard startade i Nederl\u00e4nderna som en leverant\u00f6r av utrustning f\u00f6r hemautomation och smarta k\u00f6k. Nu hj\u00e4lper vi m\u00e4nniskor att spara p\u00e5 energi och kostnader.\" \/>\n<meta property=\"og:url\" content=\"https:\/\/www.homewizard.com\/sv\/om\/\" \/>\n<meta property=\"og:site_name\" content=\"HomeWizard\" \/>\n<meta property=\"article:publisher\" content=\"https:\/\/www.facebook.com\/HomeWizardBV\/\" \/>\n<meta property=\"article:modified_time\" content=\"2023-11-02T11:28:46+00:00\" \/>\n<meta property=\"og:image\" content=\"https:\/\/www.homewizard.com\/wp-content\/uploads\/2023\/10\/about-us-green.png\" \/>\n<meta name=\"twitter:card\" content=\"summary_large_image\" \/>\n<meta name=\"twitter:site\" content=\"@HomeWizard_NL\" \/>\n<meta name=\"twitter:label1\" content=\"Ber\u00e4knad l\u00e4stid\" \/>\n\t<meta name=\"twitter:data1\" content=\"2 minuter\" \/>\n<script type=\"application\/ld+json\" class=\"yoast-schema-graph\">{\"@context\":\"https:\/\/schema.org\",\"@graph\":[{\"@type\":\"WebPage\",\"@id\":\"https:\/\/www.homewizard.com\/sv\/om\/\",\"url\":\"https:\/\/www.homewizard.com\/sv\/om\/\",\"name\":\"Om oss - HomeWizard\",\"isPartOf\":{\"@id\":\"https:\/\/www.homewizard.com\/sv\/#website\"},\"primaryImageOfPage\":{\"@id\":\"https:\/\/www.homewizard.com\/sv\/om\/#primaryimage\"},\"image\":{\"@id\":\"https:\/\/www.homewizard.com\/sv\/om\/#primaryimage\"},\"thumbnailUrl\":\"https:\/\/www.homewizard.com\/wp-content\/uploads\/2023\/10\/about-us-green.png\",\"datePublished\":\"2023-11-02T11:28:45+00:00\",\"dateModified\":\"2023-11-02T11:28:46+00:00\",\"description\":\"HomeWizard startade i Nederl\u00e4nderna som en leverant\u00f6r av utrustning f\u00f6r hemautomation och smarta k\u00f6k. Nu hj\u00e4lper vi m\u00e4nniskor att spara p\u00e5 energi och kostnader.\",\"breadcrumb\":{\"@id\":\"https:\/\/www.homewizard.com\/sv\/om\/#breadcrumb\"},\"inLanguage\":\"sv-SE\",\"potentialAction\":[{\"@type\":\"ReadAction\",\"target\":[\"https:\/\/www.homewizard.com\/sv\/om\/\"]}]},{\"@type\":\"ImageObject\",\"inLanguage\":\"sv-SE\",\"@id\":\"https:\/\/www.homewizard.com\/sv\/om\/#primaryimage\",\"url\":\"https:\/\/www.homewizard.com\/wp-content\/uploads\/2023\/10\/about-us-green.png\",\"contentUrl\":\"https:\/\/www.homewizard.com\/wp-content\/uploads\/2023\/10\/about-us-green.png\"},{\"@type\":\"BreadcrumbList\",\"@id\":\"https:\/\/www.homewizard.com\/sv\/om\/#breadcrumb\",\"itemListElement\":[{\"@type\":\"ListItem\",\"position\":1,\"name\":\"Home\",\"item\":\"https:\/\/www.homewizard.com\/sv\/\"},{\"@type\":\"ListItem\",\"position\":2,\"name\":\"Om oss\"}]},{\"@type\":\"WebSite\",\"@id\":\"https:\/\/www.homewizard.com\/sv\/#website\",\"url\":\"https:\/\/www.homewizard.com\/sv\/\",\"name\":\"HomeWizard\",\"description\":\"HomeWizard Energy\",\"publisher\":{\"@id\":\"https:\/\/www.homewizard.com\/sv\/#organization\"},\"potentialAction\":[{\"@type\":\"SearchAction\",\"target\":{\"@type\":\"EntryPoint\",\"urlTemplate\":\"https:\/\/www.homewizard.com\/sv\/?s={search_term_string}\"},\"query-input\":{\"@type\":\"PropertyValueSpecification\",\"valueRequired\":true,\"valueName\":\"search_term_string\"}}],\"inLanguage\":\"sv-SE\"},{\"@type\":\"Organization\",\"@id\":\"https:\/\/www.homewizard.com\/sv\/#organization\",\"name\":\"HomeWizard\",\"url\":\"https:\/\/www.homewizard.com\/sv\/\",\"logo\":{\"@type\":\"ImageObject\",\"inLanguage\":\"sv-SE\",\"@id\":\"https:\/\/www.homewizard.com\/sv\/#\/schema\/logo\/image\/\",\"url\":\"https:\/\/www.homewizard.com\/wp-content\/uploads\/2023\/06\/HomeWizard-icon-on-black.png\",\"contentUrl\":\"https:\/\/www.homewizard.com\/wp-content\/uploads\/2023\/06\/HomeWizard-icon-on-black.png\",\"width\":500,\"height\":500,\"caption\":\"HomeWizard\"},\"image\":{\"@id\":\"https:\/\/www.homewizard.com\/sv\/#\/schema\/logo\/image\/\"},\"sameAs\":[\"https:\/\/www.facebook.com\/HomeWizardBV\/\",\"https:\/\/x.com\/HomeWizard_NL\",\"https:\/\/www.youtube.com\/HomeWizardBV\",\"https:\/\/www.instagram.com\/homewizardenergy\/\"]}]}<\/script>\n<!-- \/ Yoast SEO plugin. -->","yoast_head_json":{"title":"Om oss - HomeWizard","description":"HomeWizard startade i Nederl\u00e4nderna som en leverant\u00f6r av utrustning f\u00f6r hemautomation och smarta k\u00f6k. Nu hj\u00e4lper vi m\u00e4nniskor att spara p\u00e5 energi och kostnader.","robots":{"index":"index","follow":"follow","max-snippet":"max-snippet:-1","max-image-preview":"max-image-preview:large","max-video-preview":"max-video-preview:-1"},"canonical":"https:\/\/www.homewizard.com\/sv\/om\/","og_locale":"sv_SE","og_type":"article","og_title":"Om oss - HomeWizard","og_description":"HomeWizard startade i Nederl\u00e4nderna som en leverant\u00f6r av utrustning f\u00f6r hemautomation och smarta k\u00f6k. Nu hj\u00e4lper vi m\u00e4nniskor att spara p\u00e5 energi och kostnader.","og_url":"https:\/\/www.homewizard.com\/sv\/om\/","og_site_name":"HomeWizard","article_publisher":"https:\/\/www.facebook.com\/HomeWizardBV\/","article_modified_time":"2023-11-02T11:28:46+00:00","og_image":[{"url":"https:\/\/www.homewizard.com\/wp-content\/uploads\/2023\/10\/about-us-green.png","type":"","width":"","height":""}],"twitter_card":"summary_large_image","twitter_site":"@HomeWizard_NL","twitter_misc":{"Ber\u00e4knad l\u00e4stid":"2 minuter"},"schema":{"@context":"https:\/\/schema.org","@graph":[{"@type":"WebPage","@id":"https:\/\/www.homewizard.com\/sv\/om\/","url":"https:\/\/www.homewizard.com\/sv\/om\/","name":"Om oss - HomeWizard","isPartOf":{"@id":"https:\/\/www.homewizard.com\/sv\/#website"},"primaryImageOfPage":{"@id":"https:\/\/www.homewizard.com\/sv\/om\/#primaryimage"},"image":{"@id":"https:\/\/www.homewizard.com\/sv\/om\/#primaryimage"},"thumbnailUrl":"https:\/\/www.homewizard.com\/wp-content\/uploads\/2023\/10\/about-us-green.png","datePublished":"2023-11-02T11:28:45+00:00","dateModified":"2023-11-02T11:28:46+00:00","description":"HomeWizard startade i Nederl\u00e4nderna som en leverant\u00f6r av utrustning f\u00f6r hemautomation och smarta k\u00f6k. Nu hj\u00e4lper vi m\u00e4nniskor att spara p\u00e5 energi och kostnader.","breadcrumb":{"@id":"https:\/\/www.homewizard.com\/sv\/om\/#breadcrumb"},"inLanguage":"sv-SE","potentialAction":[{"@type":"ReadAction","target":["https:\/\/www.homewizard.com\/sv\/om\/"]}]},{"@type":"ImageObject","inLanguage":"sv-SE","@id":"https:\/\/www.homewizard.com\/sv\/om\/#primaryimage","url":"https:\/\/www.homewizard.com\/wp-content\/uploads\/2023\/10\/about-us-green.png","contentUrl":"https:\/\/www.homewizard.com\/wp-content\/uploads\/2023\/10\/about-us-green.png"},{"@type":"BreadcrumbList","@id":"https:\/\/www.homewizard.com\/sv\/om\/#breadcrumb","itemListElement":[{"@type":"ListItem","position":1,"name":"Home","item":"https:\/\/www.homewizard.com\/sv\/"},{"@type":"ListItem","position":2,"name":"Om oss"}]},{"@type":"WebSite","@id":"https:\/\/www.homewizard.com\/sv\/#website","url":"https:\/\/www.homewizard.com\/sv\/","name":"HomeWizard","description":"HomeWizard Energy","publisher":{"@id":"https:\/\/www.homewizard.com\/sv\/#organization"},"potentialAction":[{"@type":"SearchAction","target":{"@type":"EntryPoint","urlTemplate":"https:\/\/www.homewizard.com\/sv\/?s={search_term_string}"},"query-input":{"@type":"PropertyValueSpecification","valueRequired":true,"valueName":"search_term_string"}}],"inLanguage":"sv-SE"},{"@type":"Organization","@id":"https:\/\/www.homewizard.com\/sv\/#organization","name":"HomeWizard","url":"https:\/\/www.homewizard.com\/sv\/","logo":{"@type":"ImageObject","inLanguage":"sv-SE","@id":"https:\/\/www.homewizard.com\/sv\/#\/schema\/logo\/image\/","url":"https:\/\/www.homewizard.com\/wp-content\/uploads\/2023\/06\/HomeWizard-icon-on-black.png","contentUrl":"https:\/\/www.homewizard.com\/wp-content\/uploads\/2023\/06\/HomeWizard-icon-on-black.png","width":500,"height":500,"caption":"HomeWizard"},"image":{"@id":"https:\/\/www.homewizard.com\/sv\/#\/schema\/logo\/image\/"},"sameAs":["https:\/\/www.facebook.com\/HomeWizardBV\/","https:\/\/x.com\/HomeWizard_NL","https:\/\/www.youtube.com\/HomeWizardBV","https:\/\/www.instagram.com\/homewizardenergy\/"]}]}},"_links":{"self":[{"href":"https:\/\/www.homewizard.com\/sv\/wp-json\/wp\/v2\/pages\/475988","targetHints":{"allow":["GET"]}}],"collection":[{"href":"https:\/\/www.homewizard.com\/sv\/wp-json\/wp\/v2\/pages"}],"about":[{"href":"https:\/\/www.homewizard.com\/sv\/wp-json\/wp\/v2\/types\/page"}],"author":[{"embeddable":true,"href":"https:\/\/www.homewizard.com\/sv\/wp-json\/wp\/v2\/users\/544392"}],"replies":[{"embeddable":true,"href":"https:\/\/www.homewizard.com\/sv\/wp-json\/wp\/v2\/comments?post=475988"}],"version-history":[{"count":1,"href":"https:\/\/www.homewizard.com\/sv\/wp-json\/wp\/v2\/pages\/475988\/revisions"}],"predecessor-version":[{"id":475989,"href":"https:\/\/www.homewizard.com\/sv\/wp-json\/wp\/v2\/pages\/475988\/revisions\/475989"}],"wp:attachment":[{"href":"https:\/\/www.homewizard.com\/sv\/wp-json\/wp\/v2\/media?parent=475988"}],"curies":[{"name":"wp","href":"https:\/\/api.w.org\/{rel}","templated":true}]}}