{"id":339318,"date":"2023-05-17T14:44:40","date_gmt":"2023-05-17T12:44:40","guid":{"rendered":"https:\/\/www.homewizard.com\/forsaljnings-och-inkopsavtal-spa\/"},"modified":"2023-05-17T14:44:41","modified_gmt":"2023-05-17T12:44:41","slug":"forsaljnings-och-inkopsavtal-spa","status":"publish","type":"page","link":"https:\/\/www.homewizard.com\/sv\/forsaljnings-och-inkopsavtal-spa\/","title":{"rendered":"F\u00f6rs\u00e4ljnings- och ink\u00f6psavtal (SPA)"},"content":{"rendered":"\n<div class=\"contained_page wp-block-group eplus-wrapper\"><div class=\"wp-block-group__inner-container is-layout-flow wp-block-group-is-layout-flow\">\n<h1 class=\"eplus-wrapper wp-block-heading\" id=\"sales-and-purchase-agreement-spa\"><strong>F\u00f6rs\u00e4ljnings- och ink\u00f6psavtal (SPA)<\/strong><\/h1>\n\n\n\n<h2 class=\"eplus-wrapper wp-block-heading\" id=\"scope-and-definitions\"><strong>Omfattning och definitioner<\/strong><\/h2>\n\n\n\n<p class=\" eplus-wrapper\">N\u00e4r du best\u00e4ller p\u00e5 HomeWizards webbplats g\u00e4ller den version av f\u00f6rs\u00e4ljningsavtalet som var till\u00e4mplig vid tidpunkten f\u00f6r k\u00f6pet.<\/p>\n\n\n\n<p class=\" eplus-wrapper\">Detta f\u00f6rs\u00e4ljningsavtal g\u00e4ller endast f\u00f6r produkter eller tj\u00e4nster &#8221;Produkter&#8221; som k\u00f6ps via HomeWizards webbplats. Vid best\u00e4llning via en annan part g\u00e4ller den s\u00e4ljande partens f\u00f6rs\u00e4ljningsavtal.<\/p>\n\n\n\n<p class=\" eplus-wrapper\">N\u00e4r det i detta dokument h\u00e4nvisas till &#8221;konsumenter&#8221; avses fysiska personer vars best\u00e4llningar inte sker inom ramen f\u00f6r kommersiell verksamhet, egenf\u00f6retagande eller frilansverksamhet. &#8221;F\u00f6retagare&#8221; \u00e4r f\u00f6r sin del fysiska eller juridiska personer eller lagligt godk\u00e4nda partnerskap vars best\u00e4llningar g\u00f6rs inom ramen f\u00f6r kommersiell verksamhet, egenf\u00f6retagande eller frilansverksamhet. &#8221;Kund&#8221; i den mening som avses i detta f\u00f6rs\u00e4ljningsavtal omfattar b\u00e5de konsumenter och f\u00f6retagare.<\/p>\n\n\n\n<p class=\" eplus-wrapper\">Om ett villkor uttrycks i arbetsdagar avses alla vardagar med undantag f\u00f6r l\u00f6rdagar, s\u00f6ndagar och lagstadgade helgdagar.<\/p>\n\n\n\n<h2 class=\"eplus-wrapper wp-block-heading\" id=\"conclusion-of-the-agreement\"><strong>Avtalets ing\u00e5ende och giltighet<\/strong><\/h2>\n\n\n\n<p class=\" eplus-wrapper\">Alla HomeWizards erbjudanden \u00e4r icke-bindande.<\/p>\n\n\n\n<p class=\" eplus-wrapper\">Om kunden g\u00f6r en best\u00e4llning via webbutiken, telefon eller annan best\u00e4llningskanal, accepteras k\u00f6pavtalet av kunden s\u00e5 snart kunden har f\u00e5tt en best\u00e4llningsbekr\u00e4ftelse fr\u00e5n HomeWizard via e-post. N\u00e4r du har mottagit best\u00e4llningsbekr\u00e4ftelsen kan best\u00e4llningen inte \u00e4ndras eller avbrytas. HomeWizard accepterar k\u00f6pavtalet s\u00e5 snart kunden har mottagit en leveransbekr\u00e4ftelse via e-post.<\/p>\n\n\n\n<p class=\" eplus-wrapper\">Detta k\u00f6pavtal g\u00e4ller inte f\u00f6r k\u00f6p av HomeWizard-produkter via tredje part.<\/p>\n\n\n\n<h2 class=\"eplus-wrapper wp-block-heading\" id=\"prices-and-payment-terms\"><strong>Priser och betalningsvillkor<\/strong><\/h2>\n\n\n\n<p class=\" eplus-wrapper\">De priser som visas p\u00e5 webbplatsen vid best\u00e4llningstillf\u00e4llet \u00e4r till\u00e4mpliga. Om fraktkostnader debiteras kommer HomeWizard att informera kunden om detta under best\u00e4llningsprocessen. Alla priser som visas p\u00e5 webbplatsen inkluderar den merv\u00e4rdesskatt som \u00e4r till\u00e4mplig enligt lag. Priser och erbjudanden kan variera beroende p\u00e5 land. HomeWizard erbjuder betalningsalternativ via externa betalningsleverant\u00f6rer.<\/p>\n\n\n\n<p class=\" eplus-wrapper\">K\u00f6psumman ska betalas inom 14 dagar efter det att k\u00f6pavtalet tecknats om inget annat anges. Om betalning inte sker inom den givna tidsramen, har HomeWizard r\u00e4tt att ta ut p\u00e5minnelsekostnader f\u00f6r varje p\u00e5minnelse.<\/p>\n\n\n\n<p class=\" eplus-wrapper\">HomeWizard har r\u00e4tt att ta ut ett fast belopp f\u00f6r kostnader eller skador som uppst\u00e5tt f\u00f6r obetalda, returnerade inkassokrav eller kreditkortsbetalningar, s\u00e5vida inte kunden kan bevisa att denne inte var ansvarig f\u00f6r skadan. Kunden f\u00f6rbeh\u00e5ller sig r\u00e4tten att styrka det faktum att HomeWizard inte beh\u00f6vde \u00e5dra sig n\u00e5gra kostnader eller betydligt l\u00e4gre kostnader \u00e4n det angivna beloppet.<\/p>\n\n\n\n<p class=\" eplus-wrapper\">F\u00f6r k\u00f6p via HomeWizard-apparna g\u00e4ller Googles eller Apples allm\u00e4nna villkor. Ovan n\u00e4mnda parter \u00e4r den s\u00e4ljande entrepren\u00f6ren i detta fall.<\/p>\n\n\n\n<h2 class=\"eplus-wrapper wp-block-heading\" id=\"delivery-and-product-property\"><strong>Leverans och produktegenskaper<\/strong><\/h2>\n\n\n\n<p class=\" eplus-wrapper\">Den leveransdag som anges i best\u00e4llningen &#8221;f\u00f6rv\u00e4ntad leveranstid&#8221; under best\u00e4llningsprocessen \u00e4r indikativ och inga r\u00e4ttigheter kan h\u00e4rledas fr\u00e5n den. HomeWizard g\u00f6r en uppskattning baserat p\u00e5; leveranstid hos den externa fraktpartnern samt vanliga betalningsmetoder och betalningsvillkor. HomeWizard str\u00e4var efter att leverera p\u00e5 den angivna leveransdagen med en maximal leveransperiod p\u00e5 14 dagar fr\u00e5n och med best\u00e4llningsdatumet.<\/p>\n\n\n\n<p class=\" eplus-wrapper\">Leveranserna sker till leveransadresser i de l\u00e4nder som anges i avtalet. Det \u00e4r kundens ansvar att se till att varorna kan levereras under de rimligt f\u00f6rutsebara leveranstiderna.<\/p>\n\n\n\n<p class=\" eplus-wrapper\">I h\u00e4ndelse av force majeure f\u00f6rl\u00e4ngs leveranstiden i enlighet med detta. Med force majeure avses hinder som \u00e4r of\u00f6rutsedda eller ovanliga. I h\u00e4ndelse av force majeure kommer HomeWizard att informera kunden om en f\u00f6rl\u00e4ngning av leveransperioden senast tv\u00e5 veckor efter betalningen.<\/p>\n\n\n\n<p class=\" eplus-wrapper\">Om leveransen f\u00f6rsenas med mer \u00e4n tv\u00e5 veckor efter det angivna leveransdatumet har konsumenten r\u00e4tt att h\u00e4va avtalet. I s\u00e5 fall har HomeWizard r\u00e4tt att h\u00e4va avtalet. I b\u00e5da fallen kommer HomeWizard att utf\u00e4rda en \u00e5terbetalning f\u00f6r de betalningar som konsumenten redan har gjort inom 5 arbetsdagar. Kunden \u00e4r inte ber\u00e4ttigad att kr\u00e4va ers\u00e4ttning f\u00f6r f\u00f6rsenad leverans.<\/p>\n\n\n\n<p class=\" eplus-wrapper\">F\u00f6r f\u00f6retagsbest\u00e4llningar f\u00f6r f\u00f6retagare g\u00e4ller de Incoterms som anges p\u00e5 fakturan.<\/p>\n\n\n\n<p class=\" eplus-wrapper\">HomeWizard f\u00f6rbeh\u00e5ller sig r\u00e4tten att h\u00e4va avtalet n\u00e4r leveransen har misslyckats tv\u00e5 g\u00e5nger p\u00e5 grund av fel som kunden r\u00e5der f\u00f6r. Betalningar som redan gjorts av kunden kommer i s\u00e5 fall att \u00e5terbetalas inom 5 dagar.<\/p>\n\n\n\n<p class=\" eplus-wrapper\">Om produkterna levereras med synliga skador p\u00e5 f\u00f6rpackningen eller inneh\u00e5llet m\u00e5ste kunden anm\u00e4la detta- utan att det p\u00e5verkar dennes garantir\u00e4ttigheter &#8211; senast 7 dagar efter mottagandet av produkterna via de vanliga kontaktkanalerna, s\u00e5 att HomeWizard kan beg\u00e4ra ers\u00e4ttning f\u00f6r transportskadan fr\u00e5n logistikleverant\u00f6ren.<\/p>\n\n\n\n<p class=\" eplus-wrapper\">I princip \u00e4r det kunden som st\u00e5r f\u00f6r kostnaderna f\u00f6r en returfrakt. Detta g\u00e4ller inte f\u00f6r returer som \u00e4r resultatet av en \u00e5ngerr\u00e4tt.<\/p>\n\n\n\n<p class=\" eplus-wrapper\">Best\u00e4llda produkter blir kundens egendom n\u00e4r kunden har betalat fullt ut och fullgjort alla sina skyldigheter.<\/p>\n\n\n\n<h2 class=\"eplus-wrapper wp-block-heading\" id=\"reflection-period-and-returns\"><strong>\u00c5ngerfrist och returer<\/strong><\/h2>\n\n\n\n<p class=\" eplus-wrapper\">Om du som konsument g\u00f6r en best\u00e4llning hos HomeWizard via webbplatsen kan du utnyttja v\u00e5r 30-dagars \u00e5ngerfrist.<\/p>\n\n\n\n<p class=\" eplus-wrapper\">\u00c5ngerfristen g\u00e4ller fr\u00e5n och med den dag d\u00e5 konsumenten tar emot utrustningen f\u00f6r best\u00e4llningen (i sin helhet). Inom ramen f\u00f6r denna \u00e5ngerfrist kan konsumenten h\u00e4va k\u00f6pet och returnera de k\u00f6pta produkterna till HomeWizard. Det \u00e4r \u00e4r upp till konsumenten att styrka att \u00e5ngerfristen har utnyttjats inom den angivna tidsramen.<\/p>\n\n\n\n<p class=\" eplus-wrapper\">Om konsumenten anv\u00e4nder sig av \u00e5ngerfristen, \u00e4r det konsumenten sj\u00e4lv som st\u00e5r f\u00f6r fraktkostnaderna f\u00f6r eventuella returer. Hela k\u00f6pbeloppet f\u00f6r produkterna, inklusive frakt, kommer att \u00e5terbetalas s\u00e5 snart som m\u00f6jligt, inom 14 arbetsdagar efter det att HomeWizard har mottagit dem. \u00c5terbetalningen sker via den betalningsmetod som konsumenten anv\u00e4nde under den ursprungliga transaktionen.<\/p>\n\n\n\n<p class=\" eplus-wrapper\">Produkterna m\u00e5ste returneras oskadade i en l\u00e4mplig originalf\u00f6rpackning inom 14 dagar efter det att \u00e5ngerfristen har p\u00e5b\u00f6rjats. N\u00e4r produkten anv\u00e4nds endast i den utstr\u00e4ckning som \u00e4r n\u00f6dv\u00e4ndig f\u00f6r att fastst\u00e4lla produktens egenskaper och funktion. N\u00e4r du returnerar ofullst\u00e4ndiga eller skadade produkter kan HomeWizard neka \u00e5terbetalning av k\u00f6pbeloppet eller minska det belopp som ska \u00e5terbetalas.<\/p>\n\n\n\n<p class=\" eplus-wrapper\">F\u00f6r utvalda produkter l\u00f6per \u00e5ngerfristen p\u00e5 30 dagar ut s\u00e5 snart produkten tas i bruk, om den inte kan \u00e5terst\u00e4llas i nytt skick med hj\u00e4lp av certifierade m\u00e4taravl\u00e4sningar (t.ex. kWh-m\u00e4tare).<\/p>\n\n\n\n<p class=\" eplus-wrapper\">Vid leverans till en f\u00f6retagare ska denne kontrollera att de mottagna produkterna \u00f6verensst\u00e4mmer med k\u00f6pavtalet. F\u00f6retagaren \u00e4r skyldig att skriftligen anm\u00e4la eventuella avvikelser fr\u00e5n k\u00f6pavtalet inom 24 timmar efter leverans och ge HomeWizard m\u00f6jlighet att p\u00e5 plats avg\u00f6ra om anm\u00e4lan \u00e4r giltig. R\u00e4tten till ers\u00e4ttning eller kredit upph\u00f6r om produkterna redan har anv\u00e4nts. Returf\u00f6rs\u00e4ndelser sker p\u00e5 f\u00f6retagarens bekostnad och accepteras endast efter en gemensam \u00f6verenskommelse mellan f\u00f6retagaren och HomeWizard.<\/p>\n\n\n\n<h2 class=\"eplus-wrapper wp-block-heading\" id=\"warranty\"><strong>Garanti<\/strong><\/h2>\n\n\n\n<p class=\" eplus-wrapper\">F\u00f6r utrustning som k\u00f6ps av en konsument g\u00e4ller produktgarantin i 24 m\u00e5nader fr\u00e5n och med best\u00e4llningsdatumet. Om utrustningen har k\u00f6pts av en f\u00f6retagare l\u00f6per garantin ut efter 12 m\u00e5nader fr\u00e5n och med best\u00e4llningsdatumet, om inget annat anges i k\u00f6pavtalet. HomeWizard kan alltid s\u00e4ga upp garantitiden i f\u00f6rtid om kunden bryter mot de allm\u00e4nna villkoren som licensavtalet f\u00f6r slutanv\u00e4ndare \u00e4r en del av.<\/p>\n\n\n\n<h2 class=\"eplus-wrapper wp-block-heading\" id=\"final-provisions\"><strong>Slutliga best\u00e4mmelser<\/strong><\/h2>\n\n\n\n<p class=\" eplus-wrapper\">Om n\u00e5gon best\u00e4mmelse i detta dokument visar sig vara ogiltig ska de \u00f6vriga best\u00e4mmelserna f\u00f6rbli of\u00f6r\u00e4ndrade.<\/p>\n\n\n\n<p class=\" eplus-wrapper\">Om kunden inte har n\u00e5gon allm\u00e4nt beh\u00f6rig domstol inom Europeiska unionen eller om kunden \u00e4r en k\u00f6pman, en offentligr\u00e4ttslig juridisk person eller en offentligr\u00e4ttslig s\u00e4rskild tillg\u00e5ng, \u00e4r domstolen p\u00e5 HomeWizards hemvist beh\u00f6rig f\u00f6r alla tvister som uppst\u00e5r i samband med avtalet. HomeWizard har dock r\u00e4tt att v\u00e4cka talan vid den allm\u00e4nt beh\u00f6riga domstolen p\u00e5 kundens verksamhetsst\u00e4lle.<\/p>\n\n\n\n<p class=\" eplus-wrapper\">Endast den nederl\u00e4ndska statens lagar \u00e4r till\u00e4mpliga, med undantag f\u00f6r FN:s konvention om avtal om internationella k\u00f6p av varor, \u00e4ven vid gr\u00e4ns\u00f6verskridande leveranser. Dessutom omfattas konsumenten av den bindande konsumentskyddslagstiftning som g\u00e4ller i det land d\u00e4r kunden har sin vanliga vistelseort, i den m\u00e5n detta ger kunden ett mer omfattande skydd.<\/p>\n\n\n\n<p class=\" eplus-wrapper\">HomeWizard har r\u00e4tt att ensidigt \u00e4ndra detta dokument &#8211; i den m\u00e5n det har f\u00f6rklarats till\u00e4mpligt i avtalsf\u00f6rh\u00e5llandet med kunden &#8211; om detta \u00e4r n\u00f6dv\u00e4ndigt f\u00f6r att \u00e5tg\u00e4rda eventuella senare brister i avtalet eller f\u00f6r att \u00e4ndra avtalet. anpassa sig till \u00e4ndrade r\u00e4ttsliga eller tekniska f\u00f6ruts\u00e4ttningar.<\/p>\n\n\n\n<p class=\" eplus-wrapper\">Om du har fr\u00e5gor om detta dokument kan du kontakta HomeWizard p\u00e5 <a href=\"mailto:support@homewizard.com\">support@homewizard.com<\/a><\/p>\n\n\n\n<p class=\" eplus-wrapper\">HomeWizard BV Keyserswey 79, Noordwijk, Nederl\u00e4nderna<\/p>\n<\/div><\/div>\n","protected":false},"excerpt":{"rendered":"<p>F\u00f6rs\u00e4ljnings- och ink\u00f6psavtal (SPA) Omfattning och definitioner N\u00e4r du best\u00e4ller p\u00e5 HomeWizards webbplats g\u00e4ller den version av f\u00f6rs\u00e4ljningsavtalet som var till\u00e4mplig vid tidpunkten f\u00f6r k\u00f6pet. Detta f\u00f6rs\u00e4ljningsavtal g\u00e4ller endast f\u00f6r produkter eller tj\u00e4nster &#8221;Produkter&#8221; som k\u00f6ps via HomeWizards webbplats. Vid best\u00e4llning via en annan part g\u00e4ller den s\u00e4ljande partens f\u00f6rs\u00e4ljningsavtal. N\u00e4r det i detta dokument&hellip;<\/p>\n","protected":false},"author":1,"featured_media":0,"parent":0,"menu_order":0,"comment_status":"closed","ping_status":"closed","template":"","meta":{"_acf_changed":false,"editor_plus_copied_stylings":"{}","footnotes":""},"class_list":["post-339318","page","type-page","status-publish","hentry"],"acf":[],"yoast_head":"<!-- This site is optimized with the Yoast SEO plugin v27.0 - https:\/\/yoast.com\/product\/yoast-seo-wordpress\/ -->\n<title>F\u00f6rs\u00e4ljnings- och ink\u00f6psavtal (SPA) - HomeWizard<\/title>\n<meta name=\"robots\" content=\"index, follow, max-snippet:-1, max-image-preview:large, max-video-preview:-1\" \/>\n<link rel=\"canonical\" href=\"https:\/\/www.homewizard.com\/sv\/forsaljnings-och-inkopsavtal-spa\/\" \/>\n<meta property=\"og:locale\" content=\"sv_SE\" \/>\n<meta property=\"og:type\" content=\"article\" \/>\n<meta property=\"og:title\" content=\"F\u00f6rs\u00e4ljnings- och ink\u00f6psavtal (SPA) - HomeWizard\" \/>\n<meta property=\"og:description\" content=\"F\u00f6rs\u00e4ljnings- och ink\u00f6psavtal (SPA) Omfattning och definitioner N\u00e4r du best\u00e4ller p\u00e5 HomeWizards webbplats g\u00e4ller den version av f\u00f6rs\u00e4ljningsavtalet som var till\u00e4mplig vid tidpunkten f\u00f6r k\u00f6pet. Detta f\u00f6rs\u00e4ljningsavtal g\u00e4ller endast f\u00f6r produkter eller tj\u00e4nster &#8221;Produkter&#8221; som k\u00f6ps via HomeWizards webbplats. Vid best\u00e4llning via en annan part g\u00e4ller den s\u00e4ljande partens f\u00f6rs\u00e4ljningsavtal. N\u00e4r det i detta dokument&hellip;\" \/>\n<meta property=\"og:url\" content=\"https:\/\/www.homewizard.com\/sv\/forsaljnings-och-inkopsavtal-spa\/\" \/>\n<meta property=\"og:site_name\" content=\"HomeWizard\" \/>\n<meta property=\"article:publisher\" content=\"https:\/\/www.facebook.com\/HomeWizardBV\/\" \/>\n<meta property=\"article:modified_time\" content=\"2023-05-17T12:44:41+00:00\" \/>\n<meta name=\"twitter:card\" content=\"summary_large_image\" \/>\n<meta name=\"twitter:site\" content=\"@HomeWizard_NL\" \/>\n<meta name=\"twitter:label1\" content=\"Ber\u00e4knad l\u00e4stid\" \/>\n\t<meta name=\"twitter:data1\" content=\"7 minuter\" \/>\n<script type=\"application\/ld+json\" class=\"yoast-schema-graph\">{\"@context\":\"https:\/\/schema.org\",\"@graph\":[{\"@type\":\"WebPage\",\"@id\":\"https:\/\/www.homewizard.com\/sv\/forsaljnings-och-inkopsavtal-spa\/\",\"url\":\"https:\/\/www.homewizard.com\/sv\/forsaljnings-och-inkopsavtal-spa\/\",\"name\":\"F\u00f6rs\u00e4ljnings- och ink\u00f6psavtal (SPA) - HomeWizard\",\"isPartOf\":{\"@id\":\"https:\/\/www.homewizard.com\/sv\/#website\"},\"datePublished\":\"2023-05-17T12:44:40+00:00\",\"dateModified\":\"2023-05-17T12:44:41+00:00\",\"breadcrumb\":{\"@id\":\"https:\/\/www.homewizard.com\/sv\/forsaljnings-och-inkopsavtal-spa\/#breadcrumb\"},\"inLanguage\":\"sv-SE\",\"potentialAction\":[{\"@type\":\"ReadAction\",\"target\":[\"https:\/\/www.homewizard.com\/sv\/forsaljnings-och-inkopsavtal-spa\/\"]}]},{\"@type\":\"BreadcrumbList\",\"@id\":\"https:\/\/www.homewizard.com\/sv\/forsaljnings-och-inkopsavtal-spa\/#breadcrumb\",\"itemListElement\":[{\"@type\":\"ListItem\",\"position\":1,\"name\":\"Home\",\"item\":\"https:\/\/www.homewizard.com\/sv\/\"},{\"@type\":\"ListItem\",\"position\":2,\"name\":\"F\u00f6rs\u00e4ljnings- och ink\u00f6psavtal (SPA)\"}]},{\"@type\":\"WebSite\",\"@id\":\"https:\/\/www.homewizard.com\/sv\/#website\",\"url\":\"https:\/\/www.homewizard.com\/sv\/\",\"name\":\"HomeWizard\",\"description\":\"HomeWizard Energy\",\"publisher\":{\"@id\":\"https:\/\/www.homewizard.com\/sv\/#organization\"},\"potentialAction\":[{\"@type\":\"SearchAction\",\"target\":{\"@type\":\"EntryPoint\",\"urlTemplate\":\"https:\/\/www.homewizard.com\/sv\/?s={search_term_string}\"},\"query-input\":{\"@type\":\"PropertyValueSpecification\",\"valueRequired\":true,\"valueName\":\"search_term_string\"}}],\"inLanguage\":\"sv-SE\"},{\"@type\":\"Organization\",\"@id\":\"https:\/\/www.homewizard.com\/sv\/#organization\",\"name\":\"HomeWizard\",\"url\":\"https:\/\/www.homewizard.com\/sv\/\",\"logo\":{\"@type\":\"ImageObject\",\"inLanguage\":\"sv-SE\",\"@id\":\"https:\/\/www.homewizard.com\/sv\/#\/schema\/logo\/image\/\",\"url\":\"https:\/\/www.homewizard.com\/wp-content\/uploads\/2023\/06\/HomeWizard-icon-on-black.png\",\"contentUrl\":\"https:\/\/www.homewizard.com\/wp-content\/uploads\/2023\/06\/HomeWizard-icon-on-black.png\",\"width\":500,\"height\":500,\"caption\":\"HomeWizard\"},\"image\":{\"@id\":\"https:\/\/www.homewizard.com\/sv\/#\/schema\/logo\/image\/\"},\"sameAs\":[\"https:\/\/www.facebook.com\/HomeWizardBV\/\",\"https:\/\/x.com\/HomeWizard_NL\",\"https:\/\/www.youtube.com\/HomeWizardBV\",\"https:\/\/www.instagram.com\/homewizardenergy\/\"]}]}<\/script>\n<!-- \/ Yoast SEO plugin. -->","yoast_head_json":{"title":"F\u00f6rs\u00e4ljnings- och ink\u00f6psavtal (SPA) - HomeWizard","robots":{"index":"index","follow":"follow","max-snippet":"max-snippet:-1","max-image-preview":"max-image-preview:large","max-video-preview":"max-video-preview:-1"},"canonical":"https:\/\/www.homewizard.com\/sv\/forsaljnings-och-inkopsavtal-spa\/","og_locale":"sv_SE","og_type":"article","og_title":"F\u00f6rs\u00e4ljnings- och ink\u00f6psavtal (SPA) - HomeWizard","og_description":"F\u00f6rs\u00e4ljnings- och ink\u00f6psavtal (SPA) Omfattning och definitioner N\u00e4r du best\u00e4ller p\u00e5 HomeWizards webbplats g\u00e4ller den version av f\u00f6rs\u00e4ljningsavtalet som var till\u00e4mplig vid tidpunkten f\u00f6r k\u00f6pet. Detta f\u00f6rs\u00e4ljningsavtal g\u00e4ller endast f\u00f6r produkter eller tj\u00e4nster &#8221;Produkter&#8221; som k\u00f6ps via HomeWizards webbplats. Vid best\u00e4llning via en annan part g\u00e4ller den s\u00e4ljande partens f\u00f6rs\u00e4ljningsavtal. N\u00e4r det i detta dokument&hellip;","og_url":"https:\/\/www.homewizard.com\/sv\/forsaljnings-och-inkopsavtal-spa\/","og_site_name":"HomeWizard","article_publisher":"https:\/\/www.facebook.com\/HomeWizardBV\/","article_modified_time":"2023-05-17T12:44:41+00:00","twitter_card":"summary_large_image","twitter_site":"@HomeWizard_NL","twitter_misc":{"Ber\u00e4knad l\u00e4stid":"7 minuter"},"schema":{"@context":"https:\/\/schema.org","@graph":[{"@type":"WebPage","@id":"https:\/\/www.homewizard.com\/sv\/forsaljnings-och-inkopsavtal-spa\/","url":"https:\/\/www.homewizard.com\/sv\/forsaljnings-och-inkopsavtal-spa\/","name":"F\u00f6rs\u00e4ljnings- och ink\u00f6psavtal (SPA) - HomeWizard","isPartOf":{"@id":"https:\/\/www.homewizard.com\/sv\/#website"},"datePublished":"2023-05-17T12:44:40+00:00","dateModified":"2023-05-17T12:44:41+00:00","breadcrumb":{"@id":"https:\/\/www.homewizard.com\/sv\/forsaljnings-och-inkopsavtal-spa\/#breadcrumb"},"inLanguage":"sv-SE","potentialAction":[{"@type":"ReadAction","target":["https:\/\/www.homewizard.com\/sv\/forsaljnings-och-inkopsavtal-spa\/"]}]},{"@type":"BreadcrumbList","@id":"https:\/\/www.homewizard.com\/sv\/forsaljnings-och-inkopsavtal-spa\/#breadcrumb","itemListElement":[{"@type":"ListItem","position":1,"name":"Home","item":"https:\/\/www.homewizard.com\/sv\/"},{"@type":"ListItem","position":2,"name":"F\u00f6rs\u00e4ljnings- och ink\u00f6psavtal (SPA)"}]},{"@type":"WebSite","@id":"https:\/\/www.homewizard.com\/sv\/#website","url":"https:\/\/www.homewizard.com\/sv\/","name":"HomeWizard","description":"HomeWizard Energy","publisher":{"@id":"https:\/\/www.homewizard.com\/sv\/#organization"},"potentialAction":[{"@type":"SearchAction","target":{"@type":"EntryPoint","urlTemplate":"https:\/\/www.homewizard.com\/sv\/?s={search_term_string}"},"query-input":{"@type":"PropertyValueSpecification","valueRequired":true,"valueName":"search_term_string"}}],"inLanguage":"sv-SE"},{"@type":"Organization","@id":"https:\/\/www.homewizard.com\/sv\/#organization","name":"HomeWizard","url":"https:\/\/www.homewizard.com\/sv\/","logo":{"@type":"ImageObject","inLanguage":"sv-SE","@id":"https:\/\/www.homewizard.com\/sv\/#\/schema\/logo\/image\/","url":"https:\/\/www.homewizard.com\/wp-content\/uploads\/2023\/06\/HomeWizard-icon-on-black.png","contentUrl":"https:\/\/www.homewizard.com\/wp-content\/uploads\/2023\/06\/HomeWizard-icon-on-black.png","width":500,"height":500,"caption":"HomeWizard"},"image":{"@id":"https:\/\/www.homewizard.com\/sv\/#\/schema\/logo\/image\/"},"sameAs":["https:\/\/www.facebook.com\/HomeWizardBV\/","https:\/\/x.com\/HomeWizard_NL","https:\/\/www.youtube.com\/HomeWizardBV","https:\/\/www.instagram.com\/homewizardenergy\/"]}]}},"_links":{"self":[{"href":"https:\/\/www.homewizard.com\/sv\/wp-json\/wp\/v2\/pages\/339318","targetHints":{"allow":["GET"]}}],"collection":[{"href":"https:\/\/www.homewizard.com\/sv\/wp-json\/wp\/v2\/pages"}],"about":[{"href":"https:\/\/www.homewizard.com\/sv\/wp-json\/wp\/v2\/types\/page"}],"author":[{"embeddable":true,"href":"https:\/\/www.homewizard.com\/sv\/wp-json\/wp\/v2\/users\/1"}],"replies":[{"embeddable":true,"href":"https:\/\/www.homewizard.com\/sv\/wp-json\/wp\/v2\/comments?post=339318"}],"version-history":[{"count":1,"href":"https:\/\/www.homewizard.com\/sv\/wp-json\/wp\/v2\/pages\/339318\/revisions"}],"predecessor-version":[{"id":339324,"href":"https:\/\/www.homewizard.com\/sv\/wp-json\/wp\/v2\/pages\/339318\/revisions\/339324"}],"wp:attachment":[{"href":"https:\/\/www.homewizard.com\/sv\/wp-json\/wp\/v2\/media?parent=339318"}],"curies":[{"name":"wp","href":"https:\/\/api.w.org\/{rel}","templated":true}]}}