{"id":339303,"date":"2023-05-17T14:44:39","date_gmt":"2023-05-17T12:44:39","guid":{"rendered":"https:\/\/www.homewizard.com\/integritetspolicy\/"},"modified":"2023-05-17T14:44:40","modified_gmt":"2023-05-17T12:44:40","slug":"integritetspolicy","status":"publish","type":"page","link":"https:\/\/www.homewizard.com\/sv\/integritetspolicy\/","title":{"rendered":"Integritetspolicy"},"content":{"rendered":"\n<div class=\"contained_page wp-block-group eplus-wrapper\"><div class=\"wp-block-group__inner-container is-layout-constrained wp-block-group-is-layout-constrained\">\n<h1 class=\"eplus-wrapper wp-block-heading\">Integritetspolicy<\/h1>\n\n\n\n<p class=\" eplus-wrapper\">Denna Integritetspolicy g\u00e4ller f\u00f6r alla HomeWizard Energy-produkter och -tj\u00e4nster enligt HomeWizard Energys allm\u00e4nna villkor.<\/p>\n\n\n\n<p class=\" eplus-wrapper\">Vi respekterar din integritet och vill vara \u00f6ppna om vilka uppgifter vi samlar in och vad de anv\u00e4nds till. Denna Integritetspolicy f\u00f6rklarar hur vi samlar in, skyddar, delar och anv\u00e4nder dina personuppgifter. HomeWizard B.V. \u00e4r ett nederl\u00e4ndskt f\u00f6retag. V\u00e5r aff\u00e4rsverksamhet \u00e4ger rum i Europeiska ekonomiska samarbetsomr\u00e5det (EES) och om annat inte anges lagrar vi v\u00e5ra data p\u00e5 servrar i EES.<\/p>\n\n\n\n<h2 class=\"eplus-wrapper wp-block-heading\" id=\"what-personal-data-do-we-process-and-why\"><strong>Vilka personuppgifter behandlar vi och varf\u00f6r?<\/strong><\/h2>\n\n\n\n<p class=\" eplus-wrapper\">Vi kan komma att samla in f\u00f6ljande personuppgifter om du anger dem n\u00e4r du anv\u00e4nder HomeWizards webbplats, appar, funktioner eller produkter <strong>&#8221;tj\u00e4nster&#8221;<\/strong>:<\/p>\n\n\n<ul class=\"eplus-wrapper wp-block-list eplus-styles-uid-5d740e\">\n<li class=\" eplus-wrapper\"><strong>Kontaktuppgifter:<\/strong> information som g\u00f6r det m\u00f6jligt f\u00f6r oss att kontakta dig direkt, t.ex. ditt namn, din e-postadress, ditt telefonnummer och adresser som \u00e4r kopplade till ditt konto eller din best\u00e4llning.<\/li>\n\n\n\n<li class=\" eplus-wrapper\"><strong>HomeWizard-kontoinformation:<\/strong> n\u00e4r du anv\u00e4nder HomeWizard Energy-appen uppmanas du att skapa ett konto. Din kontoinformation omfattar din e-postadress, ditt l\u00f6senord och ditt spr\u00e5k.<\/li>\n\n\n\n<li class=\" eplus-wrapper\"><strong>Transaktionsinformation:<\/strong> best\u00e4llningsuppgifter om de produkter och tj\u00e4nster som du k\u00f6per av oss.<\/li>\n\n\n\n<li class=\" eplus-wrapper\"><strong>Betalningsinformation:<\/strong> kredit-\/betalkortsuppgifter och bankkontouppgifter som du tillhandah\u00e5ller f\u00f6r att betala f\u00f6r de produkter och tj\u00e4nster som du k\u00f6per av oss.<\/li>\n\n\n\n<li class=\" eplus-wrapper\"><strong>Leveransinformation:<\/strong> information som r\u00f6r leveransen av v\u00e5ra produkter till dig.<\/li>\n\n\n\n<li class=\" eplus-wrapper\"><strong>HomeWizard-produktinformation:<\/strong> Information om de Energy-produkter som du anslutit, t.ex. energim\u00e4tningar, versionsnummer, statistik och diagnostiska data.<\/li>\n\n\n\n<li class=\" eplus-wrapper\"><strong>Enhetsinformation:<\/strong> information om smartphones, mobiltelefoner, datorer eller andra elektroniska enheter som du ansluter till v\u00e5ra produkter, v\u00e5r webbplats eller HomeWizard Energy-appen, t.ex. information om enhetstypen (som kan inneh\u00e5lla unika nummer f\u00f6r identifiering av enheten), operativsystemet, webbl\u00e4saren du anv\u00e4nder och program p\u00e5 enheten som ansluter till v\u00e5ra produkter och tj\u00e4nster. Det kan \u00e4ven omfatta uppgifter fr\u00e5n din internetleverant\u00f6r, ditt mobiln\u00e4tverk och din IP-adress.<\/li>\n\n\n\n<li class=\" eplus-wrapper\"><strong>Svar p\u00e5 unders\u00f6kningar, t\u00e4vlingar och kampanjer:<\/strong> Vi sparar alla unders\u00f6kningar som du svarar p\u00e5 samt eventuellt deltagande i t\u00e4vlingar eller kampanjer som vi anordnar.<\/li>\n\n\n\n<li class=\" eplus-wrapper\"><strong>Kontakta v\u00e5r kundtj\u00e4nst:<\/strong> n\u00e4r du delar dina kommentarer och \u00e5sikter med oss, st\u00e4ller fr\u00e5gor eller l\u00e4mnar in ett klagom\u00e5l f\u00f6r vi ett register \u00f6ver detta. Detta g\u00e4ller \u00e4ven n\u00e4r du skickar e-post till oss, ringer oss eller kontaktar oss via sociala medier som Youtube eller Facebook. Vi kan ocks\u00e5 komma att \u00f6vervaka och spela in v\u00e5ra telefonsamtal med dig f\u00f6r att se till att vi uppfyller de kvalitetsstandarder som vi fastst\u00e4llt samt relevanta lagar och f\u00f6rordningar.<\/li>\n\n\n\n<li class=\" eplus-wrapper\"><strong>S\u00e5 h\u00e4r anv\u00e4nder du HomeWizard-produkter:<\/strong> vi samlar in information om hur dina HomeWizard-produkter fungerar och hur du anv\u00e4nder dem. Detta inkluderar till exempel wifi-signalstyrka, stabilitet och enhetsinst\u00e4llningar.<\/li>\n\n\n\n<li class=\" eplus-wrapper\"><strong>S\u00e5 h\u00e4r anv\u00e4nder du HomeWizard Energy-appen och v\u00e5r webbplats:<\/strong> n\u00e4r du anv\u00e4nder Energy-appen eller v\u00e5r webbplats samlar vi in information om hur du hittade sidan, vilka sidor du bes\u00f6ker och hur du anv\u00e4nder dem.<\/li>\n\n\n\n<li class=\" eplus-wrapper\"><strong>Platstj\u00e4nster:<\/strong> N\u00e4r du installerar din HomeWizard-produkt kan du bli ombedd att dela med dig av din exakta plats och ditt wifi-namn via &#8221;platstj\u00e4nster&#8221;.<\/li>\n<\/ul>\n\n\n<p class=\" eplus-wrapper\">Du beh\u00f6ver inte f\u00f6rse oss med n\u00e5gon av de personuppgifter som beskrivs ovan. Om du d\u00e4remot inte g\u00f6r det kan det h\u00e4nda att funktionerna i v\u00e5ra tj\u00e4nster begr\u00e4nsas.<\/p>\n\n\n\n<h2 class=\"eplus-wrapper wp-block-heading\" id=\"what-we-use-your-personal-information-for\"><strong>Vad vi anv\u00e4nder dina personuppgifter till<\/strong><\/h2>\n\n\n<ul class=\"eplus-wrapper wp-block-list eplus-styles-uid-1d402d\">\n<li class=\" eplus-wrapper\"><strong>Tillhandah\u00e5lla och uppr\u00e4tth\u00e5lla v\u00e5ra tj\u00e4nster till dig<\/strong> Alla personuppgifter som vi samlar in<\/li>\n\n\n\n<li class=\" eplus-wrapper\"><strong>Betalnings- och leveransinformation f\u00f6r v\u00e5ra produkter och tj\u00e4nster<\/strong> Transaktions-, betalnings- och leveransinformation<\/li>\n\n\n\n<li class=\" eplus-wrapper\"><strong>Svara p\u00e5 dina fr\u00e5gor och klagom\u00e5l<\/strong> Alla personuppgifter som vi samlar in<\/li>\n\n\n\n<li class=\" eplus-wrapper\"><strong>Uppr\u00e4tth\u00e5lla och f\u00f6rb\u00e4ttra v\u00e5ra produkter och tj\u00e4nster<\/strong> Alla personuppgifter som vi samlar in<\/li>\n\n\n\n<li class=\" eplus-wrapper\"><strong>Dataanalys och statistisk forskning f\u00f6r att b\u00e4ttre f\u00f6rst\u00e5 hur v\u00e5ra produkter anv\u00e4nds samt f\u00f6r att ge rekommendationer om anv\u00e4ndningen av v\u00e5ra produkter.<\/strong> Hur du anv\u00e4nder v\u00e5ra produkter, webbplatser, appar och tj\u00e4nster. Enhetsinformation, transaktionsinformation, platstj\u00e4nster och HomeWizard-produktinformation.<\/li>\n\n\n\n<li class=\" eplus-wrapper\"><strong>Installation och regional produktinformation<\/strong> Platstj\u00e4nster<\/li>\n\n\n\n<li class=\" eplus-wrapper\"><strong>Utveckla och rekommendera nya produkter och tj\u00e4nster<\/strong> Alla personuppgifter som vi samlar in<\/li>\n\n\n\n<li class=\" eplus-wrapper\"><strong>Direktmarknadsf\u00f6ring<\/strong> Alla personuppgifter som vi samlar in<\/li>\n\n\n\n<li class=\" eplus-wrapper\"><strong>Utredning av konto\u00f6vertr\u00e4delser, bedr\u00e4gerier och insamlingar<\/strong> Alla personuppgifter som vi samlar in<\/li>\n<\/ul>\n\n\n<p class=\" eplus-wrapper\">Vi kan anonymisera de personuppgifter vi samlar in (s\u00e5 att de inte direkt identifierar dig). Anonymiserad och aggregerad information kan anv\u00e4ndas f\u00f6r att t.ex. testa system, forskning, dataanalys, f\u00f6rb\u00e4ttra v\u00e5r webbplats, v\u00e5ra appar och produkter samt f\u00f6r utvecklingen av nya produkter och tj\u00e4nster.<\/p>\n\n\n\n<h2 class=\"eplus-wrapper wp-block-heading\" id=\"how-we-protect-your-personal-information\"><strong>S\u00e5 h\u00e4r skyddar vi dina personuppgifter<\/strong><\/h2>\n\n\n\n<p class=\" eplus-wrapper\">Vi vidtar tekniska och organisatoriska \u00e5tg\u00e4rder f\u00f6r att se till att dina personuppgifter behandlas p\u00e5 ett s\u00e4tt som garanterar adekvat s\u00e4kerhet f\u00f6r dina uppgifter, inklusive skydd mot obeh\u00f6rig eller olaglig databehandling och oavsiktlig f\u00f6rlust, f\u00f6rst\u00f6relse eller skada. Vi anv\u00e4nder till exempel certifierade entrepren\u00f6rer som kan ha tillg\u00e5ng till uppgifterna. Relevanta databehandlingsavtal har undertecknats med dessa parter. Dessutom behandlas uppgifterna krypterade och\/eller anonymiserade n\u00e4r det \u00e4r m\u00f6jligt. Vi anv\u00e4nder till exempel Google LLC:s datacenter som \u00e4r certifierade enligt ISO27001, ISO27018 och ISO27017.<\/p>\n\n\n\n<h2 class=\"eplus-wrapper wp-block-heading\" id=\"who-do-we-share-your-personal-data-with\"><strong>Vilka delar vi dina personuppgifter med?<\/strong><\/h2>\n\n\n\n<p class=\" eplus-wrapper\">Vi delar personuppgifter med f\u00f6ljande parter:<\/p>\n\n\n<ul class=\"eplus-wrapper wp-block-list eplus-styles-uid-088a21\">\n<li class=\" eplus-wrapper\"><strong>Leverant\u00f6rer:<\/strong> f\u00f6r att leverera produkter som du har best\u00e4llt fr\u00e5n oss.<\/li>\n\n\n\n<li class=\" eplus-wrapper\"><strong>Tj\u00e4nsteleverant\u00f6rer och r\u00e5dgivare:<\/strong> Till exempel f\u00f6retag som bist\u00e5r v\u00e5r IT, hj\u00e4lper oss att analysera de uppgifter vi behandlar, behandlar betalningar, skickar meddelanden till v\u00e5ra kunder, ger oss juridisk eller finansiell r\u00e5dgivning och hj\u00e4lper oss i allm\u00e4nhet att tillhandah\u00e5lla v\u00e5ra tj\u00e4nster.<\/li>\n\n\n\n<li class=\" eplus-wrapper\"><strong>Externa partner:<\/strong> I vissa fall kan du ha k\u00f6pt en HomeWizard-produkt via en installat\u00f6r, energileverant\u00f6r eller annan extern partner. Som kan ha kombinerat dessa produkter med sina egna till\u00e4mpningar eller tj\u00e4nsteerbjudanden. S\u00e5dana funktioner kan kr\u00e4va vissa eller alla dina personuppgifter. Genom att registrera HomeWizard-kontot kan vi dela dina personuppgifter med dessa tredje parter. N\u00e4r informationsutbytet har \u00e4gt rum \u00e4r den tredje parten ansvarig f\u00f6r behandlingen av dina personuppgifter.<\/li>\n\n\n\n<li class=\" eplus-wrapper\"><strong>Juridiskt ansvar:<\/strong> Dina personuppgifter kommer att delas med tredje part om det \u00e4r n\u00f6dv\u00e4ndigt eller \u00e4ndam\u00e5lsenligt f\u00f6r att f\u00f6lja lagen och lagliga f\u00f6rfr\u00e5gningar fr\u00e5n myndigheter, uppfylla eventuella krav, skydda v\u00e5ra r\u00e4ttigheter och egendomar, bibeh\u00e5lla s\u00e4kerheten av v\u00e5ra anv\u00e4ndare, v\u00e5ra anst\u00e4llda eller allm\u00e4nheten, samt f\u00f6r att skydda, utan begr\u00e4nsning, oss sj\u00e4lva och v\u00e5ra anv\u00e4ndare fr\u00e5n bedr\u00e4glig, missbrukande, ol\u00e4mplig eller olaglig anv\u00e4ndning av tj\u00e4nsten.<\/li>\n\n\n\n<li class=\" eplus-wrapper\"><strong>F\u00f6retags\u00f6verf\u00f6ring:<\/strong> i takt med att v\u00e5r verksamhet utvecklas kan vi komma att s\u00e4lja eller k\u00f6pa f\u00f6retag eller tillg\u00e5ngar. I h\u00e4ndelse av en f\u00f6retagsf\u00f6rs\u00e4ljning, fusion, omorganisation, uppl\u00f6sning eller liknande, kan personuppgifter vara en del av de \u00f6verf\u00f6rda tillg\u00e5ngarna.<\/li>\n<\/ul>\n\n\n<p class=\" eplus-wrapper\">Vi l\u00e4mnar ut personuppgifter endast f\u00f6r de \u00e4ndam\u00e5l som beskrivs ovan. Vi kan tillhandah\u00e5lla anonymiserad statistisk information och analys om anv\u00e4ndare av v\u00e5ra produkter och tj\u00e4nster.<\/p>\n\n\n\n<h2 class=\"eplus-wrapper wp-block-heading\" id=\"transferring-your-personal-information-internationally\"><strong>\u00d6verf\u00f6ring av dina personuppgifter internationellt<\/strong><\/h2>\n\n\n\n<p class=\" eplus-wrapper\">De personuppgifter som vi samlar in kan \u00f6verf\u00f6ras till och lagras i l\u00e4nder utanf\u00f6r EU. Vissa av dessa jurisdiktioner kr\u00e4ver olika skyddsniv\u00e5er n\u00e4r det g\u00e4ller personuppgifter, och i vissa fall kan lagarna i dessa l\u00e4nder vara mindre skyddande \u00e4n den jurisdiktion d\u00e4r du vanligtvis \u00e4r bosatt. Vi kommer att vidta alla rimliga \u00e5tg\u00e4rder f\u00f6r att se till att dina personuppgifter endast anv\u00e4nds i enlighet med denna Integritetspolicy och att till\u00e4mplig europeisk dataskyddslagstiftning respekteras och s\u00e4kerst\u00e4lls.<\/p>\n\n\n\n<h2 class=\"eplus-wrapper wp-block-heading\" id=\"how-long-do-we-store-personal-information\"><strong>Hur l\u00e4nge lagrar vi personuppgifter?<\/strong><\/h2>\n\n\n\n<p class=\" eplus-wrapper\">Vi beh\u00e5ller dina personuppgifter s\u00e5 l\u00e4nge du har ett konto hos oss. N\u00e4r du har st\u00e4ngt ditt konto hos oss kommer vi att beh\u00e5lla vissa av dina personuppgifter under en begr\u00e4nsad tid f\u00f6r att kunna uppr\u00e4tth\u00e5lla v\u00e5ra register och juridiska skyldigheter.<\/p>\n\n\n\n<h2 class=\"eplus-wrapper wp-block-heading\" id=\"direct-marketing\"><strong>Direktmarknadsf\u00f6ring<\/strong><\/h2>\n\n\n\n<p class=\" eplus-wrapper\">I enlighet med de marknadsf\u00f6ringspreferenser som du st\u00e4ller in n\u00e4r du skapar ditt konto eller senare kan vi komma att kontakta dig via e-post, push-notiser, SMS, post eller telefon med information om produkter och tj\u00e4nster som vi tror att du kan vara intresserad av. Du kan n\u00e4r som helst avregistrera dig fr\u00e5n v\u00e5ra marknadsf\u00f6ringsmejl genom att klicka p\u00e5 l\u00e4nken f\u00f6r avregistrering i de mejl som vi skickar till dig.<\/p>\n\n\n\n<h2 class=\"eplus-wrapper wp-block-heading\" id=\"cookies-and-pixels\"><strong>Cookies och pixlar<\/strong><\/h2>\n\n\n\n<p class=\" eplus-wrapper\">En cookie eller pixel \u00e4r en liten m\u00e4ngd specifik data som lagras p\u00e5 din dator eller enhet n\u00e4r du bes\u00f6ker en webbplats eller \u00f6ppnar en app eller e-post. Med funktionella cookies lagras produkterna i din kundvagn mellan sessioner och du f\u00f6rblir inloggad om du s\u00e5 \u00f6nskar. Cookies f\u00f6r statistik samlar anonymt in hur du bes\u00f6ker v\u00e5r webbplats, hur l\u00e4nge du bes\u00f6ker den och vilka HomeWizard-sidor, annonser, e-postmeddelanden eller inl\u00e4gg i sociala medier du har tittat p\u00e5. Dessa cookies anv\u00e4nds f\u00f6r att optimera din och andras personliga upplevelse p\u00e5 v\u00e5r webbplats samt f\u00f6r att visa relevanta annonser p\u00e5 andra webbplatser eller plattformar. Om du v\u00e4ljer att inte acceptera cookies kan funktionaliteten p\u00e5 v\u00e5r webbplats vara begr\u00e4nsad.<\/p>\n\n\n\n<h2 class=\"eplus-wrapper wp-block-heading\" id=\"your-rights-in-relation-to-your-personal-information\"><strong>Dina r\u00e4ttigheter i samband med dina personuppgifter<\/strong><\/h2>\n\n\n\n<p class=\" eplus-wrapper\">Du har f\u00f6ljande r\u00e4ttigheter n\u00e4r det g\u00e4ller dina personuppgifter:<\/p>\n\n\n<ul class=\"eplus-wrapper wp-block-list eplus-styles-uid-c882fd\">\n<li class=\" eplus-wrapper\">r\u00e4tten att f\u00e5 information om hur dina personuppgifter anv\u00e4nds;<\/li>\n\n\n\n<li class=\" eplus-wrapper\">r\u00e4tten att f\u00e5 tillg\u00e5ng till de personuppgifter vi har om dig;<\/li>\n\n\n\n<li class=\" eplus-wrapper\">r\u00e4tten att avst\u00e5 fr\u00e5n att ta emot marknadsf\u00f6ringsmeddelanden;<\/li>\n\n\n\n<li class=\" eplus-wrapper\">r\u00e4tten att korrigera felaktiga personuppgifter vi har om dig;<\/li>\n\n\n\n<li class=\" eplus-wrapper\">r\u00e4tten att beg\u00e4ra att dina personuppgifter blockeras eller raderas om behandlingen inte \u00e4r f\u00f6renlig med till\u00e4mplig dataskyddslagstiftning.<\/li>\n<\/ul>\n\n\n<p class=\" eplus-wrapper\">Vi f\u00f6rs\u00f6ker g\u00f6ra s\u00e5 mycket som m\u00f6jligt av dina personuppgifter transparenta och anpassningsbara via v\u00e5ra tj\u00e4nster s\u00e5 att du sj\u00e4lv kan kontrollera dem. Om du inte \u00e4r n\u00f6jd med hur vi anv\u00e4nder dina personuppgifter kan du l\u00e4mna in ett klagom\u00e5l till ditt lokala dataskyddsombud. Vi \u00e4r h\u00e4r f\u00f6r att hj\u00e4lpa dig och uppmanar dig att f\u00f6rst kontakta oss med hj\u00e4lp av v\u00e5ra kontaktuppgifter f\u00f6r att l\u00f6sa ditt klagom\u00e5l. Vi svarar p\u00e5 alla f\u00f6rfr\u00e5gningar om tillg\u00e5ng till information s\u00e5 snabbt som m\u00f6jligt, men minst inom fyra veckor. Om det r\u00f6r sig om komplicerade f\u00f6rfr\u00e5gningar kan tidsfristen f\u00f6rl\u00e4ngas med ytterligare fyra veckor. Om vi f\u00f6rl\u00e4nger tidsfristen informerar vi dig inom fyra veckor efter det att du l\u00e4mnat in din beg\u00e4ran.<\/p>\n\n\n\n<h2 class=\"eplus-wrapper wp-block-heading\" id=\"changes-to-this-notice\"><strong>\u00c4ndringar av detta meddelande<\/strong><\/h2>\n\n\n\n<p class=\" eplus-wrapper\">V\u00e5r verksamhet kan f\u00f6r\u00e4ndras med tiden och denna Integritetspolicy kan komma att uppdateras. Om vi \u00e4ndrar denna policy p\u00e5 ett of\u00f6rdelaktigt s\u00e4tt kommer vi att uppdatera versionen l\u00e4ngst ner p\u00e5 sidan. Vid betydande \u00e4ndringar av denna policy f\u00f6rs\u00f6ker vi meddela dig s\u00e5vida vi inte f\u00f6rhindras fr\u00e5n att g\u00f6ra detta. Om det kr\u00e4vs enligt lag kommer vi att be om ditt samtycke till \u00e4ndringar i hur vi anv\u00e4nder dina personuppgifter.<\/p>\n\n\n\n<h2 class=\"eplus-wrapper wp-block-heading\" id=\"contact\"><strong>Kontakt<\/strong><\/h2>\n\n\n\n<p class=\" eplus-wrapper\">Detta dokument kan komma att \u00e4ndras. Du kan alltid hitta den senaste versionen av detta dokument p\u00e5 v\u00e5r webbplats. Om HomeWizard inte uppfyller dessa villkor m\u00e5ste anv\u00e4ndaren meddela detta skriftligen inom ett \u00e5r. Om du har fr\u00e5gor om anv\u00e4ndarvillkoren kan du kontakta HomeWizard p\u00e5 <a href=\"mailto:support@homewizard.com\">support@homewizard.com<\/a>.<\/p>\n\n\n\n<p class=\" eplus-wrapper\">HomeWizard B.V., Keyserswey 79, 2201 CX Noordwijk, Nederl\u00e4nderna<\/p>\n\n\n\n<p class=\" eplus-wrapper\">Version 2.3<\/p>\n<\/div><\/div>\n","protected":false},"excerpt":{"rendered":"<p>Integritetspolicy Denna Integritetspolicy g\u00e4ller f\u00f6r alla HomeWizard Energy-produkter och -tj\u00e4nster enligt HomeWizard Energys allm\u00e4nna villkor. Vi respekterar din integritet och vill vara \u00f6ppna om vilka uppgifter vi samlar in och vad de anv\u00e4nds till. Denna Integritetspolicy f\u00f6rklarar hur vi samlar in, skyddar, delar och anv\u00e4nder dina personuppgifter. HomeWizard B.V. \u00e4r ett nederl\u00e4ndskt f\u00f6retag. V\u00e5r aff\u00e4rsverksamhet&hellip;<\/p>\n","protected":false},"author":1,"featured_media":0,"parent":0,"menu_order":0,"comment_status":"closed","ping_status":"open","template":"","meta":{"_acf_changed":false,"editor_plus_copied_stylings":"{}","footnotes":""},"class_list":["post-339303","page","type-page","status-publish","hentry"],"acf":[],"yoast_head":"<!-- This site is optimized with the Yoast SEO plugin v27.0 - https:\/\/yoast.com\/product\/yoast-seo-wordpress\/ -->\n<title>Integritetspolicy - HomeWizard<\/title>\n<meta name=\"robots\" content=\"index, follow, max-snippet:-1, max-image-preview:large, max-video-preview:-1\" \/>\n<link rel=\"canonical\" href=\"https:\/\/www.homewizard.com\/sv\/integritetspolicy\/\" \/>\n<meta property=\"og:locale\" content=\"sv_SE\" \/>\n<meta property=\"og:type\" content=\"article\" \/>\n<meta property=\"og:title\" content=\"Integritetspolicy - HomeWizard\" \/>\n<meta property=\"og:description\" content=\"Integritetspolicy Denna Integritetspolicy g\u00e4ller f\u00f6r alla HomeWizard Energy-produkter och -tj\u00e4nster enligt HomeWizard Energys allm\u00e4nna villkor. Vi respekterar din integritet och vill vara \u00f6ppna om vilka uppgifter vi samlar in och vad de anv\u00e4nds till. Denna Integritetspolicy f\u00f6rklarar hur vi samlar in, skyddar, delar och anv\u00e4nder dina personuppgifter. HomeWizard B.V. \u00e4r ett nederl\u00e4ndskt f\u00f6retag. V\u00e5r aff\u00e4rsverksamhet&hellip;\" \/>\n<meta property=\"og:url\" content=\"https:\/\/www.homewizard.com\/sv\/integritetspolicy\/\" \/>\n<meta property=\"og:site_name\" content=\"HomeWizard\" \/>\n<meta property=\"article:publisher\" content=\"https:\/\/www.facebook.com\/HomeWizardBV\/\" \/>\n<meta property=\"article:modified_time\" content=\"2023-05-17T12:44:40+00:00\" \/>\n<meta name=\"twitter:card\" content=\"summary_large_image\" \/>\n<meta name=\"twitter:site\" content=\"@HomeWizard_NL\" \/>\n<meta name=\"twitter:label1\" content=\"Ber\u00e4knad l\u00e4stid\" \/>\n\t<meta name=\"twitter:data1\" content=\"10 minuter\" \/>\n<script type=\"application\/ld+json\" class=\"yoast-schema-graph\">{\"@context\":\"https:\/\/schema.org\",\"@graph\":[{\"@type\":\"WebPage\",\"@id\":\"https:\/\/www.homewizard.com\/sv\/integritetspolicy\/\",\"url\":\"https:\/\/www.homewizard.com\/sv\/integritetspolicy\/\",\"name\":\"Integritetspolicy - HomeWizard\",\"isPartOf\":{\"@id\":\"https:\/\/www.homewizard.com\/sv\/#website\"},\"datePublished\":\"2023-05-17T12:44:39+00:00\",\"dateModified\":\"2023-05-17T12:44:40+00:00\",\"breadcrumb\":{\"@id\":\"https:\/\/www.homewizard.com\/sv\/integritetspolicy\/#breadcrumb\"},\"inLanguage\":\"sv-SE\",\"potentialAction\":[{\"@type\":\"ReadAction\",\"target\":[\"https:\/\/www.homewizard.com\/sv\/integritetspolicy\/\"]}]},{\"@type\":\"BreadcrumbList\",\"@id\":\"https:\/\/www.homewizard.com\/sv\/integritetspolicy\/#breadcrumb\",\"itemListElement\":[{\"@type\":\"ListItem\",\"position\":1,\"name\":\"Home\",\"item\":\"https:\/\/www.homewizard.com\/sv\/\"},{\"@type\":\"ListItem\",\"position\":2,\"name\":\"Integritetspolicy\"}]},{\"@type\":\"WebSite\",\"@id\":\"https:\/\/www.homewizard.com\/sv\/#website\",\"url\":\"https:\/\/www.homewizard.com\/sv\/\",\"name\":\"HomeWizard\",\"description\":\"HomeWizard Energy\",\"publisher\":{\"@id\":\"https:\/\/www.homewizard.com\/sv\/#organization\"},\"potentialAction\":[{\"@type\":\"SearchAction\",\"target\":{\"@type\":\"EntryPoint\",\"urlTemplate\":\"https:\/\/www.homewizard.com\/sv\/?s={search_term_string}\"},\"query-input\":{\"@type\":\"PropertyValueSpecification\",\"valueRequired\":true,\"valueName\":\"search_term_string\"}}],\"inLanguage\":\"sv-SE\"},{\"@type\":\"Organization\",\"@id\":\"https:\/\/www.homewizard.com\/sv\/#organization\",\"name\":\"HomeWizard\",\"url\":\"https:\/\/www.homewizard.com\/sv\/\",\"logo\":{\"@type\":\"ImageObject\",\"inLanguage\":\"sv-SE\",\"@id\":\"https:\/\/www.homewizard.com\/sv\/#\/schema\/logo\/image\/\",\"url\":\"https:\/\/www.homewizard.com\/wp-content\/uploads\/2023\/06\/HomeWizard-icon-on-black.png\",\"contentUrl\":\"https:\/\/www.homewizard.com\/wp-content\/uploads\/2023\/06\/HomeWizard-icon-on-black.png\",\"width\":500,\"height\":500,\"caption\":\"HomeWizard\"},\"image\":{\"@id\":\"https:\/\/www.homewizard.com\/sv\/#\/schema\/logo\/image\/\"},\"sameAs\":[\"https:\/\/www.facebook.com\/HomeWizardBV\/\",\"https:\/\/x.com\/HomeWizard_NL\",\"https:\/\/www.youtube.com\/HomeWizardBV\",\"https:\/\/www.instagram.com\/homewizardenergy\/\"]}]}<\/script>\n<!-- \/ Yoast SEO plugin. -->","yoast_head_json":{"title":"Integritetspolicy - HomeWizard","robots":{"index":"index","follow":"follow","max-snippet":"max-snippet:-1","max-image-preview":"max-image-preview:large","max-video-preview":"max-video-preview:-1"},"canonical":"https:\/\/www.homewizard.com\/sv\/integritetspolicy\/","og_locale":"sv_SE","og_type":"article","og_title":"Integritetspolicy - HomeWizard","og_description":"Integritetspolicy Denna Integritetspolicy g\u00e4ller f\u00f6r alla HomeWizard Energy-produkter och -tj\u00e4nster enligt HomeWizard Energys allm\u00e4nna villkor. Vi respekterar din integritet och vill vara \u00f6ppna om vilka uppgifter vi samlar in och vad de anv\u00e4nds till. Denna Integritetspolicy f\u00f6rklarar hur vi samlar in, skyddar, delar och anv\u00e4nder dina personuppgifter. HomeWizard B.V. \u00e4r ett nederl\u00e4ndskt f\u00f6retag. V\u00e5r aff\u00e4rsverksamhet&hellip;","og_url":"https:\/\/www.homewizard.com\/sv\/integritetspolicy\/","og_site_name":"HomeWizard","article_publisher":"https:\/\/www.facebook.com\/HomeWizardBV\/","article_modified_time":"2023-05-17T12:44:40+00:00","twitter_card":"summary_large_image","twitter_site":"@HomeWizard_NL","twitter_misc":{"Ber\u00e4knad l\u00e4stid":"10 minuter"},"schema":{"@context":"https:\/\/schema.org","@graph":[{"@type":"WebPage","@id":"https:\/\/www.homewizard.com\/sv\/integritetspolicy\/","url":"https:\/\/www.homewizard.com\/sv\/integritetspolicy\/","name":"Integritetspolicy - HomeWizard","isPartOf":{"@id":"https:\/\/www.homewizard.com\/sv\/#website"},"datePublished":"2023-05-17T12:44:39+00:00","dateModified":"2023-05-17T12:44:40+00:00","breadcrumb":{"@id":"https:\/\/www.homewizard.com\/sv\/integritetspolicy\/#breadcrumb"},"inLanguage":"sv-SE","potentialAction":[{"@type":"ReadAction","target":["https:\/\/www.homewizard.com\/sv\/integritetspolicy\/"]}]},{"@type":"BreadcrumbList","@id":"https:\/\/www.homewizard.com\/sv\/integritetspolicy\/#breadcrumb","itemListElement":[{"@type":"ListItem","position":1,"name":"Home","item":"https:\/\/www.homewizard.com\/sv\/"},{"@type":"ListItem","position":2,"name":"Integritetspolicy"}]},{"@type":"WebSite","@id":"https:\/\/www.homewizard.com\/sv\/#website","url":"https:\/\/www.homewizard.com\/sv\/","name":"HomeWizard","description":"HomeWizard Energy","publisher":{"@id":"https:\/\/www.homewizard.com\/sv\/#organization"},"potentialAction":[{"@type":"SearchAction","target":{"@type":"EntryPoint","urlTemplate":"https:\/\/www.homewizard.com\/sv\/?s={search_term_string}"},"query-input":{"@type":"PropertyValueSpecification","valueRequired":true,"valueName":"search_term_string"}}],"inLanguage":"sv-SE"},{"@type":"Organization","@id":"https:\/\/www.homewizard.com\/sv\/#organization","name":"HomeWizard","url":"https:\/\/www.homewizard.com\/sv\/","logo":{"@type":"ImageObject","inLanguage":"sv-SE","@id":"https:\/\/www.homewizard.com\/sv\/#\/schema\/logo\/image\/","url":"https:\/\/www.homewizard.com\/wp-content\/uploads\/2023\/06\/HomeWizard-icon-on-black.png","contentUrl":"https:\/\/www.homewizard.com\/wp-content\/uploads\/2023\/06\/HomeWizard-icon-on-black.png","width":500,"height":500,"caption":"HomeWizard"},"image":{"@id":"https:\/\/www.homewizard.com\/sv\/#\/schema\/logo\/image\/"},"sameAs":["https:\/\/www.facebook.com\/HomeWizardBV\/","https:\/\/x.com\/HomeWizard_NL","https:\/\/www.youtube.com\/HomeWizardBV","https:\/\/www.instagram.com\/homewizardenergy\/"]}]}},"_links":{"self":[{"href":"https:\/\/www.homewizard.com\/sv\/wp-json\/wp\/v2\/pages\/339303","targetHints":{"allow":["GET"]}}],"collection":[{"href":"https:\/\/www.homewizard.com\/sv\/wp-json\/wp\/v2\/pages"}],"about":[{"href":"https:\/\/www.homewizard.com\/sv\/wp-json\/wp\/v2\/types\/page"}],"author":[{"embeddable":true,"href":"https:\/\/www.homewizard.com\/sv\/wp-json\/wp\/v2\/users\/1"}],"replies":[{"embeddable":true,"href":"https:\/\/www.homewizard.com\/sv\/wp-json\/wp\/v2\/comments?post=339303"}],"version-history":[{"count":1,"href":"https:\/\/www.homewizard.com\/sv\/wp-json\/wp\/v2\/pages\/339303\/revisions"}],"predecessor-version":[{"id":339319,"href":"https:\/\/www.homewizard.com\/sv\/wp-json\/wp\/v2\/pages\/339303\/revisions\/339319"}],"wp:attachment":[{"href":"https:\/\/www.homewizard.com\/sv\/wp-json\/wp\/v2\/media?parent=339303"}],"curies":[{"name":"wp","href":"https:\/\/api.w.org\/{rel}","templated":true}]}}