{"id":1840847,"date":"2025-11-24T14:59:08","date_gmt":"2025-11-24T13:59:08","guid":{"rendered":"https:\/\/www.homewizard.com\/?page_id=1840847"},"modified":"2025-12-04T16:39:42","modified_gmt":"2025-12-04T15:39:42","slug":"green-friday","status":"publish","type":"page","link":"https:\/\/www.homewizard.com\/sv\/green-friday\/","title":{"rendered":"Green Friday"},"content":{"rendered":"<div class=\"contained_page wp-block-group eplus-wrapper eplus-styles-uid-ec1651\"><div class=\"wp-block-group__inner-container is-layout-constrained wp-block-group-is-layout-constrained\">\n<style>\n.green-friday-gradient {\n  font-family: 'Poppins', sans-serif;\n  font-weight: 600;\n  font-size: 56px;\n  line-height: 1.1;\n  margin: 0;\n\n  background: linear-gradient(135deg, #20F29B 0%, #02DACE 100%);\n  -webkit-background-clip: text;\n  -webkit-text-fill-color: transparent;\n  background-clip: text;\n  color: transparent;\n}\n<\/style>\n\n<h1 class=\"green-friday-gradient\">Green Friday.<\/h1>\n\n\n<div class=\"flex-column wp-block-columns eplus-wrapper is-layout-flex wp-container-core-columns-is-layout-9d6595d7 wp-block-columns-is-layout-flex eplus-styles-uid-775e94\">\n<div class=\"wp-block-column is-vertically-aligned-top eplus-wrapper is-layout-flow wp-block-column-is-layout-flow\" style=\"flex-basis:66.66%\">\n<p class=\" eplus-wrapper\">Kampanjen \u00e4r avslutad, men att anv\u00e4nda energi smart \u00e4r n\u00e5got du kan g\u00f6ra \u00e5ret runt. Uppt\u00e4ck v\u00e5ra anv\u00e4ndarv\u00e4nliga och prisv\u00e4rda produkter och f\u00e5 ut mer av din energi.<\/p>\n\n\n\n<h3 class=\" wp-block-heading eplus-wrapper\">Spara smart och h\u00e5llbart.<\/h3>\n\n\n\n<p class=\" eplus-wrapper\">Hos HomeWizard handlar det inte om stora rabatter, utan om smarta och h\u00e5llbara val som verkligen g\u00f6r skillnad. Vi tycker att energibesparing ska vara enkelt och tillg\u00e4ngligt f\u00f6r alla. D\u00e4rf\u00f6r har vi Green Friday ist\u00e4llet f\u00f6r Black Friday. Scrolla ner f\u00f6r att uppt\u00e4cka hur du kan spara energi p\u00e5 ett gr\u00f6nare s\u00e4tt.<\/p>\n<\/div>\n\n\n<div class=\"wp-block-column is-vertically-aligned-center eplus-wrapper is-layout-flow wp-block-column-is-layout-flow eplus-styles-uid-9462ad\" style=\"flex-basis:33.33%\"><div class=\"wp-block-image \">\n<figure class=\"aligncenter size-full is-resized eplus-wrapper\"><img loading=\"lazy\" decoding=\"async\" width=\"800\" height=\"548\" src=\"https:\/\/cdn.homewizard.com\/wp-content\/uploads\/2025\/11\/Green-Friday-icon.webp\" alt=\"\" class=\"wp-image-1839417\" style=\"width:283px;height:auto\" srcset=\"https:\/\/www.homewizard.com\/wp-content\/uploads\/2025\/11\/Green-Friday-icon.webp 800w, https:\/\/www.homewizard.com\/wp-content\/uploads\/2025\/11\/Green-Friday-icon-300x206.webp 300w, https:\/\/www.homewizard.com\/wp-content\/uploads\/2025\/11\/Green-Friday-icon-768x526.webp 768w\" sizes=\"auto, (max-width: 800px) 100vw, 800px\" \/><\/figure>\n<\/div><\/div><\/div>\n\n<div class=\"flex-column wp-block-columns eplus-wrapper is-layout-flex wp-container-core-columns-is-layout-9d6595d7 wp-block-columns-is-layout-flex eplus-styles-uid-db2932\"><div class=\"wp-block-column is-vertically-aligned-center eplus-wrapper is-layout-flow wp-block-column-is-layout-flow eplus-styles-uid-9462ad\" style=\"flex-basis:50%\"><div class=\"wp-block-image \">\n<figure class=\"aligncenter size-full eplus-wrapper\"><img loading=\"lazy\" decoding=\"async\" width=\"800\" height=\"548\" src=\"https:\/\/cdn.homewizard.com\/wp-content\/uploads\/2025\/11\/Green-Friday-product-family-no-gass.webp\" alt=\"\" class=\"wp-image-1843075\" srcset=\"https:\/\/www.homewizard.com\/wp-content\/uploads\/2025\/11\/Green-Friday-product-family-no-gass.webp 800w, https:\/\/www.homewizard.com\/wp-content\/uploads\/2025\/11\/Green-Friday-product-family-no-gass-300x206.webp 300w, https:\/\/www.homewizard.com\/wp-content\/uploads\/2025\/11\/Green-Friday-product-family-no-gass-768x526.webp 768w\" sizes=\"auto, (max-width: 800px) 100vw, 800px\" \/><\/figure>\n<\/div><\/div>\n\n\n<div class=\"wp-block-column is-vertically-aligned-top eplus-wrapper is-layout-flow wp-block-column-is-layout-flow\" style=\"flex-basis:50%\">\n<h2 class=\" wp-block-heading eplus-wrapper\"><strong>Fri frakt<\/strong>.<\/h2>\n\n\n\n<p class=\" eplus-wrapper\">Vi g\u00f6r det enklare f\u00f6r alla att spara energi denna Green Friday. Njut av fri frakt i v\u00e5r webbshop fram till m\u00e5ndag den 1 december. Hitta dolda energitjuvar med <a href=\"https:\/\/www.homewizard.com\/sv\/energy-uttag\/\">Energy Socket<\/a> eller skaffa en <a href=\"https:\/\/www.homewizard.com\/sv\/energy-display\/\">Energy Display<\/a> f\u00f6r att se vad som h\u00e4nder i ditt hem utan att ta fram telefonen.<\/p>\n\n\n<div class=\"wp-block-buttons eplus-wrapper is-layout-flex wp-block-buttons-is-layout-flex eplus-styles-uid-2da7fd\"><div class=\"button_outline is-style-fill wp-block-button eplus-wrapper eplus-styles-uid-290572\"><a class=\"wp-block-button__link wp-element-button\" href=\"https:\/\/www.homewizard.com\/sv\/butik\/\" style=\"border-radius:10px\"><strong><strong>Handla Green Friday<\/strong><\/strong><\/a><\/div><\/div><\/div>\n<\/div>\n\n<div class=\"flex-column-reverse wp-block-columns eplus-wrapper is-layout-flex wp-container-core-columns-is-layout-9d6595d7 wp-block-columns-is-layout-flex eplus-styles-uid-4f6c67\">\n<div class=\"wp-block-column eplus-wrapper is-layout-flow wp-block-column-is-layout-flow\" style=\"flex-basis:50%\">\n<h2 class=\" wp-block-heading eplus-wrapper\"><strong>L\u00e4mna n\u00e5got gr\u00f6nt efter dig.<\/strong><\/h2>\n\n\n\n<p class=\" eplus-wrapper\">Denna Green Friday ger vi n\u00e5got tillbaka till naturen. F\u00f6r varje k\u00f6p under Green Friday donerar vi till <em>Trees for All<\/em>, som st\u00f6der \u00e5terplantering av regnskog p\u00e5 Borneo. P\u00e5 s\u00e5 s\u00e4tt g\u00f6r du inte bara ditt hem, utan ocks\u00e5 v\u00e4rlden lite gr\u00f6nare.<\/p>\n\n\n<div class=\"wp-block-buttons eplus-wrapper is-layout-flex wp-block-buttons-is-layout-flex eplus-styles-uid-2da7fd\"><div class=\"button_outline is-style-fill wp-block-button eplus-wrapper eplus-styles-uid-7d5545\"><a class=\"wp-block-button__link wp-element-button\" href=\"https:\/\/www.homewizard.com\/sv\/butik\/\" style=\"border-radius:10px\"><strong><strong>Handla nu<\/strong><\/strong><\/a><\/div><\/div><\/div>\n\n\n<div class=\"wp-block-column is-vertically-aligned-center eplus-wrapper is-layout-flow wp-block-column-is-layout-flow eplus-styles-uid-9462ad\" style=\"flex-basis:50%\"><div class=\"wp-block-image \">\n<figure class=\"aligncenter size-full eplus-wrapper\"><img loading=\"lazy\" decoding=\"async\" width=\"800\" height=\"548\" src=\"https:\/\/cdn.homewizard.com\/wp-content\/uploads\/2025\/11\/Green-Friday-Trees-in-Borneo-1.webp\" alt=\"\" class=\"wp-image-1838174\" srcset=\"https:\/\/www.homewizard.com\/wp-content\/uploads\/2025\/11\/Green-Friday-Trees-in-Borneo-1.webp 800w, https:\/\/www.homewizard.com\/wp-content\/uploads\/2025\/11\/Green-Friday-Trees-in-Borneo-1-300x206.webp 300w, https:\/\/www.homewizard.com\/wp-content\/uploads\/2025\/11\/Green-Friday-Trees-in-Borneo-1-768x526.webp 768w\" sizes=\"auto, (max-width: 800px) 100vw, 800px\" \/><\/figure>\n<\/div><\/div><\/div>\n\n<div class=\"wp-block-group eplus-wrapper eplus-styles-uid-5dfa20\"><div class=\"wp-block-group__inner-container is-layout-flow wp-block-group-is-layout-flow\">\n<h2 class=\" wp-block-heading eplus-wrapper\"><strong>Vanliga fr\u00e5gor<\/strong>.<\/h2>\n\n\n\n<h3 class=\" wp-block-heading eplus-wrapper\"><strong><strong><strong>Hur l\u00e4nge varar Green Friday-erbjudandet?<\/strong><\/strong><\/strong><\/h3>\n\n\n\n<p class=\" eplus-wrapper\">Green Friday hos HomeWizard <strong>p\u00e5g\u00e5r till m\u00e5ndag den 1 december 2025<\/strong> (Cyber Monday). Fr\u00e5n och med tisdag den 2 december g\u00e4ller fri frakt endast f\u00f6r best\u00e4llningar \u00f6ver 69 kr, som vanligt.<\/p>\n\n\n\n<h3 class=\" wp-block-heading eplus-wrapper\"><strong><strong><strong>Vad \u00e4r leveranstiden?<\/strong><\/strong><\/strong><\/h3>\n\n\n\n<p class=\" eplus-wrapper\">Vi b\u00f6rjar behandla din best\u00e4llning direkt. I de flesta fall packas den inom n\u00e5gra minuter och skickas samma dag. P\u00e5 grund av h\u00f6g belastning under Black Friday kan leveransen ta lite l\u00e4ngre tid hos transport\u00f6ren. Du f\u00e5r en sp\u00e5rningsl\u00e4nk s\u00e5 snart ditt paket \u00e4r p\u00e5 v\u00e4g. Leveranstiden \u00e4r 1\u20133 dagar i Nederl\u00e4nderna och Belgien och 2\u20137 arbetsdagar i \u00f6vriga EU-l\u00e4nder. Leveranser utanf\u00f6r EU kan ta n\u00e5gra extra dagar beroende p\u00e5 tullhantering.<\/p>\n\n\n\n<h3 class=\" wp-block-heading eplus-wrapper\"><strong><strong>Varf\u00f6r inte bara Black Friday?<\/strong><\/strong><\/h3>\n\n\n\n<p class=\" eplus-wrapper\">Hos HomeWizard handlar det inte om att k\u00f6pa mer, utan om att anv\u00e4nda din energi smartare. D\u00e4rf\u00f6r v\u00e4ljer vi Green Friday \u2013 ett tillf\u00e4lle att g\u00f6ra h\u00e5llbara val mer tillg\u00e4ngliga. Mindre sl\u00f6seri, mer kontroll \u00f6ver din energi.<\/p>\n\n\n\n<h3 class=\" wp-block-heading eplus-wrapper\"><strong><strong><strong><strong>Vad inneb\u00e4r samarbetet med Trees for All?<\/strong><\/strong><\/strong><\/strong><\/h3>\n\n\n\n<p class=\" eplus-wrapper\">F\u00f6r varje k\u00f6p under Green Friday donerar vi till <a href=\"https:\/\/treesforall.nl\/en\/\" target=\"_blank\" rel=\"noreferrer noopener\">Trees for All<\/a>, f\u00f6r att st\u00f6dja \u00e5terplanteringsprojekt p\u00e5 Borneo. Det betyder att ditt k\u00f6p bidrar direkt till en gr\u00f6nare v\u00e4rld. Efter kampanjen donerar vi upp till 500 tr\u00e4d.<\/p>\n<\/div><\/div><\/div><\/div>","protected":false},"excerpt":{"rendered":"<p>Green Friday. Kampanjen \u00e4r avslutad, men att anv\u00e4nda energi smart \u00e4r n\u00e5got du kan g\u00f6ra \u00e5ret runt. Uppt\u00e4ck v\u00e5ra anv\u00e4ndarv\u00e4nliga och prisv\u00e4rda produkter och f\u00e5 ut mer av din energi. Spara smart och h\u00e5llbart. Hos HomeWizard handlar det inte om stora rabatter, utan om smarta och h\u00e5llbara val som verkligen g\u00f6r skillnad. Vi tycker att&hellip;<\/p>\n","protected":false},"author":702268,"featured_media":0,"parent":0,"menu_order":0,"comment_status":"closed","ping_status":"closed","template":"","meta":{"_acf_changed":false,"editor_plus_copied_stylings":"{}","footnotes":""},"class_list":["post-1840847","page","type-page","status-publish","hentry"],"acf":[],"yoast_head":"<!-- This site is optimized with the Yoast SEO plugin v27.0 - https:\/\/yoast.com\/product\/yoast-seo-wordpress\/ -->\n<title>Green Friday 2025 hos HomeWizard<\/title>\n<meta name=\"description\" content=\"V\u00e4lj Green Friday ist\u00e4llet f\u00f6r Black Friday hos HomeWizard. Njut av fri frakt p\u00e5 alla produkter och hj\u00e4lp till att \u00e5terplantera tropisk skog med varje k\u00f6p.\" \/>\n<meta name=\"robots\" content=\"index, follow, max-snippet:-1, max-image-preview:large, max-video-preview:-1\" \/>\n<link rel=\"canonical\" href=\"https:\/\/www.homewizard.com\/sv\/green-friday\/\" \/>\n<meta property=\"og:locale\" content=\"sv_SE\" \/>\n<meta property=\"og:type\" content=\"article\" \/>\n<meta property=\"og:title\" content=\"Green Friday 2025 hos HomeWizard\" \/>\n<meta property=\"og:description\" content=\"V\u00e4lj Green Friday ist\u00e4llet f\u00f6r Black Friday hos HomeWizard. Njut av fri frakt p\u00e5 alla produkter och hj\u00e4lp till att \u00e5terplantera tropisk skog med varje k\u00f6p.\" \/>\n<meta property=\"og:url\" content=\"https:\/\/www.homewizard.com\/sv\/green-friday\/\" \/>\n<meta property=\"og:site_name\" content=\"HomeWizard\" \/>\n<meta property=\"article:publisher\" content=\"https:\/\/www.facebook.com\/HomeWizardBV\/\" \/>\n<meta property=\"article:modified_time\" content=\"2025-12-04T15:39:42+00:00\" \/>\n<meta property=\"og:image\" content=\"https:\/\/www.homewizard.com\/wp-content\/uploads\/2025\/11\/Green-Friday-icon.webp\" \/>\n\t<meta property=\"og:image:width\" content=\"800\" \/>\n\t<meta property=\"og:image:height\" content=\"548\" \/>\n\t<meta property=\"og:image:type\" content=\"image\/webp\" \/>\n<meta name=\"twitter:card\" content=\"summary_large_image\" \/>\n<meta name=\"twitter:site\" content=\"@HomeWizard_NL\" \/>\n<meta name=\"twitter:label1\" content=\"Ber\u00e4knad l\u00e4stid\" \/>\n\t<meta name=\"twitter:data1\" content=\"3 minuter\" \/>\n<script type=\"application\/ld+json\" class=\"yoast-schema-graph\">{\"@context\":\"https:\/\/schema.org\",\"@graph\":[{\"@type\":\"WebPage\",\"@id\":\"https:\/\/www.homewizard.com\/sv\/green-friday\/\",\"url\":\"https:\/\/www.homewizard.com\/sv\/green-friday\/\",\"name\":\"Green Friday 2025 hos HomeWizard\",\"isPartOf\":{\"@id\":\"https:\/\/www.homewizard.com\/sv\/#website\"},\"primaryImageOfPage\":{\"@id\":\"https:\/\/www.homewizard.com\/sv\/green-friday\/#primaryimage\"},\"image\":{\"@id\":\"https:\/\/www.homewizard.com\/sv\/green-friday\/#primaryimage\"},\"thumbnailUrl\":\"https:\/\/cdn.homewizard.com\/wp-content\/uploads\/2025\/11\/Green-Friday-icon.webp\",\"datePublished\":\"2025-11-24T13:59:08+00:00\",\"dateModified\":\"2025-12-04T15:39:42+00:00\",\"description\":\"V\u00e4lj Green Friday ist\u00e4llet f\u00f6r Black Friday hos HomeWizard. Njut av fri frakt p\u00e5 alla produkter och hj\u00e4lp till att \u00e5terplantera tropisk skog med varje k\u00f6p.\",\"breadcrumb\":{\"@id\":\"https:\/\/www.homewizard.com\/sv\/green-friday\/#breadcrumb\"},\"inLanguage\":\"sv-SE\",\"potentialAction\":[{\"@type\":\"ReadAction\",\"target\":[\"https:\/\/www.homewizard.com\/sv\/green-friday\/\"]}]},{\"@type\":\"ImageObject\",\"inLanguage\":\"sv-SE\",\"@id\":\"https:\/\/www.homewizard.com\/sv\/green-friday\/#primaryimage\",\"url\":\"https:\/\/cdn.homewizard.com\/wp-content\/uploads\/2025\/11\/Green-Friday-icon.webp\",\"contentUrl\":\"https:\/\/cdn.homewizard.com\/wp-content\/uploads\/2025\/11\/Green-Friday-icon.webp\"},{\"@type\":\"BreadcrumbList\",\"@id\":\"https:\/\/www.homewizard.com\/sv\/green-friday\/#breadcrumb\",\"itemListElement\":[{\"@type\":\"ListItem\",\"position\":1,\"name\":\"Home\",\"item\":\"https:\/\/www.homewizard.com\/sv\/\"},{\"@type\":\"ListItem\",\"position\":2,\"name\":\"Green Friday\"}]},{\"@type\":\"WebSite\",\"@id\":\"https:\/\/www.homewizard.com\/sv\/#website\",\"url\":\"https:\/\/www.homewizard.com\/sv\/\",\"name\":\"HomeWizard\",\"description\":\"HomeWizard Energy\",\"publisher\":{\"@id\":\"https:\/\/www.homewizard.com\/sv\/#organization\"},\"potentialAction\":[{\"@type\":\"SearchAction\",\"target\":{\"@type\":\"EntryPoint\",\"urlTemplate\":\"https:\/\/www.homewizard.com\/sv\/?s={search_term_string}\"},\"query-input\":{\"@type\":\"PropertyValueSpecification\",\"valueRequired\":true,\"valueName\":\"search_term_string\"}}],\"inLanguage\":\"sv-SE\"},{\"@type\":\"Organization\",\"@id\":\"https:\/\/www.homewizard.com\/sv\/#organization\",\"name\":\"HomeWizard\",\"url\":\"https:\/\/www.homewizard.com\/sv\/\",\"logo\":{\"@type\":\"ImageObject\",\"inLanguage\":\"sv-SE\",\"@id\":\"https:\/\/www.homewizard.com\/sv\/#\/schema\/logo\/image\/\",\"url\":\"https:\/\/www.homewizard.com\/wp-content\/uploads\/2023\/06\/HomeWizard-icon-on-black.png\",\"contentUrl\":\"https:\/\/www.homewizard.com\/wp-content\/uploads\/2023\/06\/HomeWizard-icon-on-black.png\",\"width\":500,\"height\":500,\"caption\":\"HomeWizard\"},\"image\":{\"@id\":\"https:\/\/www.homewizard.com\/sv\/#\/schema\/logo\/image\/\"},\"sameAs\":[\"https:\/\/www.facebook.com\/HomeWizardBV\/\",\"https:\/\/x.com\/HomeWizard_NL\",\"https:\/\/www.youtube.com\/HomeWizardBV\",\"https:\/\/www.instagram.com\/homewizardenergy\/\"]}]}<\/script>\n<!-- \/ Yoast SEO plugin. -->","yoast_head_json":{"title":"Green Friday 2025 hos HomeWizard","description":"V\u00e4lj Green Friday ist\u00e4llet f\u00f6r Black Friday hos HomeWizard. Njut av fri frakt p\u00e5 alla produkter och hj\u00e4lp till att \u00e5terplantera tropisk skog med varje k\u00f6p.","robots":{"index":"index","follow":"follow","max-snippet":"max-snippet:-1","max-image-preview":"max-image-preview:large","max-video-preview":"max-video-preview:-1"},"canonical":"https:\/\/www.homewizard.com\/sv\/green-friday\/","og_locale":"sv_SE","og_type":"article","og_title":"Green Friday 2025 hos HomeWizard","og_description":"V\u00e4lj Green Friday ist\u00e4llet f\u00f6r Black Friday hos HomeWizard. Njut av fri frakt p\u00e5 alla produkter och hj\u00e4lp till att \u00e5terplantera tropisk skog med varje k\u00f6p.","og_url":"https:\/\/www.homewizard.com\/sv\/green-friday\/","og_site_name":"HomeWizard","article_publisher":"https:\/\/www.facebook.com\/HomeWizardBV\/","article_modified_time":"2025-12-04T15:39:42+00:00","og_image":[{"width":800,"height":548,"url":"https:\/\/www.homewizard.com\/wp-content\/uploads\/2025\/11\/Green-Friday-icon.webp","type":"image\/webp"}],"twitter_card":"summary_large_image","twitter_site":"@HomeWizard_NL","twitter_misc":{"Ber\u00e4knad l\u00e4stid":"3 minuter"},"schema":{"@context":"https:\/\/schema.org","@graph":[{"@type":"WebPage","@id":"https:\/\/www.homewizard.com\/sv\/green-friday\/","url":"https:\/\/www.homewizard.com\/sv\/green-friday\/","name":"Green Friday 2025 hos HomeWizard","isPartOf":{"@id":"https:\/\/www.homewizard.com\/sv\/#website"},"primaryImageOfPage":{"@id":"https:\/\/www.homewizard.com\/sv\/green-friday\/#primaryimage"},"image":{"@id":"https:\/\/www.homewizard.com\/sv\/green-friday\/#primaryimage"},"thumbnailUrl":"https:\/\/cdn.homewizard.com\/wp-content\/uploads\/2025\/11\/Green-Friday-icon.webp","datePublished":"2025-11-24T13:59:08+00:00","dateModified":"2025-12-04T15:39:42+00:00","description":"V\u00e4lj Green Friday ist\u00e4llet f\u00f6r Black Friday hos HomeWizard. Njut av fri frakt p\u00e5 alla produkter och hj\u00e4lp till att \u00e5terplantera tropisk skog med varje k\u00f6p.","breadcrumb":{"@id":"https:\/\/www.homewizard.com\/sv\/green-friday\/#breadcrumb"},"inLanguage":"sv-SE","potentialAction":[{"@type":"ReadAction","target":["https:\/\/www.homewizard.com\/sv\/green-friday\/"]}]},{"@type":"ImageObject","inLanguage":"sv-SE","@id":"https:\/\/www.homewizard.com\/sv\/green-friday\/#primaryimage","url":"https:\/\/cdn.homewizard.com\/wp-content\/uploads\/2025\/11\/Green-Friday-icon.webp","contentUrl":"https:\/\/cdn.homewizard.com\/wp-content\/uploads\/2025\/11\/Green-Friday-icon.webp"},{"@type":"BreadcrumbList","@id":"https:\/\/www.homewizard.com\/sv\/green-friday\/#breadcrumb","itemListElement":[{"@type":"ListItem","position":1,"name":"Home","item":"https:\/\/www.homewizard.com\/sv\/"},{"@type":"ListItem","position":2,"name":"Green Friday"}]},{"@type":"WebSite","@id":"https:\/\/www.homewizard.com\/sv\/#website","url":"https:\/\/www.homewizard.com\/sv\/","name":"HomeWizard","description":"HomeWizard Energy","publisher":{"@id":"https:\/\/www.homewizard.com\/sv\/#organization"},"potentialAction":[{"@type":"SearchAction","target":{"@type":"EntryPoint","urlTemplate":"https:\/\/www.homewizard.com\/sv\/?s={search_term_string}"},"query-input":{"@type":"PropertyValueSpecification","valueRequired":true,"valueName":"search_term_string"}}],"inLanguage":"sv-SE"},{"@type":"Organization","@id":"https:\/\/www.homewizard.com\/sv\/#organization","name":"HomeWizard","url":"https:\/\/www.homewizard.com\/sv\/","logo":{"@type":"ImageObject","inLanguage":"sv-SE","@id":"https:\/\/www.homewizard.com\/sv\/#\/schema\/logo\/image\/","url":"https:\/\/www.homewizard.com\/wp-content\/uploads\/2023\/06\/HomeWizard-icon-on-black.png","contentUrl":"https:\/\/www.homewizard.com\/wp-content\/uploads\/2023\/06\/HomeWizard-icon-on-black.png","width":500,"height":500,"caption":"HomeWizard"},"image":{"@id":"https:\/\/www.homewizard.com\/sv\/#\/schema\/logo\/image\/"},"sameAs":["https:\/\/www.facebook.com\/HomeWizardBV\/","https:\/\/x.com\/HomeWizard_NL","https:\/\/www.youtube.com\/HomeWizardBV","https:\/\/www.instagram.com\/homewizardenergy\/"]}]}},"_links":{"self":[{"href":"https:\/\/www.homewizard.com\/sv\/wp-json\/wp\/v2\/pages\/1840847","targetHints":{"allow":["GET"]}}],"collection":[{"href":"https:\/\/www.homewizard.com\/sv\/wp-json\/wp\/v2\/pages"}],"about":[{"href":"https:\/\/www.homewizard.com\/sv\/wp-json\/wp\/v2\/types\/page"}],"author":[{"embeddable":true,"href":"https:\/\/www.homewizard.com\/sv\/wp-json\/wp\/v2\/users\/702268"}],"replies":[{"embeddable":true,"href":"https:\/\/www.homewizard.com\/sv\/wp-json\/wp\/v2\/comments?post=1840847"}],"version-history":[{"count":6,"href":"https:\/\/www.homewizard.com\/sv\/wp-json\/wp\/v2\/pages\/1840847\/revisions"}],"predecessor-version":[{"id":1907126,"href":"https:\/\/www.homewizard.com\/sv\/wp-json\/wp\/v2\/pages\/1840847\/revisions\/1907126"}],"wp:attachment":[{"href":"https:\/\/www.homewizard.com\/sv\/wp-json\/wp\/v2\/media?parent=1840847"}],"curies":[{"name":"wp","href":"https:\/\/api.w.org\/{rel}","templated":true}]}}