{"id":1739380,"date":"2025-09-19T10:31:01","date_gmt":"2025-09-19T08:31:01","guid":{"rendered":"https:\/\/www.homewizard.com\/?page_id=1739380"},"modified":"2026-03-25T14:47:34","modified_gmt":"2026-03-25T13:47:34","slug":"p1-matare","status":"publish","type":"page","link":"https:\/\/www.homewizard.com\/sv\/p1-matare\/","title":{"rendered":"P1-m\u00e4tare"},"content":{"rendered":"\n<p class=\" eplus-wrapper\"><\/p>\n","protected":false},"excerpt":{"rendered":"","protected":false},"author":702268,"featured_media":0,"parent":0,"menu_order":0,"comment_status":"closed","ping_status":"closed","template":"custom-templates\/p1-meter-2.php","meta":{"_acf_changed":false,"editor_plus_copied_stylings":"{}","footnotes":""},"class_list":["post-1739380","page","type-page","status-publish","hentry"],"acf":[],"yoast_head":"<!-- This site is optimized with the Yoast SEO plugin v27.0 - https:\/\/yoast.com\/product\/yoast-seo-wordpress\/ -->\n<title>P1 Meter: inblick i din energif\u00f6rbrukning - HomeWizard<\/title>\n<meta name=\"description\" content=\"Du f\u00e5r en levande inblick i din energif\u00f6rbrukning med HomeWizard P1-m\u00e4taren. Koppla in den smarta m\u00e4taren, anslut till Wi-Fi och klart!\" \/>\n<meta name=\"robots\" content=\"index, follow, max-snippet:-1, max-image-preview:large, max-video-preview:-1\" \/>\n<link rel=\"canonical\" href=\"https:\/\/www.homewizard.com\/sv\/p1-matare\/\" \/>\n<meta property=\"og:locale\" content=\"sv_SE\" \/>\n<meta property=\"og:type\" content=\"article\" \/>\n<meta property=\"og:title\" content=\"P1 Meter: inblick i din energif\u00f6rbrukning - HomeWizard\" \/>\n<meta property=\"og:description\" content=\"Du f\u00e5r en levande inblick i din energif\u00f6rbrukning med HomeWizard P1-m\u00e4taren. Koppla in den smarta m\u00e4taren, anslut till Wi-Fi och klart!\" \/>\n<meta property=\"og:url\" content=\"https:\/\/www.homewizard.com\/sv\/p1-matare\/\" \/>\n<meta property=\"og:site_name\" content=\"HomeWizard\" \/>\n<meta property=\"article:publisher\" content=\"https:\/\/www.facebook.com\/HomeWizardBV\/\" \/>\n<meta property=\"article:modified_time\" content=\"2026-03-25T13:47:34+00:00\" \/>\n<meta name=\"twitter:card\" content=\"summary_large_image\" \/>\n<meta name=\"twitter:site\" content=\"@HomeWizard_NL\" \/>\n<script type=\"application\/ld+json\" class=\"yoast-schema-graph\">{\"@context\":\"https:\/\/schema.org\",\"@graph\":[{\"@type\":\"WebPage\",\"@id\":\"https:\/\/www.homewizard.com\/sv\/p1-matare\/\",\"url\":\"https:\/\/www.homewizard.com\/sv\/p1-matare\/\",\"name\":\"P1 Meter: inblick i din energif\u00f6rbrukning - HomeWizard\",\"isPartOf\":{\"@id\":\"https:\/\/www.homewizard.com\/sv\/#website\"},\"datePublished\":\"2025-09-19T08:31:01+00:00\",\"dateModified\":\"2026-03-25T13:47:34+00:00\",\"description\":\"Du f\u00e5r en levande inblick i din energif\u00f6rbrukning med HomeWizard P1-m\u00e4taren. Koppla in den smarta m\u00e4taren, anslut till Wi-Fi och klart!\",\"breadcrumb\":{\"@id\":\"https:\/\/www.homewizard.com\/sv\/p1-matare\/#breadcrumb\"},\"inLanguage\":\"sv-SE\",\"potentialAction\":[{\"@type\":\"ReadAction\",\"target\":[\"https:\/\/www.homewizard.com\/sv\/p1-matare\/\"]}]},{\"@type\":\"BreadcrumbList\",\"@id\":\"https:\/\/www.homewizard.com\/sv\/p1-matare\/#breadcrumb\",\"itemListElement\":[{\"@type\":\"ListItem\",\"position\":1,\"name\":\"Home\",\"item\":\"https:\/\/www.homewizard.com\/sv\/\"},{\"@type\":\"ListItem\",\"position\":2,\"name\":\"P1-m\u00e4tare\"}]},{\"@type\":\"WebSite\",\"@id\":\"https:\/\/www.homewizard.com\/sv\/#website\",\"url\":\"https:\/\/www.homewizard.com\/sv\/\",\"name\":\"HomeWizard\",\"description\":\"HomeWizard Energy\",\"publisher\":{\"@id\":\"https:\/\/www.homewizard.com\/sv\/#organization\"},\"potentialAction\":[{\"@type\":\"SearchAction\",\"target\":{\"@type\":\"EntryPoint\",\"urlTemplate\":\"https:\/\/www.homewizard.com\/sv\/?s={search_term_string}\"},\"query-input\":{\"@type\":\"PropertyValueSpecification\",\"valueRequired\":true,\"valueName\":\"search_term_string\"}}],\"inLanguage\":\"sv-SE\"},{\"@type\":\"Organization\",\"@id\":\"https:\/\/www.homewizard.com\/sv\/#organization\",\"name\":\"HomeWizard\",\"url\":\"https:\/\/www.homewizard.com\/sv\/\",\"logo\":{\"@type\":\"ImageObject\",\"inLanguage\":\"sv-SE\",\"@id\":\"https:\/\/www.homewizard.com\/sv\/#\/schema\/logo\/image\/\",\"url\":\"https:\/\/www.homewizard.com\/wp-content\/uploads\/2023\/06\/HomeWizard-icon-on-black.png\",\"contentUrl\":\"https:\/\/www.homewizard.com\/wp-content\/uploads\/2023\/06\/HomeWizard-icon-on-black.png\",\"width\":500,\"height\":500,\"caption\":\"HomeWizard\"},\"image\":{\"@id\":\"https:\/\/www.homewizard.com\/sv\/#\/schema\/logo\/image\/\"},\"sameAs\":[\"https:\/\/www.facebook.com\/HomeWizardBV\/\",\"https:\/\/x.com\/HomeWizard_NL\",\"https:\/\/www.youtube.com\/HomeWizardBV\",\"https:\/\/www.instagram.com\/homewizardenergy\/\"]}]}<\/script>\n<!-- \/ Yoast SEO plugin. -->","yoast_head_json":{"title":"P1 Meter: inblick i din energif\u00f6rbrukning - HomeWizard","description":"Du f\u00e5r en levande inblick i din energif\u00f6rbrukning med HomeWizard P1-m\u00e4taren. Koppla in den smarta m\u00e4taren, anslut till Wi-Fi och klart!","robots":{"index":"index","follow":"follow","max-snippet":"max-snippet:-1","max-image-preview":"max-image-preview:large","max-video-preview":"max-video-preview:-1"},"canonical":"https:\/\/www.homewizard.com\/sv\/p1-matare\/","og_locale":"sv_SE","og_type":"article","og_title":"P1 Meter: inblick i din energif\u00f6rbrukning - HomeWizard","og_description":"Du f\u00e5r en levande inblick i din energif\u00f6rbrukning med HomeWizard P1-m\u00e4taren. Koppla in den smarta m\u00e4taren, anslut till Wi-Fi och klart!","og_url":"https:\/\/www.homewizard.com\/sv\/p1-matare\/","og_site_name":"HomeWizard","article_publisher":"https:\/\/www.facebook.com\/HomeWizardBV\/","article_modified_time":"2026-03-25T13:47:34+00:00","twitter_card":"summary_large_image","twitter_site":"@HomeWizard_NL","schema":{"@context":"https:\/\/schema.org","@graph":[{"@type":"WebPage","@id":"https:\/\/www.homewizard.com\/sv\/p1-matare\/","url":"https:\/\/www.homewizard.com\/sv\/p1-matare\/","name":"P1 Meter: inblick i din energif\u00f6rbrukning - HomeWizard","isPartOf":{"@id":"https:\/\/www.homewizard.com\/sv\/#website"},"datePublished":"2025-09-19T08:31:01+00:00","dateModified":"2026-03-25T13:47:34+00:00","description":"Du f\u00e5r en levande inblick i din energif\u00f6rbrukning med HomeWizard P1-m\u00e4taren. Koppla in den smarta m\u00e4taren, anslut till Wi-Fi och klart!","breadcrumb":{"@id":"https:\/\/www.homewizard.com\/sv\/p1-matare\/#breadcrumb"},"inLanguage":"sv-SE","potentialAction":[{"@type":"ReadAction","target":["https:\/\/www.homewizard.com\/sv\/p1-matare\/"]}]},{"@type":"BreadcrumbList","@id":"https:\/\/www.homewizard.com\/sv\/p1-matare\/#breadcrumb","itemListElement":[{"@type":"ListItem","position":1,"name":"Home","item":"https:\/\/www.homewizard.com\/sv\/"},{"@type":"ListItem","position":2,"name":"P1-m\u00e4tare"}]},{"@type":"WebSite","@id":"https:\/\/www.homewizard.com\/sv\/#website","url":"https:\/\/www.homewizard.com\/sv\/","name":"HomeWizard","description":"HomeWizard Energy","publisher":{"@id":"https:\/\/www.homewizard.com\/sv\/#organization"},"potentialAction":[{"@type":"SearchAction","target":{"@type":"EntryPoint","urlTemplate":"https:\/\/www.homewizard.com\/sv\/?s={search_term_string}"},"query-input":{"@type":"PropertyValueSpecification","valueRequired":true,"valueName":"search_term_string"}}],"inLanguage":"sv-SE"},{"@type":"Organization","@id":"https:\/\/www.homewizard.com\/sv\/#organization","name":"HomeWizard","url":"https:\/\/www.homewizard.com\/sv\/","logo":{"@type":"ImageObject","inLanguage":"sv-SE","@id":"https:\/\/www.homewizard.com\/sv\/#\/schema\/logo\/image\/","url":"https:\/\/www.homewizard.com\/wp-content\/uploads\/2023\/06\/HomeWizard-icon-on-black.png","contentUrl":"https:\/\/www.homewizard.com\/wp-content\/uploads\/2023\/06\/HomeWizard-icon-on-black.png","width":500,"height":500,"caption":"HomeWizard"},"image":{"@id":"https:\/\/www.homewizard.com\/sv\/#\/schema\/logo\/image\/"},"sameAs":["https:\/\/www.facebook.com\/HomeWizardBV\/","https:\/\/x.com\/HomeWizard_NL","https:\/\/www.youtube.com\/HomeWizardBV","https:\/\/www.instagram.com\/homewizardenergy\/"]}]}},"_links":{"self":[{"href":"https:\/\/www.homewizard.com\/sv\/wp-json\/wp\/v2\/pages\/1739380","targetHints":{"allow":["GET"]}}],"collection":[{"href":"https:\/\/www.homewizard.com\/sv\/wp-json\/wp\/v2\/pages"}],"about":[{"href":"https:\/\/www.homewizard.com\/sv\/wp-json\/wp\/v2\/types\/page"}],"author":[{"embeddable":true,"href":"https:\/\/www.homewizard.com\/sv\/wp-json\/wp\/v2\/users\/702268"}],"replies":[{"embeddable":true,"href":"https:\/\/www.homewizard.com\/sv\/wp-json\/wp\/v2\/comments?post=1739380"}],"version-history":[{"count":13,"href":"https:\/\/www.homewizard.com\/sv\/wp-json\/wp\/v2\/pages\/1739380\/revisions"}],"predecessor-version":[{"id":2088203,"href":"https:\/\/www.homewizard.com\/sv\/wp-json\/wp\/v2\/pages\/1739380\/revisions\/2088203"}],"wp:attachment":[{"href":"https:\/\/www.homewizard.com\/sv\/wp-json\/wp\/v2\/media?parent=1739380"}],"curies":[{"name":"wp","href":"https:\/\/api.w.org\/{rel}","templated":true}]}}