{"id":1342485,"date":"2025-02-27T14:51:24","date_gmt":"2025-02-27T13:51:24","guid":{"rendered":"https:\/\/www.homewizard.com\/?page_id=1342485"},"modified":"2025-12-18T09:48:14","modified_gmt":"2025-12-18T08:48:14","slug":"vattenmatare","status":"publish","type":"page","link":"https:\/\/www.homewizard.com\/sv\/vattenmatare\/","title":{"rendered":"Vattenm\u00e4tare"},"content":{"rendered":"","protected":false},"excerpt":{"rendered":"","protected":false},"author":702268,"featured_media":0,"parent":0,"menu_order":0,"comment_status":"closed","ping_status":"closed","template":"custom-templates\/watermeter.php","meta":{"_acf_changed":false,"editor_plus_copied_stylings":"{}","footnotes":""},"class_list":["post-1342485","page","type-page","status-publish","hentry"],"acf":[],"yoast_head":"<!-- This site is optimized with the Yoast SEO plugin v27.0 - https:\/\/yoast.com\/product\/yoast-seo-wordpress\/ -->\n<title>Insikt i din vattenf\u00f6rbrukning - HomeWizard<\/title>\n<meta name=\"description\" content=\"HomeWizards vattenm\u00e4tare ger dig en inblick i din vattenf\u00f6rbrukning i realtid. P\u00e5 s\u00e5 s\u00e4tt vet du exakt hur mycket vatten du f\u00f6rbrukar n\u00e4r du fyller ett bad, tv\u00e4ttar h\u00e4nderna eller duschar.\" \/>\n<meta name=\"robots\" content=\"index, follow, max-snippet:-1, max-image-preview:large, max-video-preview:-1\" \/>\n<link rel=\"canonical\" href=\"https:\/\/www.homewizard.com\/sv\/vattenmatare\/\" \/>\n<meta property=\"og:locale\" content=\"sv_SE\" \/>\n<meta property=\"og:type\" content=\"article\" \/>\n<meta property=\"og:title\" content=\"Insikt i din vattenf\u00f6rbrukning - HomeWizard\" \/>\n<meta property=\"og:description\" content=\"HomeWizards vattenm\u00e4tare ger dig en inblick i din vattenf\u00f6rbrukning i realtid. P\u00e5 s\u00e5 s\u00e4tt vet du exakt hur mycket vatten du f\u00f6rbrukar n\u00e4r du fyller ett bad, tv\u00e4ttar h\u00e4nderna eller duschar.\" \/>\n<meta property=\"og:url\" content=\"https:\/\/www.homewizard.com\/sv\/vattenmatare\/\" \/>\n<meta property=\"og:site_name\" content=\"HomeWizard\" \/>\n<meta property=\"article:publisher\" content=\"https:\/\/www.facebook.com\/HomeWizardBV\/\" \/>\n<meta property=\"article:modified_time\" content=\"2025-12-18T08:48:14+00:00\" \/>\n<meta name=\"twitter:card\" content=\"summary_large_image\" \/>\n<meta name=\"twitter:site\" content=\"@HomeWizard_NL\" \/>\n<script type=\"application\/ld+json\" class=\"yoast-schema-graph\">{\"@context\":\"https:\/\/schema.org\",\"@graph\":[{\"@type\":\"WebPage\",\"@id\":\"https:\/\/www.homewizard.com\/sv\/vattenmatare\/\",\"url\":\"https:\/\/www.homewizard.com\/sv\/vattenmatare\/\",\"name\":\"Insikt i din vattenf\u00f6rbrukning - HomeWizard\",\"isPartOf\":{\"@id\":\"https:\/\/www.homewizard.com\/sv\/#website\"},\"datePublished\":\"2025-02-27T13:51:24+00:00\",\"dateModified\":\"2025-12-18T08:48:14+00:00\",\"description\":\"HomeWizards vattenm\u00e4tare ger dig en inblick i din vattenf\u00f6rbrukning i realtid. P\u00e5 s\u00e5 s\u00e4tt vet du exakt hur mycket vatten du f\u00f6rbrukar n\u00e4r du fyller ett bad, tv\u00e4ttar h\u00e4nderna eller duschar.\",\"breadcrumb\":{\"@id\":\"https:\/\/www.homewizard.com\/sv\/vattenmatare\/#breadcrumb\"},\"inLanguage\":\"sv-SE\",\"potentialAction\":[{\"@type\":\"ReadAction\",\"target\":[\"https:\/\/www.homewizard.com\/sv\/vattenmatare\/\"]}]},{\"@type\":\"BreadcrumbList\",\"@id\":\"https:\/\/www.homewizard.com\/sv\/vattenmatare\/#breadcrumb\",\"itemListElement\":[{\"@type\":\"ListItem\",\"position\":1,\"name\":\"Home\",\"item\":\"https:\/\/www.homewizard.com\/sv\/\"},{\"@type\":\"ListItem\",\"position\":2,\"name\":\"Vattenm\u00e4tare\"}]},{\"@type\":\"WebSite\",\"@id\":\"https:\/\/www.homewizard.com\/sv\/#website\",\"url\":\"https:\/\/www.homewizard.com\/sv\/\",\"name\":\"HomeWizard\",\"description\":\"HomeWizard Energy\",\"publisher\":{\"@id\":\"https:\/\/www.homewizard.com\/sv\/#organization\"},\"potentialAction\":[{\"@type\":\"SearchAction\",\"target\":{\"@type\":\"EntryPoint\",\"urlTemplate\":\"https:\/\/www.homewizard.com\/sv\/?s={search_term_string}\"},\"query-input\":{\"@type\":\"PropertyValueSpecification\",\"valueRequired\":true,\"valueName\":\"search_term_string\"}}],\"inLanguage\":\"sv-SE\"},{\"@type\":\"Organization\",\"@id\":\"https:\/\/www.homewizard.com\/sv\/#organization\",\"name\":\"HomeWizard\",\"url\":\"https:\/\/www.homewizard.com\/sv\/\",\"logo\":{\"@type\":\"ImageObject\",\"inLanguage\":\"sv-SE\",\"@id\":\"https:\/\/www.homewizard.com\/sv\/#\/schema\/logo\/image\/\",\"url\":\"https:\/\/www.homewizard.com\/wp-content\/uploads\/2023\/06\/HomeWizard-icon-on-black.png\",\"contentUrl\":\"https:\/\/www.homewizard.com\/wp-content\/uploads\/2023\/06\/HomeWizard-icon-on-black.png\",\"width\":500,\"height\":500,\"caption\":\"HomeWizard\"},\"image\":{\"@id\":\"https:\/\/www.homewizard.com\/sv\/#\/schema\/logo\/image\/\"},\"sameAs\":[\"https:\/\/www.facebook.com\/HomeWizardBV\/\",\"https:\/\/x.com\/HomeWizard_NL\",\"https:\/\/www.youtube.com\/HomeWizardBV\",\"https:\/\/www.instagram.com\/homewizardenergy\/\"]}]}<\/script>\n<!-- \/ Yoast SEO plugin. -->","yoast_head_json":{"title":"Insikt i din vattenf\u00f6rbrukning - HomeWizard","description":"HomeWizards vattenm\u00e4tare ger dig en inblick i din vattenf\u00f6rbrukning i realtid. P\u00e5 s\u00e5 s\u00e4tt vet du exakt hur mycket vatten du f\u00f6rbrukar n\u00e4r du fyller ett bad, tv\u00e4ttar h\u00e4nderna eller duschar.","robots":{"index":"index","follow":"follow","max-snippet":"max-snippet:-1","max-image-preview":"max-image-preview:large","max-video-preview":"max-video-preview:-1"},"canonical":"https:\/\/www.homewizard.com\/sv\/vattenmatare\/","og_locale":"sv_SE","og_type":"article","og_title":"Insikt i din vattenf\u00f6rbrukning - HomeWizard","og_description":"HomeWizards vattenm\u00e4tare ger dig en inblick i din vattenf\u00f6rbrukning i realtid. P\u00e5 s\u00e5 s\u00e4tt vet du exakt hur mycket vatten du f\u00f6rbrukar n\u00e4r du fyller ett bad, tv\u00e4ttar h\u00e4nderna eller duschar.","og_url":"https:\/\/www.homewizard.com\/sv\/vattenmatare\/","og_site_name":"HomeWizard","article_publisher":"https:\/\/www.facebook.com\/HomeWizardBV\/","article_modified_time":"2025-12-18T08:48:14+00:00","twitter_card":"summary_large_image","twitter_site":"@HomeWizard_NL","schema":{"@context":"https:\/\/schema.org","@graph":[{"@type":"WebPage","@id":"https:\/\/www.homewizard.com\/sv\/vattenmatare\/","url":"https:\/\/www.homewizard.com\/sv\/vattenmatare\/","name":"Insikt i din vattenf\u00f6rbrukning - HomeWizard","isPartOf":{"@id":"https:\/\/www.homewizard.com\/sv\/#website"},"datePublished":"2025-02-27T13:51:24+00:00","dateModified":"2025-12-18T08:48:14+00:00","description":"HomeWizards vattenm\u00e4tare ger dig en inblick i din vattenf\u00f6rbrukning i realtid. P\u00e5 s\u00e5 s\u00e4tt vet du exakt hur mycket vatten du f\u00f6rbrukar n\u00e4r du fyller ett bad, tv\u00e4ttar h\u00e4nderna eller duschar.","breadcrumb":{"@id":"https:\/\/www.homewizard.com\/sv\/vattenmatare\/#breadcrumb"},"inLanguage":"sv-SE","potentialAction":[{"@type":"ReadAction","target":["https:\/\/www.homewizard.com\/sv\/vattenmatare\/"]}]},{"@type":"BreadcrumbList","@id":"https:\/\/www.homewizard.com\/sv\/vattenmatare\/#breadcrumb","itemListElement":[{"@type":"ListItem","position":1,"name":"Home","item":"https:\/\/www.homewizard.com\/sv\/"},{"@type":"ListItem","position":2,"name":"Vattenm\u00e4tare"}]},{"@type":"WebSite","@id":"https:\/\/www.homewizard.com\/sv\/#website","url":"https:\/\/www.homewizard.com\/sv\/","name":"HomeWizard","description":"HomeWizard Energy","publisher":{"@id":"https:\/\/www.homewizard.com\/sv\/#organization"},"potentialAction":[{"@type":"SearchAction","target":{"@type":"EntryPoint","urlTemplate":"https:\/\/www.homewizard.com\/sv\/?s={search_term_string}"},"query-input":{"@type":"PropertyValueSpecification","valueRequired":true,"valueName":"search_term_string"}}],"inLanguage":"sv-SE"},{"@type":"Organization","@id":"https:\/\/www.homewizard.com\/sv\/#organization","name":"HomeWizard","url":"https:\/\/www.homewizard.com\/sv\/","logo":{"@type":"ImageObject","inLanguage":"sv-SE","@id":"https:\/\/www.homewizard.com\/sv\/#\/schema\/logo\/image\/","url":"https:\/\/www.homewizard.com\/wp-content\/uploads\/2023\/06\/HomeWizard-icon-on-black.png","contentUrl":"https:\/\/www.homewizard.com\/wp-content\/uploads\/2023\/06\/HomeWizard-icon-on-black.png","width":500,"height":500,"caption":"HomeWizard"},"image":{"@id":"https:\/\/www.homewizard.com\/sv\/#\/schema\/logo\/image\/"},"sameAs":["https:\/\/www.facebook.com\/HomeWizardBV\/","https:\/\/x.com\/HomeWizard_NL","https:\/\/www.youtube.com\/HomeWizardBV","https:\/\/www.instagram.com\/homewizardenergy\/"]}]}},"_links":{"self":[{"href":"https:\/\/www.homewizard.com\/sv\/wp-json\/wp\/v2\/pages\/1342485","targetHints":{"allow":["GET"]}}],"collection":[{"href":"https:\/\/www.homewizard.com\/sv\/wp-json\/wp\/v2\/pages"}],"about":[{"href":"https:\/\/www.homewizard.com\/sv\/wp-json\/wp\/v2\/types\/page"}],"author":[{"embeddable":true,"href":"https:\/\/www.homewizard.com\/sv\/wp-json\/wp\/v2\/users\/702268"}],"replies":[{"embeddable":true,"href":"https:\/\/www.homewizard.com\/sv\/wp-json\/wp\/v2\/comments?post=1342485"}],"version-history":[{"count":7,"href":"https:\/\/www.homewizard.com\/sv\/wp-json\/wp\/v2\/pages\/1342485\/revisions"}],"predecessor-version":[{"id":1930313,"href":"https:\/\/www.homewizard.com\/sv\/wp-json\/wp\/v2\/pages\/1342485\/revisions\/1930313"}],"wp:attachment":[{"href":"https:\/\/www.homewizard.com\/sv\/wp-json\/wp\/v2\/media?parent=1342485"}],"curies":[{"name":"wp","href":"https:\/\/api.w.org\/{rel}","templated":true}]}}