{"id":543783,"date":"2023-12-07T14:20:45","date_gmt":"2023-12-07T13:20:45","guid":{"rendered":"https:\/\/www.homewizard.com\/shop\/han-omformer\/"},"modified":"2026-05-03T21:06:51","modified_gmt":"2026-05-03T19:06:51","slug":"han-omformer","status":"publish","type":"product","link":"https:\/\/www.homewizard.com\/no\/butikk\/han-omformer\/","title":{"rendered":"HAN-omformer"},"content":{"rendered":"\n<p class=\" eplus-wrapper\">Hvis du bestiller en P1-m\u00e5ler, f\u00e5r du ogs\u00e5 en gratis HAN-omformer og et USB-C-adaptersett. Med HAN-omformeren og adaptersettet er P1-m\u00e5leren kompatibel med alle smartm\u00e5lere i Norge. For full kompatibilitet, se v\u00e5r <a href=\"https:\/\/helpdesk.homewizard.com\/no\/articles\/5935311\">artikkel om kompatibilitet<\/a>.<\/p>\n","protected":false},"excerpt":{"rendered":"<p>Hvis du bestiller en P1-m\u00e5ler, f\u00e5r du ogs\u00e5 en gratis HAN-omformer og et USB-C-adaptersett. Med HAN-omformeren og adaptersettet er P1-m\u00e5leren kompatibel med alle smartm\u00e5lere i Norge. For full kompatibilitet, se v\u00e5r artikkel om kompatibilitet.<\/p>\n","protected":false},"featured_media":516537,"template":"","meta":{"_acf_changed":false,"editor_plus_copied_stylings":"{}"},"product_brand":[],"product_cat":[247],"product_tag":[],"class_list":{"0":"post-543783","1":"product","2":"type-product","3":"status-publish","4":"has-post-thumbnail","6":"product_cat-alle-no","8":"first","9":"instock","10":"taxable","11":"shipping-taxable","12":"purchasable","13":"product-type-simple"},"acf":[],"yoast_head":"<!-- This site is optimized with the Yoast SEO plugin v27.0 - https:\/\/yoast.com\/product\/yoast-seo-wordpress\/ -->\n<title>HAN-omformer - HomeWizard<\/title>\n<meta name=\"robots\" content=\"index, follow, max-snippet:-1, max-image-preview:large, max-video-preview:-1\" \/>\n<link rel=\"canonical\" href=\"https:\/\/www.homewizard.com\/no\/butikk\/han-omformer\/\" \/>\n<meta property=\"og:locale\" content=\"nb_NO\" \/>\n<meta property=\"og:type\" content=\"article\" \/>\n<meta property=\"og:title\" content=\"HAN-omformer - HomeWizard\" \/>\n<meta property=\"og:description\" content=\"Hvis du bestiller en P1-m\u00e5ler, f\u00e5r du ogs\u00e5 en gratis HAN-omformer og et USB-C-adaptersett. Med HAN-omformeren og adaptersettet er P1-m\u00e5leren kompatibel med alle smartm\u00e5lere i Norge. For full kompatibilitet, se v\u00e5r artikkel om kompatibilitet.\" \/>\n<meta property=\"og:url\" content=\"https:\/\/www.homewizard.com\/no\/butikk\/han-omformer\/\" \/>\n<meta property=\"og:site_name\" content=\"HomeWizard\" \/>\n<meta property=\"article:publisher\" content=\"https:\/\/www.facebook.com\/HomeWizardBV\/\" \/>\n<meta property=\"article:modified_time\" content=\"2026-05-03T19:06:51+00:00\" \/>\n<meta property=\"og:image\" content=\"https:\/\/www.homewizard.com\/wp-content\/uploads\/2023\/12\/Han-converter-front-scaled.webp\" \/>\n\t<meta property=\"og:image:width\" content=\"2560\" \/>\n\t<meta property=\"og:image:height\" content=\"2560\" \/>\n\t<meta property=\"og:image:type\" content=\"image\/webp\" \/>\n<meta name=\"twitter:card\" content=\"summary_large_image\" \/>\n<meta name=\"twitter:site\" content=\"@HomeWizard_NL\" \/>\n<meta name=\"twitter:label1\" content=\"Ansl. lesetid\" \/>\n\t<meta name=\"twitter:data1\" content=\"1 minutt\" \/>\n<script type=\"application\/ld+json\" class=\"yoast-schema-graph\">{\"@context\":\"https:\/\/schema.org\",\"@graph\":[{\"@type\":\"WebPage\",\"@id\":\"https:\/\/www.homewizard.com\/no\/butikk\/han-omformer\/\",\"url\":\"https:\/\/www.homewizard.com\/no\/butikk\/han-omformer\/\",\"name\":\"HAN-omformer - HomeWizard\",\"isPartOf\":{\"@id\":\"https:\/\/www.homewizard.com\/no\/#website\"},\"primaryImageOfPage\":{\"@id\":\"https:\/\/www.homewizard.com\/no\/butikk\/han-omformer\/#primaryimage\"},\"image\":{\"@id\":\"https:\/\/www.homewizard.com\/no\/butikk\/han-omformer\/#primaryimage\"},\"thumbnailUrl\":\"https:\/\/www.homewizard.com\/wp-content\/uploads\/2023\/12\/Han-converter-front-scaled.webp\",\"datePublished\":\"2023-12-07T13:20:45+00:00\",\"dateModified\":\"2026-05-03T19:06:51+00:00\",\"breadcrumb\":{\"@id\":\"https:\/\/www.homewizard.com\/no\/butikk\/han-omformer\/#breadcrumb\"},\"inLanguage\":\"nb-NO\",\"potentialAction\":[{\"@type\":\"ReadAction\",\"target\":[\"https:\/\/www.homewizard.com\/no\/butikk\/han-omformer\/\"]}]},{\"@type\":\"ImageObject\",\"inLanguage\":\"nb-NO\",\"@id\":\"https:\/\/www.homewizard.com\/no\/butikk\/han-omformer\/#primaryimage\",\"url\":\"https:\/\/www.homewizard.com\/wp-content\/uploads\/2023\/12\/Han-converter-front-scaled.webp\",\"contentUrl\":\"https:\/\/www.homewizard.com\/wp-content\/uploads\/2023\/12\/Han-converter-front-scaled.webp\",\"width\":2560,\"height\":2560},{\"@type\":\"BreadcrumbList\",\"@id\":\"https:\/\/www.homewizard.com\/no\/butikk\/han-omformer\/#breadcrumb\",\"itemListElement\":[{\"@type\":\"ListItem\",\"position\":1,\"name\":\"Home\",\"item\":\"https:\/\/www.homewizard.com\/no\/\"},{\"@type\":\"ListItem\",\"position\":2,\"name\":\"Butikk\",\"item\":\"https:\/\/www.homewizard.com\/no\/butikk\/\"},{\"@type\":\"ListItem\",\"position\":3,\"name\":\"HAN-omformer\"}]},{\"@type\":\"WebSite\",\"@id\":\"https:\/\/www.homewizard.com\/no\/#website\",\"url\":\"https:\/\/www.homewizard.com\/no\/\",\"name\":\"HomeWizard\",\"description\":\"HomeWizard Energy\",\"publisher\":{\"@id\":\"https:\/\/www.homewizard.com\/no\/#organization\"},\"potentialAction\":[{\"@type\":\"SearchAction\",\"target\":{\"@type\":\"EntryPoint\",\"urlTemplate\":\"https:\/\/www.homewizard.com\/no\/?s={search_term_string}\"},\"query-input\":{\"@type\":\"PropertyValueSpecification\",\"valueRequired\":true,\"valueName\":\"search_term_string\"}}],\"inLanguage\":\"nb-NO\"},{\"@type\":\"Organization\",\"@id\":\"https:\/\/www.homewizard.com\/no\/#organization\",\"name\":\"HomeWizard\",\"url\":\"https:\/\/www.homewizard.com\/no\/\",\"logo\":{\"@type\":\"ImageObject\",\"inLanguage\":\"nb-NO\",\"@id\":\"https:\/\/www.homewizard.com\/no\/#\/schema\/logo\/image\/\",\"url\":\"https:\/\/www.homewizard.com\/wp-content\/uploads\/2023\/06\/HomeWizard-icon-on-black.png\",\"contentUrl\":\"https:\/\/www.homewizard.com\/wp-content\/uploads\/2023\/06\/HomeWizard-icon-on-black.png\",\"width\":500,\"height\":500,\"caption\":\"HomeWizard\"},\"image\":{\"@id\":\"https:\/\/www.homewizard.com\/no\/#\/schema\/logo\/image\/\"},\"sameAs\":[\"https:\/\/www.facebook.com\/HomeWizardBV\/\",\"https:\/\/x.com\/HomeWizard_NL\",\"https:\/\/www.youtube.com\/HomeWizardBV\",\"https:\/\/www.instagram.com\/homewizardenergy\/\"]}]}<\/script>\n<!-- \/ Yoast SEO plugin. -->","yoast_head_json":{"title":"HAN-omformer - HomeWizard","robots":{"index":"index","follow":"follow","max-snippet":"max-snippet:-1","max-image-preview":"max-image-preview:large","max-video-preview":"max-video-preview:-1"},"canonical":"https:\/\/www.homewizard.com\/no\/butikk\/han-omformer\/","og_locale":"nb_NO","og_type":"article","og_title":"HAN-omformer - HomeWizard","og_description":"Hvis du bestiller en P1-m\u00e5ler, f\u00e5r du ogs\u00e5 en gratis HAN-omformer og et USB-C-adaptersett. Med HAN-omformeren og adaptersettet er P1-m\u00e5leren kompatibel med alle smartm\u00e5lere i Norge. For full kompatibilitet, se v\u00e5r artikkel om kompatibilitet.","og_url":"https:\/\/www.homewizard.com\/no\/butikk\/han-omformer\/","og_site_name":"HomeWizard","article_publisher":"https:\/\/www.facebook.com\/HomeWizardBV\/","article_modified_time":"2026-05-03T19:06:51+00:00","og_image":[{"width":2560,"height":2560,"url":"https:\/\/www.homewizard.com\/wp-content\/uploads\/2023\/12\/Han-converter-front-scaled.webp","type":"image\/webp"}],"twitter_card":"summary_large_image","twitter_site":"@HomeWizard_NL","twitter_misc":{"Ansl. lesetid":"1 minutt"},"schema":{"@context":"https:\/\/schema.org","@graph":[{"@type":"WebPage","@id":"https:\/\/www.homewizard.com\/no\/butikk\/han-omformer\/","url":"https:\/\/www.homewizard.com\/no\/butikk\/han-omformer\/","name":"HAN-omformer - HomeWizard","isPartOf":{"@id":"https:\/\/www.homewizard.com\/no\/#website"},"primaryImageOfPage":{"@id":"https:\/\/www.homewizard.com\/no\/butikk\/han-omformer\/#primaryimage"},"image":{"@id":"https:\/\/www.homewizard.com\/no\/butikk\/han-omformer\/#primaryimage"},"thumbnailUrl":"https:\/\/www.homewizard.com\/wp-content\/uploads\/2023\/12\/Han-converter-front-scaled.webp","datePublished":"2023-12-07T13:20:45+00:00","dateModified":"2026-05-03T19:06:51+00:00","breadcrumb":{"@id":"https:\/\/www.homewizard.com\/no\/butikk\/han-omformer\/#breadcrumb"},"inLanguage":"nb-NO","potentialAction":[{"@type":"ReadAction","target":["https:\/\/www.homewizard.com\/no\/butikk\/han-omformer\/"]}]},{"@type":"ImageObject","inLanguage":"nb-NO","@id":"https:\/\/www.homewizard.com\/no\/butikk\/han-omformer\/#primaryimage","url":"https:\/\/www.homewizard.com\/wp-content\/uploads\/2023\/12\/Han-converter-front-scaled.webp","contentUrl":"https:\/\/www.homewizard.com\/wp-content\/uploads\/2023\/12\/Han-converter-front-scaled.webp","width":2560,"height":2560},{"@type":"BreadcrumbList","@id":"https:\/\/www.homewizard.com\/no\/butikk\/han-omformer\/#breadcrumb","itemListElement":[{"@type":"ListItem","position":1,"name":"Home","item":"https:\/\/www.homewizard.com\/no\/"},{"@type":"ListItem","position":2,"name":"Butikk","item":"https:\/\/www.homewizard.com\/no\/butikk\/"},{"@type":"ListItem","position":3,"name":"HAN-omformer"}]},{"@type":"WebSite","@id":"https:\/\/www.homewizard.com\/no\/#website","url":"https:\/\/www.homewizard.com\/no\/","name":"HomeWizard","description":"HomeWizard Energy","publisher":{"@id":"https:\/\/www.homewizard.com\/no\/#organization"},"potentialAction":[{"@type":"SearchAction","target":{"@type":"EntryPoint","urlTemplate":"https:\/\/www.homewizard.com\/no\/?s={search_term_string}"},"query-input":{"@type":"PropertyValueSpecification","valueRequired":true,"valueName":"search_term_string"}}],"inLanguage":"nb-NO"},{"@type":"Organization","@id":"https:\/\/www.homewizard.com\/no\/#organization","name":"HomeWizard","url":"https:\/\/www.homewizard.com\/no\/","logo":{"@type":"ImageObject","inLanguage":"nb-NO","@id":"https:\/\/www.homewizard.com\/no\/#\/schema\/logo\/image\/","url":"https:\/\/www.homewizard.com\/wp-content\/uploads\/2023\/06\/HomeWizard-icon-on-black.png","contentUrl":"https:\/\/www.homewizard.com\/wp-content\/uploads\/2023\/06\/HomeWizard-icon-on-black.png","width":500,"height":500,"caption":"HomeWizard"},"image":{"@id":"https:\/\/www.homewizard.com\/no\/#\/schema\/logo\/image\/"},"sameAs":["https:\/\/www.facebook.com\/HomeWizardBV\/","https:\/\/x.com\/HomeWizard_NL","https:\/\/www.youtube.com\/HomeWizardBV","https:\/\/www.instagram.com\/homewizardenergy\/"]}]}},"_links":{"self":[{"href":"https:\/\/www.homewizard.com\/no\/wp-json\/wp\/v2\/product\/543783","targetHints":{"allow":["GET"]}}],"collection":[{"href":"https:\/\/www.homewizard.com\/no\/wp-json\/wp\/v2\/product"}],"about":[{"href":"https:\/\/www.homewizard.com\/no\/wp-json\/wp\/v2\/types\/product"}],"wp:featuredmedia":[{"embeddable":true,"href":"https:\/\/www.homewizard.com\/no\/wp-json\/wp\/v2\/media\/516537"}],"wp:attachment":[{"href":"https:\/\/www.homewizard.com\/no\/wp-json\/wp\/v2\/media?parent=543783"}],"wp:term":[{"taxonomy":"product_brand","embeddable":true,"href":"https:\/\/www.homewizard.com\/no\/wp-json\/wp\/v2\/product_brand?post=543783"},{"taxonomy":"product_cat","embeddable":true,"href":"https:\/\/www.homewizard.com\/no\/wp-json\/wp\/v2\/product_cat?post=543783"},{"taxonomy":"product_tag","embeddable":true,"href":"https:\/\/www.homewizard.com\/no\/wp-json\/wp\/v2\/product_tag?post=543783"}],"curies":[{"name":"wp","href":"https:\/\/api.w.org\/{rel}","templated":true}]}}