{"id":543213,"date":"2023-03-21T11:12:08","date_gmt":"2023-03-21T10:12:08","guid":{"rendered":"https:\/\/www.homewizard.com\/shop\/energy-plus\/"},"modified":"2026-03-25T10:34:28","modified_gmt":"2026-03-25T09:34:28","slug":"energy-plus","status":"publish","type":"product","link":"https:\/\/www.homewizard.com\/no\/butikk\/energy-plus\/","title":{"rendered":"Energy+ -abonnement"},"content":{"rendered":"\n<h2 class=\" wp-block-heading eplus-wrapper\">\u00c5rlig abonnement p\u00e5 Energy+<\/h2>\n\n<p class=\" eplus-wrapper\">Energy+ er et abonnement fra HomeWizard som gir deg tilgang til flere funksjoner i HomeWizard-appen:<\/p>\n<ul class=\" wp-block-list eplus-wrapper eplus-styles-uid-a172a7\">\n<li class=\" eplus-wrapper\">Se standby-forbruk<\/li>\n\n\n\n<li class=\" eplus-wrapper\">Minne over flere \u00e5r<\/li>\n\n\n\n<li class=\" eplus-wrapper\">Bli varslet n\u00e5r det oppdages uvanlig energiforbruk<\/li>\n\n\n\n<li class=\" eplus-wrapper\">Omformertilkobling: F\u00e5 tilgang til en graf for solenergiproduksjon<\/li>\n\n\n\n<li class=\" eplus-wrapper\"><p class=\"text-node\" data-pm-slice='1 1 [\"bullet_list\",{},\"list_item\",{}]'>Graf for selvforsyning: Se hvor mye av solcelleenergien du produserer som du bruker direkte<\/p><\/li>\n\n\n\n<li class=\" eplus-wrapper\">Innsikt i trefasesystemer (forbruk per fase)<\/li>\n\n\n\n<li class=\" eplus-wrapper\">Smart p\u00e5- og avsl\u00e5ing for <a href=\"https:\/\/www.homewizard.com\/no\/energy-socket\/\">Energy Sockets<\/a><\/li>\n\n\n\n<li class=\" eplus-wrapper\">Eksporter data til Excel (CSV)<\/li>\n<\/ul>\n<p class=\" eplus-wrapper\"><a href=\"https:\/\/www.homewizard.com\/no\/energy-plus\/\">Mer informasjon om Energy+<\/a><\/p>\n\n<p class=\" eplus-wrapper\">Abonnementet koster bare 139 kr i \u00e5ret hvis du abonnerer via nettsiden v\u00e5r. Du kan si opp abonnementet n\u00e5r du vil, og det faktureres automatisk \u00e5rlig. Enkelt \u00e5 betale med din foretrukne betalingsmetode: iDEAL, Bancontact og kredittkort (dvs. Visa, Mastercard og American Express).<\/p>\n\n<figure class=\" wp-block-image size-large is-resized eplus-wrapper\"><img loading=\"lazy\" decoding=\"async\" width=\"1024\" height=\"145\" src=\"https:\/\/www.homewizard.com\/wp-content\/uploads\/2023\/04\/Payment-options-Energy-HomeWizard-subscription-1024x145.png\" alt=\"\" class=\"wp-image-298953\" style=\"width:557px;height:79px\" srcset=\"https:\/\/www.homewizard.com\/wp-content\/uploads\/2023\/04\/Payment-options-Energy-HomeWizard-subscription-1024x145.png 1024w, https:\/\/www.homewizard.com\/wp-content\/uploads\/2023\/04\/Payment-options-Energy-HomeWizard-subscription-800x113.png 800w, https:\/\/www.homewizard.com\/wp-content\/uploads\/2023\/04\/Payment-options-Energy-HomeWizard-subscription-300x42.png 300w, https:\/\/www.homewizard.com\/wp-content\/uploads\/2023\/04\/Payment-options-Energy-HomeWizard-subscription-768x109.png 768w\" sizes=\"auto, (max-width: 1024px) 100vw, 1024px\" \/><\/figure>\n\n<p class=\" eplus-wrapper\"><\/p>\n\n<div class=\" wp-block-media-text has-media-on-the-right is-stacked-on-mobile eplus-wrapper\" style=\"grid-template-columns:auto 34%\"><div class=\"wp-block-media-text__content\">\n<h2 class=\" wp-block-heading eplus-wrapper\">Koble til solcellepaneler<\/h2>\n\n\n\n<p class=\" eplus-wrapper\">N\u00e5 kan du enkelt legge til en graf med solenergiproduksjon i HomeWizard-appen uten \u00e5 installere annen maskinvare! Slik f\u00e5r du en fullstendig forst\u00e5else av energistr\u00f8mningen din og f\u00e5 alt klart i \u00e9n app. Tilkoblingen st\u00f8tter omformere fra SolarEdge, Growatt, GoodWe, SMA, Enphase, Huawei og Solax Ved \u00e5 koble til solcellepaneler l\u00e5ser du opp tre nye grafer:<\/p>\n\n\n<ul class=\" wp-block-list eplus-wrapper eplus-styles-uid-edf9cc\">\n<li class=\" eplus-wrapper\">Produksjon med solceller<\/li>\n\n\n\n<li class=\" eplus-wrapper\">Brutto str\u00f8mforbruk<\/li>\n\n\n\n<li class=\" eplus-wrapper\"><p class=\"text-node\" data-pm-slice='1 1 [\"bullet_list\",{},\"list_item\",{}]'>Selvforsynt<\/p><\/li>\n<\/ul><\/div><figure class=\"wp-block-media-text__media\"><img loading=\"lazy\" decoding=\"async\" width=\"799\" height=\"800\" src=\"https:\/\/www.homewizard.com\/wp-content\/uploads\/2023\/04\/production_gross-power-consumption.webp\" alt=\"\" class=\"wp-image-300894 size-full\" srcset=\"https:\/\/www.homewizard.com\/wp-content\/uploads\/2023\/04\/production_gross-power-consumption.webp 799w, https:\/\/www.homewizard.com\/wp-content\/uploads\/2023\/04\/production_gross-power-consumption-500x500.webp 500w, https:\/\/www.homewizard.com\/wp-content\/uploads\/2023\/04\/production_gross-power-consumption-124x124.webp 124w, https:\/\/www.homewizard.com\/wp-content\/uploads\/2023\/04\/production_gross-power-consumption-300x300.webp 300w, https:\/\/www.homewizard.com\/wp-content\/uploads\/2023\/04\/production_gross-power-consumption-150x150.webp 150w, https:\/\/www.homewizard.com\/wp-content\/uploads\/2023\/04\/production_gross-power-consumption-768x769.webp 768w, https:\/\/www.homewizard.com\/wp-content\/uploads\/2023\/04\/production_gross-power-consumption-600x601.webp 600w\" sizes=\"auto, (max-width: 799px) 100vw, 799px\" \/><\/figure><\/div>\n\n<h2 class=\" wp-block-heading eplus-wrapper\">Si opp Energy+<\/h2>\n\n<p class=\" eplus-wrapper\">Du kan n\u00e5r som helst si opp Energy+. N\u00e5r du har sagt opp vil du fortsatt ha tilgang til funksjonene i Energy+ til oppsigelsesdatoen. Etter dette blir du automatisk nedgradert til de enkle gratisfunksjonene, mens Energy+ -funksjonene forsvinner og datagrafer som er eldre enn 12\u00a0m\u00e5neder blir slettet.<\/p>\n\n<p class=\" eplus-wrapper\">Hvis du kj\u00f8pte Energy+ via <strong>nettsiden<\/strong>, kan du si opp fra <strong><a href=\"https:\/\/www.homewizard.com\/no\/min-konto\/\">Konto &gt; Hjem<\/a><\/strong>.<\/p>\n\n<p class=\" eplus-wrapper\">Hvis du kj\u00f8pte Energy+ via <strong>appen<\/strong>, kan du si opp fra<strong> <a href=\"https:\/\/support.apple.com\/guide\/iphone\/iph3dfd91de\/ios\" target=\"_blank\" rel=\"noreferrer noopener\">Apples innstillinger for abonnementer<\/a><\/strong> eller <strong><a href=\"https:\/\/support.google.com\/googleplay\/answer\/7018481\" target=\"_blank\" rel=\"noreferrer noopener\">Googles innstillinger for abonnementer<\/a><\/strong> p\u00e5 mobilen din.<\/p>\n\n<div style=\"height:32px\" aria-hidden=\"true\" class=\" wp-block-spacer eplus-wrapper\"><\/div>\n","protected":false},"excerpt":{"rendered":"<p>Et \u00e5rlig abonnement som gir deg enda mer innsikt og flere funksjoner i tillegg til funksjonene i gratisversjonen av HomeWizard-appen. Se <a href=\"https:\/\/www.homewizard.com\/no\/energy-plus\/\">alle funksjonene i Energy+<\/a>.<\/p>\n","protected":false},"featured_media":543226,"template":"","meta":{"_acf_changed":false,"editor_plus_copied_stylings":"{}"},"product_brand":[],"product_cat":[247,248],"product_tag":[],"class_list":{"0":"post-543213","1":"product","2":"type-product","3":"status-publish","4":"has-post-thumbnail","6":"product_cat-alle-no","7":"product_cat-produkt","9":"first","10":"instock","11":"virtual","12":"sold-individually","13":"taxable","14":"purchasable","15":"product-type-subscription"},"acf":[],"yoast_head":"<!-- This site is optimized with the Yoast SEO plugin v27.0 - https:\/\/yoast.com\/product\/yoast-seo-wordpress\/ -->\n<title>Energy+ -abonnement (12\u00a0m\u00e5neder) - HomeWizard<\/title>\n<meta name=\"description\" content=\"Et \u00e5rlig abonnement p\u00e5 kun 139 kr gir deg enda bedre innsikt i energiforbruket ditt. \u2713 Standby-forbruk. \u2713 Varsler om uvanlig energiforbruk. \u2713 Smart p\u00e5- og avsl\u00e5ing.\" \/>\n<meta name=\"robots\" content=\"index, follow, max-snippet:-1, max-image-preview:large, max-video-preview:-1\" \/>\n<link rel=\"canonical\" href=\"https:\/\/www.homewizard.com\/no\/butikk\/energy-plus\/\" \/>\n<meta property=\"og:locale\" content=\"nb_NO\" \/>\n<meta property=\"og:type\" content=\"article\" \/>\n<meta property=\"og:title\" content=\"Energy+ -abonnement (12\u00a0m\u00e5neder) - HomeWizard\" \/>\n<meta property=\"og:description\" content=\"Et \u00e5rlig abonnement p\u00e5 kun 139 kr gir deg enda bedre innsikt i energiforbruket ditt. \u2713 Standby-forbruk. \u2713 Varsler om uvanlig energiforbruk. \u2713 Smart p\u00e5- og avsl\u00e5ing.\" \/>\n<meta property=\"og:url\" content=\"https:\/\/www.homewizard.com\/no\/butikk\/energy-plus\/\" \/>\n<meta property=\"og:site_name\" content=\"HomeWizard\" \/>\n<meta property=\"article:publisher\" content=\"https:\/\/www.facebook.com\/HomeWizardBV\/\" \/>\n<meta property=\"article:modified_time\" content=\"2026-03-25T09:34:28+00:00\" \/>\n<meta property=\"og:image\" content=\"https:\/\/www.homewizard.com\/wp-content\/uploads\/2023\/03\/HomeWizard-Energy-logo-png-2023.png\" \/>\n\t<meta property=\"og:image:width\" content=\"600\" \/>\n\t<meta property=\"og:image:height\" content=\"600\" \/>\n\t<meta property=\"og:image:type\" content=\"image\/png\" \/>\n<meta name=\"twitter:card\" content=\"summary_large_image\" \/>\n<meta name=\"twitter:site\" content=\"@HomeWizard_NL\" \/>\n<meta name=\"twitter:label1\" content=\"Ansl. lesetid\" \/>\n\t<meta name=\"twitter:data1\" content=\"1 minutt\" \/>\n<script type=\"application\/ld+json\" class=\"yoast-schema-graph\">{\"@context\":\"https:\/\/schema.org\",\"@graph\":[{\"@type\":\"WebPage\",\"@id\":\"https:\/\/www.homewizard.com\/no\/butikk\/energy-plus\/\",\"url\":\"https:\/\/www.homewizard.com\/no\/butikk\/energy-plus\/\",\"name\":\"Energy+ -abonnement (12\u00a0m\u00e5neder) - HomeWizard\",\"isPartOf\":{\"@id\":\"https:\/\/www.homewizard.com\/no\/#website\"},\"primaryImageOfPage\":{\"@id\":\"https:\/\/www.homewizard.com\/no\/butikk\/energy-plus\/#primaryimage\"},\"image\":{\"@id\":\"https:\/\/www.homewizard.com\/no\/butikk\/energy-plus\/#primaryimage\"},\"thumbnailUrl\":\"https:\/\/www.homewizard.com\/wp-content\/uploads\/2023\/03\/HomeWizard-Energy-logo-png-2023.png\",\"datePublished\":\"2023-03-21T10:12:08+00:00\",\"dateModified\":\"2026-03-25T09:34:28+00:00\",\"description\":\"Et \u00e5rlig abonnement p\u00e5 kun 139 kr gir deg enda bedre innsikt i energiforbruket ditt. \u2713 Standby-forbruk. \u2713 Varsler om uvanlig energiforbruk. \u2713 Smart p\u00e5- og avsl\u00e5ing.\",\"breadcrumb\":{\"@id\":\"https:\/\/www.homewizard.com\/no\/butikk\/energy-plus\/#breadcrumb\"},\"inLanguage\":\"nb-NO\",\"potentialAction\":[{\"@type\":\"ReadAction\",\"target\":[\"https:\/\/www.homewizard.com\/no\/butikk\/energy-plus\/\"]}]},{\"@type\":\"ImageObject\",\"inLanguage\":\"nb-NO\",\"@id\":\"https:\/\/www.homewizard.com\/no\/butikk\/energy-plus\/#primaryimage\",\"url\":\"https:\/\/www.homewizard.com\/wp-content\/uploads\/2023\/03\/HomeWizard-Energy-logo-png-2023.png\",\"contentUrl\":\"https:\/\/www.homewizard.com\/wp-content\/uploads\/2023\/03\/HomeWizard-Energy-logo-png-2023.png\",\"width\":600,\"height\":600},{\"@type\":\"BreadcrumbList\",\"@id\":\"https:\/\/www.homewizard.com\/no\/butikk\/energy-plus\/#breadcrumb\",\"itemListElement\":[{\"@type\":\"ListItem\",\"position\":1,\"name\":\"Home\",\"item\":\"https:\/\/www.homewizard.com\/no\/\"},{\"@type\":\"ListItem\",\"position\":2,\"name\":\"Butikk\",\"item\":\"https:\/\/www.homewizard.com\/no\/butikk\/\"},{\"@type\":\"ListItem\",\"position\":3,\"name\":\"Energy+ -abonnement\"}]},{\"@type\":\"WebSite\",\"@id\":\"https:\/\/www.homewizard.com\/no\/#website\",\"url\":\"https:\/\/www.homewizard.com\/no\/\",\"name\":\"HomeWizard\",\"description\":\"HomeWizard Energy\",\"publisher\":{\"@id\":\"https:\/\/www.homewizard.com\/no\/#organization\"},\"potentialAction\":[{\"@type\":\"SearchAction\",\"target\":{\"@type\":\"EntryPoint\",\"urlTemplate\":\"https:\/\/www.homewizard.com\/no\/?s={search_term_string}\"},\"query-input\":{\"@type\":\"PropertyValueSpecification\",\"valueRequired\":true,\"valueName\":\"search_term_string\"}}],\"inLanguage\":\"nb-NO\"},{\"@type\":\"Organization\",\"@id\":\"https:\/\/www.homewizard.com\/no\/#organization\",\"name\":\"HomeWizard\",\"url\":\"https:\/\/www.homewizard.com\/no\/\",\"logo\":{\"@type\":\"ImageObject\",\"inLanguage\":\"nb-NO\",\"@id\":\"https:\/\/www.homewizard.com\/no\/#\/schema\/logo\/image\/\",\"url\":\"https:\/\/www.homewizard.com\/wp-content\/uploads\/2023\/06\/HomeWizard-icon-on-black.png\",\"contentUrl\":\"https:\/\/www.homewizard.com\/wp-content\/uploads\/2023\/06\/HomeWizard-icon-on-black.png\",\"width\":500,\"height\":500,\"caption\":\"HomeWizard\"},\"image\":{\"@id\":\"https:\/\/www.homewizard.com\/no\/#\/schema\/logo\/image\/\"},\"sameAs\":[\"https:\/\/www.facebook.com\/HomeWizardBV\/\",\"https:\/\/x.com\/HomeWizard_NL\",\"https:\/\/www.youtube.com\/HomeWizardBV\",\"https:\/\/www.instagram.com\/homewizardenergy\/\"]}]}<\/script>\n<!-- \/ Yoast SEO plugin. -->","yoast_head_json":{"title":"Energy+ -abonnement (12\u00a0m\u00e5neder) - HomeWizard","description":"Et \u00e5rlig abonnement p\u00e5 kun 139 kr gir deg enda bedre innsikt i energiforbruket ditt. \u2713 Standby-forbruk. \u2713 Varsler om uvanlig energiforbruk. \u2713 Smart p\u00e5- og avsl\u00e5ing.","robots":{"index":"index","follow":"follow","max-snippet":"max-snippet:-1","max-image-preview":"max-image-preview:large","max-video-preview":"max-video-preview:-1"},"canonical":"https:\/\/www.homewizard.com\/no\/butikk\/energy-plus\/","og_locale":"nb_NO","og_type":"article","og_title":"Energy+ -abonnement (12\u00a0m\u00e5neder) - HomeWizard","og_description":"Et \u00e5rlig abonnement p\u00e5 kun 139 kr gir deg enda bedre innsikt i energiforbruket ditt. \u2713 Standby-forbruk. \u2713 Varsler om uvanlig energiforbruk. \u2713 Smart p\u00e5- og avsl\u00e5ing.","og_url":"https:\/\/www.homewizard.com\/no\/butikk\/energy-plus\/","og_site_name":"HomeWizard","article_publisher":"https:\/\/www.facebook.com\/HomeWizardBV\/","article_modified_time":"2026-03-25T09:34:28+00:00","og_image":[{"width":600,"height":600,"url":"https:\/\/www.homewizard.com\/wp-content\/uploads\/2023\/03\/HomeWizard-Energy-logo-png-2023.png","type":"image\/png"}],"twitter_card":"summary_large_image","twitter_site":"@HomeWizard_NL","twitter_misc":{"Ansl. lesetid":"1 minutt"},"schema":{"@context":"https:\/\/schema.org","@graph":[{"@type":"WebPage","@id":"https:\/\/www.homewizard.com\/no\/butikk\/energy-plus\/","url":"https:\/\/www.homewizard.com\/no\/butikk\/energy-plus\/","name":"Energy+ -abonnement (12\u00a0m\u00e5neder) - HomeWizard","isPartOf":{"@id":"https:\/\/www.homewizard.com\/no\/#website"},"primaryImageOfPage":{"@id":"https:\/\/www.homewizard.com\/no\/butikk\/energy-plus\/#primaryimage"},"image":{"@id":"https:\/\/www.homewizard.com\/no\/butikk\/energy-plus\/#primaryimage"},"thumbnailUrl":"https:\/\/www.homewizard.com\/wp-content\/uploads\/2023\/03\/HomeWizard-Energy-logo-png-2023.png","datePublished":"2023-03-21T10:12:08+00:00","dateModified":"2026-03-25T09:34:28+00:00","description":"Et \u00e5rlig abonnement p\u00e5 kun 139 kr gir deg enda bedre innsikt i energiforbruket ditt. \u2713 Standby-forbruk. \u2713 Varsler om uvanlig energiforbruk. \u2713 Smart p\u00e5- og avsl\u00e5ing.","breadcrumb":{"@id":"https:\/\/www.homewizard.com\/no\/butikk\/energy-plus\/#breadcrumb"},"inLanguage":"nb-NO","potentialAction":[{"@type":"ReadAction","target":["https:\/\/www.homewizard.com\/no\/butikk\/energy-plus\/"]}]},{"@type":"ImageObject","inLanguage":"nb-NO","@id":"https:\/\/www.homewizard.com\/no\/butikk\/energy-plus\/#primaryimage","url":"https:\/\/www.homewizard.com\/wp-content\/uploads\/2023\/03\/HomeWizard-Energy-logo-png-2023.png","contentUrl":"https:\/\/www.homewizard.com\/wp-content\/uploads\/2023\/03\/HomeWizard-Energy-logo-png-2023.png","width":600,"height":600},{"@type":"BreadcrumbList","@id":"https:\/\/www.homewizard.com\/no\/butikk\/energy-plus\/#breadcrumb","itemListElement":[{"@type":"ListItem","position":1,"name":"Home","item":"https:\/\/www.homewizard.com\/no\/"},{"@type":"ListItem","position":2,"name":"Butikk","item":"https:\/\/www.homewizard.com\/no\/butikk\/"},{"@type":"ListItem","position":3,"name":"Energy+ -abonnement"}]},{"@type":"WebSite","@id":"https:\/\/www.homewizard.com\/no\/#website","url":"https:\/\/www.homewizard.com\/no\/","name":"HomeWizard","description":"HomeWizard Energy","publisher":{"@id":"https:\/\/www.homewizard.com\/no\/#organization"},"potentialAction":[{"@type":"SearchAction","target":{"@type":"EntryPoint","urlTemplate":"https:\/\/www.homewizard.com\/no\/?s={search_term_string}"},"query-input":{"@type":"PropertyValueSpecification","valueRequired":true,"valueName":"search_term_string"}}],"inLanguage":"nb-NO"},{"@type":"Organization","@id":"https:\/\/www.homewizard.com\/no\/#organization","name":"HomeWizard","url":"https:\/\/www.homewizard.com\/no\/","logo":{"@type":"ImageObject","inLanguage":"nb-NO","@id":"https:\/\/www.homewizard.com\/no\/#\/schema\/logo\/image\/","url":"https:\/\/www.homewizard.com\/wp-content\/uploads\/2023\/06\/HomeWizard-icon-on-black.png","contentUrl":"https:\/\/www.homewizard.com\/wp-content\/uploads\/2023\/06\/HomeWizard-icon-on-black.png","width":500,"height":500,"caption":"HomeWizard"},"image":{"@id":"https:\/\/www.homewizard.com\/no\/#\/schema\/logo\/image\/"},"sameAs":["https:\/\/www.facebook.com\/HomeWizardBV\/","https:\/\/x.com\/HomeWizard_NL","https:\/\/www.youtube.com\/HomeWizardBV","https:\/\/www.instagram.com\/homewizardenergy\/"]}]}},"_links":{"self":[{"href":"https:\/\/www.homewizard.com\/no\/wp-json\/wp\/v2\/product\/543213","targetHints":{"allow":["GET"]}}],"collection":[{"href":"https:\/\/www.homewizard.com\/no\/wp-json\/wp\/v2\/product"}],"about":[{"href":"https:\/\/www.homewizard.com\/no\/wp-json\/wp\/v2\/types\/product"}],"wp:featuredmedia":[{"embeddable":true,"href":"https:\/\/www.homewizard.com\/no\/wp-json\/wp\/v2\/media\/543226"}],"wp:attachment":[{"href":"https:\/\/www.homewizard.com\/no\/wp-json\/wp\/v2\/media?parent=543213"}],"wp:term":[{"taxonomy":"product_brand","embeddable":true,"href":"https:\/\/www.homewizard.com\/no\/wp-json\/wp\/v2\/product_brand?post=543213"},{"taxonomy":"product_cat","embeddable":true,"href":"https:\/\/www.homewizard.com\/no\/wp-json\/wp\/v2\/product_cat?post=543213"},{"taxonomy":"product_tag","embeddable":true,"href":"https:\/\/www.homewizard.com\/no\/wp-json\/wp\/v2\/product_tag?post=543213"}],"curies":[{"name":"wp","href":"https:\/\/api.w.org\/{rel}","templated":true}]}}