{"id":543193,"date":"2023-08-21T10:27:37","date_gmt":"2023-08-21T08:27:37","guid":{"rendered":"https:\/\/www.homewizard.com\/shop\/energy-display\/"},"modified":"2026-04-29T00:37:24","modified_gmt":"2026-04-28T22:37:24","slug":"energy-display","status":"publish","type":"product","link":"https:\/\/www.homewizard.com\/no\/butikk\/energy-display\/","title":{"rendered":"Energy Display"},"content":{"rendered":"\n<h2 class=\" wp-block-heading eplus-wrapper\">Innsikten er i sikte<\/h2>\n\n\n\n<p class=\" eplus-wrapper\">Med Energy Display er str\u00f8mforbruket, produksjonen med solceller og energiutgiftene alltid synlige slik at du kan holde et \u00f8ye med energiforbruket i hjemmet ditt. Plasser Energy Display p\u00e5 stua, kj\u00f8kkenet eller et sted du g\u00e5r forbi ofte, som i gangen. For \u00e5 forebygge un\u00f8dvendig str\u00f8mforbruk sl\u00e5s skjermen av hvis Energy Display ikke har oppdaget bevegelse p\u00e5 en stund.<\/p>\n\n\n\n<h2 class=\" wp-block-heading eplus-wrapper\">Oppn\u00e5 forbruksm\u00e5lene dine<\/h2>\n\n\n\n<p class=\" eplus-wrapper\">Du kan konfigurere Energy Display slik du vil ha den via <a href=\"https:\/\/helpdesk.homewizard.com\/collections\/3319573\">HomeWizard-appen<\/a>. Angi et forbruksm\u00e5l for en av de tre sirklene. Jo fullere sirkelen er, desto n\u00e6rmere er du \u00e5 n\u00e5 m\u00e5let. H\u00f8yre side av skjermen kan brukes til \u00e5 vise gass-, vann-, str\u00f8mforbruk, totale utgifter og\/eller temperatur. Velg om du vil ha innsikt i forbruk eller utgifter og se live eller p\u00e5 daglig basis.<\/p>\n\n\n\n<p class=\" eplus-wrapper\">Du trenger ikke et <a href=\"https:\/\/www.homewizard.com\/no\/energy-plus\/\">Energy+ -abonnement<\/a> for \u00e5 bruke Energy Display, men med et Energy+ -abonnement f\u00e5r du flere funksjoner, som \u00e5 kunne vise brutto str\u00f8mforbruk og forbruk av solcelleenergi.<\/p>\n\n\n\n<div class=\" wp-block-media-text has-media-on-the-right is-stacked-on-mobile eplus-wrapper\" style=\"grid-template-columns:auto 49%\"><div class=\"wp-block-media-text__content\">\n<h2 class=\" wp-block-heading eplus-wrapper\">Spar over 1.949 kr i \u00e5ret<\/h2>\n\n\n\n<p class=\" eplus-wrapper\">Med en Energy Display i hus, kan du spare gjennomsnittlig 6,9\u00a0% p\u00e5 gass og 2,2\u00a0% p\u00e5 str\u00f8m. En gjennomsnittlig husstand sparer over 1.949 kr i \u00e5ret p\u00e5 energiutgiftene.* Dette betyr at du tjener tilbake pengene for Energy Display p\u00e5 null komma niks. Det har aldri v\u00e6rt lettere \u00e5 spare p\u00e5 energiutgiftene.<\/p>\n\n\n<p class=\" eplus-wrapper eplus-styles-uid-e7c803\">* Basert p\u00e5 gjennomsnittlig husstand og energipriser i Nederland: 1500\u00a0m\u00b3 gass (17.30 kr) og 2500 kWh (4.75 kr).<\/p><\/div><figure class=\"wp-block-media-text__media\"><img decoding=\"async\" src=\"https:\/\/www.homewizard.com\/wp-content\/uploads\/2024\/01\/electricity-norway.png\" alt=\"\" class=\"wp-image-408990 size-full\"\/><\/figure><\/div>\n\n\n\n<h2 class=\" wp-block-heading eplus-wrapper\">I esken<\/h2>\n\n\n<ul class=\" wp-block-list eplus-wrapper eplus-styles-uid-f8832f\">\n<li class=\" eplus-wrapper\">HomeWizard Energy Display<\/li>\n\n\n\n<li class=\" eplus-wrapper\">Str\u00f8madapter<\/li>\n\n\n\n<li class=\" eplus-wrapper\">USB-C-ledning, 1,5\u00a0meter<\/li>\n\n\n\n<li class=\" eplus-wrapper\">Hurtigstartveiledning<\/li>\n<\/ul>\n\n\n<h2 class=\" wp-block-heading eplus-wrapper\">Krav<\/h2>\n\n\n\n<p class=\" eplus-wrapper\">An iOS 13, Android 8 or newer operating system<br>A secure Wi-Fi network with an internet connection<\/p>\n","protected":false},"excerpt":{"rendered":"<p>Angi energim\u00e5l, lag ditt eget dashbord og spar penger.<\/p>\n","protected":false},"featured_media":1012138,"template":"","meta":{"_acf_changed":false,"editor_plus_copied_stylings":"{}"},"product_brand":[],"product_cat":[247,248],"product_tag":[],"class_list":{"0":"post-543193","1":"product","2":"type-product","3":"status-publish","4":"has-post-thumbnail","6":"product_cat-alle-no","7":"product_cat-produkt","9":"first","10":"instock","11":"taxable","12":"shipping-taxable","13":"purchasable","14":"product-type-simple"},"acf":[],"yoast_head":"<!-- This site is optimized with the Yoast SEO plugin v27.0 - https:\/\/yoast.com\/product\/yoast-seo-wordpress\/ -->\n<title>Bestill Energy Display her \u2013 HomeWizard<\/title>\n<meta name=\"description\" content=\"Ta kontroll over energiforbruket ditt med Energy Display fra HomeWizard. Lag ditt eget dashbord, n\u00e5 m\u00e5lene dine og spar p\u00e5 energiutgiftene.\" \/>\n<meta name=\"robots\" content=\"index, follow, max-snippet:-1, max-image-preview:large, max-video-preview:-1\" \/>\n<link rel=\"canonical\" href=\"https:\/\/www.homewizard.com\/no\/butikk\/energy-display\/\" \/>\n<meta property=\"og:locale\" content=\"nb_NO\" \/>\n<meta property=\"og:type\" content=\"article\" \/>\n<meta property=\"og:title\" content=\"Bestill Energy Display her \u2013 HomeWizard\" \/>\n<meta property=\"og:description\" content=\"Ta kontroll over energiforbruket ditt med Energy Display fra HomeWizard. Lag ditt eget dashbord, n\u00e5 m\u00e5lene dine og spar p\u00e5 energiutgiftene.\" \/>\n<meta property=\"og:url\" content=\"https:\/\/www.homewizard.com\/no\/butikk\/energy-display\/\" \/>\n<meta property=\"og:site_name\" content=\"HomeWizard\" \/>\n<meta property=\"article:publisher\" content=\"https:\/\/www.facebook.com\/HomeWizardBV\/\" \/>\n<meta property=\"article:modified_time\" content=\"2026-04-28T22:37:24+00:00\" \/>\n<meta property=\"og:image\" content=\"https:\/\/www.homewizard.com\/wp-content\/uploads\/2023\/08\/Energy-Display-front-view.png\" \/>\n\t<meta property=\"og:image:width\" content=\"1900\" \/>\n\t<meta property=\"og:image:height\" content=\"1900\" \/>\n\t<meta property=\"og:image:type\" content=\"image\/png\" \/>\n<meta name=\"twitter:card\" content=\"summary_large_image\" \/>\n<meta name=\"twitter:site\" content=\"@HomeWizard_NL\" \/>\n<meta name=\"twitter:label1\" content=\"Ansl. lesetid\" \/>\n\t<meta name=\"twitter:data1\" content=\"2 minutter\" \/>\n<script type=\"application\/ld+json\" class=\"yoast-schema-graph\">{\"@context\":\"https:\/\/schema.org\",\"@graph\":[{\"@type\":\"WebPage\",\"@id\":\"https:\/\/www.homewizard.com\/no\/butikk\/energy-display\/\",\"url\":\"https:\/\/www.homewizard.com\/no\/butikk\/energy-display\/\",\"name\":\"Bestill Energy Display her \u2013 HomeWizard\",\"isPartOf\":{\"@id\":\"https:\/\/www.homewizard.com\/no\/#website\"},\"primaryImageOfPage\":{\"@id\":\"https:\/\/www.homewizard.com\/no\/butikk\/energy-display\/#primaryimage\"},\"image\":{\"@id\":\"https:\/\/www.homewizard.com\/no\/butikk\/energy-display\/#primaryimage\"},\"thumbnailUrl\":\"https:\/\/www.homewizard.com\/wp-content\/uploads\/2023\/08\/Energy-Display-front-view.png\",\"datePublished\":\"2023-08-21T08:27:37+00:00\",\"dateModified\":\"2026-04-28T22:37:24+00:00\",\"description\":\"Ta kontroll over energiforbruket ditt med Energy Display fra HomeWizard. Lag ditt eget dashbord, n\u00e5 m\u00e5lene dine og spar p\u00e5 energiutgiftene.\",\"breadcrumb\":{\"@id\":\"https:\/\/www.homewizard.com\/no\/butikk\/energy-display\/#breadcrumb\"},\"inLanguage\":\"nb-NO\",\"potentialAction\":[{\"@type\":\"ReadAction\",\"target\":[\"https:\/\/www.homewizard.com\/no\/butikk\/energy-display\/\"]}]},{\"@type\":\"ImageObject\",\"inLanguage\":\"nb-NO\",\"@id\":\"https:\/\/www.homewizard.com\/no\/butikk\/energy-display\/#primaryimage\",\"url\":\"https:\/\/www.homewizard.com\/wp-content\/uploads\/2023\/08\/Energy-Display-front-view.png\",\"contentUrl\":\"https:\/\/www.homewizard.com\/wp-content\/uploads\/2023\/08\/Energy-Display-front-view.png\",\"width\":1900,\"height\":1900},{\"@type\":\"BreadcrumbList\",\"@id\":\"https:\/\/www.homewizard.com\/no\/butikk\/energy-display\/#breadcrumb\",\"itemListElement\":[{\"@type\":\"ListItem\",\"position\":1,\"name\":\"Home\",\"item\":\"https:\/\/www.homewizard.com\/no\/\"},{\"@type\":\"ListItem\",\"position\":2,\"name\":\"Butikk\",\"item\":\"https:\/\/www.homewizard.com\/no\/butikk\/\"},{\"@type\":\"ListItem\",\"position\":3,\"name\":\"Energy Display\"}]},{\"@type\":\"WebSite\",\"@id\":\"https:\/\/www.homewizard.com\/no\/#website\",\"url\":\"https:\/\/www.homewizard.com\/no\/\",\"name\":\"HomeWizard\",\"description\":\"HomeWizard Energy\",\"publisher\":{\"@id\":\"https:\/\/www.homewizard.com\/no\/#organization\"},\"potentialAction\":[{\"@type\":\"SearchAction\",\"target\":{\"@type\":\"EntryPoint\",\"urlTemplate\":\"https:\/\/www.homewizard.com\/no\/?s={search_term_string}\"},\"query-input\":{\"@type\":\"PropertyValueSpecification\",\"valueRequired\":true,\"valueName\":\"search_term_string\"}}],\"inLanguage\":\"nb-NO\"},{\"@type\":\"Organization\",\"@id\":\"https:\/\/www.homewizard.com\/no\/#organization\",\"name\":\"HomeWizard\",\"url\":\"https:\/\/www.homewizard.com\/no\/\",\"logo\":{\"@type\":\"ImageObject\",\"inLanguage\":\"nb-NO\",\"@id\":\"https:\/\/www.homewizard.com\/no\/#\/schema\/logo\/image\/\",\"url\":\"https:\/\/www.homewizard.com\/wp-content\/uploads\/2023\/06\/HomeWizard-icon-on-black.png\",\"contentUrl\":\"https:\/\/www.homewizard.com\/wp-content\/uploads\/2023\/06\/HomeWizard-icon-on-black.png\",\"width\":500,\"height\":500,\"caption\":\"HomeWizard\"},\"image\":{\"@id\":\"https:\/\/www.homewizard.com\/no\/#\/schema\/logo\/image\/\"},\"sameAs\":[\"https:\/\/www.facebook.com\/HomeWizardBV\/\",\"https:\/\/x.com\/HomeWizard_NL\",\"https:\/\/www.youtube.com\/HomeWizardBV\",\"https:\/\/www.instagram.com\/homewizardenergy\/\"]}]}<\/script>\n<!-- \/ Yoast SEO plugin. -->","yoast_head_json":{"title":"Bestill Energy Display her \u2013 HomeWizard","description":"Ta kontroll over energiforbruket ditt med Energy Display fra HomeWizard. Lag ditt eget dashbord, n\u00e5 m\u00e5lene dine og spar p\u00e5 energiutgiftene.","robots":{"index":"index","follow":"follow","max-snippet":"max-snippet:-1","max-image-preview":"max-image-preview:large","max-video-preview":"max-video-preview:-1"},"canonical":"https:\/\/www.homewizard.com\/no\/butikk\/energy-display\/","og_locale":"nb_NO","og_type":"article","og_title":"Bestill Energy Display her \u2013 HomeWizard","og_description":"Ta kontroll over energiforbruket ditt med Energy Display fra HomeWizard. Lag ditt eget dashbord, n\u00e5 m\u00e5lene dine og spar p\u00e5 energiutgiftene.","og_url":"https:\/\/www.homewizard.com\/no\/butikk\/energy-display\/","og_site_name":"HomeWizard","article_publisher":"https:\/\/www.facebook.com\/HomeWizardBV\/","article_modified_time":"2026-04-28T22:37:24+00:00","og_image":[{"width":1900,"height":1900,"url":"https:\/\/www.homewizard.com\/wp-content\/uploads\/2023\/08\/Energy-Display-front-view.png","type":"image\/png"}],"twitter_card":"summary_large_image","twitter_site":"@HomeWizard_NL","twitter_misc":{"Ansl. lesetid":"2 minutter"},"schema":{"@context":"https:\/\/schema.org","@graph":[{"@type":"WebPage","@id":"https:\/\/www.homewizard.com\/no\/butikk\/energy-display\/","url":"https:\/\/www.homewizard.com\/no\/butikk\/energy-display\/","name":"Bestill Energy Display her \u2013 HomeWizard","isPartOf":{"@id":"https:\/\/www.homewizard.com\/no\/#website"},"primaryImageOfPage":{"@id":"https:\/\/www.homewizard.com\/no\/butikk\/energy-display\/#primaryimage"},"image":{"@id":"https:\/\/www.homewizard.com\/no\/butikk\/energy-display\/#primaryimage"},"thumbnailUrl":"https:\/\/www.homewizard.com\/wp-content\/uploads\/2023\/08\/Energy-Display-front-view.png","datePublished":"2023-08-21T08:27:37+00:00","dateModified":"2026-04-28T22:37:24+00:00","description":"Ta kontroll over energiforbruket ditt med Energy Display fra HomeWizard. Lag ditt eget dashbord, n\u00e5 m\u00e5lene dine og spar p\u00e5 energiutgiftene.","breadcrumb":{"@id":"https:\/\/www.homewizard.com\/no\/butikk\/energy-display\/#breadcrumb"},"inLanguage":"nb-NO","potentialAction":[{"@type":"ReadAction","target":["https:\/\/www.homewizard.com\/no\/butikk\/energy-display\/"]}]},{"@type":"ImageObject","inLanguage":"nb-NO","@id":"https:\/\/www.homewizard.com\/no\/butikk\/energy-display\/#primaryimage","url":"https:\/\/www.homewizard.com\/wp-content\/uploads\/2023\/08\/Energy-Display-front-view.png","contentUrl":"https:\/\/www.homewizard.com\/wp-content\/uploads\/2023\/08\/Energy-Display-front-view.png","width":1900,"height":1900},{"@type":"BreadcrumbList","@id":"https:\/\/www.homewizard.com\/no\/butikk\/energy-display\/#breadcrumb","itemListElement":[{"@type":"ListItem","position":1,"name":"Home","item":"https:\/\/www.homewizard.com\/no\/"},{"@type":"ListItem","position":2,"name":"Butikk","item":"https:\/\/www.homewizard.com\/no\/butikk\/"},{"@type":"ListItem","position":3,"name":"Energy Display"}]},{"@type":"WebSite","@id":"https:\/\/www.homewizard.com\/no\/#website","url":"https:\/\/www.homewizard.com\/no\/","name":"HomeWizard","description":"HomeWizard Energy","publisher":{"@id":"https:\/\/www.homewizard.com\/no\/#organization"},"potentialAction":[{"@type":"SearchAction","target":{"@type":"EntryPoint","urlTemplate":"https:\/\/www.homewizard.com\/no\/?s={search_term_string}"},"query-input":{"@type":"PropertyValueSpecification","valueRequired":true,"valueName":"search_term_string"}}],"inLanguage":"nb-NO"},{"@type":"Organization","@id":"https:\/\/www.homewizard.com\/no\/#organization","name":"HomeWizard","url":"https:\/\/www.homewizard.com\/no\/","logo":{"@type":"ImageObject","inLanguage":"nb-NO","@id":"https:\/\/www.homewizard.com\/no\/#\/schema\/logo\/image\/","url":"https:\/\/www.homewizard.com\/wp-content\/uploads\/2023\/06\/HomeWizard-icon-on-black.png","contentUrl":"https:\/\/www.homewizard.com\/wp-content\/uploads\/2023\/06\/HomeWizard-icon-on-black.png","width":500,"height":500,"caption":"HomeWizard"},"image":{"@id":"https:\/\/www.homewizard.com\/no\/#\/schema\/logo\/image\/"},"sameAs":["https:\/\/www.facebook.com\/HomeWizardBV\/","https:\/\/x.com\/HomeWizard_NL","https:\/\/www.youtube.com\/HomeWizardBV","https:\/\/www.instagram.com\/homewizardenergy\/"]}]}},"_links":{"self":[{"href":"https:\/\/www.homewizard.com\/no\/wp-json\/wp\/v2\/product\/543193","targetHints":{"allow":["GET"]}}],"collection":[{"href":"https:\/\/www.homewizard.com\/no\/wp-json\/wp\/v2\/product"}],"about":[{"href":"https:\/\/www.homewizard.com\/no\/wp-json\/wp\/v2\/types\/product"}],"wp:featuredmedia":[{"embeddable":true,"href":"https:\/\/www.homewizard.com\/no\/wp-json\/wp\/v2\/media\/1012138"}],"wp:attachment":[{"href":"https:\/\/www.homewizard.com\/no\/wp-json\/wp\/v2\/media?parent=543193"}],"wp:term":[{"taxonomy":"product_brand","embeddable":true,"href":"https:\/\/www.homewizard.com\/no\/wp-json\/wp\/v2\/product_brand?post=543193"},{"taxonomy":"product_cat","embeddable":true,"href":"https:\/\/www.homewizard.com\/no\/wp-json\/wp\/v2\/product_cat?post=543193"},{"taxonomy":"product_tag","embeddable":true,"href":"https:\/\/www.homewizard.com\/no\/wp-json\/wp\/v2\/product_tag?post=543193"}],"curies":[{"name":"wp","href":"https:\/\/api.w.org\/{rel}","templated":true}]}}