{"id":543117,"date":"2022-06-03T11:02:27","date_gmt":"2022-06-03T09:02:27","guid":{"rendered":"https:\/\/www.homewizard.com\/shop\/wi-fi-watermeter\/"},"modified":"2026-04-29T14:35:14","modified_gmt":"2026-04-29T12:35:14","slug":"wi-fi-watermeter","status":"publish","type":"product","link":"https:\/\/www.homewizard.com\/no\/butikk\/wi-fi-watermeter\/","title":{"rendered":"Wi-Fi Watermeter"},"content":{"rendered":"\n<p class=\" eplus-wrapper\">Spar p\u00e5 vannregningen med v\u00e5r smarte Watermeter! HomeWizard Watermeter gir deg live innsikt i vannforbruket ditt. Den forteller deg n\u00f8yaktig hvor mye vann du bruker n\u00e5r du fyller badekaret, vasker hendene eller dusjer.<\/p>\n\n\n\n<p class=\" eplus-wrapper\">Du kan koble til m\u00e5leren selv, uten profesjonell hjelp. I l\u00f8pet av noen minutter er du klar for \u00e5 bruke den og spare penger p\u00e5 vannregningen.<\/p>\n\n\n\n<div class=\" wp-block-media-text has-media-on-the-right is-stacked-on-mobile eplus-wrapper\" style=\"grid-template-columns:auto 33%\"><div class=\"wp-block-media-text__content\">\n<h2 class=\" wp-block-heading eplus-wrapper\">Fleksibel anvendelse.<\/h2>\n\n\n\n<p class=\" eplus-wrapper\">Du kan koble HomeWizards smarte Watermeter til Wi-Fi- og vannm\u00e5leren din. Deretter leser v\u00e5r smarte Watermeter fra den analoge vannm\u00e5leren. Spesifikasjonene til v\u00e5r Watermeter er som f\u00f8lger.<\/p>\n\n\n\n<h3 class=\" wp-block-heading eplus-wrapper\"><strong>Leser den analoge vannm\u00e5leren<\/strong>.<\/h3>\n\n\n\n<p class=\" eplus-wrapper\">Med det medf\u00f8lgende brakettsettet kan du plassere Watermeter p\u00e5 de fleste eksisterende analoge vannm\u00e5lere fra Zenner, Sensus, Itron, Actaris, Hidroconta, Schlumberger, Elster, Honeywell, Maddalena MVM, DH Metering og Diehl Metering i l\u00f8pet av to minutter. Bare klikk vannm\u00e5leren inn i braketten, koble til Wi-Fi, og du er ferdig. Sjekk v\u00e5r helpdesk-artikkel: <a href=\"https:\/\/helpdesk.homewizard.com\/articles\/6287701\">Er den analoge vannm\u00e5leren min kompatibel?<\/a> for \u00e5 forsikre deg om at den er kompatibel, og for \u00e5 l\u00e6re hvordan du installerer Watermeter.<\/p>\n<\/div><figure class=\"wp-block-media-text__media\"><img loading=\"lazy\" decoding=\"async\" width=\"700\" height=\"746\" src=\"https:\/\/www.homewizard.com\/wp-content\/uploads\/2023\/02\/homewizard-watermeter-mounting.png\" alt=\"\" class=\"wp-image-261356 size-full\" srcset=\"https:\/\/www.homewizard.com\/wp-content\/uploads\/2023\/02\/homewizard-watermeter-mounting.png 700w, https:\/\/www.homewizard.com\/wp-content\/uploads\/2023\/02\/homewizard-watermeter-mounting-282x300.png 282w, https:\/\/www.homewizard.com\/wp-content\/uploads\/2023\/02\/homewizard-watermeter-mounting-600x639.png 600w\" sizes=\"auto, (max-width: 700px) 100vw, 700px\" \/><\/figure><\/div>\n\n\n\n<h3 class=\" wp-block-heading eplus-wrapper\"><strong>Kan kobles til med ledning eller batteri<\/strong>.<\/h3>\n\n\n\n<p class=\" eplus-wrapper\">Den smarte Watermeter kan brukes med str\u00f8mledning. Enheten kan m\u00e5le opptil 200&nbsp;liter i minuttet \u2013 mer enn nok for en normal husstand! M\u00e5leren sender dataene live til den gratis appen v\u00e5r. Dette gir deg innsikt i vannforbruket ditt og hjelper deg med \u00e5 spare vann.<\/p>\n\n\n\n<p class=\" eplus-wrapper\">Har du ikke et str\u00f8muttak i n\u00e6rheten av vannm\u00e5leren? Ikke noe problem! Wi-Fi Watermeter kan ogs\u00e5 brukes med batterier, som du kan bestille sammen med m\u00e5leren. Med ett batterisett varer m\u00e5leren i opptil et \u00e5r, og kan m\u00e5le opptil 30&nbsp;liter i minuttet. I dette tilfellet sendes data til appen fire ganger om dagen.<\/p>\n\n\n\n<div style=\"height:15px\" aria-hidden=\"true\" class=\" wp-block-spacer eplus-wrapper\"><\/div>\n\n\n\n<h3 class=\" wp-block-heading eplus-wrapper\"><strong>M\u00e5l vannforbruket ditt enkelt og n\u00f8yaktig<\/strong>.<\/h3>\n\n\n\n<p class=\" eplus-wrapper\">Som nevnt ovenfor kan Watermeter m\u00e5le opptil 30&nbsp;liter i minuttet med batteristr\u00f8m, og opptil 200&nbsp;liter i minuttet n\u00e5r den er koblet til med en str\u00f8mledning. If\u00f8lge <a href=\"https:\/\/www.energysavingtrust.org.uk\/sites\/default\/files\/reports\/AtHomewithWater%287%29.pdf\">en rapport fra the Energy Saving Trust fra 2013<\/a>, bruker gjennomsnittshusstanden omtrent 349&nbsp;liter vann per dag. Rapporten nevner at en gjennomsnittlig dusj bruker ca. 8&nbsp;liter vann i minuttet. Det betyr at v\u00e5r Watermeter kan m\u00e5le mer enn nok!<\/p>\n\n\n\n<h2 class=\" wp-block-heading eplus-wrapper\"><strong>Umiddelbar innsikt via den gratis appen<\/strong>.<\/h2>\n\n\n\n<p class=\" eplus-wrapper\">V\u00e5r Watermeter gj\u00f8r det utrolig lett \u00e5 forst\u00e5 vannforbruket ditt! Legg til Watermeter i <a href=\"https:\/\/helpdesk.homewizard.com\/en\/collections\/3319573-using-homewizard-energy\">HomeWizard Energy-appen<\/a> og f\u00e5 umiddelbar innsikt i vannforbruket ditt. Dette gj\u00f8r det lett \u00e5 justere n\u00e5r og der det trengs. Energy-appen er tilgjengelig for <a href=\"https:\/\/play.google.com\/store\/apps\/details?id=nl.homewizard.android.energy&amp;pcampaignid=pcampaignidMKT-Other-global-all-co-prtnr-py-PartBadge-Mar2515-1\">Android<\/a> og <a href=\"https:\/\/apps.apple.com\/app\/homewizard-energy\/id1492427207\">iOS<\/a>.<\/p>\n\n\n<div class=\"wp-block-image is-resized\">\n<figure class=\"aligncenter size-full eplus-wrapper\"><img loading=\"lazy\" decoding=\"async\" width=\"1236\" height=\"2560\" src=\"https:\/\/www.homewizard.com\/wp-content\/uploads\/2025\/12\/Iphone-staand-front-all-ebike-gescrolld-water-boven-EN-1-scaled.png\" alt=\"\" class=\"wp-image-1930292\" style=\"width:250px\" srcset=\"https:\/\/www.homewizard.com\/wp-content\/uploads\/2025\/12\/Iphone-staand-front-all-ebike-gescrolld-water-boven-EN-1-scaled.png 1236w, https:\/\/www.homewizard.com\/wp-content\/uploads\/2025\/12\/Iphone-staand-front-all-ebike-gescrolld-water-boven-EN-1-145x300.png 145w, https:\/\/www.homewizard.com\/wp-content\/uploads\/2025\/12\/Iphone-staand-front-all-ebike-gescrolld-water-boven-EN-1-494x1024.png 494w, https:\/\/www.homewizard.com\/wp-content\/uploads\/2025\/12\/Iphone-staand-front-all-ebike-gescrolld-water-boven-EN-1-768x1591.png 768w, https:\/\/www.homewizard.com\/wp-content\/uploads\/2025\/12\/Iphone-staand-front-all-ebike-gescrolld-water-boven-EN-1-741x1536.png 741w, https:\/\/www.homewizard.com\/wp-content\/uploads\/2025\/12\/Iphone-staand-front-all-ebike-gescrolld-water-boven-EN-1-989x2048.png 989w, https:\/\/www.homewizard.com\/wp-content\/uploads\/2025\/12\/Iphone-staand-front-all-ebike-gescrolld-water-boven-EN-1-800x1657.png 800w\" sizes=\"auto, (max-width: 1236px) 100vw, 1236px\" \/><\/figure>\n<\/div>\n\n\n<p class=\" eplus-wrapper\"><\/p>\n\n\n\n<h2 class=\" wp-block-heading eplus-wrapper\"><strong>Eskens innhold<\/strong>.<\/h2>\n\n\n\n<p class=\" eplus-wrapper\">Esken inneholder alt du trenger for \u00e5 komme i gang med v\u00e5r Watermeter. I pakken finner du<\/p>\n\n\n<ul class=\" wp-block-list eplus-wrapper eplus-styles-uid-a0480b\">\n<li class=\" eplus-wrapper\">en smart Watermeter<\/li>\n\n\n\n<li class=\" eplus-wrapper\">en adapter til Watermeter<\/li>\n\n\n\n<li class=\" eplus-wrapper\">5 V USB-str\u00f8mforsyning<\/li>\n\n\n\n<li class=\" eplus-wrapper\">USB-C-ledning, 3 meter<\/li>\n\n\n\n<li class=\" eplus-wrapper\">Hurtigstartveiledning<\/li>\n<\/ul>","protected":false},"excerpt":{"rendered":"<p>Innsikt i vannforbruket i sanntid<\/p>\n","protected":false},"featured_media":543131,"template":"","meta":{"_acf_changed":false,"editor_plus_copied_stylings":"{}"},"product_brand":[],"product_cat":[247,248],"product_tag":[],"class_list":{"0":"post-543117","1":"product","2":"type-product","3":"status-publish","4":"has-post-thumbnail","6":"product_cat-alle-no","7":"product_cat-produkt","9":"first","10":"instock","11":"taxable","12":"shipping-taxable","13":"purchasable","14":"product-type-simple"},"acf":[],"yoast_head":"<!-- This site is optimized with the Yoast SEO plugin v27.0 - https:\/\/yoast.com\/product\/yoast-seo-wordpress\/ -->\n<title>Bestill en smart Wi-Fi Watermeter! - HomeWizard<\/title>\n<meta name=\"description\" content=\"Bestill HomeWizards smarte Watermeter og forst\u00e5 vannforbruket ditt! \u2713 Rask levering \u2713 2-\u00e5rs garanti \u2713 gratis shipping fra \u20ac\u00a075\" \/>\n<meta name=\"robots\" content=\"index, follow, max-snippet:-1, max-image-preview:large, max-video-preview:-1\" \/>\n<link rel=\"canonical\" href=\"https:\/\/www.homewizard.com\/no\/butikk\/wi-fi-watermeter\/\" \/>\n<meta property=\"og:locale\" content=\"nb_NO\" \/>\n<meta property=\"og:type\" content=\"article\" \/>\n<meta property=\"og:title\" content=\"Bestill en smart Wi-Fi Watermeter! - HomeWizard\" \/>\n<meta property=\"og:description\" content=\"Bestill HomeWizards smarte Watermeter og forst\u00e5 vannforbruket ditt! \u2713 Rask levering \u2713 2-\u00e5rs garanti \u2713 gratis shipping fra \u20ac\u00a075\" \/>\n<meta property=\"og:url\" content=\"https:\/\/www.homewizard.com\/no\/butikk\/wi-fi-watermeter\/\" \/>\n<meta property=\"og:site_name\" content=\"HomeWizard\" \/>\n<meta property=\"article:publisher\" content=\"https:\/\/www.facebook.com\/HomeWizardBV\/\" \/>\n<meta property=\"article:modified_time\" content=\"2026-04-29T12:35:14+00:00\" \/>\n<meta property=\"og:image\" content=\"https:\/\/www.homewizard.com\/wp-content\/uploads\/2022\/06\/Watermeter_side.png\" \/>\n\t<meta property=\"og:image:width\" content=\"1900\" \/>\n\t<meta property=\"og:image:height\" content=\"1900\" \/>\n\t<meta property=\"og:image:type\" content=\"image\/png\" \/>\n<meta name=\"twitter:card\" content=\"summary_large_image\" \/>\n<meta name=\"twitter:site\" content=\"@HomeWizard_NL\" \/>\n<meta name=\"twitter:label1\" content=\"Ansl. lesetid\" \/>\n\t<meta name=\"twitter:data1\" content=\"3 minutter\" \/>\n<script type=\"application\/ld+json\" class=\"yoast-schema-graph\">{\"@context\":\"https:\/\/schema.org\",\"@graph\":[{\"@type\":\"WebPage\",\"@id\":\"https:\/\/www.homewizard.com\/no\/butikk\/wi-fi-watermeter\/\",\"url\":\"https:\/\/www.homewizard.com\/no\/butikk\/wi-fi-watermeter\/\",\"name\":\"Bestill en smart Wi-Fi Watermeter! - HomeWizard\",\"isPartOf\":{\"@id\":\"https:\/\/www.homewizard.com\/no\/#website\"},\"primaryImageOfPage\":{\"@id\":\"https:\/\/www.homewizard.com\/no\/butikk\/wi-fi-watermeter\/#primaryimage\"},\"image\":{\"@id\":\"https:\/\/www.homewizard.com\/no\/butikk\/wi-fi-watermeter\/#primaryimage\"},\"thumbnailUrl\":\"https:\/\/www.homewizard.com\/wp-content\/uploads\/2022\/06\/Watermeter_side.png\",\"datePublished\":\"2022-06-03T09:02:27+00:00\",\"dateModified\":\"2026-04-29T12:35:14+00:00\",\"description\":\"Bestill HomeWizards smarte Watermeter og forst\u00e5 vannforbruket ditt! \u2713 Rask levering \u2713 2-\u00e5rs garanti \u2713 gratis shipping fra \u20ac\u00a075\",\"breadcrumb\":{\"@id\":\"https:\/\/www.homewizard.com\/no\/butikk\/wi-fi-watermeter\/#breadcrumb\"},\"inLanguage\":\"nb-NO\",\"potentialAction\":[{\"@type\":\"ReadAction\",\"target\":[\"https:\/\/www.homewizard.com\/no\/butikk\/wi-fi-watermeter\/\"]}]},{\"@type\":\"ImageObject\",\"inLanguage\":\"nb-NO\",\"@id\":\"https:\/\/www.homewizard.com\/no\/butikk\/wi-fi-watermeter\/#primaryimage\",\"url\":\"https:\/\/www.homewizard.com\/wp-content\/uploads\/2022\/06\/Watermeter_side.png\",\"contentUrl\":\"https:\/\/www.homewizard.com\/wp-content\/uploads\/2022\/06\/Watermeter_side.png\",\"width\":1900,\"height\":1900,\"caption\":\"HomeWizard Wi-Fi Watermeter\"},{\"@type\":\"BreadcrumbList\",\"@id\":\"https:\/\/www.homewizard.com\/no\/butikk\/wi-fi-watermeter\/#breadcrumb\",\"itemListElement\":[{\"@type\":\"ListItem\",\"position\":1,\"name\":\"Home\",\"item\":\"https:\/\/www.homewizard.com\/no\/\"},{\"@type\":\"ListItem\",\"position\":2,\"name\":\"Butikk\",\"item\":\"https:\/\/www.homewizard.com\/no\/butikk\/\"},{\"@type\":\"ListItem\",\"position\":3,\"name\":\"Wi-Fi Watermeter\"}]},{\"@type\":\"WebSite\",\"@id\":\"https:\/\/www.homewizard.com\/no\/#website\",\"url\":\"https:\/\/www.homewizard.com\/no\/\",\"name\":\"HomeWizard\",\"description\":\"HomeWizard Energy\",\"publisher\":{\"@id\":\"https:\/\/www.homewizard.com\/no\/#organization\"},\"potentialAction\":[{\"@type\":\"SearchAction\",\"target\":{\"@type\":\"EntryPoint\",\"urlTemplate\":\"https:\/\/www.homewizard.com\/no\/?s={search_term_string}\"},\"query-input\":{\"@type\":\"PropertyValueSpecification\",\"valueRequired\":true,\"valueName\":\"search_term_string\"}}],\"inLanguage\":\"nb-NO\"},{\"@type\":\"Organization\",\"@id\":\"https:\/\/www.homewizard.com\/no\/#organization\",\"name\":\"HomeWizard\",\"url\":\"https:\/\/www.homewizard.com\/no\/\",\"logo\":{\"@type\":\"ImageObject\",\"inLanguage\":\"nb-NO\",\"@id\":\"https:\/\/www.homewizard.com\/no\/#\/schema\/logo\/image\/\",\"url\":\"https:\/\/www.homewizard.com\/wp-content\/uploads\/2023\/06\/HomeWizard-icon-on-black.png\",\"contentUrl\":\"https:\/\/www.homewizard.com\/wp-content\/uploads\/2023\/06\/HomeWizard-icon-on-black.png\",\"width\":500,\"height\":500,\"caption\":\"HomeWizard\"},\"image\":{\"@id\":\"https:\/\/www.homewizard.com\/no\/#\/schema\/logo\/image\/\"},\"sameAs\":[\"https:\/\/www.facebook.com\/HomeWizardBV\/\",\"https:\/\/x.com\/HomeWizard_NL\",\"https:\/\/www.youtube.com\/HomeWizardBV\",\"https:\/\/www.instagram.com\/homewizardenergy\/\"]}]}<\/script>\n<!-- \/ Yoast SEO plugin. -->","yoast_head_json":{"title":"Bestill en smart Wi-Fi Watermeter! - HomeWizard","description":"Bestill HomeWizards smarte Watermeter og forst\u00e5 vannforbruket ditt! \u2713 Rask levering \u2713 2-\u00e5rs garanti \u2713 gratis shipping fra \u20ac\u00a075","robots":{"index":"index","follow":"follow","max-snippet":"max-snippet:-1","max-image-preview":"max-image-preview:large","max-video-preview":"max-video-preview:-1"},"canonical":"https:\/\/www.homewizard.com\/no\/butikk\/wi-fi-watermeter\/","og_locale":"nb_NO","og_type":"article","og_title":"Bestill en smart Wi-Fi Watermeter! - HomeWizard","og_description":"Bestill HomeWizards smarte Watermeter og forst\u00e5 vannforbruket ditt! \u2713 Rask levering \u2713 2-\u00e5rs garanti \u2713 gratis shipping fra \u20ac\u00a075","og_url":"https:\/\/www.homewizard.com\/no\/butikk\/wi-fi-watermeter\/","og_site_name":"HomeWizard","article_publisher":"https:\/\/www.facebook.com\/HomeWizardBV\/","article_modified_time":"2026-04-29T12:35:14+00:00","og_image":[{"width":1900,"height":1900,"url":"https:\/\/www.homewizard.com\/wp-content\/uploads\/2022\/06\/Watermeter_side.png","type":"image\/png"}],"twitter_card":"summary_large_image","twitter_site":"@HomeWizard_NL","twitter_misc":{"Ansl. lesetid":"3 minutter"},"schema":{"@context":"https:\/\/schema.org","@graph":[{"@type":"WebPage","@id":"https:\/\/www.homewizard.com\/no\/butikk\/wi-fi-watermeter\/","url":"https:\/\/www.homewizard.com\/no\/butikk\/wi-fi-watermeter\/","name":"Bestill en smart Wi-Fi Watermeter! - HomeWizard","isPartOf":{"@id":"https:\/\/www.homewizard.com\/no\/#website"},"primaryImageOfPage":{"@id":"https:\/\/www.homewizard.com\/no\/butikk\/wi-fi-watermeter\/#primaryimage"},"image":{"@id":"https:\/\/www.homewizard.com\/no\/butikk\/wi-fi-watermeter\/#primaryimage"},"thumbnailUrl":"https:\/\/www.homewizard.com\/wp-content\/uploads\/2022\/06\/Watermeter_side.png","datePublished":"2022-06-03T09:02:27+00:00","dateModified":"2026-04-29T12:35:14+00:00","description":"Bestill HomeWizards smarte Watermeter og forst\u00e5 vannforbruket ditt! \u2713 Rask levering \u2713 2-\u00e5rs garanti \u2713 gratis shipping fra \u20ac\u00a075","breadcrumb":{"@id":"https:\/\/www.homewizard.com\/no\/butikk\/wi-fi-watermeter\/#breadcrumb"},"inLanguage":"nb-NO","potentialAction":[{"@type":"ReadAction","target":["https:\/\/www.homewizard.com\/no\/butikk\/wi-fi-watermeter\/"]}]},{"@type":"ImageObject","inLanguage":"nb-NO","@id":"https:\/\/www.homewizard.com\/no\/butikk\/wi-fi-watermeter\/#primaryimage","url":"https:\/\/www.homewizard.com\/wp-content\/uploads\/2022\/06\/Watermeter_side.png","contentUrl":"https:\/\/www.homewizard.com\/wp-content\/uploads\/2022\/06\/Watermeter_side.png","width":1900,"height":1900,"caption":"HomeWizard Wi-Fi Watermeter"},{"@type":"BreadcrumbList","@id":"https:\/\/www.homewizard.com\/no\/butikk\/wi-fi-watermeter\/#breadcrumb","itemListElement":[{"@type":"ListItem","position":1,"name":"Home","item":"https:\/\/www.homewizard.com\/no\/"},{"@type":"ListItem","position":2,"name":"Butikk","item":"https:\/\/www.homewizard.com\/no\/butikk\/"},{"@type":"ListItem","position":3,"name":"Wi-Fi Watermeter"}]},{"@type":"WebSite","@id":"https:\/\/www.homewizard.com\/no\/#website","url":"https:\/\/www.homewizard.com\/no\/","name":"HomeWizard","description":"HomeWizard Energy","publisher":{"@id":"https:\/\/www.homewizard.com\/no\/#organization"},"potentialAction":[{"@type":"SearchAction","target":{"@type":"EntryPoint","urlTemplate":"https:\/\/www.homewizard.com\/no\/?s={search_term_string}"},"query-input":{"@type":"PropertyValueSpecification","valueRequired":true,"valueName":"search_term_string"}}],"inLanguage":"nb-NO"},{"@type":"Organization","@id":"https:\/\/www.homewizard.com\/no\/#organization","name":"HomeWizard","url":"https:\/\/www.homewizard.com\/no\/","logo":{"@type":"ImageObject","inLanguage":"nb-NO","@id":"https:\/\/www.homewizard.com\/no\/#\/schema\/logo\/image\/","url":"https:\/\/www.homewizard.com\/wp-content\/uploads\/2023\/06\/HomeWizard-icon-on-black.png","contentUrl":"https:\/\/www.homewizard.com\/wp-content\/uploads\/2023\/06\/HomeWizard-icon-on-black.png","width":500,"height":500,"caption":"HomeWizard"},"image":{"@id":"https:\/\/www.homewizard.com\/no\/#\/schema\/logo\/image\/"},"sameAs":["https:\/\/www.facebook.com\/HomeWizardBV\/","https:\/\/x.com\/HomeWizard_NL","https:\/\/www.youtube.com\/HomeWizardBV","https:\/\/www.instagram.com\/homewizardenergy\/"]}]}},"_links":{"self":[{"href":"https:\/\/www.homewizard.com\/no\/wp-json\/wp\/v2\/product\/543117","targetHints":{"allow":["GET"]}}],"collection":[{"href":"https:\/\/www.homewizard.com\/no\/wp-json\/wp\/v2\/product"}],"about":[{"href":"https:\/\/www.homewizard.com\/no\/wp-json\/wp\/v2\/types\/product"}],"wp:featuredmedia":[{"embeddable":true,"href":"https:\/\/www.homewizard.com\/no\/wp-json\/wp\/v2\/media\/543131"}],"wp:attachment":[{"href":"https:\/\/www.homewizard.com\/no\/wp-json\/wp\/v2\/media?parent=543117"}],"wp:term":[{"taxonomy":"product_brand","embeddable":true,"href":"https:\/\/www.homewizard.com\/no\/wp-json\/wp\/v2\/product_brand?post=543117"},{"taxonomy":"product_cat","embeddable":true,"href":"https:\/\/www.homewizard.com\/no\/wp-json\/wp\/v2\/product_cat?post=543117"},{"taxonomy":"product_tag","embeddable":true,"href":"https:\/\/www.homewizard.com\/no\/wp-json\/wp\/v2\/product_tag?post=543117"}],"curies":[{"name":"wp","href":"https:\/\/api.w.org\/{rel}","templated":true}]}}