{"id":543108,"date":"2021-12-07T13:03:26","date_gmt":"2021-12-07T12:03:26","guid":{"rendered":"https:\/\/www.homewizard.com\/shop\/wi-fi-energy-socket\/"},"modified":"2026-04-26T08:48:53","modified_gmt":"2026-04-26T06:48:53","slug":"wi-fi-energy-socket","status":"publish","type":"product","link":"https:\/\/www.homewizard.com\/no\/butikk\/wi-fi-energy-socket\/","title":{"rendered":"Wi-Fi Energy Socket"},"content":{"rendered":"\n<p class=\" eplus-wrapper\">Energy Socket hjelper deg med \u00e5 forst\u00e5 energiforbruket til enhetene dine. Sett i str\u00f8muttaket, koble til enheten din og begynn \u00e5 m\u00e5le.<\/p>\n\n<h2 class=\" wp-block-heading eplus-wrapper\">Standby? Deaktivert<\/h2>\n\n<p class=\" eplus-wrapper\">Energy Socket sl\u00e5r av enheter n\u00e5r du ikke trenger dem, som TV-en og tilbeh\u00f8r om natten eller varmtvannstanken p\u00e5 kj\u00f8kkenet. Kontroller hvilke enheter som er sl\u00e5tt av eller p\u00e5 med timere. Hver 1 Watt som spares i standby-forbruket sparer deg over 34 kr i \u00e5ret!<\/p>\n\n<figure class=\"round_corners wp-block-image size-large eplus-wrapper\"><img loading=\"lazy\" decoding=\"async\" width=\"1024\" height=\"640\" src=\"https:\/\/www.homewizard.com\/wp-content\/uploads\/2024\/03\/HomeWizard_Socket_Header_ON-1024x640.jpg\" alt=\"\" class=\"wp-image-590516\" srcset=\"https:\/\/www.homewizard.com\/wp-content\/uploads\/2024\/03\/HomeWizard_Socket_Header_ON-1024x640.jpg 1024w, https:\/\/www.homewizard.com\/wp-content\/uploads\/2024\/03\/HomeWizard_Socket_Header_ON-scaled-800x500.jpg 800w, https:\/\/www.homewizard.com\/wp-content\/uploads\/2024\/03\/HomeWizard_Socket_Header_ON-300x188.jpg 300w, https:\/\/www.homewizard.com\/wp-content\/uploads\/2024\/03\/HomeWizard_Socket_Header_ON-768x480.jpg 768w\" sizes=\"auto, (max-width: 1024px) 100vw, 1024px\" \/><\/figure>\n\n<h2 class=\" wp-block-heading eplus-wrapper\">Optimalisert for hvert scenario<\/h2>\n<ul class=\" wp-block-list eplus-wrapper eplus-styles-uid-e62d66\">\n<li class=\" eplus-wrapper\"><strong>Stort omr\u00e5de<\/strong>: Egnet for sm\u00e5 og store apparater med et omr\u00e5de p\u00e5 1\u00a0W til 3680\u00a0W.<\/li>\n\n\n\n<li class=\" eplus-wrapper\"><strong>N\u00f8yaktig<\/strong>: Individuelt kalibrert for n\u00f8yaktige m\u00e5l (\u00b1 99,5\u00a0%).<\/li>\n\n\n\n<li class=\" eplus-wrapper\"><strong>Energieffektiv<\/strong>: Optimalisert for lavt egenforbruk p\u00e5 mindre enn 1\u00a0Watt.<\/li>\n\n\n\n<li class=\" eplus-wrapper\"><strong>Maksimal belastning:<\/strong> Maks. 3680W (16A), Kontinuerlig belastning: 2760W (12A).<\/li>\n\n\n\n<li class=\" eplus-wrapper\"><strong>Beskyttelse mot overoppheting:<\/strong> Energy Socket sl\u00e5r seg automatisk av n\u00e5r st\u00f8pselet eller stikkontakten genererer en farlig mengde varme, noe som indikerer d\u00e5rlig kontakt eller vedvarende maksimal belastning.<\/li>\n<\/ul>\n<h2 class=\" wp-block-heading eplus-wrapper\">I esken<\/h2>\n<ul class=\" wp-block-list eplus-wrapper eplus-styles-uid-43ba98\">\n<li class=\" eplus-wrapper\">Energy Socket<\/li>\n\n\n\n<li class=\" eplus-wrapper\">Hurtigstartveiledning<\/li>\n<\/ul>\n<div style=\"height:32px\" aria-hidden=\"true\" class=\" wp-block-spacer eplus-wrapper\"><\/div>\n\n<p class=\" eplus-wrapper\"><a href=\"https:\/\/www.homewizard.com\/no\/energy-socket\/\">Mer informasjon om Energy Socket<\/a><\/p>\n","protected":false},"excerpt":{"rendered":"<p>M\u00e5l og sl\u00e5 enhetene av og p\u00e5.<\/p>\n","protected":false},"featured_media":1012274,"template":"","meta":{"_acf_changed":false,"editor_plus_copied_stylings":"{}"},"product_brand":[],"product_cat":[247,248],"product_tag":[],"class_list":{"0":"post-543108","1":"product","2":"type-product","3":"status-publish","4":"has-post-thumbnail","6":"product_cat-alle-no","7":"product_cat-produkt","9":"first","10":"instock","11":"taxable","12":"shipping-taxable","13":"purchasable","14":"product-type-simple"},"acf":[],"yoast_head":"<!-- This site is optimized with the Yoast SEO plugin v27.0 - https:\/\/yoast.com\/product\/yoast-seo-wordpress\/ -->\n<title>Bestill Wi-Fi Energy Socket her \u2013 HomeWizard<\/title>\n<meta name=\"description\" content=\"Innsikt i forbruket til hvert apparat med grafer med HomeWizard Energy Socket. Bestill Energy Socket her!\" \/>\n<meta name=\"robots\" content=\"index, follow, max-snippet:-1, max-image-preview:large, max-video-preview:-1\" \/>\n<link rel=\"canonical\" href=\"https:\/\/www.homewizard.com\/no\/butikk\/wi-fi-energy-socket\/\" \/>\n<meta property=\"og:locale\" content=\"nb_NO\" \/>\n<meta property=\"og:type\" content=\"article\" \/>\n<meta property=\"og:title\" content=\"Bestill Wi-Fi Energy Socket her \u2013 HomeWizard\" \/>\n<meta property=\"og:description\" content=\"Innsikt i forbruket til hvert apparat med grafer med HomeWizard Energy Socket. Bestill Energy Socket her!\" \/>\n<meta property=\"og:url\" content=\"https:\/\/www.homewizard.com\/no\/butikk\/wi-fi-energy-socket\/\" \/>\n<meta property=\"og:site_name\" content=\"HomeWizard\" \/>\n<meta property=\"article:publisher\" content=\"https:\/\/www.facebook.com\/HomeWizardBV\/\" \/>\n<meta property=\"article:modified_time\" content=\"2026-04-26T06:48:53+00:00\" \/>\n<meta property=\"og:image\" content=\"https:\/\/www.homewizard.com\/wp-content\/uploads\/2021\/12\/Energy-Socket-switched-on.png\" \/>\n\t<meta property=\"og:image:width\" content=\"1000\" \/>\n\t<meta property=\"og:image:height\" content=\"1000\" \/>\n\t<meta property=\"og:image:type\" content=\"image\/png\" \/>\n<meta name=\"twitter:card\" content=\"summary_large_image\" \/>\n<meta name=\"twitter:site\" content=\"@HomeWizard_NL\" \/>\n<meta name=\"twitter:label1\" content=\"Ansl. lesetid\" \/>\n\t<meta name=\"twitter:data1\" content=\"1 minutt\" \/>\n<script type=\"application\/ld+json\" class=\"yoast-schema-graph\">{\"@context\":\"https:\/\/schema.org\",\"@graph\":[{\"@type\":\"WebPage\",\"@id\":\"https:\/\/www.homewizard.com\/no\/butikk\/wi-fi-energy-socket\/\",\"url\":\"https:\/\/www.homewizard.com\/no\/butikk\/wi-fi-energy-socket\/\",\"name\":\"Bestill Wi-Fi Energy Socket her \u2013 HomeWizard\",\"isPartOf\":{\"@id\":\"https:\/\/www.homewizard.com\/no\/#website\"},\"primaryImageOfPage\":{\"@id\":\"https:\/\/www.homewizard.com\/no\/butikk\/wi-fi-energy-socket\/#primaryimage\"},\"image\":{\"@id\":\"https:\/\/www.homewizard.com\/no\/butikk\/wi-fi-energy-socket\/#primaryimage\"},\"thumbnailUrl\":\"https:\/\/www.homewizard.com\/wp-content\/uploads\/2021\/12\/Energy-Socket-switched-on.png\",\"datePublished\":\"2021-12-07T12:03:26+00:00\",\"dateModified\":\"2026-04-26T06:48:53+00:00\",\"description\":\"Innsikt i forbruket til hvert apparat med grafer med HomeWizard Energy Socket. Bestill Energy Socket her!\",\"breadcrumb\":{\"@id\":\"https:\/\/www.homewizard.com\/no\/butikk\/wi-fi-energy-socket\/#breadcrumb\"},\"inLanguage\":\"nb-NO\",\"potentialAction\":[{\"@type\":\"ReadAction\",\"target\":[\"https:\/\/www.homewizard.com\/no\/butikk\/wi-fi-energy-socket\/\"]}]},{\"@type\":\"ImageObject\",\"inLanguage\":\"nb-NO\",\"@id\":\"https:\/\/www.homewizard.com\/no\/butikk\/wi-fi-energy-socket\/#primaryimage\",\"url\":\"https:\/\/www.homewizard.com\/wp-content\/uploads\/2021\/12\/Energy-Socket-switched-on.png\",\"contentUrl\":\"https:\/\/www.homewizard.com\/wp-content\/uploads\/2021\/12\/Energy-Socket-switched-on.png\",\"width\":1000,\"height\":1000},{\"@type\":\"BreadcrumbList\",\"@id\":\"https:\/\/www.homewizard.com\/no\/butikk\/wi-fi-energy-socket\/#breadcrumb\",\"itemListElement\":[{\"@type\":\"ListItem\",\"position\":1,\"name\":\"Home\",\"item\":\"https:\/\/www.homewizard.com\/no\/\"},{\"@type\":\"ListItem\",\"position\":2,\"name\":\"Butikk\",\"item\":\"https:\/\/www.homewizard.com\/no\/butikk\/\"},{\"@type\":\"ListItem\",\"position\":3,\"name\":\"Wi-Fi Energy Socket\"}]},{\"@type\":\"WebSite\",\"@id\":\"https:\/\/www.homewizard.com\/no\/#website\",\"url\":\"https:\/\/www.homewizard.com\/no\/\",\"name\":\"HomeWizard\",\"description\":\"HomeWizard Energy\",\"publisher\":{\"@id\":\"https:\/\/www.homewizard.com\/no\/#organization\"},\"potentialAction\":[{\"@type\":\"SearchAction\",\"target\":{\"@type\":\"EntryPoint\",\"urlTemplate\":\"https:\/\/www.homewizard.com\/no\/?s={search_term_string}\"},\"query-input\":{\"@type\":\"PropertyValueSpecification\",\"valueRequired\":true,\"valueName\":\"search_term_string\"}}],\"inLanguage\":\"nb-NO\"},{\"@type\":\"Organization\",\"@id\":\"https:\/\/www.homewizard.com\/no\/#organization\",\"name\":\"HomeWizard\",\"url\":\"https:\/\/www.homewizard.com\/no\/\",\"logo\":{\"@type\":\"ImageObject\",\"inLanguage\":\"nb-NO\",\"@id\":\"https:\/\/www.homewizard.com\/no\/#\/schema\/logo\/image\/\",\"url\":\"https:\/\/www.homewizard.com\/wp-content\/uploads\/2023\/06\/HomeWizard-icon-on-black.png\",\"contentUrl\":\"https:\/\/www.homewizard.com\/wp-content\/uploads\/2023\/06\/HomeWizard-icon-on-black.png\",\"width\":500,\"height\":500,\"caption\":\"HomeWizard\"},\"image\":{\"@id\":\"https:\/\/www.homewizard.com\/no\/#\/schema\/logo\/image\/\"},\"sameAs\":[\"https:\/\/www.facebook.com\/HomeWizardBV\/\",\"https:\/\/x.com\/HomeWizard_NL\",\"https:\/\/www.youtube.com\/HomeWizardBV\",\"https:\/\/www.instagram.com\/homewizardenergy\/\"]}]}<\/script>\n<!-- \/ Yoast SEO plugin. -->","yoast_head_json":{"title":"Bestill Wi-Fi Energy Socket her \u2013 HomeWizard","description":"Innsikt i forbruket til hvert apparat med grafer med HomeWizard Energy Socket. Bestill Energy Socket her!","robots":{"index":"index","follow":"follow","max-snippet":"max-snippet:-1","max-image-preview":"max-image-preview:large","max-video-preview":"max-video-preview:-1"},"canonical":"https:\/\/www.homewizard.com\/no\/butikk\/wi-fi-energy-socket\/","og_locale":"nb_NO","og_type":"article","og_title":"Bestill Wi-Fi Energy Socket her \u2013 HomeWizard","og_description":"Innsikt i forbruket til hvert apparat med grafer med HomeWizard Energy Socket. Bestill Energy Socket her!","og_url":"https:\/\/www.homewizard.com\/no\/butikk\/wi-fi-energy-socket\/","og_site_name":"HomeWizard","article_publisher":"https:\/\/www.facebook.com\/HomeWizardBV\/","article_modified_time":"2026-04-26T06:48:53+00:00","og_image":[{"width":1000,"height":1000,"url":"https:\/\/www.homewizard.com\/wp-content\/uploads\/2021\/12\/Energy-Socket-switched-on.png","type":"image\/png"}],"twitter_card":"summary_large_image","twitter_site":"@HomeWizard_NL","twitter_misc":{"Ansl. lesetid":"1 minutt"},"schema":{"@context":"https:\/\/schema.org","@graph":[{"@type":"WebPage","@id":"https:\/\/www.homewizard.com\/no\/butikk\/wi-fi-energy-socket\/","url":"https:\/\/www.homewizard.com\/no\/butikk\/wi-fi-energy-socket\/","name":"Bestill Wi-Fi Energy Socket her \u2013 HomeWizard","isPartOf":{"@id":"https:\/\/www.homewizard.com\/no\/#website"},"primaryImageOfPage":{"@id":"https:\/\/www.homewizard.com\/no\/butikk\/wi-fi-energy-socket\/#primaryimage"},"image":{"@id":"https:\/\/www.homewizard.com\/no\/butikk\/wi-fi-energy-socket\/#primaryimage"},"thumbnailUrl":"https:\/\/www.homewizard.com\/wp-content\/uploads\/2021\/12\/Energy-Socket-switched-on.png","datePublished":"2021-12-07T12:03:26+00:00","dateModified":"2026-04-26T06:48:53+00:00","description":"Innsikt i forbruket til hvert apparat med grafer med HomeWizard Energy Socket. Bestill Energy Socket her!","breadcrumb":{"@id":"https:\/\/www.homewizard.com\/no\/butikk\/wi-fi-energy-socket\/#breadcrumb"},"inLanguage":"nb-NO","potentialAction":[{"@type":"ReadAction","target":["https:\/\/www.homewizard.com\/no\/butikk\/wi-fi-energy-socket\/"]}]},{"@type":"ImageObject","inLanguage":"nb-NO","@id":"https:\/\/www.homewizard.com\/no\/butikk\/wi-fi-energy-socket\/#primaryimage","url":"https:\/\/www.homewizard.com\/wp-content\/uploads\/2021\/12\/Energy-Socket-switched-on.png","contentUrl":"https:\/\/www.homewizard.com\/wp-content\/uploads\/2021\/12\/Energy-Socket-switched-on.png","width":1000,"height":1000},{"@type":"BreadcrumbList","@id":"https:\/\/www.homewizard.com\/no\/butikk\/wi-fi-energy-socket\/#breadcrumb","itemListElement":[{"@type":"ListItem","position":1,"name":"Home","item":"https:\/\/www.homewizard.com\/no\/"},{"@type":"ListItem","position":2,"name":"Butikk","item":"https:\/\/www.homewizard.com\/no\/butikk\/"},{"@type":"ListItem","position":3,"name":"Wi-Fi Energy Socket"}]},{"@type":"WebSite","@id":"https:\/\/www.homewizard.com\/no\/#website","url":"https:\/\/www.homewizard.com\/no\/","name":"HomeWizard","description":"HomeWizard Energy","publisher":{"@id":"https:\/\/www.homewizard.com\/no\/#organization"},"potentialAction":[{"@type":"SearchAction","target":{"@type":"EntryPoint","urlTemplate":"https:\/\/www.homewizard.com\/no\/?s={search_term_string}"},"query-input":{"@type":"PropertyValueSpecification","valueRequired":true,"valueName":"search_term_string"}}],"inLanguage":"nb-NO"},{"@type":"Organization","@id":"https:\/\/www.homewizard.com\/no\/#organization","name":"HomeWizard","url":"https:\/\/www.homewizard.com\/no\/","logo":{"@type":"ImageObject","inLanguage":"nb-NO","@id":"https:\/\/www.homewizard.com\/no\/#\/schema\/logo\/image\/","url":"https:\/\/www.homewizard.com\/wp-content\/uploads\/2023\/06\/HomeWizard-icon-on-black.png","contentUrl":"https:\/\/www.homewizard.com\/wp-content\/uploads\/2023\/06\/HomeWizard-icon-on-black.png","width":500,"height":500,"caption":"HomeWizard"},"image":{"@id":"https:\/\/www.homewizard.com\/no\/#\/schema\/logo\/image\/"},"sameAs":["https:\/\/www.facebook.com\/HomeWizardBV\/","https:\/\/x.com\/HomeWizard_NL","https:\/\/www.youtube.com\/HomeWizardBV","https:\/\/www.instagram.com\/homewizardenergy\/"]}]}},"_links":{"self":[{"href":"https:\/\/www.homewizard.com\/no\/wp-json\/wp\/v2\/product\/543108","targetHints":{"allow":["GET"]}}],"collection":[{"href":"https:\/\/www.homewizard.com\/no\/wp-json\/wp\/v2\/product"}],"about":[{"href":"https:\/\/www.homewizard.com\/no\/wp-json\/wp\/v2\/types\/product"}],"wp:featuredmedia":[{"embeddable":true,"href":"https:\/\/www.homewizard.com\/no\/wp-json\/wp\/v2\/media\/1012274"}],"wp:attachment":[{"href":"https:\/\/www.homewizard.com\/no\/wp-json\/wp\/v2\/media?parent=543108"}],"wp:term":[{"taxonomy":"product_brand","embeddable":true,"href":"https:\/\/www.homewizard.com\/no\/wp-json\/wp\/v2\/product_brand?post=543108"},{"taxonomy":"product_cat","embeddable":true,"href":"https:\/\/www.homewizard.com\/no\/wp-json\/wp\/v2\/product_cat?post=543108"},{"taxonomy":"product_tag","embeddable":true,"href":"https:\/\/www.homewizard.com\/no\/wp-json\/wp\/v2\/product_tag?post=543108"}],"curies":[{"name":"wp","href":"https:\/\/api.w.org\/{rel}","templated":true}]}}