{"id":543066,"date":"2021-12-06T17:16:49","date_gmt":"2021-12-06T16:16:49","guid":{"rendered":"https:\/\/www.homewizard.com\/shop\/wi-fi-kwh-meter-1-phase\/"},"modified":"2026-05-01T00:09:19","modified_gmt":"2026-04-30T22:09:19","slug":"wi-fi-kwh-meter-1-phase","status":"publish","type":"product","link":"https:\/\/www.homewizard.com\/no\/butikk\/wi-fi-kwh-meter-1-phase\/","title":{"rendered":"Wi-Fi kWh meter 1-phase MID"},"content":{"rendered":"\n<p class=\" eplus-wrapper\">For et moderne sikringsskap! HomeWizard har laget verdens f\u00f8rste MID-godkjente Wi-Fi kWh Meter i samarbeid med Eastron. Gi deg selv innsikt i solcellepanelene, varmepumpen, elbilen og mer.<\/p>\n\n<p class=\" eplus-wrapper\"><\/p>\n\n<h2 class=\" wp-block-heading eplus-wrapper\">Flere bruksomr\u00e5der<\/h2>\n<ul class=\"eplus-wrapper wp-block-list eplus-styles-uid-302f43\">\n<li class=\" eplus-wrapper\"><strong>Solcellepaneler<\/strong>: Se n\u00f8yaktig hvor mye str\u00f8m solcellepanelene dine produserer.<\/li>\n\n\n\n<li class=\" eplus-wrapper\"><strong>Hjem<\/strong>: M\u00e5l hvor mye energi som brukes og se overskudd i solcelleenergi ved \u00e5 plassere kWh Meter p\u00e5 hovedkontakten.<\/li>\n\n\n\n<li class=\" eplus-wrapper\"><strong>Elbil<\/strong>: Hold et \u00f8ye med hvor mye det koster \u00e5 lade elbilen. Har du en leasingkontrakt? kWh-m\u00e5leren kan brukes til \u00e5 fakturere. (MID-sertifisert)<\/li>\n\n\n\n<li class=\" eplus-wrapper\"><strong>Varmepumpe<\/strong>: M\u00e5l energien som brukes til oppvarming i hjemmet ditt.<\/li>\n\n\n\n<li class=\" eplus-wrapper\"><strong>For mont\u00f8ren<\/strong>: Fjerninnsikt til driften og ytelsen til installasjonene dine.<\/li>\n<\/ul><div class=\"wp-block-image is-resized\">\n<figure class=\"aligncenter size-large eplus-wrapper\"><img loading=\"lazy\" decoding=\"async\" width=\"1024\" height=\"1024\" src=\"https:\/\/cdn.homewizard.com\/wp-content\/uploads\/2024\/04\/kWh_Meter_3-phase_HW_app_EN-1024x1024.png\" alt=\"\" class=\"wp-image-621149\" srcset=\"https:\/\/www.homewizard.com\/wp-content\/uploads\/2024\/04\/kWh_Meter_3-phase_HW_app_EN-1024x1024.png 1024w, https:\/\/www.homewizard.com\/wp-content\/uploads\/2024\/04\/kWh_Meter_3-phase_HW_app_EN-300x300.png 300w, https:\/\/www.homewizard.com\/wp-content\/uploads\/2024\/04\/kWh_Meter_3-phase_HW_app_EN-150x150.png 150w, https:\/\/www.homewizard.com\/wp-content\/uploads\/2024\/04\/kWh_Meter_3-phase_HW_app_EN-768x768.png 768w, https:\/\/www.homewizard.com\/wp-content\/uploads\/2024\/04\/kWh_Meter_3-phase_HW_app_EN-500x500.png 500w, https:\/\/www.homewizard.com\/wp-content\/uploads\/2024\/04\/kWh_Meter_3-phase_HW_app_EN-800x800.png 800w, https:\/\/www.homewizard.com\/wp-content\/uploads\/2024\/04\/kWh_Meter_3-phase_HW_app_EN-124x124.png 124w\" sizes=\"auto, (max-width: 1024px) 100vw, 1024px\" \/><\/figure>\n<\/div>\n<h2 class=\" wp-block-heading eplus-wrapper\">Fleksible installasjoner med Wi-Fi<\/h2>\n\n<p class=\" eplus-wrapper\">kWh Meterhar innebygd Wi-Fi og kan monteres direkte ved siden av gruppen din i sikringsskapet. Har du ikke plass? Den kan ogs\u00e5 plasseres ved siden av omformeren p\u00e5 loftet, p\u00e5 ladestasjonen eller i din egen koplingsboks.<\/p>\n\n<h2 class=\" wp-block-heading eplus-wrapper\">I esken<\/h2>\n<ul class=\"eplus-wrapper wp-block-list eplus-styles-uid-969f1e\">\n<li class=\" eplus-wrapper\">kWh Meter<\/li>\n\n\n\n<li class=\" eplus-wrapper\">Hurtigstartveiledning<br><\/li>\n<\/ul>\n<p class=\" eplus-wrapper\"><a href=\"https:\/\/www.homewizard.com\/no\/kwh-meter\/\">Mer informasjon om kWh Meter<\/a><\/p>\n\n<p class=\" eplus-wrapper\"><\/p>\n","protected":false},"excerpt":{"rendered":"<p>M\u00e5l solcellepaneler, billadere og mer.<\/p>\n","protected":false},"featured_media":621192,"template":"","meta":{"_acf_changed":false,"editor_plus_copied_stylings":"{}"},"product_brand":[],"product_cat":[247,248],"product_tag":[],"class_list":{"0":"post-543066","1":"product","2":"type-product","3":"status-publish","4":"has-post-thumbnail","6":"product_cat-alle-no","7":"product_cat-produkt","9":"first","10":"instock","11":"taxable","12":"shipping-taxable","13":"purchasable","14":"product-type-simple"},"acf":[],"yoast_head":"<!-- This site is optimized with the Yoast SEO plugin v27.0 - https:\/\/yoast.com\/product\/yoast-seo-wordpress\/ -->\n<title>Wi-Fi kWh meter 1-phase MID - HomeWizard<\/title>\n<meta name=\"description\" content=\"M\u00e5l energiforbruket til hver enheten med HomeWizard Wi-Fi kWh Meter. Se live forbruk eller flotte historiske grafer i Energy-appen.\" \/>\n<meta name=\"robots\" content=\"index, follow, max-snippet:-1, max-image-preview:large, max-video-preview:-1\" \/>\n<link rel=\"canonical\" href=\"https:\/\/www.homewizard.com\/no\/butikk\/wi-fi-kwh-meter-1-phase\/\" \/>\n<meta property=\"og:locale\" content=\"nb_NO\" \/>\n<meta property=\"og:type\" content=\"article\" \/>\n<meta property=\"og:title\" content=\"Wi-Fi kWh meter 1-phase MID - HomeWizard\" \/>\n<meta property=\"og:description\" content=\"M\u00e5l energiforbruket til hver enheten med HomeWizard Wi-Fi kWh Meter. Se live forbruk eller flotte historiske grafer i Energy-appen.\" \/>\n<meta property=\"og:url\" content=\"https:\/\/www.homewizard.com\/no\/butikk\/wi-fi-kwh-meter-1-phase\/\" \/>\n<meta property=\"og:site_name\" content=\"HomeWizard\" \/>\n<meta property=\"article:publisher\" content=\"https:\/\/www.facebook.com\/HomeWizardBV\/\" \/>\n<meta property=\"article:modified_time\" content=\"2026-04-30T22:09:19+00:00\" \/>\n<meta property=\"og:image\" content=\"https:\/\/www.homewizard.com\/wp-content\/uploads\/2021\/12\/kWh-Meter-1-phase-HW-shop.png\" \/>\n\t<meta property=\"og:image:width\" content=\"800\" \/>\n\t<meta property=\"og:image:height\" content=\"800\" \/>\n\t<meta property=\"og:image:type\" content=\"image\/png\" \/>\n<meta name=\"twitter:card\" content=\"summary_large_image\" \/>\n<meta name=\"twitter:site\" content=\"@HomeWizard_NL\" \/>\n<meta name=\"twitter:label1\" content=\"Ansl. lesetid\" \/>\n\t<meta name=\"twitter:data1\" content=\"1 minutt\" \/>\n<script type=\"application\/ld+json\" class=\"yoast-schema-graph\">{\"@context\":\"https:\/\/schema.org\",\"@graph\":[{\"@type\":\"WebPage\",\"@id\":\"https:\/\/www.homewizard.com\/no\/butikk\/wi-fi-kwh-meter-1-phase\/\",\"url\":\"https:\/\/www.homewizard.com\/no\/butikk\/wi-fi-kwh-meter-1-phase\/\",\"name\":\"Wi-Fi kWh meter 1-phase MID - HomeWizard\",\"isPartOf\":{\"@id\":\"https:\/\/www.homewizard.com\/no\/#website\"},\"primaryImageOfPage\":{\"@id\":\"https:\/\/www.homewizard.com\/no\/butikk\/wi-fi-kwh-meter-1-phase\/#primaryimage\"},\"image\":{\"@id\":\"https:\/\/www.homewizard.com\/no\/butikk\/wi-fi-kwh-meter-1-phase\/#primaryimage\"},\"thumbnailUrl\":\"https:\/\/www.homewizard.com\/wp-content\/uploads\/2021\/12\/kWh-Meter-1-phase-HW-shop.png\",\"datePublished\":\"2021-12-06T16:16:49+00:00\",\"dateModified\":\"2026-04-30T22:09:19+00:00\",\"description\":\"M\u00e5l energiforbruket til hver enheten med HomeWizard Wi-Fi kWh Meter. Se live forbruk eller flotte historiske grafer i Energy-appen.\",\"breadcrumb\":{\"@id\":\"https:\/\/www.homewizard.com\/no\/butikk\/wi-fi-kwh-meter-1-phase\/#breadcrumb\"},\"inLanguage\":\"nb-NO\",\"potentialAction\":[{\"@type\":\"ReadAction\",\"target\":[\"https:\/\/www.homewizard.com\/no\/butikk\/wi-fi-kwh-meter-1-phase\/\"]}]},{\"@type\":\"ImageObject\",\"inLanguage\":\"nb-NO\",\"@id\":\"https:\/\/www.homewizard.com\/no\/butikk\/wi-fi-kwh-meter-1-phase\/#primaryimage\",\"url\":\"https:\/\/www.homewizard.com\/wp-content\/uploads\/2021\/12\/kWh-Meter-1-phase-HW-shop.png\",\"contentUrl\":\"https:\/\/www.homewizard.com\/wp-content\/uploads\/2021\/12\/kWh-Meter-1-phase-HW-shop.png\",\"width\":800,\"height\":800},{\"@type\":\"BreadcrumbList\",\"@id\":\"https:\/\/www.homewizard.com\/no\/butikk\/wi-fi-kwh-meter-1-phase\/#breadcrumb\",\"itemListElement\":[{\"@type\":\"ListItem\",\"position\":1,\"name\":\"Home\",\"item\":\"https:\/\/www.homewizard.com\/no\/\"},{\"@type\":\"ListItem\",\"position\":2,\"name\":\"Butikk\",\"item\":\"https:\/\/www.homewizard.com\/no\/butikk\/\"},{\"@type\":\"ListItem\",\"position\":3,\"name\":\"Wi-Fi kWh meter 1-phase MID\"}]},{\"@type\":\"WebSite\",\"@id\":\"https:\/\/www.homewizard.com\/no\/#website\",\"url\":\"https:\/\/www.homewizard.com\/no\/\",\"name\":\"HomeWizard\",\"description\":\"HomeWizard Energy\",\"publisher\":{\"@id\":\"https:\/\/www.homewizard.com\/no\/#organization\"},\"potentialAction\":[{\"@type\":\"SearchAction\",\"target\":{\"@type\":\"EntryPoint\",\"urlTemplate\":\"https:\/\/www.homewizard.com\/no\/?s={search_term_string}\"},\"query-input\":{\"@type\":\"PropertyValueSpecification\",\"valueRequired\":true,\"valueName\":\"search_term_string\"}}],\"inLanguage\":\"nb-NO\"},{\"@type\":\"Organization\",\"@id\":\"https:\/\/www.homewizard.com\/no\/#organization\",\"name\":\"HomeWizard\",\"url\":\"https:\/\/www.homewizard.com\/no\/\",\"logo\":{\"@type\":\"ImageObject\",\"inLanguage\":\"nb-NO\",\"@id\":\"https:\/\/www.homewizard.com\/no\/#\/schema\/logo\/image\/\",\"url\":\"https:\/\/www.homewizard.com\/wp-content\/uploads\/2023\/06\/HomeWizard-icon-on-black.png\",\"contentUrl\":\"https:\/\/www.homewizard.com\/wp-content\/uploads\/2023\/06\/HomeWizard-icon-on-black.png\",\"width\":500,\"height\":500,\"caption\":\"HomeWizard\"},\"image\":{\"@id\":\"https:\/\/www.homewizard.com\/no\/#\/schema\/logo\/image\/\"},\"sameAs\":[\"https:\/\/www.facebook.com\/HomeWizardBV\/\",\"https:\/\/x.com\/HomeWizard_NL\",\"https:\/\/www.youtube.com\/HomeWizardBV\",\"https:\/\/www.instagram.com\/homewizardenergy\/\"]}]}<\/script>\n<!-- \/ Yoast SEO plugin. -->","yoast_head_json":{"title":"Wi-Fi kWh meter 1-phase MID - HomeWizard","description":"M\u00e5l energiforbruket til hver enheten med HomeWizard Wi-Fi kWh Meter. Se live forbruk eller flotte historiske grafer i Energy-appen.","robots":{"index":"index","follow":"follow","max-snippet":"max-snippet:-1","max-image-preview":"max-image-preview:large","max-video-preview":"max-video-preview:-1"},"canonical":"https:\/\/www.homewizard.com\/no\/butikk\/wi-fi-kwh-meter-1-phase\/","og_locale":"nb_NO","og_type":"article","og_title":"Wi-Fi kWh meter 1-phase MID - HomeWizard","og_description":"M\u00e5l energiforbruket til hver enheten med HomeWizard Wi-Fi kWh Meter. Se live forbruk eller flotte historiske grafer i Energy-appen.","og_url":"https:\/\/www.homewizard.com\/no\/butikk\/wi-fi-kwh-meter-1-phase\/","og_site_name":"HomeWizard","article_publisher":"https:\/\/www.facebook.com\/HomeWizardBV\/","article_modified_time":"2026-04-30T22:09:19+00:00","og_image":[{"width":800,"height":800,"url":"https:\/\/www.homewizard.com\/wp-content\/uploads\/2021\/12\/kWh-Meter-1-phase-HW-shop.png","type":"image\/png"}],"twitter_card":"summary_large_image","twitter_site":"@HomeWizard_NL","twitter_misc":{"Ansl. lesetid":"1 minutt"},"schema":{"@context":"https:\/\/schema.org","@graph":[{"@type":"WebPage","@id":"https:\/\/www.homewizard.com\/no\/butikk\/wi-fi-kwh-meter-1-phase\/","url":"https:\/\/www.homewizard.com\/no\/butikk\/wi-fi-kwh-meter-1-phase\/","name":"Wi-Fi kWh meter 1-phase MID - HomeWizard","isPartOf":{"@id":"https:\/\/www.homewizard.com\/no\/#website"},"primaryImageOfPage":{"@id":"https:\/\/www.homewizard.com\/no\/butikk\/wi-fi-kwh-meter-1-phase\/#primaryimage"},"image":{"@id":"https:\/\/www.homewizard.com\/no\/butikk\/wi-fi-kwh-meter-1-phase\/#primaryimage"},"thumbnailUrl":"https:\/\/www.homewizard.com\/wp-content\/uploads\/2021\/12\/kWh-Meter-1-phase-HW-shop.png","datePublished":"2021-12-06T16:16:49+00:00","dateModified":"2026-04-30T22:09:19+00:00","description":"M\u00e5l energiforbruket til hver enheten med HomeWizard Wi-Fi kWh Meter. Se live forbruk eller flotte historiske grafer i Energy-appen.","breadcrumb":{"@id":"https:\/\/www.homewizard.com\/no\/butikk\/wi-fi-kwh-meter-1-phase\/#breadcrumb"},"inLanguage":"nb-NO","potentialAction":[{"@type":"ReadAction","target":["https:\/\/www.homewizard.com\/no\/butikk\/wi-fi-kwh-meter-1-phase\/"]}]},{"@type":"ImageObject","inLanguage":"nb-NO","@id":"https:\/\/www.homewizard.com\/no\/butikk\/wi-fi-kwh-meter-1-phase\/#primaryimage","url":"https:\/\/www.homewizard.com\/wp-content\/uploads\/2021\/12\/kWh-Meter-1-phase-HW-shop.png","contentUrl":"https:\/\/www.homewizard.com\/wp-content\/uploads\/2021\/12\/kWh-Meter-1-phase-HW-shop.png","width":800,"height":800},{"@type":"BreadcrumbList","@id":"https:\/\/www.homewizard.com\/no\/butikk\/wi-fi-kwh-meter-1-phase\/#breadcrumb","itemListElement":[{"@type":"ListItem","position":1,"name":"Home","item":"https:\/\/www.homewizard.com\/no\/"},{"@type":"ListItem","position":2,"name":"Butikk","item":"https:\/\/www.homewizard.com\/no\/butikk\/"},{"@type":"ListItem","position":3,"name":"Wi-Fi kWh meter 1-phase MID"}]},{"@type":"WebSite","@id":"https:\/\/www.homewizard.com\/no\/#website","url":"https:\/\/www.homewizard.com\/no\/","name":"HomeWizard","description":"HomeWizard Energy","publisher":{"@id":"https:\/\/www.homewizard.com\/no\/#organization"},"potentialAction":[{"@type":"SearchAction","target":{"@type":"EntryPoint","urlTemplate":"https:\/\/www.homewizard.com\/no\/?s={search_term_string}"},"query-input":{"@type":"PropertyValueSpecification","valueRequired":true,"valueName":"search_term_string"}}],"inLanguage":"nb-NO"},{"@type":"Organization","@id":"https:\/\/www.homewizard.com\/no\/#organization","name":"HomeWizard","url":"https:\/\/www.homewizard.com\/no\/","logo":{"@type":"ImageObject","inLanguage":"nb-NO","@id":"https:\/\/www.homewizard.com\/no\/#\/schema\/logo\/image\/","url":"https:\/\/www.homewizard.com\/wp-content\/uploads\/2023\/06\/HomeWizard-icon-on-black.png","contentUrl":"https:\/\/www.homewizard.com\/wp-content\/uploads\/2023\/06\/HomeWizard-icon-on-black.png","width":500,"height":500,"caption":"HomeWizard"},"image":{"@id":"https:\/\/www.homewizard.com\/no\/#\/schema\/logo\/image\/"},"sameAs":["https:\/\/www.facebook.com\/HomeWizardBV\/","https:\/\/x.com\/HomeWizard_NL","https:\/\/www.youtube.com\/HomeWizardBV","https:\/\/www.instagram.com\/homewizardenergy\/"]}]}},"_links":{"self":[{"href":"https:\/\/www.homewizard.com\/no\/wp-json\/wp\/v2\/product\/543066","targetHints":{"allow":["GET"]}}],"collection":[{"href":"https:\/\/www.homewizard.com\/no\/wp-json\/wp\/v2\/product"}],"about":[{"href":"https:\/\/www.homewizard.com\/no\/wp-json\/wp\/v2\/types\/product"}],"wp:featuredmedia":[{"embeddable":true,"href":"https:\/\/www.homewizard.com\/no\/wp-json\/wp\/v2\/media\/621192"}],"wp:attachment":[{"href":"https:\/\/www.homewizard.com\/no\/wp-json\/wp\/v2\/media?parent=543066"}],"wp:term":[{"taxonomy":"product_brand","embeddable":true,"href":"https:\/\/www.homewizard.com\/no\/wp-json\/wp\/v2\/product_brand?post=543066"},{"taxonomy":"product_cat","embeddable":true,"href":"https:\/\/www.homewizard.com\/no\/wp-json\/wp\/v2\/product_cat?post=543066"},{"taxonomy":"product_tag","embeddable":true,"href":"https:\/\/www.homewizard.com\/no\/wp-json\/wp\/v2\/product_tag?post=543066"}],"curies":[{"name":"wp","href":"https:\/\/api.w.org\/{rel}","templated":true}]}}