{"id":1273586,"date":"2024-06-13T13:59:13","date_gmt":"2024-06-13T11:59:13","guid":{"rendered":"https:\/\/www.homewizard.com\/shop\/wi-fi-p1-meter-2\/"},"modified":"2026-05-03T21:06:50","modified_gmt":"2026-05-03T19:06:50","slug":"wi-fi-p1-meter","status":"publish","type":"product","link":"https:\/\/www.homewizard.com\/no\/butikk\/wi-fi-p1-meter\/","title":{"rendered":"Wi-Fi P1 Meter"},"content":{"rendered":"\n<p class=\" eplus-wrapper\"><\/p>\n\n\n\n<h2 class=\" wp-block-heading eplus-wrapper\">Innsikt i str\u00f8mforbruket ditt<\/h2>\n\n\n\n<p class=\" eplus-wrapper\">Hva er standby-forbruket til enhetene dine om natten? HomeWizard P1 Meter gir deg detaljert innsikt i str\u00f8mforbruk og overskudd av solcelleenergi.<\/p>\n\n\n\n<p class=\" eplus-wrapper\"><\/p>\n\n\n\n<h2 class=\" wp-block-heading eplus-wrapper\">Fungerer med smartm\u00e5leren din<\/h2>\n\n\n\n<p class=\" eplus-wrapper\">P1 Meter klikker p\u00e5 plass i P1-porten p\u00e5 smartm\u00e5leren din og viser deg str\u00f8mforbruket til hjemmet ditt. Plugg i, koble til Wi-Fi, og s\u00e5 er du ferdig. Hvis du bestiller en P1 Meter, f\u00e5r du ogs\u00e5 en gratis HAN-omformer og et USB-C-adaptersett. Med HAN-omformeren og adaptersettet er P1 Meter kompatibel med alle smartm\u00e5lere i Norge. For full kompatibilitet, se v\u00e5r<a href=\"https:\/\/helpdesk.homewizard.com\/articles\/5935311\">artikkel om kompatibilitet<\/a>.<\/p>\n\n\n<div class=\"wp-block-image round_corners\">\n<figure class=\"aligncenter size-large eplus-wrapper\"><img decoding=\"async\" src=\"https:\/\/www.homewizard.com\/wp-content\/uploads\/2024\/03\/p1-plugged-in-no.png\" alt=\"\" class=\"wp-image-389610\"\/><\/figure>\n<\/div>\n\n\n<h2 class=\" wp-block-heading eplus-wrapper\"><\/h2>\n\n\n\n<h2 class=\" wp-block-heading eplus-wrapper\">Se live eller g\u00e5 tilbake i tid<\/h2>\n\n\n\n<p class=\" eplus-wrapper\">Med <a href=\"https:\/\/apps.apple.com\/app\/homewizard-energy\/id1492427207\">HomeWizard Energy-appen<\/a> vet du n\u00f8yaktig hva som skjer, eller s\u00e5 kan du g\u00e5 tilbake i tid. HomeWizard Energy-appen er tilgjengelig for <a href=\"https:\/\/play.google.com\/store\/apps\/details?id=nl.homewizard.android.energy\">Android<\/a> og <a href=\"https:\/\/apps.apple.com\/nl\/app\/homewizard-energy\/id1492427207\">iOS<\/a>.<\/p>\n\n\n<div class=\"wp-block-image is-resized\">\n<figure class=\"aligncenter size-full eplus-wrapper\"><img loading=\"lazy\" decoding=\"async\" width=\"800\" height=\"800\" src=\"https:\/\/www.homewizard.com\/wp-content\/uploads\/2024\/06\/p1meterwithapp.png\" alt=\"\" class=\"wp-image-1930646\" style=\"width:550px\" srcset=\"https:\/\/www.homewizard.com\/wp-content\/uploads\/2024\/06\/p1meterwithapp.png 800w, https:\/\/www.homewizard.com\/wp-content\/uploads\/2024\/06\/p1meterwithapp-300x300.png 300w, https:\/\/www.homewizard.com\/wp-content\/uploads\/2024\/06\/p1meterwithapp-150x150.png 150w, https:\/\/www.homewizard.com\/wp-content\/uploads\/2024\/06\/p1meterwithapp-768x768.png 768w, https:\/\/www.homewizard.com\/wp-content\/uploads\/2024\/06\/p1meterwithapp-500x500.png 500w, https:\/\/www.homewizard.com\/wp-content\/uploads\/2024\/06\/p1meterwithapp-124x124.png 124w\" sizes=\"auto, (max-width: 800px) 100vw, 800px\" \/><\/figure>\n<\/div>\n\n\n<h2 class=\" wp-block-heading eplus-wrapper\">I esken<\/h2>\n\n\n<ul class=\" wp-block-list eplus-wrapper eplus-styles-uid-805633\">\n<li class=\" eplus-wrapper\">P1-m\u00e5ler<\/li>\n\n\n\n<li class=\" eplus-wrapper\">Hurtigstartveiledning<\/li>\n<\/ul>\n\n\n<div style=\"height:32px\" aria-hidden=\"true\" class=\" wp-block-spacer eplus-wrapper\"><\/div>\n\n\n\n<p class=\" eplus-wrapper\"><a href=\"https:\/\/www.homewizard.com\/no\/p1-meter\/\">Mer informasjon om P1 Meter<\/a><\/p>\n","protected":false},"excerpt":{"rendered":"<p>Live innsikt i str\u00f8m. V\u00e6r oppmerksom p\u00e5 at det m\u00e5 v\u00e6re et stikkontakt i n\u00e6rheten av smartm\u00e5leren.<\/p>\n","protected":false},"featured_media":542781,"template":"","meta":{"_acf_changed":false,"editor_plus_copied_stylings":"{}"},"product_brand":[],"product_cat":[247,248],"product_tag":[],"class_list":{"0":"post-1273586","1":"product","2":"type-product","3":"status-publish","4":"has-post-thumbnail","6":"product_cat-alle-no","7":"product_cat-produkt","9":"first","10":"instock","11":"taxable","12":"shipping-taxable","13":"purchasable","14":"product-type-simple"},"acf":[],"yoast_head":"<!-- This site is optimized with the Yoast SEO plugin v27.0 - https:\/\/yoast.com\/product\/yoast-seo-wordpress\/ -->\n<title>Wi-Fi P1 Meter - HomeWizard<\/title>\n<meta name=\"description\" content=\"F\u00e5 live innsikt i energiforbruket ditt med HomeWizard Wi-Fi P1 Meter. Se detaljerte historiske grafer live i Energy-appen.\" \/>\n<meta name=\"robots\" content=\"index, follow, max-snippet:-1, max-image-preview:large, max-video-preview:-1\" \/>\n<link rel=\"canonical\" href=\"https:\/\/www.homewizard.com\/no\/butikk\/wi-fi-p1-meter\/\" \/>\n<meta property=\"og:locale\" content=\"nb_NO\" \/>\n<meta property=\"og:type\" content=\"article\" \/>\n<meta property=\"og:title\" content=\"Wi-Fi P1 Meter - HomeWizard\" \/>\n<meta property=\"og:description\" content=\"F\u00e5 live innsikt i energiforbruket ditt med HomeWizard Wi-Fi P1 Meter. Se detaljerte historiske grafer live i Energy-appen.\" \/>\n<meta property=\"og:url\" content=\"https:\/\/www.homewizard.com\/no\/butikk\/wi-fi-p1-meter\/\" \/>\n<meta property=\"og:site_name\" content=\"HomeWizard\" \/>\n<meta property=\"article:publisher\" content=\"https:\/\/www.facebook.com\/HomeWizardBV\/\" \/>\n<meta property=\"article:modified_time\" content=\"2026-05-03T19:06:50+00:00\" \/>\n<meta property=\"og:image\" content=\"https:\/\/www.homewizard.com\/wp-content\/uploads\/2021\/11\/P1_meter_front.png\" \/>\n\t<meta property=\"og:image:width\" content=\"800\" \/>\n\t<meta property=\"og:image:height\" content=\"800\" \/>\n\t<meta property=\"og:image:type\" content=\"image\/png\" \/>\n<meta name=\"twitter:card\" content=\"summary_large_image\" \/>\n<meta name=\"twitter:site\" content=\"@HomeWizard_NL\" \/>\n<meta name=\"twitter:label1\" content=\"Ansl. lesetid\" \/>\n\t<meta name=\"twitter:data1\" content=\"2 minutter\" \/>\n<script type=\"application\/ld+json\" class=\"yoast-schema-graph\">{\"@context\":\"https:\/\/schema.org\",\"@graph\":[{\"@type\":\"WebPage\",\"@id\":\"https:\/\/www.homewizard.com\/no\/butikk\/wi-fi-p1-meter\/\",\"url\":\"https:\/\/www.homewizard.com\/no\/butikk\/wi-fi-p1-meter\/\",\"name\":\"Wi-Fi P1 Meter - HomeWizard\",\"isPartOf\":{\"@id\":\"https:\/\/www.homewizard.com\/no\/#website\"},\"primaryImageOfPage\":{\"@id\":\"https:\/\/www.homewizard.com\/no\/butikk\/wi-fi-p1-meter\/#primaryimage\"},\"image\":{\"@id\":\"https:\/\/www.homewizard.com\/no\/butikk\/wi-fi-p1-meter\/#primaryimage\"},\"thumbnailUrl\":\"https:\/\/www.homewizard.com\/wp-content\/uploads\/2021\/11\/P1_meter_front.png\",\"datePublished\":\"2024-06-13T11:59:13+00:00\",\"dateModified\":\"2026-05-03T19:06:50+00:00\",\"description\":\"F\u00e5 live innsikt i energiforbruket ditt med HomeWizard Wi-Fi P1 Meter. Se detaljerte historiske grafer live i Energy-appen.\",\"breadcrumb\":{\"@id\":\"https:\/\/www.homewizard.com\/no\/butikk\/wi-fi-p1-meter\/#breadcrumb\"},\"inLanguage\":\"nb-NO\",\"potentialAction\":[{\"@type\":\"ReadAction\",\"target\":[\"https:\/\/www.homewizard.com\/no\/butikk\/wi-fi-p1-meter\/\"]}]},{\"@type\":\"ImageObject\",\"inLanguage\":\"nb-NO\",\"@id\":\"https:\/\/www.homewizard.com\/no\/butikk\/wi-fi-p1-meter\/#primaryimage\",\"url\":\"https:\/\/www.homewizard.com\/wp-content\/uploads\/2021\/11\/P1_meter_front.png\",\"contentUrl\":\"https:\/\/www.homewizard.com\/wp-content\/uploads\/2021\/11\/P1_meter_front.png\",\"width\":800,\"height\":800,\"caption\":\"Voorkant van HomeWizard P1 meter\"},{\"@type\":\"BreadcrumbList\",\"@id\":\"https:\/\/www.homewizard.com\/no\/butikk\/wi-fi-p1-meter\/#breadcrumb\",\"itemListElement\":[{\"@type\":\"ListItem\",\"position\":1,\"name\":\"Home\",\"item\":\"https:\/\/www.homewizard.com\/no\/\"},{\"@type\":\"ListItem\",\"position\":2,\"name\":\"Butikk\",\"item\":\"https:\/\/www.homewizard.com\/no\/butikk\/\"},{\"@type\":\"ListItem\",\"position\":3,\"name\":\"Wi-Fi P1 Meter\"}]},{\"@type\":\"WebSite\",\"@id\":\"https:\/\/www.homewizard.com\/no\/#website\",\"url\":\"https:\/\/www.homewizard.com\/no\/\",\"name\":\"HomeWizard\",\"description\":\"HomeWizard Energy\",\"publisher\":{\"@id\":\"https:\/\/www.homewizard.com\/no\/#organization\"},\"potentialAction\":[{\"@type\":\"SearchAction\",\"target\":{\"@type\":\"EntryPoint\",\"urlTemplate\":\"https:\/\/www.homewizard.com\/no\/?s={search_term_string}\"},\"query-input\":{\"@type\":\"PropertyValueSpecification\",\"valueRequired\":true,\"valueName\":\"search_term_string\"}}],\"inLanguage\":\"nb-NO\"},{\"@type\":\"Organization\",\"@id\":\"https:\/\/www.homewizard.com\/no\/#organization\",\"name\":\"HomeWizard\",\"url\":\"https:\/\/www.homewizard.com\/no\/\",\"logo\":{\"@type\":\"ImageObject\",\"inLanguage\":\"nb-NO\",\"@id\":\"https:\/\/www.homewizard.com\/no\/#\/schema\/logo\/image\/\",\"url\":\"https:\/\/www.homewizard.com\/wp-content\/uploads\/2023\/06\/HomeWizard-icon-on-black.png\",\"contentUrl\":\"https:\/\/www.homewizard.com\/wp-content\/uploads\/2023\/06\/HomeWizard-icon-on-black.png\",\"width\":500,\"height\":500,\"caption\":\"HomeWizard\"},\"image\":{\"@id\":\"https:\/\/www.homewizard.com\/no\/#\/schema\/logo\/image\/\"},\"sameAs\":[\"https:\/\/www.facebook.com\/HomeWizardBV\/\",\"https:\/\/x.com\/HomeWizard_NL\",\"https:\/\/www.youtube.com\/HomeWizardBV\",\"https:\/\/www.instagram.com\/homewizardenergy\/\"]}]}<\/script>\n<!-- \/ Yoast SEO plugin. -->","yoast_head_json":{"title":"Wi-Fi P1 Meter - HomeWizard","description":"F\u00e5 live innsikt i energiforbruket ditt med HomeWizard Wi-Fi P1 Meter. Se detaljerte historiske grafer live i Energy-appen.","robots":{"index":"index","follow":"follow","max-snippet":"max-snippet:-1","max-image-preview":"max-image-preview:large","max-video-preview":"max-video-preview:-1"},"canonical":"https:\/\/www.homewizard.com\/no\/butikk\/wi-fi-p1-meter\/","og_locale":"nb_NO","og_type":"article","og_title":"Wi-Fi P1 Meter - HomeWizard","og_description":"F\u00e5 live innsikt i energiforbruket ditt med HomeWizard Wi-Fi P1 Meter. Se detaljerte historiske grafer live i Energy-appen.","og_url":"https:\/\/www.homewizard.com\/no\/butikk\/wi-fi-p1-meter\/","og_site_name":"HomeWizard","article_publisher":"https:\/\/www.facebook.com\/HomeWizardBV\/","article_modified_time":"2026-05-03T19:06:50+00:00","og_image":[{"width":800,"height":800,"url":"https:\/\/www.homewizard.com\/wp-content\/uploads\/2021\/11\/P1_meter_front.png","type":"image\/png"}],"twitter_card":"summary_large_image","twitter_site":"@HomeWizard_NL","twitter_misc":{"Ansl. lesetid":"2 minutter"},"schema":{"@context":"https:\/\/schema.org","@graph":[{"@type":"WebPage","@id":"https:\/\/www.homewizard.com\/no\/butikk\/wi-fi-p1-meter\/","url":"https:\/\/www.homewizard.com\/no\/butikk\/wi-fi-p1-meter\/","name":"Wi-Fi P1 Meter - HomeWizard","isPartOf":{"@id":"https:\/\/www.homewizard.com\/no\/#website"},"primaryImageOfPage":{"@id":"https:\/\/www.homewizard.com\/no\/butikk\/wi-fi-p1-meter\/#primaryimage"},"image":{"@id":"https:\/\/www.homewizard.com\/no\/butikk\/wi-fi-p1-meter\/#primaryimage"},"thumbnailUrl":"https:\/\/www.homewizard.com\/wp-content\/uploads\/2021\/11\/P1_meter_front.png","datePublished":"2024-06-13T11:59:13+00:00","dateModified":"2026-05-03T19:06:50+00:00","description":"F\u00e5 live innsikt i energiforbruket ditt med HomeWizard Wi-Fi P1 Meter. Se detaljerte historiske grafer live i Energy-appen.","breadcrumb":{"@id":"https:\/\/www.homewizard.com\/no\/butikk\/wi-fi-p1-meter\/#breadcrumb"},"inLanguage":"nb-NO","potentialAction":[{"@type":"ReadAction","target":["https:\/\/www.homewizard.com\/no\/butikk\/wi-fi-p1-meter\/"]}]},{"@type":"ImageObject","inLanguage":"nb-NO","@id":"https:\/\/www.homewizard.com\/no\/butikk\/wi-fi-p1-meter\/#primaryimage","url":"https:\/\/www.homewizard.com\/wp-content\/uploads\/2021\/11\/P1_meter_front.png","contentUrl":"https:\/\/www.homewizard.com\/wp-content\/uploads\/2021\/11\/P1_meter_front.png","width":800,"height":800,"caption":"Voorkant van HomeWizard P1 meter"},{"@type":"BreadcrumbList","@id":"https:\/\/www.homewizard.com\/no\/butikk\/wi-fi-p1-meter\/#breadcrumb","itemListElement":[{"@type":"ListItem","position":1,"name":"Home","item":"https:\/\/www.homewizard.com\/no\/"},{"@type":"ListItem","position":2,"name":"Butikk","item":"https:\/\/www.homewizard.com\/no\/butikk\/"},{"@type":"ListItem","position":3,"name":"Wi-Fi P1 Meter"}]},{"@type":"WebSite","@id":"https:\/\/www.homewizard.com\/no\/#website","url":"https:\/\/www.homewizard.com\/no\/","name":"HomeWizard","description":"HomeWizard Energy","publisher":{"@id":"https:\/\/www.homewizard.com\/no\/#organization"},"potentialAction":[{"@type":"SearchAction","target":{"@type":"EntryPoint","urlTemplate":"https:\/\/www.homewizard.com\/no\/?s={search_term_string}"},"query-input":{"@type":"PropertyValueSpecification","valueRequired":true,"valueName":"search_term_string"}}],"inLanguage":"nb-NO"},{"@type":"Organization","@id":"https:\/\/www.homewizard.com\/no\/#organization","name":"HomeWizard","url":"https:\/\/www.homewizard.com\/no\/","logo":{"@type":"ImageObject","inLanguage":"nb-NO","@id":"https:\/\/www.homewizard.com\/no\/#\/schema\/logo\/image\/","url":"https:\/\/www.homewizard.com\/wp-content\/uploads\/2023\/06\/HomeWizard-icon-on-black.png","contentUrl":"https:\/\/www.homewizard.com\/wp-content\/uploads\/2023\/06\/HomeWizard-icon-on-black.png","width":500,"height":500,"caption":"HomeWizard"},"image":{"@id":"https:\/\/www.homewizard.com\/no\/#\/schema\/logo\/image\/"},"sameAs":["https:\/\/www.facebook.com\/HomeWizardBV\/","https:\/\/x.com\/HomeWizard_NL","https:\/\/www.youtube.com\/HomeWizardBV","https:\/\/www.instagram.com\/homewizardenergy\/"]}]}},"_links":{"self":[{"href":"https:\/\/www.homewizard.com\/no\/wp-json\/wp\/v2\/product\/1273586","targetHints":{"allow":["GET"]}}],"collection":[{"href":"https:\/\/www.homewizard.com\/no\/wp-json\/wp\/v2\/product"}],"about":[{"href":"https:\/\/www.homewizard.com\/no\/wp-json\/wp\/v2\/types\/product"}],"wp:featuredmedia":[{"embeddable":true,"href":"https:\/\/www.homewizard.com\/no\/wp-json\/wp\/v2\/media\/542781"}],"wp:attachment":[{"href":"https:\/\/www.homewizard.com\/no\/wp-json\/wp\/v2\/media?parent=1273586"}],"wp:term":[{"taxonomy":"product_brand","embeddable":true,"href":"https:\/\/www.homewizard.com\/no\/wp-json\/wp\/v2\/product_brand?post=1273586"},{"taxonomy":"product_cat","embeddable":true,"href":"https:\/\/www.homewizard.com\/no\/wp-json\/wp\/v2\/product_cat?post=1273586"},{"taxonomy":"product_tag","embeddable":true,"href":"https:\/\/www.homewizard.com\/no\/wp-json\/wp\/v2\/product_tag?post=1273586"}],"curies":[{"name":"wp","href":"https:\/\/api.w.org\/{rel}","templated":true}]}}