{"id":1101977,"date":"2024-07-30T13:37:25","date_gmt":"2024-07-30T11:37:25","guid":{"rendered":"https:\/\/www.homewizard.com\/shop\/usb-c-adaptersett-2\/"},"modified":"2026-04-29T15:04:20","modified_gmt":"2026-04-29T13:04:20","slug":"usb-c-adaptersett-2","status":"publish","type":"product","link":"https:\/\/www.homewizard.com\/no\/butikk\/usb-c-adaptersett-2\/","title":{"rendered":"USB-C-adaptersett"},"content":{"rendered":"\n<p class=\" eplus-wrapper\">P\u00e5 eldre smartm\u00e5lere (eldre enn SMR5), kreves det en USB-C-adapter for at P1 Meter skal virke. Den kan ogs\u00e5 brukes til \u00e5 drive en aktiv P1 Splitter p\u00e5 eldre smartm\u00e5lere uten en HomeWizard P1 Meter koblet til spalteren. Dette er et valgfritt tilbeh\u00f8r som ikke h\u00f8rer med i esken til P1 Meter og P1 Splitter.<\/p>\n","protected":false},"excerpt":{"rendered":"<p>F\u00e5 str\u00f8m til P1 Meter med eldre smartm\u00e5lere (SMR4 og eldre)<\/p>\n","protected":false},"featured_media":653868,"template":"","meta":{"_acf_changed":false,"editor_plus_copied_stylings":"{}"},"product_brand":[],"product_cat":[247,251],"product_tag":[],"class_list":{"0":"post-1101977","1":"product","2":"type-product","3":"status-publish","4":"has-post-thumbnail","6":"product_cat-alle-no","7":"product_cat-tilbehor-no","9":"first","10":"instock","11":"taxable","12":"shipping-taxable","13":"purchasable","14":"product-type-simple"},"acf":[],"yoast_head":"<!-- This site is optimized with the Yoast SEO plugin v27.0 - https:\/\/yoast.com\/product\/yoast-seo-wordpress\/ -->\n<title>Trenger du et adaptersett for Wi-Fi P1-m\u00e5leren? Bestill et USB-adaptersett fra HomeWizard her!<\/title>\n<meta name=\"description\" content=\"Bestill en USB-C-adapter for P1-m\u00e5leren her \u2013 HomeWizard\" \/>\n<meta name=\"robots\" content=\"index, follow, max-snippet:-1, max-image-preview:large, max-video-preview:-1\" \/>\n<link rel=\"canonical\" href=\"https:\/\/www.homewizard.com\/no\/butikk\/usb-c-adaptersett-2\/\" \/>\n<meta property=\"og:locale\" content=\"nb_NO\" \/>\n<meta property=\"og:type\" content=\"article\" \/>\n<meta property=\"og:title\" content=\"Trenger du et adaptersett for Wi-Fi P1-m\u00e5leren? Bestill et USB-adaptersett fra HomeWizard her!\" \/>\n<meta property=\"og:description\" content=\"Bestill en USB-C-adapter for P1-m\u00e5leren her \u2013 HomeWizard\" \/>\n<meta property=\"og:url\" content=\"https:\/\/www.homewizard.com\/no\/butikk\/usb-c-adaptersett-2\/\" \/>\n<meta property=\"og:site_name\" content=\"HomeWizard\" \/>\n<meta property=\"article:publisher\" content=\"https:\/\/www.facebook.com\/HomeWizardBV\/\" \/>\n<meta property=\"article:modified_time\" content=\"2026-04-29T13:04:20+00:00\" \/>\n<meta property=\"og:image\" content=\"https:\/\/www.homewizard.com\/wp-content\/uploads\/2022\/08\/USB-C-Adapter-HomeWizard.png\" \/>\n\t<meta property=\"og:image:width\" content=\"800\" \/>\n\t<meta property=\"og:image:height\" content=\"800\" \/>\n\t<meta property=\"og:image:type\" content=\"image\/png\" \/>\n<meta name=\"twitter:card\" content=\"summary_large_image\" \/>\n<meta name=\"twitter:site\" content=\"@HomeWizard_NL\" \/>\n<script type=\"application\/ld+json\" class=\"yoast-schema-graph\">{\"@context\":\"https:\/\/schema.org\",\"@graph\":[{\"@type\":\"WebPage\",\"@id\":\"https:\/\/www.homewizard.com\/no\/butikk\/usb-c-adaptersett-2\/\",\"url\":\"https:\/\/www.homewizard.com\/no\/butikk\/usb-c-adaptersett-2\/\",\"name\":\"Trenger du et adaptersett for Wi-Fi P1-m\u00e5leren? Bestill et USB-adaptersett fra HomeWizard her!\",\"isPartOf\":{\"@id\":\"https:\/\/www.homewizard.com\/no\/#website\"},\"primaryImageOfPage\":{\"@id\":\"https:\/\/www.homewizard.com\/no\/butikk\/usb-c-adaptersett-2\/#primaryimage\"},\"image\":{\"@id\":\"https:\/\/www.homewizard.com\/no\/butikk\/usb-c-adaptersett-2\/#primaryimage\"},\"thumbnailUrl\":\"https:\/\/www.homewizard.com\/wp-content\/uploads\/2022\/08\/USB-C-Adapter-HomeWizard.png\",\"datePublished\":\"2024-07-30T11:37:25+00:00\",\"dateModified\":\"2026-04-29T13:04:20+00:00\",\"description\":\"Bestill en USB-C-adapter for P1-m\u00e5leren her \u2013 HomeWizard\",\"breadcrumb\":{\"@id\":\"https:\/\/www.homewizard.com\/no\/butikk\/usb-c-adaptersett-2\/#breadcrumb\"},\"inLanguage\":\"nb-NO\",\"potentialAction\":[{\"@type\":\"ReadAction\",\"target\":[\"https:\/\/www.homewizard.com\/no\/butikk\/usb-c-adaptersett-2\/\"]}]},{\"@type\":\"ImageObject\",\"inLanguage\":\"nb-NO\",\"@id\":\"https:\/\/www.homewizard.com\/no\/butikk\/usb-c-adaptersett-2\/#primaryimage\",\"url\":\"https:\/\/www.homewizard.com\/wp-content\/uploads\/2022\/08\/USB-C-Adapter-HomeWizard.png\",\"contentUrl\":\"https:\/\/www.homewizard.com\/wp-content\/uploads\/2022\/08\/USB-C-Adapter-HomeWizard.png\",\"width\":800,\"height\":800},{\"@type\":\"BreadcrumbList\",\"@id\":\"https:\/\/www.homewizard.com\/no\/butikk\/usb-c-adaptersett-2\/#breadcrumb\",\"itemListElement\":[{\"@type\":\"ListItem\",\"position\":1,\"name\":\"Home\",\"item\":\"https:\/\/www.homewizard.com\/no\/\"},{\"@type\":\"ListItem\",\"position\":2,\"name\":\"Butikk\",\"item\":\"https:\/\/www.homewizard.com\/no\/butikk\/\"},{\"@type\":\"ListItem\",\"position\":3,\"name\":\"USB-C-adaptersett\"}]},{\"@type\":\"WebSite\",\"@id\":\"https:\/\/www.homewizard.com\/no\/#website\",\"url\":\"https:\/\/www.homewizard.com\/no\/\",\"name\":\"HomeWizard\",\"description\":\"HomeWizard Energy\",\"publisher\":{\"@id\":\"https:\/\/www.homewizard.com\/no\/#organization\"},\"potentialAction\":[{\"@type\":\"SearchAction\",\"target\":{\"@type\":\"EntryPoint\",\"urlTemplate\":\"https:\/\/www.homewizard.com\/no\/?s={search_term_string}\"},\"query-input\":{\"@type\":\"PropertyValueSpecification\",\"valueRequired\":true,\"valueName\":\"search_term_string\"}}],\"inLanguage\":\"nb-NO\"},{\"@type\":\"Organization\",\"@id\":\"https:\/\/www.homewizard.com\/no\/#organization\",\"name\":\"HomeWizard\",\"url\":\"https:\/\/www.homewizard.com\/no\/\",\"logo\":{\"@type\":\"ImageObject\",\"inLanguage\":\"nb-NO\",\"@id\":\"https:\/\/www.homewizard.com\/no\/#\/schema\/logo\/image\/\",\"url\":\"https:\/\/www.homewizard.com\/wp-content\/uploads\/2023\/06\/HomeWizard-icon-on-black.png\",\"contentUrl\":\"https:\/\/www.homewizard.com\/wp-content\/uploads\/2023\/06\/HomeWizard-icon-on-black.png\",\"width\":500,\"height\":500,\"caption\":\"HomeWizard\"},\"image\":{\"@id\":\"https:\/\/www.homewizard.com\/no\/#\/schema\/logo\/image\/\"},\"sameAs\":[\"https:\/\/www.facebook.com\/HomeWizardBV\/\",\"https:\/\/x.com\/HomeWizard_NL\",\"https:\/\/www.youtube.com\/HomeWizardBV\",\"https:\/\/www.instagram.com\/homewizardenergy\/\"]}]}<\/script>\n<!-- \/ Yoast SEO plugin. -->","yoast_head_json":{"title":"Trenger du et adaptersett for Wi-Fi P1-m\u00e5leren? Bestill et USB-adaptersett fra HomeWizard her!","description":"Bestill en USB-C-adapter for P1-m\u00e5leren her \u2013 HomeWizard","robots":{"index":"index","follow":"follow","max-snippet":"max-snippet:-1","max-image-preview":"max-image-preview:large","max-video-preview":"max-video-preview:-1"},"canonical":"https:\/\/www.homewizard.com\/no\/butikk\/usb-c-adaptersett-2\/","og_locale":"nb_NO","og_type":"article","og_title":"Trenger du et adaptersett for Wi-Fi P1-m\u00e5leren? Bestill et USB-adaptersett fra HomeWizard her!","og_description":"Bestill en USB-C-adapter for P1-m\u00e5leren her \u2013 HomeWizard","og_url":"https:\/\/www.homewizard.com\/no\/butikk\/usb-c-adaptersett-2\/","og_site_name":"HomeWizard","article_publisher":"https:\/\/www.facebook.com\/HomeWizardBV\/","article_modified_time":"2026-04-29T13:04:20+00:00","og_image":[{"width":800,"height":800,"url":"https:\/\/www.homewizard.com\/wp-content\/uploads\/2022\/08\/USB-C-Adapter-HomeWizard.png","type":"image\/png"}],"twitter_card":"summary_large_image","twitter_site":"@HomeWizard_NL","schema":{"@context":"https:\/\/schema.org","@graph":[{"@type":"WebPage","@id":"https:\/\/www.homewizard.com\/no\/butikk\/usb-c-adaptersett-2\/","url":"https:\/\/www.homewizard.com\/no\/butikk\/usb-c-adaptersett-2\/","name":"Trenger du et adaptersett for Wi-Fi P1-m\u00e5leren? Bestill et USB-adaptersett fra HomeWizard her!","isPartOf":{"@id":"https:\/\/www.homewizard.com\/no\/#website"},"primaryImageOfPage":{"@id":"https:\/\/www.homewizard.com\/no\/butikk\/usb-c-adaptersett-2\/#primaryimage"},"image":{"@id":"https:\/\/www.homewizard.com\/no\/butikk\/usb-c-adaptersett-2\/#primaryimage"},"thumbnailUrl":"https:\/\/www.homewizard.com\/wp-content\/uploads\/2022\/08\/USB-C-Adapter-HomeWizard.png","datePublished":"2024-07-30T11:37:25+00:00","dateModified":"2026-04-29T13:04:20+00:00","description":"Bestill en USB-C-adapter for P1-m\u00e5leren her \u2013 HomeWizard","breadcrumb":{"@id":"https:\/\/www.homewizard.com\/no\/butikk\/usb-c-adaptersett-2\/#breadcrumb"},"inLanguage":"nb-NO","potentialAction":[{"@type":"ReadAction","target":["https:\/\/www.homewizard.com\/no\/butikk\/usb-c-adaptersett-2\/"]}]},{"@type":"ImageObject","inLanguage":"nb-NO","@id":"https:\/\/www.homewizard.com\/no\/butikk\/usb-c-adaptersett-2\/#primaryimage","url":"https:\/\/www.homewizard.com\/wp-content\/uploads\/2022\/08\/USB-C-Adapter-HomeWizard.png","contentUrl":"https:\/\/www.homewizard.com\/wp-content\/uploads\/2022\/08\/USB-C-Adapter-HomeWizard.png","width":800,"height":800},{"@type":"BreadcrumbList","@id":"https:\/\/www.homewizard.com\/no\/butikk\/usb-c-adaptersett-2\/#breadcrumb","itemListElement":[{"@type":"ListItem","position":1,"name":"Home","item":"https:\/\/www.homewizard.com\/no\/"},{"@type":"ListItem","position":2,"name":"Butikk","item":"https:\/\/www.homewizard.com\/no\/butikk\/"},{"@type":"ListItem","position":3,"name":"USB-C-adaptersett"}]},{"@type":"WebSite","@id":"https:\/\/www.homewizard.com\/no\/#website","url":"https:\/\/www.homewizard.com\/no\/","name":"HomeWizard","description":"HomeWizard Energy","publisher":{"@id":"https:\/\/www.homewizard.com\/no\/#organization"},"potentialAction":[{"@type":"SearchAction","target":{"@type":"EntryPoint","urlTemplate":"https:\/\/www.homewizard.com\/no\/?s={search_term_string}"},"query-input":{"@type":"PropertyValueSpecification","valueRequired":true,"valueName":"search_term_string"}}],"inLanguage":"nb-NO"},{"@type":"Organization","@id":"https:\/\/www.homewizard.com\/no\/#organization","name":"HomeWizard","url":"https:\/\/www.homewizard.com\/no\/","logo":{"@type":"ImageObject","inLanguage":"nb-NO","@id":"https:\/\/www.homewizard.com\/no\/#\/schema\/logo\/image\/","url":"https:\/\/www.homewizard.com\/wp-content\/uploads\/2023\/06\/HomeWizard-icon-on-black.png","contentUrl":"https:\/\/www.homewizard.com\/wp-content\/uploads\/2023\/06\/HomeWizard-icon-on-black.png","width":500,"height":500,"caption":"HomeWizard"},"image":{"@id":"https:\/\/www.homewizard.com\/no\/#\/schema\/logo\/image\/"},"sameAs":["https:\/\/www.facebook.com\/HomeWizardBV\/","https:\/\/x.com\/HomeWizard_NL","https:\/\/www.youtube.com\/HomeWizardBV","https:\/\/www.instagram.com\/homewizardenergy\/"]}]}},"_links":{"self":[{"href":"https:\/\/www.homewizard.com\/no\/wp-json\/wp\/v2\/product\/1101977","targetHints":{"allow":["GET"]}}],"collection":[{"href":"https:\/\/www.homewizard.com\/no\/wp-json\/wp\/v2\/product"}],"about":[{"href":"https:\/\/www.homewizard.com\/no\/wp-json\/wp\/v2\/types\/product"}],"wp:featuredmedia":[{"embeddable":true,"href":"https:\/\/www.homewizard.com\/no\/wp-json\/wp\/v2\/media\/653868"}],"wp:attachment":[{"href":"https:\/\/www.homewizard.com\/no\/wp-json\/wp\/v2\/media?parent=1101977"}],"wp:term":[{"taxonomy":"product_brand","embeddable":true,"href":"https:\/\/www.homewizard.com\/no\/wp-json\/wp\/v2\/product_brand?post=1101977"},{"taxonomy":"product_cat","embeddable":true,"href":"https:\/\/www.homewizard.com\/no\/wp-json\/wp\/v2\/product_cat?post=1101977"},{"taxonomy":"product_tag","embeddable":true,"href":"https:\/\/www.homewizard.com\/no\/wp-json\/wp\/v2\/product_tag?post=1101977"}],"curies":[{"name":"wp","href":"https:\/\/api.w.org\/{rel}","templated":true}]}}