{"id":543234,"date":"2024-01-08T16:51:24","date_gmt":"2024-01-08T15:51:24","guid":{"rendered":"https:\/\/www.homewizard.com\/baerekraft\/"},"modified":"2024-01-08T16:51:26","modified_gmt":"2024-01-08T15:51:26","slug":"baerekraft","status":"publish","type":"page","link":"https:\/\/www.homewizard.com\/no\/baerekraft\/","title":{"rendered":"B\u00e6rekraft"},"content":{"rendered":"<div class=\"contained_page wp-block-group eplus-wrapper eplus-styles-uid-107fe9\"><div class=\"wp-block-group__inner-container is-layout-constrained wp-block-group-is-layout-constrained\"><div class=\"column_reverse wp-block-columns eplus-wrapper is-layout-flex wp-container-core-columns-is-layout-9d6595d7 wp-block-columns-is-layout-flex eplus-styles-uid-3ea3c8\">\n<div class=\"wp-block-column eplus-wrapper is-layout-flow wp-block-column-is-layout-flow\" style=\"flex-basis:33.33%\"><div class=\"wp-block-image \">\n<figure class=\"aligncenter size-full eplus-wrapper\"><img loading=\"lazy\" decoding=\"async\" width=\"425\" height=\"425\" src=\"https:\/\/www.homewizard.com\/wp-content\/uploads\/2023\/10\/conscious-world-dgreen.png\" alt=\"\" class=\"wp-image-466467\" srcset=\"https:\/\/www.homewizard.com\/wp-content\/uploads\/2023\/10\/conscious-world-dgreen.png 425w, https:\/\/www.homewizard.com\/wp-content\/uploads\/2023\/10\/conscious-world-dgreen-124x124.png 124w, https:\/\/www.homewizard.com\/wp-content\/uploads\/2023\/10\/conscious-world-dgreen-300x300.png 300w, https:\/\/www.homewizard.com\/wp-content\/uploads\/2023\/10\/conscious-world-dgreen-150x150.png 150w, https:\/\/www.homewizard.com\/wp-content\/uploads\/2023\/10\/conscious-world-dgreen-400x400.png 400w\" sizes=\"auto, (max-width: 425px) 100vw, 425px\" \/><\/figure>\n<\/div><\/div>\n\n\n\n<div class=\"wp-block-column is-vertically-aligned-center eplus-wrapper is-layout-flow wp-block-column-is-layout-flow\" style=\"flex-basis:66.66%\">\n<h1 class=\" wp-block-heading eplus-wrapper\"><strong>En bevisst verden<\/strong><\/h1>\n\n\n\n<p class=\" eplus-wrapper\">HomeWizard-produkter gj\u00f8r brukerne v\u00e5re bevisst p\u00e5 str\u00f8mforbruket sitt og tilknyttede utgifter. Ved \u00e5 gj\u00f8re sm\u00e5 forandringer i atferden din kan du ikke bare spare penger p\u00e5 energi, men vi kan ogs\u00e5 jobbe sammen mot en mer bevisst verden. <\/p>\n\n\n\n<p class=\" eplus-wrapper\">Vi vet alle at energikildene v\u00e5re ikke er ut\u00f8mmelige, og vi legger st\u00f8rre og st\u00f8rre merke til konsekvensene av \u00e5 bruke dem. Hos HomeWizard forst\u00e5r vi at vi ikke kan fortsette \u00e5 gj\u00f8re alt uten \u00e5 tenke p\u00e5 hvilken effekt det har p\u00e5 omverdenen. Og selv om vi ikke er perfekte, mener vi at det er viktig \u00e5 bruke energien v\u00e5r med m\u00e5te. Dette er mulig ved \u00e5 bruke produktene v\u00e5re. Sammen kan vi skape en bedre verden. Et hus om gangen.<\/p>\n<\/div>\n<\/div>\n\n<div class=\"flex-column-reverse wp-block-columns eplus-wrapper is-layout-flex wp-container-core-columns-is-layout-9d6595d7 wp-block-columns-is-layout-flex eplus-styles-uid-6729f9\">\n<div class=\"wp-block-column is-vertically-aligned-center eplus-wrapper is-layout-flow wp-block-column-is-layout-flow\" style=\"flex-basis:66.66%\">\n<h2 class=\" wp-block-heading eplus-wrapper\"><strong>Forbruket av produktene v\u00e5re<\/strong><\/h2>\n\n\n\n<p class=\" eplus-wrapper\">Siden produktene v\u00e5re hjelper deg med \u00e5 spare str\u00f8m, mener vi det er viktig at de ikke bruker un\u00f8dvendige mengder str\u00f8m selv. Derfor bruker produktene v\u00e5re kun 1\u00a0watt. Selv Energy Display bruker bare 1\u00a0watt i standby-modus og sl\u00e5s bare p\u00e5 n\u00e5r bevegelsessensoren oppdager bevegelse. <\/p>\n<\/div>\n\n\n\n<div class=\"wp-block-column eplus-wrapper is-layout-flow wp-block-column-is-layout-flow\" style=\"flex-basis:33.33%\"><div class=\"wp-block-image \">\n<figure class=\"aligncenter size-medium eplus-wrapper\"><img loading=\"lazy\" decoding=\"async\" width=\"300\" height=\"300\" src=\"https:\/\/www.homewizard.com\/wp-content\/uploads\/2023\/10\/consumption-products-blue-300x300.png\" alt=\"\" class=\"wp-image-466394\" srcset=\"https:\/\/www.homewizard.com\/wp-content\/uploads\/2023\/10\/consumption-products-blue-300x300.png 300w, https:\/\/www.homewizard.com\/wp-content\/uploads\/2023\/10\/consumption-products-blue-124x124.png 124w, https:\/\/www.homewizard.com\/wp-content\/uploads\/2023\/10\/consumption-products-blue-150x150.png 150w\" sizes=\"auto, (max-width: 300px) 100vw, 300px\" \/><\/figure>\n<\/div><\/div>\n<\/div>\n\n<div class=\"wp-block-columns eplus-wrapper is-layout-flex wp-container-core-columns-is-layout-9d6595d7 wp-block-columns-is-layout-flex eplus-styles-uid-e756c7\">\n<div class=\"wp-block-column is-vertically-aligned-bottom eplus-wrapper is-layout-flow wp-block-column-is-layout-flow\" style=\"flex-basis:33.33%\"><div class=\"wp-block-image \">\n<figure class=\"aligncenter size-medium eplus-wrapper\"><img loading=\"lazy\" decoding=\"async\" width=\"300\" height=\"300\" src=\"https:\/\/www.homewizard.com\/wp-content\/uploads\/2023\/10\/transport-products-blue-300x300.png\" alt=\"\" class=\"wp-image-466363\" srcset=\"https:\/\/www.homewizard.com\/wp-content\/uploads\/2023\/10\/transport-products-blue-300x300.png 300w, https:\/\/www.homewizard.com\/wp-content\/uploads\/2023\/10\/transport-products-blue-124x124.png 124w, https:\/\/www.homewizard.com\/wp-content\/uploads\/2023\/10\/transport-products-blue-150x150.png 150w\" sizes=\"auto, (max-width: 300px) 100vw, 300px\" \/><\/figure>\n<\/div><\/div>\n\n\n\n<div class=\"wp-block-column is-vertically-aligned-top eplus-wrapper is-layout-flow wp-block-column-is-layout-flow\" style=\"flex-basis:66.66%\">\n<h2 class=\" wp-block-heading eplus-wrapper\"><strong>Emballasje og transport<\/strong><\/h2>\n\n\n\n<p class=\" eplus-wrapper\">Mot slutten av 2022 vinket vi farvel til fyllmateriale i skum og plast i produktemballasjen v\u00e5r og erstattet det med papir. Det betyr at alle pakkene v\u00e5re er laget av resirkulert kuttet papir. I tillegg p\u00e5ser vi at produktene v\u00e5re n\u00e5r kundene p\u00e5 s\u00e5 f\u00e5 kilometer som mulig. Postbudene v\u00e5re leverer CO2-n\u00f8ytral transport. Etter produksjon, kommer produktene til Nederland. I de fleste tilfeller kj\u00f8per vi den gjenv\u00e6rende plassen i fraktskipene slik at skipet ikke transporterer un\u00f8dvendig luft.<\/p>\n<\/div>\n<\/div>\n\n<div class=\"flex-column-reverse wp-block-columns eplus-wrapper is-layout-flex wp-container-core-columns-is-layout-9d6595d7 wp-block-columns-is-layout-flex eplus-styles-uid-8eeced\">\n<div class=\"wp-block-column eplus-wrapper is-layout-flow wp-block-column-is-layout-flow\" style=\"flex-basis:66.66%\">\n<h2 class=\" wp-block-heading eplus-wrapper\"><strong>JustDiggit<\/strong><\/h2>\n\n\n\n<p class=\" eplus-wrapper\">JustDiggit er forpliktet til \u00e5 kj\u00f8le ned og plante nytt p\u00e5 planeten ved \u00e5 grave \u00abbunds\u00bb i Tanzania og plante fr\u00f8 i dem. En bund er en halvsirkel som graves ut av bakken slik at regnvannet kan holdes p\u00e5 plass i stedet for \u00e5 skylles vekk. Slik kan vannet trekke sakte inn i den t\u00f8rre jorden slik at fr\u00f8ene i bakken kan gro. Takket v\u00e6re dette har levemilj\u00f8et i omr\u00e5det sakte, men sikkert blitt gr\u00f8nnere og kj\u00f8ligere. For \u00e5 hjelpe JustDiggit med \u00e5 gj\u00f8re planeten gr\u00f8nnere og sunnere, har HomeWizard donert 500 bunds i 2023.<\/p>\n<\/div>\n\n\n\n<div class=\"wp-block-column is-vertically-aligned-bottom eplus-wrapper is-layout-flow wp-block-column-is-layout-flow\" style=\"flex-basis:33.33%\"><div class=\"wp-block-image \">\n<figure class=\"aligncenter size-medium eplus-wrapper\"><img loading=\"lazy\" decoding=\"async\" width=\"300\" height=\"300\" src=\"https:\/\/www.homewizard.com\/wp-content\/uploads\/2023\/10\/500-bunds-beige-300x300.png\" alt=\"\" class=\"wp-image-466378\" srcset=\"https:\/\/www.homewizard.com\/wp-content\/uploads\/2023\/10\/500-bunds-beige-300x300.png 300w, https:\/\/www.homewizard.com\/wp-content\/uploads\/2023\/10\/500-bunds-beige-124x124.png 124w, https:\/\/www.homewizard.com\/wp-content\/uploads\/2023\/10\/500-bunds-beige-150x150.png 150w\" sizes=\"auto, (max-width: 300px) 100vw, 300px\" \/><\/figure>\n<\/div><\/div>\n<\/div><\/div><\/div>","protected":false},"excerpt":{"rendered":"<p>En bevisst verden HomeWizard-produkter gj\u00f8r brukerne v\u00e5re bevisst p\u00e5 str\u00f8mforbruket sitt og tilknyttede utgifter. Ved \u00e5 gj\u00f8re sm\u00e5 forandringer i atferden din kan du ikke bare spare penger p\u00e5 energi, men vi kan ogs\u00e5 jobbe sammen mot en mer bevisst verden. Vi vet alle at energikildene v\u00e5re ikke er ut\u00f8mmelige, og vi legger st\u00f8rre og&hellip;<\/p>\n","protected":false},"author":544392,"featured_media":0,"parent":0,"menu_order":0,"comment_status":"closed","ping_status":"closed","template":"","meta":{"_acf_changed":false,"editor_plus_copied_stylings":"{}","footnotes":""},"class_list":["post-543234","page","type-page","status-publish","hentry"],"acf":[],"yoast_head":"<!-- This site is optimized with the Yoast SEO plugin v27.0 - https:\/\/yoast.com\/product\/yoast-seo-wordpress\/ -->\n<title>B\u00e6rekraft - HomeWizard<\/title>\n<meta name=\"description\" content=\"Hos HomeWizard forst\u00e5r vi at vi ikke kan fortsette \u00e5 gj\u00f8re alt uten \u00e5 tenke p\u00e5 hvilken effekt det har p\u00e5 omverdenen. Det er viktig \u00e5 bruke\" \/>\n<meta name=\"robots\" content=\"index, follow, max-snippet:-1, max-image-preview:large, max-video-preview:-1\" \/>\n<link rel=\"canonical\" href=\"https:\/\/www.homewizard.com\/no\/baerekraft\/\" \/>\n<meta property=\"og:locale\" content=\"nb_NO\" \/>\n<meta property=\"og:type\" content=\"article\" \/>\n<meta property=\"og:title\" content=\"B\u00e6rekraft - HomeWizard\" \/>\n<meta property=\"og:description\" content=\"Hos HomeWizard forst\u00e5r vi at vi ikke kan fortsette \u00e5 gj\u00f8re alt uten \u00e5 tenke p\u00e5 hvilken effekt det har p\u00e5 omverdenen. Det er viktig \u00e5 bruke\" \/>\n<meta property=\"og:url\" content=\"https:\/\/www.homewizard.com\/no\/baerekraft\/\" \/>\n<meta property=\"og:site_name\" content=\"HomeWizard\" \/>\n<meta property=\"article:publisher\" content=\"https:\/\/www.facebook.com\/HomeWizardBV\/\" \/>\n<meta property=\"article:modified_time\" content=\"2024-01-08T15:51:26+00:00\" \/>\n<meta property=\"og:image\" content=\"https:\/\/www.homewizard.com\/wp-content\/uploads\/2023\/10\/conscious-world-dgreen.png\" \/>\n<meta name=\"twitter:card\" content=\"summary_large_image\" \/>\n<meta name=\"twitter:site\" content=\"@HomeWizard_NL\" \/>\n<meta name=\"twitter:label1\" content=\"Ansl. lesetid\" \/>\n\t<meta name=\"twitter:data1\" content=\"2 minutter\" \/>\n<script type=\"application\/ld+json\" class=\"yoast-schema-graph\">{\"@context\":\"https:\/\/schema.org\",\"@graph\":[{\"@type\":\"WebPage\",\"@id\":\"https:\/\/www.homewizard.com\/no\/baerekraft\/\",\"url\":\"https:\/\/www.homewizard.com\/no\/baerekraft\/\",\"name\":\"B\u00e6rekraft - HomeWizard\",\"isPartOf\":{\"@id\":\"https:\/\/www.homewizard.com\/no\/#website\"},\"primaryImageOfPage\":{\"@id\":\"https:\/\/www.homewizard.com\/no\/baerekraft\/#primaryimage\"},\"image\":{\"@id\":\"https:\/\/www.homewizard.com\/no\/baerekraft\/#primaryimage\"},\"thumbnailUrl\":\"https:\/\/www.homewizard.com\/wp-content\/uploads\/2023\/10\/conscious-world-dgreen.png\",\"datePublished\":\"2024-01-08T15:51:24+00:00\",\"dateModified\":\"2024-01-08T15:51:26+00:00\",\"description\":\"Hos HomeWizard forst\u00e5r vi at vi ikke kan fortsette \u00e5 gj\u00f8re alt uten \u00e5 tenke p\u00e5 hvilken effekt det har p\u00e5 omverdenen. Det er viktig \u00e5 bruke\",\"breadcrumb\":{\"@id\":\"https:\/\/www.homewizard.com\/no\/baerekraft\/#breadcrumb\"},\"inLanguage\":\"nb-NO\",\"potentialAction\":[{\"@type\":\"ReadAction\",\"target\":[\"https:\/\/www.homewizard.com\/no\/baerekraft\/\"]}]},{\"@type\":\"ImageObject\",\"inLanguage\":\"nb-NO\",\"@id\":\"https:\/\/www.homewizard.com\/no\/baerekraft\/#primaryimage\",\"url\":\"https:\/\/www.homewizard.com\/wp-content\/uploads\/2023\/10\/conscious-world-dgreen.png\",\"contentUrl\":\"https:\/\/www.homewizard.com\/wp-content\/uploads\/2023\/10\/conscious-world-dgreen.png\"},{\"@type\":\"BreadcrumbList\",\"@id\":\"https:\/\/www.homewizard.com\/no\/baerekraft\/#breadcrumb\",\"itemListElement\":[{\"@type\":\"ListItem\",\"position\":1,\"name\":\"Home\",\"item\":\"https:\/\/www.homewizard.com\/no\/\"},{\"@type\":\"ListItem\",\"position\":2,\"name\":\"B\u00e6rekraft\"}]},{\"@type\":\"WebSite\",\"@id\":\"https:\/\/www.homewizard.com\/no\/#website\",\"url\":\"https:\/\/www.homewizard.com\/no\/\",\"name\":\"HomeWizard\",\"description\":\"HomeWizard Energy\",\"publisher\":{\"@id\":\"https:\/\/www.homewizard.com\/no\/#organization\"},\"potentialAction\":[{\"@type\":\"SearchAction\",\"target\":{\"@type\":\"EntryPoint\",\"urlTemplate\":\"https:\/\/www.homewizard.com\/no\/?s={search_term_string}\"},\"query-input\":{\"@type\":\"PropertyValueSpecification\",\"valueRequired\":true,\"valueName\":\"search_term_string\"}}],\"inLanguage\":\"nb-NO\"},{\"@type\":\"Organization\",\"@id\":\"https:\/\/www.homewizard.com\/no\/#organization\",\"name\":\"HomeWizard\",\"url\":\"https:\/\/www.homewizard.com\/no\/\",\"logo\":{\"@type\":\"ImageObject\",\"inLanguage\":\"nb-NO\",\"@id\":\"https:\/\/www.homewizard.com\/no\/#\/schema\/logo\/image\/\",\"url\":\"https:\/\/www.homewizard.com\/wp-content\/uploads\/2023\/06\/HomeWizard-icon-on-black.png\",\"contentUrl\":\"https:\/\/www.homewizard.com\/wp-content\/uploads\/2023\/06\/HomeWizard-icon-on-black.png\",\"width\":500,\"height\":500,\"caption\":\"HomeWizard\"},\"image\":{\"@id\":\"https:\/\/www.homewizard.com\/no\/#\/schema\/logo\/image\/\"},\"sameAs\":[\"https:\/\/www.facebook.com\/HomeWizardBV\/\",\"https:\/\/x.com\/HomeWizard_NL\",\"https:\/\/www.youtube.com\/HomeWizardBV\",\"https:\/\/www.instagram.com\/homewizardenergy\/\"]}]}<\/script>\n<!-- \/ Yoast SEO plugin. -->","yoast_head_json":{"title":"B\u00e6rekraft - HomeWizard","description":"Hos HomeWizard forst\u00e5r vi at vi ikke kan fortsette \u00e5 gj\u00f8re alt uten \u00e5 tenke p\u00e5 hvilken effekt det har p\u00e5 omverdenen. Det er viktig \u00e5 bruke","robots":{"index":"index","follow":"follow","max-snippet":"max-snippet:-1","max-image-preview":"max-image-preview:large","max-video-preview":"max-video-preview:-1"},"canonical":"https:\/\/www.homewizard.com\/no\/baerekraft\/","og_locale":"nb_NO","og_type":"article","og_title":"B\u00e6rekraft - HomeWizard","og_description":"Hos HomeWizard forst\u00e5r vi at vi ikke kan fortsette \u00e5 gj\u00f8re alt uten \u00e5 tenke p\u00e5 hvilken effekt det har p\u00e5 omverdenen. Det er viktig \u00e5 bruke","og_url":"https:\/\/www.homewizard.com\/no\/baerekraft\/","og_site_name":"HomeWizard","article_publisher":"https:\/\/www.facebook.com\/HomeWizardBV\/","article_modified_time":"2024-01-08T15:51:26+00:00","og_image":[{"url":"https:\/\/www.homewizard.com\/wp-content\/uploads\/2023\/10\/conscious-world-dgreen.png","type":"","width":"","height":""}],"twitter_card":"summary_large_image","twitter_site":"@HomeWizard_NL","twitter_misc":{"Ansl. lesetid":"2 minutter"},"schema":{"@context":"https:\/\/schema.org","@graph":[{"@type":"WebPage","@id":"https:\/\/www.homewizard.com\/no\/baerekraft\/","url":"https:\/\/www.homewizard.com\/no\/baerekraft\/","name":"B\u00e6rekraft - HomeWizard","isPartOf":{"@id":"https:\/\/www.homewizard.com\/no\/#website"},"primaryImageOfPage":{"@id":"https:\/\/www.homewizard.com\/no\/baerekraft\/#primaryimage"},"image":{"@id":"https:\/\/www.homewizard.com\/no\/baerekraft\/#primaryimage"},"thumbnailUrl":"https:\/\/www.homewizard.com\/wp-content\/uploads\/2023\/10\/conscious-world-dgreen.png","datePublished":"2024-01-08T15:51:24+00:00","dateModified":"2024-01-08T15:51:26+00:00","description":"Hos HomeWizard forst\u00e5r vi at vi ikke kan fortsette \u00e5 gj\u00f8re alt uten \u00e5 tenke p\u00e5 hvilken effekt det har p\u00e5 omverdenen. Det er viktig \u00e5 bruke","breadcrumb":{"@id":"https:\/\/www.homewizard.com\/no\/baerekraft\/#breadcrumb"},"inLanguage":"nb-NO","potentialAction":[{"@type":"ReadAction","target":["https:\/\/www.homewizard.com\/no\/baerekraft\/"]}]},{"@type":"ImageObject","inLanguage":"nb-NO","@id":"https:\/\/www.homewizard.com\/no\/baerekraft\/#primaryimage","url":"https:\/\/www.homewizard.com\/wp-content\/uploads\/2023\/10\/conscious-world-dgreen.png","contentUrl":"https:\/\/www.homewizard.com\/wp-content\/uploads\/2023\/10\/conscious-world-dgreen.png"},{"@type":"BreadcrumbList","@id":"https:\/\/www.homewizard.com\/no\/baerekraft\/#breadcrumb","itemListElement":[{"@type":"ListItem","position":1,"name":"Home","item":"https:\/\/www.homewizard.com\/no\/"},{"@type":"ListItem","position":2,"name":"B\u00e6rekraft"}]},{"@type":"WebSite","@id":"https:\/\/www.homewizard.com\/no\/#website","url":"https:\/\/www.homewizard.com\/no\/","name":"HomeWizard","description":"HomeWizard Energy","publisher":{"@id":"https:\/\/www.homewizard.com\/no\/#organization"},"potentialAction":[{"@type":"SearchAction","target":{"@type":"EntryPoint","urlTemplate":"https:\/\/www.homewizard.com\/no\/?s={search_term_string}"},"query-input":{"@type":"PropertyValueSpecification","valueRequired":true,"valueName":"search_term_string"}}],"inLanguage":"nb-NO"},{"@type":"Organization","@id":"https:\/\/www.homewizard.com\/no\/#organization","name":"HomeWizard","url":"https:\/\/www.homewizard.com\/no\/","logo":{"@type":"ImageObject","inLanguage":"nb-NO","@id":"https:\/\/www.homewizard.com\/no\/#\/schema\/logo\/image\/","url":"https:\/\/www.homewizard.com\/wp-content\/uploads\/2023\/06\/HomeWizard-icon-on-black.png","contentUrl":"https:\/\/www.homewizard.com\/wp-content\/uploads\/2023\/06\/HomeWizard-icon-on-black.png","width":500,"height":500,"caption":"HomeWizard"},"image":{"@id":"https:\/\/www.homewizard.com\/no\/#\/schema\/logo\/image\/"},"sameAs":["https:\/\/www.facebook.com\/HomeWizardBV\/","https:\/\/x.com\/HomeWizard_NL","https:\/\/www.youtube.com\/HomeWizardBV","https:\/\/www.instagram.com\/homewizardenergy\/"]}]}},"_links":{"self":[{"href":"https:\/\/www.homewizard.com\/no\/wp-json\/wp\/v2\/pages\/543234","targetHints":{"allow":["GET"]}}],"collection":[{"href":"https:\/\/www.homewizard.com\/no\/wp-json\/wp\/v2\/pages"}],"about":[{"href":"https:\/\/www.homewizard.com\/no\/wp-json\/wp\/v2\/types\/page"}],"author":[{"embeddable":true,"href":"https:\/\/www.homewizard.com\/no\/wp-json\/wp\/v2\/users\/544392"}],"replies":[{"embeddable":true,"href":"https:\/\/www.homewizard.com\/no\/wp-json\/wp\/v2\/comments?post=543234"}],"version-history":[{"count":1,"href":"https:\/\/www.homewizard.com\/no\/wp-json\/wp\/v2\/pages\/543234\/revisions"}],"predecessor-version":[{"id":543237,"href":"https:\/\/www.homewizard.com\/no\/wp-json\/wp\/v2\/pages\/543234\/revisions\/543237"}],"wp:attachment":[{"href":"https:\/\/www.homewizard.com\/no\/wp-json\/wp\/v2\/media?parent=543234"}],"curies":[{"name":"wp","href":"https:\/\/api.w.org\/{rel}","templated":true}]}}