{"id":543225,"date":"2024-01-08T16:51:20","date_gmt":"2024-01-08T15:51:20","guid":{"rendered":"https:\/\/www.homewizard.com\/om\/"},"modified":"2024-01-29T11:00:48","modified_gmt":"2024-01-29T10:00:48","slug":"om-oss","status":"publish","type":"page","link":"https:\/\/www.homewizard.com\/no\/om-oss\/","title":{"rendered":"Om oss"},"content":{"rendered":"<div class=\"contained_page wp-block-group eplus-wrapper eplus-styles-uid-b2c051\"><div class=\"wp-block-group__inner-container is-layout-constrained wp-block-group-is-layout-constrained\"><div class=\"wp-block-group eplus-wrapper eplus-styles-uid-c936c6\"><div class=\"wp-block-group__inner-container is-layout-constrained wp-block-group-is-layout-constrained\"><div class=\"wp-block-columns eplus-wrapper is-layout-flex wp-container-core-columns-is-layout-9d6595d7 wp-block-columns-is-layout-flex eplus-styles-uid-323d14\"><div class=\"wp-block-column is-vertically-aligned-center eplus-wrapper is-layout-flow wp-block-column-is-layout-flow eplus-styles-uid-d03e46\" style=\"flex-basis:66.66%\">\n<h1 class=\" wp-block-heading eplus-wrapper\">Om oss<\/h1>\n\n\n\n<p class=\" eplus-wrapper\">HomeWizard er <em><\/em> kjent for \u00e5 gi husstander innsikt i str\u00f8m-, vann- og gassforbruket sitt. Med de praktiske Wi-Fi-m\u00e5lerne v\u00e5re kan brukere overv\u00e5ke str\u00f8mforbruket sitt og produksjonen til solcellene. Vi vil gj\u00f8re folk mer bevisst over energiforbruket sitt og hjelpe dem med \u00e5 spare penger. Ikke bare er det bra for lommeboka, men ogs\u00e5 for kloden.<\/p>\n<\/div>\n\n\n<div class=\"wp-block-column eplus-wrapper is-layout-flow wp-block-column-is-layout-flow\" style=\"flex-basis:33.33%\"><div class=\"wp-block-image \">\n<figure class=\"aligncenter size-full eplus-wrapper\"><img loading=\"lazy\" decoding=\"async\" width=\"425\" height=\"425\" src=\"https:\/\/www.homewizard.com\/wp-content\/uploads\/2023\/10\/about-us-green.png\" alt=\"\" class=\"wp-image-466523\" srcset=\"https:\/\/www.homewizard.com\/wp-content\/uploads\/2023\/10\/about-us-green.png 425w, https:\/\/www.homewizard.com\/wp-content\/uploads\/2023\/10\/about-us-green-124x124.png 124w, https:\/\/www.homewizard.com\/wp-content\/uploads\/2023\/10\/about-us-green-300x300.png 300w, https:\/\/www.homewizard.com\/wp-content\/uploads\/2023\/10\/about-us-green-150x150.png 150w, https:\/\/www.homewizard.com\/wp-content\/uploads\/2023\/10\/about-us-green-400x400.png 400w\" sizes=\"auto, (max-width: 425px) 100vw, 425px\" \/><\/figure>\n<\/div><\/div>\n<\/div>\n\n\n<h2 class=\" wp-block-heading eplus-wrapper\">Fokus p\u00e5 energi<\/h2>\n\n\n\n<p class=\" eplus-wrapper\">Vi startet i Noordwijk i Nederland i 2011 som en leverand\u00f8r av boligautomasjon og smart kj\u00f8kkenutstyr. I begynnelsen av 2021 gjennomf\u00f8rte vi en stor endring etter at en kollega sa: \u00abBurde vi ikke lage noe nyttig i stedet for en air fryer med en app?\u00bb Det var begynnelsen av HomeWizard slik du kjenner oss n\u00e5; med fokus p\u00e5 energi.<\/p>\n\n\n<div class=\"wp-block-columns eplus-wrapper is-layout-flex wp-container-core-columns-is-layout-9d6595d7 wp-block-columns-is-layout-flex eplus-styles-uid-505d2a\">\n<div class=\"wp-block-column eplus-wrapper is-layout-flow wp-block-column-is-layout-flow\" style=\"flex-basis:33.33%\"><div class=\"wp-block-image \">\n<figure class=\"aligncenter size-medium eplus-wrapper\"><img loading=\"lazy\" decoding=\"async\" width=\"300\" height=\"300\" src=\"https:\/\/www.homewizard.com\/wp-content\/uploads\/2023\/10\/conscious-world-energy-purple-300x300.png\" alt=\"\" class=\"wp-image-466541\" srcset=\"https:\/\/www.homewizard.com\/wp-content\/uploads\/2023\/10\/conscious-world-energy-purple-300x300.png 300w, https:\/\/www.homewizard.com\/wp-content\/uploads\/2023\/10\/conscious-world-energy-purple-124x124.png 124w, https:\/\/www.homewizard.com\/wp-content\/uploads\/2023\/10\/conscious-world-energy-purple-150x150.png 150w\" sizes=\"auto, (max-width: 300px) 100vw, 300px\" \/><\/figure>\n<\/div><\/div>\n\n\n\n<div class=\"wp-block-column is-vertically-aligned-center eplus-wrapper is-layout-flow wp-block-column-is-layout-flow\" style=\"flex-basis:66.66%\">\n<h2 class=\" wp-block-heading eplus-wrapper\"><strong>En bevisst verden<\/strong><\/h2>\n\n\n\n<p class=\" eplus-wrapper\">HomeWizard-produkter gir deg innsikt i str\u00f8mforbruket ditt og tilknyttede utgifter. Siden du blir mer bevisst p\u00e5 hvor mye du bruker, kommer du til \u00e5 tenke mer p\u00e5 hvor mye gass, str\u00f8m og vann du bruker. P\u00e5 denne m\u00e5ten kan vi jobbe mot en mer <a href=\"https:\/\/www.homewizard.com\/no\/baerekraft\/\">bevisst verden <\/a>sammen.<\/p>\n<\/div>\n<\/div>\n\n\n<h2 class=\" wp-block-heading eplus-wrapper\"><strong>Vi lager alt selv<\/strong><\/h2>\n\n\n<p class=\" eplus-wrapper eplus-styles-uid-2e1be5\">Vi lager programvaren og maskinvaren v\u00e5r fra bunnen av, noe som er helt unikt i Nederland. Alle produktene v\u00e5re utvikles, designes, testes og lanseres fra kontorene v\u00e5re i Noordwijk. Og selvsagt gj\u00f8r vi dette med flinke kolleger. Produktene v\u00e5re er rimelige og brukervennlige, uavhengig av bosituasjon og alder. Selv bestemor og bestefar kan installere og bruke dem. Og enda viktigere, vi er helt uavhengige. Det betyr at du kan bruke produktene v\u00e5re uansett hvilken str\u00f8mleverand\u00f8r du bruker. Vi er der for alle.<\/p>\n\n<div class=\"flex-column-reverse wp-block-columns are-vertically-aligned-center eplus-wrapper is-layout-flex wp-container-core-columns-is-layout-9d6595d7 wp-block-columns-is-layout-flex eplus-styles-uid-2d0a35\">\n<div class=\"wp-block-column is-vertically-aligned-center eplus-wrapper is-layout-flow wp-block-column-is-layout-flow\" style=\"flex-basis:66.66%\">\n<h2 class=\" wp-block-heading eplus-wrapper\"><strong>Wizard Club<\/strong><\/h2>\n\n\n\n<p class=\" eplus-wrapper\">HomeWizard er stedet der lidenskap for programvare, maskinvare og energi samles. Det er et sted der vi respekterer hverandre og ler sammen. Hvis du blir en del av v\u00e5r Wizard Club, vil du sikkert bli her i \u00e5revis. Hvis du liker gaming, bordtennis eller film og TV-serier, kommer du ikke til \u00e5 kjede deg i lunsjpausen her! Men ikke bli for lei deg hvis du f\u00e5r \u00ablitt mer \u00e5 elske\u00bb etter \u00e5 ha kost deg med den fantastiske snacksen og drinkene vi tilbyr.<\/p>\n\n\n\n<p class=\" eplus-wrapper\">Vi f\u00e5r nesten ingen e-poster. Vi kommuniserer via chat eller g\u00e5r til pultene til hverandre. Vi stoler p\u00e5 hverandre og gj\u00f8r en forskjell. Vi er innovative, og <em>sammen<\/em> bygger vi en verden der vi bruker energien v\u00e5r p\u00e5 en bevisst m\u00e5te.<\/p>\n<\/div>\n\n\n\n<div class=\"wp-block-column is-vertically-aligned-center eplus-wrapper is-layout-flow wp-block-column-is-layout-flow\" style=\"flex-basis:33.33%\"><div class=\"wp-block-image \">\n<figure class=\"aligncenter size-medium eplus-wrapper\"><img loading=\"lazy\" decoding=\"async\" width=\"300\" height=\"300\" src=\"https:\/\/www.homewizard.com\/wp-content\/uploads\/2023\/10\/wizard-club-blue-300x300.png\" alt=\"\" class=\"wp-image-466553\" srcset=\"https:\/\/www.homewizard.com\/wp-content\/uploads\/2023\/10\/wizard-club-blue-300x300.png 300w, https:\/\/www.homewizard.com\/wp-content\/uploads\/2023\/10\/wizard-club-blue-124x124.png 124w, https:\/\/www.homewizard.com\/wp-content\/uploads\/2023\/10\/wizard-club-blue-150x150.png 150w\" sizes=\"auto, (max-width: 300px) 100vw, 300px\" \/><\/figure>\n<\/div><\/div>\n<\/div>\n\n\n<h2 class=\" wp-block-heading eplus-wrapper\"><strong>Kontakt oss<\/strong><\/h2>\n\n\n<p class=\" eplus-wrapper eplus-styles-uid-2e1be5\">HomeWizard holder til i Noordwijk i Nederland. Vi hjelper deg gjerne mandag til fredag fra kl. 09.00 til 17.30. Hvis du har sp\u00f8rsm\u00e5l om produktene v\u00e5re, kan du n\u00e5r som helst <a href=\"https:\/\/www.homewizard.com\/no\/kontakt\/\">kontakte oss<\/a>. Du vil vanligvis f\u00e5 svar innen \u00e9n arbeidsdag.<\/p><\/div><\/div><\/div><\/div>","protected":false},"excerpt":{"rendered":"<p>Om oss HomeWizard er kjent for \u00e5 gi husstander innsikt i str\u00f8m-, vann- og gassforbruket sitt. Med de praktiske Wi-Fi-m\u00e5lerne v\u00e5re kan brukere overv\u00e5ke str\u00f8mforbruket sitt og produksjonen til solcellene. Vi vil gj\u00f8re folk mer bevisst over energiforbruket sitt og hjelpe dem med \u00e5 spare penger. Ikke bare er det bra for lommeboka, men ogs\u00e5&hellip;<\/p>\n","protected":false},"author":544392,"featured_media":0,"parent":0,"menu_order":0,"comment_status":"closed","ping_status":"closed","template":"","meta":{"_acf_changed":false,"editor_plus_copied_stylings":"{}","footnotes":""},"class_list":["post-543225","page","type-page","status-publish","hentry"],"acf":[],"yoast_head":"<!-- This site is optimized with the Yoast SEO plugin v27.0 - https:\/\/yoast.com\/product\/yoast-seo-wordpress\/ -->\n<title>Om oss - HomeWizard<\/title>\n<meta name=\"description\" content=\"HomeWizard startet i Nederland som en leverand\u00f8r av boligautomasjon og smart kj\u00f8kkenutstyr. N\u00e5 hjelper vi folk med \u00e5 spare energi og penger.\" \/>\n<meta name=\"robots\" content=\"index, follow, max-snippet:-1, max-image-preview:large, max-video-preview:-1\" \/>\n<link rel=\"canonical\" href=\"https:\/\/www.homewizard.com\/no\/om-oss\/\" \/>\n<meta property=\"og:locale\" content=\"nb_NO\" \/>\n<meta property=\"og:type\" content=\"article\" \/>\n<meta property=\"og:title\" content=\"Om oss - HomeWizard\" \/>\n<meta property=\"og:description\" content=\"HomeWizard startet i Nederland som en leverand\u00f8r av boligautomasjon og smart kj\u00f8kkenutstyr. N\u00e5 hjelper vi folk med \u00e5 spare energi og penger.\" \/>\n<meta property=\"og:url\" content=\"https:\/\/www.homewizard.com\/no\/om-oss\/\" \/>\n<meta property=\"og:site_name\" content=\"HomeWizard\" \/>\n<meta property=\"article:publisher\" content=\"https:\/\/www.facebook.com\/HomeWizardBV\/\" \/>\n<meta property=\"article:modified_time\" content=\"2024-01-29T10:00:48+00:00\" \/>\n<meta property=\"og:image\" content=\"https:\/\/www.homewizard.com\/wp-content\/uploads\/2023\/10\/about-us-green.png\" \/>\n<meta name=\"twitter:card\" content=\"summary_large_image\" \/>\n<meta name=\"twitter:site\" content=\"@HomeWizard_NL\" \/>\n<meta name=\"twitter:label1\" content=\"Ansl. lesetid\" \/>\n\t<meta name=\"twitter:data1\" content=\"2 minutter\" \/>\n<script type=\"application\/ld+json\" class=\"yoast-schema-graph\">{\"@context\":\"https:\/\/schema.org\",\"@graph\":[{\"@type\":\"WebPage\",\"@id\":\"https:\/\/www.homewizard.com\/no\/om-oss\/\",\"url\":\"https:\/\/www.homewizard.com\/no\/om-oss\/\",\"name\":\"Om oss - HomeWizard\",\"isPartOf\":{\"@id\":\"https:\/\/www.homewizard.com\/no\/#website\"},\"primaryImageOfPage\":{\"@id\":\"https:\/\/www.homewizard.com\/no\/om-oss\/#primaryimage\"},\"image\":{\"@id\":\"https:\/\/www.homewizard.com\/no\/om-oss\/#primaryimage\"},\"thumbnailUrl\":\"https:\/\/www.homewizard.com\/wp-content\/uploads\/2023\/10\/about-us-green.png\",\"datePublished\":\"2024-01-08T15:51:20+00:00\",\"dateModified\":\"2024-01-29T10:00:48+00:00\",\"description\":\"HomeWizard startet i Nederland som en leverand\u00f8r av boligautomasjon og smart kj\u00f8kkenutstyr. N\u00e5 hjelper vi folk med \u00e5 spare energi og penger.\",\"breadcrumb\":{\"@id\":\"https:\/\/www.homewizard.com\/no\/om-oss\/#breadcrumb\"},\"inLanguage\":\"nb-NO\",\"potentialAction\":[{\"@type\":\"ReadAction\",\"target\":[\"https:\/\/www.homewizard.com\/no\/om-oss\/\"]}]},{\"@type\":\"ImageObject\",\"inLanguage\":\"nb-NO\",\"@id\":\"https:\/\/www.homewizard.com\/no\/om-oss\/#primaryimage\",\"url\":\"https:\/\/www.homewizard.com\/wp-content\/uploads\/2023\/10\/about-us-green.png\",\"contentUrl\":\"https:\/\/www.homewizard.com\/wp-content\/uploads\/2023\/10\/about-us-green.png\"},{\"@type\":\"BreadcrumbList\",\"@id\":\"https:\/\/www.homewizard.com\/no\/om-oss\/#breadcrumb\",\"itemListElement\":[{\"@type\":\"ListItem\",\"position\":1,\"name\":\"Home\",\"item\":\"https:\/\/www.homewizard.com\/no\/\"},{\"@type\":\"ListItem\",\"position\":2,\"name\":\"Om oss\"}]},{\"@type\":\"WebSite\",\"@id\":\"https:\/\/www.homewizard.com\/no\/#website\",\"url\":\"https:\/\/www.homewizard.com\/no\/\",\"name\":\"HomeWizard\",\"description\":\"HomeWizard Energy\",\"publisher\":{\"@id\":\"https:\/\/www.homewizard.com\/no\/#organization\"},\"potentialAction\":[{\"@type\":\"SearchAction\",\"target\":{\"@type\":\"EntryPoint\",\"urlTemplate\":\"https:\/\/www.homewizard.com\/no\/?s={search_term_string}\"},\"query-input\":{\"@type\":\"PropertyValueSpecification\",\"valueRequired\":true,\"valueName\":\"search_term_string\"}}],\"inLanguage\":\"nb-NO\"},{\"@type\":\"Organization\",\"@id\":\"https:\/\/www.homewizard.com\/no\/#organization\",\"name\":\"HomeWizard\",\"url\":\"https:\/\/www.homewizard.com\/no\/\",\"logo\":{\"@type\":\"ImageObject\",\"inLanguage\":\"nb-NO\",\"@id\":\"https:\/\/www.homewizard.com\/no\/#\/schema\/logo\/image\/\",\"url\":\"https:\/\/www.homewizard.com\/wp-content\/uploads\/2023\/06\/HomeWizard-icon-on-black.png\",\"contentUrl\":\"https:\/\/www.homewizard.com\/wp-content\/uploads\/2023\/06\/HomeWizard-icon-on-black.png\",\"width\":500,\"height\":500,\"caption\":\"HomeWizard\"},\"image\":{\"@id\":\"https:\/\/www.homewizard.com\/no\/#\/schema\/logo\/image\/\"},\"sameAs\":[\"https:\/\/www.facebook.com\/HomeWizardBV\/\",\"https:\/\/x.com\/HomeWizard_NL\",\"https:\/\/www.youtube.com\/HomeWizardBV\",\"https:\/\/www.instagram.com\/homewizardenergy\/\"]}]}<\/script>\n<!-- \/ Yoast SEO plugin. -->","yoast_head_json":{"title":"Om oss - HomeWizard","description":"HomeWizard startet i Nederland som en leverand\u00f8r av boligautomasjon og smart kj\u00f8kkenutstyr. N\u00e5 hjelper vi folk med \u00e5 spare energi og penger.","robots":{"index":"index","follow":"follow","max-snippet":"max-snippet:-1","max-image-preview":"max-image-preview:large","max-video-preview":"max-video-preview:-1"},"canonical":"https:\/\/www.homewizard.com\/no\/om-oss\/","og_locale":"nb_NO","og_type":"article","og_title":"Om oss - HomeWizard","og_description":"HomeWizard startet i Nederland som en leverand\u00f8r av boligautomasjon og smart kj\u00f8kkenutstyr. N\u00e5 hjelper vi folk med \u00e5 spare energi og penger.","og_url":"https:\/\/www.homewizard.com\/no\/om-oss\/","og_site_name":"HomeWizard","article_publisher":"https:\/\/www.facebook.com\/HomeWizardBV\/","article_modified_time":"2024-01-29T10:00:48+00:00","og_image":[{"url":"https:\/\/www.homewizard.com\/wp-content\/uploads\/2023\/10\/about-us-green.png","type":"","width":"","height":""}],"twitter_card":"summary_large_image","twitter_site":"@HomeWizard_NL","twitter_misc":{"Ansl. lesetid":"2 minutter"},"schema":{"@context":"https:\/\/schema.org","@graph":[{"@type":"WebPage","@id":"https:\/\/www.homewizard.com\/no\/om-oss\/","url":"https:\/\/www.homewizard.com\/no\/om-oss\/","name":"Om oss - HomeWizard","isPartOf":{"@id":"https:\/\/www.homewizard.com\/no\/#website"},"primaryImageOfPage":{"@id":"https:\/\/www.homewizard.com\/no\/om-oss\/#primaryimage"},"image":{"@id":"https:\/\/www.homewizard.com\/no\/om-oss\/#primaryimage"},"thumbnailUrl":"https:\/\/www.homewizard.com\/wp-content\/uploads\/2023\/10\/about-us-green.png","datePublished":"2024-01-08T15:51:20+00:00","dateModified":"2024-01-29T10:00:48+00:00","description":"HomeWizard startet i Nederland som en leverand\u00f8r av boligautomasjon og smart kj\u00f8kkenutstyr. N\u00e5 hjelper vi folk med \u00e5 spare energi og penger.","breadcrumb":{"@id":"https:\/\/www.homewizard.com\/no\/om-oss\/#breadcrumb"},"inLanguage":"nb-NO","potentialAction":[{"@type":"ReadAction","target":["https:\/\/www.homewizard.com\/no\/om-oss\/"]}]},{"@type":"ImageObject","inLanguage":"nb-NO","@id":"https:\/\/www.homewizard.com\/no\/om-oss\/#primaryimage","url":"https:\/\/www.homewizard.com\/wp-content\/uploads\/2023\/10\/about-us-green.png","contentUrl":"https:\/\/www.homewizard.com\/wp-content\/uploads\/2023\/10\/about-us-green.png"},{"@type":"BreadcrumbList","@id":"https:\/\/www.homewizard.com\/no\/om-oss\/#breadcrumb","itemListElement":[{"@type":"ListItem","position":1,"name":"Home","item":"https:\/\/www.homewizard.com\/no\/"},{"@type":"ListItem","position":2,"name":"Om oss"}]},{"@type":"WebSite","@id":"https:\/\/www.homewizard.com\/no\/#website","url":"https:\/\/www.homewizard.com\/no\/","name":"HomeWizard","description":"HomeWizard Energy","publisher":{"@id":"https:\/\/www.homewizard.com\/no\/#organization"},"potentialAction":[{"@type":"SearchAction","target":{"@type":"EntryPoint","urlTemplate":"https:\/\/www.homewizard.com\/no\/?s={search_term_string}"},"query-input":{"@type":"PropertyValueSpecification","valueRequired":true,"valueName":"search_term_string"}}],"inLanguage":"nb-NO"},{"@type":"Organization","@id":"https:\/\/www.homewizard.com\/no\/#organization","name":"HomeWizard","url":"https:\/\/www.homewizard.com\/no\/","logo":{"@type":"ImageObject","inLanguage":"nb-NO","@id":"https:\/\/www.homewizard.com\/no\/#\/schema\/logo\/image\/","url":"https:\/\/www.homewizard.com\/wp-content\/uploads\/2023\/06\/HomeWizard-icon-on-black.png","contentUrl":"https:\/\/www.homewizard.com\/wp-content\/uploads\/2023\/06\/HomeWizard-icon-on-black.png","width":500,"height":500,"caption":"HomeWizard"},"image":{"@id":"https:\/\/www.homewizard.com\/no\/#\/schema\/logo\/image\/"},"sameAs":["https:\/\/www.facebook.com\/HomeWizardBV\/","https:\/\/x.com\/HomeWizard_NL","https:\/\/www.youtube.com\/HomeWizardBV","https:\/\/www.instagram.com\/homewizardenergy\/"]}]}},"_links":{"self":[{"href":"https:\/\/www.homewizard.com\/no\/wp-json\/wp\/v2\/pages\/543225","targetHints":{"allow":["GET"]}}],"collection":[{"href":"https:\/\/www.homewizard.com\/no\/wp-json\/wp\/v2\/pages"}],"about":[{"href":"https:\/\/www.homewizard.com\/no\/wp-json\/wp\/v2\/types\/page"}],"author":[{"embeddable":true,"href":"https:\/\/www.homewizard.com\/no\/wp-json\/wp\/v2\/users\/544392"}],"replies":[{"embeddable":true,"href":"https:\/\/www.homewizard.com\/no\/wp-json\/wp\/v2\/comments?post=543225"}],"version-history":[{"count":4,"href":"https:\/\/www.homewizard.com\/no\/wp-json\/wp\/v2\/pages\/543225\/revisions"}],"predecessor-version":[{"id":562626,"href":"https:\/\/www.homewizard.com\/no\/wp-json\/wp\/v2\/pages\/543225\/revisions\/562626"}],"wp:attachment":[{"href":"https:\/\/www.homewizard.com\/no\/wp-json\/wp\/v2\/media?parent=543225"}],"curies":[{"name":"wp","href":"https:\/\/api.w.org\/{rel}","templated":true}]}}