{"id":1840843,"date":"2025-11-24T14:58:55","date_gmt":"2025-11-24T13:58:55","guid":{"rendered":"https:\/\/www.homewizard.com\/?page_id=1840843"},"modified":"2025-12-04T16:37:17","modified_gmt":"2025-12-04T15:37:17","slug":"green-friday","status":"publish","type":"page","link":"https:\/\/www.homewizard.com\/no\/green-friday\/","title":{"rendered":"Green Friday"},"content":{"rendered":"\n<p class=\" eplus-wrapper\"><\/p>\n\n\n<div class=\"contained_page wp-block-group eplus-wrapper eplus-styles-uid-ec1651\"><div class=\"wp-block-group__inner-container is-layout-constrained wp-block-group-is-layout-constrained\">\n<style>\n.green-friday-gradient {\n  font-family: 'Poppins', sans-serif;\n  font-weight: 600;\n  font-size: 56px;\n  line-height: 1.1;\n  margin: 0;\n\n  background: linear-gradient(135deg, #20F29B 0%, #02DACE 100%);\n  -webkit-background-clip: text;\n  -webkit-text-fill-color: transparent;\n  background-clip: text;\n  color: transparent;\n}\n<\/style>\n\n<h1 class=\"green-friday-gradient\">Green Friday.<\/h1>\n\n\n<div class=\"flex-column wp-block-columns eplus-wrapper is-layout-flex wp-container-core-columns-is-layout-9d6595d7 wp-block-columns-is-layout-flex eplus-styles-uid-36bca4\">\n<div class=\"wp-block-column is-vertically-aligned-top eplus-wrapper is-layout-flow wp-block-column-is-layout-flow\" style=\"flex-basis:66.66%\">\n<p class=\" eplus-wrapper\">Kampanjen er over, men smart energibruk varer hele \u00e5ret. Oppdag v\u00e5re brukervennlige og rimelige produkter, og f\u00e5 mer ut av energien din.<\/p>\n\n\n\n<h3 class=\" wp-block-heading eplus-wrapper\">Spar smart og b\u00e6rekraftig.<\/h3>\n\n\n\n<p class=\" eplus-wrapper\">Hos HomeWizard handler det ikke om store rabatter, men om smarte, b\u00e6rekraftige valg som virkelig gj\u00f8r en forskjell. Vi mener at energisparing skal v\u00e6re enkelt og tilgjengelig for alle. Derfor har vi Green Friday i stedet for Black Friday. Bla ned for \u00e5 oppdage hvordan du kan spare energi p\u00e5 en gr\u00f8nnere m\u00e5te.<\/p>\n<\/div>\n\n\n<div class=\"wp-block-column is-vertically-aligned-center eplus-wrapper is-layout-flow wp-block-column-is-layout-flow eplus-styles-uid-9462ad\" style=\"flex-basis:33.33%\"><div class=\"wp-block-image \">\n<figure class=\"aligncenter size-full is-resized eplus-wrapper\"><img loading=\"lazy\" decoding=\"async\" width=\"800\" height=\"548\" src=\"https:\/\/cdn.homewizard.com\/wp-content\/uploads\/2025\/11\/Green-Friday-icon.webp\" alt=\"\" class=\"wp-image-1839417\" style=\"width:283px;height:auto\" srcset=\"https:\/\/www.homewizard.com\/wp-content\/uploads\/2025\/11\/Green-Friday-icon.webp 800w, https:\/\/www.homewizard.com\/wp-content\/uploads\/2025\/11\/Green-Friday-icon-300x206.webp 300w, https:\/\/www.homewizard.com\/wp-content\/uploads\/2025\/11\/Green-Friday-icon-768x526.webp 768w\" sizes=\"auto, (max-width: 800px) 100vw, 800px\" \/><\/figure>\n<\/div><\/div><\/div>\n\n<div class=\"flex-column wp-block-columns eplus-wrapper is-layout-flex wp-container-core-columns-is-layout-9d6595d7 wp-block-columns-is-layout-flex eplus-styles-uid-c4d70f\"><div class=\"wp-block-column is-vertically-aligned-center eplus-wrapper is-layout-flow wp-block-column-is-layout-flow eplus-styles-uid-9462ad\" style=\"flex-basis:50%\"><div class=\"wp-block-image \">\n<figure class=\"aligncenter size-full eplus-wrapper\"><img loading=\"lazy\" decoding=\"async\" width=\"800\" height=\"548\" src=\"https:\/\/cdn.homewizard.com\/wp-content\/uploads\/2025\/11\/Green-Friday-product-family-no-gass.webp\" alt=\"\" class=\"wp-image-1843075\" srcset=\"https:\/\/www.homewizard.com\/wp-content\/uploads\/2025\/11\/Green-Friday-product-family-no-gass.webp 800w, https:\/\/www.homewizard.com\/wp-content\/uploads\/2025\/11\/Green-Friday-product-family-no-gass-300x206.webp 300w, https:\/\/www.homewizard.com\/wp-content\/uploads\/2025\/11\/Green-Friday-product-family-no-gass-768x526.webp 768w\" sizes=\"auto, (max-width: 800px) 100vw, 800px\" \/><\/figure>\n<\/div><\/div>\n\n\n<div class=\"wp-block-column is-vertically-aligned-top eplus-wrapper is-layout-flow wp-block-column-is-layout-flow\" style=\"flex-basis:50%\">\n<h2 class=\" wp-block-heading eplus-wrapper\"><strong><strong>Gratis frakt<\/strong><\/strong>.<\/h2>\n\n\n\n<p class=\" eplus-wrapper\">Vi gj\u00f8r det enklere \u00e5 spare energi denne Green Friday. F\u00e5 gratis frakt i nettbutikken v\u00e5r frem til mandag 1. desember. Oppdag skjulte str\u00f8msluk med <a href=\"https:\/\/www.homewizard.com\/no\/energy-socket\/\">Energy Socket<\/a> eller f\u00e5 en <a href=\"https:\/\/www.homewizard.com\/no\/energy-display\/\">Energy Display<\/a> or \u00e5 se hva som skjer hjemme uten \u00e5 ta opp telefonen.<\/p>\n\n\n<div class=\"wp-block-buttons eplus-wrapper is-layout-flex wp-block-buttons-is-layout-flex eplus-styles-uid-2da7fd\"><div class=\"button_outline is-style-fill wp-block-button eplus-wrapper eplus-styles-uid-a85696\"><a class=\"wp-block-button__link wp-element-button\" href=\"https:\/\/www.homewizard.com\/no\/butikk\/\" style=\"border-radius:10px\">Handle Green Friday<\/a><\/div><\/div><\/div>\n<\/div>\n\n<div class=\"flex-column-reverse wp-block-columns eplus-wrapper is-layout-flex wp-container-core-columns-is-layout-9d6595d7 wp-block-columns-is-layout-flex eplus-styles-uid-ba5137\">\n<div class=\"wp-block-column eplus-wrapper is-layout-flow wp-block-column-is-layout-flow\" style=\"flex-basis:50%\">\n<h2 class=\" wp-block-heading eplus-wrapper\"><strong>Etterlat deg noe gr\u00f8nt<\/strong>.<\/h2>\n\n\n\n<p class=\" eplus-wrapper\">Denne Green Friday gir vi noe tilbake til naturen. For hvert kj\u00f8p donerer vi til <em>Trees for All <\/em>for \u00e5 st\u00f8tte gjenplanting av regnskog i Borneo. Slik gj\u00f8r du b\u00e5de hjemmet ditt og verden litt gr\u00f8nnere.<\/p>\n\n\n<div class=\"wp-block-buttons eplus-wrapper is-layout-flex wp-block-buttons-is-layout-flex eplus-styles-uid-2da7fd\"><div class=\"button_outline is-style-fill wp-block-button eplus-wrapper eplus-styles-uid-8cf856\"><a class=\"wp-block-button__link wp-element-button\" href=\"https:\/\/www.homewizard.com\/no\/butikk\/\" style=\"border-radius:10px\">Handle n\u00e5<\/a><\/div><\/div><\/div>\n\n\n<div class=\"wp-block-column is-vertically-aligned-center eplus-wrapper is-layout-flow wp-block-column-is-layout-flow eplus-styles-uid-9462ad\" style=\"flex-basis:50%\"><div class=\"wp-block-image \">\n<figure class=\"aligncenter size-full eplus-wrapper\"><img loading=\"lazy\" decoding=\"async\" width=\"800\" height=\"548\" src=\"https:\/\/cdn.homewizard.com\/wp-content\/uploads\/2025\/11\/Green-Friday-Trees-in-Borneo-1.webp\" alt=\"\" class=\"wp-image-1838174\" srcset=\"https:\/\/www.homewizard.com\/wp-content\/uploads\/2025\/11\/Green-Friday-Trees-in-Borneo-1.webp 800w, https:\/\/www.homewizard.com\/wp-content\/uploads\/2025\/11\/Green-Friday-Trees-in-Borneo-1-300x206.webp 300w, https:\/\/www.homewizard.com\/wp-content\/uploads\/2025\/11\/Green-Friday-Trees-in-Borneo-1-768x526.webp 768w\" sizes=\"auto, (max-width: 800px) 100vw, 800px\" \/><\/figure>\n<\/div><\/div><\/div>\n\n<div class=\"wp-block-group eplus-wrapper eplus-styles-uid-5dfa20\"><div class=\"wp-block-group__inner-container is-layout-flow wp-block-group-is-layout-flow\">\n<h2 class=\" wp-block-heading eplus-wrapper\">Ofte stilte sp\u00f8rsm\u00e5l.<\/h2>\n\n\n\n<h3 class=\" wp-block-heading eplus-wrapper\"><strong><strong>Hvor lenge varer Green Friday-kampanjen?<\/strong><\/strong><\/h3>\n\n\n\n<p class=\" eplus-wrapper\">Green Friday hos HomeWizard <strong>varer til mandag 1. desember 2025<\/strong> (Cyber Monday). Fra tirsdag 2. desember gjelder gratis frakt kun for bestillinger over 850 kr, som vanlig.<\/p>\n\n\n\n<h3 class=\" wp-block-heading eplus-wrapper\"><strong><strong><strong>Hva er leveringstiden?<\/strong><\/strong><\/strong><\/h3>\n\n\n\n<p class=\" eplus-wrapper\">Vi begynner \u00e5 behandle bestillingen din med en gang. De fleste pakker sendes samme dag. P\u00e5 grunn av Black Friday-ettersp\u00f8rsel kan transport\u00f8ren bruke litt lengre tid. Du f\u00e5r en sporingslenke n\u00e5r pakken er sendt. Leveringstiden er 1\u20133 dager i Nederland og Belgia, og 2\u20137 virkedager i andre EU-land. Forsendelser utenfor EU kan ta noen ekstra dager avhengig av tollbehandling.<br><\/p>\n\n\n\n<h3 class=\" wp-block-heading eplus-wrapper\"><strong>Hvorfor ikke bare Black Friday?<\/strong><\/h3>\n\n\n\n<p class=\" eplus-wrapper\">Hos HomeWizard handler det ikke om \u00e5 kj\u00f8pe mer, men om \u00e5 bruke energien smartere. Derfor velger vi Green Friday \u2013 et \u00f8yeblikk for \u00e5 gj\u00f8re b\u00e6rekraftige valg mer tilgjengelige. Vi satser ikke p\u00e5 \u00abmer, mer, mer\u00bb, men p\u00e5 mindre sl\u00f8sing og mer kontroll over energien din.<\/p>\n\n\n\n<h3 class=\" wp-block-heading eplus-wrapper\"><strong><strong><strong>Hva inneb\u00e6rer samarbeidet med Trees for All?<\/strong><\/strong><\/strong><\/h3>\n\n\n\n<p class=\" eplus-wrapper\">For hvert kj\u00f8p under Green Friday donerer vi til <a href=\"https:\/\/treesforall.nl\/en\/\" target=\"_blank\" rel=\"noreferrer noopener\">Trees for All<\/a> for \u00e5 st\u00f8tte gjenplantingsprosjekter i Borneo. Dette betyr at kj\u00f8pet ditt bidrar direkte til en gr\u00f8nnere verden. Etter kampanjen donerer vi opptil 500 tr\u00e6r.<\/p>\n<\/div><\/div><\/div><\/div>\n\n\n<p class=\" eplus-wrapper\"><\/p>\n","protected":false},"excerpt":{"rendered":"<p>Green Friday. Kampanjen er over, men smart energibruk varer hele \u00e5ret. Oppdag v\u00e5re brukervennlige og rimelige produkter, og f\u00e5 mer ut av energien din. Spar smart og b\u00e6rekraftig. Hos HomeWizard handler det ikke om store rabatter, men om smarte, b\u00e6rekraftige valg som virkelig gj\u00f8r en forskjell. Vi mener at energisparing skal v\u00e6re enkelt og tilgjengelig&hellip;<\/p>\n","protected":false},"author":702268,"featured_media":0,"parent":0,"menu_order":0,"comment_status":"closed","ping_status":"closed","template":"","meta":{"_acf_changed":false,"editor_plus_copied_stylings":"{}","footnotes":""},"class_list":["post-1840843","page","type-page","status-publish","hentry"],"acf":[],"yoast_head":"<!-- This site is optimized with the Yoast SEO plugin v27.0 - https:\/\/yoast.com\/product\/yoast-seo-wordpress\/ -->\n<title>Green Friday 2025 hos HomeWizard<\/title>\n<meta name=\"description\" content=\"Velg Green Friday i stedet for Black Friday hos HomeWizard. F\u00e5 gratis frakt p\u00e5 alle produkter og bidra til \u00e5 gjenopprette tropisk regnskog med hvert kj\u00f8p.\" \/>\n<meta name=\"robots\" content=\"index, follow, max-snippet:-1, max-image-preview:large, max-video-preview:-1\" \/>\n<link rel=\"canonical\" href=\"https:\/\/www.homewizard.com\/no\/green-friday\/\" \/>\n<meta property=\"og:locale\" content=\"nb_NO\" \/>\n<meta property=\"og:type\" content=\"article\" \/>\n<meta property=\"og:title\" content=\"Green Friday 2025 hos HomeWizard\" \/>\n<meta property=\"og:description\" content=\"Velg Green Friday i stedet for Black Friday hos HomeWizard. F\u00e5 gratis frakt p\u00e5 alle produkter og bidra til \u00e5 gjenopprette tropisk regnskog med hvert kj\u00f8p.\" \/>\n<meta property=\"og:url\" content=\"https:\/\/www.homewizard.com\/no\/green-friday\/\" \/>\n<meta property=\"og:site_name\" content=\"HomeWizard\" \/>\n<meta property=\"article:publisher\" content=\"https:\/\/www.facebook.com\/HomeWizardBV\/\" \/>\n<meta property=\"article:modified_time\" content=\"2025-12-04T15:37:17+00:00\" \/>\n<meta property=\"og:image\" content=\"https:\/\/www.homewizard.com\/wp-content\/uploads\/2025\/11\/Green-Friday-icon.webp\" \/>\n\t<meta property=\"og:image:width\" content=\"800\" \/>\n\t<meta property=\"og:image:height\" content=\"548\" \/>\n\t<meta property=\"og:image:type\" content=\"image\/webp\" \/>\n<meta name=\"twitter:card\" content=\"summary_large_image\" \/>\n<meta name=\"twitter:site\" content=\"@HomeWizard_NL\" \/>\n<meta name=\"twitter:label1\" content=\"Ansl. lesetid\" \/>\n\t<meta name=\"twitter:data1\" content=\"3 minutter\" \/>\n<script type=\"application\/ld+json\" class=\"yoast-schema-graph\">{\"@context\":\"https:\/\/schema.org\",\"@graph\":[{\"@type\":\"WebPage\",\"@id\":\"https:\/\/www.homewizard.com\/no\/green-friday\/\",\"url\":\"https:\/\/www.homewizard.com\/no\/green-friday\/\",\"name\":\"Green Friday 2025 hos HomeWizard\",\"isPartOf\":{\"@id\":\"https:\/\/www.homewizard.com\/no\/#website\"},\"primaryImageOfPage\":{\"@id\":\"https:\/\/www.homewizard.com\/no\/green-friday\/#primaryimage\"},\"image\":{\"@id\":\"https:\/\/www.homewizard.com\/no\/green-friday\/#primaryimage\"},\"thumbnailUrl\":\"https:\/\/cdn.homewizard.com\/wp-content\/uploads\/2025\/11\/Green-Friday-icon.webp\",\"datePublished\":\"2025-11-24T13:58:55+00:00\",\"dateModified\":\"2025-12-04T15:37:17+00:00\",\"description\":\"Velg Green Friday i stedet for Black Friday hos HomeWizard. F\u00e5 gratis frakt p\u00e5 alle produkter og bidra til \u00e5 gjenopprette tropisk regnskog med hvert kj\u00f8p.\",\"breadcrumb\":{\"@id\":\"https:\/\/www.homewizard.com\/no\/green-friday\/#breadcrumb\"},\"inLanguage\":\"nb-NO\",\"potentialAction\":[{\"@type\":\"ReadAction\",\"target\":[\"https:\/\/www.homewizard.com\/no\/green-friday\/\"]}]},{\"@type\":\"ImageObject\",\"inLanguage\":\"nb-NO\",\"@id\":\"https:\/\/www.homewizard.com\/no\/green-friday\/#primaryimage\",\"url\":\"https:\/\/cdn.homewizard.com\/wp-content\/uploads\/2025\/11\/Green-Friday-icon.webp\",\"contentUrl\":\"https:\/\/cdn.homewizard.com\/wp-content\/uploads\/2025\/11\/Green-Friday-icon.webp\"},{\"@type\":\"BreadcrumbList\",\"@id\":\"https:\/\/www.homewizard.com\/no\/green-friday\/#breadcrumb\",\"itemListElement\":[{\"@type\":\"ListItem\",\"position\":1,\"name\":\"Home\",\"item\":\"https:\/\/www.homewizard.com\/no\/\"},{\"@type\":\"ListItem\",\"position\":2,\"name\":\"Green Friday\"}]},{\"@type\":\"WebSite\",\"@id\":\"https:\/\/www.homewizard.com\/no\/#website\",\"url\":\"https:\/\/www.homewizard.com\/no\/\",\"name\":\"HomeWizard\",\"description\":\"HomeWizard Energy\",\"publisher\":{\"@id\":\"https:\/\/www.homewizard.com\/no\/#organization\"},\"potentialAction\":[{\"@type\":\"SearchAction\",\"target\":{\"@type\":\"EntryPoint\",\"urlTemplate\":\"https:\/\/www.homewizard.com\/no\/?s={search_term_string}\"},\"query-input\":{\"@type\":\"PropertyValueSpecification\",\"valueRequired\":true,\"valueName\":\"search_term_string\"}}],\"inLanguage\":\"nb-NO\"},{\"@type\":\"Organization\",\"@id\":\"https:\/\/www.homewizard.com\/no\/#organization\",\"name\":\"HomeWizard\",\"url\":\"https:\/\/www.homewizard.com\/no\/\",\"logo\":{\"@type\":\"ImageObject\",\"inLanguage\":\"nb-NO\",\"@id\":\"https:\/\/www.homewizard.com\/no\/#\/schema\/logo\/image\/\",\"url\":\"https:\/\/www.homewizard.com\/wp-content\/uploads\/2023\/06\/HomeWizard-icon-on-black.png\",\"contentUrl\":\"https:\/\/www.homewizard.com\/wp-content\/uploads\/2023\/06\/HomeWizard-icon-on-black.png\",\"width\":500,\"height\":500,\"caption\":\"HomeWizard\"},\"image\":{\"@id\":\"https:\/\/www.homewizard.com\/no\/#\/schema\/logo\/image\/\"},\"sameAs\":[\"https:\/\/www.facebook.com\/HomeWizardBV\/\",\"https:\/\/x.com\/HomeWizard_NL\",\"https:\/\/www.youtube.com\/HomeWizardBV\",\"https:\/\/www.instagram.com\/homewizardenergy\/\"]}]}<\/script>\n<!-- \/ Yoast SEO plugin. -->","yoast_head_json":{"title":"Green Friday 2025 hos HomeWizard","description":"Velg Green Friday i stedet for Black Friday hos HomeWizard. F\u00e5 gratis frakt p\u00e5 alle produkter og bidra til \u00e5 gjenopprette tropisk regnskog med hvert kj\u00f8p.","robots":{"index":"index","follow":"follow","max-snippet":"max-snippet:-1","max-image-preview":"max-image-preview:large","max-video-preview":"max-video-preview:-1"},"canonical":"https:\/\/www.homewizard.com\/no\/green-friday\/","og_locale":"nb_NO","og_type":"article","og_title":"Green Friday 2025 hos HomeWizard","og_description":"Velg Green Friday i stedet for Black Friday hos HomeWizard. F\u00e5 gratis frakt p\u00e5 alle produkter og bidra til \u00e5 gjenopprette tropisk regnskog med hvert kj\u00f8p.","og_url":"https:\/\/www.homewizard.com\/no\/green-friday\/","og_site_name":"HomeWizard","article_publisher":"https:\/\/www.facebook.com\/HomeWizardBV\/","article_modified_time":"2025-12-04T15:37:17+00:00","og_image":[{"width":800,"height":548,"url":"https:\/\/www.homewizard.com\/wp-content\/uploads\/2025\/11\/Green-Friday-icon.webp","type":"image\/webp"}],"twitter_card":"summary_large_image","twitter_site":"@HomeWizard_NL","twitter_misc":{"Ansl. lesetid":"3 minutter"},"schema":{"@context":"https:\/\/schema.org","@graph":[{"@type":"WebPage","@id":"https:\/\/www.homewizard.com\/no\/green-friday\/","url":"https:\/\/www.homewizard.com\/no\/green-friday\/","name":"Green Friday 2025 hos HomeWizard","isPartOf":{"@id":"https:\/\/www.homewizard.com\/no\/#website"},"primaryImageOfPage":{"@id":"https:\/\/www.homewizard.com\/no\/green-friday\/#primaryimage"},"image":{"@id":"https:\/\/www.homewizard.com\/no\/green-friday\/#primaryimage"},"thumbnailUrl":"https:\/\/cdn.homewizard.com\/wp-content\/uploads\/2025\/11\/Green-Friday-icon.webp","datePublished":"2025-11-24T13:58:55+00:00","dateModified":"2025-12-04T15:37:17+00:00","description":"Velg Green Friday i stedet for Black Friday hos HomeWizard. F\u00e5 gratis frakt p\u00e5 alle produkter og bidra til \u00e5 gjenopprette tropisk regnskog med hvert kj\u00f8p.","breadcrumb":{"@id":"https:\/\/www.homewizard.com\/no\/green-friday\/#breadcrumb"},"inLanguage":"nb-NO","potentialAction":[{"@type":"ReadAction","target":["https:\/\/www.homewizard.com\/no\/green-friday\/"]}]},{"@type":"ImageObject","inLanguage":"nb-NO","@id":"https:\/\/www.homewizard.com\/no\/green-friday\/#primaryimage","url":"https:\/\/cdn.homewizard.com\/wp-content\/uploads\/2025\/11\/Green-Friday-icon.webp","contentUrl":"https:\/\/cdn.homewizard.com\/wp-content\/uploads\/2025\/11\/Green-Friday-icon.webp"},{"@type":"BreadcrumbList","@id":"https:\/\/www.homewizard.com\/no\/green-friday\/#breadcrumb","itemListElement":[{"@type":"ListItem","position":1,"name":"Home","item":"https:\/\/www.homewizard.com\/no\/"},{"@type":"ListItem","position":2,"name":"Green Friday"}]},{"@type":"WebSite","@id":"https:\/\/www.homewizard.com\/no\/#website","url":"https:\/\/www.homewizard.com\/no\/","name":"HomeWizard","description":"HomeWizard Energy","publisher":{"@id":"https:\/\/www.homewizard.com\/no\/#organization"},"potentialAction":[{"@type":"SearchAction","target":{"@type":"EntryPoint","urlTemplate":"https:\/\/www.homewizard.com\/no\/?s={search_term_string}"},"query-input":{"@type":"PropertyValueSpecification","valueRequired":true,"valueName":"search_term_string"}}],"inLanguage":"nb-NO"},{"@type":"Organization","@id":"https:\/\/www.homewizard.com\/no\/#organization","name":"HomeWizard","url":"https:\/\/www.homewizard.com\/no\/","logo":{"@type":"ImageObject","inLanguage":"nb-NO","@id":"https:\/\/www.homewizard.com\/no\/#\/schema\/logo\/image\/","url":"https:\/\/www.homewizard.com\/wp-content\/uploads\/2023\/06\/HomeWizard-icon-on-black.png","contentUrl":"https:\/\/www.homewizard.com\/wp-content\/uploads\/2023\/06\/HomeWizard-icon-on-black.png","width":500,"height":500,"caption":"HomeWizard"},"image":{"@id":"https:\/\/www.homewizard.com\/no\/#\/schema\/logo\/image\/"},"sameAs":["https:\/\/www.facebook.com\/HomeWizardBV\/","https:\/\/x.com\/HomeWizard_NL","https:\/\/www.youtube.com\/HomeWizardBV","https:\/\/www.instagram.com\/homewizardenergy\/"]}]}},"_links":{"self":[{"href":"https:\/\/www.homewizard.com\/no\/wp-json\/wp\/v2\/pages\/1840843","targetHints":{"allow":["GET"]}}],"collection":[{"href":"https:\/\/www.homewizard.com\/no\/wp-json\/wp\/v2\/pages"}],"about":[{"href":"https:\/\/www.homewizard.com\/no\/wp-json\/wp\/v2\/types\/page"}],"author":[{"embeddable":true,"href":"https:\/\/www.homewizard.com\/no\/wp-json\/wp\/v2\/users\/702268"}],"replies":[{"embeddable":true,"href":"https:\/\/www.homewizard.com\/no\/wp-json\/wp\/v2\/comments?post=1840843"}],"version-history":[{"count":9,"href":"https:\/\/www.homewizard.com\/no\/wp-json\/wp\/v2\/pages\/1840843\/revisions"}],"predecessor-version":[{"id":1907122,"href":"https:\/\/www.homewizard.com\/no\/wp-json\/wp\/v2\/pages\/1840843\/revisions\/1907122"}],"wp:attachment":[{"href":"https:\/\/www.homewizard.com\/no\/wp-json\/wp\/v2\/media?parent=1840843"}],"curies":[{"name":"wp","href":"https:\/\/api.w.org\/{rel}","templated":true}]}}