{"id":426124,"date":"2023-08-21T10:27:37","date_gmt":"2023-08-21T08:27:37","guid":{"rendered":"https:\/\/www.homewizard.com\/shop\/energy-display\/"},"modified":"2026-04-20T22:24:53","modified_gmt":"2026-04-20T20:24:53","slug":"energy-display","status":"publish","type":"product","link":"https:\/\/www.homewizard.com\/hu\/shop\/energy-display\/","title":{"rendered":"Energy Display"},"content":{"rendered":"\n<h2 class=\" wp-block-heading eplus-wrapper\">Inform\u00e1ci\u00f3k a l\u00e1that\u00e1ron<\/h2>\n\n\n\n<p class=\" eplus-wrapper\">Az Energy Display seg\u00edts\u00e9g\u00e9vel mindig szem el\u0151tt van az energiafogyaszt\u00e1s, a napenergia-termel\u00e9s \u00e9s az energiak\u00f6lts\u00e9gek, \u00edgy mindig nyomon k\u00f6vetheti otthona energiafogyaszt\u00e1s\u00e1t. Helyezze el az Energy Display-t a nappaliban, a konyh\u00e1ban vagy egy olyan helyen, ahol gyakran j\u00e1r el, p\u00e9ld\u00e1ul a folyos\u00f3n. A felesleges energiafelhaszn\u00e1l\u00e1s elker\u00fcl\u00e9se \u00e9rdek\u00e9ben a Display kikapcsol, ha egy ideig nem \u00e9rz\u00e9kel mozg\u00e1st.<\/p>\n\n\n\n<h2 class=\" wp-block-heading eplus-wrapper\">\u00c9rje el energiafogyaszt\u00e1si c\u00e9ljait<\/h2>\n\n\n\n<p class=\" eplus-wrapper\">A <a href=\"https:\/\/helpdesk.homewizard.com\/collections\/3319573\">HomeWizard alkalmaz\u00e1son<\/a> kereszt\u00fcl tetsz\u00e9s szerint konfigur\u00e1lhatja az Energy Display.t. Rendeljen hozz\u00e1 a h\u00e1rom k\u00f6r egyik\u00e9hez egy fogyaszt\u00e1si c\u00e9lt. Min\u00e9l teljesebb a k\u00f6r, ann\u00e1l k\u00f6zelebb van a c\u00e9lja t\u00falteljes\u00edt\u00e9s\u00e9hez. A k\u00e9perny\u0151 jobb oldal\u00e1n megjelen\u00edthet\u0151 a g\u00e1z, a v\u00edz, az \u00e1ram, a teljes k\u00f6lts\u00e9g \u00e9s\/vagy a h\u0151m\u00e9rs\u00e9klet. V\u00e1lassza ki a fogyaszt\u00e1s vagy a k\u00f6lts\u00e9gek \u00e1ttekint\u00e9s\u00e9t, \u00e9s k\u00f6vesse \u00e9l\u0151ben vagy napi szinten.<\/p>\n\n\n\n<p class=\" eplus-wrapper\">A Display haszn\u00e1lat\u00e1hoz nincs sz\u00fcks\u00e9g <a href=\"https:\/\/www.homewizard.com\/hu\/energy-plus\/\">Energy+ el\u0151fizet\u00e9sre<\/a>, de az Energy+ el\u0151fizet\u00e9ssel olyan extra funkci\u00f3kat kap, mint p\u00e9ld\u00e1ul a brutt\u00f3 \u00e1ramfogyaszt\u00e1s \u00e9s a napenergia-fogyaszt\u00e1s megjelen\u00edt\u00e9se.<\/p>\n\n\n\n<div class=\" wp-block-media-text has-media-on-the-right is-stacked-on-mobile eplus-wrapper\" style=\"grid-template-columns:auto 49%\"><div class=\"wp-block-media-text__content\">\n<h2 class=\" wp-block-heading eplus-wrapper\">\u00c9vente t\u00f6bb mint 67 470 Ft takar\u00edthat meg<\/h2>\n\n\n\n<p class=\" eplus-wrapper\">Ha Energy Display-t helyez el otthon\u00e1ban, \u00e1tlagosan 6,9%-ot takar\u00edthat meg a g\u00e1zon \u00e9s 2,2%-ot az \u00e1ramon. Egy \u00e1tlagos h\u00e1ztart\u00e1s \u00e9vente t\u00f6bb mint 67 470 Ft takar\u00edt meg az energiak\u00f6lts\u00e9geken.* Ez azt jelenti, hogy az Energy Display pillanatok alatt megt\u00e9r\u00fcl. A megtakar\u00edt\u00e1s az energiak\u00f6lts\u00e9geken m\u00e9g sosem volt ilyen egyszer\u0171.<\/p>\n\n\n<p class=\" eplus-wrapper eplus-styles-uid-e7c803\">*A hollandiai \u00e1tlagos h\u00e1ztart\u00e1si fogyaszt\u00e1sok \u00e9s energia\u00e1rak alapj\u00e1n: 1500 m\u00b3 g\u00e1z (569 Ft) \u00e9s 2500 kWh \u00e1ram (157 Ft).<\/p><\/div><figure class=\"wp-block-media-text__media\"><img loading=\"lazy\" decoding=\"async\" width=\"1024\" height=\"763\" src=\"https:\/\/www.homewizard.com\/wp-content\/uploads\/2023\/08\/image-2-1024x763.png\" alt=\"\" class=\"wp-image-408990 size-full\" srcset=\"https:\/\/www.homewizard.com\/wp-content\/uploads\/2023\/08\/image-2-1024x763.png 1024w, https:\/\/www.homewizard.com\/wp-content\/uploads\/2023\/08\/image-2-800x596.png 800w, https:\/\/www.homewizard.com\/wp-content\/uploads\/2023\/08\/image-2-300x223.png 300w, https:\/\/www.homewizard.com\/wp-content\/uploads\/2023\/08\/image-2-768x572.png 768w\" sizes=\"auto, (max-width: 1024px) 100vw, 1024px\" \/><\/figure><\/div>\n\n\n\n<h2 class=\" wp-block-heading eplus-wrapper\">Mi van a dobozban<\/h2>\n\n\n<ul class=\" wp-block-list eplus-wrapper eplus-styles-uid-f8832f\">\n<li class=\" eplus-wrapper\">HomeWizard Energy Display<\/li>\n\n\n\n<li class=\" eplus-wrapper\">T\u00e1pegys\u00e9g<\/li>\n\n\n\n<li class=\" eplus-wrapper\">1,5 m-es USB-C k\u00e1bel<\/li>\n\n\n\n<li class=\" eplus-wrapper\">Gyors \u00fatmutat\u00f3<\/li>\n<\/ul>\n\n\n<h2 class=\" wp-block-heading eplus-wrapper\">K\u00f6vetelm\u00e9nyek<\/h2>\n\n\n\n<p class=\" eplus-wrapper\">An iOS 13, Android 8 or newer operating system<br>A secure Wi-Fi network with an internet connection<\/p>\n","protected":false},"excerpt":{"rendered":"<p>\u00c1ll\u00edtson be energiac\u00e9lokat, hozzon l\u00e9tre saj\u00e1t ir\u00e1ny\u00edt\u00f3pultot, \u00e9s takar\u00edtson meg p\u00e9nzt.<\/p>\n","protected":false},"featured_media":1012137,"template":"","meta":{"_acf_changed":false,"editor_plus_copied_stylings":"{}"},"product_brand":[],"product_cat":[186,187],"product_tag":[],"class_list":{"0":"post-426124","1":"product","2":"type-product","3":"status-publish","4":"has-post-thumbnail","6":"product_cat-minden","7":"product_cat-termekek","9":"first","10":"instock","11":"taxable","12":"shipping-taxable","13":"purchasable","14":"product-type-simple"},"acf":[],"yoast_head":"<!-- This site is optimized with the Yoast SEO plugin v27.0 - https:\/\/yoast.com\/product\/yoast-seo-wordpress\/ -->\n<title>Rendelje meg az Energy Display-t itt \u2013 HomeWizard<\/title>\n<meta name=\"description\" content=\"Vegye k\u00e9zbe az ir\u00e1ny\u00edt\u00e1st az energiafogyaszt\u00e1sa felett a HomeWizard Energy Display k\u00e9sz\u00fcl\u00e9k\u00e9vel. Hozzon l\u00e9tre saj\u00e1t ir\u00e1ny\u00edt\u00f3pultot, \u00e9rje el c\u00e9ljait, \u00e9s takar\u00edtson meg energiak\u00f6lts\u00e9geket.\" \/>\n<meta name=\"robots\" content=\"index, follow, max-snippet:-1, max-image-preview:large, max-video-preview:-1\" \/>\n<link rel=\"canonical\" href=\"https:\/\/www.homewizard.com\/hu\/shop\/energy-display\/\" \/>\n<meta property=\"og:locale\" content=\"hu_HU\" \/>\n<meta property=\"og:type\" content=\"article\" \/>\n<meta property=\"og:title\" content=\"Rendelje meg az Energy Display-t itt \u2013 HomeWizard\" \/>\n<meta property=\"og:description\" content=\"Vegye k\u00e9zbe az ir\u00e1ny\u00edt\u00e1st az energiafogyaszt\u00e1sa felett a HomeWizard Energy Display k\u00e9sz\u00fcl\u00e9k\u00e9vel. Hozzon l\u00e9tre saj\u00e1t ir\u00e1ny\u00edt\u00f3pultot, \u00e9rje el c\u00e9ljait, \u00e9s takar\u00edtson meg energiak\u00f6lts\u00e9geket.\" \/>\n<meta property=\"og:url\" content=\"https:\/\/www.homewizard.com\/hu\/shop\/energy-display\/\" \/>\n<meta property=\"og:site_name\" content=\"HomeWizard\" \/>\n<meta property=\"article:publisher\" content=\"https:\/\/www.facebook.com\/HomeWizardBV\/\" \/>\n<meta property=\"article:modified_time\" content=\"2026-04-20T20:24:53+00:00\" \/>\n<meta property=\"og:image\" content=\"https:\/\/www.homewizard.com\/wp-content\/uploads\/2023\/08\/Energy-Display-front-view.png\" \/>\n\t<meta property=\"og:image:width\" content=\"1900\" \/>\n\t<meta property=\"og:image:height\" content=\"1900\" \/>\n\t<meta property=\"og:image:type\" content=\"image\/png\" \/>\n<meta name=\"twitter:card\" content=\"summary_large_image\" \/>\n<meta name=\"twitter:site\" content=\"@HomeWizard_NL\" \/>\n<meta name=\"twitter:label1\" content=\"Becs\u00fclt olvas\u00e1si id\u0151\" \/>\n\t<meta name=\"twitter:data1\" content=\"2 perc\" \/>\n<script type=\"application\/ld+json\" class=\"yoast-schema-graph\">{\"@context\":\"https:\/\/schema.org\",\"@graph\":[{\"@type\":\"WebPage\",\"@id\":\"https:\/\/www.homewizard.com\/hu\/shop\/energy-display\/\",\"url\":\"https:\/\/www.homewizard.com\/hu\/shop\/energy-display\/\",\"name\":\"Rendelje meg az Energy Display-t itt \u2013 HomeWizard\",\"isPartOf\":{\"@id\":\"https:\/\/www.homewizard.com\/hu\/#website\"},\"primaryImageOfPage\":{\"@id\":\"https:\/\/www.homewizard.com\/hu\/shop\/energy-display\/#primaryimage\"},\"image\":{\"@id\":\"https:\/\/www.homewizard.com\/hu\/shop\/energy-display\/#primaryimage\"},\"thumbnailUrl\":\"https:\/\/www.homewizard.com\/wp-content\/uploads\/2023\/08\/Energy-Display-front-view.png\",\"datePublished\":\"2023-08-21T08:27:37+00:00\",\"dateModified\":\"2026-04-20T20:24:53+00:00\",\"description\":\"Vegye k\u00e9zbe az ir\u00e1ny\u00edt\u00e1st az energiafogyaszt\u00e1sa felett a HomeWizard Energy Display k\u00e9sz\u00fcl\u00e9k\u00e9vel. Hozzon l\u00e9tre saj\u00e1t ir\u00e1ny\u00edt\u00f3pultot, \u00e9rje el c\u00e9ljait, \u00e9s takar\u00edtson meg energiak\u00f6lts\u00e9geket.\",\"breadcrumb\":{\"@id\":\"https:\/\/www.homewizard.com\/hu\/shop\/energy-display\/#breadcrumb\"},\"inLanguage\":\"hu\",\"potentialAction\":[{\"@type\":\"ReadAction\",\"target\":[\"https:\/\/www.homewizard.com\/hu\/shop\/energy-display\/\"]}]},{\"@type\":\"ImageObject\",\"inLanguage\":\"hu\",\"@id\":\"https:\/\/www.homewizard.com\/hu\/shop\/energy-display\/#primaryimage\",\"url\":\"https:\/\/www.homewizard.com\/wp-content\/uploads\/2023\/08\/Energy-Display-front-view.png\",\"contentUrl\":\"https:\/\/www.homewizard.com\/wp-content\/uploads\/2023\/08\/Energy-Display-front-view.png\",\"width\":1900,\"height\":1900,\"caption\":\"Front view of the Energy Display\"},{\"@type\":\"BreadcrumbList\",\"@id\":\"https:\/\/www.homewizard.com\/hu\/shop\/energy-display\/#breadcrumb\",\"itemListElement\":[{\"@type\":\"ListItem\",\"position\":1,\"name\":\"Home\",\"item\":\"https:\/\/www.homewizard.com\/hu\/\"},{\"@type\":\"ListItem\",\"position\":2,\"name\":\"Shop\",\"item\":\"https:\/\/www.homewizard.com\/hu\/shop\/\"},{\"@type\":\"ListItem\",\"position\":3,\"name\":\"Energy Display\"}]},{\"@type\":\"WebSite\",\"@id\":\"https:\/\/www.homewizard.com\/hu\/#website\",\"url\":\"https:\/\/www.homewizard.com\/hu\/\",\"name\":\"HomeWizard\",\"description\":\"HomeWizard Energy\",\"publisher\":{\"@id\":\"https:\/\/www.homewizard.com\/hu\/#organization\"},\"potentialAction\":[{\"@type\":\"SearchAction\",\"target\":{\"@type\":\"EntryPoint\",\"urlTemplate\":\"https:\/\/www.homewizard.com\/hu\/?s={search_term_string}\"},\"query-input\":{\"@type\":\"PropertyValueSpecification\",\"valueRequired\":true,\"valueName\":\"search_term_string\"}}],\"inLanguage\":\"hu\"},{\"@type\":\"Organization\",\"@id\":\"https:\/\/www.homewizard.com\/hu\/#organization\",\"name\":\"HomeWizard\",\"url\":\"https:\/\/www.homewizard.com\/hu\/\",\"logo\":{\"@type\":\"ImageObject\",\"inLanguage\":\"hu\",\"@id\":\"https:\/\/www.homewizard.com\/hu\/#\/schema\/logo\/image\/\",\"url\":\"https:\/\/www.homewizard.com\/wp-content\/uploads\/2023\/06\/HomeWizard-icon-on-black.png\",\"contentUrl\":\"https:\/\/www.homewizard.com\/wp-content\/uploads\/2023\/06\/HomeWizard-icon-on-black.png\",\"width\":500,\"height\":500,\"caption\":\"HomeWizard\"},\"image\":{\"@id\":\"https:\/\/www.homewizard.com\/hu\/#\/schema\/logo\/image\/\"},\"sameAs\":[\"https:\/\/www.facebook.com\/HomeWizardBV\/\",\"https:\/\/x.com\/HomeWizard_NL\",\"https:\/\/www.youtube.com\/HomeWizardBV\",\"https:\/\/www.instagram.com\/homewizardenergy\/\"]}]}<\/script>\n<!-- \/ Yoast SEO plugin. -->","yoast_head_json":{"title":"Rendelje meg az Energy Display-t itt \u2013 HomeWizard","description":"Vegye k\u00e9zbe az ir\u00e1ny\u00edt\u00e1st az energiafogyaszt\u00e1sa felett a HomeWizard Energy Display k\u00e9sz\u00fcl\u00e9k\u00e9vel. Hozzon l\u00e9tre saj\u00e1t ir\u00e1ny\u00edt\u00f3pultot, \u00e9rje el c\u00e9ljait, \u00e9s takar\u00edtson meg energiak\u00f6lts\u00e9geket.","robots":{"index":"index","follow":"follow","max-snippet":"max-snippet:-1","max-image-preview":"max-image-preview:large","max-video-preview":"max-video-preview:-1"},"canonical":"https:\/\/www.homewizard.com\/hu\/shop\/energy-display\/","og_locale":"hu_HU","og_type":"article","og_title":"Rendelje meg az Energy Display-t itt \u2013 HomeWizard","og_description":"Vegye k\u00e9zbe az ir\u00e1ny\u00edt\u00e1st az energiafogyaszt\u00e1sa felett a HomeWizard Energy Display k\u00e9sz\u00fcl\u00e9k\u00e9vel. Hozzon l\u00e9tre saj\u00e1t ir\u00e1ny\u00edt\u00f3pultot, \u00e9rje el c\u00e9ljait, \u00e9s takar\u00edtson meg energiak\u00f6lts\u00e9geket.","og_url":"https:\/\/www.homewizard.com\/hu\/shop\/energy-display\/","og_site_name":"HomeWizard","article_publisher":"https:\/\/www.facebook.com\/HomeWizardBV\/","article_modified_time":"2026-04-20T20:24:53+00:00","og_image":[{"width":1900,"height":1900,"url":"https:\/\/www.homewizard.com\/wp-content\/uploads\/2023\/08\/Energy-Display-front-view.png","type":"image\/png"}],"twitter_card":"summary_large_image","twitter_site":"@HomeWizard_NL","twitter_misc":{"Becs\u00fclt olvas\u00e1si id\u0151":"2 perc"},"schema":{"@context":"https:\/\/schema.org","@graph":[{"@type":"WebPage","@id":"https:\/\/www.homewizard.com\/hu\/shop\/energy-display\/","url":"https:\/\/www.homewizard.com\/hu\/shop\/energy-display\/","name":"Rendelje meg az Energy Display-t itt \u2013 HomeWizard","isPartOf":{"@id":"https:\/\/www.homewizard.com\/hu\/#website"},"primaryImageOfPage":{"@id":"https:\/\/www.homewizard.com\/hu\/shop\/energy-display\/#primaryimage"},"image":{"@id":"https:\/\/www.homewizard.com\/hu\/shop\/energy-display\/#primaryimage"},"thumbnailUrl":"https:\/\/www.homewizard.com\/wp-content\/uploads\/2023\/08\/Energy-Display-front-view.png","datePublished":"2023-08-21T08:27:37+00:00","dateModified":"2026-04-20T20:24:53+00:00","description":"Vegye k\u00e9zbe az ir\u00e1ny\u00edt\u00e1st az energiafogyaszt\u00e1sa felett a HomeWizard Energy Display k\u00e9sz\u00fcl\u00e9k\u00e9vel. Hozzon l\u00e9tre saj\u00e1t ir\u00e1ny\u00edt\u00f3pultot, \u00e9rje el c\u00e9ljait, \u00e9s takar\u00edtson meg energiak\u00f6lts\u00e9geket.","breadcrumb":{"@id":"https:\/\/www.homewizard.com\/hu\/shop\/energy-display\/#breadcrumb"},"inLanguage":"hu","potentialAction":[{"@type":"ReadAction","target":["https:\/\/www.homewizard.com\/hu\/shop\/energy-display\/"]}]},{"@type":"ImageObject","inLanguage":"hu","@id":"https:\/\/www.homewizard.com\/hu\/shop\/energy-display\/#primaryimage","url":"https:\/\/www.homewizard.com\/wp-content\/uploads\/2023\/08\/Energy-Display-front-view.png","contentUrl":"https:\/\/www.homewizard.com\/wp-content\/uploads\/2023\/08\/Energy-Display-front-view.png","width":1900,"height":1900,"caption":"Front view of the Energy Display"},{"@type":"BreadcrumbList","@id":"https:\/\/www.homewizard.com\/hu\/shop\/energy-display\/#breadcrumb","itemListElement":[{"@type":"ListItem","position":1,"name":"Home","item":"https:\/\/www.homewizard.com\/hu\/"},{"@type":"ListItem","position":2,"name":"Shop","item":"https:\/\/www.homewizard.com\/hu\/shop\/"},{"@type":"ListItem","position":3,"name":"Energy Display"}]},{"@type":"WebSite","@id":"https:\/\/www.homewizard.com\/hu\/#website","url":"https:\/\/www.homewizard.com\/hu\/","name":"HomeWizard","description":"HomeWizard Energy","publisher":{"@id":"https:\/\/www.homewizard.com\/hu\/#organization"},"potentialAction":[{"@type":"SearchAction","target":{"@type":"EntryPoint","urlTemplate":"https:\/\/www.homewizard.com\/hu\/?s={search_term_string}"},"query-input":{"@type":"PropertyValueSpecification","valueRequired":true,"valueName":"search_term_string"}}],"inLanguage":"hu"},{"@type":"Organization","@id":"https:\/\/www.homewizard.com\/hu\/#organization","name":"HomeWizard","url":"https:\/\/www.homewizard.com\/hu\/","logo":{"@type":"ImageObject","inLanguage":"hu","@id":"https:\/\/www.homewizard.com\/hu\/#\/schema\/logo\/image\/","url":"https:\/\/www.homewizard.com\/wp-content\/uploads\/2023\/06\/HomeWizard-icon-on-black.png","contentUrl":"https:\/\/www.homewizard.com\/wp-content\/uploads\/2023\/06\/HomeWizard-icon-on-black.png","width":500,"height":500,"caption":"HomeWizard"},"image":{"@id":"https:\/\/www.homewizard.com\/hu\/#\/schema\/logo\/image\/"},"sameAs":["https:\/\/www.facebook.com\/HomeWizardBV\/","https:\/\/x.com\/HomeWizard_NL","https:\/\/www.youtube.com\/HomeWizardBV","https:\/\/www.instagram.com\/homewizardenergy\/"]}]}},"_links":{"self":[{"href":"https:\/\/www.homewizard.com\/hu\/wp-json\/wp\/v2\/product\/426124","targetHints":{"allow":["GET"]}}],"collection":[{"href":"https:\/\/www.homewizard.com\/hu\/wp-json\/wp\/v2\/product"}],"about":[{"href":"https:\/\/www.homewizard.com\/hu\/wp-json\/wp\/v2\/types\/product"}],"wp:featuredmedia":[{"embeddable":true,"href":"https:\/\/www.homewizard.com\/hu\/wp-json\/wp\/v2\/media\/1012137"}],"wp:attachment":[{"href":"https:\/\/www.homewizard.com\/hu\/wp-json\/wp\/v2\/media?parent=426124"}],"wp:term":[{"taxonomy":"product_brand","embeddable":true,"href":"https:\/\/www.homewizard.com\/hu\/wp-json\/wp\/v2\/product_brand?post=426124"},{"taxonomy":"product_cat","embeddable":true,"href":"https:\/\/www.homewizard.com\/hu\/wp-json\/wp\/v2\/product_cat?post=426124"},{"taxonomy":"product_tag","embeddable":true,"href":"https:\/\/www.homewizard.com\/hu\/wp-json\/wp\/v2\/product_tag?post=426124"}],"curies":[{"name":"wp","href":"https:\/\/api.w.org\/{rel}","templated":true}]}}