{"id":363074,"date":"2021-12-06T17:16:49","date_gmt":"2021-12-06T16:16:49","guid":{"rendered":"https:\/\/www.homewizard.com\/shop\/wi-fi-kwh-meter-1-fazisu\/"},"modified":"2026-03-10T18:41:37","modified_gmt":"2026-03-10T17:41:37","slug":"kwh-meter-1-phase-wi-fi","status":"publish","type":"product","link":"https:\/\/www.homewizard.com\/hu\/shop\/kwh-meter-1-phase-wi-fi\/","title":{"rendered":"kWh Meter 1-Phase"},"content":{"rendered":"\n<p class=\" eplus-wrapper\">A modern biztos\u00edt\u00e9kdoboz! A HomeWizard az Eastronnal egy\u00fcttm\u0171k\u00f6dve elk\u00e9sz\u00edtette a vil\u00e1g els\u0151 MID-j\u00f3v\u00e1hagy\u00e1ssal rendelkez\u0151 Wi-Fi kWh Meter. Szerezzen betekint\u00e9st a napelemek, a h\u0151szivatty\u00fa, az elektromos aut\u00f3 \u00e9s m\u00e9g sok minden m\u00e1s adataiba.<\/p>\n\n<p class=\" eplus-wrapper\"><\/p>\n\n<h2 class=\" wp-block-heading eplus-wrapper\">Sz\u00e1mos felhaszn\u00e1l\u00e1si eset<\/h2>\n<ul class=\"eplus-wrapper wp-block-list eplus-styles-uid-fe722f\">\n<li class=\" eplus-wrapper\"><strong>Napelemek<\/strong>: Ismerje meg pontosan mennyi energi\u00e1t termelnek a napelemek.<\/li>\n\n\n\n<li class=\" eplus-wrapper\"><strong>Otthon<\/strong>: M\u00e9rje a felhaszn\u00e1lt energia mennyis\u00e9g\u00e9t, \u00e9s tekintse meg a napenergia-t\u00f6bbletet a kWh-m\u00e9r\u0151t a f\u0151csatlakoz\u00e1sra felszerelve.<\/li>\n\n\n\n<li class=\" eplus-wrapper\"><strong>Elektromos aut\u00f3<\/strong>: Tartsa szemmel az elektromos aut\u00f3 t\u00f6lt\u00e9s\u00e9nek k\u00f6lts\u00e9geit. Van b\u00e9rleti szerz\u0151d\u00e9se? A kWh-m\u00e9r\u0151 haszn\u00e1lhat\u00f3 a sz\u00e1ml\u00e1z\u00e1shoz. (MID tan\u00fas\u00edtv\u00e1nnyal)<\/li>\n\n\n\n<li class=\" eplus-wrapper\"><strong>H\u0151szivatty\u00fa<\/strong>: M\u00e9rje meg az otthona f\u0171t\u00e9s\u00e9re felhaszn\u00e1lt energi\u00e1t.<\/li>\n\n\n\n<li class=\" eplus-wrapper\"><strong>A telep\u00edt\u0151 sz\u00e1m\u00e1ra<\/strong>: T\u00e1voli betekint\u00e9s a berendez\u00e9sek m\u0171k\u00f6d\u00e9s\u00e9be \u00e9s teljes\u00edtm\u00e9ny\u00e9be.<\/li>\n<\/ul><div class=\"wp-block-image is-resized\">\n<figure class=\"aligncenter size-large eplus-wrapper\"><img loading=\"lazy\" decoding=\"async\" width=\"1024\" height=\"1024\" src=\"https:\/\/cdn.homewizard.com\/wp-content\/uploads\/2024\/04\/kWh_Meter_3-phase_HW_app_EN-1024x1024.png\" alt=\"\" class=\"wp-image-621149\" srcset=\"https:\/\/www.homewizard.com\/wp-content\/uploads\/2024\/04\/kWh_Meter_3-phase_HW_app_EN-1024x1024.png 1024w, https:\/\/www.homewizard.com\/wp-content\/uploads\/2024\/04\/kWh_Meter_3-phase_HW_app_EN-300x300.png 300w, https:\/\/www.homewizard.com\/wp-content\/uploads\/2024\/04\/kWh_Meter_3-phase_HW_app_EN-150x150.png 150w, https:\/\/www.homewizard.com\/wp-content\/uploads\/2024\/04\/kWh_Meter_3-phase_HW_app_EN-768x768.png 768w, https:\/\/www.homewizard.com\/wp-content\/uploads\/2024\/04\/kWh_Meter_3-phase_HW_app_EN-500x500.png 500w, https:\/\/www.homewizard.com\/wp-content\/uploads\/2024\/04\/kWh_Meter_3-phase_HW_app_EN-800x800.png 800w, https:\/\/www.homewizard.com\/wp-content\/uploads\/2024\/04\/kWh_Meter_3-phase_HW_app_EN-124x124.png 124w\" sizes=\"auto, (max-width: 1024px) 100vw, 1024px\" \/><\/figure>\n<\/div>\n<h2 class=\" wp-block-heading eplus-wrapper\">Rugalmas telep\u00edt\u00e9s wifivel<\/h2>\n\n<p class=\" eplus-wrapper\">A kWh Meter be\u00e9p\u00edtett wifivel rendelkezik, \u00e9s k\u00f6zvetlen\u00fcl a biztos\u00edt\u00e9kdobozba szerelhet\u0151 a megfelel\u0151 csoport mell\u00e9. Nincs hely? Egyszer\u0171en elhelyezhet\u0151 az \u00e1talak\u00edt\u00f3 mellett a padl\u00e1son, a t\u00f6lt\u0151\u00e1llom\u00e1son vagy a saj\u00e1t csatlakoz\u00f3doboz\u00e1ban is.<\/p>\n\n<h2 class=\" wp-block-heading eplus-wrapper\">Mi van a dobozban<\/h2>\n<ul class=\"eplus-wrapper wp-block-list eplus-styles-uid-0ec09d\">\n<li class=\" eplus-wrapper\">kWh Meter<\/li>\n\n\n\n<li class=\" eplus-wrapper\">Gyors \u00fatmutat\u00f3<br><\/li>\n<\/ul>\n<p class=\" eplus-wrapper\"><a href=\"https:\/\/www.homewizard.com\/hu\/kwh-meter\/\">Tov\u00e1bbi inform\u00e1ci\u00f3 a kWh Meter<\/a><\/p>\n\n<p class=\" eplus-wrapper\"><\/p>\n","protected":false},"excerpt":{"rendered":"<p>Napelemek, aut\u00f3s t\u00f6lt\u0151k \u00e9s egyebek m\u00e9r\u00e9se.<\/p>\n","protected":false},"featured_media":621191,"template":"","meta":{"_acf_changed":false,"editor_plus_copied_stylings":"{}"},"product_brand":[],"product_cat":[186,187],"product_tag":[],"class_list":{"0":"post-363074","1":"product","2":"type-product","3":"status-publish","4":"has-post-thumbnail","6":"product_cat-minden","7":"product_cat-termekek","9":"first","10":"instock","11":"taxable","12":"shipping-taxable","13":"purchasable","14":"product-type-simple"},"acf":[],"yoast_head":"<!-- This site is optimized with the Yoast SEO plugin v27.0 - https:\/\/yoast.com\/product\/yoast-seo-wordpress\/ -->\n<title>Rendelje meg a kWh Meter 1-phase MID-t \u00e1ruh\u00e1zunkban - HomeWizard<\/title>\n<meta name=\"description\" content=\"M\u00e9rje minden eszk\u00f6z energiafelhaszn\u00e1l\u00e1s\u00e1t a HomeWizard Wi-Fi kWh Meter. Tekintse meg a felhaszn\u00e1l\u00e1st \u00e9l\u0151ben vagy l\u00e1tv\u00e1nyos el\u0151zm\u00e9ny grafikonokon az Energy alkalmaz\u00e1sban.\" \/>\n<meta name=\"robots\" content=\"index, follow, max-snippet:-1, max-image-preview:large, max-video-preview:-1\" \/>\n<link rel=\"canonical\" href=\"https:\/\/www.homewizard.com\/hu\/shop\/kwh-meter-1-phase-wi-fi\/\" \/>\n<meta property=\"og:locale\" content=\"hu_HU\" \/>\n<meta property=\"og:type\" content=\"article\" \/>\n<meta property=\"og:title\" content=\"Rendelje meg a kWh Meter 1-phase MID-t \u00e1ruh\u00e1zunkban - HomeWizard\" \/>\n<meta property=\"og:description\" content=\"M\u00e9rje minden eszk\u00f6z energiafelhaszn\u00e1l\u00e1s\u00e1t a HomeWizard Wi-Fi kWh Meter. Tekintse meg a felhaszn\u00e1l\u00e1st \u00e9l\u0151ben vagy l\u00e1tv\u00e1nyos el\u0151zm\u00e9ny grafikonokon az Energy alkalmaz\u00e1sban.\" \/>\n<meta property=\"og:url\" content=\"https:\/\/www.homewizard.com\/hu\/shop\/kwh-meter-1-phase-wi-fi\/\" \/>\n<meta property=\"og:site_name\" content=\"HomeWizard\" \/>\n<meta property=\"article:publisher\" content=\"https:\/\/www.facebook.com\/HomeWizardBV\/\" \/>\n<meta property=\"article:modified_time\" content=\"2026-03-10T17:41:37+00:00\" \/>\n<meta property=\"og:image\" content=\"https:\/\/www.homewizard.com\/wp-content\/uploads\/2021\/12\/kWh-Meter-1-phase-HW-shop.png\" \/>\n\t<meta property=\"og:image:width\" content=\"800\" \/>\n\t<meta property=\"og:image:height\" content=\"800\" \/>\n\t<meta property=\"og:image:type\" content=\"image\/png\" \/>\n<meta name=\"twitter:card\" content=\"summary_large_image\" \/>\n<meta name=\"twitter:site\" content=\"@HomeWizard_NL\" \/>\n<meta name=\"twitter:label1\" content=\"Becs\u00fclt olvas\u00e1si id\u0151\" \/>\n\t<meta name=\"twitter:data1\" content=\"1 perc\" \/>\n<script type=\"application\/ld+json\" class=\"yoast-schema-graph\">{\"@context\":\"https:\/\/schema.org\",\"@graph\":[{\"@type\":\"WebPage\",\"@id\":\"https:\/\/www.homewizard.com\/hu\/shop\/kwh-meter-1-phase-wi-fi\/\",\"url\":\"https:\/\/www.homewizard.com\/hu\/shop\/kwh-meter-1-phase-wi-fi\/\",\"name\":\"Rendelje meg a kWh Meter 1-phase MID-t \u00e1ruh\u00e1zunkban - HomeWizard\",\"isPartOf\":{\"@id\":\"https:\/\/www.homewizard.com\/hu\/#website\"},\"primaryImageOfPage\":{\"@id\":\"https:\/\/www.homewizard.com\/hu\/shop\/kwh-meter-1-phase-wi-fi\/#primaryimage\"},\"image\":{\"@id\":\"https:\/\/www.homewizard.com\/hu\/shop\/kwh-meter-1-phase-wi-fi\/#primaryimage\"},\"thumbnailUrl\":\"https:\/\/www.homewizard.com\/wp-content\/uploads\/2021\/12\/kWh-Meter-1-phase-HW-shop.png\",\"datePublished\":\"2021-12-06T16:16:49+00:00\",\"dateModified\":\"2026-03-10T17:41:37+00:00\",\"description\":\"M\u00e9rje minden eszk\u00f6z energiafelhaszn\u00e1l\u00e1s\u00e1t a HomeWizard Wi-Fi kWh Meter. Tekintse meg a felhaszn\u00e1l\u00e1st \u00e9l\u0151ben vagy l\u00e1tv\u00e1nyos el\u0151zm\u00e9ny grafikonokon az Energy alkalmaz\u00e1sban.\",\"breadcrumb\":{\"@id\":\"https:\/\/www.homewizard.com\/hu\/shop\/kwh-meter-1-phase-wi-fi\/#breadcrumb\"},\"inLanguage\":\"hu\",\"potentialAction\":[{\"@type\":\"ReadAction\",\"target\":[\"https:\/\/www.homewizard.com\/hu\/shop\/kwh-meter-1-phase-wi-fi\/\"]}]},{\"@type\":\"ImageObject\",\"inLanguage\":\"hu\",\"@id\":\"https:\/\/www.homewizard.com\/hu\/shop\/kwh-meter-1-phase-wi-fi\/#primaryimage\",\"url\":\"https:\/\/www.homewizard.com\/wp-content\/uploads\/2021\/12\/kWh-Meter-1-phase-HW-shop.png\",\"contentUrl\":\"https:\/\/www.homewizard.com\/wp-content\/uploads\/2021\/12\/kWh-Meter-1-phase-HW-shop.png\",\"width\":800,\"height\":800},{\"@type\":\"BreadcrumbList\",\"@id\":\"https:\/\/www.homewizard.com\/hu\/shop\/kwh-meter-1-phase-wi-fi\/#breadcrumb\",\"itemListElement\":[{\"@type\":\"ListItem\",\"position\":1,\"name\":\"Home\",\"item\":\"https:\/\/www.homewizard.com\/hu\/\"},{\"@type\":\"ListItem\",\"position\":2,\"name\":\"Shop\",\"item\":\"https:\/\/www.homewizard.com\/hu\/shop\/\"},{\"@type\":\"ListItem\",\"position\":3,\"name\":\"kWh Meter 1-Phase\"}]},{\"@type\":\"WebSite\",\"@id\":\"https:\/\/www.homewizard.com\/hu\/#website\",\"url\":\"https:\/\/www.homewizard.com\/hu\/\",\"name\":\"HomeWizard\",\"description\":\"HomeWizard Energy\",\"publisher\":{\"@id\":\"https:\/\/www.homewizard.com\/hu\/#organization\"},\"potentialAction\":[{\"@type\":\"SearchAction\",\"target\":{\"@type\":\"EntryPoint\",\"urlTemplate\":\"https:\/\/www.homewizard.com\/hu\/?s={search_term_string}\"},\"query-input\":{\"@type\":\"PropertyValueSpecification\",\"valueRequired\":true,\"valueName\":\"search_term_string\"}}],\"inLanguage\":\"hu\"},{\"@type\":\"Organization\",\"@id\":\"https:\/\/www.homewizard.com\/hu\/#organization\",\"name\":\"HomeWizard\",\"url\":\"https:\/\/www.homewizard.com\/hu\/\",\"logo\":{\"@type\":\"ImageObject\",\"inLanguage\":\"hu\",\"@id\":\"https:\/\/www.homewizard.com\/hu\/#\/schema\/logo\/image\/\",\"url\":\"https:\/\/www.homewizard.com\/wp-content\/uploads\/2023\/06\/HomeWizard-icon-on-black.png\",\"contentUrl\":\"https:\/\/www.homewizard.com\/wp-content\/uploads\/2023\/06\/HomeWizard-icon-on-black.png\",\"width\":500,\"height\":500,\"caption\":\"HomeWizard\"},\"image\":{\"@id\":\"https:\/\/www.homewizard.com\/hu\/#\/schema\/logo\/image\/\"},\"sameAs\":[\"https:\/\/www.facebook.com\/HomeWizardBV\/\",\"https:\/\/x.com\/HomeWizard_NL\",\"https:\/\/www.youtube.com\/HomeWizardBV\",\"https:\/\/www.instagram.com\/homewizardenergy\/\"]}]}<\/script>\n<!-- \/ Yoast SEO plugin. -->","yoast_head_json":{"title":"Rendelje meg a kWh Meter 1-phase MID-t \u00e1ruh\u00e1zunkban - HomeWizard","description":"M\u00e9rje minden eszk\u00f6z energiafelhaszn\u00e1l\u00e1s\u00e1t a HomeWizard Wi-Fi kWh Meter. Tekintse meg a felhaszn\u00e1l\u00e1st \u00e9l\u0151ben vagy l\u00e1tv\u00e1nyos el\u0151zm\u00e9ny grafikonokon az Energy alkalmaz\u00e1sban.","robots":{"index":"index","follow":"follow","max-snippet":"max-snippet:-1","max-image-preview":"max-image-preview:large","max-video-preview":"max-video-preview:-1"},"canonical":"https:\/\/www.homewizard.com\/hu\/shop\/kwh-meter-1-phase-wi-fi\/","og_locale":"hu_HU","og_type":"article","og_title":"Rendelje meg a kWh Meter 1-phase MID-t \u00e1ruh\u00e1zunkban - HomeWizard","og_description":"M\u00e9rje minden eszk\u00f6z energiafelhaszn\u00e1l\u00e1s\u00e1t a HomeWizard Wi-Fi kWh Meter. Tekintse meg a felhaszn\u00e1l\u00e1st \u00e9l\u0151ben vagy l\u00e1tv\u00e1nyos el\u0151zm\u00e9ny grafikonokon az Energy alkalmaz\u00e1sban.","og_url":"https:\/\/www.homewizard.com\/hu\/shop\/kwh-meter-1-phase-wi-fi\/","og_site_name":"HomeWizard","article_publisher":"https:\/\/www.facebook.com\/HomeWizardBV\/","article_modified_time":"2026-03-10T17:41:37+00:00","og_image":[{"width":800,"height":800,"url":"https:\/\/www.homewizard.com\/wp-content\/uploads\/2021\/12\/kWh-Meter-1-phase-HW-shop.png","type":"image\/png"}],"twitter_card":"summary_large_image","twitter_site":"@HomeWizard_NL","twitter_misc":{"Becs\u00fclt olvas\u00e1si id\u0151":"1 perc"},"schema":{"@context":"https:\/\/schema.org","@graph":[{"@type":"WebPage","@id":"https:\/\/www.homewizard.com\/hu\/shop\/kwh-meter-1-phase-wi-fi\/","url":"https:\/\/www.homewizard.com\/hu\/shop\/kwh-meter-1-phase-wi-fi\/","name":"Rendelje meg a kWh Meter 1-phase MID-t \u00e1ruh\u00e1zunkban - HomeWizard","isPartOf":{"@id":"https:\/\/www.homewizard.com\/hu\/#website"},"primaryImageOfPage":{"@id":"https:\/\/www.homewizard.com\/hu\/shop\/kwh-meter-1-phase-wi-fi\/#primaryimage"},"image":{"@id":"https:\/\/www.homewizard.com\/hu\/shop\/kwh-meter-1-phase-wi-fi\/#primaryimage"},"thumbnailUrl":"https:\/\/www.homewizard.com\/wp-content\/uploads\/2021\/12\/kWh-Meter-1-phase-HW-shop.png","datePublished":"2021-12-06T16:16:49+00:00","dateModified":"2026-03-10T17:41:37+00:00","description":"M\u00e9rje minden eszk\u00f6z energiafelhaszn\u00e1l\u00e1s\u00e1t a HomeWizard Wi-Fi kWh Meter. Tekintse meg a felhaszn\u00e1l\u00e1st \u00e9l\u0151ben vagy l\u00e1tv\u00e1nyos el\u0151zm\u00e9ny grafikonokon az Energy alkalmaz\u00e1sban.","breadcrumb":{"@id":"https:\/\/www.homewizard.com\/hu\/shop\/kwh-meter-1-phase-wi-fi\/#breadcrumb"},"inLanguage":"hu","potentialAction":[{"@type":"ReadAction","target":["https:\/\/www.homewizard.com\/hu\/shop\/kwh-meter-1-phase-wi-fi\/"]}]},{"@type":"ImageObject","inLanguage":"hu","@id":"https:\/\/www.homewizard.com\/hu\/shop\/kwh-meter-1-phase-wi-fi\/#primaryimage","url":"https:\/\/www.homewizard.com\/wp-content\/uploads\/2021\/12\/kWh-Meter-1-phase-HW-shop.png","contentUrl":"https:\/\/www.homewizard.com\/wp-content\/uploads\/2021\/12\/kWh-Meter-1-phase-HW-shop.png","width":800,"height":800},{"@type":"BreadcrumbList","@id":"https:\/\/www.homewizard.com\/hu\/shop\/kwh-meter-1-phase-wi-fi\/#breadcrumb","itemListElement":[{"@type":"ListItem","position":1,"name":"Home","item":"https:\/\/www.homewizard.com\/hu\/"},{"@type":"ListItem","position":2,"name":"Shop","item":"https:\/\/www.homewizard.com\/hu\/shop\/"},{"@type":"ListItem","position":3,"name":"kWh Meter 1-Phase"}]},{"@type":"WebSite","@id":"https:\/\/www.homewizard.com\/hu\/#website","url":"https:\/\/www.homewizard.com\/hu\/","name":"HomeWizard","description":"HomeWizard Energy","publisher":{"@id":"https:\/\/www.homewizard.com\/hu\/#organization"},"potentialAction":[{"@type":"SearchAction","target":{"@type":"EntryPoint","urlTemplate":"https:\/\/www.homewizard.com\/hu\/?s={search_term_string}"},"query-input":{"@type":"PropertyValueSpecification","valueRequired":true,"valueName":"search_term_string"}}],"inLanguage":"hu"},{"@type":"Organization","@id":"https:\/\/www.homewizard.com\/hu\/#organization","name":"HomeWizard","url":"https:\/\/www.homewizard.com\/hu\/","logo":{"@type":"ImageObject","inLanguage":"hu","@id":"https:\/\/www.homewizard.com\/hu\/#\/schema\/logo\/image\/","url":"https:\/\/www.homewizard.com\/wp-content\/uploads\/2023\/06\/HomeWizard-icon-on-black.png","contentUrl":"https:\/\/www.homewizard.com\/wp-content\/uploads\/2023\/06\/HomeWizard-icon-on-black.png","width":500,"height":500,"caption":"HomeWizard"},"image":{"@id":"https:\/\/www.homewizard.com\/hu\/#\/schema\/logo\/image\/"},"sameAs":["https:\/\/www.facebook.com\/HomeWizardBV\/","https:\/\/x.com\/HomeWizard_NL","https:\/\/www.youtube.com\/HomeWizardBV","https:\/\/www.instagram.com\/homewizardenergy\/"]}]}},"_links":{"self":[{"href":"https:\/\/www.homewizard.com\/hu\/wp-json\/wp\/v2\/product\/363074","targetHints":{"allow":["GET"]}}],"collection":[{"href":"https:\/\/www.homewizard.com\/hu\/wp-json\/wp\/v2\/product"}],"about":[{"href":"https:\/\/www.homewizard.com\/hu\/wp-json\/wp\/v2\/types\/product"}],"wp:featuredmedia":[{"embeddable":true,"href":"https:\/\/www.homewizard.com\/hu\/wp-json\/wp\/v2\/media\/621191"}],"wp:attachment":[{"href":"https:\/\/www.homewizard.com\/hu\/wp-json\/wp\/v2\/media?parent=363074"}],"wp:term":[{"taxonomy":"product_brand","embeddable":true,"href":"https:\/\/www.homewizard.com\/hu\/wp-json\/wp\/v2\/product_brand?post=363074"},{"taxonomy":"product_cat","embeddable":true,"href":"https:\/\/www.homewizard.com\/hu\/wp-json\/wp\/v2\/product_cat?post=363074"},{"taxonomy":"product_tag","embeddable":true,"href":"https:\/\/www.homewizard.com\/hu\/wp-json\/wp\/v2\/product_tag?post=363074"}],"curies":[{"name":"wp","href":"https:\/\/api.w.org\/{rel}","templated":true}]}}