{"id":363073,"date":"2022-06-03T11:02:27","date_gmt":"2022-06-03T09:02:27","guid":{"rendered":"https:\/\/www.homewizard.com\/shop\/wi-fi-watermeter\/"},"modified":"2026-04-27T17:26:07","modified_gmt":"2026-04-27T15:26:07","slug":"watermeter-wi-fi","status":"publish","type":"product","link":"https:\/\/www.homewizard.com\/hu\/shop\/watermeter-wi-fi\/","title":{"rendered":"Watermeter"},"content":{"rendered":"\n<p class=\" eplus-wrapper\">Sp\u00f3roljon a v\u00edzsz\u00e1ml\u00e1j\u00e1n az intelligens Watermeterrel! A HomeWizard Watermeter \u00e9l\u0151 betekint\u00e9st ny\u00fajt a v\u00edzfogyaszt\u00e1sba. \u00cdgy pontosan tudhatja, hogy mennyi vizet haszn\u00e1l el a k\u00e1d t\u00f6lt\u00e9se, k\u00e9zmos\u00e1s vagy zuhanyoz\u00e1s k\u00f6zben.<\/p>\n\n\n\n<p class=\" eplus-wrapper\">A m\u00e9r\u0151t saj\u00e1t maga is csatlakoztathatja: nincs sz\u00fcks\u00e9g szakember seg\u00edts\u00e9g\u00e9re. Perceken bel\u00fcl k\u00e9szen \u00e1ll a haszn\u00e1latra, \u00e9s elkezdhet takar\u00e9koskodni a v\u00edzsz\u00e1ml\u00e1j\u00e1n.<\/p>\n\n\n\n<div class=\" wp-block-media-text has-media-on-the-right is-stacked-on-mobile eplus-wrapper\" style=\"grid-template-columns:auto 33%\"><div class=\"wp-block-media-text__content\">\n<h2 class=\" wp-block-heading eplus-wrapper\">Rugalmas alkalmaz\u00e1s.<\/h2>\n\n\n\n<p class=\" eplus-wrapper\">A HomeWizard intelligens Watermeter\u00e9t csatlakoztathatja a wifi-hez \u00e9s a v\u00edzm\u00e9r\u0151j\u00e9hez. Ett\u0151l a pillanatt\u00f3l kezdve az intelligens Watermeter\u00fcnk leolvassa az anal\u00f3g v\u00edzm\u00e9r\u0151t. A Watermeter specifik\u00e1ci\u00f3i a k\u00f6vetkez\u0151k.<\/p>\n\n\n\n<h3 class=\" wp-block-heading eplus-wrapper\"><strong>Leolvassa az anal\u00f3g v\u00edzm\u00e9r\u0151t<\/strong>.<\/h3>\n\n\n\n<p class=\" eplus-wrapper\">Az adapterrel a Watermeter 2 percen bel\u00fcl felhelyezhet\u0151 a legt\u00f6bb megl\u00e9v\u0151 Zenner, Sensus, Itron, Actaris, Hidroconta, Schlumberger, Elster, Honeywell, Maddalena MVM, DH Metering \u00e9s Diehl Metering anal\u00f3g v\u00edzm\u00e9r\u0151re. Csak kattintsa r\u00e1 a Watermetert az adapterre, csatlakozzon a Wi-Fi-hez, \u00e9s m\u00e1r k\u00e9sz is. Tekintse meg helpdesk cikk\u00fcnket: <a href=\"https:\/\/helpdesk.homewizard.com\/articles\/6287701\">A Watermeter m\u0171k\u00f6dik az anal\u00f3g v\u00edzm\u00e9r\u0151mmel? Ha igen, hogyan telep\u00edthetem?<\/a>, \u00e9s megtudja, hogyan kell telep\u00edteni a v\u00edzm\u00e9r\u0151t.<\/p>\n<\/div><figure class=\"wp-block-media-text__media\"><img loading=\"lazy\" decoding=\"async\" width=\"700\" height=\"746\" src=\"https:\/\/www.homewizard.com\/wp-content\/uploads\/2023\/02\/homewizard-watermeter-mounting.png\" alt=\"\" class=\"wp-image-261356 size-full\" srcset=\"https:\/\/www.homewizard.com\/wp-content\/uploads\/2023\/02\/homewizard-watermeter-mounting.png 700w, https:\/\/www.homewizard.com\/wp-content\/uploads\/2023\/02\/homewizard-watermeter-mounting-282x300.png 282w, https:\/\/www.homewizard.com\/wp-content\/uploads\/2023\/02\/homewizard-watermeter-mounting-600x639.png 600w\" sizes=\"auto, (max-width: 700px) 100vw, 700px\" \/><\/figure><\/div>\n\n\n\n<h3 class=\" wp-block-heading eplus-wrapper\"><strong>Vezet\u00e9kkel vagy elemmel is haszn\u00e1lhat\u00f3<\/strong>.<\/h3>\n\n\n\n<p class=\" eplus-wrapper\">Az intelligens Watermeter t\u00e1pell\u00e1t\u00e1sa vezet\u00e9kkel is megoldhat\u00f3. Ez a k\u00e9sz\u00fcl\u00e9k percenk\u00e9nt ak\u00e1r 200 liter m\u00e9r\u00e9s\u00e9re is k\u00e9pes \u2013 ez t\u00f6bb mint el\u00e9g egy \u00e1tlagos h\u00e1ztart\u00e1s sz\u00e1m\u00e1ra! A fogyaszt\u00e1sm\u00e9r\u0151 ezeket az adatokat \u00e9l\u0151ben k\u00fcldi az ingyenesen haszn\u00e1lhat\u00f3 alkalmaz\u00e1sunkba. Ezzel betekint\u00e9st ny\u00fajt a v\u00edzfogyaszt\u00e1sba, \u00e9s lehet\u0151v\u00e9 teszi, hogy takar\u00e9koskodjon vele.<\/p>\n\n\n\n<p class=\" eplus-wrapper\">Nincs konnektor a Watermeter k\u00f6zel\u00e9ben? Nem probl\u00e9ma! Wifi Watermeter\u00fcnk elemekkel is m\u0171k\u00f6dik, amelyeket a m\u00e9r\u0151vel egy\u00fctt rendelhet. Egy elemk\u00e9szlet ak\u00e1r egy \u00e9vig is elegend\u0151 a m\u00e9r\u0151nek, \u00e9s percenk\u00e9nt ak\u00e1r 30 litert is k\u00e9pes m\u00e9rni. Ebben az esetben az adatokat naponta n\u00e9gyszer k\u00fcldi el az alkalmaz\u00e1snak.<\/p>\n\n\n\n<div style=\"height:15px\" aria-hidden=\"true\" class=\" wp-block-spacer eplus-wrapper\"><\/div>\n\n\n\n<h3 class=\" wp-block-heading eplus-wrapper\"><strong>M\u00e9rje k\u00f6nnyen \u00e9s pontosan v\u00edzfogyaszt\u00e1s\u00e1t<\/strong>.<\/h3>\n\n\n\n<p class=\" eplus-wrapper\">Mint fentebb eml\u00edtett\u00fck, Watermeter\u00fcnk percenk\u00e9nt ak\u00e1r 30 liter m\u00e9r\u00e9s\u00e9re is k\u00e9pes elemmel, \u00e9s percenk\u00e9nt ak\u00e1r 200 liter m\u00e9r\u00e9s\u00e9re is k\u00e9pes vezet\u00e9kes csatlakoz\u00e1ssal. Az <a href=\"https:\/\/www.energysavingtrust.org.uk\/sites\/default\/files\/reports\/AtHomewithWater%287%29.pdf\">Energy Saving Trust 2013-as jelent\u00e9se szerint<\/a> egy \u00e1tlagos h\u00e1ztart\u00e1s naponta k\u00f6r\u00fclbel\u00fcl 349 liter vizet fogyaszt. A jelent\u00e9s szerint egy \u00e1tlagos zuhanyoz\u00e1s k\u00f6r\u00fclbel\u00fcl 8 liter vizet haszn\u00e1l percenk\u00e9nt. Ez azt jelenti, hogy a Watermeter\u00fcnk t\u00f6bb mint eleget tud m\u00e9rni!<\/p>\n\n\n\n<h2 class=\" wp-block-heading eplus-wrapper\"><strong>Azonnali betekint\u00e9s ingyenes alkalmaz\u00e1sunkon kereszt\u00fcl<\/strong>.<\/h2>\n\n\n\n<p class=\" eplus-wrapper\">Watermeter\u00fcnkkel hihetetlen\u00fcl egyszer\u0171 megismerni a v\u00edzfogyaszt\u00e1st! Adja hozz\u00e1 a Watermetert a <a href=\"https:\/\/helpdesk.homewizard.com\/en\/collections\/3319573-using-homewizard-energy\">HomeWizard Energy alkalmaz\u00e1shoz<\/a>, \u00e9s azonnal betekint\u00e9st nyerhet a v\u00edzfogyaszt\u00e1sba. Ez lehet\u0151v\u00e9 teszi, hogy sz\u00fcks\u00e9g eset\u00e9n id\u0151ben beavatkozhasson. Az Energy alkalmaz\u00e1s az <a href=\"https:\/\/play.google.com\/store\/apps\/details?id=nl.homewizard.android.energy&amp;pcampaignid=pcampaignidMKT-Other-global-all-co-prtnr-py-PartBadge-Mar2515-1\">Android<\/a> \u00e9s az <a href=\"https:\/\/apps.apple.com\/app\/homewizard-energy\/id1492427207\">iOS<\/a> oper\u00e1ci\u00f3s rendszerekhez el\u00e9rhet\u0151.<\/p>\n\n\n<div class=\"wp-block-image is-resized\">\n<figure class=\"aligncenter size-full eplus-wrapper\"><img loading=\"lazy\" decoding=\"async\" width=\"1236\" height=\"2560\" src=\"https:\/\/www.homewizard.com\/wp-content\/uploads\/2025\/12\/Iphone-staand-front-all-ebike-gescrolld-water-boven-EN-1-scaled.png\" alt=\"\" class=\"wp-image-1930291\" style=\"width:250px\" srcset=\"https:\/\/www.homewizard.com\/wp-content\/uploads\/2025\/12\/Iphone-staand-front-all-ebike-gescrolld-water-boven-EN-1-scaled.png 1236w, https:\/\/www.homewizard.com\/wp-content\/uploads\/2025\/12\/Iphone-staand-front-all-ebike-gescrolld-water-boven-EN-1-145x300.png 145w, https:\/\/www.homewizard.com\/wp-content\/uploads\/2025\/12\/Iphone-staand-front-all-ebike-gescrolld-water-boven-EN-1-494x1024.png 494w, https:\/\/www.homewizard.com\/wp-content\/uploads\/2025\/12\/Iphone-staand-front-all-ebike-gescrolld-water-boven-EN-1-768x1591.png 768w, https:\/\/www.homewizard.com\/wp-content\/uploads\/2025\/12\/Iphone-staand-front-all-ebike-gescrolld-water-boven-EN-1-741x1536.png 741w, https:\/\/www.homewizard.com\/wp-content\/uploads\/2025\/12\/Iphone-staand-front-all-ebike-gescrolld-water-boven-EN-1-989x2048.png 989w, https:\/\/www.homewizard.com\/wp-content\/uploads\/2025\/12\/Iphone-staand-front-all-ebike-gescrolld-water-boven-EN-1-800x1657.png 800w\" sizes=\"auto, (max-width: 1236px) 100vw, 1236px\" \/><\/figure>\n<\/div>\n\n\n<p class=\" eplus-wrapper\"><\/p>\n\n\n\n<h2 class=\" wp-block-heading eplus-wrapper\"><strong>Mi van a dobozban?<\/strong><\/h2>\n\n\n\n<p class=\" eplus-wrapper\">A csomag tartalmaz mindent, amire sz\u00fcks\u00e9ge van ahhoz, hogy elkezdje haszn\u00e1lni a Watermetert. A csomagban a k\u00f6vetkez\u0151ket tal\u00e1lja:<\/p>\n\n\n<ul class=\" wp-block-list eplus-wrapper eplus-styles-uid-d47816\">\n<li class=\" eplus-wrapper\">Az intelligens Watermeter<\/li>\n\n\n\n<li class=\" eplus-wrapper\">Adapter az intelligens Watermeterhez<\/li>\n\n\n\n<li class=\" eplus-wrapper\">5 V-os USB t\u00e1pegys\u00e9g<\/li>\n\n\n\n<li class=\" eplus-wrapper\">3 m\u00e9teres USB-C k\u00e1bel<\/li>\n\n\n\n<li class=\" eplus-wrapper\">Gyors \u00fatmutat\u00f3<\/li>\n<\/ul>","protected":false},"excerpt":{"rendered":"<p>Val\u00f3s idej\u0171 v\u00edzfogyaszt\u00e1si inform\u00e1ci\u00f3k<\/p>\n","protected":false},"featured_media":362701,"template":"","meta":{"_acf_changed":false,"editor_plus_copied_stylings":"{}"},"product_brand":[],"product_cat":[186,187],"product_tag":[],"class_list":{"0":"post-363073","1":"product","2":"type-product","3":"status-publish","4":"has-post-thumbnail","6":"product_cat-minden","7":"product_cat-termekek","9":"first","10":"instock","11":"taxable","12":"shipping-taxable","13":"purchasable","14":"product-type-simple"},"acf":[],"yoast_head":"<!-- This site is optimized with the Yoast SEO plugin v27.0 - https:\/\/yoast.com\/product\/yoast-seo-wordpress\/ -->\n<title>Rendelje meg intelligens Wi-Fi Watermeter\u00e9t! - HomeWizard<\/title>\n<meta name=\"description\" content=\"Rendelje meg HomeWizard intelligens v\u00edzm\u00e9r\u0151j\u00e9t, \u00e9s fedezze fel v\u00edzfogyaszt\u00e1s\u00e1t! \u2713 Gyors sz\u00e1ll\u00edt\u00e1s \u2713 2 \u00e9v garancia \u2713 ingyenes sz\u00e1ll\u00edt\u00e1s 75 eur\u00f3t\u00f3l\" \/>\n<meta name=\"robots\" content=\"index, follow, max-snippet:-1, max-image-preview:large, max-video-preview:-1\" \/>\n<link rel=\"canonical\" href=\"https:\/\/www.homewizard.com\/hu\/shop\/watermeter-wi-fi\/\" \/>\n<meta property=\"og:locale\" content=\"hu_HU\" \/>\n<meta property=\"og:type\" content=\"article\" \/>\n<meta property=\"og:title\" content=\"Rendelje meg intelligens Wi-Fi Watermeter\u00e9t! - HomeWizard\" \/>\n<meta property=\"og:description\" content=\"Rendelje meg HomeWizard intelligens v\u00edzm\u00e9r\u0151j\u00e9t, \u00e9s fedezze fel v\u00edzfogyaszt\u00e1s\u00e1t! \u2713 Gyors sz\u00e1ll\u00edt\u00e1s \u2713 2 \u00e9v garancia \u2713 ingyenes sz\u00e1ll\u00edt\u00e1s 75 eur\u00f3t\u00f3l\" \/>\n<meta property=\"og:url\" content=\"https:\/\/www.homewizard.com\/hu\/shop\/watermeter-wi-fi\/\" \/>\n<meta property=\"og:site_name\" content=\"HomeWizard\" \/>\n<meta property=\"article:publisher\" content=\"https:\/\/www.facebook.com\/HomeWizardBV\/\" \/>\n<meta property=\"article:modified_time\" content=\"2026-04-27T15:26:07+00:00\" \/>\n<meta property=\"og:image\" content=\"https:\/\/www.homewizard.com\/wp-content\/uploads\/2022\/06\/Watermeter_side.png\" \/>\n\t<meta property=\"og:image:width\" content=\"1900\" \/>\n\t<meta property=\"og:image:height\" content=\"1900\" \/>\n\t<meta property=\"og:image:type\" content=\"image\/png\" \/>\n<meta name=\"twitter:card\" content=\"summary_large_image\" \/>\n<meta name=\"twitter:site\" content=\"@HomeWizard_NL\" \/>\n<meta name=\"twitter:label1\" content=\"Becs\u00fclt olvas\u00e1si id\u0151\" \/>\n\t<meta name=\"twitter:data1\" content=\"3 perc\" \/>\n<script type=\"application\/ld+json\" class=\"yoast-schema-graph\">{\"@context\":\"https:\/\/schema.org\",\"@graph\":[{\"@type\":\"WebPage\",\"@id\":\"https:\/\/www.homewizard.com\/hu\/shop\/watermeter-wi-fi\/\",\"url\":\"https:\/\/www.homewizard.com\/hu\/shop\/watermeter-wi-fi\/\",\"name\":\"Rendelje meg intelligens Wi-Fi Watermeter\u00e9t! - HomeWizard\",\"isPartOf\":{\"@id\":\"https:\/\/www.homewizard.com\/hu\/#website\"},\"primaryImageOfPage\":{\"@id\":\"https:\/\/www.homewizard.com\/hu\/shop\/watermeter-wi-fi\/#primaryimage\"},\"image\":{\"@id\":\"https:\/\/www.homewizard.com\/hu\/shop\/watermeter-wi-fi\/#primaryimage\"},\"thumbnailUrl\":\"https:\/\/www.homewizard.com\/wp-content\/uploads\/2022\/06\/Watermeter_side.png\",\"datePublished\":\"2022-06-03T09:02:27+00:00\",\"dateModified\":\"2026-04-27T15:26:07+00:00\",\"description\":\"Rendelje meg HomeWizard intelligens v\u00edzm\u00e9r\u0151j\u00e9t, \u00e9s fedezze fel v\u00edzfogyaszt\u00e1s\u00e1t! \u2713 Gyors sz\u00e1ll\u00edt\u00e1s \u2713 2 \u00e9v garancia \u2713 ingyenes sz\u00e1ll\u00edt\u00e1s 75 eur\u00f3t\u00f3l\",\"breadcrumb\":{\"@id\":\"https:\/\/www.homewizard.com\/hu\/shop\/watermeter-wi-fi\/#breadcrumb\"},\"inLanguage\":\"hu\",\"potentialAction\":[{\"@type\":\"ReadAction\",\"target\":[\"https:\/\/www.homewizard.com\/hu\/shop\/watermeter-wi-fi\/\"]}]},{\"@type\":\"ImageObject\",\"inLanguage\":\"hu\",\"@id\":\"https:\/\/www.homewizard.com\/hu\/shop\/watermeter-wi-fi\/#primaryimage\",\"url\":\"https:\/\/www.homewizard.com\/wp-content\/uploads\/2022\/06\/Watermeter_side.png\",\"contentUrl\":\"https:\/\/www.homewizard.com\/wp-content\/uploads\/2022\/06\/Watermeter_side.png\",\"width\":1900,\"height\":1900,\"caption\":\"HomeWizard Wi-Fi Watermeter\"},{\"@type\":\"BreadcrumbList\",\"@id\":\"https:\/\/www.homewizard.com\/hu\/shop\/watermeter-wi-fi\/#breadcrumb\",\"itemListElement\":[{\"@type\":\"ListItem\",\"position\":1,\"name\":\"Home\",\"item\":\"https:\/\/www.homewizard.com\/hu\/\"},{\"@type\":\"ListItem\",\"position\":2,\"name\":\"Shop\",\"item\":\"https:\/\/www.homewizard.com\/hu\/shop\/\"},{\"@type\":\"ListItem\",\"position\":3,\"name\":\"Watermeter\"}]},{\"@type\":\"WebSite\",\"@id\":\"https:\/\/www.homewizard.com\/hu\/#website\",\"url\":\"https:\/\/www.homewizard.com\/hu\/\",\"name\":\"HomeWizard\",\"description\":\"HomeWizard Energy\",\"publisher\":{\"@id\":\"https:\/\/www.homewizard.com\/hu\/#organization\"},\"potentialAction\":[{\"@type\":\"SearchAction\",\"target\":{\"@type\":\"EntryPoint\",\"urlTemplate\":\"https:\/\/www.homewizard.com\/hu\/?s={search_term_string}\"},\"query-input\":{\"@type\":\"PropertyValueSpecification\",\"valueRequired\":true,\"valueName\":\"search_term_string\"}}],\"inLanguage\":\"hu\"},{\"@type\":\"Organization\",\"@id\":\"https:\/\/www.homewizard.com\/hu\/#organization\",\"name\":\"HomeWizard\",\"url\":\"https:\/\/www.homewizard.com\/hu\/\",\"logo\":{\"@type\":\"ImageObject\",\"inLanguage\":\"hu\",\"@id\":\"https:\/\/www.homewizard.com\/hu\/#\/schema\/logo\/image\/\",\"url\":\"https:\/\/www.homewizard.com\/wp-content\/uploads\/2023\/06\/HomeWizard-icon-on-black.png\",\"contentUrl\":\"https:\/\/www.homewizard.com\/wp-content\/uploads\/2023\/06\/HomeWizard-icon-on-black.png\",\"width\":500,\"height\":500,\"caption\":\"HomeWizard\"},\"image\":{\"@id\":\"https:\/\/www.homewizard.com\/hu\/#\/schema\/logo\/image\/\"},\"sameAs\":[\"https:\/\/www.facebook.com\/HomeWizardBV\/\",\"https:\/\/x.com\/HomeWizard_NL\",\"https:\/\/www.youtube.com\/HomeWizardBV\",\"https:\/\/www.instagram.com\/homewizardenergy\/\"]}]}<\/script>\n<!-- \/ Yoast SEO plugin. -->","yoast_head_json":{"title":"Rendelje meg intelligens Wi-Fi Watermeter\u00e9t! - HomeWizard","description":"Rendelje meg HomeWizard intelligens v\u00edzm\u00e9r\u0151j\u00e9t, \u00e9s fedezze fel v\u00edzfogyaszt\u00e1s\u00e1t! \u2713 Gyors sz\u00e1ll\u00edt\u00e1s \u2713 2 \u00e9v garancia \u2713 ingyenes sz\u00e1ll\u00edt\u00e1s 75 eur\u00f3t\u00f3l","robots":{"index":"index","follow":"follow","max-snippet":"max-snippet:-1","max-image-preview":"max-image-preview:large","max-video-preview":"max-video-preview:-1"},"canonical":"https:\/\/www.homewizard.com\/hu\/shop\/watermeter-wi-fi\/","og_locale":"hu_HU","og_type":"article","og_title":"Rendelje meg intelligens Wi-Fi Watermeter\u00e9t! - HomeWizard","og_description":"Rendelje meg HomeWizard intelligens v\u00edzm\u00e9r\u0151j\u00e9t, \u00e9s fedezze fel v\u00edzfogyaszt\u00e1s\u00e1t! \u2713 Gyors sz\u00e1ll\u00edt\u00e1s \u2713 2 \u00e9v garancia \u2713 ingyenes sz\u00e1ll\u00edt\u00e1s 75 eur\u00f3t\u00f3l","og_url":"https:\/\/www.homewizard.com\/hu\/shop\/watermeter-wi-fi\/","og_site_name":"HomeWizard","article_publisher":"https:\/\/www.facebook.com\/HomeWizardBV\/","article_modified_time":"2026-04-27T15:26:07+00:00","og_image":[{"width":1900,"height":1900,"url":"https:\/\/www.homewizard.com\/wp-content\/uploads\/2022\/06\/Watermeter_side.png","type":"image\/png"}],"twitter_card":"summary_large_image","twitter_site":"@HomeWizard_NL","twitter_misc":{"Becs\u00fclt olvas\u00e1si id\u0151":"3 perc"},"schema":{"@context":"https:\/\/schema.org","@graph":[{"@type":"WebPage","@id":"https:\/\/www.homewizard.com\/hu\/shop\/watermeter-wi-fi\/","url":"https:\/\/www.homewizard.com\/hu\/shop\/watermeter-wi-fi\/","name":"Rendelje meg intelligens Wi-Fi Watermeter\u00e9t! - HomeWizard","isPartOf":{"@id":"https:\/\/www.homewizard.com\/hu\/#website"},"primaryImageOfPage":{"@id":"https:\/\/www.homewizard.com\/hu\/shop\/watermeter-wi-fi\/#primaryimage"},"image":{"@id":"https:\/\/www.homewizard.com\/hu\/shop\/watermeter-wi-fi\/#primaryimage"},"thumbnailUrl":"https:\/\/www.homewizard.com\/wp-content\/uploads\/2022\/06\/Watermeter_side.png","datePublished":"2022-06-03T09:02:27+00:00","dateModified":"2026-04-27T15:26:07+00:00","description":"Rendelje meg HomeWizard intelligens v\u00edzm\u00e9r\u0151j\u00e9t, \u00e9s fedezze fel v\u00edzfogyaszt\u00e1s\u00e1t! \u2713 Gyors sz\u00e1ll\u00edt\u00e1s \u2713 2 \u00e9v garancia \u2713 ingyenes sz\u00e1ll\u00edt\u00e1s 75 eur\u00f3t\u00f3l","breadcrumb":{"@id":"https:\/\/www.homewizard.com\/hu\/shop\/watermeter-wi-fi\/#breadcrumb"},"inLanguage":"hu","potentialAction":[{"@type":"ReadAction","target":["https:\/\/www.homewizard.com\/hu\/shop\/watermeter-wi-fi\/"]}]},{"@type":"ImageObject","inLanguage":"hu","@id":"https:\/\/www.homewizard.com\/hu\/shop\/watermeter-wi-fi\/#primaryimage","url":"https:\/\/www.homewizard.com\/wp-content\/uploads\/2022\/06\/Watermeter_side.png","contentUrl":"https:\/\/www.homewizard.com\/wp-content\/uploads\/2022\/06\/Watermeter_side.png","width":1900,"height":1900,"caption":"HomeWizard Wi-Fi Watermeter"},{"@type":"BreadcrumbList","@id":"https:\/\/www.homewizard.com\/hu\/shop\/watermeter-wi-fi\/#breadcrumb","itemListElement":[{"@type":"ListItem","position":1,"name":"Home","item":"https:\/\/www.homewizard.com\/hu\/"},{"@type":"ListItem","position":2,"name":"Shop","item":"https:\/\/www.homewizard.com\/hu\/shop\/"},{"@type":"ListItem","position":3,"name":"Watermeter"}]},{"@type":"WebSite","@id":"https:\/\/www.homewizard.com\/hu\/#website","url":"https:\/\/www.homewizard.com\/hu\/","name":"HomeWizard","description":"HomeWizard Energy","publisher":{"@id":"https:\/\/www.homewizard.com\/hu\/#organization"},"potentialAction":[{"@type":"SearchAction","target":{"@type":"EntryPoint","urlTemplate":"https:\/\/www.homewizard.com\/hu\/?s={search_term_string}"},"query-input":{"@type":"PropertyValueSpecification","valueRequired":true,"valueName":"search_term_string"}}],"inLanguage":"hu"},{"@type":"Organization","@id":"https:\/\/www.homewizard.com\/hu\/#organization","name":"HomeWizard","url":"https:\/\/www.homewizard.com\/hu\/","logo":{"@type":"ImageObject","inLanguage":"hu","@id":"https:\/\/www.homewizard.com\/hu\/#\/schema\/logo\/image\/","url":"https:\/\/www.homewizard.com\/wp-content\/uploads\/2023\/06\/HomeWizard-icon-on-black.png","contentUrl":"https:\/\/www.homewizard.com\/wp-content\/uploads\/2023\/06\/HomeWizard-icon-on-black.png","width":500,"height":500,"caption":"HomeWizard"},"image":{"@id":"https:\/\/www.homewizard.com\/hu\/#\/schema\/logo\/image\/"},"sameAs":["https:\/\/www.facebook.com\/HomeWizardBV\/","https:\/\/x.com\/HomeWizard_NL","https:\/\/www.youtube.com\/HomeWizardBV","https:\/\/www.instagram.com\/homewizardenergy\/"]}]}},"_links":{"self":[{"href":"https:\/\/www.homewizard.com\/hu\/wp-json\/wp\/v2\/product\/363073","targetHints":{"allow":["GET"]}}],"collection":[{"href":"https:\/\/www.homewizard.com\/hu\/wp-json\/wp\/v2\/product"}],"about":[{"href":"https:\/\/www.homewizard.com\/hu\/wp-json\/wp\/v2\/types\/product"}],"wp:featuredmedia":[{"embeddable":true,"href":"https:\/\/www.homewizard.com\/hu\/wp-json\/wp\/v2\/media\/362701"}],"wp:attachment":[{"href":"https:\/\/www.homewizard.com\/hu\/wp-json\/wp\/v2\/media?parent=363073"}],"wp:term":[{"taxonomy":"product_brand","embeddable":true,"href":"https:\/\/www.homewizard.com\/hu\/wp-json\/wp\/v2\/product_brand?post=363073"},{"taxonomy":"product_cat","embeddable":true,"href":"https:\/\/www.homewizard.com\/hu\/wp-json\/wp\/v2\/product_cat?post=363073"},{"taxonomy":"product_tag","embeddable":true,"href":"https:\/\/www.homewizard.com\/hu\/wp-json\/wp\/v2\/product_tag?post=363073"}],"curies":[{"name":"wp","href":"https:\/\/api.w.org\/{rel}","templated":true}]}}