{"id":363066,"date":"2021-12-07T13:03:26","date_gmt":"2021-12-07T12:03:26","guid":{"rendered":"https:\/\/www.homewizard.com\/shop\/wi-fi-energy-socket\/"},"modified":"2026-04-24T08:22:23","modified_gmt":"2026-04-24T06:22:23","slug":"energy-socket-wi-fi","status":"publish","type":"product","link":"https:\/\/www.homewizard.com\/hu\/shop\/energy-socket-wi-fi\/","title":{"rendered":"Energy Socket"},"content":{"rendered":"\n<p class=\" eplus-wrapper\">Az Energy Socket seg\u00edt megismerni a k\u00e9sz\u00fcl\u00e9kek energiafogyaszt\u00e1s\u00e1t. Helyezze a h\u00e1l\u00f3zati csatlakoz\u00f3ba, csatlakoztassa a k\u00e9sz\u00fcl\u00e9khez, \u00e9s kezdje el a m\u00e9r\u00e9st.<\/p>\n\n<h2 class=\" wp-block-heading eplus-wrapper\">K\u00e9szenl\u00e9ti felhaszn\u00e1l\u00f3k? Letiltva<\/h2>\n\n<p class=\" eplus-wrapper\">Az Energy Socket kikapcsolja a k\u00e9sz\u00fcl\u00e9keit olyan id\u0151pontokban, amikor nincs r\u00e1juk sz\u00fcks\u00e9ge, p\u00e9ld\u00e1ul \u00e9jjel a t\u00e9v\u00e9t \u00e9s a perif\u00e9ri\u00e1kat vagy a konyhai v\u00edzmeleg\u00edt\u0151t. Id\u0151z\u00edt\u0151kkel szab\u00e1lyozhatja, hogy mely k\u00e9sz\u00fcl\u00e9kek legyenek be- vagy kikapcsolva. A k\u00e9szenl\u00e9ti fogyaszt\u00e1s minden 1 wattos cs\u00f6kkent\u00e9se \u00e9vente t\u00f6bb mint 1 176 Ft takar\u00edt meg!<\/p>\n\n<figure class=\"round_corners wp-block-image size-large eplus-wrapper\"><img loading=\"lazy\" decoding=\"async\" width=\"1024\" height=\"640\" src=\"https:\/\/www.homewizard.com\/wp-content\/uploads\/2024\/03\/HomeWizard_Socket_Header_ON-1024x640.jpg\" alt=\"\" class=\"wp-image-590516\" srcset=\"https:\/\/www.homewizard.com\/wp-content\/uploads\/2024\/03\/HomeWizard_Socket_Header_ON-1024x640.jpg 1024w, https:\/\/www.homewizard.com\/wp-content\/uploads\/2024\/03\/HomeWizard_Socket_Header_ON-scaled-800x500.jpg 800w, https:\/\/www.homewizard.com\/wp-content\/uploads\/2024\/03\/HomeWizard_Socket_Header_ON-300x188.jpg 300w, https:\/\/www.homewizard.com\/wp-content\/uploads\/2024\/03\/HomeWizard_Socket_Header_ON-768x480.jpg 768w\" sizes=\"auto, (max-width: 1024px) 100vw, 1024px\" \/><\/figure>\n\n<h2 class=\" wp-block-heading eplus-wrapper\">B\u00e1rmilyen forgat\u00f3k\u00f6nyvh\u00f6z optim\u00e1lis<\/h2>\n<ul class=\" wp-block-list eplus-wrapper eplus-styles-uid-e62d66\">\n<li class=\" eplus-wrapper\"><strong>Sz\u00e9les tartom\u00e1ny<\/strong>: Alkalmas kis \u00e9s nagy k\u00e9sz\u00fcl\u00e9kekhez 1W \u00e9s 3680W k\u00f6z\u00f6tti teljes\u00edtm\u00e9nytartom\u00e1nyban.<\/li>\n\n\n\n<li class=\" eplus-wrapper\"><strong>Pontos<\/strong>: Egyedi kalibr\u00e1l\u00e1s a pontos m\u00e9r\u00e9sekhez (\u00b199,5%).<\/li>\n\n\n\n<li class=\" eplus-wrapper\"><strong>Energiahat\u00e9kony<\/strong>: Alacsony, 1 wattn\u00e1l kisebb saj\u00e1t fogyaszt\u00e1sra optimaliz\u00e1lva.<\/li>\n\n\n\n<li class=\" eplus-wrapper\"><strong>Maxim\u00e1lis terhel\u00e9s<\/strong>: Max. 3680W (16A), Folyamatos terhel\u00e9s: 2760W (12A).<\/li>\n\n\n\n<li class=\" eplus-wrapper\"><strong>T\u00falmeleged\u00e9s elleni v\u00e9delem<\/strong>: Az Energy Socket automatikusan kikapcsol, ha a k\u00e9sz\u00fcl\u00e9k dug\u00f3ja vagy a konnektor \u00e9rintkez\u0151je nem biztons\u00e1gos mennyis\u00e9g\u0171 h\u0151t termel, ami rossz \u00e9rintkez\u00e9st vagy tart\u00f3s maxim\u00e1lis terhel\u00e9st jelez.<\/li>\n<\/ul>\n<h2 class=\" wp-block-heading eplus-wrapper\">Mi van a dobozban<\/h2>\n<ul class=\" wp-block-list eplus-wrapper eplus-styles-uid-43ba98\">\n<li class=\" eplus-wrapper\">Energy Socket<\/li>\n\n\n\n<li class=\" eplus-wrapper\">Gyors \u00fatmutat\u00f3<\/li>\n<\/ul>\n<div style=\"height:32px\" aria-hidden=\"true\" class=\" wp-block-spacer eplus-wrapper\"><\/div>\n\n<p class=\" eplus-wrapper\"><a href=\"https:\/\/www.homewizard.com\/hu\/energy-socket\/\">Tov\u00e1bbi inform\u00e1ci\u00f3 az Energy Socket<\/a><\/p>\n","protected":false},"excerpt":{"rendered":"<p>M\u00e9rje \u00e9s kapcsolja az \u00f6sszes k\u00e9sz\u00fcl\u00e9ket<\/p>\n","protected":false},"featured_media":1012273,"template":"","meta":{"_acf_changed":false,"editor_plus_copied_stylings":"{}"},"product_brand":[],"product_cat":[186,187],"product_tag":[],"class_list":{"0":"post-363066","1":"product","2":"type-product","3":"status-publish","4":"has-post-thumbnail","6":"product_cat-minden","7":"product_cat-termekek","9":"first","10":"instock","11":"taxable","12":"shipping-taxable","13":"purchasable","14":"product-type-simple"},"acf":[],"yoast_head":"<!-- This site is optimized with the Yoast SEO plugin v27.0 - https:\/\/yoast.com\/product\/yoast-seo-wordpress\/ -->\n<title>Rendelje meg Wi-Fi Energy Socket itt \u2013 HomeWizard<\/title>\n<meta name=\"description\" content=\"A HomeWizard Energy Socket seg\u00edts\u00e9g\u00e9vel grafikonokon kereszt\u00fcl nyerhet betekint\u00e9st minden k\u00e9sz\u00fcl\u00e9k fogyaszt\u00e1s\u00e1ba. Rendelje meg Energy Socketet itt!\" \/>\n<meta name=\"robots\" content=\"index, follow, max-snippet:-1, max-image-preview:large, max-video-preview:-1\" \/>\n<link rel=\"canonical\" href=\"https:\/\/www.homewizard.com\/hu\/shop\/energy-socket-wi-fi\/\" \/>\n<meta property=\"og:locale\" content=\"hu_HU\" \/>\n<meta property=\"og:type\" content=\"article\" \/>\n<meta property=\"og:title\" content=\"Rendelje meg Wi-Fi Energy Socket itt \u2013 HomeWizard\" \/>\n<meta property=\"og:description\" content=\"A HomeWizard Energy Socket seg\u00edts\u00e9g\u00e9vel grafikonokon kereszt\u00fcl nyerhet betekint\u00e9st minden k\u00e9sz\u00fcl\u00e9k fogyaszt\u00e1s\u00e1ba. Rendelje meg Energy Socketet itt!\" \/>\n<meta property=\"og:url\" content=\"https:\/\/www.homewizard.com\/hu\/shop\/energy-socket-wi-fi\/\" \/>\n<meta property=\"og:site_name\" content=\"HomeWizard\" \/>\n<meta property=\"article:publisher\" content=\"https:\/\/www.facebook.com\/HomeWizardBV\/\" \/>\n<meta property=\"article:modified_time\" content=\"2026-04-24T06:22:23+00:00\" \/>\n<meta property=\"og:image\" content=\"https:\/\/www.homewizard.com\/wp-content\/uploads\/2021\/12\/Energy-Socket-switched-on.png\" \/>\n\t<meta property=\"og:image:width\" content=\"1000\" \/>\n\t<meta property=\"og:image:height\" content=\"1000\" \/>\n\t<meta property=\"og:image:type\" content=\"image\/png\" \/>\n<meta name=\"twitter:card\" content=\"summary_large_image\" \/>\n<meta name=\"twitter:site\" content=\"@HomeWizard_NL\" \/>\n<meta name=\"twitter:label1\" content=\"Becs\u00fclt olvas\u00e1si id\u0151\" \/>\n\t<meta name=\"twitter:data1\" content=\"1 perc\" \/>\n<script type=\"application\/ld+json\" class=\"yoast-schema-graph\">{\"@context\":\"https:\/\/schema.org\",\"@graph\":[{\"@type\":\"WebPage\",\"@id\":\"https:\/\/www.homewizard.com\/hu\/shop\/energy-socket-wi-fi\/\",\"url\":\"https:\/\/www.homewizard.com\/hu\/shop\/energy-socket-wi-fi\/\",\"name\":\"Rendelje meg Wi-Fi Energy Socket itt \u2013 HomeWizard\",\"isPartOf\":{\"@id\":\"https:\/\/www.homewizard.com\/hu\/#website\"},\"primaryImageOfPage\":{\"@id\":\"https:\/\/www.homewizard.com\/hu\/shop\/energy-socket-wi-fi\/#primaryimage\"},\"image\":{\"@id\":\"https:\/\/www.homewizard.com\/hu\/shop\/energy-socket-wi-fi\/#primaryimage\"},\"thumbnailUrl\":\"https:\/\/www.homewizard.com\/wp-content\/uploads\/2021\/12\/Energy-Socket-switched-on.png\",\"datePublished\":\"2021-12-07T12:03:26+00:00\",\"dateModified\":\"2026-04-24T06:22:23+00:00\",\"description\":\"A HomeWizard Energy Socket seg\u00edts\u00e9g\u00e9vel grafikonokon kereszt\u00fcl nyerhet betekint\u00e9st minden k\u00e9sz\u00fcl\u00e9k fogyaszt\u00e1s\u00e1ba. Rendelje meg Energy Socketet itt!\",\"breadcrumb\":{\"@id\":\"https:\/\/www.homewizard.com\/hu\/shop\/energy-socket-wi-fi\/#breadcrumb\"},\"inLanguage\":\"hu\",\"potentialAction\":[{\"@type\":\"ReadAction\",\"target\":[\"https:\/\/www.homewizard.com\/hu\/shop\/energy-socket-wi-fi\/\"]}]},{\"@type\":\"ImageObject\",\"inLanguage\":\"hu\",\"@id\":\"https:\/\/www.homewizard.com\/hu\/shop\/energy-socket-wi-fi\/#primaryimage\",\"url\":\"https:\/\/www.homewizard.com\/wp-content\/uploads\/2021\/12\/Energy-Socket-switched-on.png\",\"contentUrl\":\"https:\/\/www.homewizard.com\/wp-content\/uploads\/2021\/12\/Energy-Socket-switched-on.png\",\"width\":1000,\"height\":1000},{\"@type\":\"BreadcrumbList\",\"@id\":\"https:\/\/www.homewizard.com\/hu\/shop\/energy-socket-wi-fi\/#breadcrumb\",\"itemListElement\":[{\"@type\":\"ListItem\",\"position\":1,\"name\":\"Home\",\"item\":\"https:\/\/www.homewizard.com\/hu\/\"},{\"@type\":\"ListItem\",\"position\":2,\"name\":\"Shop\",\"item\":\"https:\/\/www.homewizard.com\/hu\/shop\/\"},{\"@type\":\"ListItem\",\"position\":3,\"name\":\"Energy Socket\"}]},{\"@type\":\"WebSite\",\"@id\":\"https:\/\/www.homewizard.com\/hu\/#website\",\"url\":\"https:\/\/www.homewizard.com\/hu\/\",\"name\":\"HomeWizard\",\"description\":\"HomeWizard Energy\",\"publisher\":{\"@id\":\"https:\/\/www.homewizard.com\/hu\/#organization\"},\"potentialAction\":[{\"@type\":\"SearchAction\",\"target\":{\"@type\":\"EntryPoint\",\"urlTemplate\":\"https:\/\/www.homewizard.com\/hu\/?s={search_term_string}\"},\"query-input\":{\"@type\":\"PropertyValueSpecification\",\"valueRequired\":true,\"valueName\":\"search_term_string\"}}],\"inLanguage\":\"hu\"},{\"@type\":\"Organization\",\"@id\":\"https:\/\/www.homewizard.com\/hu\/#organization\",\"name\":\"HomeWizard\",\"url\":\"https:\/\/www.homewizard.com\/hu\/\",\"logo\":{\"@type\":\"ImageObject\",\"inLanguage\":\"hu\",\"@id\":\"https:\/\/www.homewizard.com\/hu\/#\/schema\/logo\/image\/\",\"url\":\"https:\/\/www.homewizard.com\/wp-content\/uploads\/2023\/06\/HomeWizard-icon-on-black.png\",\"contentUrl\":\"https:\/\/www.homewizard.com\/wp-content\/uploads\/2023\/06\/HomeWizard-icon-on-black.png\",\"width\":500,\"height\":500,\"caption\":\"HomeWizard\"},\"image\":{\"@id\":\"https:\/\/www.homewizard.com\/hu\/#\/schema\/logo\/image\/\"},\"sameAs\":[\"https:\/\/www.facebook.com\/HomeWizardBV\/\",\"https:\/\/x.com\/HomeWizard_NL\",\"https:\/\/www.youtube.com\/HomeWizardBV\",\"https:\/\/www.instagram.com\/homewizardenergy\/\"]}]}<\/script>\n<!-- \/ Yoast SEO plugin. -->","yoast_head_json":{"title":"Rendelje meg Wi-Fi Energy Socket itt \u2013 HomeWizard","description":"A HomeWizard Energy Socket seg\u00edts\u00e9g\u00e9vel grafikonokon kereszt\u00fcl nyerhet betekint\u00e9st minden k\u00e9sz\u00fcl\u00e9k fogyaszt\u00e1s\u00e1ba. Rendelje meg Energy Socketet itt!","robots":{"index":"index","follow":"follow","max-snippet":"max-snippet:-1","max-image-preview":"max-image-preview:large","max-video-preview":"max-video-preview:-1"},"canonical":"https:\/\/www.homewizard.com\/hu\/shop\/energy-socket-wi-fi\/","og_locale":"hu_HU","og_type":"article","og_title":"Rendelje meg Wi-Fi Energy Socket itt \u2013 HomeWizard","og_description":"A HomeWizard Energy Socket seg\u00edts\u00e9g\u00e9vel grafikonokon kereszt\u00fcl nyerhet betekint\u00e9st minden k\u00e9sz\u00fcl\u00e9k fogyaszt\u00e1s\u00e1ba. Rendelje meg Energy Socketet itt!","og_url":"https:\/\/www.homewizard.com\/hu\/shop\/energy-socket-wi-fi\/","og_site_name":"HomeWizard","article_publisher":"https:\/\/www.facebook.com\/HomeWizardBV\/","article_modified_time":"2026-04-24T06:22:23+00:00","og_image":[{"width":1000,"height":1000,"url":"https:\/\/www.homewizard.com\/wp-content\/uploads\/2021\/12\/Energy-Socket-switched-on.png","type":"image\/png"}],"twitter_card":"summary_large_image","twitter_site":"@HomeWizard_NL","twitter_misc":{"Becs\u00fclt olvas\u00e1si id\u0151":"1 perc"},"schema":{"@context":"https:\/\/schema.org","@graph":[{"@type":"WebPage","@id":"https:\/\/www.homewizard.com\/hu\/shop\/energy-socket-wi-fi\/","url":"https:\/\/www.homewizard.com\/hu\/shop\/energy-socket-wi-fi\/","name":"Rendelje meg Wi-Fi Energy Socket itt \u2013 HomeWizard","isPartOf":{"@id":"https:\/\/www.homewizard.com\/hu\/#website"},"primaryImageOfPage":{"@id":"https:\/\/www.homewizard.com\/hu\/shop\/energy-socket-wi-fi\/#primaryimage"},"image":{"@id":"https:\/\/www.homewizard.com\/hu\/shop\/energy-socket-wi-fi\/#primaryimage"},"thumbnailUrl":"https:\/\/www.homewizard.com\/wp-content\/uploads\/2021\/12\/Energy-Socket-switched-on.png","datePublished":"2021-12-07T12:03:26+00:00","dateModified":"2026-04-24T06:22:23+00:00","description":"A HomeWizard Energy Socket seg\u00edts\u00e9g\u00e9vel grafikonokon kereszt\u00fcl nyerhet betekint\u00e9st minden k\u00e9sz\u00fcl\u00e9k fogyaszt\u00e1s\u00e1ba. Rendelje meg Energy Socketet itt!","breadcrumb":{"@id":"https:\/\/www.homewizard.com\/hu\/shop\/energy-socket-wi-fi\/#breadcrumb"},"inLanguage":"hu","potentialAction":[{"@type":"ReadAction","target":["https:\/\/www.homewizard.com\/hu\/shop\/energy-socket-wi-fi\/"]}]},{"@type":"ImageObject","inLanguage":"hu","@id":"https:\/\/www.homewizard.com\/hu\/shop\/energy-socket-wi-fi\/#primaryimage","url":"https:\/\/www.homewizard.com\/wp-content\/uploads\/2021\/12\/Energy-Socket-switched-on.png","contentUrl":"https:\/\/www.homewizard.com\/wp-content\/uploads\/2021\/12\/Energy-Socket-switched-on.png","width":1000,"height":1000},{"@type":"BreadcrumbList","@id":"https:\/\/www.homewizard.com\/hu\/shop\/energy-socket-wi-fi\/#breadcrumb","itemListElement":[{"@type":"ListItem","position":1,"name":"Home","item":"https:\/\/www.homewizard.com\/hu\/"},{"@type":"ListItem","position":2,"name":"Shop","item":"https:\/\/www.homewizard.com\/hu\/shop\/"},{"@type":"ListItem","position":3,"name":"Energy Socket"}]},{"@type":"WebSite","@id":"https:\/\/www.homewizard.com\/hu\/#website","url":"https:\/\/www.homewizard.com\/hu\/","name":"HomeWizard","description":"HomeWizard Energy","publisher":{"@id":"https:\/\/www.homewizard.com\/hu\/#organization"},"potentialAction":[{"@type":"SearchAction","target":{"@type":"EntryPoint","urlTemplate":"https:\/\/www.homewizard.com\/hu\/?s={search_term_string}"},"query-input":{"@type":"PropertyValueSpecification","valueRequired":true,"valueName":"search_term_string"}}],"inLanguage":"hu"},{"@type":"Organization","@id":"https:\/\/www.homewizard.com\/hu\/#organization","name":"HomeWizard","url":"https:\/\/www.homewizard.com\/hu\/","logo":{"@type":"ImageObject","inLanguage":"hu","@id":"https:\/\/www.homewizard.com\/hu\/#\/schema\/logo\/image\/","url":"https:\/\/www.homewizard.com\/wp-content\/uploads\/2023\/06\/HomeWizard-icon-on-black.png","contentUrl":"https:\/\/www.homewizard.com\/wp-content\/uploads\/2023\/06\/HomeWizard-icon-on-black.png","width":500,"height":500,"caption":"HomeWizard"},"image":{"@id":"https:\/\/www.homewizard.com\/hu\/#\/schema\/logo\/image\/"},"sameAs":["https:\/\/www.facebook.com\/HomeWizardBV\/","https:\/\/x.com\/HomeWizard_NL","https:\/\/www.youtube.com\/HomeWizardBV","https:\/\/www.instagram.com\/homewizardenergy\/"]}]}},"_links":{"self":[{"href":"https:\/\/www.homewizard.com\/hu\/wp-json\/wp\/v2\/product\/363066","targetHints":{"allow":["GET"]}}],"collection":[{"href":"https:\/\/www.homewizard.com\/hu\/wp-json\/wp\/v2\/product"}],"about":[{"href":"https:\/\/www.homewizard.com\/hu\/wp-json\/wp\/v2\/types\/product"}],"wp:featuredmedia":[{"embeddable":true,"href":"https:\/\/www.homewizard.com\/hu\/wp-json\/wp\/v2\/media\/1012273"}],"wp:attachment":[{"href":"https:\/\/www.homewizard.com\/hu\/wp-json\/wp\/v2\/media?parent=363066"}],"wp:term":[{"taxonomy":"product_brand","embeddable":true,"href":"https:\/\/www.homewizard.com\/hu\/wp-json\/wp\/v2\/product_brand?post=363066"},{"taxonomy":"product_cat","embeddable":true,"href":"https:\/\/www.homewizard.com\/hu\/wp-json\/wp\/v2\/product_cat?post=363066"},{"taxonomy":"product_tag","embeddable":true,"href":"https:\/\/www.homewizard.com\/hu\/wp-json\/wp\/v2\/product_tag?post=363066"}],"curies":[{"name":"wp","href":"https:\/\/api.w.org\/{rel}","templated":true}]}}