{"id":363064,"date":"2021-12-07T15:32:03","date_gmt":"2021-12-07T14:32:03","guid":{"rendered":"https:\/\/www.homewizard.com\/shop\/active-p1-splitter\/"},"modified":"2025-08-28T18:22:52","modified_gmt":"2025-08-28T16:22:52","slug":"aktiv-p1-splitter","status":"publish","type":"product","link":"https:\/\/www.homewizard.com\/hu\/shop\/aktiv-p1-splitter\/","title":{"rendered":"Akt\u00edv P1 Splitter"},"content":{"rendered":"\n<p class=\" eplus-wrapper\">Az akt\u00edv P1 Splitterrel egy P1-portot h\u00e1rom P1-portt\u00e1 alak\u00edthat. P\u00e9ld\u00e1ul egy HomeWizard P1 Metert haszn\u00e1lhat egy t\u00f6lt\u0151\u00e1llom\u00e1ssal vagy m\u00e1s P1-k\u00e9sz\u00fcl\u00e9kekkel egy\u00fctt.<\/p>\n\n<h2 class=\" wp-block-heading eplus-wrapper\">Minden intelligens fogyaszt\u00e1sm\u00e9r\u0151vel \u00e9s P1 k\u00e9sz\u00fcl\u00e9kkel m\u0171k\u00f6dik.<\/h2>\n\n<p class=\" eplus-wrapper\">A HomeWizard P1 Splitter 3 izol\u00e1lt P1 adatjelet hoz l\u00e9tre. Ennek eredm\u00e9nyek\u00e9nt a P1 Meter hib\u00e1tlanul \u00e9s megb\u00edzhat\u00f3an m\u0171k\u00f6dik minden aut\u00f3s t\u00f6lt\u0151\u00e1llom\u00e1ssal vagy m\u00e1s P1-k\u00e9sz\u00fcl\u00e9kkel, ellent\u00e9tben a hagyom\u00e1nyos eloszt\u00f3kkal.<\/p>\n\n<h2 class=\" wp-block-heading eplus-wrapper\">Be\u00e9p\u00edtett jeler\u0151s\u00edt\u0151k.<\/h2>\n\n<p class=\" eplus-wrapper\">A Splitter ak\u00e1r 500%-kal is k\u00e9pes feler\u0151s\u00edteni a bej\u00f6v\u0151 jeleket a megb\u00edzhat\u00f3 kapcsolat \u00e9rdek\u00e9ben. Az er\u0151s\u00edt\u0151k lehet\u0151v\u00e9 teszik a nagy t\u00e1vols\u00e1gban l\u00e9v\u0151 P1-k\u00e9sz\u00fcl\u00e9kek csatlakoztat\u00e1s\u00e1t is.<\/p>\n\n<div class=\" wp-block-media-text has-media-on-the-right is-stacked-on-mobile eplus-wrapper\" style=\"grid-template-columns:auto 40%\"><div class=\"wp-block-media-text__content\">\n<h2 class=\" wp-block-heading eplus-wrapper\">Rugalmas \u00e1ramell\u00e1t\u00e1s.<\/h2>\n\n\n\n<p class=\" eplus-wrapper\">A P1 Splitter \u00e1ramell\u00e1t\u00e1sa t\u00f6bbf\u00e9lek\u00e9ppen is megval\u00f3s\u00edthat\u00f3.<\/p>\n\n\n<ul class=\"eplus-wrapper wp-block-list eplus-styles-uid-ff602d\">\n<li class=\" eplus-wrapper\"><strong>Intelligens fogyaszt\u00e1sm\u00e9r\u0151: <\/strong>Az intelligens fogyaszt\u00e1sm\u00e9r\u0151 P1-k\u00e1bel\u00e9n kereszt\u00fcl (SMR 5 vagy \u00fajabb). Nincs sz\u00fcks\u00e9g k\u00fcls\u0151 \u00e1ramell\u00e1t\u00e1sra.<\/li>\n\n\n\n<li class=\" eplus-wrapper\"><strong>USB-C<\/strong>: K\u00fcls\u0151 h\u00e1l\u00f3zati adapter (5V 1A).<\/li>\n\n\n\n<li class=\" eplus-wrapper\"><strong>P1 Meter<\/strong>: Az egyik porton kereszt\u00fcl egy USB-csatlakoz\u00e1ssal rendelkez\u0151 HomeWizard P1 Meter.<\/li>\n<\/ul><\/div><figure class=\"wp-block-media-text__media\"><img loading=\"lazy\" decoding=\"async\" width=\"1024\" height=\"1024\" src=\"https:\/\/www.homewizard.com\/wp-content\/uploads\/2021\/12\/P1_splitter_angle-1024x1024.png\" alt=\"HomeWizard akt\u00edv P1 Splitter\" class=\"wp-image-4654 size-full\" srcset=\"https:\/\/www.homewizard.com\/wp-content\/uploads\/2021\/12\/P1_splitter_angle-1024x1024.png 1024w, https:\/\/www.homewizard.com\/wp-content\/uploads\/2021\/12\/P1_splitter_angle-500x500.png 500w, https:\/\/www.homewizard.com\/wp-content\/uploads\/2021\/12\/P1_splitter_angle-124x124.png 124w, https:\/\/www.homewizard.com\/wp-content\/uploads\/2021\/12\/P1_splitter_angle-800x800.png 800w, https:\/\/www.homewizard.com\/wp-content\/uploads\/2021\/12\/P1_splitter_angle-300x300.png 300w, https:\/\/www.homewizard.com\/wp-content\/uploads\/2021\/12\/P1_splitter_angle-150x150.png 150w, https:\/\/www.homewizard.com\/wp-content\/uploads\/2021\/12\/P1_splitter_angle-768x768.png 768w, https:\/\/www.homewizard.com\/wp-content\/uploads\/2021\/12\/P1_splitter_angle-400x400.png 400w, https:\/\/www.homewizard.com\/wp-content\/uploads\/2021\/12\/P1_splitter_angle-600x600.png 600w\" sizes=\"auto, (max-width: 1024px) 100vw, 1024px\" \/><\/figure><\/div>\n\n<h2 class=\" wp-block-heading eplus-wrapper\">N\u00e9zze meg azonnal, hogy minden m\u0171k\u00f6dik-e.<\/h2>\n\n<p class=\" eplus-wrapper\">K\u00f6nnyed\u00e9n ellen\u0151rizheti, hogy a P1-port vagy a P1-k\u00e9sz\u00fcl\u00e9kek m\u0171k\u00f6dnek-e. A PWR LED jelzi, hogy a Splitter m\u0171k\u00f6dik (narancss\u00e1rga), \u00e9s hogy a Splitter er\u0151s\u00edt\u0151i be vannak-e kapcsolva (z\u00f6ld). L\u00e1thatja, hogy a csatlakoztatott eszk\u00f6z\u00f6k mikor k\u00e9rnek adatokat, \u00e9s milyen az adatfrekvencia a P1-porton (P1 IN). \u00cdgy a Splitteren k\u00f6zvetlen\u00fcl l\u00e1thatja, hogy a csatlakoztatott k\u00e9sz\u00fcl\u00e9kek \u00e9s k\u00e1belek megfelel\u0151en m\u0171k\u00f6dnek-e.<\/p>\n\n<h2 class=\" wp-block-heading eplus-wrapper\">Mi van a dobozban.<\/h2>\n<ul class=\"eplus-wrapper wp-block-list eplus-styles-uid-386c19\">\n<li class=\" eplus-wrapper\">Akt\u00edv P1 Splitter<\/li>\n\n\n\n<li class=\" eplus-wrapper\">RJ12 k\u00e1bel<\/li>\n<\/ul>","protected":false},"excerpt":{"rendered":"<p>Csatlakoztasson t\u00f6bb k\u00e9sz\u00fcl\u00e9ket a P1-porthoz.<\/p>\n","protected":false},"featured_media":362695,"template":"","meta":{"_acf_changed":false,"editor_plus_copied_stylings":"{}"},"product_brand":[],"product_cat":[186,187],"product_tag":[],"class_list":{"0":"post-363064","1":"product","2":"type-product","3":"status-publish","4":"has-post-thumbnail","6":"product_cat-minden","7":"product_cat-termekek","9":"first","10":"onbackorder","11":"taxable","12":"shipping-taxable","13":"purchasable","14":"product-type-simple"},"acf":[],"yoast_head":"<!-- This site is optimized with the Yoast SEO plugin v27.0 - https:\/\/yoast.com\/product\/yoast-seo-wordpress\/ -->\n<title>Rendelje meg akt\u00edv P1 Splitter\u00e9t itt \u2013 HomeWizard<\/title>\n<meta name=\"description\" content=\"B\u0151v\u00edtse az intelligens fogyaszt\u00e1sm\u00e9r\u0151 P1-portj\u00e1t az akt\u00edv P1 Splitterrel. Egyszerre ak\u00e1r 3 P1-k\u00e9sz\u00fcl\u00e9ket is csatlakoztathat.\" \/>\n<meta name=\"robots\" content=\"index, follow, max-snippet:-1, max-image-preview:large, max-video-preview:-1\" \/>\n<link rel=\"canonical\" href=\"https:\/\/www.homewizard.com\/hu\/shop\/aktiv-p1-splitter\/\" \/>\n<meta property=\"og:locale\" content=\"hu_HU\" \/>\n<meta property=\"og:type\" content=\"article\" \/>\n<meta property=\"og:title\" content=\"Rendelje meg akt\u00edv P1 Splitter\u00e9t itt \u2013 HomeWizard\" \/>\n<meta property=\"og:description\" content=\"B\u0151v\u00edtse az intelligens fogyaszt\u00e1sm\u00e9r\u0151 P1-portj\u00e1t az akt\u00edv P1 Splitterrel. Egyszerre ak\u00e1r 3 P1-k\u00e9sz\u00fcl\u00e9ket is csatlakoztathat.\" \/>\n<meta property=\"og:url\" content=\"https:\/\/www.homewizard.com\/hu\/shop\/aktiv-p1-splitter\/\" \/>\n<meta property=\"og:site_name\" content=\"HomeWizard\" \/>\n<meta property=\"article:publisher\" content=\"https:\/\/www.facebook.com\/HomeWizardBV\/\" \/>\n<meta property=\"article:modified_time\" content=\"2025-08-28T16:22:52+00:00\" \/>\n<meta property=\"og:image\" content=\"https:\/\/www.homewizard.com\/wp-content\/uploads\/2021\/12\/Artboard.png\" \/>\n\t<meta property=\"og:image:width\" content=\"2400\" \/>\n\t<meta property=\"og:image:height\" content=\"2400\" \/>\n\t<meta property=\"og:image:type\" content=\"image\/png\" \/>\n<meta name=\"twitter:card\" content=\"summary_large_image\" \/>\n<meta name=\"twitter:site\" content=\"@HomeWizard_NL\" \/>\n<meta name=\"twitter:label1\" content=\"Becs\u00fclt olvas\u00e1si id\u0151\" \/>\n\t<meta name=\"twitter:data1\" content=\"1 perc\" \/>\n<script type=\"application\/ld+json\" class=\"yoast-schema-graph\">{\"@context\":\"https:\/\/schema.org\",\"@graph\":[{\"@type\":\"WebPage\",\"@id\":\"https:\/\/www.homewizard.com\/hu\/shop\/aktiv-p1-splitter\/\",\"url\":\"https:\/\/www.homewizard.com\/hu\/shop\/aktiv-p1-splitter\/\",\"name\":\"Rendelje meg akt\u00edv P1 Splitter\u00e9t itt \u2013 HomeWizard\",\"isPartOf\":{\"@id\":\"https:\/\/www.homewizard.com\/hu\/#website\"},\"primaryImageOfPage\":{\"@id\":\"https:\/\/www.homewizard.com\/hu\/shop\/aktiv-p1-splitter\/#primaryimage\"},\"image\":{\"@id\":\"https:\/\/www.homewizard.com\/hu\/shop\/aktiv-p1-splitter\/#primaryimage\"},\"thumbnailUrl\":\"https:\/\/www.homewizard.com\/wp-content\/uploads\/2021\/12\/Artboard.png\",\"datePublished\":\"2021-12-07T14:32:03+00:00\",\"dateModified\":\"2025-08-28T16:22:52+00:00\",\"description\":\"B\u0151v\u00edtse az intelligens fogyaszt\u00e1sm\u00e9r\u0151 P1-portj\u00e1t az akt\u00edv P1 Splitterrel. Egyszerre ak\u00e1r 3 P1-k\u00e9sz\u00fcl\u00e9ket is csatlakoztathat.\",\"breadcrumb\":{\"@id\":\"https:\/\/www.homewizard.com\/hu\/shop\/aktiv-p1-splitter\/#breadcrumb\"},\"inLanguage\":\"hu\",\"potentialAction\":[{\"@type\":\"ReadAction\",\"target\":[\"https:\/\/www.homewizard.com\/hu\/shop\/aktiv-p1-splitter\/\"]}]},{\"@type\":\"ImageObject\",\"inLanguage\":\"hu\",\"@id\":\"https:\/\/www.homewizard.com\/hu\/shop\/aktiv-p1-splitter\/#primaryimage\",\"url\":\"https:\/\/www.homewizard.com\/wp-content\/uploads\/2021\/12\/Artboard.png\",\"contentUrl\":\"https:\/\/www.homewizard.com\/wp-content\/uploads\/2021\/12\/Artboard.png\",\"width\":2400,\"height\":2400},{\"@type\":\"BreadcrumbList\",\"@id\":\"https:\/\/www.homewizard.com\/hu\/shop\/aktiv-p1-splitter\/#breadcrumb\",\"itemListElement\":[{\"@type\":\"ListItem\",\"position\":1,\"name\":\"Home\",\"item\":\"https:\/\/www.homewizard.com\/hu\/\"},{\"@type\":\"ListItem\",\"position\":2,\"name\":\"Shop\",\"item\":\"https:\/\/www.homewizard.com\/hu\/shop\/\"},{\"@type\":\"ListItem\",\"position\":3,\"name\":\"Akt\u00edv P1 Splitter\"}]},{\"@type\":\"WebSite\",\"@id\":\"https:\/\/www.homewizard.com\/hu\/#website\",\"url\":\"https:\/\/www.homewizard.com\/hu\/\",\"name\":\"HomeWizard\",\"description\":\"HomeWizard Energy\",\"publisher\":{\"@id\":\"https:\/\/www.homewizard.com\/hu\/#organization\"},\"potentialAction\":[{\"@type\":\"SearchAction\",\"target\":{\"@type\":\"EntryPoint\",\"urlTemplate\":\"https:\/\/www.homewizard.com\/hu\/?s={search_term_string}\"},\"query-input\":{\"@type\":\"PropertyValueSpecification\",\"valueRequired\":true,\"valueName\":\"search_term_string\"}}],\"inLanguage\":\"hu\"},{\"@type\":\"Organization\",\"@id\":\"https:\/\/www.homewizard.com\/hu\/#organization\",\"name\":\"HomeWizard\",\"url\":\"https:\/\/www.homewizard.com\/hu\/\",\"logo\":{\"@type\":\"ImageObject\",\"inLanguage\":\"hu\",\"@id\":\"https:\/\/www.homewizard.com\/hu\/#\/schema\/logo\/image\/\",\"url\":\"https:\/\/www.homewizard.com\/wp-content\/uploads\/2023\/06\/HomeWizard-icon-on-black.png\",\"contentUrl\":\"https:\/\/www.homewizard.com\/wp-content\/uploads\/2023\/06\/HomeWizard-icon-on-black.png\",\"width\":500,\"height\":500,\"caption\":\"HomeWizard\"},\"image\":{\"@id\":\"https:\/\/www.homewizard.com\/hu\/#\/schema\/logo\/image\/\"},\"sameAs\":[\"https:\/\/www.facebook.com\/HomeWizardBV\/\",\"https:\/\/x.com\/HomeWizard_NL\",\"https:\/\/www.youtube.com\/HomeWizardBV\",\"https:\/\/www.instagram.com\/homewizardenergy\/\"]}]}<\/script>\n<!-- \/ Yoast SEO plugin. -->","yoast_head_json":{"title":"Rendelje meg akt\u00edv P1 Splitter\u00e9t itt \u2013 HomeWizard","description":"B\u0151v\u00edtse az intelligens fogyaszt\u00e1sm\u00e9r\u0151 P1-portj\u00e1t az akt\u00edv P1 Splitterrel. Egyszerre ak\u00e1r 3 P1-k\u00e9sz\u00fcl\u00e9ket is csatlakoztathat.","robots":{"index":"index","follow":"follow","max-snippet":"max-snippet:-1","max-image-preview":"max-image-preview:large","max-video-preview":"max-video-preview:-1"},"canonical":"https:\/\/www.homewizard.com\/hu\/shop\/aktiv-p1-splitter\/","og_locale":"hu_HU","og_type":"article","og_title":"Rendelje meg akt\u00edv P1 Splitter\u00e9t itt \u2013 HomeWizard","og_description":"B\u0151v\u00edtse az intelligens fogyaszt\u00e1sm\u00e9r\u0151 P1-portj\u00e1t az akt\u00edv P1 Splitterrel. Egyszerre ak\u00e1r 3 P1-k\u00e9sz\u00fcl\u00e9ket is csatlakoztathat.","og_url":"https:\/\/www.homewizard.com\/hu\/shop\/aktiv-p1-splitter\/","og_site_name":"HomeWizard","article_publisher":"https:\/\/www.facebook.com\/HomeWizardBV\/","article_modified_time":"2025-08-28T16:22:52+00:00","og_image":[{"width":2400,"height":2400,"url":"https:\/\/www.homewizard.com\/wp-content\/uploads\/2021\/12\/Artboard.png","type":"image\/png"}],"twitter_card":"summary_large_image","twitter_site":"@HomeWizard_NL","twitter_misc":{"Becs\u00fclt olvas\u00e1si id\u0151":"1 perc"},"schema":{"@context":"https:\/\/schema.org","@graph":[{"@type":"WebPage","@id":"https:\/\/www.homewizard.com\/hu\/shop\/aktiv-p1-splitter\/","url":"https:\/\/www.homewizard.com\/hu\/shop\/aktiv-p1-splitter\/","name":"Rendelje meg akt\u00edv P1 Splitter\u00e9t itt \u2013 HomeWizard","isPartOf":{"@id":"https:\/\/www.homewizard.com\/hu\/#website"},"primaryImageOfPage":{"@id":"https:\/\/www.homewizard.com\/hu\/shop\/aktiv-p1-splitter\/#primaryimage"},"image":{"@id":"https:\/\/www.homewizard.com\/hu\/shop\/aktiv-p1-splitter\/#primaryimage"},"thumbnailUrl":"https:\/\/www.homewizard.com\/wp-content\/uploads\/2021\/12\/Artboard.png","datePublished":"2021-12-07T14:32:03+00:00","dateModified":"2025-08-28T16:22:52+00:00","description":"B\u0151v\u00edtse az intelligens fogyaszt\u00e1sm\u00e9r\u0151 P1-portj\u00e1t az akt\u00edv P1 Splitterrel. Egyszerre ak\u00e1r 3 P1-k\u00e9sz\u00fcl\u00e9ket is csatlakoztathat.","breadcrumb":{"@id":"https:\/\/www.homewizard.com\/hu\/shop\/aktiv-p1-splitter\/#breadcrumb"},"inLanguage":"hu","potentialAction":[{"@type":"ReadAction","target":["https:\/\/www.homewizard.com\/hu\/shop\/aktiv-p1-splitter\/"]}]},{"@type":"ImageObject","inLanguage":"hu","@id":"https:\/\/www.homewizard.com\/hu\/shop\/aktiv-p1-splitter\/#primaryimage","url":"https:\/\/www.homewizard.com\/wp-content\/uploads\/2021\/12\/Artboard.png","contentUrl":"https:\/\/www.homewizard.com\/wp-content\/uploads\/2021\/12\/Artboard.png","width":2400,"height":2400},{"@type":"BreadcrumbList","@id":"https:\/\/www.homewizard.com\/hu\/shop\/aktiv-p1-splitter\/#breadcrumb","itemListElement":[{"@type":"ListItem","position":1,"name":"Home","item":"https:\/\/www.homewizard.com\/hu\/"},{"@type":"ListItem","position":2,"name":"Shop","item":"https:\/\/www.homewizard.com\/hu\/shop\/"},{"@type":"ListItem","position":3,"name":"Akt\u00edv P1 Splitter"}]},{"@type":"WebSite","@id":"https:\/\/www.homewizard.com\/hu\/#website","url":"https:\/\/www.homewizard.com\/hu\/","name":"HomeWizard","description":"HomeWizard Energy","publisher":{"@id":"https:\/\/www.homewizard.com\/hu\/#organization"},"potentialAction":[{"@type":"SearchAction","target":{"@type":"EntryPoint","urlTemplate":"https:\/\/www.homewizard.com\/hu\/?s={search_term_string}"},"query-input":{"@type":"PropertyValueSpecification","valueRequired":true,"valueName":"search_term_string"}}],"inLanguage":"hu"},{"@type":"Organization","@id":"https:\/\/www.homewizard.com\/hu\/#organization","name":"HomeWizard","url":"https:\/\/www.homewizard.com\/hu\/","logo":{"@type":"ImageObject","inLanguage":"hu","@id":"https:\/\/www.homewizard.com\/hu\/#\/schema\/logo\/image\/","url":"https:\/\/www.homewizard.com\/wp-content\/uploads\/2023\/06\/HomeWizard-icon-on-black.png","contentUrl":"https:\/\/www.homewizard.com\/wp-content\/uploads\/2023\/06\/HomeWizard-icon-on-black.png","width":500,"height":500,"caption":"HomeWizard"},"image":{"@id":"https:\/\/www.homewizard.com\/hu\/#\/schema\/logo\/image\/"},"sameAs":["https:\/\/www.facebook.com\/HomeWizardBV\/","https:\/\/x.com\/HomeWizard_NL","https:\/\/www.youtube.com\/HomeWizardBV","https:\/\/www.instagram.com\/homewizardenergy\/"]}]}},"_links":{"self":[{"href":"https:\/\/www.homewizard.com\/hu\/wp-json\/wp\/v2\/product\/363064","targetHints":{"allow":["GET"]}}],"collection":[{"href":"https:\/\/www.homewizard.com\/hu\/wp-json\/wp\/v2\/product"}],"about":[{"href":"https:\/\/www.homewizard.com\/hu\/wp-json\/wp\/v2\/types\/product"}],"wp:featuredmedia":[{"embeddable":true,"href":"https:\/\/www.homewizard.com\/hu\/wp-json\/wp\/v2\/media\/362695"}],"wp:attachment":[{"href":"https:\/\/www.homewizard.com\/hu\/wp-json\/wp\/v2\/media?parent=363064"}],"wp:term":[{"taxonomy":"product_brand","embeddable":true,"href":"https:\/\/www.homewizard.com\/hu\/wp-json\/wp\/v2\/product_brand?post=363064"},{"taxonomy":"product_cat","embeddable":true,"href":"https:\/\/www.homewizard.com\/hu\/wp-json\/wp\/v2\/product_cat?post=363064"},{"taxonomy":"product_tag","embeddable":true,"href":"https:\/\/www.homewizard.com\/hu\/wp-json\/wp\/v2\/product_tag?post=363064"}],"curies":[{"name":"wp","href":"https:\/\/api.w.org\/{rel}","templated":true}]}}