{"id":363060,"date":"2023-03-21T11:12:08","date_gmt":"2023-03-21T10:12:08","guid":{"rendered":"https:\/\/www.homewizard.com\/shop\/energia-plusz\/"},"modified":"2026-03-25T10:34:01","modified_gmt":"2026-03-25T09:34:01","slug":"energy-plus","status":"publish","type":"product","link":"https:\/\/www.homewizard.com\/hu\/shop\/energy-plus\/","title":{"rendered":"Energy+ el\u0151fizet\u00e9s"},"content":{"rendered":"\n<h2 class=\" wp-block-heading eplus-wrapper\">\u00c9ves Energy+ el\u0151fizet\u00e9s<\/h2>\n\n<p class=\" eplus-wrapper\">Az Energy+ egy HomeWizard el\u0151fizet\u00e9s, amely tov\u00e1bbi funkci\u00f3kat biztos\u00edt az HomeWizard alkalmaz\u00e1sban:<\/p>\n<ul class=\" wp-block-list eplus-wrapper eplus-styles-uid-a172a7\">\n<li class=\" eplus-wrapper\">Ismerje meg a k\u00e9szenl\u00e9ti fogyaszt\u00e1st<\/li>\n\n\n\n<li class=\" eplus-wrapper\">T\u00f6bb \u00e9ves t\u00e1rol\u00e1s<\/li>\n\n\n\n<li class=\" eplus-wrapper\">\u00c9rtes\u00edt\u00e9st kap, ha szokatlan energiafogyaszt\u00e1s \u00e9szlelhet\u0151<\/li>\n\n\n\n<li class=\" eplus-wrapper\">Inverter csatlakoz\u00e1s: megnyit egy grafikont a napenergia-termel\u00e9sr\u0151l<\/li>\n\n\n\n<li class=\" eplus-wrapper\"><p class=\"text-node\" data-pm-slice='1 1 [\"bullet_list\",{},\"list_item\",{}]'>\u00d6nell\u00e1totts\u00e1gi grafikon: l\u00e1thatja, hogy a megtermelt napenergia mekkora r\u00e9sz\u00e9t fogyasztja el k\u00f6zvetlen\u00fcl<\/p><\/li>\n\n\n\n<li class=\" eplus-wrapper\">3-f\u00e1zis\u00fa betekint\u00e9s (f\u00e1zisonk\u00e9nti haszn\u00e1lat)<\/li>\n\n\n\n<li class=\" eplus-wrapper\">Intelligens kapcsol\u00e1s az <a href=\"https:\/\/www.homewizard.com\/hu\/energy-socket\/\">Energy Socket<\/a><\/li>\n\n\n\n<li class=\" eplus-wrapper\">Adatok export\u00e1l\u00e1sa Excelbe (CSV)<\/li>\n<\/ul>\n<p class=\" eplus-wrapper\"><a href=\"https:\/\/www.homewizard.com\/hu\/energy-plus\/\">Tov\u00e1bbi inform\u00e1ci\u00f3 az Energy+ -r\u00f3l<\/a><\/p>\n\n<p class=\" eplus-wrapper\">Az el\u0151fizet\u00e9s mind\u00f6ssze 4 199 Ft ker\u00fcl \u00e9vente, ha a weboldalon kereszt\u00fcl fizet el\u0151. B\u00e1rmikor lemondhatja, \u00e9s \u00e9vente automatikusan kisz\u00e1ml\u00e1zzuk. Fizessen egyszer\u0171en az \u00d6n \u00e1ltal v\u00e1lasztott fizet\u00e9si m\u00f3ddal: iDEAL, Bancontact vagy bankk\u00e1rtya (pl. Visa, Mastercard \u00e9s American Express).<\/p>\n\n<figure class=\" wp-block-image size-large is-resized eplus-wrapper\"><img decoding=\"async\" src=\"https:\/\/www.homewizard.com\/wp-content\/uploads\/2024\/07\/Payment-options-Energy-HomeWizard-subscription-1024x145-HU.jpg\" alt=\"\" class=\"wp-image-298953\" style=\"width:557px;height:79px\"\/><\/figure>\n\n<p class=\" eplus-wrapper\"><\/p>\n\n<div class=\" wp-block-media-text has-media-on-the-right is-stacked-on-mobile eplus-wrapper\" style=\"grid-template-columns:auto 34%\"><div class=\"wp-block-media-text__content\">\n<h2 class=\" wp-block-heading eplus-wrapper\">Csatlakoztassa a napelemeket<\/h2>\n\n\n\n<p class=\" eplus-wrapper\">Mostant\u00f3l k\u00f6nnyed\u00e9n l\u00e9trehozhat egy grafikont a napenergia-termel\u00e9s\u00e9r\u0151l a HomeWizard alkalmaz\u00e1sban tov\u00e1bbi hardverek telep\u00edt\u00e9se n\u00e9lk\u00fcl! Ezzel teljes k\u00e9pet kaphat az energiafogyaszt\u00e1s\u00e1r\u00f3l, \u00e9s mindent egyetlen alkalmaz\u00e1son bel\u00fcl \u00e1ll\u00edthat be. A csatlakoz\u00e1s t\u00e1mogatja a SolarEdge, Growatt, GoodWe, SMA, Enphase, Huawei \u00e9s Solax invertereit. A napelemek csatlakoztat\u00e1s\u00e1val h\u00e1rom \u00faj grafikont kaphat:<\/p>\n\n\n<ul class=\" wp-block-list eplus-wrapper eplus-styles-uid-edf9cc\">\n<li class=\" eplus-wrapper\">Napenergia-termel\u00e9s<\/li>\n\n\n\n<li class=\" eplus-wrapper\">Brutt\u00f3 energiafogyaszt\u00e1s<\/li>\n\n\n\n<li class=\" eplus-wrapper\"><p class=\"text-node\" data-pm-slice='1 1 [\"bullet_list\",{},\"list_item\",{}]'>\u00d6nell\u00e1t\u00f3<\/p><\/li>\n<\/ul><\/div><figure class=\"wp-block-media-text__media\"><img loading=\"lazy\" decoding=\"async\" width=\"799\" height=\"800\" src=\"https:\/\/www.homewizard.com\/wp-content\/uploads\/2023\/04\/production_gross-power-consumption.webp\" alt=\"\" class=\"wp-image-300894 size-full\" srcset=\"https:\/\/www.homewizard.com\/wp-content\/uploads\/2023\/04\/production_gross-power-consumption.webp 799w, https:\/\/www.homewizard.com\/wp-content\/uploads\/2023\/04\/production_gross-power-consumption-500x500.webp 500w, https:\/\/www.homewizard.com\/wp-content\/uploads\/2023\/04\/production_gross-power-consumption-124x124.webp 124w, https:\/\/www.homewizard.com\/wp-content\/uploads\/2023\/04\/production_gross-power-consumption-300x300.webp 300w, https:\/\/www.homewizard.com\/wp-content\/uploads\/2023\/04\/production_gross-power-consumption-150x150.webp 150w, https:\/\/www.homewizard.com\/wp-content\/uploads\/2023\/04\/production_gross-power-consumption-768x769.webp 768w, https:\/\/www.homewizard.com\/wp-content\/uploads\/2023\/04\/production_gross-power-consumption-600x601.webp 600w\" sizes=\"auto, (max-width: 799px) 100vw, 799px\" \/><\/figure><\/div>\n\n<h2 class=\" wp-block-heading eplus-wrapper\">Energy+ el\u0151fizet\u00e9s lemond\u00e1sa<\/h2>\n\n<p class=\" eplus-wrapper\">Az Energy+ szolg\u00e1ltat\u00e1st b\u00e1rmikor lemondhatja. A lemond\u00e1st k\u00f6vet\u0151en a t\u00f6rl\u00e9s id\u0151pontj\u00e1ig tov\u00e1bbra is hozz\u00e1f\u00e9rhet az Energy+ szolg\u00e1ltat\u00e1saihoz. Ezt k\u00f6vet\u0151en automatikusan visszat\u00e9r az ingyenes alapfunkci\u00f3kra, az Energy+ funkci\u00f3k elt\u0171nnek, \u00e9s a 12 h\u00f3napn\u00e1l r\u00e9gebbi grafikonadatok t\u00f6rl\u0151dnek.<\/p>\n\n<p class=\" eplus-wrapper\">Ha a <strong>weboldalon<\/strong> kereszt\u00fcl v\u00e1s\u00e1rolt Energy+ szolg\u00e1ltat\u00e1st, a <strong><a href=\"https:\/\/www.homewizard.com\/hu\/sajat-fiok\/\">Fi\u00f3k &gt; Otthonok<\/a><\/strong> men\u00fcben tudja lemondani.<\/p>\n\n<p class=\" eplus-wrapper\">Ha az Energy+ szolg\u00e1ltat\u00e1st az <strong>alkalmaz\u00e1son<\/strong> kereszt\u00fcl v\u00e1s\u00e1rolta meg, akkor a telefonon tal\u00e1lhat\u00f3<strong> <a href=\"https:\/\/support.apple.com\/en-gb\/guide\/iphone\/iph3dfd91de\/ios\" target=\"_blank\" rel=\"noreferrer noopener\">Apple el\u0151fizet\u00e9si be\u00e1ll\u00edt\u00e1sok<\/a><\/strong> vagy a <strong><a href=\"https:\/\/support.google.com\/googleplay\/answer\/7018481\" target=\"_blank\" rel=\"noreferrer noopener\">Google el\u0151fizet\u00e9si be\u00e1ll\u00edt\u00e1sok<\/a><\/strong> men\u00fcpontban tudja lemondani.<\/p>\n\n<div style=\"height:32px\" aria-hidden=\"true\" class=\" wp-block-spacer eplus-wrapper\"><\/div>\n","protected":false},"excerpt":{"rendered":"<p>\u00c9ves el\u0151fizet\u00e9s, amely m\u00e9g t\u00f6bb betekint\u00e9st \u00e9s funkci\u00f3t biztos\u00edt az ingyenes HomeWizard alkalmaz\u00e1s funkci\u00f3in k\u00edv\u00fcl. Tekintse meg <a href=\"https:\/\/www.homewizard.com\/hu\/energy-plus\/\">az \u00f6sszes Energy+ funkci\u00f3t<\/a>.<\/p>\n","protected":false},"featured_media":369890,"template":"","meta":{"_acf_changed":false,"editor_plus_copied_stylings":"{}"},"product_brand":[],"product_cat":[186,187],"product_tag":[],"class_list":{"0":"post-363060","1":"product","2":"type-product","3":"status-publish","4":"has-post-thumbnail","6":"product_cat-minden","7":"product_cat-termekek","9":"first","10":"instock","11":"virtual","12":"sold-individually","13":"taxable","14":"purchasable","15":"product-type-subscription"},"acf":[],"yoast_head":"<!-- This site is optimized with the Yoast SEO plugin v27.0 - https:\/\/yoast.com\/product\/yoast-seo-wordpress\/ -->\n<title>Energy+ el\u0151fizet\u00e9s (12 h\u00f3nap) - HomeWizard<\/title>\n<meta name=\"description\" content=\"A mind\u00f6ssze 4 199 Ft \u00e9ves el\u0151fizet\u00e9ssel m\u00e9g t\u00f6bb inform\u00e1ci\u00f3hoz juthat az energiafogyaszt\u00e1sr\u00f3l. \u2713 K\u00e9szenl\u00e9ti haszn\u00e1lat. \u2713 \u00c9rtes\u00edt\u00e9sek a szokatlan energiafelhaszn\u00e1l\u00e1sr\u00f3l. \u2713 Intelligens kapcsol\u00e1s.\" \/>\n<meta name=\"robots\" content=\"index, follow, max-snippet:-1, max-image-preview:large, max-video-preview:-1\" \/>\n<link rel=\"canonical\" href=\"https:\/\/www.homewizard.com\/hu\/shop\/energy-plus\/\" \/>\n<meta property=\"og:locale\" content=\"hu_HU\" \/>\n<meta property=\"og:type\" content=\"article\" \/>\n<meta property=\"og:title\" content=\"Energy+ el\u0151fizet\u00e9s (12 h\u00f3nap) - HomeWizard\" \/>\n<meta property=\"og:description\" content=\"A mind\u00f6ssze 4 199 Ft \u00e9ves el\u0151fizet\u00e9ssel m\u00e9g t\u00f6bb inform\u00e1ci\u00f3hoz juthat az energiafogyaszt\u00e1sr\u00f3l. \u2713 K\u00e9szenl\u00e9ti haszn\u00e1lat. \u2713 \u00c9rtes\u00edt\u00e9sek a szokatlan energiafelhaszn\u00e1l\u00e1sr\u00f3l. \u2713 Intelligens kapcsol\u00e1s.\" \/>\n<meta property=\"og:url\" content=\"https:\/\/www.homewizard.com\/hu\/shop\/energy-plus\/\" \/>\n<meta property=\"og:site_name\" content=\"HomeWizard\" \/>\n<meta property=\"article:publisher\" content=\"https:\/\/www.facebook.com\/HomeWizardBV\/\" \/>\n<meta property=\"article:modified_time\" content=\"2026-03-25T09:34:01+00:00\" \/>\n<meta property=\"og:image\" content=\"https:\/\/www.homewizard.com\/wp-content\/uploads\/2023\/03\/HomeWizard-Energy-logo-png-2023.png\" \/>\n\t<meta property=\"og:image:width\" content=\"600\" \/>\n\t<meta property=\"og:image:height\" content=\"600\" \/>\n\t<meta property=\"og:image:type\" content=\"image\/png\" \/>\n<meta name=\"twitter:card\" content=\"summary_large_image\" \/>\n<meta name=\"twitter:site\" content=\"@HomeWizard_NL\" \/>\n<meta name=\"twitter:label1\" content=\"Becs\u00fclt olvas\u00e1si id\u0151\" \/>\n\t<meta name=\"twitter:data1\" content=\"2 perc\" \/>\n<script type=\"application\/ld+json\" class=\"yoast-schema-graph\">{\"@context\":\"https:\/\/schema.org\",\"@graph\":[{\"@type\":\"WebPage\",\"@id\":\"https:\/\/www.homewizard.com\/hu\/shop\/energy-plus\/\",\"url\":\"https:\/\/www.homewizard.com\/hu\/shop\/energy-plus\/\",\"name\":\"Energy+ el\u0151fizet\u00e9s (12 h\u00f3nap) - HomeWizard\",\"isPartOf\":{\"@id\":\"https:\/\/www.homewizard.com\/hu\/#website\"},\"primaryImageOfPage\":{\"@id\":\"https:\/\/www.homewizard.com\/hu\/shop\/energy-plus\/#primaryimage\"},\"image\":{\"@id\":\"https:\/\/www.homewizard.com\/hu\/shop\/energy-plus\/#primaryimage\"},\"thumbnailUrl\":\"https:\/\/www.homewizard.com\/wp-content\/uploads\/2023\/03\/HomeWizard-Energy-logo-png-2023.png\",\"datePublished\":\"2023-03-21T10:12:08+00:00\",\"dateModified\":\"2026-03-25T09:34:01+00:00\",\"description\":\"A mind\u00f6ssze 4 199 Ft \u00e9ves el\u0151fizet\u00e9ssel m\u00e9g t\u00f6bb inform\u00e1ci\u00f3hoz juthat az energiafogyaszt\u00e1sr\u00f3l. \u2713 K\u00e9szenl\u00e9ti haszn\u00e1lat. \u2713 \u00c9rtes\u00edt\u00e9sek a szokatlan energiafelhaszn\u00e1l\u00e1sr\u00f3l. \u2713 Intelligens kapcsol\u00e1s.\",\"breadcrumb\":{\"@id\":\"https:\/\/www.homewizard.com\/hu\/shop\/energy-plus\/#breadcrumb\"},\"inLanguage\":\"hu\",\"potentialAction\":[{\"@type\":\"ReadAction\",\"target\":[\"https:\/\/www.homewizard.com\/hu\/shop\/energy-plus\/\"]}]},{\"@type\":\"ImageObject\",\"inLanguage\":\"hu\",\"@id\":\"https:\/\/www.homewizard.com\/hu\/shop\/energy-plus\/#primaryimage\",\"url\":\"https:\/\/www.homewizard.com\/wp-content\/uploads\/2023\/03\/HomeWizard-Energy-logo-png-2023.png\",\"contentUrl\":\"https:\/\/www.homewizard.com\/wp-content\/uploads\/2023\/03\/HomeWizard-Energy-logo-png-2023.png\",\"width\":600,\"height\":600},{\"@type\":\"BreadcrumbList\",\"@id\":\"https:\/\/www.homewizard.com\/hu\/shop\/energy-plus\/#breadcrumb\",\"itemListElement\":[{\"@type\":\"ListItem\",\"position\":1,\"name\":\"Home\",\"item\":\"https:\/\/www.homewizard.com\/hu\/\"},{\"@type\":\"ListItem\",\"position\":2,\"name\":\"Shop\",\"item\":\"https:\/\/www.homewizard.com\/hu\/shop\/\"},{\"@type\":\"ListItem\",\"position\":3,\"name\":\"Energy+ el\u0151fizet\u00e9s\"}]},{\"@type\":\"WebSite\",\"@id\":\"https:\/\/www.homewizard.com\/hu\/#website\",\"url\":\"https:\/\/www.homewizard.com\/hu\/\",\"name\":\"HomeWizard\",\"description\":\"HomeWizard Energy\",\"publisher\":{\"@id\":\"https:\/\/www.homewizard.com\/hu\/#organization\"},\"potentialAction\":[{\"@type\":\"SearchAction\",\"target\":{\"@type\":\"EntryPoint\",\"urlTemplate\":\"https:\/\/www.homewizard.com\/hu\/?s={search_term_string}\"},\"query-input\":{\"@type\":\"PropertyValueSpecification\",\"valueRequired\":true,\"valueName\":\"search_term_string\"}}],\"inLanguage\":\"hu\"},{\"@type\":\"Organization\",\"@id\":\"https:\/\/www.homewizard.com\/hu\/#organization\",\"name\":\"HomeWizard\",\"url\":\"https:\/\/www.homewizard.com\/hu\/\",\"logo\":{\"@type\":\"ImageObject\",\"inLanguage\":\"hu\",\"@id\":\"https:\/\/www.homewizard.com\/hu\/#\/schema\/logo\/image\/\",\"url\":\"https:\/\/www.homewizard.com\/wp-content\/uploads\/2023\/06\/HomeWizard-icon-on-black.png\",\"contentUrl\":\"https:\/\/www.homewizard.com\/wp-content\/uploads\/2023\/06\/HomeWizard-icon-on-black.png\",\"width\":500,\"height\":500,\"caption\":\"HomeWizard\"},\"image\":{\"@id\":\"https:\/\/www.homewizard.com\/hu\/#\/schema\/logo\/image\/\"},\"sameAs\":[\"https:\/\/www.facebook.com\/HomeWizardBV\/\",\"https:\/\/x.com\/HomeWizard_NL\",\"https:\/\/www.youtube.com\/HomeWizardBV\",\"https:\/\/www.instagram.com\/homewizardenergy\/\"]}]}<\/script>\n<!-- \/ Yoast SEO plugin. -->","yoast_head_json":{"title":"Energy+ el\u0151fizet\u00e9s (12 h\u00f3nap) - HomeWizard","description":"A mind\u00f6ssze 4 199 Ft \u00e9ves el\u0151fizet\u00e9ssel m\u00e9g t\u00f6bb inform\u00e1ci\u00f3hoz juthat az energiafogyaszt\u00e1sr\u00f3l. \u2713 K\u00e9szenl\u00e9ti haszn\u00e1lat. \u2713 \u00c9rtes\u00edt\u00e9sek a szokatlan energiafelhaszn\u00e1l\u00e1sr\u00f3l. \u2713 Intelligens kapcsol\u00e1s.","robots":{"index":"index","follow":"follow","max-snippet":"max-snippet:-1","max-image-preview":"max-image-preview:large","max-video-preview":"max-video-preview:-1"},"canonical":"https:\/\/www.homewizard.com\/hu\/shop\/energy-plus\/","og_locale":"hu_HU","og_type":"article","og_title":"Energy+ el\u0151fizet\u00e9s (12 h\u00f3nap) - HomeWizard","og_description":"A mind\u00f6ssze 4 199 Ft \u00e9ves el\u0151fizet\u00e9ssel m\u00e9g t\u00f6bb inform\u00e1ci\u00f3hoz juthat az energiafogyaszt\u00e1sr\u00f3l. \u2713 K\u00e9szenl\u00e9ti haszn\u00e1lat. \u2713 \u00c9rtes\u00edt\u00e9sek a szokatlan energiafelhaszn\u00e1l\u00e1sr\u00f3l. \u2713 Intelligens kapcsol\u00e1s.","og_url":"https:\/\/www.homewizard.com\/hu\/shop\/energy-plus\/","og_site_name":"HomeWizard","article_publisher":"https:\/\/www.facebook.com\/HomeWizardBV\/","article_modified_time":"2026-03-25T09:34:01+00:00","og_image":[{"width":600,"height":600,"url":"https:\/\/www.homewizard.com\/wp-content\/uploads\/2023\/03\/HomeWizard-Energy-logo-png-2023.png","type":"image\/png"}],"twitter_card":"summary_large_image","twitter_site":"@HomeWizard_NL","twitter_misc":{"Becs\u00fclt olvas\u00e1si id\u0151":"2 perc"},"schema":{"@context":"https:\/\/schema.org","@graph":[{"@type":"WebPage","@id":"https:\/\/www.homewizard.com\/hu\/shop\/energy-plus\/","url":"https:\/\/www.homewizard.com\/hu\/shop\/energy-plus\/","name":"Energy+ el\u0151fizet\u00e9s (12 h\u00f3nap) - HomeWizard","isPartOf":{"@id":"https:\/\/www.homewizard.com\/hu\/#website"},"primaryImageOfPage":{"@id":"https:\/\/www.homewizard.com\/hu\/shop\/energy-plus\/#primaryimage"},"image":{"@id":"https:\/\/www.homewizard.com\/hu\/shop\/energy-plus\/#primaryimage"},"thumbnailUrl":"https:\/\/www.homewizard.com\/wp-content\/uploads\/2023\/03\/HomeWizard-Energy-logo-png-2023.png","datePublished":"2023-03-21T10:12:08+00:00","dateModified":"2026-03-25T09:34:01+00:00","description":"A mind\u00f6ssze 4 199 Ft \u00e9ves el\u0151fizet\u00e9ssel m\u00e9g t\u00f6bb inform\u00e1ci\u00f3hoz juthat az energiafogyaszt\u00e1sr\u00f3l. \u2713 K\u00e9szenl\u00e9ti haszn\u00e1lat. \u2713 \u00c9rtes\u00edt\u00e9sek a szokatlan energiafelhaszn\u00e1l\u00e1sr\u00f3l. \u2713 Intelligens kapcsol\u00e1s.","breadcrumb":{"@id":"https:\/\/www.homewizard.com\/hu\/shop\/energy-plus\/#breadcrumb"},"inLanguage":"hu","potentialAction":[{"@type":"ReadAction","target":["https:\/\/www.homewizard.com\/hu\/shop\/energy-plus\/"]}]},{"@type":"ImageObject","inLanguage":"hu","@id":"https:\/\/www.homewizard.com\/hu\/shop\/energy-plus\/#primaryimage","url":"https:\/\/www.homewizard.com\/wp-content\/uploads\/2023\/03\/HomeWizard-Energy-logo-png-2023.png","contentUrl":"https:\/\/www.homewizard.com\/wp-content\/uploads\/2023\/03\/HomeWizard-Energy-logo-png-2023.png","width":600,"height":600},{"@type":"BreadcrumbList","@id":"https:\/\/www.homewizard.com\/hu\/shop\/energy-plus\/#breadcrumb","itemListElement":[{"@type":"ListItem","position":1,"name":"Home","item":"https:\/\/www.homewizard.com\/hu\/"},{"@type":"ListItem","position":2,"name":"Shop","item":"https:\/\/www.homewizard.com\/hu\/shop\/"},{"@type":"ListItem","position":3,"name":"Energy+ el\u0151fizet\u00e9s"}]},{"@type":"WebSite","@id":"https:\/\/www.homewizard.com\/hu\/#website","url":"https:\/\/www.homewizard.com\/hu\/","name":"HomeWizard","description":"HomeWizard Energy","publisher":{"@id":"https:\/\/www.homewizard.com\/hu\/#organization"},"potentialAction":[{"@type":"SearchAction","target":{"@type":"EntryPoint","urlTemplate":"https:\/\/www.homewizard.com\/hu\/?s={search_term_string}"},"query-input":{"@type":"PropertyValueSpecification","valueRequired":true,"valueName":"search_term_string"}}],"inLanguage":"hu"},{"@type":"Organization","@id":"https:\/\/www.homewizard.com\/hu\/#organization","name":"HomeWizard","url":"https:\/\/www.homewizard.com\/hu\/","logo":{"@type":"ImageObject","inLanguage":"hu","@id":"https:\/\/www.homewizard.com\/hu\/#\/schema\/logo\/image\/","url":"https:\/\/www.homewizard.com\/wp-content\/uploads\/2023\/06\/HomeWizard-icon-on-black.png","contentUrl":"https:\/\/www.homewizard.com\/wp-content\/uploads\/2023\/06\/HomeWizard-icon-on-black.png","width":500,"height":500,"caption":"HomeWizard"},"image":{"@id":"https:\/\/www.homewizard.com\/hu\/#\/schema\/logo\/image\/"},"sameAs":["https:\/\/www.facebook.com\/HomeWizardBV\/","https:\/\/x.com\/HomeWizard_NL","https:\/\/www.youtube.com\/HomeWizardBV","https:\/\/www.instagram.com\/homewizardenergy\/"]}]}},"_links":{"self":[{"href":"https:\/\/www.homewizard.com\/hu\/wp-json\/wp\/v2\/product\/363060","targetHints":{"allow":["GET"]}}],"collection":[{"href":"https:\/\/www.homewizard.com\/hu\/wp-json\/wp\/v2\/product"}],"about":[{"href":"https:\/\/www.homewizard.com\/hu\/wp-json\/wp\/v2\/types\/product"}],"wp:featuredmedia":[{"embeddable":true,"href":"https:\/\/www.homewizard.com\/hu\/wp-json\/wp\/v2\/media\/369890"}],"wp:attachment":[{"href":"https:\/\/www.homewizard.com\/hu\/wp-json\/wp\/v2\/media?parent=363060"}],"wp:term":[{"taxonomy":"product_brand","embeddable":true,"href":"https:\/\/www.homewizard.com\/hu\/wp-json\/wp\/v2\/product_brand?post=363060"},{"taxonomy":"product_cat","embeddable":true,"href":"https:\/\/www.homewizard.com\/hu\/wp-json\/wp\/v2\/product_cat?post=363060"},{"taxonomy":"product_tag","embeddable":true,"href":"https:\/\/www.homewizard.com\/hu\/wp-json\/wp\/v2\/product_tag?post=363060"}],"curies":[{"name":"wp","href":"https:\/\/api.w.org\/{rel}","templated":true}]}}