{"id":1147273,"date":"2024-06-13T13:59:13","date_gmt":"2024-06-13T11:59:13","guid":{"rendered":"https:\/\/www.homewizard.com\/shop\/p1-meter-wi-fi-2\/"},"modified":"2026-05-02T11:10:43","modified_gmt":"2026-05-02T09:10:43","slug":"p1-meter-wi-fi","status":"publish","type":"product","link":"https:\/\/www.homewizard.com\/hu\/shop\/p1-meter-wi-fi\/","title":{"rendered":"P1 Meter"},"content":{"rendered":"\n<p class=\" eplus-wrapper\">Figyelem! Az SMR 5.0 vagy \u00fajabb verzi\u00f3j\u00fa intelligens fogyaszt\u00e1sm\u00e9r\u0151kn\u00e9l a P1 Meter k\u00f6zvetlen\u00fcl a P1-portr\u00f3l m\u0171k\u00f6dik. A r\u00e9gebbi SMR-verzi\u00f3val rendelkez\u0151 intelligens m\u00e9r\u0151eszk\u00f6z\u00f6kh\u00f6z <a href=\"https:\/\/www.homewizard.com\/hu\/shop\/usb-c-adapterkeszlet-2\/\">USB-C t\u00e1pegys\u00e9gre<\/a> van sz\u00fcks\u00e9g.<\/p>\n\n\n\n<h2 class=\" wp-block-heading eplus-wrapper\">Betekint\u00e9s az \u00e1ram- \u00e9s g\u00e1zfogyaszt\u00e1sba<\/h2>\n\n\n\n<p class=\" eplus-wrapper\">Mennyi g\u00e1zt fogyaszt zuhanyz\u00e1s k\u00f6zben? Mekkora a k\u00e9sz\u00fcl\u00e9kek \u00e9jszakai k\u00e9szenl\u00e9ti fogyaszt\u00e1sa? A HomeWizard P1 Meter r\u00e9szletes betekint\u00e9st ny\u00fajt az \u00e1ram-, g\u00e1zfogyaszt\u00e1sba \u00e9s a napenergia-t\u00f6bbletbe.<\/p>\n\n\n\n<p class=\" eplus-wrapper\"><\/p>\n\n\n\n<h2 class=\" wp-block-heading eplus-wrapper\">M\u0171k\u00f6dik az intelligens fogyaszt\u00e1sm\u00e9r\u0151j\u00e9vel<\/h2>\n\n\n\n<p class=\" eplus-wrapper\">A P1 Meter az intelligens m\u00e9r\u0151eszk\u00f6z\u00f6n kereszt\u00fcl megmutatja az otthon\u00e1nak g\u00e1zfogyaszt\u00e1s\u00e1t is. \u00cdgy mindig pontosan tudja, hogy mennyi g\u00e1zt fogyaszt zuhanyz\u00e1s k\u00f6zben.<\/p>\n\n\n<div class=\"wp-block-image round_corners\">\n<figure class=\"aligncenter size-large eplus-wrapper\"><img loading=\"lazy\" decoding=\"async\" width=\"1024\" height=\"536\" src=\"https:\/\/www.homewizard.com\/wp-content\/uploads\/2023\/07\/P1-plugged-in@1x-1024x536.webp\" alt=\"\" class=\"wp-image-389610\" srcset=\"https:\/\/www.homewizard.com\/wp-content\/uploads\/2023\/07\/P1-plugged-in@1x-1024x536.webp 1024w, https:\/\/www.homewizard.com\/wp-content\/uploads\/2023\/07\/P1-plugged-in@1x-800x419.webp 800w, https:\/\/www.homewizard.com\/wp-content\/uploads\/2023\/07\/P1-plugged-in@1x-300x157.webp 300w, https:\/\/www.homewizard.com\/wp-content\/uploads\/2023\/07\/P1-plugged-in@1x-768x402.webp 768w\" sizes=\"auto, (max-width: 1024px) 100vw, 1024px\" \/><\/figure>\n<\/div>\n\n\n<h2 class=\" wp-block-heading eplus-wrapper\">M\u0171k\u00f6dik a g\u00e1zm\u00e9r\u0151vel<\/h2>\n\n\n\n<p class=\" eplus-wrapper\">A P1 Meter az intelligens m\u00e9r\u0151eszk\u00f6z\u00f6n kereszt\u00fcl megmutatja az otthon\u00e1nak g\u00e1zfogyaszt\u00e1s\u00e1t is. \u00cdgy mindig pontosan tudja, hogy mennyi g\u00e1zt fogyaszt zuhanyz\u00e1s k\u00f6zben.<\/p>\n\n\n\n<h2 class=\" wp-block-heading eplus-wrapper\">N\u00e9zze \u00e9l\u0151ben vagy az el\u0151zm\u00e9nyeket<\/h2>\n\n\n\n<p class=\" eplus-wrapper\">A <a href=\"https:\/\/apps.apple.com\/app\/homewizard-energy\/id1492427207\">HomeWizard Energy alkalmaz\u00e1s<\/a> seg\u00edts\u00e9g\u00e9vel pontosan tudja, mi t\u00f6rt\u00e9nik, vagy visszatekinthet a kor\u00e1bbiakra. A HomeWizard Energy alkalmaz\u00e1s az <a href=\"https:\/\/play.google.com\/store\/apps\/details?id=nl.homewizard.android.energy\">Android<\/a> \u00e9s az <a href=\"https:\/\/apps.apple.com\/nl\/app\/homewizard-energy\/id1492427207\">iOS<\/a> oper\u00e1ci\u00f3s rendszerekhez el\u00e9rhet\u0151.<\/p>\n\n\n<div class=\"wp-block-image is-resized\">\n<figure class=\"aligncenter size-full eplus-wrapper\"><img loading=\"lazy\" decoding=\"async\" width=\"800\" height=\"800\" src=\"https:\/\/www.homewizard.com\/wp-content\/uploads\/2024\/06\/p1meterwithapp.png\" alt=\"\" class=\"wp-image-1930645\" style=\"width:550px\" srcset=\"https:\/\/www.homewizard.com\/wp-content\/uploads\/2024\/06\/p1meterwithapp.png 800w, https:\/\/www.homewizard.com\/wp-content\/uploads\/2024\/06\/p1meterwithapp-300x300.png 300w, https:\/\/www.homewizard.com\/wp-content\/uploads\/2024\/06\/p1meterwithapp-150x150.png 150w, https:\/\/www.homewizard.com\/wp-content\/uploads\/2024\/06\/p1meterwithapp-768x768.png 768w, https:\/\/www.homewizard.com\/wp-content\/uploads\/2024\/06\/p1meterwithapp-500x500.png 500w, https:\/\/www.homewizard.com\/wp-content\/uploads\/2024\/06\/p1meterwithapp-124x124.png 124w\" sizes=\"auto, (max-width: 800px) 100vw, 800px\" \/><\/figure>\n<\/div>\n\n\n<h2 class=\" wp-block-heading eplus-wrapper\">Mi van a dobozban<\/h2>\n\n\n<ul class=\" wp-block-list eplus-wrapper eplus-styles-uid-b73c4d\">\n<li class=\" eplus-wrapper\">P1 Meter<\/li>\n\n\n\n<li class=\" eplus-wrapper\">Gyors \u00fatmutat\u00f3<\/li>\n<\/ul>\n\n\n<div style=\"height:32px\" aria-hidden=\"true\" class=\" wp-block-spacer eplus-wrapper\"><\/div>\n\n\n\n<p class=\" eplus-wrapper\"><a href=\"https:\/\/www.homewizard.com\/hu\/p1-meter\/\">Tov\u00e1bbi inform\u00e1ci\u00f3 a P1 Meter<\/a><\/p>\n","protected":false},"excerpt":{"rendered":"<p>Az \u00e1ram- \u00e9s g\u00e1zfogyaszt\u00e1s \u00e9l\u0151 betekint\u00e9se<\/p>\n","protected":false},"featured_media":362675,"template":"","meta":{"_acf_changed":false,"editor_plus_copied_stylings":"{}"},"product_brand":[],"product_cat":[186,187],"product_tag":[],"class_list":{"0":"post-1147273","1":"product","2":"type-product","3":"status-publish","4":"has-post-thumbnail","6":"product_cat-minden","7":"product_cat-termekek","9":"first","10":"instock","11":"taxable","12":"shipping-taxable","13":"purchasable","14":"product-type-simple"},"acf":[],"yoast_head":"<!-- This site is optimized with the Yoast SEO plugin v27.0 - https:\/\/yoast.com\/product\/yoast-seo-wordpress\/ -->\n<title>V\u00e1s\u00e1rolja meg a P1 Meter itt - HomeWizard<\/title>\n<meta name=\"description\" content=\"A HomeWizard P1 Meter r\u00e9szletes betekint\u00e9st ny\u00fajt a villamosenergia-, g\u00e1zfogyaszt\u00e1sba \u00e9s a napenergia-t\u00f6bbletbe.\" \/>\n<meta name=\"robots\" content=\"index, follow, max-snippet:-1, max-image-preview:large, max-video-preview:-1\" \/>\n<link rel=\"canonical\" href=\"https:\/\/www.homewizard.com\/hu\/shop\/p1-meter-wi-fi\/\" \/>\n<meta property=\"og:locale\" content=\"hu_HU\" \/>\n<meta property=\"og:type\" content=\"article\" \/>\n<meta property=\"og:title\" content=\"V\u00e1s\u00e1rolja meg a P1 Meter itt - HomeWizard\" \/>\n<meta property=\"og:description\" content=\"A HomeWizard P1 Meter r\u00e9szletes betekint\u00e9st ny\u00fajt a villamosenergia-, g\u00e1zfogyaszt\u00e1sba \u00e9s a napenergia-t\u00f6bbletbe.\" \/>\n<meta property=\"og:url\" content=\"https:\/\/www.homewizard.com\/hu\/shop\/p1-meter-wi-fi\/\" \/>\n<meta property=\"og:site_name\" content=\"HomeWizard\" \/>\n<meta property=\"article:publisher\" content=\"https:\/\/www.facebook.com\/HomeWizardBV\/\" \/>\n<meta property=\"article:modified_time\" content=\"2026-05-02T09:10:43+00:00\" \/>\n<meta property=\"og:image\" content=\"https:\/\/www.homewizard.com\/wp-content\/uploads\/2021\/11\/P1_meter_front.png\" \/>\n\t<meta property=\"og:image:width\" content=\"800\" \/>\n\t<meta property=\"og:image:height\" content=\"800\" \/>\n\t<meta property=\"og:image:type\" content=\"image\/png\" \/>\n<meta name=\"twitter:card\" content=\"summary_large_image\" \/>\n<meta name=\"twitter:site\" content=\"@HomeWizard_NL\" \/>\n<meta name=\"twitter:label1\" content=\"Becs\u00fclt olvas\u00e1si id\u0151\" \/>\n\t<meta name=\"twitter:data1\" content=\"2 perc\" \/>\n<script type=\"application\/ld+json\" class=\"yoast-schema-graph\">{\"@context\":\"https:\/\/schema.org\",\"@graph\":[{\"@type\":\"WebPage\",\"@id\":\"https:\/\/www.homewizard.com\/hu\/shop\/p1-meter-wi-fi\/\",\"url\":\"https:\/\/www.homewizard.com\/hu\/shop\/p1-meter-wi-fi\/\",\"name\":\"V\u00e1s\u00e1rolja meg a P1 Meter itt - HomeWizard\",\"isPartOf\":{\"@id\":\"https:\/\/www.homewizard.com\/hu\/#website\"},\"primaryImageOfPage\":{\"@id\":\"https:\/\/www.homewizard.com\/hu\/shop\/p1-meter-wi-fi\/#primaryimage\"},\"image\":{\"@id\":\"https:\/\/www.homewizard.com\/hu\/shop\/p1-meter-wi-fi\/#primaryimage\"},\"thumbnailUrl\":\"https:\/\/www.homewizard.com\/wp-content\/uploads\/2021\/11\/P1_meter_front.png\",\"datePublished\":\"2024-06-13T11:59:13+00:00\",\"dateModified\":\"2026-05-02T09:10:43+00:00\",\"description\":\"A HomeWizard P1 Meter r\u00e9szletes betekint\u00e9st ny\u00fajt a villamosenergia-, g\u00e1zfogyaszt\u00e1sba \u00e9s a napenergia-t\u00f6bbletbe.\",\"breadcrumb\":{\"@id\":\"https:\/\/www.homewizard.com\/hu\/shop\/p1-meter-wi-fi\/#breadcrumb\"},\"inLanguage\":\"hu\",\"potentialAction\":[{\"@type\":\"ReadAction\",\"target\":[\"https:\/\/www.homewizard.com\/hu\/shop\/p1-meter-wi-fi\/\"]}]},{\"@type\":\"ImageObject\",\"inLanguage\":\"hu\",\"@id\":\"https:\/\/www.homewizard.com\/hu\/shop\/p1-meter-wi-fi\/#primaryimage\",\"url\":\"https:\/\/www.homewizard.com\/wp-content\/uploads\/2021\/11\/P1_meter_front.png\",\"contentUrl\":\"https:\/\/www.homewizard.com\/wp-content\/uploads\/2021\/11\/P1_meter_front.png\",\"width\":800,\"height\":800,\"caption\":\"homewizard P1 Meter el\u0151lapja\"},{\"@type\":\"BreadcrumbList\",\"@id\":\"https:\/\/www.homewizard.com\/hu\/shop\/p1-meter-wi-fi\/#breadcrumb\",\"itemListElement\":[{\"@type\":\"ListItem\",\"position\":1,\"name\":\"Home\",\"item\":\"https:\/\/www.homewizard.com\/hu\/\"},{\"@type\":\"ListItem\",\"position\":2,\"name\":\"Shop\",\"item\":\"https:\/\/www.homewizard.com\/hu\/shop\/\"},{\"@type\":\"ListItem\",\"position\":3,\"name\":\"P1 Meter\"}]},{\"@type\":\"WebSite\",\"@id\":\"https:\/\/www.homewizard.com\/hu\/#website\",\"url\":\"https:\/\/www.homewizard.com\/hu\/\",\"name\":\"HomeWizard\",\"description\":\"HomeWizard Energy\",\"publisher\":{\"@id\":\"https:\/\/www.homewizard.com\/hu\/#organization\"},\"potentialAction\":[{\"@type\":\"SearchAction\",\"target\":{\"@type\":\"EntryPoint\",\"urlTemplate\":\"https:\/\/www.homewizard.com\/hu\/?s={search_term_string}\"},\"query-input\":{\"@type\":\"PropertyValueSpecification\",\"valueRequired\":true,\"valueName\":\"search_term_string\"}}],\"inLanguage\":\"hu\"},{\"@type\":\"Organization\",\"@id\":\"https:\/\/www.homewizard.com\/hu\/#organization\",\"name\":\"HomeWizard\",\"url\":\"https:\/\/www.homewizard.com\/hu\/\",\"logo\":{\"@type\":\"ImageObject\",\"inLanguage\":\"hu\",\"@id\":\"https:\/\/www.homewizard.com\/hu\/#\/schema\/logo\/image\/\",\"url\":\"https:\/\/www.homewizard.com\/wp-content\/uploads\/2023\/06\/HomeWizard-icon-on-black.png\",\"contentUrl\":\"https:\/\/www.homewizard.com\/wp-content\/uploads\/2023\/06\/HomeWizard-icon-on-black.png\",\"width\":500,\"height\":500,\"caption\":\"HomeWizard\"},\"image\":{\"@id\":\"https:\/\/www.homewizard.com\/hu\/#\/schema\/logo\/image\/\"},\"sameAs\":[\"https:\/\/www.facebook.com\/HomeWizardBV\/\",\"https:\/\/x.com\/HomeWizard_NL\",\"https:\/\/www.youtube.com\/HomeWizardBV\",\"https:\/\/www.instagram.com\/homewizardenergy\/\"]}]}<\/script>\n<!-- \/ Yoast SEO plugin. -->","yoast_head_json":{"title":"V\u00e1s\u00e1rolja meg a P1 Meter itt - HomeWizard","description":"A HomeWizard P1 Meter r\u00e9szletes betekint\u00e9st ny\u00fajt a villamosenergia-, g\u00e1zfogyaszt\u00e1sba \u00e9s a napenergia-t\u00f6bbletbe.","robots":{"index":"index","follow":"follow","max-snippet":"max-snippet:-1","max-image-preview":"max-image-preview:large","max-video-preview":"max-video-preview:-1"},"canonical":"https:\/\/www.homewizard.com\/hu\/shop\/p1-meter-wi-fi\/","og_locale":"hu_HU","og_type":"article","og_title":"V\u00e1s\u00e1rolja meg a P1 Meter itt - HomeWizard","og_description":"A HomeWizard P1 Meter r\u00e9szletes betekint\u00e9st ny\u00fajt a villamosenergia-, g\u00e1zfogyaszt\u00e1sba \u00e9s a napenergia-t\u00f6bbletbe.","og_url":"https:\/\/www.homewizard.com\/hu\/shop\/p1-meter-wi-fi\/","og_site_name":"HomeWizard","article_publisher":"https:\/\/www.facebook.com\/HomeWizardBV\/","article_modified_time":"2026-05-02T09:10:43+00:00","og_image":[{"width":800,"height":800,"url":"https:\/\/www.homewizard.com\/wp-content\/uploads\/2021\/11\/P1_meter_front.png","type":"image\/png"}],"twitter_card":"summary_large_image","twitter_site":"@HomeWizard_NL","twitter_misc":{"Becs\u00fclt olvas\u00e1si id\u0151":"2 perc"},"schema":{"@context":"https:\/\/schema.org","@graph":[{"@type":"WebPage","@id":"https:\/\/www.homewizard.com\/hu\/shop\/p1-meter-wi-fi\/","url":"https:\/\/www.homewizard.com\/hu\/shop\/p1-meter-wi-fi\/","name":"V\u00e1s\u00e1rolja meg a P1 Meter itt - HomeWizard","isPartOf":{"@id":"https:\/\/www.homewizard.com\/hu\/#website"},"primaryImageOfPage":{"@id":"https:\/\/www.homewizard.com\/hu\/shop\/p1-meter-wi-fi\/#primaryimage"},"image":{"@id":"https:\/\/www.homewizard.com\/hu\/shop\/p1-meter-wi-fi\/#primaryimage"},"thumbnailUrl":"https:\/\/www.homewizard.com\/wp-content\/uploads\/2021\/11\/P1_meter_front.png","datePublished":"2024-06-13T11:59:13+00:00","dateModified":"2026-05-02T09:10:43+00:00","description":"A HomeWizard P1 Meter r\u00e9szletes betekint\u00e9st ny\u00fajt a villamosenergia-, g\u00e1zfogyaszt\u00e1sba \u00e9s a napenergia-t\u00f6bbletbe.","breadcrumb":{"@id":"https:\/\/www.homewizard.com\/hu\/shop\/p1-meter-wi-fi\/#breadcrumb"},"inLanguage":"hu","potentialAction":[{"@type":"ReadAction","target":["https:\/\/www.homewizard.com\/hu\/shop\/p1-meter-wi-fi\/"]}]},{"@type":"ImageObject","inLanguage":"hu","@id":"https:\/\/www.homewizard.com\/hu\/shop\/p1-meter-wi-fi\/#primaryimage","url":"https:\/\/www.homewizard.com\/wp-content\/uploads\/2021\/11\/P1_meter_front.png","contentUrl":"https:\/\/www.homewizard.com\/wp-content\/uploads\/2021\/11\/P1_meter_front.png","width":800,"height":800,"caption":"homewizard P1 Meter el\u0151lapja"},{"@type":"BreadcrumbList","@id":"https:\/\/www.homewizard.com\/hu\/shop\/p1-meter-wi-fi\/#breadcrumb","itemListElement":[{"@type":"ListItem","position":1,"name":"Home","item":"https:\/\/www.homewizard.com\/hu\/"},{"@type":"ListItem","position":2,"name":"Shop","item":"https:\/\/www.homewizard.com\/hu\/shop\/"},{"@type":"ListItem","position":3,"name":"P1 Meter"}]},{"@type":"WebSite","@id":"https:\/\/www.homewizard.com\/hu\/#website","url":"https:\/\/www.homewizard.com\/hu\/","name":"HomeWizard","description":"HomeWizard Energy","publisher":{"@id":"https:\/\/www.homewizard.com\/hu\/#organization"},"potentialAction":[{"@type":"SearchAction","target":{"@type":"EntryPoint","urlTemplate":"https:\/\/www.homewizard.com\/hu\/?s={search_term_string}"},"query-input":{"@type":"PropertyValueSpecification","valueRequired":true,"valueName":"search_term_string"}}],"inLanguage":"hu"},{"@type":"Organization","@id":"https:\/\/www.homewizard.com\/hu\/#organization","name":"HomeWizard","url":"https:\/\/www.homewizard.com\/hu\/","logo":{"@type":"ImageObject","inLanguage":"hu","@id":"https:\/\/www.homewizard.com\/hu\/#\/schema\/logo\/image\/","url":"https:\/\/www.homewizard.com\/wp-content\/uploads\/2023\/06\/HomeWizard-icon-on-black.png","contentUrl":"https:\/\/www.homewizard.com\/wp-content\/uploads\/2023\/06\/HomeWizard-icon-on-black.png","width":500,"height":500,"caption":"HomeWizard"},"image":{"@id":"https:\/\/www.homewizard.com\/hu\/#\/schema\/logo\/image\/"},"sameAs":["https:\/\/www.facebook.com\/HomeWizardBV\/","https:\/\/x.com\/HomeWizard_NL","https:\/\/www.youtube.com\/HomeWizardBV","https:\/\/www.instagram.com\/homewizardenergy\/"]}]}},"_links":{"self":[{"href":"https:\/\/www.homewizard.com\/hu\/wp-json\/wp\/v2\/product\/1147273","targetHints":{"allow":["GET"]}}],"collection":[{"href":"https:\/\/www.homewizard.com\/hu\/wp-json\/wp\/v2\/product"}],"about":[{"href":"https:\/\/www.homewizard.com\/hu\/wp-json\/wp\/v2\/types\/product"}],"wp:featuredmedia":[{"embeddable":true,"href":"https:\/\/www.homewizard.com\/hu\/wp-json\/wp\/v2\/media\/362675"}],"wp:attachment":[{"href":"https:\/\/www.homewizard.com\/hu\/wp-json\/wp\/v2\/media?parent=1147273"}],"wp:term":[{"taxonomy":"product_brand","embeddable":true,"href":"https:\/\/www.homewizard.com\/hu\/wp-json\/wp\/v2\/product_brand?post=1147273"},{"taxonomy":"product_cat","embeddable":true,"href":"https:\/\/www.homewizard.com\/hu\/wp-json\/wp\/v2\/product_cat?post=1147273"},{"taxonomy":"product_tag","embeddable":true,"href":"https:\/\/www.homewizard.com\/hu\/wp-json\/wp\/v2\/product_tag?post=1147273"}],"curies":[{"name":"wp","href":"https:\/\/api.w.org\/{rel}","templated":true}]}}