{"id":543061,"date":"2024-01-08T16:50:42","date_gmt":"2024-01-08T15:50:42","guid":{"rendered":"https:\/\/www.homewizard.com\/fenntarthatosag\/"},"modified":"2024-01-08T16:50:51","modified_gmt":"2024-01-08T15:50:51","slug":"fenntarthatosag","status":"publish","type":"page","link":"https:\/\/www.homewizard.com\/hu\/fenntarthatosag\/","title":{"rendered":"Fenntarthat\u00f3s\u00e1g"},"content":{"rendered":"<div class=\"contained_page wp-block-group eplus-wrapper eplus-styles-uid-107fe9\"><div class=\"wp-block-group__inner-container is-layout-constrained wp-block-group-is-layout-constrained\"><div class=\"column_reverse wp-block-columns eplus-wrapper is-layout-flex wp-container-core-columns-is-layout-9d6595d7 wp-block-columns-is-layout-flex eplus-styles-uid-3ea3c8\">\n<div class=\"wp-block-column eplus-wrapper is-layout-flow wp-block-column-is-layout-flow\" style=\"flex-basis:33.33%\"><div class=\"wp-block-image \">\n<figure class=\"aligncenter size-full eplus-wrapper\"><img loading=\"lazy\" decoding=\"async\" width=\"425\" height=\"425\" src=\"https:\/\/www.homewizard.com\/wp-content\/uploads\/2023\/10\/conscious-world-dgreen.png\" alt=\"\" class=\"wp-image-466467\" srcset=\"https:\/\/www.homewizard.com\/wp-content\/uploads\/2023\/10\/conscious-world-dgreen.png 425w, https:\/\/www.homewizard.com\/wp-content\/uploads\/2023\/10\/conscious-world-dgreen-124x124.png 124w, https:\/\/www.homewizard.com\/wp-content\/uploads\/2023\/10\/conscious-world-dgreen-300x300.png 300w, https:\/\/www.homewizard.com\/wp-content\/uploads\/2023\/10\/conscious-world-dgreen-150x150.png 150w, https:\/\/www.homewizard.com\/wp-content\/uploads\/2023\/10\/conscious-world-dgreen-400x400.png 400w\" sizes=\"auto, (max-width: 425px) 100vw, 425px\" \/><\/figure>\n<\/div><\/div>\n\n\n\n<div class=\"wp-block-column is-vertically-aligned-center eplus-wrapper is-layout-flow wp-block-column-is-layout-flow\" style=\"flex-basis:66.66%\">\n<h1 class=\" wp-block-heading eplus-wrapper\"><strong>Egy tudatos vil\u00e1g<\/strong><\/h1>\n\n\n\n<p class=\" eplus-wrapper\">HomeWizard term\u00e9kekkel felhaszn\u00e1l\u00f3ink tiszt\u00e1ban lesznek energiafogyaszt\u00e1sukkal \u00e9s a kapcsol\u00f3d\u00f3 k\u00f6lts\u00e9gekkel. A szok\u00e1sai megv\u00e1ltoztat\u00e1s\u00e1val nemcsak az energiak\u00f6lts\u00e9geken sp\u00f3rolhat, hanem egy\u00fcttm\u0171k\u00f6dhet\u00fcnk egy tudatos vil\u00e1g\u00e9rt. <\/p>\n\n\n\n<p class=\" eplus-wrapper\">Mindannyian tudjuk, hogy energiaforr\u00e1saink nem v\u00e9gtelenek, \u00e9s egyre ink\u00e1bb \u00e9szrevessz\u00fck, milyen hat\u00e1sa van a felhaszn\u00e1l\u00e1suknak. A HomeWizardn\u00e1l felismert\u00fck, hogy nem tehet\u00fcnk meg mindent an\u00e9lk\u00fcl, hogy elgondolkodn\u00e1nk a vil\u00e1gunkra gyakorolt hat\u00e1sokon. B\u00e1r nem vagyunk t\u00f6k\u00e9letesek, fontosnak tartjuk, hogy mindannyian takar\u00e9kosan b\u00e1njunk az energiaforr\u00e1sainkkal. Term\u00e9keink haszn\u00e1lat\u00e1val ez lehets\u00e9ges. \u00cdgy egy\u00fctt egy jobb vil\u00e1got teremt\u00fcnk. Egyszerre csak egy h\u00e1ztart\u00e1s.<\/p>\n<\/div>\n<\/div>\n\n<div class=\"flex-column-reverse wp-block-columns eplus-wrapper is-layout-flex wp-container-core-columns-is-layout-9d6595d7 wp-block-columns-is-layout-flex eplus-styles-uid-6729f9\">\n<div class=\"wp-block-column is-vertically-aligned-center eplus-wrapper is-layout-flow wp-block-column-is-layout-flow\" style=\"flex-basis:66.66%\">\n<h2 class=\" wp-block-heading eplus-wrapper\"><strong>Term\u00e9keink fogyaszt\u00e1sa<\/strong><\/h2>\n\n\n\n<p class=\" eplus-wrapper\">Mivel term\u00e9keink seg\u00edtenek \u00d6nnek energi\u00e1t megtakar\u00edtani, fontosnak tartjuk, hogy \u0151k maguk ne fogyasszanak feleslegesen energi\u00e1t. Ez\u00e9rt term\u00e9keink csak 1 Wattot fogyasztanak. M\u00e9g az Energy Display is csup\u00e1n 1 Wattot fogyaszt k\u00e9szenl\u00e9ti \u00fczemm\u00f3dban, \u00e9s csak akkor kapcsol be, amikor a mozg\u00e1s\u00e9rz\u00e9kel\u0151 mozg\u00e1st \u00e9rz\u00e9kel. <\/p>\n<\/div>\n\n\n\n<div class=\"wp-block-column eplus-wrapper is-layout-flow wp-block-column-is-layout-flow\" style=\"flex-basis:33.33%\"><div class=\"wp-block-image \">\n<figure class=\"aligncenter size-medium eplus-wrapper\"><img loading=\"lazy\" decoding=\"async\" width=\"300\" height=\"300\" src=\"https:\/\/www.homewizard.com\/wp-content\/uploads\/2023\/10\/consumption-products-blue-300x300.png\" alt=\"\" class=\"wp-image-466394\" srcset=\"https:\/\/www.homewizard.com\/wp-content\/uploads\/2023\/10\/consumption-products-blue-300x300.png 300w, https:\/\/www.homewizard.com\/wp-content\/uploads\/2023\/10\/consumption-products-blue-124x124.png 124w, https:\/\/www.homewizard.com\/wp-content\/uploads\/2023\/10\/consumption-products-blue-150x150.png 150w\" sizes=\"auto, (max-width: 300px) 100vw, 300px\" \/><\/figure>\n<\/div><\/div>\n<\/div>\n\n<div class=\"wp-block-columns eplus-wrapper is-layout-flex wp-container-core-columns-is-layout-9d6595d7 wp-block-columns-is-layout-flex eplus-styles-uid-e756c7\">\n<div class=\"wp-block-column is-vertically-aligned-bottom eplus-wrapper is-layout-flow wp-block-column-is-layout-flow\" style=\"flex-basis:33.33%\"><div class=\"wp-block-image \">\n<figure class=\"aligncenter size-medium eplus-wrapper\"><img loading=\"lazy\" decoding=\"async\" width=\"300\" height=\"300\" src=\"https:\/\/www.homewizard.com\/wp-content\/uploads\/2023\/10\/transport-products-blue-300x300.png\" alt=\"\" class=\"wp-image-466363\" srcset=\"https:\/\/www.homewizard.com\/wp-content\/uploads\/2023\/10\/transport-products-blue-300x300.png 300w, https:\/\/www.homewizard.com\/wp-content\/uploads\/2023\/10\/transport-products-blue-124x124.png 124w, https:\/\/www.homewizard.com\/wp-content\/uploads\/2023\/10\/transport-products-blue-150x150.png 150w\" sizes=\"auto, (max-width: 300px) 100vw, 300px\" \/><\/figure>\n<\/div><\/div>\n\n\n\n<div class=\"wp-block-column is-vertically-aligned-top eplus-wrapper is-layout-flow wp-block-column-is-layout-flow\" style=\"flex-basis:66.66%\">\n<h2 class=\" wp-block-heading eplus-wrapper\"><strong>Csomagol\u00e1s \u00e9s sz\u00e1ll\u00edt\u00e1s<\/strong><\/h2>\n\n\n\n<p class=\" eplus-wrapper\">2022 v\u00e9g\u00e9n b\u00facs\u00fat mondtunk a term\u00e9keink csomagol\u00e1s\u00e1ban l\u00e9v\u0151 t\u00e9rkit\u00f6lt\u0151 haboknak, \u00e9s pap\u00edrra cser\u00e9lt\u00fck ezeket. Ez azt jelenti, hogy minden csomagol\u00e1sunk teljesen \u00fajrahasznos\u00edtott, stancolt pap\u00edrb\u00f3l k\u00e9sz\u00fcl. Emellett biztos\u00edtjuk, hogy term\u00e9keinket a lehet\u0151 legr\u00f6videbb \u00faton juttassuk el \u00fcgyfeleinkhez. Postai \u00e9s csomagk\u00fcld\u0151 szolg\u00e1ltat\u00f3ink CO2-semlegesen sz\u00e1ll\u00edtanak. Gy\u00e1rt\u00e1s ut\u00e1n a term\u00e9kek Hollandi\u00e1ba \u00e9rkeznek. A legt\u00f6bb esetben a tengeri kont\u00e9nerben fennmarad\u00f3 helyet v\u00e1s\u00e1roljuk meg, hogy a teherhaj\u00f3 ne sz\u00e1ll\u00edtson feleslegesen leveg\u0151t.<\/p>\n<\/div>\n<\/div>\n\n<div class=\"flex-column-reverse wp-block-columns eplus-wrapper is-layout-flex wp-container-core-columns-is-layout-9d6595d7 wp-block-columns-is-layout-flex eplus-styles-uid-8eeced\">\n<div class=\"wp-block-column eplus-wrapper is-layout-flow wp-block-column-is-layout-flow\" style=\"flex-basis:66.66%\">\n<h2 class=\" wp-block-heading eplus-wrapper\"><strong>JustDiggit<\/strong><\/h2>\n\n\n\n<p class=\" eplus-wrapper\">A JustDiggit elk\u00f6telezte mag\u00e1t a bolyg\u00f3 leh\u0171t\u00e9se \u00e9s \u00fajraz\u00f6ld\u00edt\u00e9se mellett, ez\u00e9rt Tanz\u00e1ni\u00e1ban t\u00f6lt\u00e9ssel k\u00f6r\u00fclvett m\u00e9lyed\u00e9seket \u00e1snak, amelyekbe magokat \u00fcltetnek. Ezek a f\u00e9lk\u00f6r\u00edves f\u00f6ldbe \u00e1sott m\u00e9lyed\u00e9sek megtartj\u00e1k az es\u0151vizet, \u00e9s nem hagyj\u00e1k, hogy elfolyjon.. \u00cdgy a v\u00edz lassan be tud sziv\u00e1rogni a sz\u00e1raz talajba, \u00e9s a f\u00f6ldben l\u00e9v\u0151 magok kifejl\u0151dhetnek. Ennek k\u00f6sz\u00f6nhet\u0151en a lak\u00f3k\u00f6rnyezet lassan z\u00f6ldebb\u00e9 \u00e9s h\u0171v\u00f6sebb\u00e9 v\u00e1lik. A HomeWizard 2023-ban 500 ilyen m\u00e9lyed\u00e9s megval\u00f3s\u00edt\u00e1s\u00e1t t\u00e1mogatta adom\u00e1ny\u00e1val, hogy seg\u00edtsen a JustDiggitnek z\u00f6ldebb\u00e9 \u00e9s eg\u00e9szs\u00e9gesebb\u00e9 tenni a bolyg\u00f3t.<\/p>\n<\/div>\n\n\n\n<div class=\"wp-block-column is-vertically-aligned-bottom eplus-wrapper is-layout-flow wp-block-column-is-layout-flow\" style=\"flex-basis:33.33%\"><div class=\"wp-block-image \">\n<figure class=\"aligncenter size-medium eplus-wrapper\"><img loading=\"lazy\" decoding=\"async\" width=\"300\" height=\"300\" src=\"https:\/\/www.homewizard.com\/wp-content\/uploads\/2023\/10\/500-bunds-beige-300x300.png\" alt=\"\" class=\"wp-image-466378\" srcset=\"https:\/\/www.homewizard.com\/wp-content\/uploads\/2023\/10\/500-bunds-beige-300x300.png 300w, https:\/\/www.homewizard.com\/wp-content\/uploads\/2023\/10\/500-bunds-beige-124x124.png 124w, https:\/\/www.homewizard.com\/wp-content\/uploads\/2023\/10\/500-bunds-beige-150x150.png 150w\" sizes=\"auto, (max-width: 300px) 100vw, 300px\" \/><\/figure>\n<\/div><\/div>\n<\/div><\/div><\/div>","protected":false},"excerpt":{"rendered":"<p>Egy tudatos vil\u00e1g HomeWizard term\u00e9kekkel felhaszn\u00e1l\u00f3ink tiszt\u00e1ban lesznek energiafogyaszt\u00e1sukkal \u00e9s a kapcsol\u00f3d\u00f3 k\u00f6lts\u00e9gekkel. A szok\u00e1sai megv\u00e1ltoztat\u00e1s\u00e1val nemcsak az energiak\u00f6lts\u00e9geken sp\u00f3rolhat, hanem egy\u00fcttm\u0171k\u00f6dhet\u00fcnk egy tudatos vil\u00e1g\u00e9rt. Mindannyian tudjuk, hogy energiaforr\u00e1saink nem v\u00e9gtelenek, \u00e9s egyre ink\u00e1bb \u00e9szrevessz\u00fck, milyen hat\u00e1sa van a felhaszn\u00e1l\u00e1suknak. A HomeWizardn\u00e1l felismert\u00fck, hogy nem tehet\u00fcnk meg mindent an\u00e9lk\u00fcl, hogy elgondolkodn\u00e1nk a vil\u00e1gunkra gyakorolt hat\u00e1sokon.&hellip;<\/p>\n","protected":false},"author":544392,"featured_media":0,"parent":0,"menu_order":0,"comment_status":"closed","ping_status":"closed","template":"","meta":{"_acf_changed":false,"editor_plus_copied_stylings":"{}","footnotes":""},"class_list":["post-543061","page","type-page","status-publish","hentry"],"acf":[],"yoast_head":"<!-- This site is optimized with the Yoast SEO plugin v27.0 - https:\/\/yoast.com\/product\/yoast-seo-wordpress\/ -->\n<title>Fenntarthat\u00f3s\u00e1g - HomeWizard<\/title>\n<meta name=\"description\" content=\"A HomeWizardn\u00e1l felismert\u00fck, hogy nem tehet\u00fcnk meg mindent an\u00e9lk\u00fcl, hogy elgondolkodn\u00e1nk a vil\u00e1gra gyakorolt hat\u00e1sokon. Fontos a ..\" \/>\n<meta name=\"robots\" content=\"index, follow, max-snippet:-1, max-image-preview:large, max-video-preview:-1\" \/>\n<link rel=\"canonical\" href=\"https:\/\/www.homewizard.com\/hu\/fenntarthatosag\/\" \/>\n<meta property=\"og:locale\" content=\"hu_HU\" \/>\n<meta property=\"og:type\" content=\"article\" \/>\n<meta property=\"og:title\" content=\"Fenntarthat\u00f3s\u00e1g - HomeWizard\" \/>\n<meta property=\"og:description\" content=\"A HomeWizardn\u00e1l felismert\u00fck, hogy nem tehet\u00fcnk meg mindent an\u00e9lk\u00fcl, hogy elgondolkodn\u00e1nk a vil\u00e1gra gyakorolt hat\u00e1sokon. Fontos a ..\" \/>\n<meta property=\"og:url\" content=\"https:\/\/www.homewizard.com\/hu\/fenntarthatosag\/\" \/>\n<meta property=\"og:site_name\" content=\"HomeWizard\" \/>\n<meta property=\"article:publisher\" content=\"https:\/\/www.facebook.com\/HomeWizardBV\/\" \/>\n<meta property=\"article:modified_time\" content=\"2024-01-08T15:50:51+00:00\" \/>\n<meta property=\"og:image\" content=\"https:\/\/www.homewizard.com\/wp-content\/uploads\/2023\/10\/conscious-world-dgreen.png\" \/>\n<meta name=\"twitter:card\" content=\"summary_large_image\" \/>\n<meta name=\"twitter:site\" content=\"@HomeWizard_NL\" \/>\n<meta name=\"twitter:label1\" content=\"Becs\u00fclt olvas\u00e1si id\u0151\" \/>\n\t<meta name=\"twitter:data1\" content=\"2 perc\" \/>\n<script type=\"application\/ld+json\" class=\"yoast-schema-graph\">{\"@context\":\"https:\/\/schema.org\",\"@graph\":[{\"@type\":\"WebPage\",\"@id\":\"https:\/\/www.homewizard.com\/hu\/fenntarthatosag\/\",\"url\":\"https:\/\/www.homewizard.com\/hu\/fenntarthatosag\/\",\"name\":\"Fenntarthat\u00f3s\u00e1g - HomeWizard\",\"isPartOf\":{\"@id\":\"https:\/\/www.homewizard.com\/hu\/#website\"},\"primaryImageOfPage\":{\"@id\":\"https:\/\/www.homewizard.com\/hu\/fenntarthatosag\/#primaryimage\"},\"image\":{\"@id\":\"https:\/\/www.homewizard.com\/hu\/fenntarthatosag\/#primaryimage\"},\"thumbnailUrl\":\"https:\/\/www.homewizard.com\/wp-content\/uploads\/2023\/10\/conscious-world-dgreen.png\",\"datePublished\":\"2024-01-08T15:50:42+00:00\",\"dateModified\":\"2024-01-08T15:50:51+00:00\",\"description\":\"A HomeWizardn\u00e1l felismert\u00fck, hogy nem tehet\u00fcnk meg mindent an\u00e9lk\u00fcl, hogy elgondolkodn\u00e1nk a vil\u00e1gra gyakorolt hat\u00e1sokon. Fontos a ..\",\"breadcrumb\":{\"@id\":\"https:\/\/www.homewizard.com\/hu\/fenntarthatosag\/#breadcrumb\"},\"inLanguage\":\"hu\",\"potentialAction\":[{\"@type\":\"ReadAction\",\"target\":[\"https:\/\/www.homewizard.com\/hu\/fenntarthatosag\/\"]}]},{\"@type\":\"ImageObject\",\"inLanguage\":\"hu\",\"@id\":\"https:\/\/www.homewizard.com\/hu\/fenntarthatosag\/#primaryimage\",\"url\":\"https:\/\/www.homewizard.com\/wp-content\/uploads\/2023\/10\/conscious-world-dgreen.png\",\"contentUrl\":\"https:\/\/www.homewizard.com\/wp-content\/uploads\/2023\/10\/conscious-world-dgreen.png\"},{\"@type\":\"BreadcrumbList\",\"@id\":\"https:\/\/www.homewizard.com\/hu\/fenntarthatosag\/#breadcrumb\",\"itemListElement\":[{\"@type\":\"ListItem\",\"position\":1,\"name\":\"Home\",\"item\":\"https:\/\/www.homewizard.com\/hu\/\"},{\"@type\":\"ListItem\",\"position\":2,\"name\":\"Fenntarthat\u00f3s\u00e1g\"}]},{\"@type\":\"WebSite\",\"@id\":\"https:\/\/www.homewizard.com\/hu\/#website\",\"url\":\"https:\/\/www.homewizard.com\/hu\/\",\"name\":\"HomeWizard\",\"description\":\"HomeWizard Energy\",\"publisher\":{\"@id\":\"https:\/\/www.homewizard.com\/hu\/#organization\"},\"potentialAction\":[{\"@type\":\"SearchAction\",\"target\":{\"@type\":\"EntryPoint\",\"urlTemplate\":\"https:\/\/www.homewizard.com\/hu\/?s={search_term_string}\"},\"query-input\":{\"@type\":\"PropertyValueSpecification\",\"valueRequired\":true,\"valueName\":\"search_term_string\"}}],\"inLanguage\":\"hu\"},{\"@type\":\"Organization\",\"@id\":\"https:\/\/www.homewizard.com\/hu\/#organization\",\"name\":\"HomeWizard\",\"url\":\"https:\/\/www.homewizard.com\/hu\/\",\"logo\":{\"@type\":\"ImageObject\",\"inLanguage\":\"hu\",\"@id\":\"https:\/\/www.homewizard.com\/hu\/#\/schema\/logo\/image\/\",\"url\":\"https:\/\/www.homewizard.com\/wp-content\/uploads\/2023\/06\/HomeWizard-icon-on-black.png\",\"contentUrl\":\"https:\/\/www.homewizard.com\/wp-content\/uploads\/2023\/06\/HomeWizard-icon-on-black.png\",\"width\":500,\"height\":500,\"caption\":\"HomeWizard\"},\"image\":{\"@id\":\"https:\/\/www.homewizard.com\/hu\/#\/schema\/logo\/image\/\"},\"sameAs\":[\"https:\/\/www.facebook.com\/HomeWizardBV\/\",\"https:\/\/x.com\/HomeWizard_NL\",\"https:\/\/www.youtube.com\/HomeWizardBV\",\"https:\/\/www.instagram.com\/homewizardenergy\/\"]}]}<\/script>\n<!-- \/ Yoast SEO plugin. -->","yoast_head_json":{"title":"Fenntarthat\u00f3s\u00e1g - HomeWizard","description":"A HomeWizardn\u00e1l felismert\u00fck, hogy nem tehet\u00fcnk meg mindent an\u00e9lk\u00fcl, hogy elgondolkodn\u00e1nk a vil\u00e1gra gyakorolt hat\u00e1sokon. Fontos a ..","robots":{"index":"index","follow":"follow","max-snippet":"max-snippet:-1","max-image-preview":"max-image-preview:large","max-video-preview":"max-video-preview:-1"},"canonical":"https:\/\/www.homewizard.com\/hu\/fenntarthatosag\/","og_locale":"hu_HU","og_type":"article","og_title":"Fenntarthat\u00f3s\u00e1g - HomeWizard","og_description":"A HomeWizardn\u00e1l felismert\u00fck, hogy nem tehet\u00fcnk meg mindent an\u00e9lk\u00fcl, hogy elgondolkodn\u00e1nk a vil\u00e1gra gyakorolt hat\u00e1sokon. Fontos a ..","og_url":"https:\/\/www.homewizard.com\/hu\/fenntarthatosag\/","og_site_name":"HomeWizard","article_publisher":"https:\/\/www.facebook.com\/HomeWizardBV\/","article_modified_time":"2024-01-08T15:50:51+00:00","og_image":[{"url":"https:\/\/www.homewizard.com\/wp-content\/uploads\/2023\/10\/conscious-world-dgreen.png","type":"","width":"","height":""}],"twitter_card":"summary_large_image","twitter_site":"@HomeWizard_NL","twitter_misc":{"Becs\u00fclt olvas\u00e1si id\u0151":"2 perc"},"schema":{"@context":"https:\/\/schema.org","@graph":[{"@type":"WebPage","@id":"https:\/\/www.homewizard.com\/hu\/fenntarthatosag\/","url":"https:\/\/www.homewizard.com\/hu\/fenntarthatosag\/","name":"Fenntarthat\u00f3s\u00e1g - HomeWizard","isPartOf":{"@id":"https:\/\/www.homewizard.com\/hu\/#website"},"primaryImageOfPage":{"@id":"https:\/\/www.homewizard.com\/hu\/fenntarthatosag\/#primaryimage"},"image":{"@id":"https:\/\/www.homewizard.com\/hu\/fenntarthatosag\/#primaryimage"},"thumbnailUrl":"https:\/\/www.homewizard.com\/wp-content\/uploads\/2023\/10\/conscious-world-dgreen.png","datePublished":"2024-01-08T15:50:42+00:00","dateModified":"2024-01-08T15:50:51+00:00","description":"A HomeWizardn\u00e1l felismert\u00fck, hogy nem tehet\u00fcnk meg mindent an\u00e9lk\u00fcl, hogy elgondolkodn\u00e1nk a vil\u00e1gra gyakorolt hat\u00e1sokon. Fontos a ..","breadcrumb":{"@id":"https:\/\/www.homewizard.com\/hu\/fenntarthatosag\/#breadcrumb"},"inLanguage":"hu","potentialAction":[{"@type":"ReadAction","target":["https:\/\/www.homewizard.com\/hu\/fenntarthatosag\/"]}]},{"@type":"ImageObject","inLanguage":"hu","@id":"https:\/\/www.homewizard.com\/hu\/fenntarthatosag\/#primaryimage","url":"https:\/\/www.homewizard.com\/wp-content\/uploads\/2023\/10\/conscious-world-dgreen.png","contentUrl":"https:\/\/www.homewizard.com\/wp-content\/uploads\/2023\/10\/conscious-world-dgreen.png"},{"@type":"BreadcrumbList","@id":"https:\/\/www.homewizard.com\/hu\/fenntarthatosag\/#breadcrumb","itemListElement":[{"@type":"ListItem","position":1,"name":"Home","item":"https:\/\/www.homewizard.com\/hu\/"},{"@type":"ListItem","position":2,"name":"Fenntarthat\u00f3s\u00e1g"}]},{"@type":"WebSite","@id":"https:\/\/www.homewizard.com\/hu\/#website","url":"https:\/\/www.homewizard.com\/hu\/","name":"HomeWizard","description":"HomeWizard Energy","publisher":{"@id":"https:\/\/www.homewizard.com\/hu\/#organization"},"potentialAction":[{"@type":"SearchAction","target":{"@type":"EntryPoint","urlTemplate":"https:\/\/www.homewizard.com\/hu\/?s={search_term_string}"},"query-input":{"@type":"PropertyValueSpecification","valueRequired":true,"valueName":"search_term_string"}}],"inLanguage":"hu"},{"@type":"Organization","@id":"https:\/\/www.homewizard.com\/hu\/#organization","name":"HomeWizard","url":"https:\/\/www.homewizard.com\/hu\/","logo":{"@type":"ImageObject","inLanguage":"hu","@id":"https:\/\/www.homewizard.com\/hu\/#\/schema\/logo\/image\/","url":"https:\/\/www.homewizard.com\/wp-content\/uploads\/2023\/06\/HomeWizard-icon-on-black.png","contentUrl":"https:\/\/www.homewizard.com\/wp-content\/uploads\/2023\/06\/HomeWizard-icon-on-black.png","width":500,"height":500,"caption":"HomeWizard"},"image":{"@id":"https:\/\/www.homewizard.com\/hu\/#\/schema\/logo\/image\/"},"sameAs":["https:\/\/www.facebook.com\/HomeWizardBV\/","https:\/\/x.com\/HomeWizard_NL","https:\/\/www.youtube.com\/HomeWizardBV","https:\/\/www.instagram.com\/homewizardenergy\/"]}]}},"_links":{"self":[{"href":"https:\/\/www.homewizard.com\/hu\/wp-json\/wp\/v2\/pages\/543061","targetHints":{"allow":["GET"]}}],"collection":[{"href":"https:\/\/www.homewizard.com\/hu\/wp-json\/wp\/v2\/pages"}],"about":[{"href":"https:\/\/www.homewizard.com\/hu\/wp-json\/wp\/v2\/types\/page"}],"author":[{"embeddable":true,"href":"https:\/\/www.homewizard.com\/hu\/wp-json\/wp\/v2\/users\/544392"}],"replies":[{"embeddable":true,"href":"https:\/\/www.homewizard.com\/hu\/wp-json\/wp\/v2\/comments?post=543061"}],"version-history":[{"count":1,"href":"https:\/\/www.homewizard.com\/hu\/wp-json\/wp\/v2\/pages\/543061\/revisions"}],"predecessor-version":[{"id":543064,"href":"https:\/\/www.homewizard.com\/hu\/wp-json\/wp\/v2\/pages\/543061\/revisions\/543064"}],"wp:attachment":[{"href":"https:\/\/www.homewizard.com\/hu\/wp-json\/wp\/v2\/media?parent=543061"}],"curies":[{"name":"wp","href":"https:\/\/api.w.org\/{rel}","templated":true}]}}