{"id":543058,"date":"2024-01-08T16:50:39","date_gmt":"2024-01-08T15:50:39","guid":{"rendered":"https:\/\/www.homewizard.com\/rolunk\/"},"modified":"2024-07-24T11:54:50","modified_gmt":"2024-07-24T09:54:50","slug":"rolunk","status":"publish","type":"page","link":"https:\/\/www.homewizard.com\/hu\/rolunk\/","title":{"rendered":"R\u00f3lunk"},"content":{"rendered":"<div class=\"contained_page wp-block-group eplus-wrapper eplus-styles-uid-b2c051\"><div class=\"wp-block-group__inner-container is-layout-constrained wp-block-group-is-layout-constrained\"><div class=\"wp-block-group eplus-wrapper eplus-styles-uid-c936c6\"><div class=\"wp-block-group__inner-container is-layout-constrained wp-block-group-is-layout-constrained\"><div class=\"wp-block-columns eplus-wrapper is-layout-flex wp-container-core-columns-is-layout-9d6595d7 wp-block-columns-is-layout-flex eplus-styles-uid-b4c865\"><div class=\"wp-block-column is-vertically-aligned-center eplus-wrapper is-layout-flow wp-block-column-is-layout-flow eplus-styles-uid-d03e46\" style=\"flex-basis:66.66%\">\n<h1 class=\" wp-block-heading eplus-wrapper\">R\u00f3lunk<\/h1>\n\n\n\n<p class=\" eplus-wrapper\">A HomeWizard az <em>a<\/em> c\u00e9g, amely betekint\u00e9st ny\u00fajt a h\u00e1ztart\u00e1soknak az \u00e1ram-, v\u00edz- \u00e9s g\u00e1zfogyaszt\u00e1sukba. Praktikus WiFi-s m\u00e9r\u0151inkkel a felhaszn\u00e1l\u00f3k nyomon k\u00f6vethetik energiafogyaszt\u00e1sukat \u00e9s napenergia-termel\u00e9s\u00fcket. Szeretn\u00e9nk tudatos\u00edtani az emberekben az energiafogyaszt\u00e1sukat, \u00e9s seg\u00edteni \u0151ket az energiatakar\u00e9koss\u00e1gban. Ez nem csak a p\u00e9nzt\u00e1rc\u00e1j\u00e1nak tesz j\u00f3t, hanem a vil\u00e1gnak is.<\/p>\n<\/div>\n\n\n<div class=\"wp-block-column eplus-wrapper is-layout-flow wp-block-column-is-layout-flow\" style=\"flex-basis:33.33%\"><div class=\"wp-block-image \">\n<figure class=\"aligncenter size-full eplus-wrapper\"><img loading=\"lazy\" decoding=\"async\" width=\"425\" height=\"425\" src=\"https:\/\/www.homewizard.com\/wp-content\/uploads\/2023\/10\/about-us-green.png\" alt=\"\" class=\"wp-image-466523\" srcset=\"https:\/\/www.homewizard.com\/wp-content\/uploads\/2023\/10\/about-us-green.png 425w, https:\/\/www.homewizard.com\/wp-content\/uploads\/2023\/10\/about-us-green-124x124.png 124w, https:\/\/www.homewizard.com\/wp-content\/uploads\/2023\/10\/about-us-green-300x300.png 300w, https:\/\/www.homewizard.com\/wp-content\/uploads\/2023\/10\/about-us-green-150x150.png 150w, https:\/\/www.homewizard.com\/wp-content\/uploads\/2023\/10\/about-us-green-400x400.png 400w\" sizes=\"auto, (max-width: 425px) 100vw, 425px\" \/><\/figure>\n<\/div><\/div>\n<\/div>\n\n\n<h2 class=\" wp-block-heading eplus-wrapper\">F\u00f3kuszban az energia<\/h2>\n\n\n\n<p class=\" eplus-wrapper\">2011-ben kezdt\u00fck meg a tev\u00e9kenys\u00e9g\u00fcnket az otthoni automatiz\u00e1l\u00e1si \u00e9s intelligens konyhai berendez\u00e9sek besz\u00e1ll\u00edt\u00f3jak\u00e9nt a hollandiai Noordwijkban. 2021 elej\u00e9n nagy v\u00e1ltoz\u00e1son ment\u00fcnk kereszt\u00fcl, amikor egy koll\u00e9ga azt mondta: \u201eMi lenne, ha forr\u00f3 leveg\u0151s s\u00fct\u0151 helyett egy alkalmaz\u00e1ssal tenn\u00e9nk valami hasznosat?\u201d Ez volt a jelenleg is ismert HomeWizard kezdete; ahol az energia ker\u00fclt a f\u00f3kuszba.<\/p>\n\n\n<div class=\"wp-block-columns eplus-wrapper is-layout-flex wp-container-core-columns-is-layout-9d6595d7 wp-block-columns-is-layout-flex eplus-styles-uid-f6ab6e\">\n<div class=\"wp-block-column eplus-wrapper is-layout-flow wp-block-column-is-layout-flow\" style=\"flex-basis:33.33%\"><div class=\"wp-block-image \">\n<figure class=\"aligncenter size-medium eplus-wrapper\"><img loading=\"lazy\" decoding=\"async\" width=\"300\" height=\"300\" src=\"https:\/\/www.homewizard.com\/wp-content\/uploads\/2023\/10\/conscious-world-energy-purple-300x300.png\" alt=\"\" class=\"wp-image-466541\" srcset=\"https:\/\/www.homewizard.com\/wp-content\/uploads\/2023\/10\/conscious-world-energy-purple-300x300.png 300w, https:\/\/www.homewizard.com\/wp-content\/uploads\/2023\/10\/conscious-world-energy-purple-124x124.png 124w, https:\/\/www.homewizard.com\/wp-content\/uploads\/2023\/10\/conscious-world-energy-purple-150x150.png 150w\" sizes=\"auto, (max-width: 300px) 100vw, 300px\" \/><\/figure>\n<\/div><\/div>\n\n\n\n<div class=\"wp-block-column is-vertically-aligned-center eplus-wrapper is-layout-flow wp-block-column-is-layout-flow\" style=\"flex-basis:66.66%\">\n<h2 class=\" wp-block-heading eplus-wrapper\"><strong>Egy tudatos vil\u00e1g<\/strong><\/h2>\n\n\n\n<p class=\" eplus-wrapper\">A HomeWizard term\u00e9kekkel betekint\u00e9st nyerhet az energiafogyaszt\u00e1s\u00e1ba \u00e9s a kapcsol\u00f3d\u00f3 k\u00f6lts\u00e9gekbe. Mivel tudni fogja, hogy mennyit fogyaszt, el fog gondolkodni a g\u00e1z-, \u00e1ram- \u00e9s v\u00edzfelhaszn\u00e1l\u00e1s\u00e1r\u00f3l. \u00cdgy fogunk egy\u00fcttm\u0171k\u00f6dni egy <a href=\"https:\/\/www.homewizard.com\/sustainability\/\">tudatos vil\u00e1g\u00e9rt<\/a> .<\/p>\n<\/div>\n<\/div>\n\n\n<h2 class=\" wp-block-heading eplus-wrapper\"><strong>Mindent magunk k\u00e9sz\u00edt\u00fcnk<\/strong><\/h2>\n\n\n<p class=\" eplus-wrapper eplus-styles-uid-2e1be5\">Szoftver\u00fcnket \u00e9s hardver\u00fcnket az alapokt\u00f3l magunk k\u00e9sz\u00edtj\u00fck, ami egyed\u00fcl\u00e1ll\u00f3 Hollandi\u00e1ban. Az \u00f6sszes term\u00e9k\u00fcnket noordwijki irod\u00e1nkban \u00e1lmodjuk meg, tervezz\u00fck, tesztelj\u00fck \u00e9s dobjuk piacra. Term\u00e9szetesen a legjobb koll\u00e9g\u00e1kkal tessz\u00fck ezt. Term\u00e9keink megfizethet\u0151k \u00e9s k\u00f6nnyen haszn\u00e1lhat\u00f3k, f\u00fcggetlen\u00fcl az \u00d6n \u00e9letm\u00f3dj\u00e1t\u00f3l vagy \u00e9letkor\u00e1t\u00f3l. M\u00e9g a nagymama vagy a nagypapa is telep\u00edtheti \u00e9s haszn\u00e1lhatja \u0151ket. Mindenekel\u0151tt pedig teljesen f\u00fcggetlenek vagyunk. Ez azt jelenti, hogy term\u00e9keinket att\u00f3l f\u00fcggetlen\u00fcl haszn\u00e1lhatja, hogy melyik energiaszolg\u00e1ltat\u00f3n\u00e1l van fogyaszt\u00f3k\u00e9nt. Mindenki sz\u00e1m\u00e1ra el\u00e9rhet\u0151k vagyunk.<\/p>\n\n<div class=\"flex-column-reverse wp-block-columns are-vertically-aligned-center eplus-wrapper is-layout-flex wp-container-core-columns-is-layout-9d6595d7 wp-block-columns-is-layout-flex eplus-styles-uid-7d66c1\">\n<div class=\"wp-block-column is-vertically-aligned-center eplus-wrapper is-layout-flow wp-block-column-is-layout-flow\" style=\"flex-basis:66.66%\">\n<h2 class=\" wp-block-heading eplus-wrapper\"><strong>A Wizard klub<\/strong><\/h2>\n\n\n\n<p class=\" eplus-wrapper\">A HomeWizard a hely, ahol a szoftver, a hardver \u00e9s az energia ir\u00e1nti szenved\u00e9ly tal\u00e1lkozik. Egy olyan hely, ahol mindenkit tisztelnek, \u00e9s ahol az emberek mosolyognak. Ha tagja leszel Wizard klubunknak, akkor val\u00f3sz\u00edn\u0171leg \u00e9vekig maradni fogsz. Ha szeretsz j\u00e1tszani, ping-pongozni, vagy filmeket \u00e9s sorozatokat n\u00e9zni, nem fogsz unatkozni az eb\u00e9dl\u0151asztalunkn\u00e1l! Csak ne b\u00e1nk\u00f3dj, ha egy kicsit t\u00f6bb leszel, akit szeretni lehet, a sok csod\u00e1latos snackkel, amit ehet\u00fcnk \u00e9s ihatunk k\u00f6zben.<\/p>\n\n\n\n<p class=\" eplus-wrapper\">Ritk\u00e1n kapunk e-maileket. Chaten kereszt\u00fcl kommunik\u00e1lunk, vagy \u00e1ts\u00e9t\u00e1lunk egym\u00e1s asztal\u00e1hoz. B\u00edzunk egym\u00e1sban \u00e9s hat\u00e1st gyakorlunk. Innovat\u00edvak vagyunk \u00e9s <em>egy\u00fctt<\/em> olyan vil\u00e1got \u00e9p\u00edt\u00fcnk, amelyben tudatosan haszn\u00e1ljuk az energi\u00e1t.<\/p>\n<\/div>\n\n\n\n<div class=\"wp-block-column is-vertically-aligned-center eplus-wrapper is-layout-flow wp-block-column-is-layout-flow\" style=\"flex-basis:33.33%\"><div class=\"wp-block-image \">\n<figure class=\"aligncenter size-medium eplus-wrapper\"><img loading=\"lazy\" decoding=\"async\" width=\"300\" height=\"300\" src=\"https:\/\/www.homewizard.com\/wp-content\/uploads\/2023\/10\/wizard-club-blue-300x300.png\" alt=\"\" class=\"wp-image-466553\" srcset=\"https:\/\/www.homewizard.com\/wp-content\/uploads\/2023\/10\/wizard-club-blue-300x300.png 300w, https:\/\/www.homewizard.com\/wp-content\/uploads\/2023\/10\/wizard-club-blue-124x124.png 124w, https:\/\/www.homewizard.com\/wp-content\/uploads\/2023\/10\/wizard-club-blue-150x150.png 150w\" sizes=\"auto, (max-width: 300px) 100vw, 300px\" \/><\/figure>\n<\/div><\/div>\n<\/div>\n\n\n<h2 class=\" wp-block-heading eplus-wrapper\"><strong>Contact us<\/strong><\/h2>\n\n\n<p class=\" eplus-wrapper eplus-styles-uid-2e1be5\">A HomeWizard sz\u00e9khelye a hollandiai Noordwijkban tal\u00e1lhat\u00f3. Sz\u00edvesen seg\u00edt\u00fcnk \u00d6nnek h\u00e9tf\u0151t\u0151l p\u00e9ntekig 09:00 \u00e9s 17:30 \u00f3ra k\u00f6z\u00f6tt. Ha b\u00e1rmilyen k\u00e9rd\u00e9se van term\u00e9keinkkel kapcsolatban, b\u00e1rmikor felveheti vel\u00fcnk a <a href=\"https:\/\/www.homewizard.com\/hu\/kapcsolat\/\">kapcsolatot<\/a>. \u00c1ltal\u00e1ban egy munkanapon bel\u00fcl v\u00e1laszt kap a postal\u00e1d\u00e1j\u00e1ba.<\/p><\/div><\/div><\/div><\/div>","protected":false},"excerpt":{"rendered":"<p>R\u00f3lunk A HomeWizard az a c\u00e9g, amely betekint\u00e9st ny\u00fajt a h\u00e1ztart\u00e1soknak az \u00e1ram-, v\u00edz- \u00e9s g\u00e1zfogyaszt\u00e1sukba. Praktikus WiFi-s m\u00e9r\u0151inkkel a felhaszn\u00e1l\u00f3k nyomon k\u00f6vethetik energiafogyaszt\u00e1sukat \u00e9s napenergia-termel\u00e9s\u00fcket. Szeretn\u00e9nk tudatos\u00edtani az emberekben az energiafogyaszt\u00e1sukat, \u00e9s seg\u00edteni \u0151ket az energiatakar\u00e9koss\u00e1gban. Ez nem csak a p\u00e9nzt\u00e1rc\u00e1j\u00e1nak tesz j\u00f3t, hanem a vil\u00e1gnak is. F\u00f3kuszban az energia 2011-ben kezdt\u00fck meg a&hellip;<\/p>\n","protected":false},"author":544392,"featured_media":0,"parent":0,"menu_order":0,"comment_status":"closed","ping_status":"closed","template":"","meta":{"_acf_changed":false,"editor_plus_copied_stylings":"{}","footnotes":""},"class_list":["post-543058","page","type-page","status-publish","hentry"],"acf":[],"yoast_head":"<!-- This site is optimized with the Yoast SEO plugin v27.0 - https:\/\/yoast.com\/product\/yoast-seo-wordpress\/ -->\n<title>R\u00f3lunk - HomeWizard<\/title>\n<meta name=\"description\" content=\"A HomeWizard Hollandi\u00e1b\u00f3l indult, mint az otthoni automatiz\u00e1l\u00e1si \u00e9s intelligens konyhai berendez\u00e9sek sz\u00e1ll\u00edt\u00f3ja. Most seg\u00edt\u00fcnk energi\u00e1t \u00e9s k\u00f6lts\u00e9geket megtakar\u00edtani.\" \/>\n<meta name=\"robots\" content=\"index, follow, max-snippet:-1, max-image-preview:large, max-video-preview:-1\" \/>\n<link rel=\"canonical\" href=\"https:\/\/www.homewizard.com\/hu\/rolunk\/\" \/>\n<meta property=\"og:locale\" content=\"hu_HU\" \/>\n<meta property=\"og:type\" content=\"article\" \/>\n<meta property=\"og:title\" content=\"R\u00f3lunk - HomeWizard\" \/>\n<meta property=\"og:description\" content=\"A HomeWizard Hollandi\u00e1b\u00f3l indult, mint az otthoni automatiz\u00e1l\u00e1si \u00e9s intelligens konyhai berendez\u00e9sek sz\u00e1ll\u00edt\u00f3ja. Most seg\u00edt\u00fcnk energi\u00e1t \u00e9s k\u00f6lts\u00e9geket megtakar\u00edtani.\" \/>\n<meta property=\"og:url\" content=\"https:\/\/www.homewizard.com\/hu\/rolunk\/\" \/>\n<meta property=\"og:site_name\" content=\"HomeWizard\" \/>\n<meta property=\"article:publisher\" content=\"https:\/\/www.facebook.com\/HomeWizardBV\/\" \/>\n<meta property=\"article:modified_time\" content=\"2024-07-24T09:54:50+00:00\" \/>\n<meta property=\"og:image\" content=\"https:\/\/www.homewizard.com\/wp-content\/uploads\/2023\/10\/about-us-green.png\" \/>\n<meta name=\"twitter:card\" content=\"summary_large_image\" \/>\n<meta name=\"twitter:site\" content=\"@HomeWizard_NL\" \/>\n<meta name=\"twitter:label1\" content=\"Becs\u00fclt olvas\u00e1si id\u0151\" \/>\n\t<meta name=\"twitter:data1\" content=\"3 perc\" \/>\n<script type=\"application\/ld+json\" class=\"yoast-schema-graph\">{\"@context\":\"https:\/\/schema.org\",\"@graph\":[{\"@type\":\"WebPage\",\"@id\":\"https:\/\/www.homewizard.com\/hu\/rolunk\/\",\"url\":\"https:\/\/www.homewizard.com\/hu\/rolunk\/\",\"name\":\"R\u00f3lunk - HomeWizard\",\"isPartOf\":{\"@id\":\"https:\/\/www.homewizard.com\/hu\/#website\"},\"primaryImageOfPage\":{\"@id\":\"https:\/\/www.homewizard.com\/hu\/rolunk\/#primaryimage\"},\"image\":{\"@id\":\"https:\/\/www.homewizard.com\/hu\/rolunk\/#primaryimage\"},\"thumbnailUrl\":\"https:\/\/www.homewizard.com\/wp-content\/uploads\/2023\/10\/about-us-green.png\",\"datePublished\":\"2024-01-08T15:50:39+00:00\",\"dateModified\":\"2024-07-24T09:54:50+00:00\",\"description\":\"A HomeWizard Hollandi\u00e1b\u00f3l indult, mint az otthoni automatiz\u00e1l\u00e1si \u00e9s intelligens konyhai berendez\u00e9sek sz\u00e1ll\u00edt\u00f3ja. Most seg\u00edt\u00fcnk energi\u00e1t \u00e9s k\u00f6lts\u00e9geket megtakar\u00edtani.\",\"breadcrumb\":{\"@id\":\"https:\/\/www.homewizard.com\/hu\/rolunk\/#breadcrumb\"},\"inLanguage\":\"hu\",\"potentialAction\":[{\"@type\":\"ReadAction\",\"target\":[\"https:\/\/www.homewizard.com\/hu\/rolunk\/\"]}]},{\"@type\":\"ImageObject\",\"inLanguage\":\"hu\",\"@id\":\"https:\/\/www.homewizard.com\/hu\/rolunk\/#primaryimage\",\"url\":\"https:\/\/www.homewizard.com\/wp-content\/uploads\/2023\/10\/about-us-green.png\",\"contentUrl\":\"https:\/\/www.homewizard.com\/wp-content\/uploads\/2023\/10\/about-us-green.png\"},{\"@type\":\"BreadcrumbList\",\"@id\":\"https:\/\/www.homewizard.com\/hu\/rolunk\/#breadcrumb\",\"itemListElement\":[{\"@type\":\"ListItem\",\"position\":1,\"name\":\"Home\",\"item\":\"https:\/\/www.homewizard.com\/hu\/\"},{\"@type\":\"ListItem\",\"position\":2,\"name\":\"R\u00f3lunk\"}]},{\"@type\":\"WebSite\",\"@id\":\"https:\/\/www.homewizard.com\/hu\/#website\",\"url\":\"https:\/\/www.homewizard.com\/hu\/\",\"name\":\"HomeWizard\",\"description\":\"HomeWizard Energy\",\"publisher\":{\"@id\":\"https:\/\/www.homewizard.com\/hu\/#organization\"},\"potentialAction\":[{\"@type\":\"SearchAction\",\"target\":{\"@type\":\"EntryPoint\",\"urlTemplate\":\"https:\/\/www.homewizard.com\/hu\/?s={search_term_string}\"},\"query-input\":{\"@type\":\"PropertyValueSpecification\",\"valueRequired\":true,\"valueName\":\"search_term_string\"}}],\"inLanguage\":\"hu\"},{\"@type\":\"Organization\",\"@id\":\"https:\/\/www.homewizard.com\/hu\/#organization\",\"name\":\"HomeWizard\",\"url\":\"https:\/\/www.homewizard.com\/hu\/\",\"logo\":{\"@type\":\"ImageObject\",\"inLanguage\":\"hu\",\"@id\":\"https:\/\/www.homewizard.com\/hu\/#\/schema\/logo\/image\/\",\"url\":\"https:\/\/www.homewizard.com\/wp-content\/uploads\/2023\/06\/HomeWizard-icon-on-black.png\",\"contentUrl\":\"https:\/\/www.homewizard.com\/wp-content\/uploads\/2023\/06\/HomeWizard-icon-on-black.png\",\"width\":500,\"height\":500,\"caption\":\"HomeWizard\"},\"image\":{\"@id\":\"https:\/\/www.homewizard.com\/hu\/#\/schema\/logo\/image\/\"},\"sameAs\":[\"https:\/\/www.facebook.com\/HomeWizardBV\/\",\"https:\/\/x.com\/HomeWizard_NL\",\"https:\/\/www.youtube.com\/HomeWizardBV\",\"https:\/\/www.instagram.com\/homewizardenergy\/\"]}]}<\/script>\n<!-- \/ Yoast SEO plugin. -->","yoast_head_json":{"title":"R\u00f3lunk - HomeWizard","description":"A HomeWizard Hollandi\u00e1b\u00f3l indult, mint az otthoni automatiz\u00e1l\u00e1si \u00e9s intelligens konyhai berendez\u00e9sek sz\u00e1ll\u00edt\u00f3ja. Most seg\u00edt\u00fcnk energi\u00e1t \u00e9s k\u00f6lts\u00e9geket megtakar\u00edtani.","robots":{"index":"index","follow":"follow","max-snippet":"max-snippet:-1","max-image-preview":"max-image-preview:large","max-video-preview":"max-video-preview:-1"},"canonical":"https:\/\/www.homewizard.com\/hu\/rolunk\/","og_locale":"hu_HU","og_type":"article","og_title":"R\u00f3lunk - HomeWizard","og_description":"A HomeWizard Hollandi\u00e1b\u00f3l indult, mint az otthoni automatiz\u00e1l\u00e1si \u00e9s intelligens konyhai berendez\u00e9sek sz\u00e1ll\u00edt\u00f3ja. Most seg\u00edt\u00fcnk energi\u00e1t \u00e9s k\u00f6lts\u00e9geket megtakar\u00edtani.","og_url":"https:\/\/www.homewizard.com\/hu\/rolunk\/","og_site_name":"HomeWizard","article_publisher":"https:\/\/www.facebook.com\/HomeWizardBV\/","article_modified_time":"2024-07-24T09:54:50+00:00","og_image":[{"url":"https:\/\/www.homewizard.com\/wp-content\/uploads\/2023\/10\/about-us-green.png","type":"","width":"","height":""}],"twitter_card":"summary_large_image","twitter_site":"@HomeWizard_NL","twitter_misc":{"Becs\u00fclt olvas\u00e1si id\u0151":"3 perc"},"schema":{"@context":"https:\/\/schema.org","@graph":[{"@type":"WebPage","@id":"https:\/\/www.homewizard.com\/hu\/rolunk\/","url":"https:\/\/www.homewizard.com\/hu\/rolunk\/","name":"R\u00f3lunk - HomeWizard","isPartOf":{"@id":"https:\/\/www.homewizard.com\/hu\/#website"},"primaryImageOfPage":{"@id":"https:\/\/www.homewizard.com\/hu\/rolunk\/#primaryimage"},"image":{"@id":"https:\/\/www.homewizard.com\/hu\/rolunk\/#primaryimage"},"thumbnailUrl":"https:\/\/www.homewizard.com\/wp-content\/uploads\/2023\/10\/about-us-green.png","datePublished":"2024-01-08T15:50:39+00:00","dateModified":"2024-07-24T09:54:50+00:00","description":"A HomeWizard Hollandi\u00e1b\u00f3l indult, mint az otthoni automatiz\u00e1l\u00e1si \u00e9s intelligens konyhai berendez\u00e9sek sz\u00e1ll\u00edt\u00f3ja. Most seg\u00edt\u00fcnk energi\u00e1t \u00e9s k\u00f6lts\u00e9geket megtakar\u00edtani.","breadcrumb":{"@id":"https:\/\/www.homewizard.com\/hu\/rolunk\/#breadcrumb"},"inLanguage":"hu","potentialAction":[{"@type":"ReadAction","target":["https:\/\/www.homewizard.com\/hu\/rolunk\/"]}]},{"@type":"ImageObject","inLanguage":"hu","@id":"https:\/\/www.homewizard.com\/hu\/rolunk\/#primaryimage","url":"https:\/\/www.homewizard.com\/wp-content\/uploads\/2023\/10\/about-us-green.png","contentUrl":"https:\/\/www.homewizard.com\/wp-content\/uploads\/2023\/10\/about-us-green.png"},{"@type":"BreadcrumbList","@id":"https:\/\/www.homewizard.com\/hu\/rolunk\/#breadcrumb","itemListElement":[{"@type":"ListItem","position":1,"name":"Home","item":"https:\/\/www.homewizard.com\/hu\/"},{"@type":"ListItem","position":2,"name":"R\u00f3lunk"}]},{"@type":"WebSite","@id":"https:\/\/www.homewizard.com\/hu\/#website","url":"https:\/\/www.homewizard.com\/hu\/","name":"HomeWizard","description":"HomeWizard Energy","publisher":{"@id":"https:\/\/www.homewizard.com\/hu\/#organization"},"potentialAction":[{"@type":"SearchAction","target":{"@type":"EntryPoint","urlTemplate":"https:\/\/www.homewizard.com\/hu\/?s={search_term_string}"},"query-input":{"@type":"PropertyValueSpecification","valueRequired":true,"valueName":"search_term_string"}}],"inLanguage":"hu"},{"@type":"Organization","@id":"https:\/\/www.homewizard.com\/hu\/#organization","name":"HomeWizard","url":"https:\/\/www.homewizard.com\/hu\/","logo":{"@type":"ImageObject","inLanguage":"hu","@id":"https:\/\/www.homewizard.com\/hu\/#\/schema\/logo\/image\/","url":"https:\/\/www.homewizard.com\/wp-content\/uploads\/2023\/06\/HomeWizard-icon-on-black.png","contentUrl":"https:\/\/www.homewizard.com\/wp-content\/uploads\/2023\/06\/HomeWizard-icon-on-black.png","width":500,"height":500,"caption":"HomeWizard"},"image":{"@id":"https:\/\/www.homewizard.com\/hu\/#\/schema\/logo\/image\/"},"sameAs":["https:\/\/www.facebook.com\/HomeWizardBV\/","https:\/\/x.com\/HomeWizard_NL","https:\/\/www.youtube.com\/HomeWizardBV","https:\/\/www.instagram.com\/homewizardenergy\/"]}]}},"_links":{"self":[{"href":"https:\/\/www.homewizard.com\/hu\/wp-json\/wp\/v2\/pages\/543058","targetHints":{"allow":["GET"]}}],"collection":[{"href":"https:\/\/www.homewizard.com\/hu\/wp-json\/wp\/v2\/pages"}],"about":[{"href":"https:\/\/www.homewizard.com\/hu\/wp-json\/wp\/v2\/types\/page"}],"author":[{"embeddable":true,"href":"https:\/\/www.homewizard.com\/hu\/wp-json\/wp\/v2\/users\/544392"}],"replies":[{"embeddable":true,"href":"https:\/\/www.homewizard.com\/hu\/wp-json\/wp\/v2\/comments?post=543058"}],"version-history":[{"count":2,"href":"https:\/\/www.homewizard.com\/hu\/wp-json\/wp\/v2\/pages\/543058\/revisions"}],"predecessor-version":[{"id":1041561,"href":"https:\/\/www.homewizard.com\/hu\/wp-json\/wp\/v2\/pages\/543058\/revisions\/1041561"}],"wp:attachment":[{"href":"https:\/\/www.homewizard.com\/hu\/wp-json\/wp\/v2\/media?parent=543058"}],"curies":[{"name":"wp","href":"https:\/\/api.w.org\/{rel}","templated":true}]}}