{"id":363042,"date":"2023-06-13T11:37:08","date_gmt":"2023-06-13T09:37:08","guid":{"rendered":"https:\/\/www.homewizard.com\/kwh-meter-valaszto\/"},"modified":"2024-01-08T16:50:40","modified_gmt":"2024-01-08T15:50:40","slug":"kwh-meter-valaszto","status":"publish","type":"page","link":"https:\/\/www.homewizard.com\/hu\/kwh-meter-valaszto\/","title":{"rendered":"kWh Meter v\u00e1laszt\u00f3"},"content":{"rendered":"<p class=\"before_arrow eplus-wrapper eplus-styles-uid-2ee8e5\"><a href=\"https:\/\/www.homewizard.com\/hu\/kwh-meter\/\">kWh-Meter<\/a><\/p><div class=\"wp-block-group eplus-wrapper eplus-styles-uid-f69c24\"><div class=\"wp-block-group__inner-container is-layout-flow wp-block-group-is-layout-flow\">\n<h2 class=\"eplus-wrapper wp-block-heading\">V\u00e1lassza ki a kWh Meter\u00e9t.<\/h2>\n\n\n<div class=\"woocommerce columns-2 \"><ul class=\"products columns-2\">\n<li class=\"product type-product post-363074 status-publish first instock product_cat-minden product_cat-termekek has-post-thumbnail taxable shipping-taxable purchasable product-type-simple small-12 large-6 columns thb-listing-index-1\">\n\t\t<div class=\"thb-product-inner-wrapper\">\n\t\t<figure class=\"product-thumbnail\">\n\t<a href=\"https:\/\/www.homewizard.com\/hu\/shop\/kwh-meter-1-phase-wi-fi\/\" class=\"woocommerce-LoopProduct-link woocommerce-loop-product__link\"><img loading=\"lazy\" decoding=\"async\" width=\"500\" height=\"500\" src=\"https:\/\/www.homewizard.com\/wp-content\/uploads\/2021\/12\/kWh-Meter-1-phase-HW-shop-500x500.png\" class=\"attachment-woocommerce_thumbnail size-woocommerce_thumbnail\" alt=\"kWh Meter 1-Phase\" srcset=\"https:\/\/www.homewizard.com\/wp-content\/uploads\/2021\/12\/kWh-Meter-1-phase-HW-shop-500x500.png 500w, https:\/\/www.homewizard.com\/wp-content\/uploads\/2021\/12\/kWh-Meter-1-phase-HW-shop-300x300.png 300w, https:\/\/www.homewizard.com\/wp-content\/uploads\/2021\/12\/kWh-Meter-1-phase-HW-shop-150x150.png 150w, https:\/\/www.homewizard.com\/wp-content\/uploads\/2021\/12\/kWh-Meter-1-phase-HW-shop-124x124.png 124w\" sizes=\"auto, (max-width: 500px) 100vw, 500px\" \/><\/a>\t\t<\/figure>\n\t<div class=\"thb-product-inner-content\">\n\t\t<h2 class=\"woocommerce-loop-product__title\"><a href=\"https:\/\/www.homewizard.com\/hu\/shop\/kwh-meter-1-phase-wi-fi\/\" title=\"kWh Meter 1-Phase\">kWh Meter 1-Phase<\/a><\/h2>\n\t\n\t<span class=\"price\"><span class=\"woocommerce-Price-amount amount\"><bdi>22 690&nbsp;<span class=\"woocommerce-Price-currencySymbol\">&#70;&#116;<\/span><\/bdi><\/span><\/span>\n<p>Napelemek, aut\u00f3s t\u00f6lt\u0151k \u00e9s egyebek m\u00e9r\u00e9se.<\/p>\n<a href=\"\/hu\/wp-json\/wp\/v2\/pages\/363042?add-to-cart=363074\" aria-describedby=\"woocommerce_loop_add_to_cart_link_describedby_363074\" data-quantity=\"1\" class=\"button product_type_simple add_to_cart_button ajax_add_to_cart\" data-product_id=\"363074\" data-product_sku=\"HWE-KWH1\" aria-label=\"Kos\u00e1rba: &ldquo;kWh Meter 1-Phase&rdquo;\" rel=\"nofollow\" data-success_message=\"&ldquo;kWh Meter 1-Phase&rdquo; has been added to your cart\">Kos\u00e1rba<\/a>\t<span id=\"woocommerce_loop_add_to_cart_link_describedby_363074\" class=\"screen-reader-text\">\n\t\t\t<\/span>\n<span class=\"gtm4wp_productdata\" style=\"display:none; visibility:hidden;\" data-gtm4wp_product_data=\"{&quot;internal_id&quot;:363074,&quot;item_id&quot;:363074,&quot;item_name&quot;:&quot;kWh Meter 1-Phase&quot;,&quot;sku&quot;:&quot;HWE-KWH1&quot;,&quot;price&quot;:22690,&quot;stocklevel&quot;:2400,&quot;stockstatus&quot;:&quot;instock&quot;,&quot;google_business_vertical&quot;:&quot;retail&quot;,&quot;item_category&quot;:&quot;Minden&quot;,&quot;id&quot;:&quot;woocommerce_gpf363074&quot;,&quot;productlink&quot;:&quot;https:\\\/\\\/www.homewizard.com\\\/hu\\\/shop\\\/kwh-meter-1-phase-wi-fi\\\/&quot;,&quot;item_list_name&quot;:&quot;General Product List&quot;,&quot;index&quot;:1,&quot;product_type&quot;:&quot;simple&quot;,&quot;item_brand&quot;:&quot;&quot;}\"><\/span>\t\t<\/div>\n\t<\/div>\n\t<\/li>\n<li class=\"product type-product post-363069 status-publish last instock product_cat-minden product_cat-termekek has-post-thumbnail taxable shipping-taxable purchasable product-type-simple small-12 large-6 columns thb-listing-index-2\">\n\t\t<div class=\"thb-product-inner-wrapper\">\n\t\t<figure class=\"product-thumbnail\">\n\t<a href=\"https:\/\/www.homewizard.com\/hu\/shop\/kwh-meter-3-phase-wi-fi\/\" class=\"woocommerce-LoopProduct-link woocommerce-loop-product__link\"><img loading=\"lazy\" decoding=\"async\" width=\"500\" height=\"500\" src=\"https:\/\/www.homewizard.com\/wp-content\/uploads\/2021\/12\/kWh-Meter-3-phase-HW-shop-500x500.png\" class=\"attachment-woocommerce_thumbnail size-woocommerce_thumbnail\" alt=\"kWh Meter 3-Phase\" srcset=\"https:\/\/www.homewizard.com\/wp-content\/uploads\/2021\/12\/kWh-Meter-3-phase-HW-shop-500x500.png 500w, https:\/\/www.homewizard.com\/wp-content\/uploads\/2021\/12\/kWh-Meter-3-phase-HW-shop-300x300.png 300w, https:\/\/www.homewizard.com\/wp-content\/uploads\/2021\/12\/kWh-Meter-3-phase-HW-shop-150x150.png 150w, https:\/\/www.homewizard.com\/wp-content\/uploads\/2021\/12\/kWh-Meter-3-phase-HW-shop-124x124.png 124w\" sizes=\"auto, (max-width: 500px) 100vw, 500px\" \/><\/a>\t\t<\/figure>\n\t<div class=\"thb-product-inner-content\">\n\t\t<h2 class=\"woocommerce-loop-product__title\"><a href=\"https:\/\/www.homewizard.com\/hu\/shop\/kwh-meter-3-phase-wi-fi\/\" title=\"kWh Meter 3-Phase\">kWh Meter 3-Phase<\/a><\/h2>\n\t\n\t<span class=\"price\"><span class=\"woocommerce-Price-amount amount\"><bdi>49 190&nbsp;<span class=\"woocommerce-Price-currencySymbol\">&#70;&#116;<\/span><\/bdi><\/span><\/span>\n<p>Napelemek, aut\u00f3s t\u00f6lt\u0151k \u00e9s egyebek m\u00e9r\u00e9se.<\/p>\n<a href=\"\/hu\/wp-json\/wp\/v2\/pages\/363042?add-to-cart=363069\" aria-describedby=\"woocommerce_loop_add_to_cart_link_describedby_363069\" data-quantity=\"1\" class=\"button product_type_simple add_to_cart_button ajax_add_to_cart\" data-product_id=\"363069\" data-product_sku=\"HWE-KWH3\" aria-label=\"Kos\u00e1rba: &ldquo;kWh Meter 3-Phase&rdquo;\" rel=\"nofollow\" data-success_message=\"&ldquo;kWh Meter 3-Phase&rdquo; has been added to your cart\">Kos\u00e1rba<\/a>\t<span id=\"woocommerce_loop_add_to_cart_link_describedby_363069\" class=\"screen-reader-text\">\n\t\t\t<\/span>\n<span class=\"gtm4wp_productdata\" style=\"display:none; visibility:hidden;\" data-gtm4wp_product_data=\"{&quot;internal_id&quot;:363069,&quot;item_id&quot;:363069,&quot;item_name&quot;:&quot;kWh Meter 3-Phase&quot;,&quot;sku&quot;:&quot;HWE-KWH3&quot;,&quot;price&quot;:49190,&quot;stocklevel&quot;:617,&quot;stockstatus&quot;:&quot;instock&quot;,&quot;google_business_vertical&quot;:&quot;retail&quot;,&quot;item_category&quot;:&quot;Term\\u00e9kek&quot;,&quot;id&quot;:&quot;woocommerce_gpf363069&quot;,&quot;productlink&quot;:&quot;https:\\\/\\\/www.homewizard.com\\\/hu\\\/shop\\\/kwh-meter-3-phase-wi-fi\\\/&quot;,&quot;item_list_name&quot;:&quot;General Product List&quot;,&quot;index&quot;:2,&quot;product_type&quot;:&quot;simple&quot;,&quot;item_brand&quot;:&quot;&quot;}\"><\/span>\t\t<\/div>\n\t<\/div>\n\t<\/li>\n<\/ul>\n<\/div>\n<\/div><\/div>","protected":false},"excerpt":{"rendered":"<p>kWh-Meter V\u00e1lassza ki a kWh Meter\u00e9t.<\/p>\n","protected":false},"author":1,"featured_media":0,"parent":0,"menu_order":0,"comment_status":"closed","ping_status":"closed","template":"","meta":{"_acf_changed":false,"editor_plus_copied_stylings":"{}","footnotes":""},"class_list":["post-363042","page","type-page","status-publish","hentry"],"acf":[],"yoast_head":"<!-- This site is optimized with the Yoast SEO plugin v27.0 - https:\/\/yoast.com\/product\/yoast-seo-wordpress\/ -->\n<title>V\u00e1lassza ki kWh Meter\u00e9t itt \u2013 HomeWizard<\/title>\n<meta name=\"description\" content=\"Nem tudja, melyik kWh Meterre van sz\u00fcks\u00e9ge? Tekintse meg itt a k\u00fcl\u00f6nb\u00f6z\u0151 t\u00edpusainkat, \u00e9s rendelje meg azonnal a megfelel\u0151 kWh Metert!\" \/>\n<meta name=\"robots\" content=\"index, follow, max-snippet:-1, max-image-preview:large, max-video-preview:-1\" \/>\n<link rel=\"canonical\" href=\"https:\/\/www.homewizard.com\/hu\/kwh-meter-valaszto\/\" \/>\n<meta property=\"og:locale\" content=\"hu_HU\" \/>\n<meta property=\"og:type\" content=\"article\" \/>\n<meta property=\"og:title\" content=\"V\u00e1lassza ki kWh Meter\u00e9t itt \u2013 HomeWizard\" \/>\n<meta property=\"og:description\" content=\"Nem tudja, melyik kWh Meterre van sz\u00fcks\u00e9ge? Tekintse meg itt a k\u00fcl\u00f6nb\u00f6z\u0151 t\u00edpusainkat, \u00e9s rendelje meg azonnal a megfelel\u0151 kWh Metert!\" \/>\n<meta property=\"og:url\" content=\"https:\/\/www.homewizard.com\/hu\/kwh-meter-valaszto\/\" \/>\n<meta property=\"og:site_name\" content=\"HomeWizard\" \/>\n<meta property=\"article:publisher\" content=\"https:\/\/www.facebook.com\/HomeWizardBV\/\" \/>\n<meta property=\"article:modified_time\" content=\"2024-01-08T15:50:40+00:00\" \/>\n<meta name=\"twitter:card\" content=\"summary_large_image\" \/>\n<meta name=\"twitter:site\" content=\"@HomeWizard_NL\" \/>\n<script type=\"application\/ld+json\" class=\"yoast-schema-graph\">{\"@context\":\"https:\/\/schema.org\",\"@graph\":[{\"@type\":\"WebPage\",\"@id\":\"https:\/\/www.homewizard.com\/hu\/kwh-meter-valaszto\/\",\"url\":\"https:\/\/www.homewizard.com\/hu\/kwh-meter-valaszto\/\",\"name\":\"V\u00e1lassza ki kWh Meter\u00e9t itt \u2013 HomeWizard\",\"isPartOf\":{\"@id\":\"https:\/\/www.homewizard.com\/hu\/#website\"},\"datePublished\":\"2023-06-13T09:37:08+00:00\",\"dateModified\":\"2024-01-08T15:50:40+00:00\",\"description\":\"Nem tudja, melyik kWh Meterre van sz\u00fcks\u00e9ge? Tekintse meg itt a k\u00fcl\u00f6nb\u00f6z\u0151 t\u00edpusainkat, \u00e9s rendelje meg azonnal a megfelel\u0151 kWh Metert!\",\"breadcrumb\":{\"@id\":\"https:\/\/www.homewizard.com\/hu\/kwh-meter-valaszto\/#breadcrumb\"},\"inLanguage\":\"hu\",\"potentialAction\":[{\"@type\":\"ReadAction\",\"target\":[\"https:\/\/www.homewizard.com\/hu\/kwh-meter-valaszto\/\"]}]},{\"@type\":\"BreadcrumbList\",\"@id\":\"https:\/\/www.homewizard.com\/hu\/kwh-meter-valaszto\/#breadcrumb\",\"itemListElement\":[{\"@type\":\"ListItem\",\"position\":1,\"name\":\"Home\",\"item\":\"https:\/\/www.homewizard.com\/hu\/\"},{\"@type\":\"ListItem\",\"position\":2,\"name\":\"kWh Meter v\u00e1laszt\u00f3\"}]},{\"@type\":\"WebSite\",\"@id\":\"https:\/\/www.homewizard.com\/hu\/#website\",\"url\":\"https:\/\/www.homewizard.com\/hu\/\",\"name\":\"HomeWizard\",\"description\":\"HomeWizard Energy\",\"publisher\":{\"@id\":\"https:\/\/www.homewizard.com\/hu\/#organization\"},\"potentialAction\":[{\"@type\":\"SearchAction\",\"target\":{\"@type\":\"EntryPoint\",\"urlTemplate\":\"https:\/\/www.homewizard.com\/hu\/?s={search_term_string}\"},\"query-input\":{\"@type\":\"PropertyValueSpecification\",\"valueRequired\":true,\"valueName\":\"search_term_string\"}}],\"inLanguage\":\"hu\"},{\"@type\":\"Organization\",\"@id\":\"https:\/\/www.homewizard.com\/hu\/#organization\",\"name\":\"HomeWizard\",\"url\":\"https:\/\/www.homewizard.com\/hu\/\",\"logo\":{\"@type\":\"ImageObject\",\"inLanguage\":\"hu\",\"@id\":\"https:\/\/www.homewizard.com\/hu\/#\/schema\/logo\/image\/\",\"url\":\"https:\/\/www.homewizard.com\/wp-content\/uploads\/2023\/06\/HomeWizard-icon-on-black.png\",\"contentUrl\":\"https:\/\/www.homewizard.com\/wp-content\/uploads\/2023\/06\/HomeWizard-icon-on-black.png\",\"width\":500,\"height\":500,\"caption\":\"HomeWizard\"},\"image\":{\"@id\":\"https:\/\/www.homewizard.com\/hu\/#\/schema\/logo\/image\/\"},\"sameAs\":[\"https:\/\/www.facebook.com\/HomeWizardBV\/\",\"https:\/\/x.com\/HomeWizard_NL\",\"https:\/\/www.youtube.com\/HomeWizardBV\",\"https:\/\/www.instagram.com\/homewizardenergy\/\"]}]}<\/script>\n<!-- \/ Yoast SEO plugin. -->","yoast_head_json":{"title":"V\u00e1lassza ki kWh Meter\u00e9t itt \u2013 HomeWizard","description":"Nem tudja, melyik kWh Meterre van sz\u00fcks\u00e9ge? Tekintse meg itt a k\u00fcl\u00f6nb\u00f6z\u0151 t\u00edpusainkat, \u00e9s rendelje meg azonnal a megfelel\u0151 kWh Metert!","robots":{"index":"index","follow":"follow","max-snippet":"max-snippet:-1","max-image-preview":"max-image-preview:large","max-video-preview":"max-video-preview:-1"},"canonical":"https:\/\/www.homewizard.com\/hu\/kwh-meter-valaszto\/","og_locale":"hu_HU","og_type":"article","og_title":"V\u00e1lassza ki kWh Meter\u00e9t itt \u2013 HomeWizard","og_description":"Nem tudja, melyik kWh Meterre van sz\u00fcks\u00e9ge? Tekintse meg itt a k\u00fcl\u00f6nb\u00f6z\u0151 t\u00edpusainkat, \u00e9s rendelje meg azonnal a megfelel\u0151 kWh Metert!","og_url":"https:\/\/www.homewizard.com\/hu\/kwh-meter-valaszto\/","og_site_name":"HomeWizard","article_publisher":"https:\/\/www.facebook.com\/HomeWizardBV\/","article_modified_time":"2024-01-08T15:50:40+00:00","twitter_card":"summary_large_image","twitter_site":"@HomeWizard_NL","schema":{"@context":"https:\/\/schema.org","@graph":[{"@type":"WebPage","@id":"https:\/\/www.homewizard.com\/hu\/kwh-meter-valaszto\/","url":"https:\/\/www.homewizard.com\/hu\/kwh-meter-valaszto\/","name":"V\u00e1lassza ki kWh Meter\u00e9t itt \u2013 HomeWizard","isPartOf":{"@id":"https:\/\/www.homewizard.com\/hu\/#website"},"datePublished":"2023-06-13T09:37:08+00:00","dateModified":"2024-01-08T15:50:40+00:00","description":"Nem tudja, melyik kWh Meterre van sz\u00fcks\u00e9ge? Tekintse meg itt a k\u00fcl\u00f6nb\u00f6z\u0151 t\u00edpusainkat, \u00e9s rendelje meg azonnal a megfelel\u0151 kWh Metert!","breadcrumb":{"@id":"https:\/\/www.homewizard.com\/hu\/kwh-meter-valaszto\/#breadcrumb"},"inLanguage":"hu","potentialAction":[{"@type":"ReadAction","target":["https:\/\/www.homewizard.com\/hu\/kwh-meter-valaszto\/"]}]},{"@type":"BreadcrumbList","@id":"https:\/\/www.homewizard.com\/hu\/kwh-meter-valaszto\/#breadcrumb","itemListElement":[{"@type":"ListItem","position":1,"name":"Home","item":"https:\/\/www.homewizard.com\/hu\/"},{"@type":"ListItem","position":2,"name":"kWh Meter v\u00e1laszt\u00f3"}]},{"@type":"WebSite","@id":"https:\/\/www.homewizard.com\/hu\/#website","url":"https:\/\/www.homewizard.com\/hu\/","name":"HomeWizard","description":"HomeWizard Energy","publisher":{"@id":"https:\/\/www.homewizard.com\/hu\/#organization"},"potentialAction":[{"@type":"SearchAction","target":{"@type":"EntryPoint","urlTemplate":"https:\/\/www.homewizard.com\/hu\/?s={search_term_string}"},"query-input":{"@type":"PropertyValueSpecification","valueRequired":true,"valueName":"search_term_string"}}],"inLanguage":"hu"},{"@type":"Organization","@id":"https:\/\/www.homewizard.com\/hu\/#organization","name":"HomeWizard","url":"https:\/\/www.homewizard.com\/hu\/","logo":{"@type":"ImageObject","inLanguage":"hu","@id":"https:\/\/www.homewizard.com\/hu\/#\/schema\/logo\/image\/","url":"https:\/\/www.homewizard.com\/wp-content\/uploads\/2023\/06\/HomeWizard-icon-on-black.png","contentUrl":"https:\/\/www.homewizard.com\/wp-content\/uploads\/2023\/06\/HomeWizard-icon-on-black.png","width":500,"height":500,"caption":"HomeWizard"},"image":{"@id":"https:\/\/www.homewizard.com\/hu\/#\/schema\/logo\/image\/"},"sameAs":["https:\/\/www.facebook.com\/HomeWizardBV\/","https:\/\/x.com\/HomeWizard_NL","https:\/\/www.youtube.com\/HomeWizardBV","https:\/\/www.instagram.com\/homewizardenergy\/"]}]}},"_links":{"self":[{"href":"https:\/\/www.homewizard.com\/hu\/wp-json\/wp\/v2\/pages\/363042","targetHints":{"allow":["GET"]}}],"collection":[{"href":"https:\/\/www.homewizard.com\/hu\/wp-json\/wp\/v2\/pages"}],"about":[{"href":"https:\/\/www.homewizard.com\/hu\/wp-json\/wp\/v2\/types\/page"}],"author":[{"embeddable":true,"href":"https:\/\/www.homewizard.com\/hu\/wp-json\/wp\/v2\/users\/1"}],"replies":[{"embeddable":true,"href":"https:\/\/www.homewizard.com\/hu\/wp-json\/wp\/v2\/comments?post=363042"}],"version-history":[{"count":8,"href":"https:\/\/www.homewizard.com\/hu\/wp-json\/wp\/v2\/pages\/363042\/revisions"}],"predecessor-version":[{"id":543054,"href":"https:\/\/www.homewizard.com\/hu\/wp-json\/wp\/v2\/pages\/363042\/revisions\/543054"}],"wp:attachment":[{"href":"https:\/\/www.homewizard.com\/hu\/wp-json\/wp\/v2\/media?parent=363042"}],"curies":[{"name":"wp","href":"https:\/\/api.w.org\/{rel}","templated":true}]}}