{"id":363025,"date":"2023-06-13T11:37:00","date_gmt":"2023-06-13T09:37:00","guid":{"rendered":"https:\/\/www.homewizard.com\/nyelvvalaszto\/"},"modified":"2024-01-25T09:55:35","modified_gmt":"2024-01-25T08:55:35","slug":"nyelvvalaszto","status":"publish","type":"page","link":"https:\/\/www.homewizard.com\/hu\/nyelvvalaszto\/","title":{"rendered":"V\u00e1lasszon nyelvet"},"content":{"rendered":"<div class=\"contained_block wp-block-group eplus-wrapper eplus-styles-uid-55c990\"><div class=\"wp-block-group__inner-container is-layout-flow wp-block-group-is-layout-flow\">\n<h2 class=\" wp-block-heading has-text-align-center eplus-wrapper\">V\u00e1lassza ki az orsz\u00e1got \u00e9s a nyelvet.<\/h2>\n\n\n\n<p class=\" has-text-align-center eplus-wrapper\">A term\u00e9kinform\u00e1ci\u00f3k az \u00d6n orsz\u00e1g\u00e1t\u00f3l vagy r\u00e9gi\u00f3j\u00e1t\u00f3l f\u00fcgg\u0151en elt\u00e9rhetnek. V\u00e1lassza ki az orsz\u00e1got a legjobb \u00e9lm\u00e9ny \u00e9rdek\u00e9ben.<\/p>\n\n\n<div class=\"wp-block-columns eplus-wrapper is-layout-flex wp-container-core-columns-is-layout-9d6595d7 wp-block-columns-is-layout-flex eplus-styles-uid-716a5d\">\n<div class=\"wp-block-column eplus-wrapper is-layout-flow wp-block-column-is-layout-flow\">    <div class=\"wp-block-bplugins-custom-html\" id=\"bPluginsCustomHtml-1\">\r\n    <a href=\"https:\/\/www.homewizard.com\/nl\/\">    <\/a><\/div>\r\n    \n\n\n<div class=\" wp-block-media-text eplus-wrapper\" style=\"grid-template-columns:15% auto\"><figure class=\"wp-block-media-text__media\"><img decoding=\"async\" src=\"https:\/\/www.homewizard.com\/wp-content\/uploads\/2023\/03\/Flag_NL_circle.svg\" alt=\"\" class=\"wp-image-282837 size-thumbnail\"><\/figure><div class=\"wp-block-media-text__content\">\n<h4 class=\" wp-block-heading eplus-wrapper\">Nederland<\/h4>\n\n\n\n<p class=\" eplus-wrapper\">Nederlands<\/p>\n<\/div><\/div>\n\n\n    <div class=\"wp-block-bplugins-custom-html\" id=\"bPluginsCustomHtml-2\">\r\n        <\/div>\r\n    <\/div>\n\n\n\n<div class=\"wp-block-column eplus-wrapper is-layout-flow wp-block-column-is-layout-flow\">    <div class=\"wp-block-bplugins-custom-html\" id=\"bPluginsCustomHtml-3\">\r\n    <a href=\"https:\/\/www.homewizard.com\/\">    <\/a><\/div>\r\n    \n\n\n<div class=\" wp-block-media-text eplus-wrapper\" style=\"grid-template-columns:15% auto\"><figure class=\"wp-block-media-text__media\"><img decoding=\"async\" src=\"https:\/\/www.homewizard.com\/wp-content\/uploads\/2023\/07\/Flag_EU_circle-1.svg\" alt=\"\" class=\"wp-image-382310 size-thumbnail\"><\/figure><div class=\"wp-block-media-text__content\">\n<h4 class=\" wp-block-heading eplus-wrapper\">Nemzetk\u00f6zi<\/h4>\n\n\n\n<p class=\" eplus-wrapper\">English<\/p>\n<\/div><\/div>\n\n\n    <div class=\"wp-block-bplugins-custom-html\" id=\"bPluginsCustomHtml-4\">\r\n        <\/div>\r\n    <\/div>\n\n\n\n<div class=\"wp-block-column eplus-wrapper is-layout-flow wp-block-column-is-layout-flow\">    <div class=\"wp-block-bplugins-custom-html\" id=\"bPluginsCustomHtml-5\">\r\n    <a href=\"https:\/\/www.homewizard.com\/nl-be\/\">    <\/a><\/div>\r\n    \n\n\n<div class=\" wp-block-media-text eplus-wrapper\" style=\"grid-template-columns:15% auto\"><figure class=\"wp-block-media-text__media\"><img decoding=\"async\" src=\"https:\/\/www.homewizard.com\/wp-content\/uploads\/2023\/03\/Flag_BE_Circle.svg\" alt=\"\" class=\"wp-image-282829 size-thumbnail\"><\/figure><div class=\"wp-block-media-text__content\">\n<h4 class=\" wp-block-heading eplus-wrapper\">Belgi\u00eb<\/h4>\n\n\n\n<p class=\" eplus-wrapper\">Nederlands<\/p>\n<\/div><\/div>\n\n\n    <div class=\"wp-block-bplugins-custom-html\" id=\"bPluginsCustomHtml-6\">\r\n        <\/div>\r\n    <\/div>\n\n\n\n<div class=\"wp-block-column eplus-wrapper is-layout-flow wp-block-column-is-layout-flow\">    <div class=\"wp-block-bplugins-custom-html\" id=\"bPluginsCustomHtml-7\">\r\n    <a href=\"https:\/\/www.homewizard.com\/fr-be\/\">    <\/a><\/div>\r\n    \n\n\n<div class=\" wp-block-media-text eplus-wrapper\" style=\"grid-template-columns:15% auto\"><figure class=\"wp-block-media-text__media\"><img decoding=\"async\" src=\"https:\/\/www.homewizard.com\/wp-content\/uploads\/2023\/03\/Flag_BE_Circle.svg\" alt=\"\" class=\"wp-image-282829 size-thumbnail\"><\/figure><div class=\"wp-block-media-text__content\">\n<h4 class=\" wp-block-heading eplus-wrapper\">Belgique<\/h4>\n\n\n\n<p class=\" eplus-wrapper\">Fran\u00e7ais<\/p>\n<\/div><\/div>\n\n\n    <div class=\"wp-block-bplugins-custom-html\" id=\"bPluginsCustomHtml-8\">\r\n        <\/div>\r\n    <\/div>\n<\/div>\n\n<div class=\"wp-block-columns eplus-wrapper is-layout-flex wp-container-core-columns-is-layout-9d6595d7 wp-block-columns-is-layout-flex eplus-styles-uid-588515\">\n<div class=\"wp-block-column eplus-wrapper is-layout-flow wp-block-column-is-layout-flow\">    <div class=\"wp-block-bplugins-custom-html\" id=\"bPluginsCustomHtml-9\">\r\n    <a href=\"https:\/\/www.homewizard.com\/fr-lu\/\">    <\/a><\/div>\r\n    \n\n\n<div class=\" wp-block-media-text eplus-wrapper\" style=\"grid-template-columns:15% auto\"><figure class=\"wp-block-media-text__media\"><img loading=\"lazy\" decoding=\"async\" width=\"150\" height=\"150\" src=\"https:\/\/www.homewizard.com\/wp-content\/uploads\/\/Flag_LU_circle.svg\" alt=\"\" class=\"wp-image-297171 size-thumbnail\"><\/figure><div class=\"wp-block-media-text__content\">\n<h4 class=\" wp-block-heading eplus-wrapper\">Luxembourg<\/h4>\n\n\n\n<p class=\" eplus-wrapper\">Fran\u00e7ais<\/p>\n<\/div><\/div>\n\n\n    <div class=\"wp-block-bplugins-custom-html\" id=\"bPluginsCustomHtml-10\">\r\n        <\/div>\r\n    <\/div>\n\n\n\n<div class=\"wp-block-column eplus-wrapper is-layout-flow wp-block-column-is-layout-flow\">    <div class=\"wp-block-bplugins-custom-html\" id=\"bPluginsCustomHtml-11\">\r\n    <a href=\"https:\/\/www.homewizard.com\/sv\/\">    <\/a><\/div>\r\n    \n\n\n<div class=\" wp-block-media-text eplus-wrapper\" style=\"grid-template-columns:15% auto\"><figure class=\"wp-block-media-text__media\"><img loading=\"lazy\" decoding=\"async\" width=\"150\" height=\"150\" src=\"https:\/\/www.homewizard.com\/wp-content\/uploads\/\/Flag_SV_circle.svg\" alt=\"\" class=\"wp-image-339408 size-thumbnail\"><\/figure><div class=\"wp-block-media-text__content\">\n<h4 class=\" wp-block-heading eplus-wrapper\">Sverige<\/h4>\n\n\n\n<p class=\" eplus-wrapper\">Svenska<\/p>\n<\/div><\/div>\n\n\n    <div class=\"wp-block-bplugins-custom-html\" id=\"bPluginsCustomHtml-12\">\r\n        <\/div>\r\n    <\/div>\n\n\n\n<div class=\"wp-block-column eplus-wrapper is-layout-flow wp-block-column-is-layout-flow\">    <div class=\"wp-block-bplugins-custom-html\" id=\"bPluginsCustomHtml-13\">\r\n    <a href=\"https:\/\/www.homewizard.com\/hu\/\">    <\/a><\/div>\r\n    \n\n\n<div class=\" wp-block-media-text eplus-wrapper\" style=\"grid-template-columns:15% auto\"><figure class=\"wp-block-media-text__media\"><img decoding=\"async\" src=\"https:\/\/www.homewizard.com\/wp-content\/uploads\/2023\/06\/Flag_HU_circle.svg\" alt=\"\" class=\"wp-image-363907 size-thumbnail\"><\/figure><div class=\"wp-block-media-text__content\">\n<h4 class=\" wp-block-heading eplus-wrapper\">Magyarorsz\u00e1g<\/h4>\n\n\n\n<p class=\" eplus-wrapper\">Magyar<\/p>\n<\/div><\/div>\n\n\n    <div class=\"wp-block-bplugins-custom-html\" id=\"bPluginsCustomHtml-14\">\r\n        <\/div>\r\n    <\/div>\n\n\n\n<div class=\"wp-block-column eplus-wrapper is-layout-flow wp-block-column-is-layout-flow\">    <div class=\"wp-block-bplugins-custom-html\" id=\"bPluginsCustomHtml-15\">\r\n    <a href=\"https:\/\/www.homewizard.com\/fi\/\">    <\/a><\/div>\r\n    \n\n\n<div class=\" wp-block-media-text eplus-wrapper\" style=\"grid-template-columns:15% auto\"><figure class=\"wp-block-media-text__media\"><img loading=\"lazy\" decoding=\"async\" width=\"150\" height=\"150\" src=\"https:\/\/www.homewizard.com\/wp-content\/uploads\/\/Flag_FI_circle.svg\" alt=\"\" class=\"wp-image-358142 size-thumbnail\"><\/figure><div class=\"wp-block-media-text__content\">\n<h4 class=\" wp-block-heading eplus-wrapper\">Suomi<\/h4>\n\n\n\n<p class=\" eplus-wrapper\">Ev\u00e4t<\/p>\n<\/div><\/div>\n\n\n    <div class=\"wp-block-bplugins-custom-html\" id=\"bPluginsCustomHtml-16\">\r\n        <\/div>\r\n    <\/div>\n<\/div>\n\n<div class=\"wp-block-columns eplus-wrapper is-layout-flex wp-container-core-columns-is-layout-9d6595d7 wp-block-columns-is-layout-flex eplus-styles-uid-48489e\">\n<div class=\"wp-block-column eplus-wrapper is-layout-flow wp-block-column-is-layout-flow\">    <div class=\"wp-block-bplugins-custom-html\" id=\"bPluginsCustomHtml-17\">\r\n    <a href=\"https:\/\/www.homewizard.com\/no\/\">    <\/a><\/div>\r\n    \n\n\n<div class=\" wp-block-media-text eplus-wrapper\" style=\"grid-template-columns:15% auto\"><figure class=\"wp-block-media-text__media\"><img decoding=\"async\" src=\"https:\/\/www.homewizard.com\/wp-content\/uploads\/2024\/01\/Flag_of_Norway.svg\" alt=\"\" class=\"wp-image-551467 size-thumbnail\"><\/figure><div class=\"wp-block-media-text__content\">\n<h4 class=\" wp-block-heading eplus-wrapper\">Norge<\/h4>\n\n\n\n<p class=\" eplus-wrapper\">Norsk<\/p>\n<\/div><\/div>\n\n\n    <div class=\"wp-block-bplugins-custom-html\" id=\"bPluginsCustomHtml-18\">\r\n        <\/div>\r\n    <\/div>\n\n\n\n<div class=\"wp-block-column eplus-wrapper is-layout-flow wp-block-column-is-layout-flow\">    <div class=\"wp-block-bplugins-custom-html\" id=\"bPluginsCustomHtml-19\">\r\n    <a href=\"https:\/\/www.homewizard.com\/da\/\">    <\/a><\/div>\r\n    \n\n\n<div class=\" wp-block-media-text eplus-wrapper\" style=\"grid-template-columns:15% auto\"><figure class=\"wp-block-media-text__media\"><img loading=\"lazy\" decoding=\"async\" width=\"695\" height=\"695\" src=\"https:\/\/www.homewizard.com\/wp-content\/uploads\/2024\/01\/Flag_of_Denmark.png\" alt=\"\" class=\"wp-image-558369 size-thumbnail\" srcset=\"https:\/\/www.homewizard.com\/wp-content\/uploads\/2024\/01\/Flag_of_Denmark.png 695w, https:\/\/www.homewizard.com\/wp-content\/uploads\/2024\/01\/Flag_of_Denmark-500x500.png 500w, https:\/\/www.homewizard.com\/wp-content\/uploads\/2024\/01\/Flag_of_Denmark-124x124.png 124w, https:\/\/www.homewizard.com\/wp-content\/uploads\/2024\/01\/Flag_of_Denmark-300x300.png 300w, https:\/\/www.homewizard.com\/wp-content\/uploads\/2024\/01\/Flag_of_Denmark-150x150.png 150w, https:\/\/www.homewizard.com\/wp-content\/uploads\/2024\/01\/Flag_of_Denmark-600x600.png 600w\" sizes=\"auto, (max-width: 695px) 100vw, 695px\" \/><\/figure><div class=\"wp-block-media-text__content\">\n<h4 class=\" wp-block-heading eplus-wrapper\">Danmark<\/h4>\n\n\n\n<p class=\" eplus-wrapper\">Dansk<\/p>\n<\/div><\/div>\n\n\n    <div class=\"wp-block-bplugins-custom-html\" id=\"bPluginsCustomHtml-20\">\r\n        <\/div>\r\n    <\/div>\n\n\n\n<div class=\"wp-block-column eplus-wrapper is-layout-flow wp-block-column-is-layout-flow\"><\/div>\n\n\n\n<div class=\"wp-block-column eplus-wrapper is-layout-flow wp-block-column-is-layout-flow\"><\/div>\n<\/div><\/div><\/div>","protected":false},"excerpt":{"rendered":"<p>V\u00e1lassza ki az orsz\u00e1got \u00e9s a nyelvet. A term\u00e9kinform\u00e1ci\u00f3k az \u00d6n orsz\u00e1g\u00e1t\u00f3l vagy r\u00e9gi\u00f3j\u00e1t\u00f3l f\u00fcgg\u0151en elt\u00e9rhetnek. V\u00e1lassza ki az orsz\u00e1got a legjobb \u00e9lm\u00e9ny \u00e9rdek\u00e9ben. Nederland Nederlands Nemzetk\u00f6zi English Belgi\u00eb Nederlands Belgique Fran\u00e7ais Luxembourg Fran\u00e7ais Sverige Svenska Magyarorsz\u00e1g Magyar Suomi Ev\u00e4t Norge Norsk Danmark Dansk<\/p>\n","protected":false},"author":1,"featured_media":0,"parent":0,"menu_order":0,"comment_status":"closed","ping_status":"closed","template":"","meta":{"_acf_changed":false,"editor_plus_copied_stylings":"{}","footnotes":""},"class_list":["post-363025","page","type-page","status-publish","hentry"],"acf":[],"yoast_head":"<!-- This site is optimized with the Yoast SEO plugin v27.0 - https:\/\/yoast.com\/product\/yoast-seo-wordpress\/ -->\n<title>V\u00e1lasszon nyelvet - HomeWizard<\/title>\n<meta name=\"robots\" content=\"noindex, nofollow\" \/>\n<meta property=\"og:locale\" content=\"hu_HU\" \/>\n<meta property=\"og:type\" content=\"article\" \/>\n<meta property=\"og:title\" content=\"V\u00e1lasszon nyelvet - HomeWizard\" \/>\n<meta property=\"og:description\" content=\"V\u00e1lassza ki az orsz\u00e1got \u00e9s a nyelvet. A term\u00e9kinform\u00e1ci\u00f3k az \u00d6n orsz\u00e1g\u00e1t\u00f3l vagy r\u00e9gi\u00f3j\u00e1t\u00f3l f\u00fcgg\u0151en elt\u00e9rhetnek. V\u00e1lassza ki az orsz\u00e1got a legjobb \u00e9lm\u00e9ny \u00e9rdek\u00e9ben. Nederland Nederlands Nemzetk\u00f6zi English Belgi\u00eb Nederlands Belgique Fran\u00e7ais Luxembourg Fran\u00e7ais Sverige Svenska Magyarorsz\u00e1g Magyar Suomi Ev\u00e4t Norge Norsk Danmark Dansk\" \/>\n<meta property=\"og:url\" content=\"https:\/\/www.homewizard.com\/hu\/nyelvvalaszto\/\" \/>\n<meta property=\"og:site_name\" content=\"HomeWizard\" \/>\n<meta property=\"article:publisher\" content=\"https:\/\/www.facebook.com\/HomeWizardBV\/\" \/>\n<meta property=\"article:modified_time\" content=\"2024-01-25T08:55:35+00:00\" \/>\n<meta property=\"og:image\" content=\"https:\/\/www.homewizard.com\/wp-content\/uploads\/2023\/03\/Flag_NL_circle.svg\" \/>\n<meta name=\"twitter:card\" content=\"summary_large_image\" \/>\n<meta name=\"twitter:site\" content=\"@HomeWizard_NL\" \/>\n<script type=\"application\/ld+json\" class=\"yoast-schema-graph\">{\"@context\":\"https:\/\/schema.org\",\"@graph\":[{\"@type\":\"WebPage\",\"@id\":\"https:\/\/www.homewizard.com\/hu\/nyelvvalaszto\/\",\"url\":\"https:\/\/www.homewizard.com\/hu\/nyelvvalaszto\/\",\"name\":\"V\u00e1lasszon nyelvet - HomeWizard\",\"isPartOf\":{\"@id\":\"https:\/\/www.homewizard.com\/hu\/#website\"},\"primaryImageOfPage\":{\"@id\":\"https:\/\/www.homewizard.com\/hu\/nyelvvalaszto\/#primaryimage\"},\"image\":{\"@id\":\"https:\/\/www.homewizard.com\/hu\/nyelvvalaszto\/#primaryimage\"},\"thumbnailUrl\":\"https:\/\/www.homewizard.com\/wp-content\/uploads\/2023\/03\/Flag_NL_circle.svg\",\"datePublished\":\"2023-06-13T09:37:00+00:00\",\"dateModified\":\"2024-01-25T08:55:35+00:00\",\"breadcrumb\":{\"@id\":\"https:\/\/www.homewizard.com\/hu\/nyelvvalaszto\/#breadcrumb\"},\"inLanguage\":\"hu\",\"potentialAction\":[{\"@type\":\"ReadAction\",\"target\":[\"https:\/\/www.homewizard.com\/hu\/nyelvvalaszto\/\"]}]},{\"@type\":\"ImageObject\",\"inLanguage\":\"hu\",\"@id\":\"https:\/\/www.homewizard.com\/hu\/nyelvvalaszto\/#primaryimage\",\"url\":\"https:\/\/www.homewizard.com\/wp-content\/uploads\/2023\/03\/Flag_NL_circle.svg\",\"contentUrl\":\"https:\/\/www.homewizard.com\/wp-content\/uploads\/2023\/03\/Flag_NL_circle.svg\"},{\"@type\":\"BreadcrumbList\",\"@id\":\"https:\/\/www.homewizard.com\/hu\/nyelvvalaszto\/#breadcrumb\",\"itemListElement\":[{\"@type\":\"ListItem\",\"position\":1,\"name\":\"Home\",\"item\":\"https:\/\/www.homewizard.com\/hu\/\"},{\"@type\":\"ListItem\",\"position\":2,\"name\":\"V\u00e1lasszon nyelvet\"}]},{\"@type\":\"WebSite\",\"@id\":\"https:\/\/www.homewizard.com\/hu\/#website\",\"url\":\"https:\/\/www.homewizard.com\/hu\/\",\"name\":\"HomeWizard\",\"description\":\"HomeWizard Energy\",\"publisher\":{\"@id\":\"https:\/\/www.homewizard.com\/hu\/#organization\"},\"potentialAction\":[{\"@type\":\"SearchAction\",\"target\":{\"@type\":\"EntryPoint\",\"urlTemplate\":\"https:\/\/www.homewizard.com\/hu\/?s={search_term_string}\"},\"query-input\":{\"@type\":\"PropertyValueSpecification\",\"valueRequired\":true,\"valueName\":\"search_term_string\"}}],\"inLanguage\":\"hu\"},{\"@type\":\"Organization\",\"@id\":\"https:\/\/www.homewizard.com\/hu\/#organization\",\"name\":\"HomeWizard\",\"url\":\"https:\/\/www.homewizard.com\/hu\/\",\"logo\":{\"@type\":\"ImageObject\",\"inLanguage\":\"hu\",\"@id\":\"https:\/\/www.homewizard.com\/hu\/#\/schema\/logo\/image\/\",\"url\":\"https:\/\/www.homewizard.com\/wp-content\/uploads\/2023\/06\/HomeWizard-icon-on-black.png\",\"contentUrl\":\"https:\/\/www.homewizard.com\/wp-content\/uploads\/2023\/06\/HomeWizard-icon-on-black.png\",\"width\":500,\"height\":500,\"caption\":\"HomeWizard\"},\"image\":{\"@id\":\"https:\/\/www.homewizard.com\/hu\/#\/schema\/logo\/image\/\"},\"sameAs\":[\"https:\/\/www.facebook.com\/HomeWizardBV\/\",\"https:\/\/x.com\/HomeWizard_NL\",\"https:\/\/www.youtube.com\/HomeWizardBV\",\"https:\/\/www.instagram.com\/homewizardenergy\/\"]}]}<\/script>\n<!-- \/ Yoast SEO plugin. -->","yoast_head_json":{"title":"V\u00e1lasszon nyelvet - HomeWizard","robots":{"index":"noindex","follow":"nofollow"},"og_locale":"hu_HU","og_type":"article","og_title":"V\u00e1lasszon nyelvet - HomeWizard","og_description":"V\u00e1lassza ki az orsz\u00e1got \u00e9s a nyelvet. A term\u00e9kinform\u00e1ci\u00f3k az \u00d6n orsz\u00e1g\u00e1t\u00f3l vagy r\u00e9gi\u00f3j\u00e1t\u00f3l f\u00fcgg\u0151en elt\u00e9rhetnek. V\u00e1lassza ki az orsz\u00e1got a legjobb \u00e9lm\u00e9ny \u00e9rdek\u00e9ben. Nederland Nederlands Nemzetk\u00f6zi English Belgi\u00eb Nederlands Belgique Fran\u00e7ais Luxembourg Fran\u00e7ais Sverige Svenska Magyarorsz\u00e1g Magyar Suomi Ev\u00e4t Norge Norsk Danmark Dansk","og_url":"https:\/\/www.homewizard.com\/hu\/nyelvvalaszto\/","og_site_name":"HomeWizard","article_publisher":"https:\/\/www.facebook.com\/HomeWizardBV\/","article_modified_time":"2024-01-25T08:55:35+00:00","og_image":[{"url":"https:\/\/www.homewizard.com\/wp-content\/uploads\/2023\/03\/Flag_NL_circle.svg","type":"","width":"","height":""}],"twitter_card":"summary_large_image","twitter_site":"@HomeWizard_NL","schema":{"@context":"https:\/\/schema.org","@graph":[{"@type":"WebPage","@id":"https:\/\/www.homewizard.com\/hu\/nyelvvalaszto\/","url":"https:\/\/www.homewizard.com\/hu\/nyelvvalaszto\/","name":"V\u00e1lasszon nyelvet - HomeWizard","isPartOf":{"@id":"https:\/\/www.homewizard.com\/hu\/#website"},"primaryImageOfPage":{"@id":"https:\/\/www.homewizard.com\/hu\/nyelvvalaszto\/#primaryimage"},"image":{"@id":"https:\/\/www.homewizard.com\/hu\/nyelvvalaszto\/#primaryimage"},"thumbnailUrl":"https:\/\/www.homewizard.com\/wp-content\/uploads\/2023\/03\/Flag_NL_circle.svg","datePublished":"2023-06-13T09:37:00+00:00","dateModified":"2024-01-25T08:55:35+00:00","breadcrumb":{"@id":"https:\/\/www.homewizard.com\/hu\/nyelvvalaszto\/#breadcrumb"},"inLanguage":"hu","potentialAction":[{"@type":"ReadAction","target":["https:\/\/www.homewizard.com\/hu\/nyelvvalaszto\/"]}]},{"@type":"ImageObject","inLanguage":"hu","@id":"https:\/\/www.homewizard.com\/hu\/nyelvvalaszto\/#primaryimage","url":"https:\/\/www.homewizard.com\/wp-content\/uploads\/2023\/03\/Flag_NL_circle.svg","contentUrl":"https:\/\/www.homewizard.com\/wp-content\/uploads\/2023\/03\/Flag_NL_circle.svg"},{"@type":"BreadcrumbList","@id":"https:\/\/www.homewizard.com\/hu\/nyelvvalaszto\/#breadcrumb","itemListElement":[{"@type":"ListItem","position":1,"name":"Home","item":"https:\/\/www.homewizard.com\/hu\/"},{"@type":"ListItem","position":2,"name":"V\u00e1lasszon nyelvet"}]},{"@type":"WebSite","@id":"https:\/\/www.homewizard.com\/hu\/#website","url":"https:\/\/www.homewizard.com\/hu\/","name":"HomeWizard","description":"HomeWizard Energy","publisher":{"@id":"https:\/\/www.homewizard.com\/hu\/#organization"},"potentialAction":[{"@type":"SearchAction","target":{"@type":"EntryPoint","urlTemplate":"https:\/\/www.homewizard.com\/hu\/?s={search_term_string}"},"query-input":{"@type":"PropertyValueSpecification","valueRequired":true,"valueName":"search_term_string"}}],"inLanguage":"hu"},{"@type":"Organization","@id":"https:\/\/www.homewizard.com\/hu\/#organization","name":"HomeWizard","url":"https:\/\/www.homewizard.com\/hu\/","logo":{"@type":"ImageObject","inLanguage":"hu","@id":"https:\/\/www.homewizard.com\/hu\/#\/schema\/logo\/image\/","url":"https:\/\/www.homewizard.com\/wp-content\/uploads\/2023\/06\/HomeWizard-icon-on-black.png","contentUrl":"https:\/\/www.homewizard.com\/wp-content\/uploads\/2023\/06\/HomeWizard-icon-on-black.png","width":500,"height":500,"caption":"HomeWizard"},"image":{"@id":"https:\/\/www.homewizard.com\/hu\/#\/schema\/logo\/image\/"},"sameAs":["https:\/\/www.facebook.com\/HomeWizardBV\/","https:\/\/x.com\/HomeWizard_NL","https:\/\/www.youtube.com\/HomeWizardBV","https:\/\/www.instagram.com\/homewizardenergy\/"]}]}},"_links":{"self":[{"href":"https:\/\/www.homewizard.com\/hu\/wp-json\/wp\/v2\/pages\/363025","targetHints":{"allow":["GET"]}}],"collection":[{"href":"https:\/\/www.homewizard.com\/hu\/wp-json\/wp\/v2\/pages"}],"about":[{"href":"https:\/\/www.homewizard.com\/hu\/wp-json\/wp\/v2\/types\/page"}],"author":[{"embeddable":true,"href":"https:\/\/www.homewizard.com\/hu\/wp-json\/wp\/v2\/users\/1"}],"replies":[{"embeddable":true,"href":"https:\/\/www.homewizard.com\/hu\/wp-json\/wp\/v2\/comments?post=363025"}],"version-history":[{"count":19,"href":"https:\/\/www.homewizard.com\/hu\/wp-json\/wp\/v2\/pages\/363025\/revisions"}],"predecessor-version":[{"id":558403,"href":"https:\/\/www.homewizard.com\/hu\/wp-json\/wp\/v2\/pages\/363025\/revisions\/558403"}],"wp:attachment":[{"href":"https:\/\/www.homewizard.com\/hu\/wp-json\/wp\/v2\/media?parent=363025"}],"curies":[{"name":"wp","href":"https:\/\/api.w.org\/{rel}","templated":true}]}}