{"id":1840840,"date":"2025-11-24T14:58:45","date_gmt":"2025-11-24T13:58:45","guid":{"rendered":"https:\/\/www.homewizard.com\/?page_id=1840840"},"modified":"2025-12-04T16:35:42","modified_gmt":"2025-12-04T15:35:42","slug":"green-friday","status":"publish","type":"page","link":"https:\/\/www.homewizard.com\/hu\/green-friday\/","title":{"rendered":"Green Friday"},"content":{"rendered":"<div class=\"contained_page wp-block-group eplus-wrapper eplus-styles-uid-ec1651\"><div class=\"wp-block-group__inner-container is-layout-constrained wp-block-group-is-layout-constrained\">\n<style>\n.green-friday-gradient {\n  font-family: 'Poppins', sans-serif;\n  font-weight: 600;\n  font-size: 56px;\n  line-height: 1.1;\n  margin: 0;\n\n  background: linear-gradient(135deg, #20F29B 0%, #02DACE 100%);\n  -webkit-background-clip: text;\n  -webkit-text-fill-color: transparent;\n  background-clip: text;\n  color: transparent;\n}\n<\/style>\n\n<h1 class=\"green-friday-gradient\">Green Friday.<\/h1>\n\n\n<div class=\"flex-column wp-block-columns eplus-wrapper is-layout-flex wp-container-core-columns-is-layout-9d6595d7 wp-block-columns-is-layout-flex eplus-styles-uid-6d16fd\">\n<div class=\"wp-block-column is-vertically-aligned-top eplus-wrapper is-layout-flow wp-block-column-is-layout-flow\" style=\"flex-basis:66.66%\">\n<p class=\" eplus-wrapper\">Az akci\u00f3 v\u00e9get \u00e9rt, de az energia okos felhaszn\u00e1l\u00e1sa eg\u00e9sz \u00e9vben fontos. Fedezze fel felhaszn\u00e1l\u00f3bar\u00e1t, megfizethet\u0151 term\u00e9keinket, \u00e9s hozza ki a legt\u00f6bbet az energi\u00e1j\u00e1b\u00f3l.<\/p>\n\n\n\n<h3 class=\" wp-block-heading eplus-wrapper\">Takar\u00e9koskodj okosan \u00e9s fenntarthat\u00f3an.<\/h3>\n\n\n\n<p class=\" eplus-wrapper\">A HomeWizardn\u00e1l nem a hatalmas kedvezm\u00e9nyekr\u0151l sz\u00f3l minden, hanem az okos \u00e9s fenntarthat\u00f3 d\u00f6nt\u00e9sekr\u0151l, amelyek val\u00f3ban sz\u00e1m\u00edtanak. Hissz\u00fck, hogy az energiatakar\u00e9koss\u00e1gnak egyszer\u0171nek \u00e9s mindenki sz\u00e1m\u00e1ra el\u00e9rhet\u0151nek kell lennie. Ez\u00e9rt nem tartunk Black Fridayt, hanem Green Fridayt. G\u00f6rgess lejjebb, \u00e9s fedezd fel, hogyan takar\u00edthatsz meg energi\u00e1t z\u00f6ldebb m\u00f3don.<\/p>\n<\/div>\n\n\n<div class=\"wp-block-column is-vertically-aligned-center eplus-wrapper is-layout-flow wp-block-column-is-layout-flow eplus-styles-uid-9462ad\" style=\"flex-basis:33.33%\"><div class=\"wp-block-image \">\n<figure class=\"aligncenter size-full is-resized eplus-wrapper\"><img loading=\"lazy\" decoding=\"async\" width=\"800\" height=\"548\" src=\"https:\/\/cdn.homewizard.com\/wp-content\/uploads\/2025\/11\/Green-Friday-icon.webp\" alt=\"\" class=\"wp-image-1839417\" style=\"width:283px;height:auto\" srcset=\"https:\/\/www.homewizard.com\/wp-content\/uploads\/2025\/11\/Green-Friday-icon.webp 800w, https:\/\/www.homewizard.com\/wp-content\/uploads\/2025\/11\/Green-Friday-icon-300x206.webp 300w, https:\/\/www.homewizard.com\/wp-content\/uploads\/2025\/11\/Green-Friday-icon-768x526.webp 768w\" sizes=\"auto, (max-width: 800px) 100vw, 800px\" \/><\/figure>\n<\/div><\/div><\/div>\n\n<div class=\"flex-column wp-block-columns eplus-wrapper is-layout-flex wp-container-core-columns-is-layout-9d6595d7 wp-block-columns-is-layout-flex eplus-styles-uid-11ff2b\"><div class=\"wp-block-column is-vertically-aligned-center eplus-wrapper is-layout-flow wp-block-column-is-layout-flow eplus-styles-uid-9462ad\" style=\"flex-basis:50%\"><div class=\"wp-block-image \">\n<figure class=\"aligncenter size-full eplus-wrapper\"><img loading=\"lazy\" decoding=\"async\" width=\"800\" height=\"548\" src=\"https:\/\/cdn.homewizard.com\/wp-content\/uploads\/2025\/11\/Green-Friday-product-family-no-gass.webp\" alt=\"\" class=\"wp-image-1843075\" srcset=\"https:\/\/www.homewizard.com\/wp-content\/uploads\/2025\/11\/Green-Friday-product-family-no-gass.webp 800w, https:\/\/www.homewizard.com\/wp-content\/uploads\/2025\/11\/Green-Friday-product-family-no-gass-300x206.webp 300w, https:\/\/www.homewizard.com\/wp-content\/uploads\/2025\/11\/Green-Friday-product-family-no-gass-768x526.webp 768w\" sizes=\"auto, (max-width: 800px) 100vw, 800px\" \/><\/figure>\n<\/div><\/div>\n\n\n<div class=\"wp-block-column is-vertically-aligned-top eplus-wrapper is-layout-flow wp-block-column-is-layout-flow\" style=\"flex-basis:50%\">\n<h2 class=\" wp-block-heading eplus-wrapper\"><strong><strong>Ingyenes sz\u00e1ll\u00edt\u00e1s<\/strong><\/strong>.<\/h2>\n\n\n\n<p class=\" eplus-wrapper\">K\u00f6nnyebb\u00e9 tessz\u00fck az energiatakar\u00e9koss\u00e1got ezen a Green Fridayn. \u00c9lvezd az ingyenes sz\u00e1ll\u00edt\u00e1st web\u00e1ruh\u00e1zunkban december 1-j\u00e9ig. Tal\u00e1ld meg az energiafal\u00f3kat az <a href=\"https:\/\/www.homewizard.com\/hu\/energy-socket\/\">Energy Socket<\/a> eg\u00edts\u00e9g\u00e9vel, vagy szerezz be egy <a href=\"https:\/\/www.homewizard.com\/hu\/energy-display\/\">Energy Displayt<\/a>, hogy telefon n\u00e9lk\u00fcl is l\u00e1sd, mi t\u00f6rt\u00e9nik otthonodban.<\/p>\n\n\n<div class=\"wp-block-buttons eplus-wrapper is-layout-flex wp-block-buttons-is-layout-flex eplus-styles-uid-2da7fd\"><div class=\"button_outline is-style-fill wp-block-button eplus-wrapper eplus-styles-uid-7b5894\"><a class=\"wp-block-button__link wp-element-button\" href=\"https:\/\/www.homewizard.com\/hu\/shop\/\" style=\"border-radius:10px\">V\u00e1s\u00e1rolj Green Friday alkalm\u00e1b\u00f3l<\/a><\/div><\/div><\/div>\n<\/div>\n\n<div class=\"flex-column-reverse wp-block-columns eplus-wrapper is-layout-flex wp-container-core-columns-is-layout-9d6595d7 wp-block-columns-is-layout-flex eplus-styles-uid-39b08e\">\n<div class=\"wp-block-column eplus-wrapper is-layout-flow wp-block-column-is-layout-flow\" style=\"flex-basis:50%\">\n<h2 class=\" wp-block-heading eplus-wrapper\"><strong>Hagyj valami z\u00f6ldet magad ut\u00e1n<\/strong>.<\/h2>\n\n\n\n<p class=\" eplus-wrapper\">Ezen a Green Fridayn visszaadunk valamit a term\u00e9szetnek. Minden v\u00e1s\u00e1rl\u00e1s ut\u00e1n adom\u00e1nyozunk a <em>Trees for All<\/em> szervezetnek, amely a borne\u00f3i tr\u00f3pusi erd\u0151k \u00fajratelep\u00edt\u00e9s\u00e9t t\u00e1mogatja. \u00cdgy nemcsak otthonodat, hanem a vil\u00e1got is z\u00f6ldebb\u00e9 teszed.<\/p>\n\n\n<div class=\"wp-block-buttons eplus-wrapper is-layout-flex wp-block-buttons-is-layout-flex eplus-styles-uid-2da7fd\"><div class=\"button_outline is-style-fill wp-block-button eplus-wrapper eplus-styles-uid-07fd02\"><a class=\"wp-block-button__link wp-element-button\" href=\"https:\/\/www.homewizard.com\/hu\/shop\/\" style=\"border-radius:10px\">V\u00e1s\u00e1rolj most<\/a><\/div><\/div><\/div>\n\n\n<div class=\"wp-block-column is-vertically-aligned-center eplus-wrapper is-layout-flow wp-block-column-is-layout-flow eplus-styles-uid-9462ad\" style=\"flex-basis:50%\"><div class=\"wp-block-image \">\n<figure class=\"aligncenter size-full eplus-wrapper\"><img loading=\"lazy\" decoding=\"async\" width=\"800\" height=\"548\" src=\"https:\/\/cdn.homewizard.com\/wp-content\/uploads\/2025\/11\/Green-Friday-Trees-in-Borneo-1.webp\" alt=\"\" class=\"wp-image-1838174\" srcset=\"https:\/\/www.homewizard.com\/wp-content\/uploads\/2025\/11\/Green-Friday-Trees-in-Borneo-1.webp 800w, https:\/\/www.homewizard.com\/wp-content\/uploads\/2025\/11\/Green-Friday-Trees-in-Borneo-1-300x206.webp 300w, https:\/\/www.homewizard.com\/wp-content\/uploads\/2025\/11\/Green-Friday-Trees-in-Borneo-1-768x526.webp 768w\" sizes=\"auto, (max-width: 800px) 100vw, 800px\" \/><\/figure>\n<\/div><\/div><\/div>\n\n<div class=\"wp-block-group eplus-wrapper eplus-styles-uid-5dfa20\"><div class=\"wp-block-group__inner-container is-layout-flow wp-block-group-is-layout-flow\">\n<h2 class=\" wp-block-heading eplus-wrapper\">Gyakran ism\u00e9telt k\u00e9rd\u00e9sek.<\/h2>\n\n\n\n<h3 class=\" wp-block-heading eplus-wrapper\"><strong><strong>Meddig tart a Green Friday akci\u00f3?<\/strong><\/strong><\/h3>\n\n\n\n<p class=\" eplus-wrapper\">A HomeWizard Green Friday <strong>akci\u00f3ja 2025. december 1-j\u00e9ig tart <\/strong>(Cyber Monday). December 2-t\u0151l az ingyenes sz\u00e1ll\u00edt\u00e1s csak a 28 000 Ft feletti rendel\u00e9sekn\u00e9l \u00e9rv\u00e9nyes, ahogy \u00e1ltal\u00e1ban.<\/p>\n\n\n\n<h3 class=\" wp-block-heading eplus-wrapper\"><strong><strong>Mennyi a sz\u00e1ll\u00edt\u00e1si id\u0151?<\/strong><\/strong><\/h3>\n\n\n\n<p class=\" eplus-wrapper\">A rendel\u00e9s feldolgoz\u00e1s\u00e1t azonnal megkezdj\u00fck, \u00e9s a legt\u00f6bb csomag m\u00e9g aznap felad\u00e1sra ker\u00fcl. A Black Friday miatt azonban a fut\u00e1rn\u00e1l k\u00e9s\u00e9s fordulhat el\u0151. Amint a csomagod \u00faton van, e-mailben kapsz egy nyomk\u00f6vet\u00e9si linket. Sz\u00e1ll\u00edt\u00e1si id\u0151: 1\u20133 nap Hollandi\u00e1ban \u00e9s Belgiumban, 2\u20137 munkanap az EU t\u00f6bbi orsz\u00e1g\u00e1ban.<\/p>\n\n\n\n<h3 class=\" wp-block-heading eplus-wrapper\">Mi\u00e9rt nem csak Black Friday?<\/h3>\n\n\n\n<p class=\" eplus-wrapper\">A HomeWizardn\u00e1l nem a t\u00f6bb v\u00e1s\u00e1rl\u00e1sr\u00f3l van sz\u00f3, hanem az energia okosabb felhaszn\u00e1l\u00e1s\u00e1r\u00f3l. Ez\u00e9rt v\u00e1lasztjuk a Green Fridayt: egy pillanatot, hogy a fenntarthat\u00f3 d\u00f6nt\u00e9sek el\u00e9rhet\u0151bb\u00e9 v\u00e1ljanak. Kevesebb pazarl\u00e1s, t\u00f6bb kontroll.<\/p>\n\n\n\n<h3 class=\" wp-block-heading eplus-wrapper\"><strong><strong>Mit jelent az egy\u00fcttm\u0171k\u00f6d\u00e9s a Trees for All-lal?<\/strong><\/strong><\/h3>\n\n\n\n<p class=\" eplus-wrapper\">Minden v\u00e1s\u00e1rl\u00e1s ut\u00e1n a Green Friday idej\u00e9n adom\u00e1nyozunk a <a href=\"https:\/\/treesforall.nl\/en\/\" target=\"_blank\" rel=\"noreferrer noopener\">Trees for All<\/a>-nak a borne\u00f3i \u00fajraerd\u0151s\u00edt\u00e9si projektek t\u00e1mogat\u00e1s\u00e1ra. Az akci\u00f3 v\u00e9g\u00e9n ak\u00e1r 500 f\u00e1t is adom\u00e1nyozunk.<\/p>\n<\/div><\/div><\/div><\/div>\n\n\n<p class=\" eplus-wrapper\"><\/p>\n","protected":false},"excerpt":{"rendered":"<p>Green Friday. Az akci\u00f3 v\u00e9get \u00e9rt, de az energia okos felhaszn\u00e1l\u00e1sa eg\u00e9sz \u00e9vben fontos. Fedezze fel felhaszn\u00e1l\u00f3bar\u00e1t, megfizethet\u0151 term\u00e9keinket, \u00e9s hozza ki a legt\u00f6bbet az energi\u00e1j\u00e1b\u00f3l. Takar\u00e9koskodj okosan \u00e9s fenntarthat\u00f3an. A HomeWizardn\u00e1l nem a hatalmas kedvezm\u00e9nyekr\u0151l sz\u00f3l minden, hanem az okos \u00e9s fenntarthat\u00f3 d\u00f6nt\u00e9sekr\u0151l, amelyek val\u00f3ban sz\u00e1m\u00edtanak. Hissz\u00fck, hogy az energiatakar\u00e9koss\u00e1gnak egyszer\u0171nek \u00e9s mindenki sz\u00e1m\u00e1ra&hellip;<\/p>\n","protected":false},"author":702268,"featured_media":0,"parent":0,"menu_order":0,"comment_status":"closed","ping_status":"closed","template":"","meta":{"_acf_changed":false,"editor_plus_copied_stylings":"{}","footnotes":""},"class_list":["post-1840840","page","type-page","status-publish","hentry"],"acf":[],"yoast_head":"<!-- This site is optimized with the Yoast SEO plugin v27.0 - https:\/\/yoast.com\/product\/yoast-seo-wordpress\/ -->\n<title>Green Friday 2025 a HomeWizardn\u00e1l<\/title>\n<meta name=\"description\" content=\"V\u00e1laszd a Green Fridayt a Black Friday helyett a HomeWizardn\u00e1l. \u00c9lvezd az ingyenes sz\u00e1ll\u00edt\u00e1st minden term\u00e9kre, \u00e9s seg\u00edts a tr\u00f3pusi erd\u0151k helyre\u00e1ll\u00edt\u00e1s\u00e1ban minden v\u00e1s\u00e1rl\u00e1soddal.\" \/>\n<meta name=\"robots\" content=\"index, follow, max-snippet:-1, max-image-preview:large, max-video-preview:-1\" \/>\n<link rel=\"canonical\" href=\"https:\/\/www.homewizard.com\/hu\/green-friday\/\" \/>\n<meta property=\"og:locale\" content=\"hu_HU\" \/>\n<meta property=\"og:type\" content=\"article\" \/>\n<meta property=\"og:title\" content=\"Green Friday 2025 a HomeWizardn\u00e1l\" \/>\n<meta property=\"og:description\" content=\"V\u00e1laszd a Green Fridayt a Black Friday helyett a HomeWizardn\u00e1l. \u00c9lvezd az ingyenes sz\u00e1ll\u00edt\u00e1st minden term\u00e9kre, \u00e9s seg\u00edts a tr\u00f3pusi erd\u0151k helyre\u00e1ll\u00edt\u00e1s\u00e1ban minden v\u00e1s\u00e1rl\u00e1soddal.\" \/>\n<meta property=\"og:url\" content=\"https:\/\/www.homewizard.com\/hu\/green-friday\/\" \/>\n<meta property=\"og:site_name\" content=\"HomeWizard\" \/>\n<meta property=\"article:publisher\" content=\"https:\/\/www.facebook.com\/HomeWizardBV\/\" \/>\n<meta property=\"article:modified_time\" content=\"2025-12-04T15:35:42+00:00\" \/>\n<meta property=\"og:image\" content=\"https:\/\/www.homewizard.com\/wp-content\/uploads\/2025\/11\/Green-Friday-icon.webp\" \/>\n\t<meta property=\"og:image:width\" content=\"800\" \/>\n\t<meta property=\"og:image:height\" content=\"548\" \/>\n\t<meta property=\"og:image:type\" content=\"image\/webp\" \/>\n<meta name=\"twitter:card\" content=\"summary_large_image\" \/>\n<meta name=\"twitter:site\" content=\"@HomeWizard_NL\" \/>\n<meta name=\"twitter:label1\" content=\"Becs\u00fclt olvas\u00e1si id\u0151\" \/>\n\t<meta name=\"twitter:data1\" content=\"2 perc\" \/>\n<script type=\"application\/ld+json\" class=\"yoast-schema-graph\">{\"@context\":\"https:\/\/schema.org\",\"@graph\":[{\"@type\":\"WebPage\",\"@id\":\"https:\/\/www.homewizard.com\/hu\/green-friday\/\",\"url\":\"https:\/\/www.homewizard.com\/hu\/green-friday\/\",\"name\":\"Green Friday 2025 a HomeWizardn\u00e1l\",\"isPartOf\":{\"@id\":\"https:\/\/www.homewizard.com\/hu\/#website\"},\"primaryImageOfPage\":{\"@id\":\"https:\/\/www.homewizard.com\/hu\/green-friday\/#primaryimage\"},\"image\":{\"@id\":\"https:\/\/www.homewizard.com\/hu\/green-friday\/#primaryimage\"},\"thumbnailUrl\":\"https:\/\/cdn.homewizard.com\/wp-content\/uploads\/2025\/11\/Green-Friday-icon.webp\",\"datePublished\":\"2025-11-24T13:58:45+00:00\",\"dateModified\":\"2025-12-04T15:35:42+00:00\",\"description\":\"V\u00e1laszd a Green Fridayt a Black Friday helyett a HomeWizardn\u00e1l. \u00c9lvezd az ingyenes sz\u00e1ll\u00edt\u00e1st minden term\u00e9kre, \u00e9s seg\u00edts a tr\u00f3pusi erd\u0151k helyre\u00e1ll\u00edt\u00e1s\u00e1ban minden v\u00e1s\u00e1rl\u00e1soddal.\",\"breadcrumb\":{\"@id\":\"https:\/\/www.homewizard.com\/hu\/green-friday\/#breadcrumb\"},\"inLanguage\":\"hu\",\"potentialAction\":[{\"@type\":\"ReadAction\",\"target\":[\"https:\/\/www.homewizard.com\/hu\/green-friday\/\"]}]},{\"@type\":\"ImageObject\",\"inLanguage\":\"hu\",\"@id\":\"https:\/\/www.homewizard.com\/hu\/green-friday\/#primaryimage\",\"url\":\"https:\/\/cdn.homewizard.com\/wp-content\/uploads\/2025\/11\/Green-Friday-icon.webp\",\"contentUrl\":\"https:\/\/cdn.homewizard.com\/wp-content\/uploads\/2025\/11\/Green-Friday-icon.webp\"},{\"@type\":\"BreadcrumbList\",\"@id\":\"https:\/\/www.homewizard.com\/hu\/green-friday\/#breadcrumb\",\"itemListElement\":[{\"@type\":\"ListItem\",\"position\":1,\"name\":\"Home\",\"item\":\"https:\/\/www.homewizard.com\/hu\/\"},{\"@type\":\"ListItem\",\"position\":2,\"name\":\"Green Friday\"}]},{\"@type\":\"WebSite\",\"@id\":\"https:\/\/www.homewizard.com\/hu\/#website\",\"url\":\"https:\/\/www.homewizard.com\/hu\/\",\"name\":\"HomeWizard\",\"description\":\"HomeWizard Energy\",\"publisher\":{\"@id\":\"https:\/\/www.homewizard.com\/hu\/#organization\"},\"potentialAction\":[{\"@type\":\"SearchAction\",\"target\":{\"@type\":\"EntryPoint\",\"urlTemplate\":\"https:\/\/www.homewizard.com\/hu\/?s={search_term_string}\"},\"query-input\":{\"@type\":\"PropertyValueSpecification\",\"valueRequired\":true,\"valueName\":\"search_term_string\"}}],\"inLanguage\":\"hu\"},{\"@type\":\"Organization\",\"@id\":\"https:\/\/www.homewizard.com\/hu\/#organization\",\"name\":\"HomeWizard\",\"url\":\"https:\/\/www.homewizard.com\/hu\/\",\"logo\":{\"@type\":\"ImageObject\",\"inLanguage\":\"hu\",\"@id\":\"https:\/\/www.homewizard.com\/hu\/#\/schema\/logo\/image\/\",\"url\":\"https:\/\/www.homewizard.com\/wp-content\/uploads\/2023\/06\/HomeWizard-icon-on-black.png\",\"contentUrl\":\"https:\/\/www.homewizard.com\/wp-content\/uploads\/2023\/06\/HomeWizard-icon-on-black.png\",\"width\":500,\"height\":500,\"caption\":\"HomeWizard\"},\"image\":{\"@id\":\"https:\/\/www.homewizard.com\/hu\/#\/schema\/logo\/image\/\"},\"sameAs\":[\"https:\/\/www.facebook.com\/HomeWizardBV\/\",\"https:\/\/x.com\/HomeWizard_NL\",\"https:\/\/www.youtube.com\/HomeWizardBV\",\"https:\/\/www.instagram.com\/homewizardenergy\/\"]}]}<\/script>\n<!-- \/ Yoast SEO plugin. -->","yoast_head_json":{"title":"Green Friday 2025 a HomeWizardn\u00e1l","description":"V\u00e1laszd a Green Fridayt a Black Friday helyett a HomeWizardn\u00e1l. \u00c9lvezd az ingyenes sz\u00e1ll\u00edt\u00e1st minden term\u00e9kre, \u00e9s seg\u00edts a tr\u00f3pusi erd\u0151k helyre\u00e1ll\u00edt\u00e1s\u00e1ban minden v\u00e1s\u00e1rl\u00e1soddal.","robots":{"index":"index","follow":"follow","max-snippet":"max-snippet:-1","max-image-preview":"max-image-preview:large","max-video-preview":"max-video-preview:-1"},"canonical":"https:\/\/www.homewizard.com\/hu\/green-friday\/","og_locale":"hu_HU","og_type":"article","og_title":"Green Friday 2025 a HomeWizardn\u00e1l","og_description":"V\u00e1laszd a Green Fridayt a Black Friday helyett a HomeWizardn\u00e1l. \u00c9lvezd az ingyenes sz\u00e1ll\u00edt\u00e1st minden term\u00e9kre, \u00e9s seg\u00edts a tr\u00f3pusi erd\u0151k helyre\u00e1ll\u00edt\u00e1s\u00e1ban minden v\u00e1s\u00e1rl\u00e1soddal.","og_url":"https:\/\/www.homewizard.com\/hu\/green-friday\/","og_site_name":"HomeWizard","article_publisher":"https:\/\/www.facebook.com\/HomeWizardBV\/","article_modified_time":"2025-12-04T15:35:42+00:00","og_image":[{"width":800,"height":548,"url":"https:\/\/www.homewizard.com\/wp-content\/uploads\/2025\/11\/Green-Friday-icon.webp","type":"image\/webp"}],"twitter_card":"summary_large_image","twitter_site":"@HomeWizard_NL","twitter_misc":{"Becs\u00fclt olvas\u00e1si id\u0151":"2 perc"},"schema":{"@context":"https:\/\/schema.org","@graph":[{"@type":"WebPage","@id":"https:\/\/www.homewizard.com\/hu\/green-friday\/","url":"https:\/\/www.homewizard.com\/hu\/green-friday\/","name":"Green Friday 2025 a HomeWizardn\u00e1l","isPartOf":{"@id":"https:\/\/www.homewizard.com\/hu\/#website"},"primaryImageOfPage":{"@id":"https:\/\/www.homewizard.com\/hu\/green-friday\/#primaryimage"},"image":{"@id":"https:\/\/www.homewizard.com\/hu\/green-friday\/#primaryimage"},"thumbnailUrl":"https:\/\/cdn.homewizard.com\/wp-content\/uploads\/2025\/11\/Green-Friday-icon.webp","datePublished":"2025-11-24T13:58:45+00:00","dateModified":"2025-12-04T15:35:42+00:00","description":"V\u00e1laszd a Green Fridayt a Black Friday helyett a HomeWizardn\u00e1l. \u00c9lvezd az ingyenes sz\u00e1ll\u00edt\u00e1st minden term\u00e9kre, \u00e9s seg\u00edts a tr\u00f3pusi erd\u0151k helyre\u00e1ll\u00edt\u00e1s\u00e1ban minden v\u00e1s\u00e1rl\u00e1soddal.","breadcrumb":{"@id":"https:\/\/www.homewizard.com\/hu\/green-friday\/#breadcrumb"},"inLanguage":"hu","potentialAction":[{"@type":"ReadAction","target":["https:\/\/www.homewizard.com\/hu\/green-friday\/"]}]},{"@type":"ImageObject","inLanguage":"hu","@id":"https:\/\/www.homewizard.com\/hu\/green-friday\/#primaryimage","url":"https:\/\/cdn.homewizard.com\/wp-content\/uploads\/2025\/11\/Green-Friday-icon.webp","contentUrl":"https:\/\/cdn.homewizard.com\/wp-content\/uploads\/2025\/11\/Green-Friday-icon.webp"},{"@type":"BreadcrumbList","@id":"https:\/\/www.homewizard.com\/hu\/green-friday\/#breadcrumb","itemListElement":[{"@type":"ListItem","position":1,"name":"Home","item":"https:\/\/www.homewizard.com\/hu\/"},{"@type":"ListItem","position":2,"name":"Green Friday"}]},{"@type":"WebSite","@id":"https:\/\/www.homewizard.com\/hu\/#website","url":"https:\/\/www.homewizard.com\/hu\/","name":"HomeWizard","description":"HomeWizard Energy","publisher":{"@id":"https:\/\/www.homewizard.com\/hu\/#organization"},"potentialAction":[{"@type":"SearchAction","target":{"@type":"EntryPoint","urlTemplate":"https:\/\/www.homewizard.com\/hu\/?s={search_term_string}"},"query-input":{"@type":"PropertyValueSpecification","valueRequired":true,"valueName":"search_term_string"}}],"inLanguage":"hu"},{"@type":"Organization","@id":"https:\/\/www.homewizard.com\/hu\/#organization","name":"HomeWizard","url":"https:\/\/www.homewizard.com\/hu\/","logo":{"@type":"ImageObject","inLanguage":"hu","@id":"https:\/\/www.homewizard.com\/hu\/#\/schema\/logo\/image\/","url":"https:\/\/www.homewizard.com\/wp-content\/uploads\/2023\/06\/HomeWizard-icon-on-black.png","contentUrl":"https:\/\/www.homewizard.com\/wp-content\/uploads\/2023\/06\/HomeWizard-icon-on-black.png","width":500,"height":500,"caption":"HomeWizard"},"image":{"@id":"https:\/\/www.homewizard.com\/hu\/#\/schema\/logo\/image\/"},"sameAs":["https:\/\/www.facebook.com\/HomeWizardBV\/","https:\/\/x.com\/HomeWizard_NL","https:\/\/www.youtube.com\/HomeWizardBV","https:\/\/www.instagram.com\/homewizardenergy\/"]}]}},"_links":{"self":[{"href":"https:\/\/www.homewizard.com\/hu\/wp-json\/wp\/v2\/pages\/1840840","targetHints":{"allow":["GET"]}}],"collection":[{"href":"https:\/\/www.homewizard.com\/hu\/wp-json\/wp\/v2\/pages"}],"about":[{"href":"https:\/\/www.homewizard.com\/hu\/wp-json\/wp\/v2\/types\/page"}],"author":[{"embeddable":true,"href":"https:\/\/www.homewizard.com\/hu\/wp-json\/wp\/v2\/users\/702268"}],"replies":[{"embeddable":true,"href":"https:\/\/www.homewizard.com\/hu\/wp-json\/wp\/v2\/comments?post=1840840"}],"version-history":[{"count":9,"href":"https:\/\/www.homewizard.com\/hu\/wp-json\/wp\/v2\/pages\/1840840\/revisions"}],"predecessor-version":[{"id":1907120,"href":"https:\/\/www.homewizard.com\/hu\/wp-json\/wp\/v2\/pages\/1840840\/revisions\/1907120"}],"wp:attachment":[{"href":"https:\/\/www.homewizard.com\/hu\/wp-json\/wp\/v2\/media?parent=1840840"}],"curies":[{"name":"wp","href":"https:\/\/api.w.org\/{rel}","templated":true}]}}