{"id":1318498,"date":"2025-03-03T10:39:07","date_gmt":"2025-03-03T09:39:07","guid":{"rendered":"https:\/\/www.homewizard.com\/?page_id=1318498"},"modified":"2026-04-08T10:50:19","modified_gmt":"2026-04-08T08:50:19","slug":"energy-socket","status":"publish","type":"page","link":"https:\/\/www.homewizard.com\/hu\/energy-socket\/","title":{"rendered":"Energy Socket"},"content":{"rendered":"","protected":false},"excerpt":{"rendered":"","protected":false},"author":702268,"featured_media":0,"parent":0,"menu_order":0,"comment_status":"closed","ping_status":"closed","template":"custom-templates\/energy-socket.php","meta":{"_acf_changed":false,"editor_plus_copied_stylings":"{}","footnotes":""},"class_list":["post-1318498","page","type-page","status-publish","hentry"],"acf":[],"yoast_head":"<!-- This site is optimized with the Yoast SEO plugin v27.0 - https:\/\/yoast.com\/product\/yoast-seo-wordpress\/ -->\n<title>Fedezze fel a Wi-Fi Energy Socketet itt - HomeWizard<\/title>\n<meta name=\"description\" content=\"A Energy Socket \u00e9l\u0151 betekint\u00e9st ny\u00fajt a k\u00e9sz\u00fcl\u00e9kek fogyaszt\u00e1s\u00e1ba, \u00e9s lehet\u0151v\u00e9 teszi, hogy intelligens id\u0151z\u00edt\u0151k \u00e9s m\u00e9r\u00e9sek alapj\u00e1n kapcsolja \u0151ket.\" \/>\n<meta name=\"robots\" content=\"index, follow, max-snippet:-1, max-image-preview:large, max-video-preview:-1\" \/>\n<link rel=\"canonical\" href=\"https:\/\/www.homewizard.com\/hu\/energy-socket\/\" \/>\n<meta property=\"og:locale\" content=\"hu_HU\" \/>\n<meta property=\"og:type\" content=\"article\" \/>\n<meta property=\"og:title\" content=\"Fedezze fel a Wi-Fi Energy Socketet itt - HomeWizard\" \/>\n<meta property=\"og:description\" content=\"A Energy Socket \u00e9l\u0151 betekint\u00e9st ny\u00fajt a k\u00e9sz\u00fcl\u00e9kek fogyaszt\u00e1s\u00e1ba, \u00e9s lehet\u0151v\u00e9 teszi, hogy intelligens id\u0151z\u00edt\u0151k \u00e9s m\u00e9r\u00e9sek alapj\u00e1n kapcsolja \u0151ket.\" \/>\n<meta property=\"og:url\" content=\"https:\/\/www.homewizard.com\/hu\/energy-socket\/\" \/>\n<meta property=\"og:site_name\" content=\"HomeWizard\" \/>\n<meta property=\"article:publisher\" content=\"https:\/\/www.facebook.com\/HomeWizardBV\/\" \/>\n<meta property=\"article:modified_time\" content=\"2026-04-08T08:50:19+00:00\" \/>\n<meta name=\"twitter:card\" content=\"summary_large_image\" \/>\n<meta name=\"twitter:site\" content=\"@HomeWizard_NL\" \/>\n<script type=\"application\/ld+json\" class=\"yoast-schema-graph\">{\"@context\":\"https:\/\/schema.org\",\"@graph\":[{\"@type\":\"WebPage\",\"@id\":\"https:\/\/www.homewizard.com\/hu\/energy-socket\/\",\"url\":\"https:\/\/www.homewizard.com\/hu\/energy-socket\/\",\"name\":\"Fedezze fel a Wi-Fi Energy Socketet itt - HomeWizard\",\"isPartOf\":{\"@id\":\"https:\/\/www.homewizard.com\/hu\/#website\"},\"datePublished\":\"2025-03-03T09:39:07+00:00\",\"dateModified\":\"2026-04-08T08:50:19+00:00\",\"description\":\"A Energy Socket \u00e9l\u0151 betekint\u00e9st ny\u00fajt a k\u00e9sz\u00fcl\u00e9kek fogyaszt\u00e1s\u00e1ba, \u00e9s lehet\u0151v\u00e9 teszi, hogy intelligens id\u0151z\u00edt\u0151k \u00e9s m\u00e9r\u00e9sek alapj\u00e1n kapcsolja \u0151ket.\",\"breadcrumb\":{\"@id\":\"https:\/\/www.homewizard.com\/hu\/energy-socket\/#breadcrumb\"},\"inLanguage\":\"hu\",\"potentialAction\":[{\"@type\":\"ReadAction\",\"target\":[\"https:\/\/www.homewizard.com\/hu\/energy-socket\/\"]}]},{\"@type\":\"BreadcrumbList\",\"@id\":\"https:\/\/www.homewizard.com\/hu\/energy-socket\/#breadcrumb\",\"itemListElement\":[{\"@type\":\"ListItem\",\"position\":1,\"name\":\"Home\",\"item\":\"https:\/\/www.homewizard.com\/hu\/\"},{\"@type\":\"ListItem\",\"position\":2,\"name\":\"Energy Socket\"}]},{\"@type\":\"WebSite\",\"@id\":\"https:\/\/www.homewizard.com\/hu\/#website\",\"url\":\"https:\/\/www.homewizard.com\/hu\/\",\"name\":\"HomeWizard\",\"description\":\"HomeWizard Energy\",\"publisher\":{\"@id\":\"https:\/\/www.homewizard.com\/hu\/#organization\"},\"potentialAction\":[{\"@type\":\"SearchAction\",\"target\":{\"@type\":\"EntryPoint\",\"urlTemplate\":\"https:\/\/www.homewizard.com\/hu\/?s={search_term_string}\"},\"query-input\":{\"@type\":\"PropertyValueSpecification\",\"valueRequired\":true,\"valueName\":\"search_term_string\"}}],\"inLanguage\":\"hu\"},{\"@type\":\"Organization\",\"@id\":\"https:\/\/www.homewizard.com\/hu\/#organization\",\"name\":\"HomeWizard\",\"url\":\"https:\/\/www.homewizard.com\/hu\/\",\"logo\":{\"@type\":\"ImageObject\",\"inLanguage\":\"hu\",\"@id\":\"https:\/\/www.homewizard.com\/hu\/#\/schema\/logo\/image\/\",\"url\":\"https:\/\/www.homewizard.com\/wp-content\/uploads\/2023\/06\/HomeWizard-icon-on-black.png\",\"contentUrl\":\"https:\/\/www.homewizard.com\/wp-content\/uploads\/2023\/06\/HomeWizard-icon-on-black.png\",\"width\":500,\"height\":500,\"caption\":\"HomeWizard\"},\"image\":{\"@id\":\"https:\/\/www.homewizard.com\/hu\/#\/schema\/logo\/image\/\"},\"sameAs\":[\"https:\/\/www.facebook.com\/HomeWizardBV\/\",\"https:\/\/x.com\/HomeWizard_NL\",\"https:\/\/www.youtube.com\/HomeWizardBV\",\"https:\/\/www.instagram.com\/homewizardenergy\/\"]}]}<\/script>\n<!-- \/ Yoast SEO plugin. -->","yoast_head_json":{"title":"Fedezze fel a Wi-Fi Energy Socketet itt - HomeWizard","description":"A Energy Socket \u00e9l\u0151 betekint\u00e9st ny\u00fajt a k\u00e9sz\u00fcl\u00e9kek fogyaszt\u00e1s\u00e1ba, \u00e9s lehet\u0151v\u00e9 teszi, hogy intelligens id\u0151z\u00edt\u0151k \u00e9s m\u00e9r\u00e9sek alapj\u00e1n kapcsolja \u0151ket.","robots":{"index":"index","follow":"follow","max-snippet":"max-snippet:-1","max-image-preview":"max-image-preview:large","max-video-preview":"max-video-preview:-1"},"canonical":"https:\/\/www.homewizard.com\/hu\/energy-socket\/","og_locale":"hu_HU","og_type":"article","og_title":"Fedezze fel a Wi-Fi Energy Socketet itt - HomeWizard","og_description":"A Energy Socket \u00e9l\u0151 betekint\u00e9st ny\u00fajt a k\u00e9sz\u00fcl\u00e9kek fogyaszt\u00e1s\u00e1ba, \u00e9s lehet\u0151v\u00e9 teszi, hogy intelligens id\u0151z\u00edt\u0151k \u00e9s m\u00e9r\u00e9sek alapj\u00e1n kapcsolja \u0151ket.","og_url":"https:\/\/www.homewizard.com\/hu\/energy-socket\/","og_site_name":"HomeWizard","article_publisher":"https:\/\/www.facebook.com\/HomeWizardBV\/","article_modified_time":"2026-04-08T08:50:19+00:00","twitter_card":"summary_large_image","twitter_site":"@HomeWizard_NL","schema":{"@context":"https:\/\/schema.org","@graph":[{"@type":"WebPage","@id":"https:\/\/www.homewizard.com\/hu\/energy-socket\/","url":"https:\/\/www.homewizard.com\/hu\/energy-socket\/","name":"Fedezze fel a Wi-Fi Energy Socketet itt - HomeWizard","isPartOf":{"@id":"https:\/\/www.homewizard.com\/hu\/#website"},"datePublished":"2025-03-03T09:39:07+00:00","dateModified":"2026-04-08T08:50:19+00:00","description":"A Energy Socket \u00e9l\u0151 betekint\u00e9st ny\u00fajt a k\u00e9sz\u00fcl\u00e9kek fogyaszt\u00e1s\u00e1ba, \u00e9s lehet\u0151v\u00e9 teszi, hogy intelligens id\u0151z\u00edt\u0151k \u00e9s m\u00e9r\u00e9sek alapj\u00e1n kapcsolja \u0151ket.","breadcrumb":{"@id":"https:\/\/www.homewizard.com\/hu\/energy-socket\/#breadcrumb"},"inLanguage":"hu","potentialAction":[{"@type":"ReadAction","target":["https:\/\/www.homewizard.com\/hu\/energy-socket\/"]}]},{"@type":"BreadcrumbList","@id":"https:\/\/www.homewizard.com\/hu\/energy-socket\/#breadcrumb","itemListElement":[{"@type":"ListItem","position":1,"name":"Home","item":"https:\/\/www.homewizard.com\/hu\/"},{"@type":"ListItem","position":2,"name":"Energy Socket"}]},{"@type":"WebSite","@id":"https:\/\/www.homewizard.com\/hu\/#website","url":"https:\/\/www.homewizard.com\/hu\/","name":"HomeWizard","description":"HomeWizard Energy","publisher":{"@id":"https:\/\/www.homewizard.com\/hu\/#organization"},"potentialAction":[{"@type":"SearchAction","target":{"@type":"EntryPoint","urlTemplate":"https:\/\/www.homewizard.com\/hu\/?s={search_term_string}"},"query-input":{"@type":"PropertyValueSpecification","valueRequired":true,"valueName":"search_term_string"}}],"inLanguage":"hu"},{"@type":"Organization","@id":"https:\/\/www.homewizard.com\/hu\/#organization","name":"HomeWizard","url":"https:\/\/www.homewizard.com\/hu\/","logo":{"@type":"ImageObject","inLanguage":"hu","@id":"https:\/\/www.homewizard.com\/hu\/#\/schema\/logo\/image\/","url":"https:\/\/www.homewizard.com\/wp-content\/uploads\/2023\/06\/HomeWizard-icon-on-black.png","contentUrl":"https:\/\/www.homewizard.com\/wp-content\/uploads\/2023\/06\/HomeWizard-icon-on-black.png","width":500,"height":500,"caption":"HomeWizard"},"image":{"@id":"https:\/\/www.homewizard.com\/hu\/#\/schema\/logo\/image\/"},"sameAs":["https:\/\/www.facebook.com\/HomeWizardBV\/","https:\/\/x.com\/HomeWizard_NL","https:\/\/www.youtube.com\/HomeWizardBV","https:\/\/www.instagram.com\/homewizardenergy\/"]}]}},"_links":{"self":[{"href":"https:\/\/www.homewizard.com\/hu\/wp-json\/wp\/v2\/pages\/1318498","targetHints":{"allow":["GET"]}}],"collection":[{"href":"https:\/\/www.homewizard.com\/hu\/wp-json\/wp\/v2\/pages"}],"about":[{"href":"https:\/\/www.homewizard.com\/hu\/wp-json\/wp\/v2\/types\/page"}],"author":[{"embeddable":true,"href":"https:\/\/www.homewizard.com\/hu\/wp-json\/wp\/v2\/users\/702268"}],"replies":[{"embeddable":true,"href":"https:\/\/www.homewizard.com\/hu\/wp-json\/wp\/v2\/comments?post=1318498"}],"version-history":[{"count":9,"href":"https:\/\/www.homewizard.com\/hu\/wp-json\/wp\/v2\/pages\/1318498\/revisions"}],"predecessor-version":[{"id":2113934,"href":"https:\/\/www.homewizard.com\/hu\/wp-json\/wp\/v2\/pages\/1318498\/revisions\/2113934"}],"wp:attachment":[{"href":"https:\/\/www.homewizard.com\/hu\/wp-json\/wp\/v2\/media?parent=1318498"}],"curies":[{"name":"wp","href":"https:\/\/api.w.org\/{rel}","templated":true}]}}