{"id":426922,"date":"2023-08-21T10:27:37","date_gmt":"2023-08-21T08:27:37","guid":{"rendered":"https:\/\/www.homewizard.com\/shop\/energy-display\/"},"modified":"2026-04-01T18:31:39","modified_gmt":"2026-04-01T16:31:39","slug":"energy-display","status":"publish","type":"product","link":"https:\/\/www.homewizard.com\/fr-lu\/shop\/energy-display\/","title":{"rendered":"Energy Display"},"content":{"rendered":"\n<h2 class=\" wp-block-heading eplus-wrapper\">L&#8217;info sous les yeux.<\/h2>\n\n\n\n<p class=\" eplus-wrapper\">Gr\u00e2ce \u00e0 l&#8217;Energy Display, votre consommation d&#8217;\u00e9lectricit\u00e9, votre production d&#8217;\u00e9nergie solaire et vos co\u00fbts \u00e9nerg\u00e9tiques sont toujours visibles, ce qui vous \u00e9vite de perdre de vue la consommation d&#8217;\u00e9nergie de votre maison. Placez l&#8217;Energy Display dans votre salon, votre cuisine ou un endroit o\u00f9 vous passez souvent comme le couloir. Pour \u00e9viter le gaspillage d&#8217;\u00e9nergie, l&#8217;\u00e9cran s&#8217;\u00e9teint si l&#8217;Energy Display ne d\u00e9tecte aucun mouvement pendant un certain temps.<\/p>\n\n\n\n<h2 class=\" wp-block-heading eplus-wrapper\">Atteignez vos objectifs de consommation d&#8217;\u00e9nergie.<\/h2>\n\n\n\n<p class=\" eplus-wrapper\">Vous pouvez configurer l&#8217;Energy Display \u00e0 votre guise au moyen de <a href=\"https:\/\/helpdesk.homewizard.com\/collections\/3319573\">l&#8217;appli HomeWizard<\/a>. Attribuez un objectif de consommation \u00e0 l&#8217;un des trois cercles. Plus le cercle se remplit, plus vous \u00eates proche de d\u00e9passer votre objectif. La partie droite de l&#8217;\u00e9cran peut \u00eatre utilis\u00e9e pour afficher le gaz, l&#8217;eau, l&#8217;\u00e9lectricit\u00e9, les co\u00fbts totaux et\/ou la temp\u00e9rature. Choisissez entre les infos de consommation ou les co\u00fbts et affichez-les en temps r\u00e9el ou sur une base journali\u00e8re.<\/p>\n\n\n\n<p class=\" eplus-wrapper\">Vous n&#8217;avez pas besoin d&#8217;un <a href=\"https:\/\/www.homewizard.com\/fr-lu\/energy-plus\/\">abonnement Energy+<\/a> pour utiliser le display, mais, gr\u00e2ce \u00e0 un abonnement Energy+, vous b\u00e9n\u00e9ficiez de fonctionnalit\u00e9s suppl\u00e9mentaires, notamment la possibilit\u00e9 d&#8217;afficher la consommation brute d&#8217;\u00e9lectricit\u00e9 et la consommation d&#8217;\u00e9nergie solaire.<\/p>\n\n\n\n<div class=\" wp-block-media-text has-media-on-the-right is-stacked-on-mobile eplus-wrapper\" style=\"grid-template-columns:auto 49%\"><div class=\"wp-block-media-text__content\">\n<h2 class=\" wp-block-heading eplus-wrapper\">\u00c9conomisez plus de 172 \u20ac par an.<\/h2>\n\n\n\n<p class=\" eplus-wrapper\">Avec un Energy Display dans votre domicile, vous \u00e9conomisez en moyenne 6,9 % sur le gaz et 2,2 % sur l&#8217;\u00e9lectricit\u00e9. Un m\u00e9nage moyen fait ainsi baisser sa facture d&#8217;\u00e9nergie de plus de 172 \u20ac par an.* En clair, vous recouvrez le montant investi sur l&#8217;Energy Display en un rien de temps. La r\u00e9duction du co\u00fbt de l&#8217;\u00e9nergie n&#8217;a jamais \u00e9t\u00e9 aussi simple.<\/p>\n\n\n<p class=\" eplus-wrapper eplus-styles-uid-e7c803\">* Bas\u00e9 sur la moyenne de la consommation par m\u00e9nage et des prix de l&#8217;\u00e9nergie aux Pays-Bas : 1 500 m\u00b3 de gaz (1,45 \u20ac) et 2 500 kWh (0,40 \u20ac).<\/p><\/div><figure class=\"wp-block-media-text__media\"><img loading=\"lazy\" decoding=\"async\" width=\"1024\" height=\"763\" src=\"https:\/\/www.homewizard.com\/wp-content\/uploads\/2023\/08\/image-2-1024x763.png\" alt=\"\" class=\"wp-image-408990 size-full\" srcset=\"https:\/\/www.homewizard.com\/wp-content\/uploads\/2023\/08\/image-2-1024x763.png 1024w, https:\/\/www.homewizard.com\/wp-content\/uploads\/2023\/08\/image-2-800x596.png 800w, https:\/\/www.homewizard.com\/wp-content\/uploads\/2023\/08\/image-2-300x223.png 300w, https:\/\/www.homewizard.com\/wp-content\/uploads\/2023\/08\/image-2-768x572.png 768w\" sizes=\"auto, (max-width: 1024px) 100vw, 1024px\" \/><\/figure><\/div>\n\n\n\n<h2 class=\" wp-block-heading eplus-wrapper\">Dans la bo\u00eete<\/h2>\n\n\n<ul class=\" wp-block-list eplus-wrapper eplus-styles-uid-f8832f\">\n<li class=\" eplus-wrapper\">HomeWizard Energy Display<\/li>\n\n\n\n<li class=\" eplus-wrapper\">Adaptateur secteur<\/li>\n\n\n\n<li class=\" eplus-wrapper\">C\u00e2ble USB-C de 1,5 m<\/li>\n\n\n\n<li class=\" eplus-wrapper\">Guide de d\u00e9marrage rapide<\/li>\n<\/ul>\n\n\n<h2 class=\" wp-block-heading eplus-wrapper\">Conditions<\/h2>\n\n\n\n<p class=\" eplus-wrapper\">An iOS 13, Android 8 or newer operating system<br>A secure Wi-Fi network with an internet connection<\/p>\n","protected":false},"excerpt":{"rendered":"<p><span style=\"font-weight: 400;\">Obtenez des \u00e9clairages sur votre consommation \u00e9lectrique, votre production solaire et de vos co\u00fbts \u00e9nerg\u00e9tiques gr\u00e2ce au HomeWizard Energy Display. Configurez votre propre tableau de bord et d\u00e9cidez de ce que vous voulez voir. <\/span><\/p>\n","protected":false},"featured_media":1012135,"template":"","meta":{"_acf_changed":false,"editor_plus_copied_stylings":"{}"},"product_brand":[],"product_cat":[152,151],"product_tag":[],"class_list":{"0":"post-426922","1":"product","2":"type-product","3":"status-publish","4":"has-post-thumbnail","6":"product_cat-all-fr-lu","7":"product_cat-products-fr-lu","9":"first","10":"instock","11":"taxable","12":"shipping-taxable","13":"purchasable","14":"product-type-simple"},"acf":[],"yoast_head":"<!-- This site is optimized with the Yoast SEO plugin v27.0 - https:\/\/yoast.com\/product\/yoast-seo-wordpress\/ -->\n<title>Commandez votre Energy Display ici - HomeWizard<\/title>\n<meta name=\"description\" content=\"Prenez les r\u00eanes de votre consommation d&#039;\u00e9nergie avec l&#039;Energy Display de HomeWizard. Cr\u00e9ez votre propre tableau de bord, atteignez vos objectifs et r\u00e9duisez votre facture d&#039;\u00e9nergie.\" \/>\n<meta name=\"robots\" content=\"index, follow, max-snippet:-1, max-image-preview:large, max-video-preview:-1\" \/>\n<link rel=\"canonical\" href=\"https:\/\/www.homewizard.com\/fr-lu\/shop\/energy-display\/\" \/>\n<meta property=\"og:locale\" content=\"fr_FR\" \/>\n<meta property=\"og:type\" content=\"article\" \/>\n<meta property=\"og:title\" content=\"Commandez votre Energy Display ici - HomeWizard\" \/>\n<meta property=\"og:description\" content=\"Prenez les r\u00eanes de votre consommation d&#039;\u00e9nergie avec l&#039;Energy Display de HomeWizard. Cr\u00e9ez votre propre tableau de bord, atteignez vos objectifs et r\u00e9duisez votre facture d&#039;\u00e9nergie.\" \/>\n<meta property=\"og:url\" content=\"https:\/\/www.homewizard.com\/fr-lu\/shop\/energy-display\/\" \/>\n<meta property=\"og:site_name\" content=\"HomeWizard\" \/>\n<meta property=\"article:publisher\" content=\"https:\/\/www.facebook.com\/HomeWizardBV\/\" \/>\n<meta property=\"article:modified_time\" content=\"2026-04-01T16:31:39+00:00\" \/>\n<meta property=\"og:image\" content=\"https:\/\/www.homewizard.com\/wp-content\/uploads\/2023\/08\/Energy-Display-front-view.png\" \/>\n\t<meta property=\"og:image:width\" content=\"1900\" \/>\n\t<meta property=\"og:image:height\" content=\"1900\" \/>\n\t<meta property=\"og:image:type\" content=\"image\/png\" \/>\n<meta name=\"twitter:card\" content=\"summary_large_image\" \/>\n<meta name=\"twitter:site\" content=\"@HomeWizard_NL\" \/>\n<meta name=\"twitter:label1\" content=\"Est. reading time\" \/>\n\t<meta name=\"twitter:data1\" content=\"2 minutes\" \/>\n<script type=\"application\/ld+json\" class=\"yoast-schema-graph\">{\"@context\":\"https:\/\/schema.org\",\"@graph\":[{\"@type\":\"WebPage\",\"@id\":\"https:\/\/www.homewizard.com\/fr-lu\/shop\/energy-display\/\",\"url\":\"https:\/\/www.homewizard.com\/fr-lu\/shop\/energy-display\/\",\"name\":\"Commandez votre Energy Display ici - HomeWizard\",\"isPartOf\":{\"@id\":\"https:\/\/www.homewizard.com\/fr-lu\/#website\"},\"primaryImageOfPage\":{\"@id\":\"https:\/\/www.homewizard.com\/fr-lu\/shop\/energy-display\/#primaryimage\"},\"image\":{\"@id\":\"https:\/\/www.homewizard.com\/fr-lu\/shop\/energy-display\/#primaryimage\"},\"thumbnailUrl\":\"https:\/\/www.homewizard.com\/wp-content\/uploads\/2023\/08\/Energy-Display-front-view.png\",\"datePublished\":\"2023-08-21T08:27:37+00:00\",\"dateModified\":\"2026-04-01T16:31:39+00:00\",\"description\":\"Prenez les r\u00eanes de votre consommation d'\u00e9nergie avec l'Energy Display de HomeWizard. Cr\u00e9ez votre propre tableau de bord, atteignez vos objectifs et r\u00e9duisez votre facture d'\u00e9nergie.\",\"breadcrumb\":{\"@id\":\"https:\/\/www.homewizard.com\/fr-lu\/shop\/energy-display\/#breadcrumb\"},\"inLanguage\":\"fr-LU\",\"potentialAction\":[{\"@type\":\"ReadAction\",\"target\":[\"https:\/\/www.homewizard.com\/fr-lu\/shop\/energy-display\/\"]}]},{\"@type\":\"ImageObject\",\"inLanguage\":\"fr-LU\",\"@id\":\"https:\/\/www.homewizard.com\/fr-lu\/shop\/energy-display\/#primaryimage\",\"url\":\"https:\/\/www.homewizard.com\/wp-content\/uploads\/2023\/08\/Energy-Display-front-view.png\",\"contentUrl\":\"https:\/\/www.homewizard.com\/wp-content\/uploads\/2023\/08\/Energy-Display-front-view.png\",\"width\":1900,\"height\":1900,\"caption\":\"Front view of the Energy Display\"},{\"@type\":\"BreadcrumbList\",\"@id\":\"https:\/\/www.homewizard.com\/fr-lu\/shop\/energy-display\/#breadcrumb\",\"itemListElement\":[{\"@type\":\"ListItem\",\"position\":1,\"name\":\"Home\",\"item\":\"https:\/\/www.homewizard.com\/fr-lu\/\"},{\"@type\":\"ListItem\",\"position\":2,\"name\":\"Boutique\",\"item\":\"https:\/\/www.homewizard.com\/fr-lu\/boutique\/\"},{\"@type\":\"ListItem\",\"position\":3,\"name\":\"Energy Display\"}]},{\"@type\":\"WebSite\",\"@id\":\"https:\/\/www.homewizard.com\/fr-lu\/#website\",\"url\":\"https:\/\/www.homewizard.com\/fr-lu\/\",\"name\":\"HomeWizard\",\"description\":\"HomeWizard Energy\",\"publisher\":{\"@id\":\"https:\/\/www.homewizard.com\/fr-lu\/#organization\"},\"potentialAction\":[{\"@type\":\"SearchAction\",\"target\":{\"@type\":\"EntryPoint\",\"urlTemplate\":\"https:\/\/www.homewizard.com\/fr-lu\/?s={search_term_string}\"},\"query-input\":{\"@type\":\"PropertyValueSpecification\",\"valueRequired\":true,\"valueName\":\"search_term_string\"}}],\"inLanguage\":\"fr-LU\"},{\"@type\":\"Organization\",\"@id\":\"https:\/\/www.homewizard.com\/fr-lu\/#organization\",\"name\":\"HomeWizard\",\"url\":\"https:\/\/www.homewizard.com\/fr-lu\/\",\"logo\":{\"@type\":\"ImageObject\",\"inLanguage\":\"fr-LU\",\"@id\":\"https:\/\/www.homewizard.com\/fr-lu\/#\/schema\/logo\/image\/\",\"url\":\"https:\/\/www.homewizard.com\/wp-content\/uploads\/2023\/06\/HomeWizard-icon-on-black.png\",\"contentUrl\":\"https:\/\/www.homewizard.com\/wp-content\/uploads\/2023\/06\/HomeWizard-icon-on-black.png\",\"width\":500,\"height\":500,\"caption\":\"HomeWizard\"},\"image\":{\"@id\":\"https:\/\/www.homewizard.com\/fr-lu\/#\/schema\/logo\/image\/\"},\"sameAs\":[\"https:\/\/www.facebook.com\/HomeWizardBV\/\",\"https:\/\/x.com\/HomeWizard_NL\",\"https:\/\/www.youtube.com\/HomeWizardBV\",\"https:\/\/www.instagram.com\/homewizardenergy\/\"]}]}<\/script>\n<!-- \/ Yoast SEO plugin. -->","yoast_head_json":{"title":"Commandez votre Energy Display ici - HomeWizard","description":"Prenez les r\u00eanes de votre consommation d'\u00e9nergie avec l'Energy Display de HomeWizard. Cr\u00e9ez votre propre tableau de bord, atteignez vos objectifs et r\u00e9duisez votre facture d'\u00e9nergie.","robots":{"index":"index","follow":"follow","max-snippet":"max-snippet:-1","max-image-preview":"max-image-preview:large","max-video-preview":"max-video-preview:-1"},"canonical":"https:\/\/www.homewizard.com\/fr-lu\/shop\/energy-display\/","og_locale":"fr_FR","og_type":"article","og_title":"Commandez votre Energy Display ici - HomeWizard","og_description":"Prenez les r\u00eanes de votre consommation d'\u00e9nergie avec l'Energy Display de HomeWizard. Cr\u00e9ez votre propre tableau de bord, atteignez vos objectifs et r\u00e9duisez votre facture d'\u00e9nergie.","og_url":"https:\/\/www.homewizard.com\/fr-lu\/shop\/energy-display\/","og_site_name":"HomeWizard","article_publisher":"https:\/\/www.facebook.com\/HomeWizardBV\/","article_modified_time":"2026-04-01T16:31:39+00:00","og_image":[{"width":1900,"height":1900,"url":"https:\/\/www.homewizard.com\/wp-content\/uploads\/2023\/08\/Energy-Display-front-view.png","type":"image\/png"}],"twitter_card":"summary_large_image","twitter_site":"@HomeWizard_NL","twitter_misc":{"Est. reading time":"2 minutes"},"schema":{"@context":"https:\/\/schema.org","@graph":[{"@type":"WebPage","@id":"https:\/\/www.homewizard.com\/fr-lu\/shop\/energy-display\/","url":"https:\/\/www.homewizard.com\/fr-lu\/shop\/energy-display\/","name":"Commandez votre Energy Display ici - HomeWizard","isPartOf":{"@id":"https:\/\/www.homewizard.com\/fr-lu\/#website"},"primaryImageOfPage":{"@id":"https:\/\/www.homewizard.com\/fr-lu\/shop\/energy-display\/#primaryimage"},"image":{"@id":"https:\/\/www.homewizard.com\/fr-lu\/shop\/energy-display\/#primaryimage"},"thumbnailUrl":"https:\/\/www.homewizard.com\/wp-content\/uploads\/2023\/08\/Energy-Display-front-view.png","datePublished":"2023-08-21T08:27:37+00:00","dateModified":"2026-04-01T16:31:39+00:00","description":"Prenez les r\u00eanes de votre consommation d'\u00e9nergie avec l'Energy Display de HomeWizard. Cr\u00e9ez votre propre tableau de bord, atteignez vos objectifs et r\u00e9duisez votre facture d'\u00e9nergie.","breadcrumb":{"@id":"https:\/\/www.homewizard.com\/fr-lu\/shop\/energy-display\/#breadcrumb"},"inLanguage":"fr-LU","potentialAction":[{"@type":"ReadAction","target":["https:\/\/www.homewizard.com\/fr-lu\/shop\/energy-display\/"]}]},{"@type":"ImageObject","inLanguage":"fr-LU","@id":"https:\/\/www.homewizard.com\/fr-lu\/shop\/energy-display\/#primaryimage","url":"https:\/\/www.homewizard.com\/wp-content\/uploads\/2023\/08\/Energy-Display-front-view.png","contentUrl":"https:\/\/www.homewizard.com\/wp-content\/uploads\/2023\/08\/Energy-Display-front-view.png","width":1900,"height":1900,"caption":"Front view of the Energy Display"},{"@type":"BreadcrumbList","@id":"https:\/\/www.homewizard.com\/fr-lu\/shop\/energy-display\/#breadcrumb","itemListElement":[{"@type":"ListItem","position":1,"name":"Home","item":"https:\/\/www.homewizard.com\/fr-lu\/"},{"@type":"ListItem","position":2,"name":"Boutique","item":"https:\/\/www.homewizard.com\/fr-lu\/boutique\/"},{"@type":"ListItem","position":3,"name":"Energy Display"}]},{"@type":"WebSite","@id":"https:\/\/www.homewizard.com\/fr-lu\/#website","url":"https:\/\/www.homewizard.com\/fr-lu\/","name":"HomeWizard","description":"HomeWizard Energy","publisher":{"@id":"https:\/\/www.homewizard.com\/fr-lu\/#organization"},"potentialAction":[{"@type":"SearchAction","target":{"@type":"EntryPoint","urlTemplate":"https:\/\/www.homewizard.com\/fr-lu\/?s={search_term_string}"},"query-input":{"@type":"PropertyValueSpecification","valueRequired":true,"valueName":"search_term_string"}}],"inLanguage":"fr-LU"},{"@type":"Organization","@id":"https:\/\/www.homewizard.com\/fr-lu\/#organization","name":"HomeWizard","url":"https:\/\/www.homewizard.com\/fr-lu\/","logo":{"@type":"ImageObject","inLanguage":"fr-LU","@id":"https:\/\/www.homewizard.com\/fr-lu\/#\/schema\/logo\/image\/","url":"https:\/\/www.homewizard.com\/wp-content\/uploads\/2023\/06\/HomeWizard-icon-on-black.png","contentUrl":"https:\/\/www.homewizard.com\/wp-content\/uploads\/2023\/06\/HomeWizard-icon-on-black.png","width":500,"height":500,"caption":"HomeWizard"},"image":{"@id":"https:\/\/www.homewizard.com\/fr-lu\/#\/schema\/logo\/image\/"},"sameAs":["https:\/\/www.facebook.com\/HomeWizardBV\/","https:\/\/x.com\/HomeWizard_NL","https:\/\/www.youtube.com\/HomeWizardBV","https:\/\/www.instagram.com\/homewizardenergy\/"]}]}},"_links":{"self":[{"href":"https:\/\/www.homewizard.com\/fr-lu\/wp-json\/wp\/v2\/product\/426922","targetHints":{"allow":["GET"]}}],"collection":[{"href":"https:\/\/www.homewizard.com\/fr-lu\/wp-json\/wp\/v2\/product"}],"about":[{"href":"https:\/\/www.homewizard.com\/fr-lu\/wp-json\/wp\/v2\/types\/product"}],"wp:featuredmedia":[{"embeddable":true,"href":"https:\/\/www.homewizard.com\/fr-lu\/wp-json\/wp\/v2\/media\/1012135"}],"wp:attachment":[{"href":"https:\/\/www.homewizard.com\/fr-lu\/wp-json\/wp\/v2\/media?parent=426922"}],"wp:term":[{"taxonomy":"product_brand","embeddable":true,"href":"https:\/\/www.homewizard.com\/fr-lu\/wp-json\/wp\/v2\/product_brand?post=426922"},{"taxonomy":"product_cat","embeddable":true,"href":"https:\/\/www.homewizard.com\/fr-lu\/wp-json\/wp\/v2\/product_cat?post=426922"},{"taxonomy":"product_tag","embeddable":true,"href":"https:\/\/www.homewizard.com\/fr-lu\/wp-json\/wp\/v2\/product_tag?post=426922"}],"curies":[{"name":"wp","href":"https:\/\/api.w.org\/{rel}","templated":true}]}}