{"id":297037,"date":"2021-12-07T12:27:15","date_gmt":"2021-12-07T11:27:15","guid":{"rendered":"https:\/\/www.homewizard.com\/shop\/compteur-wi-fi-kwh-mid-3-phases\/"},"modified":"2025-12-12T07:49:04","modified_gmt":"2025-12-12T06:49:04","slug":"compteur-wi-fi-kwh-mid-3-phases","status":"publish","type":"product","link":"https:\/\/www.homewizard.com\/fr-lu\/shop\/compteur-wi-fi-kwh-mid-3-phases\/","title":{"rendered":"Compteur Wi-Fi kWh MID 3 phases"},"content":{"rendered":"\n<p class=\" eplus-wrapper\">Pour la bo\u00eete \u00e0 fusibles d\u2019aujourd\u2019hui ! HomeWizard a fabriqu\u00e9, en collaboration avec Eastron, le premier compteur kWh Wi-Fi approuv\u00e9 par la MID (directive sur les instruments de mesure). Donnez-vous un aper\u00e7u de vos panneaux solaires, de votre pompe \u00e0 chaleur, de votre voiture \u00e9lectrique et plus encore.<\/p>\n\n<h2 class=\" wp-block-heading eplus-wrapper\">Plusieurs cas d\u2019utilisation<\/h2>\n<ul class=\"eplus-wrapper wp-block-list eplus-styles-uid-b4a289\">\n<li class=\" eplus-wrapper\"><strong>Panneaux solaires<\/strong>: Voyez exactement la quantit\u00e9 d\u2019\u00e9nergie produite par vos panneaux solaires.<\/li>\n\n\n\n<li class=\" eplus-wrapper\"><strong>Accueil<\/strong>: Mesurez la quantit\u00e9 d\u2019\u00e9nergie pr\u00e9lev\u00e9e sur le r\u00e9seau et votre alimentation en pla\u00e7ant le compteur kWh sur votre raccordement au r\u00e9seau.<\/li>\n\n\n\n<li class=\" eplus-wrapper\"><strong>Voiture \u00e9lectrique<\/strong>: Gardez un \u0153il sur les co\u00fbts de recharge de votre voiture \u00e9lectrique. Avez-vous un contrat de location ? Le compteur kWh peut \u00eatre utilis\u00e9 pour la facturation. (certifi\u00e9 MID)<\/li>\n\n\n\n<li class=\" eplus-wrapper\"><strong>Pompe \u00e0 chaleur<\/strong>: Mesurez l\u2019\u00e9nergie utilis\u00e9e pour le chauffage de votre maison.<\/li>\n\n\n\n<li class=\" eplus-wrapper\"><strong>Pour l\u2019installateur: <\/strong>Un aper\u00e7u \u00e0 distance du fonctionnement et des performances de vos installations.<\/li>\n<\/ul><div class=\"wp-block-image is-resized\">\n<figure class=\"aligncenter size-large eplus-wrapper\"><img loading=\"lazy\" decoding=\"async\" width=\"1024\" height=\"1024\" src=\"https:\/\/cdn.homewizard.com\/wp-content\/uploads\/2024\/04\/kWh-Meter-3-phase-HW-shop-app-1024x1024.png\" alt=\"\" class=\"wp-image-621224\" srcset=\"https:\/\/www.homewizard.com\/wp-content\/uploads\/2024\/04\/kWh-Meter-3-phase-HW-shop-app-1024x1024.png 1024w, https:\/\/www.homewizard.com\/wp-content\/uploads\/2024\/04\/kWh-Meter-3-phase-HW-shop-app-300x300.png 300w, https:\/\/www.homewizard.com\/wp-content\/uploads\/2024\/04\/kWh-Meter-3-phase-HW-shop-app-150x150.png 150w, https:\/\/www.homewizard.com\/wp-content\/uploads\/2024\/04\/kWh-Meter-3-phase-HW-shop-app-768x768.png 768w, https:\/\/www.homewizard.com\/wp-content\/uploads\/2024\/04\/kWh-Meter-3-phase-HW-shop-app-500x500.png 500w, https:\/\/www.homewizard.com\/wp-content\/uploads\/2024\/04\/kWh-Meter-3-phase-HW-shop-app-800x800.png 800w, https:\/\/www.homewizard.com\/wp-content\/uploads\/2024\/04\/kWh-Meter-3-phase-HW-shop-app-124x124.png 124w\" sizes=\"auto, (max-width: 1024px) 100vw, 1024px\" \/><\/figure>\n<\/div>\n<h2 class=\" wp-block-heading eplus-wrapper\">Installation flexible avec le Wi-Fi.<\/h2>\n\n<p class=\" eplus-wrapper\"><p class=\" eplus-wrapper\">Le compteur kWh est dot\u00e9 d\u2019un syst\u00e8me Wi-Fi int\u00e9gr\u00e9 et peut \u00eatre install\u00e9 directement \u00e0 c\u00f4t\u00e9 de votre groupe dans le bo\u00eetier du disjoncteur. Pas de place ? Il peut \u00e9galement \u00eatre simplement plac\u00e9 \u00e0 c\u00f4t\u00e9 de votre convertisseur dans le grenier, dans votre station de charge ou dans votre propre bo\u00eete de jonction.<\/p><\/p>\n\n<h2 class=\" wp-block-heading eplus-wrapper\">Dans la bo\u00eete<\/h2>\n<ul class=\"eplus-wrapper wp-block-list eplus-styles-uid-f82969\">\n<li class=\" eplus-wrapper\">Compteur kWh MID 3 phases<\/li>\n\n\n\n<li class=\" eplus-wrapper\">Guide de d\u00e9marrage rapide<\/li>\n<\/ul>\n<p class=\" eplus-wrapper\"><a href=\"https:\/\/www.homewizard.com\/fr-lu\/compteur-wi-fi-kwh\/\">Plus d\u2019informations sur le compteur kWh<\/a><\/p>\n","protected":false},"excerpt":{"rendered":"<p>Mesurez les panneaux solaires, les chargeurs de voiture et plus encore.<\/p>\n","protected":false},"featured_media":621241,"template":"","meta":{"_acf_changed":false,"editor_plus_copied_stylings":"{}"},"product_brand":[],"product_cat":[152,151],"product_tag":[],"class_list":{"0":"post-297037","1":"product","2":"type-product","3":"status-publish","4":"has-post-thumbnail","6":"product_cat-all-fr-lu","7":"product_cat-products-fr-lu","9":"first","10":"instock","11":"taxable","12":"shipping-taxable","13":"purchasable","14":"product-type-simple"},"acf":[],"yoast_head":"<!-- This site is optimized with the Yoast SEO plugin v27.0 - https:\/\/yoast.com\/product\/yoast-seo-wordpress\/ -->\n<title>Compteur Wi-Fi kWh MID 3 phases - HomeWizard<\/title>\n<meta name=\"description\" content=\"D\u00e9couvrez en direct vos panneaux solaires, votre chargeur de voiture, votre pompe \u00e0 chaleur et bien plus encore avec le compteur Wi-Fi kWh 3 phases HomeWizard.\" \/>\n<meta name=\"robots\" content=\"index, follow, max-snippet:-1, max-image-preview:large, max-video-preview:-1\" \/>\n<link rel=\"canonical\" href=\"https:\/\/www.homewizard.com\/fr-lu\/shop\/compteur-wi-fi-kwh-mid-3-phases\/\" \/>\n<meta property=\"og:locale\" content=\"fr_FR\" \/>\n<meta property=\"og:type\" content=\"article\" \/>\n<meta property=\"og:title\" content=\"Compteur Wi-Fi kWh MID 3 phases - HomeWizard\" \/>\n<meta property=\"og:description\" content=\"D\u00e9couvrez en direct vos panneaux solaires, votre chargeur de voiture, votre pompe \u00e0 chaleur et bien plus encore avec le compteur Wi-Fi kWh 3 phases HomeWizard.\" \/>\n<meta property=\"og:url\" content=\"https:\/\/www.homewizard.com\/fr-lu\/shop\/compteur-wi-fi-kwh-mid-3-phases\/\" \/>\n<meta property=\"og:site_name\" content=\"HomeWizard\" \/>\n<meta property=\"article:publisher\" content=\"https:\/\/www.facebook.com\/HomeWizardBV\/\" \/>\n<meta property=\"article:modified_time\" content=\"2025-12-12T06:49:04+00:00\" \/>\n<meta property=\"og:image\" content=\"https:\/\/www.homewizard.com\/wp-content\/uploads\/2021\/12\/kWh-Meter-3-phase-HW-shop.png\" \/>\n\t<meta property=\"og:image:width\" content=\"800\" \/>\n\t<meta property=\"og:image:height\" content=\"800\" \/>\n\t<meta property=\"og:image:type\" content=\"image\/png\" \/>\n<meta name=\"twitter:card\" content=\"summary_large_image\" \/>\n<meta name=\"twitter:site\" content=\"@HomeWizard_NL\" \/>\n<meta name=\"twitter:label1\" content=\"Est. reading time\" \/>\n\t<meta name=\"twitter:data1\" content=\"1 minute\" \/>\n<script type=\"application\/ld+json\" class=\"yoast-schema-graph\">{\"@context\":\"https:\/\/schema.org\",\"@graph\":[{\"@type\":\"WebPage\",\"@id\":\"https:\/\/www.homewizard.com\/fr-lu\/shop\/compteur-wi-fi-kwh-mid-3-phases\/\",\"url\":\"https:\/\/www.homewizard.com\/fr-lu\/shop\/compteur-wi-fi-kwh-mid-3-phases\/\",\"name\":\"Compteur Wi-Fi kWh MID 3 phases - HomeWizard\",\"isPartOf\":{\"@id\":\"https:\/\/www.homewizard.com\/fr-lu\/#website\"},\"primaryImageOfPage\":{\"@id\":\"https:\/\/www.homewizard.com\/fr-lu\/shop\/compteur-wi-fi-kwh-mid-3-phases\/#primaryimage\"},\"image\":{\"@id\":\"https:\/\/www.homewizard.com\/fr-lu\/shop\/compteur-wi-fi-kwh-mid-3-phases\/#primaryimage\"},\"thumbnailUrl\":\"https:\/\/www.homewizard.com\/wp-content\/uploads\/2021\/12\/kWh-Meter-3-phase-HW-shop.png\",\"datePublished\":\"2021-12-07T11:27:15+00:00\",\"dateModified\":\"2025-12-12T06:49:04+00:00\",\"description\":\"D\u00e9couvrez en direct vos panneaux solaires, votre chargeur de voiture, votre pompe \u00e0 chaleur et bien plus encore avec le compteur Wi-Fi kWh 3 phases HomeWizard.\",\"breadcrumb\":{\"@id\":\"https:\/\/www.homewizard.com\/fr-lu\/shop\/compteur-wi-fi-kwh-mid-3-phases\/#breadcrumb\"},\"inLanguage\":\"fr-LU\",\"potentialAction\":[{\"@type\":\"ReadAction\",\"target\":[\"https:\/\/www.homewizard.com\/fr-lu\/shop\/compteur-wi-fi-kwh-mid-3-phases\/\"]}]},{\"@type\":\"ImageObject\",\"inLanguage\":\"fr-LU\",\"@id\":\"https:\/\/www.homewizard.com\/fr-lu\/shop\/compteur-wi-fi-kwh-mid-3-phases\/#primaryimage\",\"url\":\"https:\/\/www.homewizard.com\/wp-content\/uploads\/2021\/12\/kWh-Meter-3-phase-HW-shop.png\",\"contentUrl\":\"https:\/\/www.homewizard.com\/wp-content\/uploads\/2021\/12\/kWh-Meter-3-phase-HW-shop.png\",\"width\":800,\"height\":800},{\"@type\":\"BreadcrumbList\",\"@id\":\"https:\/\/www.homewizard.com\/fr-lu\/shop\/compteur-wi-fi-kwh-mid-3-phases\/#breadcrumb\",\"itemListElement\":[{\"@type\":\"ListItem\",\"position\":1,\"name\":\"Home\",\"item\":\"https:\/\/www.homewizard.com\/fr-lu\/\"},{\"@type\":\"ListItem\",\"position\":2,\"name\":\"Boutique\",\"item\":\"https:\/\/www.homewizard.com\/fr-lu\/boutique\/\"},{\"@type\":\"ListItem\",\"position\":3,\"name\":\"Compteur Wi-Fi kWh MID 3 phases\"}]},{\"@type\":\"WebSite\",\"@id\":\"https:\/\/www.homewizard.com\/fr-lu\/#website\",\"url\":\"https:\/\/www.homewizard.com\/fr-lu\/\",\"name\":\"HomeWizard\",\"description\":\"HomeWizard Energy\",\"publisher\":{\"@id\":\"https:\/\/www.homewizard.com\/fr-lu\/#organization\"},\"potentialAction\":[{\"@type\":\"SearchAction\",\"target\":{\"@type\":\"EntryPoint\",\"urlTemplate\":\"https:\/\/www.homewizard.com\/fr-lu\/?s={search_term_string}\"},\"query-input\":{\"@type\":\"PropertyValueSpecification\",\"valueRequired\":true,\"valueName\":\"search_term_string\"}}],\"inLanguage\":\"fr-LU\"},{\"@type\":\"Organization\",\"@id\":\"https:\/\/www.homewizard.com\/fr-lu\/#organization\",\"name\":\"HomeWizard\",\"url\":\"https:\/\/www.homewizard.com\/fr-lu\/\",\"logo\":{\"@type\":\"ImageObject\",\"inLanguage\":\"fr-LU\",\"@id\":\"https:\/\/www.homewizard.com\/fr-lu\/#\/schema\/logo\/image\/\",\"url\":\"https:\/\/www.homewizard.com\/wp-content\/uploads\/2023\/06\/HomeWizard-icon-on-black.png\",\"contentUrl\":\"https:\/\/www.homewizard.com\/wp-content\/uploads\/2023\/06\/HomeWizard-icon-on-black.png\",\"width\":500,\"height\":500,\"caption\":\"HomeWizard\"},\"image\":{\"@id\":\"https:\/\/www.homewizard.com\/fr-lu\/#\/schema\/logo\/image\/\"},\"sameAs\":[\"https:\/\/www.facebook.com\/HomeWizardBV\/\",\"https:\/\/x.com\/HomeWizard_NL\",\"https:\/\/www.youtube.com\/HomeWizardBV\",\"https:\/\/www.instagram.com\/homewizardenergy\/\"]}]}<\/script>\n<!-- \/ Yoast SEO plugin. -->","yoast_head_json":{"title":"Compteur Wi-Fi kWh MID 3 phases - HomeWizard","description":"D\u00e9couvrez en direct vos panneaux solaires, votre chargeur de voiture, votre pompe \u00e0 chaleur et bien plus encore avec le compteur Wi-Fi kWh 3 phases HomeWizard.","robots":{"index":"index","follow":"follow","max-snippet":"max-snippet:-1","max-image-preview":"max-image-preview:large","max-video-preview":"max-video-preview:-1"},"canonical":"https:\/\/www.homewizard.com\/fr-lu\/shop\/compteur-wi-fi-kwh-mid-3-phases\/","og_locale":"fr_FR","og_type":"article","og_title":"Compteur Wi-Fi kWh MID 3 phases - HomeWizard","og_description":"D\u00e9couvrez en direct vos panneaux solaires, votre chargeur de voiture, votre pompe \u00e0 chaleur et bien plus encore avec le compteur Wi-Fi kWh 3 phases HomeWizard.","og_url":"https:\/\/www.homewizard.com\/fr-lu\/shop\/compteur-wi-fi-kwh-mid-3-phases\/","og_site_name":"HomeWizard","article_publisher":"https:\/\/www.facebook.com\/HomeWizardBV\/","article_modified_time":"2025-12-12T06:49:04+00:00","og_image":[{"width":800,"height":800,"url":"https:\/\/www.homewizard.com\/wp-content\/uploads\/2021\/12\/kWh-Meter-3-phase-HW-shop.png","type":"image\/png"}],"twitter_card":"summary_large_image","twitter_site":"@HomeWizard_NL","twitter_misc":{"Est. reading time":"1 minute"},"schema":{"@context":"https:\/\/schema.org","@graph":[{"@type":"WebPage","@id":"https:\/\/www.homewizard.com\/fr-lu\/shop\/compteur-wi-fi-kwh-mid-3-phases\/","url":"https:\/\/www.homewizard.com\/fr-lu\/shop\/compteur-wi-fi-kwh-mid-3-phases\/","name":"Compteur Wi-Fi kWh MID 3 phases - HomeWizard","isPartOf":{"@id":"https:\/\/www.homewizard.com\/fr-lu\/#website"},"primaryImageOfPage":{"@id":"https:\/\/www.homewizard.com\/fr-lu\/shop\/compteur-wi-fi-kwh-mid-3-phases\/#primaryimage"},"image":{"@id":"https:\/\/www.homewizard.com\/fr-lu\/shop\/compteur-wi-fi-kwh-mid-3-phases\/#primaryimage"},"thumbnailUrl":"https:\/\/www.homewizard.com\/wp-content\/uploads\/2021\/12\/kWh-Meter-3-phase-HW-shop.png","datePublished":"2021-12-07T11:27:15+00:00","dateModified":"2025-12-12T06:49:04+00:00","description":"D\u00e9couvrez en direct vos panneaux solaires, votre chargeur de voiture, votre pompe \u00e0 chaleur et bien plus encore avec le compteur Wi-Fi kWh 3 phases HomeWizard.","breadcrumb":{"@id":"https:\/\/www.homewizard.com\/fr-lu\/shop\/compteur-wi-fi-kwh-mid-3-phases\/#breadcrumb"},"inLanguage":"fr-LU","potentialAction":[{"@type":"ReadAction","target":["https:\/\/www.homewizard.com\/fr-lu\/shop\/compteur-wi-fi-kwh-mid-3-phases\/"]}]},{"@type":"ImageObject","inLanguage":"fr-LU","@id":"https:\/\/www.homewizard.com\/fr-lu\/shop\/compteur-wi-fi-kwh-mid-3-phases\/#primaryimage","url":"https:\/\/www.homewizard.com\/wp-content\/uploads\/2021\/12\/kWh-Meter-3-phase-HW-shop.png","contentUrl":"https:\/\/www.homewizard.com\/wp-content\/uploads\/2021\/12\/kWh-Meter-3-phase-HW-shop.png","width":800,"height":800},{"@type":"BreadcrumbList","@id":"https:\/\/www.homewizard.com\/fr-lu\/shop\/compteur-wi-fi-kwh-mid-3-phases\/#breadcrumb","itemListElement":[{"@type":"ListItem","position":1,"name":"Home","item":"https:\/\/www.homewizard.com\/fr-lu\/"},{"@type":"ListItem","position":2,"name":"Boutique","item":"https:\/\/www.homewizard.com\/fr-lu\/boutique\/"},{"@type":"ListItem","position":3,"name":"Compteur Wi-Fi kWh MID 3 phases"}]},{"@type":"WebSite","@id":"https:\/\/www.homewizard.com\/fr-lu\/#website","url":"https:\/\/www.homewizard.com\/fr-lu\/","name":"HomeWizard","description":"HomeWizard Energy","publisher":{"@id":"https:\/\/www.homewizard.com\/fr-lu\/#organization"},"potentialAction":[{"@type":"SearchAction","target":{"@type":"EntryPoint","urlTemplate":"https:\/\/www.homewizard.com\/fr-lu\/?s={search_term_string}"},"query-input":{"@type":"PropertyValueSpecification","valueRequired":true,"valueName":"search_term_string"}}],"inLanguage":"fr-LU"},{"@type":"Organization","@id":"https:\/\/www.homewizard.com\/fr-lu\/#organization","name":"HomeWizard","url":"https:\/\/www.homewizard.com\/fr-lu\/","logo":{"@type":"ImageObject","inLanguage":"fr-LU","@id":"https:\/\/www.homewizard.com\/fr-lu\/#\/schema\/logo\/image\/","url":"https:\/\/www.homewizard.com\/wp-content\/uploads\/2023\/06\/HomeWizard-icon-on-black.png","contentUrl":"https:\/\/www.homewizard.com\/wp-content\/uploads\/2023\/06\/HomeWizard-icon-on-black.png","width":500,"height":500,"caption":"HomeWizard"},"image":{"@id":"https:\/\/www.homewizard.com\/fr-lu\/#\/schema\/logo\/image\/"},"sameAs":["https:\/\/www.facebook.com\/HomeWizardBV\/","https:\/\/x.com\/HomeWizard_NL","https:\/\/www.youtube.com\/HomeWizardBV","https:\/\/www.instagram.com\/homewizardenergy\/"]}]}},"_links":{"self":[{"href":"https:\/\/www.homewizard.com\/fr-lu\/wp-json\/wp\/v2\/product\/297037","targetHints":{"allow":["GET"]}}],"collection":[{"href":"https:\/\/www.homewizard.com\/fr-lu\/wp-json\/wp\/v2\/product"}],"about":[{"href":"https:\/\/www.homewizard.com\/fr-lu\/wp-json\/wp\/v2\/types\/product"}],"wp:featuredmedia":[{"embeddable":true,"href":"https:\/\/www.homewizard.com\/fr-lu\/wp-json\/wp\/v2\/media\/621241"}],"wp:attachment":[{"href":"https:\/\/www.homewizard.com\/fr-lu\/wp-json\/wp\/v2\/media?parent=297037"}],"wp:term":[{"taxonomy":"product_brand","embeddable":true,"href":"https:\/\/www.homewizard.com\/fr-lu\/wp-json\/wp\/v2\/product_brand?post=297037"},{"taxonomy":"product_cat","embeddable":true,"href":"https:\/\/www.homewizard.com\/fr-lu\/wp-json\/wp\/v2\/product_cat?post=297037"},{"taxonomy":"product_tag","embeddable":true,"href":"https:\/\/www.homewizard.com\/fr-lu\/wp-json\/wp\/v2\/product_tag?post=297037"}],"curies":[{"name":"wp","href":"https:\/\/api.w.org\/{rel}","templated":true}]}}