{"id":297033,"date":"2021-12-07T13:03:26","date_gmt":"2021-12-07T12:03:26","guid":{"rendered":"https:\/\/www.homewizard.com\/shop\/energy-socket-wi-fi\/"},"modified":"2026-04-03T09:26:07","modified_gmt":"2026-04-03T07:26:07","slug":"energy-socket-wi-fi","status":"publish","type":"product","link":"https:\/\/www.homewizard.com\/fr-lu\/shop\/energy-socket-wi-fi\/","title":{"rendered":"Energy Socket Wi-Fi"},"content":{"rendered":"\n<p class=\" eplus-wrapper\">La nouvelle prise d&#8217;\u00e9nergie vous aide \u00e0 comprendre la consommation d&#8217;\u00e9nergie de vos appareils et sa taille a \u00e9t\u00e9 r\u00e9duite de 50 %. Placez-la dans la prise murale, branchez-la sur votre appareil et commencez \u00e0 mesurer !<\/p>\n\n<h2 class=\" wp-block-heading eplus-wrapper\">Utilisateurs en veille? D\u00e9sactiv\u00e9<\/h2>\n\n<p class=\" eplus-wrapper\">La prise d&#8217;\u00e9nergie \u00e9teint vos appareils lorsque vous n&#8217;en avez pas besoin, comme votre t\u00e9l\u00e9viseur et vos p\u00e9riph\u00e9riques la nuit ou l&#8217;eau chaude de votre chaudi\u00e8re de cuisine. Contr\u00f4lez les appareils allum\u00e9s ou \u00e9teints \u00e0 l&#8217;aide de minuteries. Chaque Watt de moins sur votre consommation en veille vous permet d&#8217;\u00e9conomiser plus de 3 euros par an !<\/p>\n\n<figure class=\"round_corners wp-block-image size-large eplus-wrapper\"><img loading=\"lazy\" decoding=\"async\" width=\"1024\" height=\"640\" src=\"https:\/\/www.homewizard.com\/wp-content\/uploads\/2024\/03\/HomeWizard_Socket_Header_ON-1024x640.jpg\" alt=\"\" class=\"wp-image-590516\" srcset=\"https:\/\/www.homewizard.com\/wp-content\/uploads\/2024\/03\/HomeWizard_Socket_Header_ON-1024x640.jpg 1024w, https:\/\/www.homewizard.com\/wp-content\/uploads\/2024\/03\/HomeWizard_Socket_Header_ON-scaled-800x500.jpg 800w, https:\/\/www.homewizard.com\/wp-content\/uploads\/2024\/03\/HomeWizard_Socket_Header_ON-300x188.jpg 300w, https:\/\/www.homewizard.com\/wp-content\/uploads\/2024\/03\/HomeWizard_Socket_Header_ON-768x480.jpg 768w\" sizes=\"auto, (max-width: 1024px) 100vw, 1024px\" \/><\/figure>\n\n<h2 class=\" wp-block-heading eplus-wrapper\">Optimis\u00e9 pour chaque sc\u00e9nario<\/h2>\n<ul class=\" wp-block-list eplus-wrapper eplus-styles-uid-e62d66\">\n<li class=\" eplus-wrapper\"><strong>Large gamme<\/strong> <strong>:<\/strong> Convient aux petits et grands appareils, avec une gamme de 1W \u00e0 3680W.<\/li>\n\n\n\n<li class=\" eplus-wrapper\"><strong>Pr\u00e9cision :<\/strong> Calibr\u00e9 individuellement pour des mesures pr\u00e9cises (\u00b199,5%).<\/li>\n\n\n\n<li class=\" eplus-wrapper\"><strong>Efficace sur le plan \u00e9nerg\u00e9tique :<\/strong> Optimis\u00e9 pour une faible consommation de 1 Watt.<\/li>\n\n\n\n<li class=\" eplus-wrapper\"><strong>Charge maximale :<\/strong> Max. 3680W (16A), charge continue : 2760W (12A).<\/li>\n\n\n\n<li class=\" eplus-wrapper\"><strong>Protection contre la surchauffe :<\/strong> La prise d&#8217;\u00e9nergie s&#8217;\u00e9teint automatiquement lorsque le contact de la fiche ou de la prise de l&#8217;appareil g\u00e9n\u00e8re une quantit\u00e9 de chaleur dangereuse, ce qui indique un mauvais contact ou une charge maximale soutenue.<\/li>\n<\/ul>\n<h2 class=\" wp-block-heading eplus-wrapper\">Dans la bo\u00eete<\/h2>\n<ul class=\" wp-block-list eplus-wrapper eplus-styles-uid-43ba98\">\n<li class=\" eplus-wrapper\">Energy Socket<\/li>\n\n\n\n<li class=\" eplus-wrapper\">Guide de d\u00e9marrage rapide<\/li>\n<\/ul>\n<div style=\"height:32px\" aria-hidden=\"true\" class=\" wp-block-spacer eplus-wrapper\"><\/div>\n\n<p class=\" eplus-wrapper\"><a href=\"https:\/\/www.homewizard.com\/fr-lu\/energy-socket\/\">Plus d&#8217;informations sur la Energy Socket<\/a><\/p>\n","protected":false},"excerpt":{"rendered":"<p>Mesurer et commuter chaque appareil.<\/p>\n","protected":false},"featured_media":1012271,"template":"","meta":{"_acf_changed":false,"editor_plus_copied_stylings":"{}"},"product_brand":[],"product_cat":[152,151],"product_tag":[],"class_list":{"0":"post-297033","1":"product","2":"type-product","3":"status-publish","4":"has-post-thumbnail","6":"product_cat-all-fr-lu","7":"product_cat-products-fr-lu","9":"first","10":"instock","11":"taxable","12":"shipping-taxable","13":"purchasable","14":"product-type-simple"},"acf":[],"yoast_head":"<!-- This site is optimized with the Yoast SEO plugin v27.0 - https:\/\/yoast.com\/product\/yoast-seo-wordpress\/ -->\n<title>Commandez votre prise d&#039;\u00e9nergie Wi-Fi ici - HomeWizard<\/title>\n<meta name=\"description\" content=\"Comprendre la consommation de chaque appareil avec des graphiques gr\u00e2ce \u00e0 la prise d&#039;\u00e9nergie HomeWizard. Commandez votre prise d&#039;\u00e9nergie ici!\" \/>\n<meta name=\"robots\" content=\"index, follow, max-snippet:-1, max-image-preview:large, max-video-preview:-1\" \/>\n<link rel=\"canonical\" href=\"https:\/\/www.homewizard.com\/fr-lu\/shop\/energy-socket-wi-fi\/\" \/>\n<meta property=\"og:locale\" content=\"fr_FR\" \/>\n<meta property=\"og:type\" content=\"article\" \/>\n<meta property=\"og:title\" content=\"Commandez votre prise d&#039;\u00e9nergie Wi-Fi ici - HomeWizard\" \/>\n<meta property=\"og:description\" content=\"Comprendre la consommation de chaque appareil avec des graphiques gr\u00e2ce \u00e0 la prise d&#039;\u00e9nergie HomeWizard. Commandez votre prise d&#039;\u00e9nergie ici!\" \/>\n<meta property=\"og:url\" content=\"https:\/\/www.homewizard.com\/fr-lu\/shop\/energy-socket-wi-fi\/\" \/>\n<meta property=\"og:site_name\" content=\"HomeWizard\" \/>\n<meta property=\"article:publisher\" content=\"https:\/\/www.facebook.com\/HomeWizardBV\/\" \/>\n<meta property=\"article:modified_time\" content=\"2026-04-03T07:26:07+00:00\" \/>\n<meta property=\"og:image\" content=\"https:\/\/www.homewizard.com\/wp-content\/uploads\/2021\/12\/Energy-Socket-switched-on.png\" \/>\n\t<meta property=\"og:image:width\" content=\"1000\" \/>\n\t<meta property=\"og:image:height\" content=\"1000\" \/>\n\t<meta property=\"og:image:type\" content=\"image\/png\" \/>\n<meta name=\"twitter:card\" content=\"summary_large_image\" \/>\n<meta name=\"twitter:site\" content=\"@HomeWizard_NL\" \/>\n<meta name=\"twitter:label1\" content=\"Est. reading time\" \/>\n\t<meta name=\"twitter:data1\" content=\"2 minutes\" \/>\n<script type=\"application\/ld+json\" class=\"yoast-schema-graph\">{\"@context\":\"https:\/\/schema.org\",\"@graph\":[{\"@type\":\"WebPage\",\"@id\":\"https:\/\/www.homewizard.com\/fr-lu\/shop\/energy-socket-wi-fi\/\",\"url\":\"https:\/\/www.homewizard.com\/fr-lu\/shop\/energy-socket-wi-fi\/\",\"name\":\"Commandez votre prise d'\u00e9nergie Wi-Fi ici - HomeWizard\",\"isPartOf\":{\"@id\":\"https:\/\/www.homewizard.com\/fr-lu\/#website\"},\"primaryImageOfPage\":{\"@id\":\"https:\/\/www.homewizard.com\/fr-lu\/shop\/energy-socket-wi-fi\/#primaryimage\"},\"image\":{\"@id\":\"https:\/\/www.homewizard.com\/fr-lu\/shop\/energy-socket-wi-fi\/#primaryimage\"},\"thumbnailUrl\":\"https:\/\/www.homewizard.com\/wp-content\/uploads\/2021\/12\/Energy-Socket-switched-on.png\",\"datePublished\":\"2021-12-07T12:03:26+00:00\",\"dateModified\":\"2026-04-03T07:26:07+00:00\",\"description\":\"Comprendre la consommation de chaque appareil avec des graphiques gr\u00e2ce \u00e0 la prise d'\u00e9nergie HomeWizard. Commandez votre prise d'\u00e9nergie ici!\",\"breadcrumb\":{\"@id\":\"https:\/\/www.homewizard.com\/fr-lu\/shop\/energy-socket-wi-fi\/#breadcrumb\"},\"inLanguage\":\"fr-LU\",\"potentialAction\":[{\"@type\":\"ReadAction\",\"target\":[\"https:\/\/www.homewizard.com\/fr-lu\/shop\/energy-socket-wi-fi\/\"]}]},{\"@type\":\"ImageObject\",\"inLanguage\":\"fr-LU\",\"@id\":\"https:\/\/www.homewizard.com\/fr-lu\/shop\/energy-socket-wi-fi\/#primaryimage\",\"url\":\"https:\/\/www.homewizard.com\/wp-content\/uploads\/2021\/12\/Energy-Socket-switched-on.png\",\"contentUrl\":\"https:\/\/www.homewizard.com\/wp-content\/uploads\/2021\/12\/Energy-Socket-switched-on.png\",\"width\":1000,\"height\":1000},{\"@type\":\"BreadcrumbList\",\"@id\":\"https:\/\/www.homewizard.com\/fr-lu\/shop\/energy-socket-wi-fi\/#breadcrumb\",\"itemListElement\":[{\"@type\":\"ListItem\",\"position\":1,\"name\":\"Home\",\"item\":\"https:\/\/www.homewizard.com\/fr-lu\/\"},{\"@type\":\"ListItem\",\"position\":2,\"name\":\"Boutique\",\"item\":\"https:\/\/www.homewizard.com\/fr-lu\/boutique\/\"},{\"@type\":\"ListItem\",\"position\":3,\"name\":\"Energy Socket Wi-Fi\"}]},{\"@type\":\"WebSite\",\"@id\":\"https:\/\/www.homewizard.com\/fr-lu\/#website\",\"url\":\"https:\/\/www.homewizard.com\/fr-lu\/\",\"name\":\"HomeWizard\",\"description\":\"HomeWizard Energy\",\"publisher\":{\"@id\":\"https:\/\/www.homewizard.com\/fr-lu\/#organization\"},\"potentialAction\":[{\"@type\":\"SearchAction\",\"target\":{\"@type\":\"EntryPoint\",\"urlTemplate\":\"https:\/\/www.homewizard.com\/fr-lu\/?s={search_term_string}\"},\"query-input\":{\"@type\":\"PropertyValueSpecification\",\"valueRequired\":true,\"valueName\":\"search_term_string\"}}],\"inLanguage\":\"fr-LU\"},{\"@type\":\"Organization\",\"@id\":\"https:\/\/www.homewizard.com\/fr-lu\/#organization\",\"name\":\"HomeWizard\",\"url\":\"https:\/\/www.homewizard.com\/fr-lu\/\",\"logo\":{\"@type\":\"ImageObject\",\"inLanguage\":\"fr-LU\",\"@id\":\"https:\/\/www.homewizard.com\/fr-lu\/#\/schema\/logo\/image\/\",\"url\":\"https:\/\/www.homewizard.com\/wp-content\/uploads\/2023\/06\/HomeWizard-icon-on-black.png\",\"contentUrl\":\"https:\/\/www.homewizard.com\/wp-content\/uploads\/2023\/06\/HomeWizard-icon-on-black.png\",\"width\":500,\"height\":500,\"caption\":\"HomeWizard\"},\"image\":{\"@id\":\"https:\/\/www.homewizard.com\/fr-lu\/#\/schema\/logo\/image\/\"},\"sameAs\":[\"https:\/\/www.facebook.com\/HomeWizardBV\/\",\"https:\/\/x.com\/HomeWizard_NL\",\"https:\/\/www.youtube.com\/HomeWizardBV\",\"https:\/\/www.instagram.com\/homewizardenergy\/\"]}]}<\/script>\n<!-- \/ Yoast SEO plugin. -->","yoast_head_json":{"title":"Commandez votre prise d'\u00e9nergie Wi-Fi ici - HomeWizard","description":"Comprendre la consommation de chaque appareil avec des graphiques gr\u00e2ce \u00e0 la prise d'\u00e9nergie HomeWizard. Commandez votre prise d'\u00e9nergie ici!","robots":{"index":"index","follow":"follow","max-snippet":"max-snippet:-1","max-image-preview":"max-image-preview:large","max-video-preview":"max-video-preview:-1"},"canonical":"https:\/\/www.homewizard.com\/fr-lu\/shop\/energy-socket-wi-fi\/","og_locale":"fr_FR","og_type":"article","og_title":"Commandez votre prise d'\u00e9nergie Wi-Fi ici - HomeWizard","og_description":"Comprendre la consommation de chaque appareil avec des graphiques gr\u00e2ce \u00e0 la prise d'\u00e9nergie HomeWizard. Commandez votre prise d'\u00e9nergie ici!","og_url":"https:\/\/www.homewizard.com\/fr-lu\/shop\/energy-socket-wi-fi\/","og_site_name":"HomeWizard","article_publisher":"https:\/\/www.facebook.com\/HomeWizardBV\/","article_modified_time":"2026-04-03T07:26:07+00:00","og_image":[{"width":1000,"height":1000,"url":"https:\/\/www.homewizard.com\/wp-content\/uploads\/2021\/12\/Energy-Socket-switched-on.png","type":"image\/png"}],"twitter_card":"summary_large_image","twitter_site":"@HomeWizard_NL","twitter_misc":{"Est. reading time":"2 minutes"},"schema":{"@context":"https:\/\/schema.org","@graph":[{"@type":"WebPage","@id":"https:\/\/www.homewizard.com\/fr-lu\/shop\/energy-socket-wi-fi\/","url":"https:\/\/www.homewizard.com\/fr-lu\/shop\/energy-socket-wi-fi\/","name":"Commandez votre prise d'\u00e9nergie Wi-Fi ici - HomeWizard","isPartOf":{"@id":"https:\/\/www.homewizard.com\/fr-lu\/#website"},"primaryImageOfPage":{"@id":"https:\/\/www.homewizard.com\/fr-lu\/shop\/energy-socket-wi-fi\/#primaryimage"},"image":{"@id":"https:\/\/www.homewizard.com\/fr-lu\/shop\/energy-socket-wi-fi\/#primaryimage"},"thumbnailUrl":"https:\/\/www.homewizard.com\/wp-content\/uploads\/2021\/12\/Energy-Socket-switched-on.png","datePublished":"2021-12-07T12:03:26+00:00","dateModified":"2026-04-03T07:26:07+00:00","description":"Comprendre la consommation de chaque appareil avec des graphiques gr\u00e2ce \u00e0 la prise d'\u00e9nergie HomeWizard. Commandez votre prise d'\u00e9nergie ici!","breadcrumb":{"@id":"https:\/\/www.homewizard.com\/fr-lu\/shop\/energy-socket-wi-fi\/#breadcrumb"},"inLanguage":"fr-LU","potentialAction":[{"@type":"ReadAction","target":["https:\/\/www.homewizard.com\/fr-lu\/shop\/energy-socket-wi-fi\/"]}]},{"@type":"ImageObject","inLanguage":"fr-LU","@id":"https:\/\/www.homewizard.com\/fr-lu\/shop\/energy-socket-wi-fi\/#primaryimage","url":"https:\/\/www.homewizard.com\/wp-content\/uploads\/2021\/12\/Energy-Socket-switched-on.png","contentUrl":"https:\/\/www.homewizard.com\/wp-content\/uploads\/2021\/12\/Energy-Socket-switched-on.png","width":1000,"height":1000},{"@type":"BreadcrumbList","@id":"https:\/\/www.homewizard.com\/fr-lu\/shop\/energy-socket-wi-fi\/#breadcrumb","itemListElement":[{"@type":"ListItem","position":1,"name":"Home","item":"https:\/\/www.homewizard.com\/fr-lu\/"},{"@type":"ListItem","position":2,"name":"Boutique","item":"https:\/\/www.homewizard.com\/fr-lu\/boutique\/"},{"@type":"ListItem","position":3,"name":"Energy Socket Wi-Fi"}]},{"@type":"WebSite","@id":"https:\/\/www.homewizard.com\/fr-lu\/#website","url":"https:\/\/www.homewizard.com\/fr-lu\/","name":"HomeWizard","description":"HomeWizard Energy","publisher":{"@id":"https:\/\/www.homewizard.com\/fr-lu\/#organization"},"potentialAction":[{"@type":"SearchAction","target":{"@type":"EntryPoint","urlTemplate":"https:\/\/www.homewizard.com\/fr-lu\/?s={search_term_string}"},"query-input":{"@type":"PropertyValueSpecification","valueRequired":true,"valueName":"search_term_string"}}],"inLanguage":"fr-LU"},{"@type":"Organization","@id":"https:\/\/www.homewizard.com\/fr-lu\/#organization","name":"HomeWizard","url":"https:\/\/www.homewizard.com\/fr-lu\/","logo":{"@type":"ImageObject","inLanguage":"fr-LU","@id":"https:\/\/www.homewizard.com\/fr-lu\/#\/schema\/logo\/image\/","url":"https:\/\/www.homewizard.com\/wp-content\/uploads\/2023\/06\/HomeWizard-icon-on-black.png","contentUrl":"https:\/\/www.homewizard.com\/wp-content\/uploads\/2023\/06\/HomeWizard-icon-on-black.png","width":500,"height":500,"caption":"HomeWizard"},"image":{"@id":"https:\/\/www.homewizard.com\/fr-lu\/#\/schema\/logo\/image\/"},"sameAs":["https:\/\/www.facebook.com\/HomeWizardBV\/","https:\/\/x.com\/HomeWizard_NL","https:\/\/www.youtube.com\/HomeWizardBV","https:\/\/www.instagram.com\/homewizardenergy\/"]}]}},"_links":{"self":[{"href":"https:\/\/www.homewizard.com\/fr-lu\/wp-json\/wp\/v2\/product\/297033","targetHints":{"allow":["GET"]}}],"collection":[{"href":"https:\/\/www.homewizard.com\/fr-lu\/wp-json\/wp\/v2\/product"}],"about":[{"href":"https:\/\/www.homewizard.com\/fr-lu\/wp-json\/wp\/v2\/types\/product"}],"wp:featuredmedia":[{"embeddable":true,"href":"https:\/\/www.homewizard.com\/fr-lu\/wp-json\/wp\/v2\/media\/1012271"}],"wp:attachment":[{"href":"https:\/\/www.homewizard.com\/fr-lu\/wp-json\/wp\/v2\/media?parent=297033"}],"wp:term":[{"taxonomy":"product_brand","embeddable":true,"href":"https:\/\/www.homewizard.com\/fr-lu\/wp-json\/wp\/v2\/product_brand?post=297033"},{"taxonomy":"product_cat","embeddable":true,"href":"https:\/\/www.homewizard.com\/fr-lu\/wp-json\/wp\/v2\/product_cat?post=297033"},{"taxonomy":"product_tag","embeddable":true,"href":"https:\/\/www.homewizard.com\/fr-lu\/wp-json\/wp\/v2\/product_tag?post=297033"}],"curies":[{"name":"wp","href":"https:\/\/api.w.org\/{rel}","templated":true}]}}