{"id":297019,"date":"2022-06-03T11:02:27","date_gmt":"2022-06-03T09:02:27","guid":{"rendered":"https:\/\/www.homewizard.com\/shop\/compteur-deau-wi-fi\/"},"modified":"2026-04-16T11:40:10","modified_gmt":"2026-04-16T09:40:10","slug":"compteur-deau-wi-fi","status":"publish","type":"product","link":"https:\/\/www.homewizard.com\/fr-lu\/shop\/compteur-deau-wi-fi\/","title":{"rendered":"Compteur d&#8217;eau Wi-Fi"},"content":{"rendered":"\n<p class=\" eplus-wrapper\">\u00c9conomisez sur votre facture d\u2019eau gr\u00e2ce \u00e0 notre compteur d\u2019eau intelligent ! Le compteur d\u2019eau HomeWizard vous permet de conna\u00eetre en direct votre consommation d\u2019eau. Vous savez ainsi exactement quelle quantit\u00e9 d\u2019eau vous utilisez lorsque vous remplissez votre bain, lorsque vous vous lavez les mains ou lorsque vous prenez une douche.<\/p>\n\n\n\n<p class=\" eplus-wrapper\">Vous pouvez raccorder le compteur vous-m\u00eame : aucune aide professionnelle n\u2019est n\u00e9cessaire. En quelques minutes, vous serez pr\u00eat \u00e0 l\u2019utiliser et \u00e0 commencer \u00e0 \u00e9conomiser sur votre facture d\u2019eau.<\/p>\n\n\n\n<div class=\" wp-block-media-text has-media-on-the-right is-stacked-on-mobile eplus-wrapper\" style=\"grid-template-columns:auto 33%\"><div class=\"wp-block-media-text__content\">\n<h2 class=\" wp-block-heading eplus-wrapper\"><strong>Application flexible<\/strong>.<\/h2>\n\n\n\n<p class=\" eplus-wrapper\">Vous pouvez connecter le compteur d\u2019eau intelligent HomeWizard \u00e0 votre Wi-Fi et \u00e0 votre compteur d\u2019eau. \u00c0 partir de l\u00e0, notre compteur d\u2019eau intelligent lira votre compteur d\u2019eau analogique. Les sp\u00e9cifications de notre compteur d\u2019eau sont les suivantes.<\/p>\n\n\n\n<h3 class=\" wp-block-heading eplus-wrapper\"><strong><strong>Lit votre compteur d\u2019eau analogique<\/strong><\/strong><\/h3>\n\n\n\n<p class=\" eplus-wrapper\">Avec le jeu de supports inclus, vous pouvez placer le Watermeter en 2 minutes sur la plupart des compteurs d&#8217;eau analogiques Zenner, Sensus, Itron, Actaris, Hidroconta, Schlumberger, Elster, Honeywell, Maddalena MVM, DH Metering et Diehl Metering existants. Il suffit de cliquer le Watermeter sur le support, de le connecter au Wi-Fi et le tour est jou\u00e9. Consultez l&#8217;article de notre service d&#8217;assistance : <a href=\"https:\/\/helpdesk.homewizard.com\/articles\/6287701\">Mon Watermeter analogique est-il compatible et comment est-ce que je l&#8217;installe&nbsp;?<\/a> pour vous assurer qu&#8217;il est compatible et pour savoir comment installer le Watermeter.<\/p>\n<\/div><figure class=\"wp-block-media-text__media\"><img loading=\"lazy\" decoding=\"async\" width=\"700\" height=\"746\" src=\"https:\/\/www.homewizard.com\/wp-content\/uploads\/2023\/02\/homewizard-watermeter-mounting.png\" alt=\"\" class=\"wp-image-261356 size-full\" srcset=\"https:\/\/www.homewizard.com\/wp-content\/uploads\/2023\/02\/homewizard-watermeter-mounting.png 700w, https:\/\/www.homewizard.com\/wp-content\/uploads\/2023\/02\/homewizard-watermeter-mounting-282x300.png 282w, https:\/\/www.homewizard.com\/wp-content\/uploads\/2023\/02\/homewizard-watermeter-mounting-600x639.png 600w\" sizes=\"auto, (max-width: 700px) 100vw, 700px\" \/><\/figure><\/div>\n\n\n\n<h3 class=\" wp-block-heading eplus-wrapper\"><strong><strong>Connectable par c\u00e2ble ou par batterie<\/strong><\/strong>.<\/h3>\n\n\n\n<p class=\" eplus-wrapper\">Le compteur d\u2019eau intelligent peut \u00eatre aliment\u00e9 par un c\u00e2ble. Cet appareil peut mesurer jusqu\u2019\u00e0 200 litres par minute, ce qui est largement suffisant pour un m\u00e9nage normal ! Le compteur envoie ces donn\u00e9es en direct \u00e0 notre application gratuite. Cela vous permet de conna\u00eetre votre consommation d\u2019eau et de l\u2019\u00e9conomiser.<\/p>\n\n\n\n<p class=\" eplus-wrapper\">Vous n\u2019avez pas de prise de courant \u00e0 proximit\u00e9 du compteur d\u2019eau ? Pas de probl\u00e8me ! Notre compteur d\u2019eau Wi-Fi fonctionne \u00e9galement avec des piles, que vous pouvez commander en m\u00eame temps que le compteur. Avec un jeu de piles, le compteur dure jusqu\u2019\u00e0 un an et peut mesurer jusqu\u2019\u00e0 30 litres par minute. Dans ce cas, les donn\u00e9es sont envoy\u00e9es \u00e0 l\u2019application quatre fois par jour.<\/p>\n\n\n\n<div style=\"height:15px\" aria-hidden=\"true\" class=\" wp-block-spacer eplus-wrapper\"><\/div>\n\n\n\n<h3 class=\" wp-block-heading eplus-wrapper\"><strong><strong>Mesurez facilement et pr\u00e9cis\u00e9ment votre consommation d\u2019eau<\/strong><\/strong>.<\/h3>\n\n\n\n<p class=\" eplus-wrapper\">Comme mentionn\u00e9 ci-dessus, notre compteur d\u2019eau peut mesurer jusqu\u2019\u00e0 30 litres par minute sur batterie, et jusqu\u2019\u00e0 200 litres par minute avec une connexion par c\u00e2ble. Selon un&nbsp;<a href=\"https:\/\/www.services.eaufrance.fr\/cms\/\/uploads\/guide_50_trucs_astuces_economies_7c36d08051.pdf\">rapport du Sispea (Syst\u00e8me d\u2019information des services publics d\u2019eau et d\u2019assainissement) de juin 2022<\/a>, une personne moyenne consomme environ 148 litres d\u2019eau par jour. eau.veolia.fr indique que la douche consomme environ 70 litres, soit entre 4 et 8 litres par minute. Cela signifie que notre compteur d\u2019eau peut mesurer plus qu\u2019il n\u2019en faut !<\/p>\n\n\n\n<h3 class=\" wp-block-heading eplus-wrapper\">Des informations imm\u00e9diates gr\u00e2ce \u00e0 notre application gratuite.<\/h3>\n\n\n\n<p class=\" eplus-wrapper\">Avec notre Watermeter, comprendre votre consommation d&#8217;eau est incroyablement facile ! Ajoutez le Watermeter \u00e0 <a href=\"https:\/\/helpdesk.homewizard.com\/collections\/3319573\">l&#8217;application HomeWizard<\/a> et obtenez un aper\u00e7u instantan\u00e9 de votre consommation d&#8217;eau. Cela vous permet de faire des ajustements opportuns si n\u00e9cessaire. L&#8217;application HomeWizard est disponible sur <a href=\"https:\/\/play.google.com\/store\/apps\/details?id=nl.homewizard.android.energy\">Android<\/a> et <a href=\"https:\/\/apps.apple.com\/app\/homewizard-energy\/id1492427207\">iOS<\/a>.<\/p>\n\n\n<div class=\"wp-block-image is-resized\">\n<figure class=\"aligncenter size-full eplus-wrapper\"><img loading=\"lazy\" decoding=\"async\" width=\"1236\" height=\"2560\" src=\"https:\/\/www.homewizard.com\/wp-content\/uploads\/2025\/12\/Iphone-staand-front-all-ebike-gescrolld-water-boven-EN-1-scaled.png\" alt=\"\" class=\"wp-image-1930289\" style=\"width:250px\" srcset=\"https:\/\/www.homewizard.com\/wp-content\/uploads\/2025\/12\/Iphone-staand-front-all-ebike-gescrolld-water-boven-EN-1-scaled.png 1236w, https:\/\/www.homewizard.com\/wp-content\/uploads\/2025\/12\/Iphone-staand-front-all-ebike-gescrolld-water-boven-EN-1-145x300.png 145w, https:\/\/www.homewizard.com\/wp-content\/uploads\/2025\/12\/Iphone-staand-front-all-ebike-gescrolld-water-boven-EN-1-494x1024.png 494w, https:\/\/www.homewizard.com\/wp-content\/uploads\/2025\/12\/Iphone-staand-front-all-ebike-gescrolld-water-boven-EN-1-768x1591.png 768w, https:\/\/www.homewizard.com\/wp-content\/uploads\/2025\/12\/Iphone-staand-front-all-ebike-gescrolld-water-boven-EN-1-741x1536.png 741w, https:\/\/www.homewizard.com\/wp-content\/uploads\/2025\/12\/Iphone-staand-front-all-ebike-gescrolld-water-boven-EN-1-989x2048.png 989w, https:\/\/www.homewizard.com\/wp-content\/uploads\/2025\/12\/Iphone-staand-front-all-ebike-gescrolld-water-boven-EN-1-800x1657.png 800w\" sizes=\"auto, (max-width: 1236px) 100vw, 1236px\" \/><\/figure>\n<\/div>\n\n\n<p class=\" eplus-wrapper\"><\/p>\n\n\n\n<h2 class=\" wp-block-heading eplus-wrapper\">Que contient la bo\u00eete ?<\/h2>\n\n\n\n<p class=\" eplus-wrapper\">La bo\u00eete contient tout ce dont vous avez besoin pour commencer \u00e0 utiliser notre compteur d\u2019eau intelligent. Dans le paquet, vous trouverez :<\/p>\n\n\n<ul class=\" wp-block-list eplus-wrapper eplus-styles-uid-8a72b0\">\n<li class=\" eplus-wrapper\">Le compteur d\u2019eau intelligent<\/li>\n\n\n\n<li class=\" eplus-wrapper\">Un adaptateur pour le compteur d\u2019eau intelligent<\/li>\n\n\n\n<li class=\" eplus-wrapper\">Alimentation USB de 5 V<\/li>\n\n\n\n<li class=\" eplus-wrapper\">C\u00e2ble USB-C de 3 m\u00e8tres<\/li>\n\n\n\n<li class=\" eplus-wrapper\">Guide de d\u00e9marrage rapide<\/li>\n<\/ul>","protected":false},"excerpt":{"rendered":"<p>Faites le point sur votre consommation d&#8217;eau<\/p>\n","protected":false},"featured_media":297023,"template":"","meta":{"_acf_changed":false,"editor_plus_copied_stylings":"{}"},"product_brand":[],"product_cat":[152,151],"product_tag":[],"class_list":{"0":"post-297019","1":"product","2":"type-product","3":"status-publish","4":"has-post-thumbnail","6":"product_cat-all-fr-lu","7":"product_cat-products-fr-lu","9":"first","10":"instock","11":"taxable","12":"shipping-taxable","13":"purchasable","14":"product-type-simple"},"acf":[],"yoast_head":"<!-- This site is optimized with the Yoast SEO plugin v27.0 - https:\/\/yoast.com\/product\/yoast-seo-wordpress\/ -->\n<title>Compteur d&#039;eau Wi-Fi - HomeWizard<\/title>\n<meta name=\"description\" content=\"Le compteur d&#039;eau HomeWizard vous donne un aper\u00e7u en direct de votre consommation d&#039;eau. Ainsi, vous savez exactement quelle quantit\u00e9 d&#039;eau vous utilisez lorsque vous vous douchez.\" \/>\n<meta name=\"robots\" content=\"index, follow, max-snippet:-1, max-image-preview:large, max-video-preview:-1\" \/>\n<link rel=\"canonical\" href=\"https:\/\/www.homewizard.com\/fr-lu\/shop\/compteur-deau-wi-fi\/\" \/>\n<meta property=\"og:locale\" content=\"fr_FR\" \/>\n<meta property=\"og:type\" content=\"article\" \/>\n<meta property=\"og:title\" content=\"Compteur d&#039;eau Wi-Fi - HomeWizard\" \/>\n<meta property=\"og:description\" content=\"Le compteur d&#039;eau HomeWizard vous donne un aper\u00e7u en direct de votre consommation d&#039;eau. Ainsi, vous savez exactement quelle quantit\u00e9 d&#039;eau vous utilisez lorsque vous vous douchez.\" \/>\n<meta property=\"og:url\" content=\"https:\/\/www.homewizard.com\/fr-lu\/shop\/compteur-deau-wi-fi\/\" \/>\n<meta property=\"og:site_name\" content=\"HomeWizard\" \/>\n<meta property=\"article:publisher\" content=\"https:\/\/www.facebook.com\/HomeWizardBV\/\" \/>\n<meta property=\"article:modified_time\" content=\"2026-04-16T09:40:10+00:00\" \/>\n<meta property=\"og:image\" content=\"https:\/\/www.homewizard.com\/wp-content\/uploads\/2022\/06\/Watermeter_side.png\" \/>\n\t<meta property=\"og:image:width\" content=\"1900\" \/>\n\t<meta property=\"og:image:height\" content=\"1900\" \/>\n\t<meta property=\"og:image:type\" content=\"image\/png\" \/>\n<meta name=\"twitter:card\" content=\"summary_large_image\" \/>\n<meta name=\"twitter:site\" content=\"@HomeWizard_NL\" \/>\n<meta name=\"twitter:label1\" content=\"Est. reading time\" \/>\n\t<meta name=\"twitter:data1\" content=\"3 minutes\" \/>\n<script type=\"application\/ld+json\" class=\"yoast-schema-graph\">{\"@context\":\"https:\/\/schema.org\",\"@graph\":[{\"@type\":\"WebPage\",\"@id\":\"https:\/\/www.homewizard.com\/fr-lu\/shop\/compteur-deau-wi-fi\/\",\"url\":\"https:\/\/www.homewizard.com\/fr-lu\/shop\/compteur-deau-wi-fi\/\",\"name\":\"Compteur d'eau Wi-Fi - HomeWizard\",\"isPartOf\":{\"@id\":\"https:\/\/www.homewizard.com\/fr-lu\/#website\"},\"primaryImageOfPage\":{\"@id\":\"https:\/\/www.homewizard.com\/fr-lu\/shop\/compteur-deau-wi-fi\/#primaryimage\"},\"image\":{\"@id\":\"https:\/\/www.homewizard.com\/fr-lu\/shop\/compteur-deau-wi-fi\/#primaryimage\"},\"thumbnailUrl\":\"https:\/\/www.homewizard.com\/wp-content\/uploads\/2022\/06\/Watermeter_side.png\",\"datePublished\":\"2022-06-03T09:02:27+00:00\",\"dateModified\":\"2026-04-16T09:40:10+00:00\",\"description\":\"Le compteur d'eau HomeWizard vous donne un aper\u00e7u en direct de votre consommation d'eau. Ainsi, vous savez exactement quelle quantit\u00e9 d'eau vous utilisez lorsque vous vous douchez.\",\"breadcrumb\":{\"@id\":\"https:\/\/www.homewizard.com\/fr-lu\/shop\/compteur-deau-wi-fi\/#breadcrumb\"},\"inLanguage\":\"fr-LU\",\"potentialAction\":[{\"@type\":\"ReadAction\",\"target\":[\"https:\/\/www.homewizard.com\/fr-lu\/shop\/compteur-deau-wi-fi\/\"]}]},{\"@type\":\"ImageObject\",\"inLanguage\":\"fr-LU\",\"@id\":\"https:\/\/www.homewizard.com\/fr-lu\/shop\/compteur-deau-wi-fi\/#primaryimage\",\"url\":\"https:\/\/www.homewizard.com\/wp-content\/uploads\/2022\/06\/Watermeter_side.png\",\"contentUrl\":\"https:\/\/www.homewizard.com\/wp-content\/uploads\/2022\/06\/Watermeter_side.png\",\"width\":1900,\"height\":1900},{\"@type\":\"BreadcrumbList\",\"@id\":\"https:\/\/www.homewizard.com\/fr-lu\/shop\/compteur-deau-wi-fi\/#breadcrumb\",\"itemListElement\":[{\"@type\":\"ListItem\",\"position\":1,\"name\":\"Home\",\"item\":\"https:\/\/www.homewizard.com\/fr-lu\/\"},{\"@type\":\"ListItem\",\"position\":2,\"name\":\"Boutique\",\"item\":\"https:\/\/www.homewizard.com\/fr-lu\/boutique\/\"},{\"@type\":\"ListItem\",\"position\":3,\"name\":\"Compteur d&#8217;eau Wi-Fi\"}]},{\"@type\":\"WebSite\",\"@id\":\"https:\/\/www.homewizard.com\/fr-lu\/#website\",\"url\":\"https:\/\/www.homewizard.com\/fr-lu\/\",\"name\":\"HomeWizard\",\"description\":\"HomeWizard Energy\",\"publisher\":{\"@id\":\"https:\/\/www.homewizard.com\/fr-lu\/#organization\"},\"potentialAction\":[{\"@type\":\"SearchAction\",\"target\":{\"@type\":\"EntryPoint\",\"urlTemplate\":\"https:\/\/www.homewizard.com\/fr-lu\/?s={search_term_string}\"},\"query-input\":{\"@type\":\"PropertyValueSpecification\",\"valueRequired\":true,\"valueName\":\"search_term_string\"}}],\"inLanguage\":\"fr-LU\"},{\"@type\":\"Organization\",\"@id\":\"https:\/\/www.homewizard.com\/fr-lu\/#organization\",\"name\":\"HomeWizard\",\"url\":\"https:\/\/www.homewizard.com\/fr-lu\/\",\"logo\":{\"@type\":\"ImageObject\",\"inLanguage\":\"fr-LU\",\"@id\":\"https:\/\/www.homewizard.com\/fr-lu\/#\/schema\/logo\/image\/\",\"url\":\"https:\/\/www.homewizard.com\/wp-content\/uploads\/2023\/06\/HomeWizard-icon-on-black.png\",\"contentUrl\":\"https:\/\/www.homewizard.com\/wp-content\/uploads\/2023\/06\/HomeWizard-icon-on-black.png\",\"width\":500,\"height\":500,\"caption\":\"HomeWizard\"},\"image\":{\"@id\":\"https:\/\/www.homewizard.com\/fr-lu\/#\/schema\/logo\/image\/\"},\"sameAs\":[\"https:\/\/www.facebook.com\/HomeWizardBV\/\",\"https:\/\/x.com\/HomeWizard_NL\",\"https:\/\/www.youtube.com\/HomeWizardBV\",\"https:\/\/www.instagram.com\/homewizardenergy\/\"]}]}<\/script>\n<!-- \/ Yoast SEO plugin. -->","yoast_head_json":{"title":"Compteur d'eau Wi-Fi - HomeWizard","description":"Le compteur d'eau HomeWizard vous donne un aper\u00e7u en direct de votre consommation d'eau. Ainsi, vous savez exactement quelle quantit\u00e9 d'eau vous utilisez lorsque vous vous douchez.","robots":{"index":"index","follow":"follow","max-snippet":"max-snippet:-1","max-image-preview":"max-image-preview:large","max-video-preview":"max-video-preview:-1"},"canonical":"https:\/\/www.homewizard.com\/fr-lu\/shop\/compteur-deau-wi-fi\/","og_locale":"fr_FR","og_type":"article","og_title":"Compteur d'eau Wi-Fi - HomeWizard","og_description":"Le compteur d'eau HomeWizard vous donne un aper\u00e7u en direct de votre consommation d'eau. Ainsi, vous savez exactement quelle quantit\u00e9 d'eau vous utilisez lorsque vous vous douchez.","og_url":"https:\/\/www.homewizard.com\/fr-lu\/shop\/compteur-deau-wi-fi\/","og_site_name":"HomeWizard","article_publisher":"https:\/\/www.facebook.com\/HomeWizardBV\/","article_modified_time":"2026-04-16T09:40:10+00:00","og_image":[{"width":1900,"height":1900,"url":"https:\/\/www.homewizard.com\/wp-content\/uploads\/2022\/06\/Watermeter_side.png","type":"image\/png"}],"twitter_card":"summary_large_image","twitter_site":"@HomeWizard_NL","twitter_misc":{"Est. reading time":"3 minutes"},"schema":{"@context":"https:\/\/schema.org","@graph":[{"@type":"WebPage","@id":"https:\/\/www.homewizard.com\/fr-lu\/shop\/compteur-deau-wi-fi\/","url":"https:\/\/www.homewizard.com\/fr-lu\/shop\/compteur-deau-wi-fi\/","name":"Compteur d'eau Wi-Fi - HomeWizard","isPartOf":{"@id":"https:\/\/www.homewizard.com\/fr-lu\/#website"},"primaryImageOfPage":{"@id":"https:\/\/www.homewizard.com\/fr-lu\/shop\/compteur-deau-wi-fi\/#primaryimage"},"image":{"@id":"https:\/\/www.homewizard.com\/fr-lu\/shop\/compteur-deau-wi-fi\/#primaryimage"},"thumbnailUrl":"https:\/\/www.homewizard.com\/wp-content\/uploads\/2022\/06\/Watermeter_side.png","datePublished":"2022-06-03T09:02:27+00:00","dateModified":"2026-04-16T09:40:10+00:00","description":"Le compteur d'eau HomeWizard vous donne un aper\u00e7u en direct de votre consommation d'eau. Ainsi, vous savez exactement quelle quantit\u00e9 d'eau vous utilisez lorsque vous vous douchez.","breadcrumb":{"@id":"https:\/\/www.homewizard.com\/fr-lu\/shop\/compteur-deau-wi-fi\/#breadcrumb"},"inLanguage":"fr-LU","potentialAction":[{"@type":"ReadAction","target":["https:\/\/www.homewizard.com\/fr-lu\/shop\/compteur-deau-wi-fi\/"]}]},{"@type":"ImageObject","inLanguage":"fr-LU","@id":"https:\/\/www.homewizard.com\/fr-lu\/shop\/compteur-deau-wi-fi\/#primaryimage","url":"https:\/\/www.homewizard.com\/wp-content\/uploads\/2022\/06\/Watermeter_side.png","contentUrl":"https:\/\/www.homewizard.com\/wp-content\/uploads\/2022\/06\/Watermeter_side.png","width":1900,"height":1900},{"@type":"BreadcrumbList","@id":"https:\/\/www.homewizard.com\/fr-lu\/shop\/compteur-deau-wi-fi\/#breadcrumb","itemListElement":[{"@type":"ListItem","position":1,"name":"Home","item":"https:\/\/www.homewizard.com\/fr-lu\/"},{"@type":"ListItem","position":2,"name":"Boutique","item":"https:\/\/www.homewizard.com\/fr-lu\/boutique\/"},{"@type":"ListItem","position":3,"name":"Compteur d&#8217;eau Wi-Fi"}]},{"@type":"WebSite","@id":"https:\/\/www.homewizard.com\/fr-lu\/#website","url":"https:\/\/www.homewizard.com\/fr-lu\/","name":"HomeWizard","description":"HomeWizard Energy","publisher":{"@id":"https:\/\/www.homewizard.com\/fr-lu\/#organization"},"potentialAction":[{"@type":"SearchAction","target":{"@type":"EntryPoint","urlTemplate":"https:\/\/www.homewizard.com\/fr-lu\/?s={search_term_string}"},"query-input":{"@type":"PropertyValueSpecification","valueRequired":true,"valueName":"search_term_string"}}],"inLanguage":"fr-LU"},{"@type":"Organization","@id":"https:\/\/www.homewizard.com\/fr-lu\/#organization","name":"HomeWizard","url":"https:\/\/www.homewizard.com\/fr-lu\/","logo":{"@type":"ImageObject","inLanguage":"fr-LU","@id":"https:\/\/www.homewizard.com\/fr-lu\/#\/schema\/logo\/image\/","url":"https:\/\/www.homewizard.com\/wp-content\/uploads\/2023\/06\/HomeWizard-icon-on-black.png","contentUrl":"https:\/\/www.homewizard.com\/wp-content\/uploads\/2023\/06\/HomeWizard-icon-on-black.png","width":500,"height":500,"caption":"HomeWizard"},"image":{"@id":"https:\/\/www.homewizard.com\/fr-lu\/#\/schema\/logo\/image\/"},"sameAs":["https:\/\/www.facebook.com\/HomeWizardBV\/","https:\/\/x.com\/HomeWizard_NL","https:\/\/www.youtube.com\/HomeWizardBV","https:\/\/www.instagram.com\/homewizardenergy\/"]}]}},"_links":{"self":[{"href":"https:\/\/www.homewizard.com\/fr-lu\/wp-json\/wp\/v2\/product\/297019","targetHints":{"allow":["GET"]}}],"collection":[{"href":"https:\/\/www.homewizard.com\/fr-lu\/wp-json\/wp\/v2\/product"}],"about":[{"href":"https:\/\/www.homewizard.com\/fr-lu\/wp-json\/wp\/v2\/types\/product"}],"wp:featuredmedia":[{"embeddable":true,"href":"https:\/\/www.homewizard.com\/fr-lu\/wp-json\/wp\/v2\/media\/297023"}],"wp:attachment":[{"href":"https:\/\/www.homewizard.com\/fr-lu\/wp-json\/wp\/v2\/media?parent=297019"}],"wp:term":[{"taxonomy":"product_brand","embeddable":true,"href":"https:\/\/www.homewizard.com\/fr-lu\/wp-json\/wp\/v2\/product_brand?post=297019"},{"taxonomy":"product_cat","embeddable":true,"href":"https:\/\/www.homewizard.com\/fr-lu\/wp-json\/wp\/v2\/product_cat?post=297019"},{"taxonomy":"product_tag","embeddable":true,"href":"https:\/\/www.homewizard.com\/fr-lu\/wp-json\/wp\/v2\/product_tag?post=297019"}],"curies":[{"name":"wp","href":"https:\/\/api.w.org\/{rel}","templated":true}]}}