{"id":297001,"date":"2023-03-21T11:12:08","date_gmt":"2023-03-21T10:12:08","guid":{"rendered":"https:\/\/www.homewizard.com\/shop\/energy\/"},"modified":"2026-03-25T10:32:55","modified_gmt":"2026-03-25T09:32:55","slug":"energy-plus","status":"publish","type":"product","link":"https:\/\/www.homewizard.com\/fr-lu\/shop\/energy-plus\/","title":{"rendered":"Abonnement Energy+"},"content":{"rendered":"\n<h2 class=\" wp-block-heading eplus-wrapper\">Abonnement annuel Energy+<\/h2>\n\n<p class=\" eplus-wrapper\">Energy+ est un abonnement HomeWizard qui d\u00e9bloque des fonctionnalit\u00e9s suppl\u00e9mentaires dans votre application HomeWizard :<\/p>\n<ul class=\" wp-block-list eplus-wrapper eplus-styles-uid-a172a7\">\n<li class=\" eplus-wrapper\">Voir votre utilisation en veille<\/li>\n\n\n\n<li class=\" eplus-wrapper\">Plusieurs ann\u00e9es de stockage<\/li>\n\n\n\n<li class=\" eplus-wrapper\">Recevoir des notifications en cas de d\u00e9tection d&#8217;une consommation d&#8217;\u00e9nergie inhabituelle<\/li>\n\n\n\n<li class=\" eplus-wrapper\">Connexion de l&#8217;onduleur : d\u00e9bloquez un graphique avec votre production solaire<\/li>\n\n\n\n<li class=\" eplus-wrapper\"><p class=\"text-node\" data-pm-slice='1 1 [\"bullet_list\",{},\"list_item\",{}]'>Graphique d\u2019autonomie \u00e9nerg\u00e9tique : voyez la quantit\u00e9 d&#8217;\u00e9nergie solaire g\u00e9n\u00e9r\u00e9e que vous consommez directement.<\/p><\/li>\n\n\n\n<li class=\" eplus-wrapper\">Aper\u00e7us en 3 phases (utilisation par phase)<\/li>\n\n\n\n<li class=\" eplus-wrapper\">Commutation intelligente pour les <a href=\"https:\/\/www.homewizard.com\/fr-lu\/boutique\/energy-socket-wi-fi\/\">Energy Sockets<\/a><\/li>\n\n\n\n<li class=\" eplus-wrapper\">Exporter les donn\u00e9es vers Excel (CSV)<\/li>\n<\/ul>\n<p class=\" eplus-wrapper\"><a href=\"https:\/\/www.homewizard.com\/fr-lu\/energy-plus\/\">En savoir plus sur Energy+<\/a><\/p>\n\n<p class=\" eplus-wrapper\">Energy+ ne co\u00fbte que 11,95 \u20ac par an si vous vous abonnez via le site Web. Vous pouvez annuler \u00e0 tout moment, et il sera automatiquement factur\u00e9 annuellement. Les paiements peuvent \u00eatre trait\u00e9s \u00e0 l&#8217;aide de diff\u00e9rentes options de paiement telles que : Bancontact, iDEAL et carte de cr\u00e9dit (Visa, Mastercard, American Express).<\/p>\n\n<figure class=\" wp-block-image size-large is-resized eplus-wrapper\"><img loading=\"lazy\" decoding=\"async\" width=\"1024\" height=\"145\" src=\"https:\/\/www.homewizard.com\/wp-content\/uploads\/2023\/04\/Payment-options-Energy-HomeWizard-subscription-1024x145.png\" alt=\"\" class=\"wp-image-298953\" style=\"width:557px;height:79px\" srcset=\"https:\/\/www.homewizard.com\/wp-content\/uploads\/2023\/04\/Payment-options-Energy-HomeWizard-subscription-1024x145.png 1024w, https:\/\/www.homewizard.com\/wp-content\/uploads\/2023\/04\/Payment-options-Energy-HomeWizard-subscription-800x113.png 800w, https:\/\/www.homewizard.com\/wp-content\/uploads\/2023\/04\/Payment-options-Energy-HomeWizard-subscription-300x42.png 300w, https:\/\/www.homewizard.com\/wp-content\/uploads\/2023\/04\/Payment-options-Energy-HomeWizard-subscription-768x109.png 768w\" sizes=\"auto, (max-width: 1024px) 100vw, 1024px\" \/><\/figure>\n\n<p class=\" eplus-wrapper\"><\/p>\n\n<div class=\" wp-block-media-text has-media-on-the-right is-stacked-on-mobile eplus-wrapper\" style=\"grid-template-columns:auto 34%\"><div class=\"wp-block-media-text__content\">\n<h2 class=\" wp-block-heading eplus-wrapper\">Connectez vos panneaux solaires<\/h2>\n\n\n\n<p class=\" eplus-wrapper\">Vous pouvez maintenant facilement ajouter un graphique avec votre production solaire dans l&#8217;application HomeWizard sans installer de mat\u00e9riel suppl\u00e9mentaire. En faisant cela, vous obtenez une compr\u00e9hension compl\u00e8te de votre flux d&#8217;\u00e9nergie et avez la possibilit\u00e9 de tout configurer dans une seule application. La connexion prend en charge les onduleurs SolarEdge, GoodWe, Growatt, SMA, Enphase, Huawei et Solax. En connectant vos panneaux solaires, vous d\u00e9bloquerez trois nouveaux graphiques :<\/p>\n\n\n<ul class=\" wp-block-list eplus-wrapper eplus-styles-uid-edf9cc\">\n<li class=\" eplus-wrapper\">Production solaire<\/li>\n\n\n\n<li class=\" eplus-wrapper\">Consommation brute d&#8217;\u00e9lectricit\u00e9<\/li>\n\n\n\n<li class=\" eplus-wrapper\"><p class=\"text-node\" data-pm-slice='1 1 [\"bullet_list\",{},\"list_item\",{}]'>Autonomie \u00e9nerg\u00e9tique<\/p><\/li>\n<\/ul><\/div><figure class=\"wp-block-media-text__media\"><img loading=\"lazy\" decoding=\"async\" width=\"799\" height=\"800\" src=\"https:\/\/www.homewizard.com\/wp-content\/uploads\/2023\/04\/production_gross-power-consumption.webp\" alt=\"\" class=\"wp-image-300894 size-full\" srcset=\"https:\/\/www.homewizard.com\/wp-content\/uploads\/2023\/04\/production_gross-power-consumption.webp 799w, https:\/\/www.homewizard.com\/wp-content\/uploads\/2023\/04\/production_gross-power-consumption-500x500.webp 500w, https:\/\/www.homewizard.com\/wp-content\/uploads\/2023\/04\/production_gross-power-consumption-124x124.webp 124w, https:\/\/www.homewizard.com\/wp-content\/uploads\/2023\/04\/production_gross-power-consumption-300x300.webp 300w, https:\/\/www.homewizard.com\/wp-content\/uploads\/2023\/04\/production_gross-power-consumption-150x150.webp 150w, https:\/\/www.homewizard.com\/wp-content\/uploads\/2023\/04\/production_gross-power-consumption-768x769.webp 768w, https:\/\/www.homewizard.com\/wp-content\/uploads\/2023\/04\/production_gross-power-consumption-600x601.webp 600w\" sizes=\"auto, (max-width: 799px) 100vw, 799px\" \/><\/figure><\/div>\n\n<h2 class=\" wp-block-heading eplus-wrapper\">Annulation d&#8217;Energy+<\/h2>\n\n<p class=\" eplus-wrapper\">Vous pouvez annuler Energy+ \u00e0 tout moment. Apr\u00e8s la r\u00e9siliation, vous conserverez l\u2019acc\u00e8s aux fonctionnalit\u00e9s d\u2019Energy+ jusqu\u2019\u00e0 la date de fin de l\u2019abonnement. Apr\u00e8s cela, vous serez automatiquement r\u00e9trograd\u00e9 \u00e0 la fonctionnalit\u00e9 gratuite de base. Les fonctionnalit\u00e9s d&#8217;Energy+ dispara\u00eetront et les donn\u00e9es graphiques datant de plus de 12 mois seront supprim\u00e9es.<\/p>\n\n<p class=\" eplus-wrapper\">Si vous avez achet\u00e9 Energy+ via notre <strong>site web<\/strong>, vous pouvez annuler votre achat en allant dans <strong><a href=\"http:\/\/www.homewizard.com\/my-account\/homes\/\">Compte &gt; Maisons<\/a><\/strong>.<\/p>\n\n<p class=\" eplus-wrapper\">Si vous avez achet\u00e9 Energy+ via <strong>l&#8217;application<\/strong>, vous pouvez l&#8217;annuler dans les<strong><a href=\"https:\/\/support.apple.com\/en-gb\/guide\/iphone\/iph3dfd91de\/ios\" target=\"_blank\" rel=\"noreferrer noopener\">Param\u00e8tres de l&#8217;abonnement Apple<\/a><\/strong> ou <strong><a href=\"https:\/\/support.google.com\/googleplay\/answer\/7018481\" target=\"_blank\" rel=\"noreferrer noopener\">les param\u00e8tres d&#8217;abonnement Google<\/a><\/strong> de votre t\u00e9l\u00e9phone.<\/p>\n\n<div style=\"height:32px\" aria-hidden=\"true\" class=\" wp-block-spacer eplus-wrapper\"><\/div>\n","protected":false},"excerpt":{"rendered":"<p>Un abonnement annuel qui vous permet de b\u00e9n\u00e9ficier d&#8217;encore plus d&#8217;informations et de fonctionnalit\u00e9s, en plus des fonctionnalit\u00e9s gratuites de l&#8217;application HomeWizard. Voir <a href=\"https:\/\/www.homewizard.com\/fr-be\/energy-plus\/\">toutes les fonctionnalit\u00e9s d&#8217;Energy+.<\/a><\/p>\n","protected":false},"featured_media":369889,"template":"","meta":{"_acf_changed":false,"editor_plus_copied_stylings":"{}"},"product_brand":[],"product_cat":[152,151],"product_tag":[],"class_list":{"0":"post-297001","1":"product","2":"type-product","3":"status-publish","4":"has-post-thumbnail","6":"product_cat-all-fr-lu","7":"product_cat-products-fr-lu","9":"first","10":"instock","11":"virtual","12":"sold-individually","13":"taxable","14":"purchasable","15":"product-type-subscription"},"acf":[],"yoast_head":"<!-- This site is optimized with the Yoast SEO plugin v27.0 - https:\/\/yoast.com\/product\/yoast-seo-wordpress\/ -->\n<title>Abonnement Energy+ (12 mois) - HomeWizard<\/title>\n<meta name=\"description\" content=\"Un abonnement annuel de seulement 11,95 \u20ac pour obtenir encore plus d&#039;informations sur la consommation d&#039;\u00e9nergie. \u2713 Utilisation en veille. \u2713 Notifications inhabituelles de consommation d&#039;\u00e9nergie. \u2713 Commutation intelligente.\" \/>\n<meta name=\"robots\" content=\"index, follow, max-snippet:-1, max-image-preview:large, max-video-preview:-1\" \/>\n<link rel=\"canonical\" href=\"https:\/\/www.homewizard.com\/fr-lu\/shop\/energy-plus\/\" \/>\n<meta property=\"og:locale\" content=\"fr_FR\" \/>\n<meta property=\"og:type\" content=\"article\" \/>\n<meta property=\"og:title\" content=\"Abonnement Energy+ (12 mois) - HomeWizard\" \/>\n<meta property=\"og:description\" content=\"Un abonnement annuel de seulement 11,95 \u20ac pour obtenir encore plus d&#039;informations sur la consommation d&#039;\u00e9nergie. \u2713 Utilisation en veille. \u2713 Notifications inhabituelles de consommation d&#039;\u00e9nergie. \u2713 Commutation intelligente.\" \/>\n<meta property=\"og:url\" content=\"https:\/\/www.homewizard.com\/fr-lu\/shop\/energy-plus\/\" \/>\n<meta property=\"og:site_name\" content=\"HomeWizard\" \/>\n<meta property=\"article:publisher\" content=\"https:\/\/www.facebook.com\/HomeWizardBV\/\" \/>\n<meta property=\"article:modified_time\" content=\"2026-03-25T09:32:55+00:00\" \/>\n<meta property=\"og:image\" content=\"https:\/\/www.homewizard.com\/wp-content\/uploads\/2023\/03\/HomeWizard-Energy-logo-png-2023.png\" \/>\n\t<meta property=\"og:image:width\" content=\"600\" \/>\n\t<meta property=\"og:image:height\" content=\"600\" \/>\n\t<meta property=\"og:image:type\" content=\"image\/png\" \/>\n<meta name=\"twitter:card\" content=\"summary_large_image\" \/>\n<meta name=\"twitter:site\" content=\"@HomeWizard_NL\" \/>\n<meta name=\"twitter:label1\" content=\"Est. reading time\" \/>\n\t<meta name=\"twitter:data1\" content=\"2 minutes\" \/>\n<script type=\"application\/ld+json\" class=\"yoast-schema-graph\">{\"@context\":\"https:\/\/schema.org\",\"@graph\":[{\"@type\":\"WebPage\",\"@id\":\"https:\/\/www.homewizard.com\/fr-lu\/shop\/energy-plus\/\",\"url\":\"https:\/\/www.homewizard.com\/fr-lu\/shop\/energy-plus\/\",\"name\":\"Abonnement Energy+ (12 mois) - HomeWizard\",\"isPartOf\":{\"@id\":\"https:\/\/www.homewizard.com\/fr-lu\/#website\"},\"primaryImageOfPage\":{\"@id\":\"https:\/\/www.homewizard.com\/fr-lu\/shop\/energy-plus\/#primaryimage\"},\"image\":{\"@id\":\"https:\/\/www.homewizard.com\/fr-lu\/shop\/energy-plus\/#primaryimage\"},\"thumbnailUrl\":\"https:\/\/www.homewizard.com\/wp-content\/uploads\/2023\/03\/HomeWizard-Energy-logo-png-2023.png\",\"datePublished\":\"2023-03-21T10:12:08+00:00\",\"dateModified\":\"2026-03-25T09:32:55+00:00\",\"description\":\"Un abonnement annuel de seulement 11,95 \u20ac pour obtenir encore plus d'informations sur la consommation d'\u00e9nergie. \u2713 Utilisation en veille. \u2713 Notifications inhabituelles de consommation d'\u00e9nergie. \u2713 Commutation intelligente.\",\"breadcrumb\":{\"@id\":\"https:\/\/www.homewizard.com\/fr-lu\/shop\/energy-plus\/#breadcrumb\"},\"inLanguage\":\"fr-LU\",\"potentialAction\":[{\"@type\":\"ReadAction\",\"target\":[\"https:\/\/www.homewizard.com\/fr-lu\/shop\/energy-plus\/\"]}]},{\"@type\":\"ImageObject\",\"inLanguage\":\"fr-LU\",\"@id\":\"https:\/\/www.homewizard.com\/fr-lu\/shop\/energy-plus\/#primaryimage\",\"url\":\"https:\/\/www.homewizard.com\/wp-content\/uploads\/2023\/03\/HomeWizard-Energy-logo-png-2023.png\",\"contentUrl\":\"https:\/\/www.homewizard.com\/wp-content\/uploads\/2023\/03\/HomeWizard-Energy-logo-png-2023.png\",\"width\":600,\"height\":600},{\"@type\":\"BreadcrumbList\",\"@id\":\"https:\/\/www.homewizard.com\/fr-lu\/shop\/energy-plus\/#breadcrumb\",\"itemListElement\":[{\"@type\":\"ListItem\",\"position\":1,\"name\":\"Home\",\"item\":\"https:\/\/www.homewizard.com\/fr-lu\/\"},{\"@type\":\"ListItem\",\"position\":2,\"name\":\"Boutique\",\"item\":\"https:\/\/www.homewizard.com\/fr-lu\/boutique\/\"},{\"@type\":\"ListItem\",\"position\":3,\"name\":\"Abonnement Energy+\"}]},{\"@type\":\"WebSite\",\"@id\":\"https:\/\/www.homewizard.com\/fr-lu\/#website\",\"url\":\"https:\/\/www.homewizard.com\/fr-lu\/\",\"name\":\"HomeWizard\",\"description\":\"HomeWizard Energy\",\"publisher\":{\"@id\":\"https:\/\/www.homewizard.com\/fr-lu\/#organization\"},\"potentialAction\":[{\"@type\":\"SearchAction\",\"target\":{\"@type\":\"EntryPoint\",\"urlTemplate\":\"https:\/\/www.homewizard.com\/fr-lu\/?s={search_term_string}\"},\"query-input\":{\"@type\":\"PropertyValueSpecification\",\"valueRequired\":true,\"valueName\":\"search_term_string\"}}],\"inLanguage\":\"fr-LU\"},{\"@type\":\"Organization\",\"@id\":\"https:\/\/www.homewizard.com\/fr-lu\/#organization\",\"name\":\"HomeWizard\",\"url\":\"https:\/\/www.homewizard.com\/fr-lu\/\",\"logo\":{\"@type\":\"ImageObject\",\"inLanguage\":\"fr-LU\",\"@id\":\"https:\/\/www.homewizard.com\/fr-lu\/#\/schema\/logo\/image\/\",\"url\":\"https:\/\/www.homewizard.com\/wp-content\/uploads\/2023\/06\/HomeWizard-icon-on-black.png\",\"contentUrl\":\"https:\/\/www.homewizard.com\/wp-content\/uploads\/2023\/06\/HomeWizard-icon-on-black.png\",\"width\":500,\"height\":500,\"caption\":\"HomeWizard\"},\"image\":{\"@id\":\"https:\/\/www.homewizard.com\/fr-lu\/#\/schema\/logo\/image\/\"},\"sameAs\":[\"https:\/\/www.facebook.com\/HomeWizardBV\/\",\"https:\/\/x.com\/HomeWizard_NL\",\"https:\/\/www.youtube.com\/HomeWizardBV\",\"https:\/\/www.instagram.com\/homewizardenergy\/\"]}]}<\/script>\n<!-- \/ Yoast SEO plugin. -->","yoast_head_json":{"title":"Abonnement Energy+ (12 mois) - HomeWizard","description":"Un abonnement annuel de seulement 11,95 \u20ac pour obtenir encore plus d'informations sur la consommation d'\u00e9nergie. \u2713 Utilisation en veille. \u2713 Notifications inhabituelles de consommation d'\u00e9nergie. \u2713 Commutation intelligente.","robots":{"index":"index","follow":"follow","max-snippet":"max-snippet:-1","max-image-preview":"max-image-preview:large","max-video-preview":"max-video-preview:-1"},"canonical":"https:\/\/www.homewizard.com\/fr-lu\/shop\/energy-plus\/","og_locale":"fr_FR","og_type":"article","og_title":"Abonnement Energy+ (12 mois) - HomeWizard","og_description":"Un abonnement annuel de seulement 11,95 \u20ac pour obtenir encore plus d'informations sur la consommation d'\u00e9nergie. \u2713 Utilisation en veille. \u2713 Notifications inhabituelles de consommation d'\u00e9nergie. \u2713 Commutation intelligente.","og_url":"https:\/\/www.homewizard.com\/fr-lu\/shop\/energy-plus\/","og_site_name":"HomeWizard","article_publisher":"https:\/\/www.facebook.com\/HomeWizardBV\/","article_modified_time":"2026-03-25T09:32:55+00:00","og_image":[{"width":600,"height":600,"url":"https:\/\/www.homewizard.com\/wp-content\/uploads\/2023\/03\/HomeWizard-Energy-logo-png-2023.png","type":"image\/png"}],"twitter_card":"summary_large_image","twitter_site":"@HomeWizard_NL","twitter_misc":{"Est. reading time":"2 minutes"},"schema":{"@context":"https:\/\/schema.org","@graph":[{"@type":"WebPage","@id":"https:\/\/www.homewizard.com\/fr-lu\/shop\/energy-plus\/","url":"https:\/\/www.homewizard.com\/fr-lu\/shop\/energy-plus\/","name":"Abonnement Energy+ (12 mois) - HomeWizard","isPartOf":{"@id":"https:\/\/www.homewizard.com\/fr-lu\/#website"},"primaryImageOfPage":{"@id":"https:\/\/www.homewizard.com\/fr-lu\/shop\/energy-plus\/#primaryimage"},"image":{"@id":"https:\/\/www.homewizard.com\/fr-lu\/shop\/energy-plus\/#primaryimage"},"thumbnailUrl":"https:\/\/www.homewizard.com\/wp-content\/uploads\/2023\/03\/HomeWizard-Energy-logo-png-2023.png","datePublished":"2023-03-21T10:12:08+00:00","dateModified":"2026-03-25T09:32:55+00:00","description":"Un abonnement annuel de seulement 11,95 \u20ac pour obtenir encore plus d'informations sur la consommation d'\u00e9nergie. \u2713 Utilisation en veille. \u2713 Notifications inhabituelles de consommation d'\u00e9nergie. \u2713 Commutation intelligente.","breadcrumb":{"@id":"https:\/\/www.homewizard.com\/fr-lu\/shop\/energy-plus\/#breadcrumb"},"inLanguage":"fr-LU","potentialAction":[{"@type":"ReadAction","target":["https:\/\/www.homewizard.com\/fr-lu\/shop\/energy-plus\/"]}]},{"@type":"ImageObject","inLanguage":"fr-LU","@id":"https:\/\/www.homewizard.com\/fr-lu\/shop\/energy-plus\/#primaryimage","url":"https:\/\/www.homewizard.com\/wp-content\/uploads\/2023\/03\/HomeWizard-Energy-logo-png-2023.png","contentUrl":"https:\/\/www.homewizard.com\/wp-content\/uploads\/2023\/03\/HomeWizard-Energy-logo-png-2023.png","width":600,"height":600},{"@type":"BreadcrumbList","@id":"https:\/\/www.homewizard.com\/fr-lu\/shop\/energy-plus\/#breadcrumb","itemListElement":[{"@type":"ListItem","position":1,"name":"Home","item":"https:\/\/www.homewizard.com\/fr-lu\/"},{"@type":"ListItem","position":2,"name":"Boutique","item":"https:\/\/www.homewizard.com\/fr-lu\/boutique\/"},{"@type":"ListItem","position":3,"name":"Abonnement Energy+"}]},{"@type":"WebSite","@id":"https:\/\/www.homewizard.com\/fr-lu\/#website","url":"https:\/\/www.homewizard.com\/fr-lu\/","name":"HomeWizard","description":"HomeWizard Energy","publisher":{"@id":"https:\/\/www.homewizard.com\/fr-lu\/#organization"},"potentialAction":[{"@type":"SearchAction","target":{"@type":"EntryPoint","urlTemplate":"https:\/\/www.homewizard.com\/fr-lu\/?s={search_term_string}"},"query-input":{"@type":"PropertyValueSpecification","valueRequired":true,"valueName":"search_term_string"}}],"inLanguage":"fr-LU"},{"@type":"Organization","@id":"https:\/\/www.homewizard.com\/fr-lu\/#organization","name":"HomeWizard","url":"https:\/\/www.homewizard.com\/fr-lu\/","logo":{"@type":"ImageObject","inLanguage":"fr-LU","@id":"https:\/\/www.homewizard.com\/fr-lu\/#\/schema\/logo\/image\/","url":"https:\/\/www.homewizard.com\/wp-content\/uploads\/2023\/06\/HomeWizard-icon-on-black.png","contentUrl":"https:\/\/www.homewizard.com\/wp-content\/uploads\/2023\/06\/HomeWizard-icon-on-black.png","width":500,"height":500,"caption":"HomeWizard"},"image":{"@id":"https:\/\/www.homewizard.com\/fr-lu\/#\/schema\/logo\/image\/"},"sameAs":["https:\/\/www.facebook.com\/HomeWizardBV\/","https:\/\/x.com\/HomeWizard_NL","https:\/\/www.youtube.com\/HomeWizardBV","https:\/\/www.instagram.com\/homewizardenergy\/"]}]}},"_links":{"self":[{"href":"https:\/\/www.homewizard.com\/fr-lu\/wp-json\/wp\/v2\/product\/297001","targetHints":{"allow":["GET"]}}],"collection":[{"href":"https:\/\/www.homewizard.com\/fr-lu\/wp-json\/wp\/v2\/product"}],"about":[{"href":"https:\/\/www.homewizard.com\/fr-lu\/wp-json\/wp\/v2\/types\/product"}],"wp:featuredmedia":[{"embeddable":true,"href":"https:\/\/www.homewizard.com\/fr-lu\/wp-json\/wp\/v2\/media\/369889"}],"wp:attachment":[{"href":"https:\/\/www.homewizard.com\/fr-lu\/wp-json\/wp\/v2\/media?parent=297001"}],"wp:term":[{"taxonomy":"product_brand","embeddable":true,"href":"https:\/\/www.homewizard.com\/fr-lu\/wp-json\/wp\/v2\/product_brand?post=297001"},{"taxonomy":"product_cat","embeddable":true,"href":"https:\/\/www.homewizard.com\/fr-lu\/wp-json\/wp\/v2\/product_cat?post=297001"},{"taxonomy":"product_tag","embeddable":true,"href":"https:\/\/www.homewizard.com\/fr-lu\/wp-json\/wp\/v2\/product_tag?post=297001"}],"curies":[{"name":"wp","href":"https:\/\/api.w.org\/{rel}","templated":true}]}}