{"id":1273524,"date":"2024-06-13T13:59:13","date_gmt":"2024-06-13T11:59:13","guid":{"rendered":"https:\/\/www.homewizard.com\/shop\/compteur-wi-fi-p1-2\/"},"modified":"2026-04-30T10:57:18","modified_gmt":"2026-04-30T08:57:18","slug":"compteur-wi-fi-p1","status":"publish","type":"product","link":"https:\/\/www.homewizard.com\/fr-lu\/shop\/compteur-wi-fi-p1\/","title":{"rendered":"Compteur Wi-Fi P1"},"content":{"rendered":"\n<p class=\" eplus-wrapper\"><em>Attention! On smart meters with SMR version 5.0 or higher the P1 Meter works directly from the P1 port. For smart meters with a lower SMR version a <a href=\"https:\/\/www.homewizard.com\/fr-lu\/shop\/jeu-dadaptateur-c-usb-pour-splitter-2\/\">USB-C power supply<\/a> is required.<\/em><\/p>\n\n\n\n<h2 class=\" wp-block-heading eplus-wrapper\">Un aper\u00e7u de votre consommation d&#8217;\u00e9lectricit\u00e9 et de gaz<\/h2>\n\n\n\n<p class=\" eplus-wrapper\">Quelle quantit\u00e9 de gaz utilisez-vous lorsque vous vous douchez ? Quelle est l&#8217;utilisation en veille de vos appareils la nuit ? Le compteur HomeWizard P1 vous donne un aper\u00e7u d\u00e9taill\u00e9 de votre consommation d&#8217;\u00e9lectricit\u00e9, de gaz et d&#8217;\u00e9lectricit\u00e9 inject\u00e9e.<\/p>\n\n\n\n<p class=\" eplus-wrapper\"><\/p>\n\n\n\n<h2 class=\" wp-block-heading eplus-wrapper\">Fonctionne avec votre compteur Smarty<\/h2>\n\n\n\n<p class=\" eplus-wrapper\">Le compteur P1 se branche sur le port P1 de votre compteur smarty et vous indique la consommation d&#8217;\u00e9lectricit\u00e9 et de gaz de votre maison. Le compteur P1 est compatible avec tous les compteurs intelligents aux Luxembourg. Vous n&#8217;avez m\u00eame pas besoin d&#8217;un adaptateur de courant ! Branchez, connectez au Wi-Fi et le tour est jou\u00e9.<\/p>\n\n\n<div class=\"wp-block-image round_corners\">\n<figure class=\"aligncenter size-large eplus-wrapper\"><img loading=\"lazy\" decoding=\"async\" width=\"1024\" height=\"536\" src=\"https:\/\/www.homewizard.com\/wp-content\/uploads\/2023\/07\/P1-plugged-in@1x-1024x536.webp\" alt=\"\" class=\"wp-image-389610\" srcset=\"https:\/\/www.homewizard.com\/wp-content\/uploads\/2023\/07\/P1-plugged-in@1x-1024x536.webp 1024w, https:\/\/www.homewizard.com\/wp-content\/uploads\/2023\/07\/P1-plugged-in@1x-800x419.webp 800w, https:\/\/www.homewizard.com\/wp-content\/uploads\/2023\/07\/P1-plugged-in@1x-300x157.webp 300w, https:\/\/www.homewizard.com\/wp-content\/uploads\/2023\/07\/P1-plugged-in@1x-768x402.webp 768w\" sizes=\"auto, (max-width: 1024px) 100vw, 1024px\" \/><\/figure>\n<\/div>\n\n\n<h2 class=\" wp-block-heading eplus-wrapper\">Fonctionne avec votre compteur de gaz<\/h2>\n\n\n\n<p class=\" eplus-wrapper\">Le compteur P1 vous indique \u00e9galement la consommation de gaz de votre maison gr\u00e2ce au compteur smarty. Ainsi, vous savez toujours et exactement quelle quantit\u00e9 de gaz vous utilisez lorsque vous vous douchez.<\/p>\n\n\n\n<h2 class=\" wp-block-heading eplus-wrapper\">Visionnez en direct ou en diff\u00e9r\u00e9.<\/h2>\n\n\n\n<p class=\" eplus-wrapper\">Avec l&#8217;application HomeWizard, vous savez exactement ce qui se passe, ou vous pouvez revenir en arri\u00e8re. L&#8217;application HomeWizard est disponible pour <a href=\"https:\/\/play.google.com\/store\/apps\/details?id=nl.homewizard.android.energy&amp;pcampaignid=pcampaignidMKT-Other-global-all-co-prtnr-py-PartBadge-Mar2515-1\">Android<\/a>\u00a0et <a href=\"https:\/\/apps.apple.com\/nl\/app\/homewizard-energy\/id1492427207?ign-itscg=30200&amp;ign-itsct=apps_box_badge\">iOS<\/a>.<\/p>\n\n\n<div class=\"wp-block-image is-resized\">\n<figure class=\"aligncenter size-full eplus-wrapper\"><img loading=\"lazy\" decoding=\"async\" width=\"800\" height=\"800\" src=\"https:\/\/www.homewizard.com\/wp-content\/uploads\/2024\/06\/p1meterwithapp.png\" alt=\"\" class=\"wp-image-1930643\" style=\"width:500px\" srcset=\"https:\/\/www.homewizard.com\/wp-content\/uploads\/2024\/06\/p1meterwithapp.png 800w, https:\/\/www.homewizard.com\/wp-content\/uploads\/2024\/06\/p1meterwithapp-300x300.png 300w, https:\/\/www.homewizard.com\/wp-content\/uploads\/2024\/06\/p1meterwithapp-150x150.png 150w, https:\/\/www.homewizard.com\/wp-content\/uploads\/2024\/06\/p1meterwithapp-768x768.png 768w, https:\/\/www.homewizard.com\/wp-content\/uploads\/2024\/06\/p1meterwithapp-500x500.png 500w, https:\/\/www.homewizard.com\/wp-content\/uploads\/2024\/06\/p1meterwithapp-124x124.png 124w\" sizes=\"auto, (max-width: 800px) 100vw, 800px\" \/><\/figure>\n<\/div>\n\n\n<h2 class=\" wp-block-heading eplus-wrapper\">Dans la bo\u00eete<\/h2>\n\n\n<ul class=\" wp-block-list eplus-wrapper eplus-styles-uid-cccbcb\">\n<li class=\" eplus-wrapper\">Compteur P1<\/li>\n\n\n\n<li class=\" eplus-wrapper\">Guide de d\u00e9marrage rapide<\/li>\n<\/ul>\n\n\n<div style=\"height:32px\" aria-hidden=\"true\" class=\" wp-block-spacer eplus-wrapper\"><\/div>\n\n\n\n<p class=\" eplus-wrapper\"><a href=\"https:\/\/www.homewizard.com\/fr-lu\/compteur-wi-fi-p1\/\">Plus d&#8217;informations sur le compteur P1<\/a><\/p>\n","protected":false},"excerpt":{"rendered":"<p>Branchez le P1 Meter sur le port P1 de votre compteur intelligent et visualisez la consommation d&#8217;\u00e9lectricit\u00e9, d&#8217;\u00e9nergie et de gaz de votre maison.<\/p>\n","protected":false},"featured_media":297049,"template":"","meta":{"_acf_changed":false,"editor_plus_copied_stylings":"{}"},"product_brand":[],"product_cat":[152,151],"product_tag":[],"class_list":{"0":"post-1273524","1":"product","2":"type-product","3":"status-publish","4":"has-post-thumbnail","6":"product_cat-all-fr-lu","7":"product_cat-products-fr-lu","9":"first","10":"instock","11":"taxable","12":"shipping-taxable","13":"purchasable","14":"product-type-simple"},"acf":[],"yoast_head":"<!-- This site is optimized with the Yoast SEO plugin v27.0 - https:\/\/yoast.com\/product\/yoast-seo-wordpress\/ -->\n<title>Compteur Wi-Fi P1 - HomeWizard<\/title>\n<meta name=\"description\" content=\"D\u00e9couvrez en direct votre consommation d&#039;\u00e9nergie avec le compteur HomeWizard Wi-Fi P1. Affichez des graphiques d\u00e9taill\u00e9s et historiques en direct dans l&#039;application \u00c9nergie.\" \/>\n<meta name=\"robots\" content=\"index, follow, max-snippet:-1, max-image-preview:large, max-video-preview:-1\" \/>\n<link rel=\"canonical\" href=\"https:\/\/www.homewizard.com\/fr-lu\/shop\/compteur-wi-fi-p1\/\" \/>\n<meta property=\"og:locale\" content=\"fr_FR\" \/>\n<meta property=\"og:type\" content=\"article\" \/>\n<meta property=\"og:title\" content=\"Compteur Wi-Fi P1 - HomeWizard\" \/>\n<meta property=\"og:description\" content=\"D\u00e9couvrez en direct votre consommation d&#039;\u00e9nergie avec le compteur HomeWizard Wi-Fi P1. Affichez des graphiques d\u00e9taill\u00e9s et historiques en direct dans l&#039;application \u00c9nergie.\" \/>\n<meta property=\"og:url\" content=\"https:\/\/www.homewizard.com\/fr-lu\/shop\/compteur-wi-fi-p1\/\" \/>\n<meta property=\"og:site_name\" content=\"HomeWizard\" \/>\n<meta property=\"article:publisher\" content=\"https:\/\/www.facebook.com\/HomeWizardBV\/\" \/>\n<meta property=\"article:modified_time\" content=\"2026-04-30T08:57:18+00:00\" \/>\n<meta property=\"og:image\" content=\"https:\/\/www.homewizard.com\/wp-content\/uploads\/2021\/11\/P1_meter_front.png\" \/>\n\t<meta property=\"og:image:width\" content=\"800\" \/>\n\t<meta property=\"og:image:height\" content=\"800\" \/>\n\t<meta property=\"og:image:type\" content=\"image\/png\" \/>\n<meta name=\"twitter:card\" content=\"summary_large_image\" \/>\n<meta name=\"twitter:site\" content=\"@HomeWizard_NL\" \/>\n<meta name=\"twitter:label1\" content=\"Est. reading time\" \/>\n\t<meta name=\"twitter:data1\" content=\"2 minutes\" \/>\n<script type=\"application\/ld+json\" class=\"yoast-schema-graph\">{\"@context\":\"https:\/\/schema.org\",\"@graph\":[{\"@type\":\"WebPage\",\"@id\":\"https:\/\/www.homewizard.com\/fr-lu\/shop\/compteur-wi-fi-p1\/\",\"url\":\"https:\/\/www.homewizard.com\/fr-lu\/shop\/compteur-wi-fi-p1\/\",\"name\":\"Compteur Wi-Fi P1 - HomeWizard\",\"isPartOf\":{\"@id\":\"https:\/\/www.homewizard.com\/fr-lu\/#website\"},\"primaryImageOfPage\":{\"@id\":\"https:\/\/www.homewizard.com\/fr-lu\/shop\/compteur-wi-fi-p1\/#primaryimage\"},\"image\":{\"@id\":\"https:\/\/www.homewizard.com\/fr-lu\/shop\/compteur-wi-fi-p1\/#primaryimage\"},\"thumbnailUrl\":\"https:\/\/www.homewizard.com\/wp-content\/uploads\/2021\/11\/P1_meter_front.png\",\"datePublished\":\"2024-06-13T11:59:13+00:00\",\"dateModified\":\"2026-04-30T08:57:18+00:00\",\"description\":\"D\u00e9couvrez en direct votre consommation d'\u00e9nergie avec le compteur HomeWizard Wi-Fi P1. Affichez des graphiques d\u00e9taill\u00e9s et historiques en direct dans l'application \u00c9nergie.\",\"breadcrumb\":{\"@id\":\"https:\/\/www.homewizard.com\/fr-lu\/shop\/compteur-wi-fi-p1\/#breadcrumb\"},\"inLanguage\":\"fr-LU\",\"potentialAction\":[{\"@type\":\"ReadAction\",\"target\":[\"https:\/\/www.homewizard.com\/fr-lu\/shop\/compteur-wi-fi-p1\/\"]}]},{\"@type\":\"ImageObject\",\"inLanguage\":\"fr-LU\",\"@id\":\"https:\/\/www.homewizard.com\/fr-lu\/shop\/compteur-wi-fi-p1\/#primaryimage\",\"url\":\"https:\/\/www.homewizard.com\/wp-content\/uploads\/2021\/11\/P1_meter_front.png\",\"contentUrl\":\"https:\/\/www.homewizard.com\/wp-content\/uploads\/2021\/11\/P1_meter_front.png\",\"width\":800,\"height\":800,\"caption\":\"Voorkant van HomeWizard P1 meter\"},{\"@type\":\"BreadcrumbList\",\"@id\":\"https:\/\/www.homewizard.com\/fr-lu\/shop\/compteur-wi-fi-p1\/#breadcrumb\",\"itemListElement\":[{\"@type\":\"ListItem\",\"position\":1,\"name\":\"Home\",\"item\":\"https:\/\/www.homewizard.com\/fr-lu\/\"},{\"@type\":\"ListItem\",\"position\":2,\"name\":\"Boutique\",\"item\":\"https:\/\/www.homewizard.com\/fr-lu\/boutique\/\"},{\"@type\":\"ListItem\",\"position\":3,\"name\":\"Compteur Wi-Fi P1\"}]},{\"@type\":\"WebSite\",\"@id\":\"https:\/\/www.homewizard.com\/fr-lu\/#website\",\"url\":\"https:\/\/www.homewizard.com\/fr-lu\/\",\"name\":\"HomeWizard\",\"description\":\"HomeWizard Energy\",\"publisher\":{\"@id\":\"https:\/\/www.homewizard.com\/fr-lu\/#organization\"},\"potentialAction\":[{\"@type\":\"SearchAction\",\"target\":{\"@type\":\"EntryPoint\",\"urlTemplate\":\"https:\/\/www.homewizard.com\/fr-lu\/?s={search_term_string}\"},\"query-input\":{\"@type\":\"PropertyValueSpecification\",\"valueRequired\":true,\"valueName\":\"search_term_string\"}}],\"inLanguage\":\"fr-LU\"},{\"@type\":\"Organization\",\"@id\":\"https:\/\/www.homewizard.com\/fr-lu\/#organization\",\"name\":\"HomeWizard\",\"url\":\"https:\/\/www.homewizard.com\/fr-lu\/\",\"logo\":{\"@type\":\"ImageObject\",\"inLanguage\":\"fr-LU\",\"@id\":\"https:\/\/www.homewizard.com\/fr-lu\/#\/schema\/logo\/image\/\",\"url\":\"https:\/\/www.homewizard.com\/wp-content\/uploads\/2023\/06\/HomeWizard-icon-on-black.png\",\"contentUrl\":\"https:\/\/www.homewizard.com\/wp-content\/uploads\/2023\/06\/HomeWizard-icon-on-black.png\",\"width\":500,\"height\":500,\"caption\":\"HomeWizard\"},\"image\":{\"@id\":\"https:\/\/www.homewizard.com\/fr-lu\/#\/schema\/logo\/image\/\"},\"sameAs\":[\"https:\/\/www.facebook.com\/HomeWizardBV\/\",\"https:\/\/x.com\/HomeWizard_NL\",\"https:\/\/www.youtube.com\/HomeWizardBV\",\"https:\/\/www.instagram.com\/homewizardenergy\/\"]}]}<\/script>\n<!-- \/ Yoast SEO plugin. -->","yoast_head_json":{"title":"Compteur Wi-Fi P1 - HomeWizard","description":"D\u00e9couvrez en direct votre consommation d'\u00e9nergie avec le compteur HomeWizard Wi-Fi P1. Affichez des graphiques d\u00e9taill\u00e9s et historiques en direct dans l'application \u00c9nergie.","robots":{"index":"index","follow":"follow","max-snippet":"max-snippet:-1","max-image-preview":"max-image-preview:large","max-video-preview":"max-video-preview:-1"},"canonical":"https:\/\/www.homewizard.com\/fr-lu\/shop\/compteur-wi-fi-p1\/","og_locale":"fr_FR","og_type":"article","og_title":"Compteur Wi-Fi P1 - HomeWizard","og_description":"D\u00e9couvrez en direct votre consommation d'\u00e9nergie avec le compteur HomeWizard Wi-Fi P1. Affichez des graphiques d\u00e9taill\u00e9s et historiques en direct dans l'application \u00c9nergie.","og_url":"https:\/\/www.homewizard.com\/fr-lu\/shop\/compteur-wi-fi-p1\/","og_site_name":"HomeWizard","article_publisher":"https:\/\/www.facebook.com\/HomeWizardBV\/","article_modified_time":"2026-04-30T08:57:18+00:00","og_image":[{"width":800,"height":800,"url":"https:\/\/www.homewizard.com\/wp-content\/uploads\/2021\/11\/P1_meter_front.png","type":"image\/png"}],"twitter_card":"summary_large_image","twitter_site":"@HomeWizard_NL","twitter_misc":{"Est. reading time":"2 minutes"},"schema":{"@context":"https:\/\/schema.org","@graph":[{"@type":"WebPage","@id":"https:\/\/www.homewizard.com\/fr-lu\/shop\/compteur-wi-fi-p1\/","url":"https:\/\/www.homewizard.com\/fr-lu\/shop\/compteur-wi-fi-p1\/","name":"Compteur Wi-Fi P1 - HomeWizard","isPartOf":{"@id":"https:\/\/www.homewizard.com\/fr-lu\/#website"},"primaryImageOfPage":{"@id":"https:\/\/www.homewizard.com\/fr-lu\/shop\/compteur-wi-fi-p1\/#primaryimage"},"image":{"@id":"https:\/\/www.homewizard.com\/fr-lu\/shop\/compteur-wi-fi-p1\/#primaryimage"},"thumbnailUrl":"https:\/\/www.homewizard.com\/wp-content\/uploads\/2021\/11\/P1_meter_front.png","datePublished":"2024-06-13T11:59:13+00:00","dateModified":"2026-04-30T08:57:18+00:00","description":"D\u00e9couvrez en direct votre consommation d'\u00e9nergie avec le compteur HomeWizard Wi-Fi P1. Affichez des graphiques d\u00e9taill\u00e9s et historiques en direct dans l'application \u00c9nergie.","breadcrumb":{"@id":"https:\/\/www.homewizard.com\/fr-lu\/shop\/compteur-wi-fi-p1\/#breadcrumb"},"inLanguage":"fr-LU","potentialAction":[{"@type":"ReadAction","target":["https:\/\/www.homewizard.com\/fr-lu\/shop\/compteur-wi-fi-p1\/"]}]},{"@type":"ImageObject","inLanguage":"fr-LU","@id":"https:\/\/www.homewizard.com\/fr-lu\/shop\/compteur-wi-fi-p1\/#primaryimage","url":"https:\/\/www.homewizard.com\/wp-content\/uploads\/2021\/11\/P1_meter_front.png","contentUrl":"https:\/\/www.homewizard.com\/wp-content\/uploads\/2021\/11\/P1_meter_front.png","width":800,"height":800,"caption":"Voorkant van HomeWizard P1 meter"},{"@type":"BreadcrumbList","@id":"https:\/\/www.homewizard.com\/fr-lu\/shop\/compteur-wi-fi-p1\/#breadcrumb","itemListElement":[{"@type":"ListItem","position":1,"name":"Home","item":"https:\/\/www.homewizard.com\/fr-lu\/"},{"@type":"ListItem","position":2,"name":"Boutique","item":"https:\/\/www.homewizard.com\/fr-lu\/boutique\/"},{"@type":"ListItem","position":3,"name":"Compteur Wi-Fi P1"}]},{"@type":"WebSite","@id":"https:\/\/www.homewizard.com\/fr-lu\/#website","url":"https:\/\/www.homewizard.com\/fr-lu\/","name":"HomeWizard","description":"HomeWizard Energy","publisher":{"@id":"https:\/\/www.homewizard.com\/fr-lu\/#organization"},"potentialAction":[{"@type":"SearchAction","target":{"@type":"EntryPoint","urlTemplate":"https:\/\/www.homewizard.com\/fr-lu\/?s={search_term_string}"},"query-input":{"@type":"PropertyValueSpecification","valueRequired":true,"valueName":"search_term_string"}}],"inLanguage":"fr-LU"},{"@type":"Organization","@id":"https:\/\/www.homewizard.com\/fr-lu\/#organization","name":"HomeWizard","url":"https:\/\/www.homewizard.com\/fr-lu\/","logo":{"@type":"ImageObject","inLanguage":"fr-LU","@id":"https:\/\/www.homewizard.com\/fr-lu\/#\/schema\/logo\/image\/","url":"https:\/\/www.homewizard.com\/wp-content\/uploads\/2023\/06\/HomeWizard-icon-on-black.png","contentUrl":"https:\/\/www.homewizard.com\/wp-content\/uploads\/2023\/06\/HomeWizard-icon-on-black.png","width":500,"height":500,"caption":"HomeWizard"},"image":{"@id":"https:\/\/www.homewizard.com\/fr-lu\/#\/schema\/logo\/image\/"},"sameAs":["https:\/\/www.facebook.com\/HomeWizardBV\/","https:\/\/x.com\/HomeWizard_NL","https:\/\/www.youtube.com\/HomeWizardBV","https:\/\/www.instagram.com\/homewizardenergy\/"]}]}},"_links":{"self":[{"href":"https:\/\/www.homewizard.com\/fr-lu\/wp-json\/wp\/v2\/product\/1273524","targetHints":{"allow":["GET"]}}],"collection":[{"href":"https:\/\/www.homewizard.com\/fr-lu\/wp-json\/wp\/v2\/product"}],"about":[{"href":"https:\/\/www.homewizard.com\/fr-lu\/wp-json\/wp\/v2\/types\/product"}],"wp:featuredmedia":[{"embeddable":true,"href":"https:\/\/www.homewizard.com\/fr-lu\/wp-json\/wp\/v2\/media\/297049"}],"wp:attachment":[{"href":"https:\/\/www.homewizard.com\/fr-lu\/wp-json\/wp\/v2\/media?parent=1273524"}],"wp:term":[{"taxonomy":"product_brand","embeddable":true,"href":"https:\/\/www.homewizard.com\/fr-lu\/wp-json\/wp\/v2\/product_brand?post=1273524"},{"taxonomy":"product_cat","embeddable":true,"href":"https:\/\/www.homewizard.com\/fr-lu\/wp-json\/wp\/v2\/product_cat?post=1273524"},{"taxonomy":"product_tag","embeddable":true,"href":"https:\/\/www.homewizard.com\/fr-lu\/wp-json\/wp\/v2\/product_tag?post=1273524"}],"curies":[{"name":"wp","href":"https:\/\/api.w.org\/{rel}","templated":true}]}}