{"id":296922,"date":"2023-03-14T15:47:41","date_gmt":"2023-03-14T14:47:41","guid":{"rendered":"https:\/\/www.homewizard.com\/choisissez-votre-langue\/"},"modified":"2024-01-25T09:46:46","modified_gmt":"2024-01-25T08:46:46","slug":"choisissez-votre-pays","status":"publish","type":"page","link":"https:\/\/www.homewizard.com\/fr-lu\/choisissez-votre-pays\/","title":{"rendered":"Choisissez votre pays"},"content":{"rendered":"<div class=\"contained_block wp-block-group eplus-wrapper eplus-styles-uid-55c990\"><div class=\"wp-block-group__inner-container is-layout-flow wp-block-group-is-layout-flow\">\n<h2 class=\" wp-block-heading has-text-align-center eplus-wrapper\">Choisissez votre pays et votre langue.<\/h2>\n\n\n\n<p class=\" has-text-align-center eplus-wrapper\">Les informations sur les produits peuvent varier en fonction du pays ou de la r\u00e9gion. S\u00e9lectionnez votre pays pour une meilleure exp\u00e9rience.<\/p>\n\n\n<div class=\"wp-block-columns eplus-wrapper is-layout-flex wp-container-core-columns-is-layout-9d6595d7 wp-block-columns-is-layout-flex eplus-styles-uid-716a5d\">\n<div class=\"wp-block-column eplus-wrapper is-layout-flow wp-block-column-is-layout-flow\">    <div class=\"wp-block-bplugins-custom-html\" id=\"bPluginsCustomHtml-1\">\r\n    <a href=\"https:\/\/www.homewizard.com\/nl\/\">    <\/a><\/div>\r\n    \n\n\n<div class=\" wp-block-media-text eplus-wrapper\" style=\"grid-template-columns:15% auto\"><figure class=\"wp-block-media-text__media\"><img decoding=\"async\" src=\"https:\/\/www.homewizard.com\/wp-content\/uploads\/2023\/03\/Flag_NL_circle.svg\" alt=\"\" class=\"wp-image-282837 size-thumbnail\"><\/figure><div class=\"wp-block-media-text__content\">\n<h4 class=\" wp-block-heading eplus-wrapper\">Nederland<\/h4>\n\n\n\n<p class=\" eplus-wrapper\">Nederlands<\/p>\n<\/div><\/div>\n\n\n    <div class=\"wp-block-bplugins-custom-html\" id=\"bPluginsCustomHtml-2\">\r\n        <\/div>\r\n    <\/div>\n\n\n\n<div class=\"wp-block-column eplus-wrapper is-layout-flow wp-block-column-is-layout-flow\">    <div class=\"wp-block-bplugins-custom-html\" id=\"bPluginsCustomHtml-3\">\r\n    <a href=\"https:\/\/www.homewizard.com\/\">    <\/a><\/div>\r\n    \n\n\n<div class=\" wp-block-media-text eplus-wrapper\" style=\"grid-template-columns:15% auto\"><figure class=\"wp-block-media-text__media\"><img decoding=\"async\" src=\"https:\/\/www.homewizard.com\/wp-content\/uploads\/2023\/07\/Flag_EU_circle-1.svg\" alt=\"\" class=\"wp-image-382310 size-thumbnail\"><\/figure><div class=\"wp-block-media-text__content\">\n<h4 class=\" wp-block-heading eplus-wrapper\">International<\/h4>\n\n\n\n<p class=\" eplus-wrapper\">English<\/p>\n<\/div><\/div>\n\n\n    <div class=\"wp-block-bplugins-custom-html\" id=\"bPluginsCustomHtml-4\">\r\n        <\/div>\r\n    <\/div>\n\n\n\n<div class=\"wp-block-column eplus-wrapper is-layout-flow wp-block-column-is-layout-flow\">    <div class=\"wp-block-bplugins-custom-html\" id=\"bPluginsCustomHtml-5\">\r\n    <a href=\"https:\/\/www.homewizard.com\/nl-be\/\">    <\/a><\/div>\r\n    \n\n\n<div class=\" wp-block-media-text eplus-wrapper\" style=\"grid-template-columns:15% auto\"><figure class=\"wp-block-media-text__media\"><img decoding=\"async\" src=\"https:\/\/www.homewizard.com\/wp-content\/uploads\/2023\/03\/Flag_BE_Circle.svg\" alt=\"\" class=\"wp-image-282829 size-thumbnail\"><\/figure><div class=\"wp-block-media-text__content\">\n<h4 class=\" wp-block-heading eplus-wrapper\">Belgi\u00eb<\/h4>\n\n\n\n<p class=\" eplus-wrapper\">Nederlands<\/p>\n<\/div><\/div>\n\n\n    <div class=\"wp-block-bplugins-custom-html\" id=\"bPluginsCustomHtml-6\">\r\n        <\/div>\r\n    <\/div>\n\n\n\n<div class=\"wp-block-column eplus-wrapper is-layout-flow wp-block-column-is-layout-flow\">    <div class=\"wp-block-bplugins-custom-html\" id=\"bPluginsCustomHtml-7\">\r\n    <a href=\"https:\/\/www.homewizard.com\/fr-be\/\">    <\/a><\/div>\r\n    \n\n\n<div class=\" wp-block-media-text eplus-wrapper\" style=\"grid-template-columns:15% auto\"><figure class=\"wp-block-media-text__media\"><img decoding=\"async\" src=\"https:\/\/www.homewizard.com\/wp-content\/uploads\/2023\/03\/Flag_BE_Circle.svg\" alt=\"\" class=\"wp-image-282829 size-thumbnail\"><\/figure><div class=\"wp-block-media-text__content\">\n<h4 class=\" wp-block-heading eplus-wrapper\">Belgique<\/h4>\n\n\n\n<p class=\" eplus-wrapper\">Fran\u00e7ais<\/p>\n<\/div><\/div>\n\n\n    <div class=\"wp-block-bplugins-custom-html\" id=\"bPluginsCustomHtml-8\">\r\n        <\/div>\r\n    <\/div>\n<\/div>\n\n<div class=\"wp-block-columns eplus-wrapper is-layout-flex wp-container-core-columns-is-layout-9d6595d7 wp-block-columns-is-layout-flex eplus-styles-uid-588515\">\n<div class=\"wp-block-column eplus-wrapper is-layout-flow wp-block-column-is-layout-flow\">    <div class=\"wp-block-bplugins-custom-html\" id=\"bPluginsCustomHtml-9\">\r\n    <a href=\"https:\/\/www.homewizard.com\/fr-lu\/\">    <\/a><\/div>\r\n    \n\n\n<div class=\" wp-block-media-text eplus-wrapper\" style=\"grid-template-columns:15% auto\"><figure class=\"wp-block-media-text__media\"><img loading=\"lazy\" decoding=\"async\" width=\"150\" height=\"150\" src=\"https:\/\/www.homewizard.com\/wp-content\/uploads\/2023\/03\/Flag_LU_circle.svg\" alt=\"\" class=\"wp-image-297171 size-thumbnail\"><\/figure><div class=\"wp-block-media-text__content\">\n<h4 class=\" wp-block-heading eplus-wrapper\">Luxembourg<\/h4>\n\n\n\n<p class=\" eplus-wrapper\">Fran\u00e7ais<\/p>\n<\/div><\/div>\n\n\n    <div class=\"wp-block-bplugins-custom-html\" id=\"bPluginsCustomHtml-10\">\r\n        <\/div>\r\n    <\/div>\n\n\n\n<div class=\"wp-block-column eplus-wrapper is-layout-flow wp-block-column-is-layout-flow\">    <div class=\"wp-block-bplugins-custom-html\" id=\"bPluginsCustomHtml-11\">\r\n    <a href=\"https:\/\/www.homewizard.com\/sv\/\">    <\/a><\/div>\r\n    \n\n\n<div class=\" wp-block-media-text eplus-wrapper\" style=\"grid-template-columns:15% auto\"><figure class=\"wp-block-media-text__media\"><img loading=\"lazy\" decoding=\"async\" width=\"150\" height=\"150\" src=\"https:\/\/www.homewizard.com\/wp-content\/uploads\/2023\/05\/Flag_SV_circle.svg\" alt=\"\" class=\"wp-image-339408 size-thumbnail\"><\/figure><div class=\"wp-block-media-text__content\">\n<h4 class=\" wp-block-heading eplus-wrapper\">Sverige<\/h4>\n\n\n\n<p class=\" eplus-wrapper\">Svenska<\/p>\n<\/div><\/div>\n\n\n    <div class=\"wp-block-bplugins-custom-html\" id=\"bPluginsCustomHtml-12\">\r\n        <\/div>\r\n    <\/div>\n\n\n\n<div class=\"wp-block-column eplus-wrapper is-layout-flow wp-block-column-is-layout-flow\">    <div class=\"wp-block-bplugins-custom-html\" id=\"bPluginsCustomHtml-13\">\r\n    <a href=\"https:\/\/www.homewizard.com\/hu\/\">    <\/a><\/div>\r\n    \n\n\n<div class=\" wp-block-media-text eplus-wrapper\" style=\"grid-template-columns:15% auto\"><figure class=\"wp-block-media-text__media\"><img decoding=\"async\" src=\"https:\/\/www.homewizard.com\/wp-content\/uploads\/2023\/06\/Flag_HU_circle.svg\" alt=\"\" class=\"wp-image-363907 size-thumbnail\"><\/figure><div class=\"wp-block-media-text__content\">\n<h4 class=\" wp-block-heading eplus-wrapper\">Magyarorsz\u00e1g<\/h4>\n\n\n\n<p class=\" eplus-wrapper\">Magyar<\/p>\n<\/div><\/div>\n\n\n    <div class=\"wp-block-bplugins-custom-html\" id=\"bPluginsCustomHtml-14\">\r\n        <\/div>\r\n    <\/div>\n\n\n\n<div class=\"wp-block-column eplus-wrapper is-layout-flow wp-block-column-is-layout-flow\">    <div class=\"wp-block-bplugins-custom-html\" id=\"bPluginsCustomHtml-15\">\r\n    <a href=\"https:\/\/www.homewizard.com\/fi\/\">    <\/a><\/div>\r\n    \n\n\n<div class=\" wp-block-media-text eplus-wrapper\" style=\"grid-template-columns:15% auto\"><figure class=\"wp-block-media-text__media\"><img loading=\"lazy\" decoding=\"async\" width=\"150\" height=\"150\" src=\"https:\/\/www.homewizard.com\/wp-content\/uploads\/2023\/06\/Flag_FI_circle.svg\" alt=\"\" class=\"wp-image-358142 size-thumbnail\"><\/figure><div class=\"wp-block-media-text__content\">\n<h4 class=\" wp-block-heading eplus-wrapper\">Suomi<\/h4>\n\n\n\n<p class=\" eplus-wrapper\">Ev\u00e4t<\/p>\n<\/div><\/div>\n\n\n    <div class=\"wp-block-bplugins-custom-html\" id=\"bPluginsCustomHtml-16\">\r\n        <\/div>\r\n    <\/div>\n<\/div>\n\n<div class=\"wp-block-columns eplus-wrapper is-layout-flex wp-container-core-columns-is-layout-9d6595d7 wp-block-columns-is-layout-flex eplus-styles-uid-48489e\">\n<div class=\"wp-block-column eplus-wrapper is-layout-flow wp-block-column-is-layout-flow\">    <div class=\"wp-block-bplugins-custom-html\" id=\"bPluginsCustomHtml-17\">\r\n    <a href=\"https:\/\/www.homewizard.com\/no\/\">    <\/a><\/div>\r\n    \n\n\n<div class=\" wp-block-media-text eplus-wrapper\" style=\"grid-template-columns:15% auto\"><figure class=\"wp-block-media-text__media\"><img decoding=\"async\" src=\"https:\/\/www.homewizard.com\/wp-content\/uploads\/2024\/01\/Flag_of_Norway.svg\" alt=\"\" class=\"wp-image-551467 size-thumbnail\"><\/figure><div class=\"wp-block-media-text__content\">\n<h4 class=\" wp-block-heading eplus-wrapper\">Norge<\/h4>\n\n\n\n<p class=\" eplus-wrapper\">Norsk<\/p>\n<\/div><\/div>\n\n\n    <div class=\"wp-block-bplugins-custom-html\" id=\"bPluginsCustomHtml-18\">\r\n        <\/div>\r\n    <\/div>\n\n\n\n<div class=\"wp-block-column eplus-wrapper is-layout-flow wp-block-column-is-layout-flow\">    <div class=\"wp-block-bplugins-custom-html\" id=\"bPluginsCustomHtml-19\">\r\n    <a href=\"https:\/\/www.homewizard.com\/da\/\">    <\/a><\/div>\r\n    \n\n\n<div class=\" wp-block-media-text eplus-wrapper\" style=\"grid-template-columns:15% auto\"><figure class=\"wp-block-media-text__media\"><img loading=\"lazy\" decoding=\"async\" width=\"695\" height=\"695\" src=\"https:\/\/www.homewizard.com\/wp-content\/uploads\/2024\/01\/Flag_of_Denmark.png\" alt=\"\" class=\"wp-image-558369 size-thumbnail\" srcset=\"https:\/\/www.homewizard.com\/wp-content\/uploads\/2024\/01\/Flag_of_Denmark.png 695w, https:\/\/www.homewizard.com\/wp-content\/uploads\/2024\/01\/Flag_of_Denmark-500x500.png 500w, https:\/\/www.homewizard.com\/wp-content\/uploads\/2024\/01\/Flag_of_Denmark-124x124.png 124w, https:\/\/www.homewizard.com\/wp-content\/uploads\/2024\/01\/Flag_of_Denmark-300x300.png 300w, https:\/\/www.homewizard.com\/wp-content\/uploads\/2024\/01\/Flag_of_Denmark-150x150.png 150w, https:\/\/www.homewizard.com\/wp-content\/uploads\/2024\/01\/Flag_of_Denmark-600x600.png 600w\" sizes=\"auto, (max-width: 695px) 100vw, 695px\" \/><\/figure><div class=\"wp-block-media-text__content\">\n<h4 class=\" wp-block-heading eplus-wrapper\">Danmark<\/h4>\n\n\n\n<p class=\" eplus-wrapper\">Dansk<\/p>\n<\/div><\/div>\n\n\n    <div class=\"wp-block-bplugins-custom-html\" id=\"bPluginsCustomHtml-20\">\r\n        <\/div>\r\n    <\/div>\n\n\n\n<div class=\"wp-block-column eplus-wrapper is-layout-flow wp-block-column-is-layout-flow\"><\/div>\n\n\n\n<div class=\"wp-block-column eplus-wrapper is-layout-flow wp-block-column-is-layout-flow\"><\/div>\n<\/div><\/div><\/div>","protected":false},"excerpt":{"rendered":"<p>Choisissez votre pays et votre langue. Les informations sur les produits peuvent varier en fonction du pays ou de la r\u00e9gion. S\u00e9lectionnez votre pays pour une meilleure exp\u00e9rience. Nederland Nederlands International English Belgi\u00eb Nederlands Belgique Fran\u00e7ais Luxembourg Fran\u00e7ais Sverige Svenska Magyarorsz\u00e1g Magyar Suomi Ev\u00e4t Norge Norsk Danmark Dansk<\/p>\n","protected":false},"author":1,"featured_media":0,"parent":0,"menu_order":0,"comment_status":"closed","ping_status":"closed","template":"","meta":{"_acf_changed":false,"editor_plus_copied_stylings":"{}","footnotes":""},"class_list":["post-296922","page","type-page","status-publish","hentry"],"acf":[],"yoast_head":"<!-- This site is optimized with the Yoast SEO plugin v27.0 - https:\/\/yoast.com\/product\/yoast-seo-wordpress\/ -->\n<title>Choisissez votre pays - HomeWizard<\/title>\n<meta name=\"robots\" content=\"noindex, nofollow\" \/>\n<meta property=\"og:locale\" content=\"fr_FR\" \/>\n<meta property=\"og:type\" content=\"article\" \/>\n<meta property=\"og:title\" content=\"Choisissez votre pays - HomeWizard\" \/>\n<meta property=\"og:description\" content=\"Choisissez votre pays et votre langue. Les informations sur les produits peuvent varier en fonction du pays ou de la r\u00e9gion. S\u00e9lectionnez votre pays pour une meilleure exp\u00e9rience. Nederland Nederlands International English Belgi\u00eb Nederlands Belgique Fran\u00e7ais Luxembourg Fran\u00e7ais Sverige Svenska Magyarorsz\u00e1g Magyar Suomi Ev\u00e4t Norge Norsk Danmark Dansk\" \/>\n<meta property=\"og:url\" content=\"https:\/\/www.homewizard.com\/fr-lu\/choisissez-votre-pays\/\" \/>\n<meta property=\"og:site_name\" content=\"HomeWizard\" \/>\n<meta property=\"article:publisher\" content=\"https:\/\/www.facebook.com\/HomeWizardBV\/\" \/>\n<meta property=\"article:modified_time\" content=\"2024-01-25T08:46:46+00:00\" \/>\n<meta property=\"og:image\" content=\"https:\/\/www.homewizard.com\/wp-content\/uploads\/2023\/03\/Flag_NL_circle.svg\" \/>\n<meta name=\"twitter:card\" content=\"summary_large_image\" \/>\n<meta name=\"twitter:site\" content=\"@HomeWizard_NL\" \/>\n<script type=\"application\/ld+json\" class=\"yoast-schema-graph\">{\"@context\":\"https:\/\/schema.org\",\"@graph\":[{\"@type\":\"WebPage\",\"@id\":\"https:\/\/www.homewizard.com\/fr-lu\/choisissez-votre-pays\/\",\"url\":\"https:\/\/www.homewizard.com\/fr-lu\/choisissez-votre-pays\/\",\"name\":\"Choisissez votre pays - HomeWizard\",\"isPartOf\":{\"@id\":\"https:\/\/www.homewizard.com\/fr-lu\/#website\"},\"primaryImageOfPage\":{\"@id\":\"https:\/\/www.homewizard.com\/fr-lu\/choisissez-votre-pays\/#primaryimage\"},\"image\":{\"@id\":\"https:\/\/www.homewizard.com\/fr-lu\/choisissez-votre-pays\/#primaryimage\"},\"thumbnailUrl\":\"https:\/\/www.homewizard.com\/wp-content\/uploads\/2023\/03\/Flag_NL_circle.svg\",\"datePublished\":\"2023-03-14T14:47:41+00:00\",\"dateModified\":\"2024-01-25T08:46:46+00:00\",\"breadcrumb\":{\"@id\":\"https:\/\/www.homewizard.com\/fr-lu\/choisissez-votre-pays\/#breadcrumb\"},\"inLanguage\":\"fr-LU\",\"potentialAction\":[{\"@type\":\"ReadAction\",\"target\":[\"https:\/\/www.homewizard.com\/fr-lu\/choisissez-votre-pays\/\"]}]},{\"@type\":\"ImageObject\",\"inLanguage\":\"fr-LU\",\"@id\":\"https:\/\/www.homewizard.com\/fr-lu\/choisissez-votre-pays\/#primaryimage\",\"url\":\"https:\/\/www.homewizard.com\/wp-content\/uploads\/2023\/03\/Flag_NL_circle.svg\",\"contentUrl\":\"https:\/\/www.homewizard.com\/wp-content\/uploads\/2023\/03\/Flag_NL_circle.svg\"},{\"@type\":\"BreadcrumbList\",\"@id\":\"https:\/\/www.homewizard.com\/fr-lu\/choisissez-votre-pays\/#breadcrumb\",\"itemListElement\":[{\"@type\":\"ListItem\",\"position\":1,\"name\":\"Home\",\"item\":\"https:\/\/www.homewizard.com\/fr-lu\/\"},{\"@type\":\"ListItem\",\"position\":2,\"name\":\"Choisissez votre pays\"}]},{\"@type\":\"WebSite\",\"@id\":\"https:\/\/www.homewizard.com\/fr-lu\/#website\",\"url\":\"https:\/\/www.homewizard.com\/fr-lu\/\",\"name\":\"HomeWizard\",\"description\":\"HomeWizard Energy\",\"publisher\":{\"@id\":\"https:\/\/www.homewizard.com\/fr-lu\/#organization\"},\"potentialAction\":[{\"@type\":\"SearchAction\",\"target\":{\"@type\":\"EntryPoint\",\"urlTemplate\":\"https:\/\/www.homewizard.com\/fr-lu\/?s={search_term_string}\"},\"query-input\":{\"@type\":\"PropertyValueSpecification\",\"valueRequired\":true,\"valueName\":\"search_term_string\"}}],\"inLanguage\":\"fr-LU\"},{\"@type\":\"Organization\",\"@id\":\"https:\/\/www.homewizard.com\/fr-lu\/#organization\",\"name\":\"HomeWizard\",\"url\":\"https:\/\/www.homewizard.com\/fr-lu\/\",\"logo\":{\"@type\":\"ImageObject\",\"inLanguage\":\"fr-LU\",\"@id\":\"https:\/\/www.homewizard.com\/fr-lu\/#\/schema\/logo\/image\/\",\"url\":\"https:\/\/www.homewizard.com\/wp-content\/uploads\/2023\/06\/HomeWizard-icon-on-black.png\",\"contentUrl\":\"https:\/\/www.homewizard.com\/wp-content\/uploads\/2023\/06\/HomeWizard-icon-on-black.png\",\"width\":500,\"height\":500,\"caption\":\"HomeWizard\"},\"image\":{\"@id\":\"https:\/\/www.homewizard.com\/fr-lu\/#\/schema\/logo\/image\/\"},\"sameAs\":[\"https:\/\/www.facebook.com\/HomeWizardBV\/\",\"https:\/\/x.com\/HomeWizard_NL\",\"https:\/\/www.youtube.com\/HomeWizardBV\",\"https:\/\/www.instagram.com\/homewizardenergy\/\"]}]}<\/script>\n<!-- \/ Yoast SEO plugin. -->","yoast_head_json":{"title":"Choisissez votre pays - HomeWizard","robots":{"index":"noindex","follow":"nofollow"},"og_locale":"fr_FR","og_type":"article","og_title":"Choisissez votre pays - HomeWizard","og_description":"Choisissez votre pays et votre langue. Les informations sur les produits peuvent varier en fonction du pays ou de la r\u00e9gion. S\u00e9lectionnez votre pays pour une meilleure exp\u00e9rience. Nederland Nederlands International English Belgi\u00eb Nederlands Belgique Fran\u00e7ais Luxembourg Fran\u00e7ais Sverige Svenska Magyarorsz\u00e1g Magyar Suomi Ev\u00e4t Norge Norsk Danmark Dansk","og_url":"https:\/\/www.homewizard.com\/fr-lu\/choisissez-votre-pays\/","og_site_name":"HomeWizard","article_publisher":"https:\/\/www.facebook.com\/HomeWizardBV\/","article_modified_time":"2024-01-25T08:46:46+00:00","og_image":[{"url":"https:\/\/www.homewizard.com\/wp-content\/uploads\/2023\/03\/Flag_NL_circle.svg","type":"","width":"","height":""}],"twitter_card":"summary_large_image","twitter_site":"@HomeWizard_NL","schema":{"@context":"https:\/\/schema.org","@graph":[{"@type":"WebPage","@id":"https:\/\/www.homewizard.com\/fr-lu\/choisissez-votre-pays\/","url":"https:\/\/www.homewizard.com\/fr-lu\/choisissez-votre-pays\/","name":"Choisissez votre pays - HomeWizard","isPartOf":{"@id":"https:\/\/www.homewizard.com\/fr-lu\/#website"},"primaryImageOfPage":{"@id":"https:\/\/www.homewizard.com\/fr-lu\/choisissez-votre-pays\/#primaryimage"},"image":{"@id":"https:\/\/www.homewizard.com\/fr-lu\/choisissez-votre-pays\/#primaryimage"},"thumbnailUrl":"https:\/\/www.homewizard.com\/wp-content\/uploads\/2023\/03\/Flag_NL_circle.svg","datePublished":"2023-03-14T14:47:41+00:00","dateModified":"2024-01-25T08:46:46+00:00","breadcrumb":{"@id":"https:\/\/www.homewizard.com\/fr-lu\/choisissez-votre-pays\/#breadcrumb"},"inLanguage":"fr-LU","potentialAction":[{"@type":"ReadAction","target":["https:\/\/www.homewizard.com\/fr-lu\/choisissez-votre-pays\/"]}]},{"@type":"ImageObject","inLanguage":"fr-LU","@id":"https:\/\/www.homewizard.com\/fr-lu\/choisissez-votre-pays\/#primaryimage","url":"https:\/\/www.homewizard.com\/wp-content\/uploads\/2023\/03\/Flag_NL_circle.svg","contentUrl":"https:\/\/www.homewizard.com\/wp-content\/uploads\/2023\/03\/Flag_NL_circle.svg"},{"@type":"BreadcrumbList","@id":"https:\/\/www.homewizard.com\/fr-lu\/choisissez-votre-pays\/#breadcrumb","itemListElement":[{"@type":"ListItem","position":1,"name":"Home","item":"https:\/\/www.homewizard.com\/fr-lu\/"},{"@type":"ListItem","position":2,"name":"Choisissez votre pays"}]},{"@type":"WebSite","@id":"https:\/\/www.homewizard.com\/fr-lu\/#website","url":"https:\/\/www.homewizard.com\/fr-lu\/","name":"HomeWizard","description":"HomeWizard Energy","publisher":{"@id":"https:\/\/www.homewizard.com\/fr-lu\/#organization"},"potentialAction":[{"@type":"SearchAction","target":{"@type":"EntryPoint","urlTemplate":"https:\/\/www.homewizard.com\/fr-lu\/?s={search_term_string}"},"query-input":{"@type":"PropertyValueSpecification","valueRequired":true,"valueName":"search_term_string"}}],"inLanguage":"fr-LU"},{"@type":"Organization","@id":"https:\/\/www.homewizard.com\/fr-lu\/#organization","name":"HomeWizard","url":"https:\/\/www.homewizard.com\/fr-lu\/","logo":{"@type":"ImageObject","inLanguage":"fr-LU","@id":"https:\/\/www.homewizard.com\/fr-lu\/#\/schema\/logo\/image\/","url":"https:\/\/www.homewizard.com\/wp-content\/uploads\/2023\/06\/HomeWizard-icon-on-black.png","contentUrl":"https:\/\/www.homewizard.com\/wp-content\/uploads\/2023\/06\/HomeWizard-icon-on-black.png","width":500,"height":500,"caption":"HomeWizard"},"image":{"@id":"https:\/\/www.homewizard.com\/fr-lu\/#\/schema\/logo\/image\/"},"sameAs":["https:\/\/www.facebook.com\/HomeWizardBV\/","https:\/\/x.com\/HomeWizard_NL","https:\/\/www.youtube.com\/HomeWizardBV","https:\/\/www.instagram.com\/homewizardenergy\/"]}]}},"_links":{"self":[{"href":"https:\/\/www.homewizard.com\/fr-lu\/wp-json\/wp\/v2\/pages\/296922","targetHints":{"allow":["GET"]}}],"collection":[{"href":"https:\/\/www.homewizard.com\/fr-lu\/wp-json\/wp\/v2\/pages"}],"about":[{"href":"https:\/\/www.homewizard.com\/fr-lu\/wp-json\/wp\/v2\/types\/page"}],"author":[{"embeddable":true,"href":"https:\/\/www.homewizard.com\/fr-lu\/wp-json\/wp\/v2\/users\/1"}],"replies":[{"embeddable":true,"href":"https:\/\/www.homewizard.com\/fr-lu\/wp-json\/wp\/v2\/comments?post=296922"}],"version-history":[{"count":13,"href":"https:\/\/www.homewizard.com\/fr-lu\/wp-json\/wp\/v2\/pages\/296922\/revisions"}],"predecessor-version":[{"id":580194,"href":"https:\/\/www.homewizard.com\/fr-lu\/wp-json\/wp\/v2\/pages\/296922\/revisions\/580194"}],"wp:attachment":[{"href":"https:\/\/www.homewizard.com\/fr-lu\/wp-json\/wp\/v2\/media?parent=296922"}],"curies":[{"name":"wp","href":"https:\/\/api.w.org\/{rel}","templated":true}]}}