{"id":1840834,"date":"2025-11-24T14:57:42","date_gmt":"2025-11-24T13:57:42","guid":{"rendered":"https:\/\/www.homewizard.com\/?page_id=1840834"},"modified":"2025-12-04T16:35:00","modified_gmt":"2025-12-04T15:35:00","slug":"green-friday","status":"publish","type":"page","link":"https:\/\/www.homewizard.com\/fr-lu\/green-friday\/","title":{"rendered":"Green Friday"},"content":{"rendered":"<div class=\"contained_page wp-block-group eplus-wrapper eplus-styles-uid-ec1651\"><div class=\"wp-block-group__inner-container is-layout-constrained wp-block-group-is-layout-constrained\">\n<style>\n.green-friday-gradient {\n  font-family: 'Poppins', sans-serif;\n  font-weight: 600;\n  font-size: 56px;\n  line-height: 1.1;\n  margin: 0;\n\n  background: linear-gradient(135deg, #20F29B 0%, #02DACE 100%);\n  -webkit-background-clip: text;\n  -webkit-text-fill-color: transparent;\n  background-clip: text;\n  color: transparent;\n}\n<\/style>\n\n<h1 class=\"green-friday-gradient\">Green Friday.<\/h1>\n\n\n<div class=\"flex-column wp-block-columns eplus-wrapper is-layout-flex wp-container-core-columns-is-layout-9d6595d7 wp-block-columns-is-layout-flex eplus-styles-uid-480609\">\n<div class=\"wp-block-column is-vertically-aligned-top eplus-wrapper is-layout-flow wp-block-column-is-layout-flow\" style=\"flex-basis:66.66%\">\n<p class=\" eplus-wrapper\">L\u2019action est termin\u00e9e, mais utiliser intelligemment son \u00e9nergie, c\u2019est possible toute l\u2019ann\u00e9e. D\u00e9couvrez nos produits faciles d\u2019utilisation et abordables, et tirez le meilleur parti de votre \u00e9nergie.<\/p>\n\n\n\n<h3 class=\" wp-block-heading eplus-wrapper\">\u00c9conomisez intelligemment et durablement.<\/h3>\n\n\n\n<p class=\" eplus-wrapper\">Chez HomeWizard, il ne s\u2019agit pas de grosses r\u00e9ductions, mais de choix intelligents et durables qui font vraiment la diff\u00e9rence. Nous pensons que l\u2019\u00e9conomie d\u2019\u00e9nergie doit \u00eatre simple et accessible \u00e0 tous. C\u2019est pourquoi nous ne faisons pas le Black Friday, mais le Green Friday. Faites d\u00e9filer pour d\u00e9couvrir comment \u00e9conomiser l\u2019\u00e9nergie de mani\u00e8re plus verte.<\/p>\n<\/div>\n\n\n<div class=\"wp-block-column is-vertically-aligned-center eplus-wrapper is-layout-flow wp-block-column-is-layout-flow eplus-styles-uid-9462ad\" style=\"flex-basis:33.33%\"><div class=\"wp-block-image \">\n<figure class=\"aligncenter size-full is-resized eplus-wrapper\"><img loading=\"lazy\" decoding=\"async\" width=\"800\" height=\"548\" src=\"https:\/\/cdn.homewizard.com\/wp-content\/uploads\/2025\/11\/Green-Friday-icon.webp\" alt=\"\" class=\"wp-image-1839417\" style=\"width:283px;height:auto\" srcset=\"https:\/\/www.homewizard.com\/wp-content\/uploads\/2025\/11\/Green-Friday-icon.webp 800w, https:\/\/www.homewizard.com\/wp-content\/uploads\/2025\/11\/Green-Friday-icon-300x206.webp 300w, https:\/\/www.homewizard.com\/wp-content\/uploads\/2025\/11\/Green-Friday-icon-768x526.webp 768w\" sizes=\"auto, (max-width: 800px) 100vw, 800px\" \/><\/figure>\n<\/div><\/div><\/div>\n\n<div class=\"flex-column wp-block-columns eplus-wrapper is-layout-flex wp-container-core-columns-is-layout-9d6595d7 wp-block-columns-is-layout-flex eplus-styles-uid-922ab6\"><div class=\"wp-block-column is-vertically-aligned-center eplus-wrapper is-layout-flow wp-block-column-is-layout-flow eplus-styles-uid-9462ad\" style=\"flex-basis:50%\"><div class=\"wp-block-image \">\n<figure class=\"aligncenter size-full eplus-wrapper\"><img loading=\"lazy\" decoding=\"async\" width=\"800\" height=\"548\" src=\"https:\/\/cdn.homewizard.com\/wp-content\/uploads\/2025\/11\/Green-Friday-product-family-no-gass.webp\" alt=\"\" class=\"wp-image-1843075\" srcset=\"https:\/\/www.homewizard.com\/wp-content\/uploads\/2025\/11\/Green-Friday-product-family-no-gass.webp 800w, https:\/\/www.homewizard.com\/wp-content\/uploads\/2025\/11\/Green-Friday-product-family-no-gass-300x206.webp 300w, https:\/\/www.homewizard.com\/wp-content\/uploads\/2025\/11\/Green-Friday-product-family-no-gass-768x526.webp 768w\" sizes=\"auto, (max-width: 800px) 100vw, 800px\" \/><\/figure>\n<\/div><\/div>\n\n\n<div class=\"wp-block-column is-vertically-aligned-top eplus-wrapper is-layout-flow wp-block-column-is-layout-flow\" style=\"flex-basis:50%\">\n<h2 class=\" wp-block-heading eplus-wrapper\"><strong><strong>Livraison gratuite<\/strong><\/strong>.<\/h2>\n\n\n\n<p class=\" eplus-wrapper\">Nous facilitons les \u00e9conomies d\u2019\u00e9nergie pendant ce Green Friday. Profitez de la livraison gratuite dans notre boutique en ligne jusqu\u2019au lundi 1er d\u00e9cembre. D\u00e9tectez les appareils \u00e9nergivores avec la <a href=\"https:\/\/www.homewizard.com\/fr-lu\/energy-socket\/\">Energy Socket<\/a> ou utilisez le <a href=\"https:\/\/www.homewizard.com\/fr-lu\/energy-display\/\">Energy Display<\/a> pour voir ce qui se passe chez vous sans sortir votre t\u00e9l\u00e9phone.<\/p>\n\n\n<div class=\"wp-block-buttons eplus-wrapper is-layout-flex wp-block-buttons-is-layout-flex eplus-styles-uid-2da7fd\"><div class=\"button_outline is-style-fill wp-block-button eplus-wrapper eplus-styles-uid-9defcc\"><a class=\"wp-block-button__link wp-element-button\" href=\"https:\/\/www.homewizard.com\/fr-lu\/boutique\/\" style=\"border-radius:10px\">Acheter Green Friday<\/a><\/div><\/div><\/div>\n<\/div>\n\n<div class=\"flex-column-reverse wp-block-columns eplus-wrapper is-layout-flex wp-container-core-columns-is-layout-9d6595d7 wp-block-columns-is-layout-flex eplus-styles-uid-b28cae\">\n<div class=\"wp-block-column eplus-wrapper is-layout-flow wp-block-column-is-layout-flow\" style=\"flex-basis:50%\">\n<h2 class=\" wp-block-heading eplus-wrapper\"><strong>Laissez quelque chose de vert derri\u00e8re vous<\/strong>.<\/h2>\n\n\n\n<p class=\" eplus-wrapper\">Ce Green Friday, nous redonnons \u00e0 la nature. Pour chaque achat effectu\u00e9 pendant Green Friday, nous investissons dans la restauration des for\u00eats tropicales \u00e0 Born\u00e9o via <em>Trees for All<\/em>. Vous rendez ainsi votre maison et le monde un peu plus verts.<\/p>\n\n\n<div class=\"wp-block-buttons eplus-wrapper is-layout-flex wp-block-buttons-is-layout-flex eplus-styles-uid-2da7fd\"><div class=\"button_outline is-style-fill wp-block-button eplus-wrapper eplus-styles-uid-ec2615\"><a class=\"wp-block-button__link wp-element-button\" href=\"https:\/\/www.homewizard.com\/fr-lu\/boutique\/\" style=\"border-radius:10px\">Acheter maintenant<\/a><\/div><\/div><\/div>\n\n\n<div class=\"wp-block-column is-vertically-aligned-center eplus-wrapper is-layout-flow wp-block-column-is-layout-flow eplus-styles-uid-9462ad\" style=\"flex-basis:50%\"><div class=\"wp-block-image \">\n<figure class=\"aligncenter size-full eplus-wrapper\"><img loading=\"lazy\" decoding=\"async\" width=\"800\" height=\"548\" src=\"https:\/\/cdn.homewizard.com\/wp-content\/uploads\/2025\/11\/Green-Friday-Trees-in-Borneo-1.webp\" alt=\"\" class=\"wp-image-1838174\" srcset=\"https:\/\/www.homewizard.com\/wp-content\/uploads\/2025\/11\/Green-Friday-Trees-in-Borneo-1.webp 800w, https:\/\/www.homewizard.com\/wp-content\/uploads\/2025\/11\/Green-Friday-Trees-in-Borneo-1-300x206.webp 300w, https:\/\/www.homewizard.com\/wp-content\/uploads\/2025\/11\/Green-Friday-Trees-in-Borneo-1-768x526.webp 768w\" sizes=\"auto, (max-width: 800px) 100vw, 800px\" \/><\/figure>\n<\/div><\/div><\/div>\n\n<div class=\"wp-block-group eplus-wrapper eplus-styles-uid-5dfa20\"><div class=\"wp-block-group__inner-container is-layout-flow wp-block-group-is-layout-flow\">\n<h2 class=\" wp-block-heading eplus-wrapper\">Questions fr\u00e9quentes.<\/h2>\n\n\n\n<h3 class=\" wp-block-heading eplus-wrapper\"><strong><strong>Combien de temps dure la promotion Green Friday ?<\/strong><\/strong><\/h3>\n\n\n\n<p class=\" eplus-wrapper\">Le Green Friday chez HomeWizard <strong>dure jusqu\u2019au lundi 1er d\u00e9cembre 2025 <\/strong>(Cyber Monday). \u00c0 partir du mardi 2 d\u00e9cembre, la livraison gratuite s\u2019applique uniquement aux commandes sup\u00e9rieures \u00e0 75 \u20ac.<\/p>\n\n\n\n<h3 class=\" wp-block-heading eplus-wrapper\"><strong><strong>Quel est le d\u00e9lai de livraison ?<\/strong><\/strong><\/h3>\n\n\n\n<p class=\" eplus-wrapper\">Nous traitons votre commande imm\u00e9diatement. La plupart des commandes sont exp\u00e9di\u00e9es le jour m\u00eame. En raison de l\u2019affluence du Black Friday, la livraison peut prendre un peu plus de temps. Vous recevrez un lien de suivi d\u00e8s que votre colis sera en route.<\/p>\n\n\n\n<h3 class=\" wp-block-heading eplus-wrapper\">Pourquoi pas simplement le Black Friday ?<\/h3>\n\n\n\n<p class=\" eplus-wrapper\">Chez HomeWizard, il ne s\u2019agit pas d\u2019acheter plus, mais d\u2019utiliser votre \u00e9nergie plus intelligemment. C\u2019est pourquoi nous choisissons le Green Friday : un moment pour rendre les choix durables plus accessibles. Moins de gaspillage, plus de contr\u00f4le sur votre \u00e9nergie.<\/p>\n\n\n\n<h3 class=\" wp-block-heading eplus-wrapper\"><strong><strong>En quoi consiste la collaboration avec Trees for All ?<\/strong><\/strong><\/h3>\n\n\n\n<p class=\" eplus-wrapper\">Pour chaque achat effectu\u00e9 pendant le Green Friday, nous faisons un don \u00e0 <a href=\"https:\/\/treesforall.nl\/en\/\" target=\"_blank\" rel=\"noreferrer noopener\">Trees for All<\/a> pour soutenir les projets de reforestation \u00e0 Born\u00e9o. \u00c0 la fin de la promotion, nous ferons un don correspondant \u00e0 500 arbres. uta.<\/p>\n<\/div><\/div><\/div><\/div>","protected":false},"excerpt":{"rendered":"<p>Green Friday. L\u2019action est termin\u00e9e, mais utiliser intelligemment son \u00e9nergie, c\u2019est possible toute l\u2019ann\u00e9e. D\u00e9couvrez nos produits faciles d\u2019utilisation et abordables, et tirez le meilleur parti de votre \u00e9nergie. \u00c9conomisez intelligemment et durablement. Chez HomeWizard, il ne s\u2019agit pas de grosses r\u00e9ductions, mais de choix intelligents et durables qui font vraiment la diff\u00e9rence. Nous pensons&hellip;<\/p>\n","protected":false},"author":702268,"featured_media":0,"parent":0,"menu_order":0,"comment_status":"closed","ping_status":"closed","template":"","meta":{"_acf_changed":false,"editor_plus_copied_stylings":"{}","footnotes":""},"class_list":["post-1840834","page","type-page","status-publish","hentry"],"acf":[],"yoast_head":"<!-- This site is optimized with the Yoast SEO plugin v27.0 - https:\/\/yoast.com\/product\/yoast-seo-wordpress\/ -->\n<title>Green Friday 2025 chez HomeWizard<\/title>\n<meta name=\"description\" content=\"Choisissez le Green Friday plut\u00f4t que le Black Friday chez HomeWizard. Profitez de la livraison gratuite sur tous les produits et contribuez \u00e0 la reforestation des for\u00eats tropicales \u00e0 chaque achat.\" \/>\n<meta name=\"robots\" content=\"index, follow, max-snippet:-1, max-image-preview:large, max-video-preview:-1\" \/>\n<link rel=\"canonical\" href=\"https:\/\/www.homewizard.com\/fr-lu\/green-friday\/\" \/>\n<meta property=\"og:locale\" content=\"fr_FR\" \/>\n<meta property=\"og:type\" content=\"article\" \/>\n<meta property=\"og:title\" content=\"Green Friday 2025 chez HomeWizard\" \/>\n<meta property=\"og:description\" content=\"Choisissez le Green Friday plut\u00f4t que le Black Friday chez HomeWizard. Profitez de la livraison gratuite sur tous les produits et contribuez \u00e0 la reforestation des for\u00eats tropicales \u00e0 chaque achat.\" \/>\n<meta property=\"og:url\" content=\"https:\/\/www.homewizard.com\/fr-lu\/green-friday\/\" \/>\n<meta property=\"og:site_name\" content=\"HomeWizard\" \/>\n<meta property=\"article:publisher\" content=\"https:\/\/www.facebook.com\/HomeWizardBV\/\" \/>\n<meta property=\"article:modified_time\" content=\"2025-12-04T15:35:00+00:00\" \/>\n<meta property=\"og:image\" content=\"https:\/\/www.homewizard.com\/wp-content\/uploads\/2025\/11\/Green-Friday-icon.webp\" \/>\n\t<meta property=\"og:image:width\" content=\"800\" \/>\n\t<meta property=\"og:image:height\" content=\"548\" \/>\n\t<meta property=\"og:image:type\" content=\"image\/webp\" \/>\n<meta name=\"twitter:card\" content=\"summary_large_image\" \/>\n<meta name=\"twitter:site\" content=\"@HomeWizard_NL\" \/>\n<meta name=\"twitter:label1\" content=\"Est. reading time\" \/>\n\t<meta name=\"twitter:data1\" content=\"3 minutes\" \/>\n<script type=\"application\/ld+json\" class=\"yoast-schema-graph\">{\"@context\":\"https:\/\/schema.org\",\"@graph\":[{\"@type\":\"WebPage\",\"@id\":\"https:\/\/www.homewizard.com\/fr-lu\/green-friday\/\",\"url\":\"https:\/\/www.homewizard.com\/fr-lu\/green-friday\/\",\"name\":\"Green Friday 2025 chez HomeWizard\",\"isPartOf\":{\"@id\":\"https:\/\/www.homewizard.com\/fr-lu\/#website\"},\"primaryImageOfPage\":{\"@id\":\"https:\/\/www.homewizard.com\/fr-lu\/green-friday\/#primaryimage\"},\"image\":{\"@id\":\"https:\/\/www.homewizard.com\/fr-lu\/green-friday\/#primaryimage\"},\"thumbnailUrl\":\"https:\/\/cdn.homewizard.com\/wp-content\/uploads\/2025\/11\/Green-Friday-icon.webp\",\"datePublished\":\"2025-11-24T13:57:42+00:00\",\"dateModified\":\"2025-12-04T15:35:00+00:00\",\"description\":\"Choisissez le Green Friday plut\u00f4t que le Black Friday chez HomeWizard. Profitez de la livraison gratuite sur tous les produits et contribuez \u00e0 la reforestation des for\u00eats tropicales \u00e0 chaque achat.\",\"breadcrumb\":{\"@id\":\"https:\/\/www.homewizard.com\/fr-lu\/green-friday\/#breadcrumb\"},\"inLanguage\":\"fr-LU\",\"potentialAction\":[{\"@type\":\"ReadAction\",\"target\":[\"https:\/\/www.homewizard.com\/fr-lu\/green-friday\/\"]}]},{\"@type\":\"ImageObject\",\"inLanguage\":\"fr-LU\",\"@id\":\"https:\/\/www.homewizard.com\/fr-lu\/green-friday\/#primaryimage\",\"url\":\"https:\/\/cdn.homewizard.com\/wp-content\/uploads\/2025\/11\/Green-Friday-icon.webp\",\"contentUrl\":\"https:\/\/cdn.homewizard.com\/wp-content\/uploads\/2025\/11\/Green-Friday-icon.webp\"},{\"@type\":\"BreadcrumbList\",\"@id\":\"https:\/\/www.homewizard.com\/fr-lu\/green-friday\/#breadcrumb\",\"itemListElement\":[{\"@type\":\"ListItem\",\"position\":1,\"name\":\"Home\",\"item\":\"https:\/\/www.homewizard.com\/fr-lu\/\"},{\"@type\":\"ListItem\",\"position\":2,\"name\":\"Green Friday\"}]},{\"@type\":\"WebSite\",\"@id\":\"https:\/\/www.homewizard.com\/fr-lu\/#website\",\"url\":\"https:\/\/www.homewizard.com\/fr-lu\/\",\"name\":\"HomeWizard\",\"description\":\"HomeWizard Energy\",\"publisher\":{\"@id\":\"https:\/\/www.homewizard.com\/fr-lu\/#organization\"},\"potentialAction\":[{\"@type\":\"SearchAction\",\"target\":{\"@type\":\"EntryPoint\",\"urlTemplate\":\"https:\/\/www.homewizard.com\/fr-lu\/?s={search_term_string}\"},\"query-input\":{\"@type\":\"PropertyValueSpecification\",\"valueRequired\":true,\"valueName\":\"search_term_string\"}}],\"inLanguage\":\"fr-LU\"},{\"@type\":\"Organization\",\"@id\":\"https:\/\/www.homewizard.com\/fr-lu\/#organization\",\"name\":\"HomeWizard\",\"url\":\"https:\/\/www.homewizard.com\/fr-lu\/\",\"logo\":{\"@type\":\"ImageObject\",\"inLanguage\":\"fr-LU\",\"@id\":\"https:\/\/www.homewizard.com\/fr-lu\/#\/schema\/logo\/image\/\",\"url\":\"https:\/\/www.homewizard.com\/wp-content\/uploads\/2023\/06\/HomeWizard-icon-on-black.png\",\"contentUrl\":\"https:\/\/www.homewizard.com\/wp-content\/uploads\/2023\/06\/HomeWizard-icon-on-black.png\",\"width\":500,\"height\":500,\"caption\":\"HomeWizard\"},\"image\":{\"@id\":\"https:\/\/www.homewizard.com\/fr-lu\/#\/schema\/logo\/image\/\"},\"sameAs\":[\"https:\/\/www.facebook.com\/HomeWizardBV\/\",\"https:\/\/x.com\/HomeWizard_NL\",\"https:\/\/www.youtube.com\/HomeWizardBV\",\"https:\/\/www.instagram.com\/homewizardenergy\/\"]}]}<\/script>\n<!-- \/ Yoast SEO plugin. -->","yoast_head_json":{"title":"Green Friday 2025 chez HomeWizard","description":"Choisissez le Green Friday plut\u00f4t que le Black Friday chez HomeWizard. Profitez de la livraison gratuite sur tous les produits et contribuez \u00e0 la reforestation des for\u00eats tropicales \u00e0 chaque achat.","robots":{"index":"index","follow":"follow","max-snippet":"max-snippet:-1","max-image-preview":"max-image-preview:large","max-video-preview":"max-video-preview:-1"},"canonical":"https:\/\/www.homewizard.com\/fr-lu\/green-friday\/","og_locale":"fr_FR","og_type":"article","og_title":"Green Friday 2025 chez HomeWizard","og_description":"Choisissez le Green Friday plut\u00f4t que le Black Friday chez HomeWizard. Profitez de la livraison gratuite sur tous les produits et contribuez \u00e0 la reforestation des for\u00eats tropicales \u00e0 chaque achat.","og_url":"https:\/\/www.homewizard.com\/fr-lu\/green-friday\/","og_site_name":"HomeWizard","article_publisher":"https:\/\/www.facebook.com\/HomeWizardBV\/","article_modified_time":"2025-12-04T15:35:00+00:00","og_image":[{"width":800,"height":548,"url":"https:\/\/www.homewizard.com\/wp-content\/uploads\/2025\/11\/Green-Friday-icon.webp","type":"image\/webp"}],"twitter_card":"summary_large_image","twitter_site":"@HomeWizard_NL","twitter_misc":{"Est. reading time":"3 minutes"},"schema":{"@context":"https:\/\/schema.org","@graph":[{"@type":"WebPage","@id":"https:\/\/www.homewizard.com\/fr-lu\/green-friday\/","url":"https:\/\/www.homewizard.com\/fr-lu\/green-friday\/","name":"Green Friday 2025 chez HomeWizard","isPartOf":{"@id":"https:\/\/www.homewizard.com\/fr-lu\/#website"},"primaryImageOfPage":{"@id":"https:\/\/www.homewizard.com\/fr-lu\/green-friday\/#primaryimage"},"image":{"@id":"https:\/\/www.homewizard.com\/fr-lu\/green-friday\/#primaryimage"},"thumbnailUrl":"https:\/\/cdn.homewizard.com\/wp-content\/uploads\/2025\/11\/Green-Friday-icon.webp","datePublished":"2025-11-24T13:57:42+00:00","dateModified":"2025-12-04T15:35:00+00:00","description":"Choisissez le Green Friday plut\u00f4t que le Black Friday chez HomeWizard. Profitez de la livraison gratuite sur tous les produits et contribuez \u00e0 la reforestation des for\u00eats tropicales \u00e0 chaque achat.","breadcrumb":{"@id":"https:\/\/www.homewizard.com\/fr-lu\/green-friday\/#breadcrumb"},"inLanguage":"fr-LU","potentialAction":[{"@type":"ReadAction","target":["https:\/\/www.homewizard.com\/fr-lu\/green-friday\/"]}]},{"@type":"ImageObject","inLanguage":"fr-LU","@id":"https:\/\/www.homewizard.com\/fr-lu\/green-friday\/#primaryimage","url":"https:\/\/cdn.homewizard.com\/wp-content\/uploads\/2025\/11\/Green-Friday-icon.webp","contentUrl":"https:\/\/cdn.homewizard.com\/wp-content\/uploads\/2025\/11\/Green-Friday-icon.webp"},{"@type":"BreadcrumbList","@id":"https:\/\/www.homewizard.com\/fr-lu\/green-friday\/#breadcrumb","itemListElement":[{"@type":"ListItem","position":1,"name":"Home","item":"https:\/\/www.homewizard.com\/fr-lu\/"},{"@type":"ListItem","position":2,"name":"Green Friday"}]},{"@type":"WebSite","@id":"https:\/\/www.homewizard.com\/fr-lu\/#website","url":"https:\/\/www.homewizard.com\/fr-lu\/","name":"HomeWizard","description":"HomeWizard Energy","publisher":{"@id":"https:\/\/www.homewizard.com\/fr-lu\/#organization"},"potentialAction":[{"@type":"SearchAction","target":{"@type":"EntryPoint","urlTemplate":"https:\/\/www.homewizard.com\/fr-lu\/?s={search_term_string}"},"query-input":{"@type":"PropertyValueSpecification","valueRequired":true,"valueName":"search_term_string"}}],"inLanguage":"fr-LU"},{"@type":"Organization","@id":"https:\/\/www.homewizard.com\/fr-lu\/#organization","name":"HomeWizard","url":"https:\/\/www.homewizard.com\/fr-lu\/","logo":{"@type":"ImageObject","inLanguage":"fr-LU","@id":"https:\/\/www.homewizard.com\/fr-lu\/#\/schema\/logo\/image\/","url":"https:\/\/www.homewizard.com\/wp-content\/uploads\/2023\/06\/HomeWizard-icon-on-black.png","contentUrl":"https:\/\/www.homewizard.com\/wp-content\/uploads\/2023\/06\/HomeWizard-icon-on-black.png","width":500,"height":500,"caption":"HomeWizard"},"image":{"@id":"https:\/\/www.homewizard.com\/fr-lu\/#\/schema\/logo\/image\/"},"sameAs":["https:\/\/www.facebook.com\/HomeWizardBV\/","https:\/\/x.com\/HomeWizard_NL","https:\/\/www.youtube.com\/HomeWizardBV","https:\/\/www.instagram.com\/homewizardenergy\/"]}]}},"_links":{"self":[{"href":"https:\/\/www.homewizard.com\/fr-lu\/wp-json\/wp\/v2\/pages\/1840834","targetHints":{"allow":["GET"]}}],"collection":[{"href":"https:\/\/www.homewizard.com\/fr-lu\/wp-json\/wp\/v2\/pages"}],"about":[{"href":"https:\/\/www.homewizard.com\/fr-lu\/wp-json\/wp\/v2\/types\/page"}],"author":[{"embeddable":true,"href":"https:\/\/www.homewizard.com\/fr-lu\/wp-json\/wp\/v2\/users\/702268"}],"replies":[{"embeddable":true,"href":"https:\/\/www.homewizard.com\/fr-lu\/wp-json\/wp\/v2\/comments?post=1840834"}],"version-history":[{"count":12,"href":"https:\/\/www.homewizard.com\/fr-lu\/wp-json\/wp\/v2\/pages\/1840834\/revisions"}],"predecessor-version":[{"id":1907115,"href":"https:\/\/www.homewizard.com\/fr-lu\/wp-json\/wp\/v2\/pages\/1840834\/revisions\/1907115"}],"wp:attachment":[{"href":"https:\/\/www.homewizard.com\/fr-lu\/wp-json\/wp\/v2\/media?parent=1840834"}],"curies":[{"name":"wp","href":"https:\/\/api.w.org\/{rel}","templated":true}]}}