{"id":190142,"date":"2021-12-07T15:32:03","date_gmt":"2021-12-07T14:32:03","guid":{"rendered":"https:\/\/www.homewizard.com\/shop\/splitter-actif-p1\/"},"modified":"2026-05-03T11:57:26","modified_gmt":"2026-05-03T09:57:26","slug":"splitter-actif-p1","status":"publish","type":"product","link":"https:\/\/www.homewizard.com\/fr-be\/boutique\/splitter-actif-p1\/","title":{"rendered":"P1 Splitter"},"content":{"rendered":"\n<p class=\" eplus-wrapper\">Transformez 1 port P1 en 3 ports P1. Par exemple, vous pouvez utiliser un compteur HomeWizard P1 avec une station de recharge, Eneco Toon ou d&rsquo;autres appareils P1.<\/p>\n\n<h2 class=\" wp-block-heading eplus-wrapper\">Fonctionne avec tous les compteurs intelligents et les appareils P1.<\/h2>\n\n<p class=\" eplus-wrapper\">Le P1 Splitter de HomeWizard cr\u00e9e 3 signaux de donn\u00e9es P1 isol\u00e9s. Par cons\u00e9quent, le compteur P1 fonctionne parfaitement et de mani\u00e8re fiable avec toutes les stations de recharge pour voitures, Eneco Toon et autres appareils P1, contrairement aux Splitters ordinaires.<\/p>\n\n<h2 class=\" wp-block-heading eplus-wrapper\">Amplificateurs de signaux int\u00e9gr\u00e9s.<\/h2>\n\n<p class=\" eplus-wrapper\">Le Splitter peut amplifier les signaux entrants jusqu&rsquo;\u00e0 500 % pour une connexion fiable. Les amplificateurs permettent \u00e9galement de connecter les appareils P1 \u00e0 une longue distance.<\/p>\n\n<div class=\" wp-block-media-text has-media-on-the-right is-stacked-on-mobile eplus-wrapper\" style=\"grid-template-columns:auto 40%\"><div class=\"wp-block-media-text__content\">\n<h2 class=\" wp-block-heading eplus-wrapper\">Alimentation \u00e9lectrique flexible.<\/h2>\n\n\n\n<p class=\" eplus-wrapper\">Le P1 Splitter peut \u00eatre aliment\u00e9 en \u00e9lectricit\u00e9 de diff\u00e9rentes mani\u00e8res.<\/p>\n\n\n<ul class=\" wp-block-list eplus-wrapper eplus-styles-uid-fba222\">\n<li class=\" eplus-wrapper\"><strong>Compteur intelligent : <\/strong>Via le c\u00e2ble P1 d&rsquo;un compteur intelligent (SMR 5 ou sup\u00e9rieur). Aucune alimentation externe n&rsquo;est requise.<\/li>\n\n\n\n<li class=\" eplus-wrapper\"><strong>USB-C<\/strong>: Un adaptateur \u00e9lectrique externe (5V 1A).<\/li>\n\n\n\n<li class=\" eplus-wrapper\"><strong>Compteur P1<\/strong>: Sur l&rsquo;un des ports via un compteur HomeWizard P1 avec une connexion USB.<\/li>\n<\/ul><\/div><figure class=\"wp-block-media-text__media\"><img loading=\"lazy\" decoding=\"async\" width=\"1024\" height=\"1024\" src=\"https:\/\/www.homewizard.com\/wp-content\/uploads\/2021\/12\/P1_splitter_angle-1024x1024.png\" alt=\"HomeWizard actieve P1 splitter\" class=\"wp-image-4654 size-full\" srcset=\"https:\/\/www.homewizard.com\/wp-content\/uploads\/2021\/12\/P1_splitter_angle-1024x1024.png 1024w, https:\/\/www.homewizard.com\/wp-content\/uploads\/2021\/12\/P1_splitter_angle-500x500.png 500w, https:\/\/www.homewizard.com\/wp-content\/uploads\/2021\/12\/P1_splitter_angle-124x124.png 124w, https:\/\/www.homewizard.com\/wp-content\/uploads\/2021\/12\/P1_splitter_angle-800x800.png 800w, https:\/\/www.homewizard.com\/wp-content\/uploads\/2021\/12\/P1_splitter_angle-300x300.png 300w, https:\/\/www.homewizard.com\/wp-content\/uploads\/2021\/12\/P1_splitter_angle-150x150.png 150w, https:\/\/www.homewizard.com\/wp-content\/uploads\/2021\/12\/P1_splitter_angle-768x768.png 768w, https:\/\/www.homewizard.com\/wp-content\/uploads\/2021\/12\/P1_splitter_angle-400x400.png 400w, https:\/\/www.homewizard.com\/wp-content\/uploads\/2021\/12\/P1_splitter_angle-600x600.png 600w\" sizes=\"auto, (max-width: 1024px) 100vw, 1024px\" \/><\/figure><\/div>\n\n<h2 class=\" wp-block-heading eplus-wrapper\">Voyez imm\u00e9diatement si tout fonctionne.<\/h2>\n\n<p class=\" eplus-wrapper\">V\u00e9rifiez facilement si votre port P1 ou vos dispositifs P1 fonctionnent. Le voyant PWR indique que le Splitter fonctionne (orange) et que les amplificateurs du Splitter sont allum\u00e9s (vert). Vous pouvez voir quand les dispositifs connect\u00e9s demandent des donn\u00e9es et quelle est la fr\u00e9quence des donn\u00e9es du port p1 (entr\u00e9e P1). Ainsi, vous pouvez voir directement \u00e0 partir du Splitter si vos appareils et c\u00e2bles connect\u00e9s fonctionnent correctement.<\/p>\n\n<h2 class=\" wp-block-heading eplus-wrapper\">Dans la bo\u00eete<\/h2>\n<ul class=\" wp-block-list eplus-wrapper eplus-styles-uid-f95907\">\n<li class=\" eplus-wrapper\">P1 Splitter<\/li>\n\n\n\n<li class=\" eplus-wrapper\">C\u00e2ble RJ12<\/li>\n<\/ul>","protected":false},"excerpt":{"rendered":"<p>Connectez plusieurs appareils \u00e0 votre port P1.<\/p>\n","protected":false},"featured_media":190143,"template":"","meta":{"_acf_changed":false,"editor_plus_copied_stylings":"{}"},"product_brand":[],"product_cat":[109,110],"product_tag":[],"class_list":{"0":"post-190142","1":"product","2":"type-product","3":"status-publish","4":"has-post-thumbnail","6":"product_cat-produits","7":"product_cat-tous","9":"first","10":"onbackorder","11":"taxable","12":"shipping-taxable","13":"purchasable","14":"product-type-simple"},"acf":[],"yoast_head":"<!-- This site is optimized with the Yoast SEO plugin v27.0 - https:\/\/yoast.com\/product\/yoast-seo-wordpress\/ -->\n<title>Commandez votre splitter P1 actif ici - HomeWizard<\/title>\n<meta name=\"description\" content=\"\u00c9tendez le port P1 de votre compteur intelligent avec le Splitter actif P1. Connectez jusqu&#039;\u00e0 3 appareils P1 en m\u00eame temps.\" \/>\n<meta name=\"robots\" content=\"index, follow, max-snippet:-1, max-image-preview:large, max-video-preview:-1\" \/>\n<link rel=\"canonical\" href=\"https:\/\/www.homewizard.com\/fr-be\/boutique\/splitter-actif-p1\/\" \/>\n<meta property=\"og:locale\" content=\"fr_FR\" \/>\n<meta property=\"og:type\" content=\"article\" \/>\n<meta property=\"og:title\" content=\"Commandez votre splitter P1 actif ici - HomeWizard\" \/>\n<meta property=\"og:description\" content=\"\u00c9tendez le port P1 de votre compteur intelligent avec le Splitter actif P1. Connectez jusqu&#039;\u00e0 3 appareils P1 en m\u00eame temps.\" \/>\n<meta property=\"og:url\" content=\"https:\/\/www.homewizard.com\/fr-be\/boutique\/splitter-actif-p1\/\" \/>\n<meta property=\"og:site_name\" content=\"HomeWizard\" \/>\n<meta property=\"article:publisher\" content=\"https:\/\/www.facebook.com\/HomeWizardBV\/\" \/>\n<meta property=\"article:modified_time\" content=\"2026-05-03T09:57:26+00:00\" \/>\n<meta property=\"og:image\" content=\"https:\/\/www.homewizard.com\/wp-content\/uploads\/2021\/12\/Artboard.png\" \/>\n\t<meta property=\"og:image:width\" content=\"2400\" \/>\n\t<meta property=\"og:image:height\" content=\"2400\" \/>\n\t<meta property=\"og:image:type\" content=\"image\/png\" \/>\n<meta name=\"twitter:card\" content=\"summary_large_image\" \/>\n<meta name=\"twitter:site\" content=\"@HomeWizard_NL\" \/>\n<meta name=\"twitter:label1\" content=\"Dur\u00e9e de lecture est.\" \/>\n\t<meta name=\"twitter:data1\" content=\"2 minutes\" \/>\n<script type=\"application\/ld+json\" class=\"yoast-schema-graph\">{\"@context\":\"https:\/\/schema.org\",\"@graph\":[{\"@type\":\"WebPage\",\"@id\":\"https:\/\/www.homewizard.com\/fr-be\/boutique\/splitter-actif-p1\/\",\"url\":\"https:\/\/www.homewizard.com\/fr-be\/boutique\/splitter-actif-p1\/\",\"name\":\"Commandez votre splitter P1 actif ici - HomeWizard\",\"isPartOf\":{\"@id\":\"https:\/\/www.homewizard.com\/fr-be\/#website\"},\"primaryImageOfPage\":{\"@id\":\"https:\/\/www.homewizard.com\/fr-be\/boutique\/splitter-actif-p1\/#primaryimage\"},\"image\":{\"@id\":\"https:\/\/www.homewizard.com\/fr-be\/boutique\/splitter-actif-p1\/#primaryimage\"},\"thumbnailUrl\":\"https:\/\/www.homewizard.com\/wp-content\/uploads\/2021\/12\/Artboard.png\",\"datePublished\":\"2021-12-07T14:32:03+00:00\",\"dateModified\":\"2026-05-03T09:57:26+00:00\",\"description\":\"\u00c9tendez le port P1 de votre compteur intelligent avec le Splitter actif P1. Connectez jusqu'\u00e0 3 appareils P1 en m\u00eame temps.\",\"breadcrumb\":{\"@id\":\"https:\/\/www.homewizard.com\/fr-be\/boutique\/splitter-actif-p1\/#breadcrumb\"},\"inLanguage\":\"fr-BE\",\"potentialAction\":[{\"@type\":\"ReadAction\",\"target\":[\"https:\/\/www.homewizard.com\/fr-be\/boutique\/splitter-actif-p1\/\"]}]},{\"@type\":\"ImageObject\",\"inLanguage\":\"fr-BE\",\"@id\":\"https:\/\/www.homewizard.com\/fr-be\/boutique\/splitter-actif-p1\/#primaryimage\",\"url\":\"https:\/\/www.homewizard.com\/wp-content\/uploads\/2021\/12\/Artboard.png\",\"contentUrl\":\"https:\/\/www.homewizard.com\/wp-content\/uploads\/2021\/12\/Artboard.png\",\"width\":2400,\"height\":2400,\"caption\":\"HomeWizard P1 Splitter\"},{\"@type\":\"BreadcrumbList\",\"@id\":\"https:\/\/www.homewizard.com\/fr-be\/boutique\/splitter-actif-p1\/#breadcrumb\",\"itemListElement\":[{\"@type\":\"ListItem\",\"position\":1,\"name\":\"Home\",\"item\":\"https:\/\/www.homewizard.com\/fr-be\/\"},{\"@type\":\"ListItem\",\"position\":2,\"name\":\"Boutique\",\"item\":\"https:\/\/www.homewizard.com\/fr-be\/shop\/\"},{\"@type\":\"ListItem\",\"position\":3,\"name\":\"P1 Splitter\"}]},{\"@type\":\"WebSite\",\"@id\":\"https:\/\/www.homewizard.com\/fr-be\/#website\",\"url\":\"https:\/\/www.homewizard.com\/fr-be\/\",\"name\":\"HomeWizard\",\"description\":\"HomeWizard Energy\",\"publisher\":{\"@id\":\"https:\/\/www.homewizard.com\/fr-be\/#organization\"},\"potentialAction\":[{\"@type\":\"SearchAction\",\"target\":{\"@type\":\"EntryPoint\",\"urlTemplate\":\"https:\/\/www.homewizard.com\/fr-be\/?s={search_term_string}\"},\"query-input\":{\"@type\":\"PropertyValueSpecification\",\"valueRequired\":true,\"valueName\":\"search_term_string\"}}],\"inLanguage\":\"fr-BE\"},{\"@type\":\"Organization\",\"@id\":\"https:\/\/www.homewizard.com\/fr-be\/#organization\",\"name\":\"HomeWizard\",\"url\":\"https:\/\/www.homewizard.com\/fr-be\/\",\"logo\":{\"@type\":\"ImageObject\",\"inLanguage\":\"fr-BE\",\"@id\":\"https:\/\/www.homewizard.com\/fr-be\/#\/schema\/logo\/image\/\",\"url\":\"https:\/\/www.homewizard.com\/wp-content\/uploads\/2023\/06\/HomeWizard-icon-on-black.png\",\"contentUrl\":\"https:\/\/www.homewizard.com\/wp-content\/uploads\/2023\/06\/HomeWizard-icon-on-black.png\",\"width\":500,\"height\":500,\"caption\":\"HomeWizard\"},\"image\":{\"@id\":\"https:\/\/www.homewizard.com\/fr-be\/#\/schema\/logo\/image\/\"},\"sameAs\":[\"https:\/\/www.facebook.com\/HomeWizardBV\/\",\"https:\/\/x.com\/HomeWizard_NL\",\"https:\/\/www.youtube.com\/HomeWizardBV\",\"https:\/\/www.instagram.com\/homewizardenergy\/\"]}]}<\/script>\n<!-- \/ Yoast SEO plugin. -->","yoast_head_json":{"title":"Commandez votre splitter P1 actif ici - HomeWizard","description":"\u00c9tendez le port P1 de votre compteur intelligent avec le Splitter actif P1. Connectez jusqu'\u00e0 3 appareils P1 en m\u00eame temps.","robots":{"index":"index","follow":"follow","max-snippet":"max-snippet:-1","max-image-preview":"max-image-preview:large","max-video-preview":"max-video-preview:-1"},"canonical":"https:\/\/www.homewizard.com\/fr-be\/boutique\/splitter-actif-p1\/","og_locale":"fr_FR","og_type":"article","og_title":"Commandez votre splitter P1 actif ici - HomeWizard","og_description":"\u00c9tendez le port P1 de votre compteur intelligent avec le Splitter actif P1. Connectez jusqu'\u00e0 3 appareils P1 en m\u00eame temps.","og_url":"https:\/\/www.homewizard.com\/fr-be\/boutique\/splitter-actif-p1\/","og_site_name":"HomeWizard","article_publisher":"https:\/\/www.facebook.com\/HomeWizardBV\/","article_modified_time":"2026-05-03T09:57:26+00:00","og_image":[{"width":2400,"height":2400,"url":"https:\/\/www.homewizard.com\/wp-content\/uploads\/2021\/12\/Artboard.png","type":"image\/png"}],"twitter_card":"summary_large_image","twitter_site":"@HomeWizard_NL","twitter_misc":{"Dur\u00e9e de lecture est.":"2 minutes"},"schema":{"@context":"https:\/\/schema.org","@graph":[{"@type":"WebPage","@id":"https:\/\/www.homewizard.com\/fr-be\/boutique\/splitter-actif-p1\/","url":"https:\/\/www.homewizard.com\/fr-be\/boutique\/splitter-actif-p1\/","name":"Commandez votre splitter P1 actif ici - HomeWizard","isPartOf":{"@id":"https:\/\/www.homewizard.com\/fr-be\/#website"},"primaryImageOfPage":{"@id":"https:\/\/www.homewizard.com\/fr-be\/boutique\/splitter-actif-p1\/#primaryimage"},"image":{"@id":"https:\/\/www.homewizard.com\/fr-be\/boutique\/splitter-actif-p1\/#primaryimage"},"thumbnailUrl":"https:\/\/www.homewizard.com\/wp-content\/uploads\/2021\/12\/Artboard.png","datePublished":"2021-12-07T14:32:03+00:00","dateModified":"2026-05-03T09:57:26+00:00","description":"\u00c9tendez le port P1 de votre compteur intelligent avec le Splitter actif P1. Connectez jusqu'\u00e0 3 appareils P1 en m\u00eame temps.","breadcrumb":{"@id":"https:\/\/www.homewizard.com\/fr-be\/boutique\/splitter-actif-p1\/#breadcrumb"},"inLanguage":"fr-BE","potentialAction":[{"@type":"ReadAction","target":["https:\/\/www.homewizard.com\/fr-be\/boutique\/splitter-actif-p1\/"]}]},{"@type":"ImageObject","inLanguage":"fr-BE","@id":"https:\/\/www.homewizard.com\/fr-be\/boutique\/splitter-actif-p1\/#primaryimage","url":"https:\/\/www.homewizard.com\/wp-content\/uploads\/2021\/12\/Artboard.png","contentUrl":"https:\/\/www.homewizard.com\/wp-content\/uploads\/2021\/12\/Artboard.png","width":2400,"height":2400,"caption":"HomeWizard P1 Splitter"},{"@type":"BreadcrumbList","@id":"https:\/\/www.homewizard.com\/fr-be\/boutique\/splitter-actif-p1\/#breadcrumb","itemListElement":[{"@type":"ListItem","position":1,"name":"Home","item":"https:\/\/www.homewizard.com\/fr-be\/"},{"@type":"ListItem","position":2,"name":"Boutique","item":"https:\/\/www.homewizard.com\/fr-be\/shop\/"},{"@type":"ListItem","position":3,"name":"P1 Splitter"}]},{"@type":"WebSite","@id":"https:\/\/www.homewizard.com\/fr-be\/#website","url":"https:\/\/www.homewizard.com\/fr-be\/","name":"HomeWizard","description":"HomeWizard Energy","publisher":{"@id":"https:\/\/www.homewizard.com\/fr-be\/#organization"},"potentialAction":[{"@type":"SearchAction","target":{"@type":"EntryPoint","urlTemplate":"https:\/\/www.homewizard.com\/fr-be\/?s={search_term_string}"},"query-input":{"@type":"PropertyValueSpecification","valueRequired":true,"valueName":"search_term_string"}}],"inLanguage":"fr-BE"},{"@type":"Organization","@id":"https:\/\/www.homewizard.com\/fr-be\/#organization","name":"HomeWizard","url":"https:\/\/www.homewizard.com\/fr-be\/","logo":{"@type":"ImageObject","inLanguage":"fr-BE","@id":"https:\/\/www.homewizard.com\/fr-be\/#\/schema\/logo\/image\/","url":"https:\/\/www.homewizard.com\/wp-content\/uploads\/2023\/06\/HomeWizard-icon-on-black.png","contentUrl":"https:\/\/www.homewizard.com\/wp-content\/uploads\/2023\/06\/HomeWizard-icon-on-black.png","width":500,"height":500,"caption":"HomeWizard"},"image":{"@id":"https:\/\/www.homewizard.com\/fr-be\/#\/schema\/logo\/image\/"},"sameAs":["https:\/\/www.facebook.com\/HomeWizardBV\/","https:\/\/x.com\/HomeWizard_NL","https:\/\/www.youtube.com\/HomeWizardBV","https:\/\/www.instagram.com\/homewizardenergy\/"]}]}},"_links":{"self":[{"href":"https:\/\/www.homewizard.com\/fr-be\/wp-json\/wp\/v2\/product\/190142","targetHints":{"allow":["GET"]}}],"collection":[{"href":"https:\/\/www.homewizard.com\/fr-be\/wp-json\/wp\/v2\/product"}],"about":[{"href":"https:\/\/www.homewizard.com\/fr-be\/wp-json\/wp\/v2\/types\/product"}],"wp:featuredmedia":[{"embeddable":true,"href":"https:\/\/www.homewizard.com\/fr-be\/wp-json\/wp\/v2\/media\/190143"}],"wp:attachment":[{"href":"https:\/\/www.homewizard.com\/fr-be\/wp-json\/wp\/v2\/media?parent=190142"}],"wp:term":[{"taxonomy":"product_brand","embeddable":true,"href":"https:\/\/www.homewizard.com\/fr-be\/wp-json\/wp\/v2\/product_brand?post=190142"},{"taxonomy":"product_cat","embeddable":true,"href":"https:\/\/www.homewizard.com\/fr-be\/wp-json\/wp\/v2\/product_cat?post=190142"},{"taxonomy":"product_tag","embeddable":true,"href":"https:\/\/www.homewizard.com\/fr-be\/wp-json\/wp\/v2\/product_tag?post=190142"}],"curies":[{"name":"wp","href":"https:\/\/api.w.org\/{rel}","templated":true}]}}