{"id":190101,"date":"2022-06-03T11:02:27","date_gmt":"2022-06-03T09:02:27","guid":{"rendered":"https:\/\/www.homewizard.com\/shop\/compteur-deau-wi-fi\/"},"modified":"2026-05-03T12:53:43","modified_gmt":"2026-05-03T10:53:43","slug":"compteur-deau-wi-fi","status":"publish","type":"product","link":"https:\/\/www.homewizard.com\/fr-be\/boutique\/compteur-deau-wi-fi\/","title":{"rendered":"Compteur d&rsquo;eau Wi-Fi"},"content":{"rendered":"\n<p class=\" eplus-wrapper\">\u00c9conomisez sur votre facture d&rsquo;eau gr\u00e2ce \u00e0 notre compteur d&rsquo;eau intelligent ! Le compteur d&rsquo;eau HomeWizard vous permet de conna\u00eetre en direct votre consommation d&rsquo;eau. Vous savez ainsi exactement quelle quantit\u00e9 d&rsquo;eau vous utilisez lorsque vous remplissez votre bain, lorsque vous vous lavez les mains ou lorsque vous prenez une douche.<\/p>\n\n\n\n<p class=\" eplus-wrapper\">Vous pouvez raccorder le compteur vous-m\u00eame : aucune aide professionnelle n&rsquo;est n\u00e9cessaire. En quelques minutes, vous serez pr\u00eat \u00e0 l&rsquo;utiliser et \u00e0 commencer \u00e0 \u00e9conomiser sur votre facture d&rsquo;eau.<\/p>\n\n\n\n<div class=\" wp-block-media-text has-media-on-the-right is-stacked-on-mobile eplus-wrapper\" style=\"grid-template-columns:auto 33%\"><div class=\"wp-block-media-text__content\">\n<h2 class=\" wp-block-heading eplus-wrapper\"><strong>Application flexible<\/strong>.<\/h2>\n\n\n\n<p class=\" eplus-wrapper\">Vous pouvez connecter le compteur d&rsquo;eau intelligent HomeWizard \u00e0 votre Wi-Fi et \u00e0 votre compteur d&rsquo;eau. \u00c0 partir de l\u00e0, notre compteur d&rsquo;eau intelligent lira votre compteur d&rsquo;eau analogique. Les sp\u00e9cifications de notre compteur d&rsquo;eau sont les suivantes.<\/p>\n\n\n\n<p class=\" eplus-wrapper\"><\/p>\n\n\n\n<h3 class=\" wp-block-heading eplus-wrapper\"><strong>Lit votre compteur d&rsquo;eau analogique<\/strong>.<\/h3>\n\n\n\n<p class=\" eplus-wrapper\">Avec le jeu de supports inclus, vous pouvez placer le Watermeter en 2 minutes sur la plupart des compteurs d&rsquo;eau analogiques Zenner, Sensus, Itron, Actaris, Hidroconta, Schlumberger, Elster, Honeywell, Maddalena MVM, DH Metering et Diehl Metering existants. Il suffit de cliquer le Watermeter sur le support, de le connecter au Wi-Fi et le tour est jou\u00e9. Consultez l&rsquo;article de notre service d&rsquo;assistance : <a href=\"https:\/\/helpdesk.homewizard.com\/articles\/6287701\">Mon Watermeter analogique est-il compatible et comment est-ce que je l&rsquo;installe&nbsp;?<\/a> pour vous assurer qu&rsquo;il est compatible et pour savoir comment installer le Watermeter.<\/p>\n<\/div><figure class=\"wp-block-media-text__media\"><img loading=\"lazy\" decoding=\"async\" width=\"700\" height=\"746\" src=\"https:\/\/www.homewizard.com\/wp-content\/uploads\/2023\/02\/homewizard-watermeter-mounting.png\" alt=\"\" class=\"wp-image-261356 size-full\" srcset=\"https:\/\/www.homewizard.com\/wp-content\/uploads\/2023\/02\/homewizard-watermeter-mounting.png 700w, https:\/\/www.homewizard.com\/wp-content\/uploads\/2023\/02\/homewizard-watermeter-mounting-282x300.png 282w, https:\/\/www.homewizard.com\/wp-content\/uploads\/2023\/02\/homewizard-watermeter-mounting-600x639.png 600w\" sizes=\"auto, (max-width: 700px) 100vw, 700px\" \/><\/figure><\/div>\n\n\n\n<h3 class=\" wp-block-heading eplus-wrapper\"><strong>Connectable par c\u00e2ble ou par batterie<\/strong>.<\/h3>\n\n\n\n<p class=\" eplus-wrapper\">Le compteur d&rsquo;eau intelligent peut \u00eatre aliment\u00e9 par un c\u00e2ble. Cet appareil peut mesurer jusqu&rsquo;\u00e0 200 litres par minute, ce qui est largement suffisant pour un m\u00e9nage normal ! Le compteur envoie ces donn\u00e9es en direct \u00e0 notre application gratuite. Cela vous permet de conna\u00eetre votre consommation d&rsquo;eau et de l&rsquo;\u00e9conomiser.<\/p>\n\n\n\n<p class=\" eplus-wrapper\">Vous n&rsquo;avez pas de prise de courant \u00e0 proximit\u00e9 du compteur d&rsquo;eau ? Pas de probl\u00e8me ! Notre compteur d&rsquo;eau Wi-Fi fonctionne \u00e9galement avec des piles, que vous pouvez commander en m\u00eame temps que le compteur. Avec un jeu de piles, le compteur dure jusqu&rsquo;\u00e0 un an et peut mesurer jusqu&rsquo;\u00e0 30 litres par minute. Dans ce cas, les donn\u00e9es sont envoy\u00e9es \u00e0 l&rsquo;application quatre fois par jour.<\/p>\n\n\n\n<div style=\"height:15px\" aria-hidden=\"true\" class=\" wp-block-spacer eplus-wrapper\"><\/div>\n\n\n\n<h3 class=\" wp-block-heading eplus-wrapper\"><strong>Mesurez facilement et pr\u00e9cis\u00e9ment votre consommation d&rsquo;eau<\/strong>.<\/h3>\n\n\n\n<p class=\" eplus-wrapper\">Comme mentionn\u00e9 ci-dessus, notre compteur d&rsquo;eau peut mesurer jusqu&rsquo;\u00e0 30 litres par minute sur batterie, et jusqu&rsquo;\u00e0 200 litres par minute avec une connexion par c\u00e2ble. Selon un <a href=\"https:\/\/www.services.eaufrance.fr\/cms\/\/uploads\/guide_50_trucs_astuces_economies_7c36d08051.pdf\">rapport du Sispea (Syst\u00e8me d&rsquo;information des services publics d&rsquo;eau et d&rsquo;assainissement) de juin 2022<\/a>, une personne moyenne consomme environ 148 litres d&rsquo;eau par jour. eau.veolia.fr indique que la douche consomme environ 70 litres, soit entre 4 et 8 litres par minute. Cela signifie que notre compteur d&rsquo;eau peut mesurer plus qu&rsquo;il n&rsquo;en faut !<\/p>\n\n\n\n<h2 class=\" wp-block-heading eplus-wrapper\">Des informations imm\u00e9diates gr\u00e2ce \u00e0 notre application gratuite.<\/h2>\n\n\n\n<p class=\" eplus-wrapper\">Comprendre sa consommation d&rsquo;eau est incroyablement facile avec le compteur d&rsquo;eau intelligent ! Ajoutez le compteur d&rsquo;eau \u00e0 <a href=\"https:\/\/helpdesk.homewizard.com\/fr\/collections\/3319573-utilisation-de-homewizard-energy\">l&rsquo;application HomeWizard<\/a> et obtenez un aper\u00e7u instantan\u00e9 de votre consommation d&rsquo;eau. Cela vous permet de proc\u00e9der \u00e0 des ajustements en temps utile si n\u00e9cessaire. L&rsquo;application HomeWizard est disponible sur <a href=\"https:\/\/play.google.com\/store\/apps\/details?id=nl.homewizard.android.energy&amp;pcampaignid=pcampaignidMKT-Other-global-all-co-prtnr-py-PartBadge-Mar2515-1\">Android<\/a> et <a href=\"https:\/\/apps.apple.com\/fr\/app\/homewizard-energy\/id1492427207?ign-itscg=30200&amp;ign-itsct=apps_box_badge\">iOS<\/a>.<\/p>\n\n\n<div class=\"wp-block-image is-resized\">\n<figure class=\"aligncenter size-full eplus-wrapper\"><img loading=\"lazy\" decoding=\"async\" width=\"1236\" height=\"2560\" src=\"https:\/\/www.homewizard.com\/wp-content\/uploads\/2025\/12\/Iphone-staand-front-all-ebike-gescrolld-water-boven-EN-1-scaled.png\" alt=\"\" class=\"wp-image-1930288\" style=\"width:250px\" srcset=\"https:\/\/www.homewizard.com\/wp-content\/uploads\/2025\/12\/Iphone-staand-front-all-ebike-gescrolld-water-boven-EN-1-scaled.png 1236w, https:\/\/www.homewizard.com\/wp-content\/uploads\/2025\/12\/Iphone-staand-front-all-ebike-gescrolld-water-boven-EN-1-145x300.png 145w, https:\/\/www.homewizard.com\/wp-content\/uploads\/2025\/12\/Iphone-staand-front-all-ebike-gescrolld-water-boven-EN-1-494x1024.png 494w, https:\/\/www.homewizard.com\/wp-content\/uploads\/2025\/12\/Iphone-staand-front-all-ebike-gescrolld-water-boven-EN-1-768x1591.png 768w, https:\/\/www.homewizard.com\/wp-content\/uploads\/2025\/12\/Iphone-staand-front-all-ebike-gescrolld-water-boven-EN-1-741x1536.png 741w, https:\/\/www.homewizard.com\/wp-content\/uploads\/2025\/12\/Iphone-staand-front-all-ebike-gescrolld-water-boven-EN-1-989x2048.png 989w, https:\/\/www.homewizard.com\/wp-content\/uploads\/2025\/12\/Iphone-staand-front-all-ebike-gescrolld-water-boven-EN-1-800x1657.png 800w\" sizes=\"auto, (max-width: 1236px) 100vw, 1236px\" \/><\/figure>\n<\/div>\n\n\n<p class=\" eplus-wrapper\"><\/p>\n\n\n\n<h2 class=\" wp-block-heading eplus-wrapper\"><strong>Que contient la bo\u00eete ?<\/strong><\/h2>\n\n\n\n<p class=\" eplus-wrapper\">La bo\u00eete contient tout ce dont vous avez besoin pour commencer \u00e0 utiliser notre compteur d&rsquo;eau intelligent. Dans le paquet, vous trouverez :<\/p>\n\n\n<ul class=\" wp-block-list eplus-wrapper eplus-styles-uid-89a93a\">\n<li class=\" eplus-wrapper\">Le compteur d&rsquo;eau intelligent<\/li>\n\n\n\n<li class=\" eplus-wrapper\">Un adaptateur pour le compteur d&rsquo;eau intelligent<\/li>\n\n\n\n<li class=\" eplus-wrapper\">Alimentation USB de 5 V<\/li>\n\n\n\n<li class=\" eplus-wrapper\">C\u00e2ble USB-C de 3 m\u00e8tres<\/li>\n\n\n\n<li class=\" eplus-wrapper\">Guide de d\u00e9marrage rapide<\/li>\n<\/ul>","protected":false},"excerpt":{"rendered":"<p>Faites le point sur votre consommation d&rsquo;eau<\/p>\n","protected":false},"featured_media":190105,"template":"","meta":{"_acf_changed":false,"editor_plus_copied_stylings":"{}"},"product_brand":[],"product_cat":[109,110],"product_tag":[],"class_list":{"0":"post-190101","1":"product","2":"type-product","3":"status-publish","4":"has-post-thumbnail","6":"product_cat-produits","7":"product_cat-tous","9":"first","10":"instock","11":"taxable","12":"shipping-taxable","13":"purchasable","14":"product-type-simple"},"acf":[],"yoast_head":"<!-- This site is optimized with the Yoast SEO plugin v27.0 - https:\/\/yoast.com\/product\/yoast-seo-wordpress\/ -->\n<title>Commandez votre compteur d&#039;eau Wi-Fi intelligent ! - HomeWizard<\/title>\n<meta name=\"description\" content=\"Obtenez le compteur d&#039;eau intelligent HomeWizard et d\u00e9couvrez votre consommation d&#039;eau ! \u2713 2 ans de garantie \u2713 livraison gratuite \u00e0 partir de \u20ac75\" \/>\n<meta name=\"robots\" content=\"index, follow, max-snippet:-1, max-image-preview:large, max-video-preview:-1\" \/>\n<link rel=\"canonical\" href=\"https:\/\/www.homewizard.com\/fr-be\/boutique\/compteur-deau-wi-fi\/\" \/>\n<meta property=\"og:locale\" content=\"fr_FR\" \/>\n<meta property=\"og:type\" content=\"article\" \/>\n<meta property=\"og:title\" content=\"Commandez votre compteur d&#039;eau Wi-Fi intelligent ! - HomeWizard\" \/>\n<meta property=\"og:description\" content=\"Obtenez le compteur d&#039;eau intelligent HomeWizard et d\u00e9couvrez votre consommation d&#039;eau ! \u2713 2 ans de garantie \u2713 livraison gratuite \u00e0 partir de \u20ac75\" \/>\n<meta property=\"og:url\" content=\"https:\/\/www.homewizard.com\/fr-be\/boutique\/compteur-deau-wi-fi\/\" \/>\n<meta property=\"og:site_name\" content=\"HomeWizard\" \/>\n<meta property=\"article:publisher\" content=\"https:\/\/www.facebook.com\/HomeWizardBV\/\" \/>\n<meta property=\"article:modified_time\" content=\"2026-05-03T10:53:43+00:00\" \/>\n<meta property=\"og:image\" content=\"https:\/\/www.homewizard.com\/wp-content\/uploads\/2022\/06\/Watermeter_side.png\" \/>\n\t<meta property=\"og:image:width\" content=\"1900\" \/>\n\t<meta property=\"og:image:height\" content=\"1900\" \/>\n\t<meta property=\"og:image:type\" content=\"image\/png\" \/>\n<meta name=\"twitter:card\" content=\"summary_large_image\" \/>\n<meta name=\"twitter:site\" content=\"@HomeWizard_NL\" \/>\n<meta name=\"twitter:label1\" content=\"Dur\u00e9e de lecture est.\" \/>\n\t<meta name=\"twitter:data1\" content=\"3 minutes\" \/>\n<script type=\"application\/ld+json\" class=\"yoast-schema-graph\">{\"@context\":\"https:\/\/schema.org\",\"@graph\":[{\"@type\":\"WebPage\",\"@id\":\"https:\/\/www.homewizard.com\/fr-be\/boutique\/compteur-deau-wi-fi\/\",\"url\":\"https:\/\/www.homewizard.com\/fr-be\/boutique\/compteur-deau-wi-fi\/\",\"name\":\"Commandez votre compteur d'eau Wi-Fi intelligent ! - HomeWizard\",\"isPartOf\":{\"@id\":\"https:\/\/www.homewizard.com\/fr-be\/#website\"},\"primaryImageOfPage\":{\"@id\":\"https:\/\/www.homewizard.com\/fr-be\/boutique\/compteur-deau-wi-fi\/#primaryimage\"},\"image\":{\"@id\":\"https:\/\/www.homewizard.com\/fr-be\/boutique\/compteur-deau-wi-fi\/#primaryimage\"},\"thumbnailUrl\":\"https:\/\/www.homewizard.com\/wp-content\/uploads\/2022\/06\/Watermeter_side.png\",\"datePublished\":\"2022-06-03T09:02:27+00:00\",\"dateModified\":\"2026-05-03T10:53:43+00:00\",\"description\":\"Obtenez le compteur d'eau intelligent HomeWizard et d\u00e9couvrez votre consommation d'eau ! \u2713 2 ans de garantie \u2713 livraison gratuite \u00e0 partir de \u20ac75\",\"breadcrumb\":{\"@id\":\"https:\/\/www.homewizard.com\/fr-be\/boutique\/compteur-deau-wi-fi\/#breadcrumb\"},\"inLanguage\":\"fr-BE\",\"potentialAction\":[{\"@type\":\"ReadAction\",\"target\":[\"https:\/\/www.homewizard.com\/fr-be\/boutique\/compteur-deau-wi-fi\/\"]}]},{\"@type\":\"ImageObject\",\"inLanguage\":\"fr-BE\",\"@id\":\"https:\/\/www.homewizard.com\/fr-be\/boutique\/compteur-deau-wi-fi\/#primaryimage\",\"url\":\"https:\/\/www.homewizard.com\/wp-content\/uploads\/2022\/06\/Watermeter_side.png\",\"contentUrl\":\"https:\/\/www.homewizard.com\/wp-content\/uploads\/2022\/06\/Watermeter_side.png\",\"width\":1900,\"height\":1900,\"caption\":\"Compteur d'eau Wi-Fi HomeWizard\"},{\"@type\":\"BreadcrumbList\",\"@id\":\"https:\/\/www.homewizard.com\/fr-be\/boutique\/compteur-deau-wi-fi\/#breadcrumb\",\"itemListElement\":[{\"@type\":\"ListItem\",\"position\":1,\"name\":\"Home\",\"item\":\"https:\/\/www.homewizard.com\/fr-be\/\"},{\"@type\":\"ListItem\",\"position\":2,\"name\":\"Boutique\",\"item\":\"https:\/\/www.homewizard.com\/fr-be\/shop\/\"},{\"@type\":\"ListItem\",\"position\":3,\"name\":\"Compteur d&#8217;eau Wi-Fi\"}]},{\"@type\":\"WebSite\",\"@id\":\"https:\/\/www.homewizard.com\/fr-be\/#website\",\"url\":\"https:\/\/www.homewizard.com\/fr-be\/\",\"name\":\"HomeWizard\",\"description\":\"HomeWizard Energy\",\"publisher\":{\"@id\":\"https:\/\/www.homewizard.com\/fr-be\/#organization\"},\"potentialAction\":[{\"@type\":\"SearchAction\",\"target\":{\"@type\":\"EntryPoint\",\"urlTemplate\":\"https:\/\/www.homewizard.com\/fr-be\/?s={search_term_string}\"},\"query-input\":{\"@type\":\"PropertyValueSpecification\",\"valueRequired\":true,\"valueName\":\"search_term_string\"}}],\"inLanguage\":\"fr-BE\"},{\"@type\":\"Organization\",\"@id\":\"https:\/\/www.homewizard.com\/fr-be\/#organization\",\"name\":\"HomeWizard\",\"url\":\"https:\/\/www.homewizard.com\/fr-be\/\",\"logo\":{\"@type\":\"ImageObject\",\"inLanguage\":\"fr-BE\",\"@id\":\"https:\/\/www.homewizard.com\/fr-be\/#\/schema\/logo\/image\/\",\"url\":\"https:\/\/www.homewizard.com\/wp-content\/uploads\/2023\/06\/HomeWizard-icon-on-black.png\",\"contentUrl\":\"https:\/\/www.homewizard.com\/wp-content\/uploads\/2023\/06\/HomeWizard-icon-on-black.png\",\"width\":500,\"height\":500,\"caption\":\"HomeWizard\"},\"image\":{\"@id\":\"https:\/\/www.homewizard.com\/fr-be\/#\/schema\/logo\/image\/\"},\"sameAs\":[\"https:\/\/www.facebook.com\/HomeWizardBV\/\",\"https:\/\/x.com\/HomeWizard_NL\",\"https:\/\/www.youtube.com\/HomeWizardBV\",\"https:\/\/www.instagram.com\/homewizardenergy\/\"]}]}<\/script>\n<!-- \/ Yoast SEO plugin. -->","yoast_head_json":{"title":"Commandez votre compteur d'eau Wi-Fi intelligent ! - HomeWizard","description":"Obtenez le compteur d'eau intelligent HomeWizard et d\u00e9couvrez votre consommation d'eau ! \u2713 2 ans de garantie \u2713 livraison gratuite \u00e0 partir de \u20ac75","robots":{"index":"index","follow":"follow","max-snippet":"max-snippet:-1","max-image-preview":"max-image-preview:large","max-video-preview":"max-video-preview:-1"},"canonical":"https:\/\/www.homewizard.com\/fr-be\/boutique\/compteur-deau-wi-fi\/","og_locale":"fr_FR","og_type":"article","og_title":"Commandez votre compteur d'eau Wi-Fi intelligent ! - HomeWizard","og_description":"Obtenez le compteur d'eau intelligent HomeWizard et d\u00e9couvrez votre consommation d'eau ! \u2713 2 ans de garantie \u2713 livraison gratuite \u00e0 partir de \u20ac75","og_url":"https:\/\/www.homewizard.com\/fr-be\/boutique\/compteur-deau-wi-fi\/","og_site_name":"HomeWizard","article_publisher":"https:\/\/www.facebook.com\/HomeWizardBV\/","article_modified_time":"2026-05-03T10:53:43+00:00","og_image":[{"width":1900,"height":1900,"url":"https:\/\/www.homewizard.com\/wp-content\/uploads\/2022\/06\/Watermeter_side.png","type":"image\/png"}],"twitter_card":"summary_large_image","twitter_site":"@HomeWizard_NL","twitter_misc":{"Dur\u00e9e de lecture est.":"3 minutes"},"schema":{"@context":"https:\/\/schema.org","@graph":[{"@type":"WebPage","@id":"https:\/\/www.homewizard.com\/fr-be\/boutique\/compteur-deau-wi-fi\/","url":"https:\/\/www.homewizard.com\/fr-be\/boutique\/compteur-deau-wi-fi\/","name":"Commandez votre compteur d'eau Wi-Fi intelligent ! - HomeWizard","isPartOf":{"@id":"https:\/\/www.homewizard.com\/fr-be\/#website"},"primaryImageOfPage":{"@id":"https:\/\/www.homewizard.com\/fr-be\/boutique\/compteur-deau-wi-fi\/#primaryimage"},"image":{"@id":"https:\/\/www.homewizard.com\/fr-be\/boutique\/compteur-deau-wi-fi\/#primaryimage"},"thumbnailUrl":"https:\/\/www.homewizard.com\/wp-content\/uploads\/2022\/06\/Watermeter_side.png","datePublished":"2022-06-03T09:02:27+00:00","dateModified":"2026-05-03T10:53:43+00:00","description":"Obtenez le compteur d'eau intelligent HomeWizard et d\u00e9couvrez votre consommation d'eau ! \u2713 2 ans de garantie \u2713 livraison gratuite \u00e0 partir de \u20ac75","breadcrumb":{"@id":"https:\/\/www.homewizard.com\/fr-be\/boutique\/compteur-deau-wi-fi\/#breadcrumb"},"inLanguage":"fr-BE","potentialAction":[{"@type":"ReadAction","target":["https:\/\/www.homewizard.com\/fr-be\/boutique\/compteur-deau-wi-fi\/"]}]},{"@type":"ImageObject","inLanguage":"fr-BE","@id":"https:\/\/www.homewizard.com\/fr-be\/boutique\/compteur-deau-wi-fi\/#primaryimage","url":"https:\/\/www.homewizard.com\/wp-content\/uploads\/2022\/06\/Watermeter_side.png","contentUrl":"https:\/\/www.homewizard.com\/wp-content\/uploads\/2022\/06\/Watermeter_side.png","width":1900,"height":1900,"caption":"Compteur d'eau Wi-Fi HomeWizard"},{"@type":"BreadcrumbList","@id":"https:\/\/www.homewizard.com\/fr-be\/boutique\/compteur-deau-wi-fi\/#breadcrumb","itemListElement":[{"@type":"ListItem","position":1,"name":"Home","item":"https:\/\/www.homewizard.com\/fr-be\/"},{"@type":"ListItem","position":2,"name":"Boutique","item":"https:\/\/www.homewizard.com\/fr-be\/shop\/"},{"@type":"ListItem","position":3,"name":"Compteur d&#8217;eau Wi-Fi"}]},{"@type":"WebSite","@id":"https:\/\/www.homewizard.com\/fr-be\/#website","url":"https:\/\/www.homewizard.com\/fr-be\/","name":"HomeWizard","description":"HomeWizard Energy","publisher":{"@id":"https:\/\/www.homewizard.com\/fr-be\/#organization"},"potentialAction":[{"@type":"SearchAction","target":{"@type":"EntryPoint","urlTemplate":"https:\/\/www.homewizard.com\/fr-be\/?s={search_term_string}"},"query-input":{"@type":"PropertyValueSpecification","valueRequired":true,"valueName":"search_term_string"}}],"inLanguage":"fr-BE"},{"@type":"Organization","@id":"https:\/\/www.homewizard.com\/fr-be\/#organization","name":"HomeWizard","url":"https:\/\/www.homewizard.com\/fr-be\/","logo":{"@type":"ImageObject","inLanguage":"fr-BE","@id":"https:\/\/www.homewizard.com\/fr-be\/#\/schema\/logo\/image\/","url":"https:\/\/www.homewizard.com\/wp-content\/uploads\/2023\/06\/HomeWizard-icon-on-black.png","contentUrl":"https:\/\/www.homewizard.com\/wp-content\/uploads\/2023\/06\/HomeWizard-icon-on-black.png","width":500,"height":500,"caption":"HomeWizard"},"image":{"@id":"https:\/\/www.homewizard.com\/fr-be\/#\/schema\/logo\/image\/"},"sameAs":["https:\/\/www.facebook.com\/HomeWizardBV\/","https:\/\/x.com\/HomeWizard_NL","https:\/\/www.youtube.com\/HomeWizardBV","https:\/\/www.instagram.com\/homewizardenergy\/"]}]}},"_links":{"self":[{"href":"https:\/\/www.homewizard.com\/fr-be\/wp-json\/wp\/v2\/product\/190101","targetHints":{"allow":["GET"]}}],"collection":[{"href":"https:\/\/www.homewizard.com\/fr-be\/wp-json\/wp\/v2\/product"}],"about":[{"href":"https:\/\/www.homewizard.com\/fr-be\/wp-json\/wp\/v2\/types\/product"}],"wp:featuredmedia":[{"embeddable":true,"href":"https:\/\/www.homewizard.com\/fr-be\/wp-json\/wp\/v2\/media\/190105"}],"wp:attachment":[{"href":"https:\/\/www.homewizard.com\/fr-be\/wp-json\/wp\/v2\/media?parent=190101"}],"wp:term":[{"taxonomy":"product_brand","embeddable":true,"href":"https:\/\/www.homewizard.com\/fr-be\/wp-json\/wp\/v2\/product_brand?post=190101"},{"taxonomy":"product_cat","embeddable":true,"href":"https:\/\/www.homewizard.com\/fr-be\/wp-json\/wp\/v2\/product_cat?post=190101"},{"taxonomy":"product_tag","embeddable":true,"href":"https:\/\/www.homewizard.com\/fr-be\/wp-json\/wp\/v2\/product_tag?post=190101"}],"curies":[{"name":"wp","href":"https:\/\/api.w.org\/{rel}","templated":true}]}}