{"id":1580974,"date":"2024-04-16T10:45:42","date_gmt":"2024-04-16T08:45:42","guid":{"rendered":"https:\/\/www.homewizard.com\/shop\/battery-pre-order\/"},"modified":"2026-04-13T08:35:03","modified_gmt":"2026-04-13T06:35:03","slug":"plug-in-battery","status":"publish","type":"product","link":"https:\/\/www.homewizard.com\/fr-be\/boutique\/plug-in-battery\/","title":{"rendered":"Plug-In Battery"},"content":{"rendered":"\n<h2 class=\" wp-block-heading eplus-wrapper\"><strong>La batterie domestique pour tous<\/strong>.<\/h2>\n\n\n\n<p class=\" eplus-wrapper\">Avec la <a href=\"https:\/\/www.homewizard.com\/fr-be\/plug-in-battery\/\">HomeWizard Plug-In Battery<\/a>, vous profitez au maximum de votre \u00e9nergie solaire. Stockez votre \u00e9lectricit\u00e9 pour plus tard, afin d\u2019injecter moins sur le r\u00e9seau. Et vous contribuez \u00e0 un monde plus durable.\r\n<\/p>\n\n\n<div class=\"wp-block-image \">\n<figure class=\"aligncenter size-large is-resized eplus-wrapper\"><img loading=\"lazy\" decoding=\"async\" width=\"1024\" height=\"599\" src=\"https:\/\/cdn.homewizard.com\/wp-content\/uploads\/2024\/06\/HomeWIzard-plugin-battery-featured-image-1024x599.jpg\" alt=\"\" class=\"wp-image-728716\" style=\"width:750px\" srcset=\"https:\/\/www.homewizard.com\/wp-content\/uploads\/2024\/06\/HomeWIzard-plugin-battery-featured-image-1024x599.jpg 1024w, https:\/\/www.homewizard.com\/wp-content\/uploads\/2024\/06\/HomeWIzard-plugin-battery-featured-image-300x175.jpg 300w, https:\/\/www.homewizard.com\/wp-content\/uploads\/2024\/06\/HomeWIzard-plugin-battery-featured-image-768x449.jpg 768w, https:\/\/www.homewizard.com\/wp-content\/uploads\/2024\/06\/HomeWIzard-plugin-battery-featured-image-800x468.jpg 800w\" sizes=\"auto, (max-width: 1024px) 100vw, 1024px\" \/><\/figure>\n<\/div>\n\n\n<h2 class=\" wp-block-heading eplus-wrapper\"><strong><strong>Installation facile et compatibilit\u00e9<\/strong><\/strong>.<\/h2>\n\n\n\n<p class=\" eplus-wrapper\">La Plug-In Battery est facile \u00e0 installer. Branchez-la dans une prise et suivez quelques \u00e9tapes simples dans l\u2019app gratuite HomeWizard. Pour utiliser la Plug-In Battery, vous avez besoin d\u2019un <a href=\"https:\/\/www.homewizard.com\/fr-be\/boutique\/compteur-wi-fi-p1\/\">P1 Meter<\/a>. Il permet une parfaite collaboration entre votre batterie et vos panneaux solaires.<\/p>\n\n\n\n<h2 class=\" wp-block-heading eplus-wrapper\"><strong>Connexion via wifi<\/strong>.<\/h2>\n\n\n\n<p class=\" eplus-wrapper\">De P1 Meter werkt via je lokale wifi samen met de batterij om de stroom in je woning te balanceren. Zo wordt het makkelijker om \u2018s nachts 0 op de meter te krijgen.&nbsp;<\/p>\n\n\n\n<h2 class=\" wp-block-heading eplus-wrapper\"><strong>S\u00e9curis\u00e9e et responsable : 0\u202f% cobalt et 0\u202f% mangan\u00e8se<\/strong>.<\/h2>\n\n\n\n<p class=\" eplus-wrapper\">La Plug-In Battery contient des cellules au lithium-fer-phosphate (LFP), plus s\u00fbres que les cellules lithium-ion (NMC). Elle est aussi exempte de mat\u00e9riaux nocifs comme le mangan\u00e8se et le cobalt. Un choix plus durable donc.<\/p>\n\n\n\n<h2 class=\" wp-block-heading eplus-wrapper\"><strong>Aper\u00e7u direct avec l\u2019app HomeWizard gratuite<\/strong>.<\/h2>\n\n\n\n<p class=\" eplus-wrapper\">Houd je energieverbruik en -opslag eenvoudig bij met de <a href=\"https:\/\/helpdesk.homewizard.com\/nl\/collections\/3319573-gebruiken-van-homewizard-energy\">HomeWizard Energy app<\/a>. Voeg de thuisbatterij toe aan de app en krijg real-time inzicht in hoeveel zonne-energie je opslaat en verbruikt. De HomeWizard Energy app is beschikbaar voor&nbsp;<a href=\"https:\/\/play.google.com\/store\/apps\/details?id=nl.homewizard.android.energy\">Android<\/a>&nbsp;en&nbsp;<a href=\"https:\/\/apps.apple.com\/nl\/app\/homewizard-energy\/id1492427207\">iOS<\/a>.<\/p>\n\n\n\n<h2 class=\" wp-block-heading eplus-wrapper\">In de verpakking.<\/h2>\n\n\n\n<p class=\" eplus-wrapper\">Vous recevez tout ce qu\u2019il vous faut pour commencer tout de suite avec la HomeWizard Plug-In Battery :<\/p>\n\n\n<ul class=\" wp-block-list eplus-wrapper eplus-styles-uid-1bc6ef\">\n<li class=\" eplus-wrapper\">La Plug-In Battery<\/li>\n\n\n\n<li class=\" eplus-wrapper\">Le guide d\u2019installation<\/li>\n<\/ul>","protected":false},"excerpt":{"rendered":"<p class=\"text-node\" data-pm-slice=\"1 1 []\">La batterie domestique avec prise. Facile \u00e0 installer soi-m\u00eame en quelques minutes. Con\u00e7ue aux Pays-Bas. Parfaite pour chaque foyer.<\/p>\n","protected":false},"featured_media":685265,"template":"","meta":{"_acf_changed":false,"editor_plus_copied_stylings":"{}"},"product_brand":[],"product_cat":[109,110],"product_tag":[],"class_list":{"0":"post-1580974","1":"product","2":"type-product","3":"status-publish","4":"has-post-thumbnail","6":"product_cat-produits","7":"product_cat-tous","9":"first","10":"instock","11":"virtual","12":"taxable","13":"purchasable","14":"product-type-simple"},"acf":[],"yoast_head":"<!-- This site is optimized with the Yoast SEO plugin v27.0 - https:\/\/yoast.com\/product\/yoast-seo-wordpress\/ -->\n<title>Acheter la Plug-In Battery | La batterie domestique abordable - HomeWizard<\/title>\n<meta name=\"description\" content=\"LA batterie domestique \u00e0 brancher. \u00c0 installer vous-m\u00eame et ind\u00e9pendante des fournisseurs d&#039;\u00e9nergie, des panneaux solaires et des marques d&#039;onduleurs.\" \/>\n<meta name=\"robots\" content=\"index, follow, max-snippet:-1, max-image-preview:large, max-video-preview:-1\" \/>\n<link rel=\"canonical\" href=\"https:\/\/www.homewizard.com\/fr-be\/boutique\/plug-in-battery\/\" \/>\n<meta property=\"og:locale\" content=\"fr_FR\" \/>\n<meta property=\"og:type\" content=\"article\" \/>\n<meta property=\"og:title\" content=\"Acheter la Plug-In Battery | La batterie domestique abordable - HomeWizard\" \/>\n<meta property=\"og:description\" content=\"LA batterie domestique \u00e0 brancher. \u00c0 installer vous-m\u00eame et ind\u00e9pendante des fournisseurs d&#039;\u00e9nergie, des panneaux solaires et des marques d&#039;onduleurs.\" \/>\n<meta property=\"og:url\" content=\"https:\/\/www.homewizard.com\/fr-be\/boutique\/plug-in-battery\/\" \/>\n<meta property=\"og:site_name\" content=\"HomeWizard\" \/>\n<meta property=\"article:publisher\" content=\"https:\/\/www.facebook.com\/HomeWizardBV\/\" \/>\n<meta property=\"article:modified_time\" content=\"2026-04-13T06:35:03+00:00\" \/>\n<meta property=\"og:image\" content=\"https:\/\/www.homewizard.com\/wp-content\/uploads\/2024\/04\/homewizard-battery-front-shop.webp\" \/>\n\t<meta property=\"og:image:width\" content=\"1000\" \/>\n\t<meta property=\"og:image:height\" content=\"1000\" \/>\n\t<meta property=\"og:image:type\" content=\"image\/webp\" \/>\n<meta name=\"twitter:card\" content=\"summary_large_image\" \/>\n<meta name=\"twitter:site\" content=\"@HomeWizard_NL\" \/>\n<meta name=\"twitter:label1\" content=\"Dur\u00e9e de lecture est.\" \/>\n\t<meta name=\"twitter:data1\" content=\"2 minutes\" \/>\n<script type=\"application\/ld+json\" class=\"yoast-schema-graph\">{\"@context\":\"https:\/\/schema.org\",\"@graph\":[{\"@type\":\"WebPage\",\"@id\":\"https:\/\/www.homewizard.com\/fr-be\/boutique\/plug-in-battery\/\",\"url\":\"https:\/\/www.homewizard.com\/fr-be\/boutique\/plug-in-battery\/\",\"name\":\"Acheter la Plug-In Battery | La batterie domestique abordable - HomeWizard\",\"isPartOf\":{\"@id\":\"https:\/\/www.homewizard.com\/fr-be\/#website\"},\"primaryImageOfPage\":{\"@id\":\"https:\/\/www.homewizard.com\/fr-be\/boutique\/plug-in-battery\/#primaryimage\"},\"image\":{\"@id\":\"https:\/\/www.homewizard.com\/fr-be\/boutique\/plug-in-battery\/#primaryimage\"},\"thumbnailUrl\":\"https:\/\/www.homewizard.com\/wp-content\/uploads\/2024\/04\/homewizard-battery-front-shop.webp\",\"datePublished\":\"2024-04-16T08:45:42+00:00\",\"dateModified\":\"2026-04-13T06:35:03+00:00\",\"description\":\"LA batterie domestique \u00e0 brancher. \u00c0 installer vous-m\u00eame et ind\u00e9pendante des fournisseurs d'\u00e9nergie, des panneaux solaires et des marques d'onduleurs.\",\"breadcrumb\":{\"@id\":\"https:\/\/www.homewizard.com\/fr-be\/boutique\/plug-in-battery\/#breadcrumb\"},\"inLanguage\":\"fr-BE\",\"potentialAction\":[{\"@type\":\"ReadAction\",\"target\":[\"https:\/\/www.homewizard.com\/fr-be\/boutique\/plug-in-battery\/\"]}]},{\"@type\":\"ImageObject\",\"inLanguage\":\"fr-BE\",\"@id\":\"https:\/\/www.homewizard.com\/fr-be\/boutique\/plug-in-battery\/#primaryimage\",\"url\":\"https:\/\/www.homewizard.com\/wp-content\/uploads\/2024\/04\/homewizard-battery-front-shop.webp\",\"contentUrl\":\"https:\/\/www.homewizard.com\/wp-content\/uploads\/2024\/04\/homewizard-battery-front-shop.webp\",\"width\":1000,\"height\":1000},{\"@type\":\"BreadcrumbList\",\"@id\":\"https:\/\/www.homewizard.com\/fr-be\/boutique\/plug-in-battery\/#breadcrumb\",\"itemListElement\":[{\"@type\":\"ListItem\",\"position\":1,\"name\":\"Home\",\"item\":\"https:\/\/www.homewizard.com\/fr-be\/\"},{\"@type\":\"ListItem\",\"position\":2,\"name\":\"Boutique\",\"item\":\"https:\/\/www.homewizard.com\/fr-be\/shop\/\"},{\"@type\":\"ListItem\",\"position\":3,\"name\":\"Plug-In Battery\"}]},{\"@type\":\"WebSite\",\"@id\":\"https:\/\/www.homewizard.com\/fr-be\/#website\",\"url\":\"https:\/\/www.homewizard.com\/fr-be\/\",\"name\":\"HomeWizard\",\"description\":\"HomeWizard Energy\",\"publisher\":{\"@id\":\"https:\/\/www.homewizard.com\/fr-be\/#organization\"},\"potentialAction\":[{\"@type\":\"SearchAction\",\"target\":{\"@type\":\"EntryPoint\",\"urlTemplate\":\"https:\/\/www.homewizard.com\/fr-be\/?s={search_term_string}\"},\"query-input\":{\"@type\":\"PropertyValueSpecification\",\"valueRequired\":true,\"valueName\":\"search_term_string\"}}],\"inLanguage\":\"fr-BE\"},{\"@type\":\"Organization\",\"@id\":\"https:\/\/www.homewizard.com\/fr-be\/#organization\",\"name\":\"HomeWizard\",\"url\":\"https:\/\/www.homewizard.com\/fr-be\/\",\"logo\":{\"@type\":\"ImageObject\",\"inLanguage\":\"fr-BE\",\"@id\":\"https:\/\/www.homewizard.com\/fr-be\/#\/schema\/logo\/image\/\",\"url\":\"https:\/\/www.homewizard.com\/wp-content\/uploads\/2023\/06\/HomeWizard-icon-on-black.png\",\"contentUrl\":\"https:\/\/www.homewizard.com\/wp-content\/uploads\/2023\/06\/HomeWizard-icon-on-black.png\",\"width\":500,\"height\":500,\"caption\":\"HomeWizard\"},\"image\":{\"@id\":\"https:\/\/www.homewizard.com\/fr-be\/#\/schema\/logo\/image\/\"},\"sameAs\":[\"https:\/\/www.facebook.com\/HomeWizardBV\/\",\"https:\/\/x.com\/HomeWizard_NL\",\"https:\/\/www.youtube.com\/HomeWizardBV\",\"https:\/\/www.instagram.com\/homewizardenergy\/\"]}]}<\/script>\n<!-- \/ Yoast SEO plugin. -->","yoast_head_json":{"title":"Acheter la Plug-In Battery | La batterie domestique abordable - HomeWizard","description":"LA batterie domestique \u00e0 brancher. \u00c0 installer vous-m\u00eame et ind\u00e9pendante des fournisseurs d'\u00e9nergie, des panneaux solaires et des marques d'onduleurs.","robots":{"index":"index","follow":"follow","max-snippet":"max-snippet:-1","max-image-preview":"max-image-preview:large","max-video-preview":"max-video-preview:-1"},"canonical":"https:\/\/www.homewizard.com\/fr-be\/boutique\/plug-in-battery\/","og_locale":"fr_FR","og_type":"article","og_title":"Acheter la Plug-In Battery | La batterie domestique abordable - HomeWizard","og_description":"LA batterie domestique \u00e0 brancher. \u00c0 installer vous-m\u00eame et ind\u00e9pendante des fournisseurs d'\u00e9nergie, des panneaux solaires et des marques d'onduleurs.","og_url":"https:\/\/www.homewizard.com\/fr-be\/boutique\/plug-in-battery\/","og_site_name":"HomeWizard","article_publisher":"https:\/\/www.facebook.com\/HomeWizardBV\/","article_modified_time":"2026-04-13T06:35:03+00:00","og_image":[{"width":1000,"height":1000,"url":"https:\/\/www.homewizard.com\/wp-content\/uploads\/2024\/04\/homewizard-battery-front-shop.webp","type":"image\/webp"}],"twitter_card":"summary_large_image","twitter_site":"@HomeWizard_NL","twitter_misc":{"Dur\u00e9e de lecture est.":"2 minutes"},"schema":{"@context":"https:\/\/schema.org","@graph":[{"@type":"WebPage","@id":"https:\/\/www.homewizard.com\/fr-be\/boutique\/plug-in-battery\/","url":"https:\/\/www.homewizard.com\/fr-be\/boutique\/plug-in-battery\/","name":"Acheter la Plug-In Battery | La batterie domestique abordable - HomeWizard","isPartOf":{"@id":"https:\/\/www.homewizard.com\/fr-be\/#website"},"primaryImageOfPage":{"@id":"https:\/\/www.homewizard.com\/fr-be\/boutique\/plug-in-battery\/#primaryimage"},"image":{"@id":"https:\/\/www.homewizard.com\/fr-be\/boutique\/plug-in-battery\/#primaryimage"},"thumbnailUrl":"https:\/\/www.homewizard.com\/wp-content\/uploads\/2024\/04\/homewizard-battery-front-shop.webp","datePublished":"2024-04-16T08:45:42+00:00","dateModified":"2026-04-13T06:35:03+00:00","description":"LA batterie domestique \u00e0 brancher. \u00c0 installer vous-m\u00eame et ind\u00e9pendante des fournisseurs d'\u00e9nergie, des panneaux solaires et des marques d'onduleurs.","breadcrumb":{"@id":"https:\/\/www.homewizard.com\/fr-be\/boutique\/plug-in-battery\/#breadcrumb"},"inLanguage":"fr-BE","potentialAction":[{"@type":"ReadAction","target":["https:\/\/www.homewizard.com\/fr-be\/boutique\/plug-in-battery\/"]}]},{"@type":"ImageObject","inLanguage":"fr-BE","@id":"https:\/\/www.homewizard.com\/fr-be\/boutique\/plug-in-battery\/#primaryimage","url":"https:\/\/www.homewizard.com\/wp-content\/uploads\/2024\/04\/homewizard-battery-front-shop.webp","contentUrl":"https:\/\/www.homewizard.com\/wp-content\/uploads\/2024\/04\/homewizard-battery-front-shop.webp","width":1000,"height":1000},{"@type":"BreadcrumbList","@id":"https:\/\/www.homewizard.com\/fr-be\/boutique\/plug-in-battery\/#breadcrumb","itemListElement":[{"@type":"ListItem","position":1,"name":"Home","item":"https:\/\/www.homewizard.com\/fr-be\/"},{"@type":"ListItem","position":2,"name":"Boutique","item":"https:\/\/www.homewizard.com\/fr-be\/shop\/"},{"@type":"ListItem","position":3,"name":"Plug-In Battery"}]},{"@type":"WebSite","@id":"https:\/\/www.homewizard.com\/fr-be\/#website","url":"https:\/\/www.homewizard.com\/fr-be\/","name":"HomeWizard","description":"HomeWizard Energy","publisher":{"@id":"https:\/\/www.homewizard.com\/fr-be\/#organization"},"potentialAction":[{"@type":"SearchAction","target":{"@type":"EntryPoint","urlTemplate":"https:\/\/www.homewizard.com\/fr-be\/?s={search_term_string}"},"query-input":{"@type":"PropertyValueSpecification","valueRequired":true,"valueName":"search_term_string"}}],"inLanguage":"fr-BE"},{"@type":"Organization","@id":"https:\/\/www.homewizard.com\/fr-be\/#organization","name":"HomeWizard","url":"https:\/\/www.homewizard.com\/fr-be\/","logo":{"@type":"ImageObject","inLanguage":"fr-BE","@id":"https:\/\/www.homewizard.com\/fr-be\/#\/schema\/logo\/image\/","url":"https:\/\/www.homewizard.com\/wp-content\/uploads\/2023\/06\/HomeWizard-icon-on-black.png","contentUrl":"https:\/\/www.homewizard.com\/wp-content\/uploads\/2023\/06\/HomeWizard-icon-on-black.png","width":500,"height":500,"caption":"HomeWizard"},"image":{"@id":"https:\/\/www.homewizard.com\/fr-be\/#\/schema\/logo\/image\/"},"sameAs":["https:\/\/www.facebook.com\/HomeWizardBV\/","https:\/\/x.com\/HomeWizard_NL","https:\/\/www.youtube.com\/HomeWizardBV","https:\/\/www.instagram.com\/homewizardenergy\/"]}]}},"_links":{"self":[{"href":"https:\/\/www.homewizard.com\/fr-be\/wp-json\/wp\/v2\/product\/1580974","targetHints":{"allow":["GET"]}}],"collection":[{"href":"https:\/\/www.homewizard.com\/fr-be\/wp-json\/wp\/v2\/product"}],"about":[{"href":"https:\/\/www.homewizard.com\/fr-be\/wp-json\/wp\/v2\/types\/product"}],"wp:featuredmedia":[{"embeddable":true,"href":"https:\/\/www.homewizard.com\/fr-be\/wp-json\/wp\/v2\/media\/685265"}],"wp:attachment":[{"href":"https:\/\/www.homewizard.com\/fr-be\/wp-json\/wp\/v2\/media?parent=1580974"}],"wp:term":[{"taxonomy":"product_brand","embeddable":true,"href":"https:\/\/www.homewizard.com\/fr-be\/wp-json\/wp\/v2\/product_brand?post=1580974"},{"taxonomy":"product_cat","embeddable":true,"href":"https:\/\/www.homewizard.com\/fr-be\/wp-json\/wp\/v2\/product_cat?post=1580974"},{"taxonomy":"product_tag","embeddable":true,"href":"https:\/\/www.homewizard.com\/fr-be\/wp-json\/wp\/v2\/product_tag?post=1580974"}],"curies":[{"name":"wp","href":"https:\/\/api.w.org\/{rel}","templated":true}]}}