{"id":1101961,"date":"2024-07-30T13:37:25","date_gmt":"2024-07-30T11:37:25","guid":{"rendered":"https:\/\/www.homewizard.com\/shop\/jeu-dadaptateur-c-usb-pour-splitter-2\/"},"modified":"2026-04-30T20:05:18","modified_gmt":"2026-04-30T18:05:18","slug":"jeu-dadaptateur-c-usb","status":"publish","type":"product","link":"https:\/\/www.homewizard.com\/fr-be\/boutique\/jeu-dadaptateur-c-usb\/","title":{"rendered":"Jeu d&rsquo;adaptateurs USB-C"},"content":{"rendered":"\n<p class=\" eplus-wrapper\">Sur les anciens compteurs intelligents (inf\u00e9rieurs \u00e0 SMR5), un adaptateur USB-C est n\u00e9cessaire pour que le compteur P1 fonctionne. Peut \u00e9galement \u00eatre utilis\u00e9 pour alimenter le Splitter actif P1 sur les anciens compteurs intelligents sans compteur HomeWizard P1 connect\u00e9 au splitter. Il s&rsquo;agit d&rsquo;un accessoire optionnel qui n&rsquo;est pas fourni avec le compteur P1 et le splitter P1.<\/p>\n","protected":false},"excerpt":{"rendered":"<p>Alimenter le P1 Meter sur les anciens compteurs intelligents (SMR4 et inf\u00e9rieurs)<\/p>\n","protected":false},"featured_media":653864,"template":"","meta":{"_acf_changed":false,"editor_plus_copied_stylings":"{}"},"product_brand":[],"product_cat":[112,110],"product_tag":[],"class_list":{"0":"post-1101961","1":"product","2":"type-product","3":"status-publish","4":"has-post-thumbnail","6":"product_cat-accessoires","7":"product_cat-tous","9":"first","10":"instock","11":"taxable","12":"shipping-taxable","13":"purchasable","14":"product-type-simple"},"acf":[],"yoast_head":"<!-- This site is optimized with the Yoast SEO plugin v27.0 - https:\/\/yoast.com\/product\/yoast-seo-wordpress\/ -->\n<title>Jeu d&#039;adaptateurs USB-C 5V<\/title>\n<meta name=\"description\" content=\"Vous avez besoin d&#039;un kit d&#039;adaptateurs USB-C pour votre compteur HomeWizard P1 ? Commandez-le avant 23 h et nous vous l&#039;exp\u00e9dierons aujourd&#039;hui m\u00eame !\" \/>\n<meta name=\"robots\" content=\"index, follow, max-snippet:-1, max-image-preview:large, max-video-preview:-1\" \/>\n<link rel=\"canonical\" href=\"https:\/\/www.homewizard.com\/fr-be\/boutique\/jeu-dadaptateur-c-usb\/\" \/>\n<meta property=\"og:locale\" content=\"fr_FR\" \/>\n<meta property=\"og:type\" content=\"article\" \/>\n<meta property=\"og:title\" content=\"Jeu d&#039;adaptateurs USB-C 5V\" \/>\n<meta property=\"og:description\" content=\"Vous avez besoin d&#039;un kit d&#039;adaptateurs USB-C pour votre compteur HomeWizard P1 ? Commandez-le avant 23 h et nous vous l&#039;exp\u00e9dierons aujourd&#039;hui m\u00eame !\" \/>\n<meta property=\"og:url\" content=\"https:\/\/www.homewizard.com\/fr-be\/boutique\/jeu-dadaptateur-c-usb\/\" \/>\n<meta property=\"og:site_name\" content=\"HomeWizard\" \/>\n<meta property=\"article:publisher\" content=\"https:\/\/www.facebook.com\/HomeWizardBV\/\" \/>\n<meta property=\"article:modified_time\" content=\"2026-04-30T18:05:18+00:00\" \/>\n<meta property=\"og:image\" content=\"https:\/\/www.homewizard.com\/wp-content\/uploads\/2022\/08\/USB-C-Adapter-HomeWizard.png\" \/>\n\t<meta property=\"og:image:width\" content=\"800\" \/>\n\t<meta property=\"og:image:height\" content=\"800\" \/>\n\t<meta property=\"og:image:type\" content=\"image\/png\" \/>\n<meta name=\"twitter:card\" content=\"summary_large_image\" \/>\n<meta name=\"twitter:site\" content=\"@HomeWizard_NL\" \/>\n<script type=\"application\/ld+json\" class=\"yoast-schema-graph\">{\"@context\":\"https:\/\/schema.org\",\"@graph\":[{\"@type\":\"WebPage\",\"@id\":\"https:\/\/www.homewizard.com\/fr-be\/boutique\/jeu-dadaptateur-c-usb\/\",\"url\":\"https:\/\/www.homewizard.com\/fr-be\/boutique\/jeu-dadaptateur-c-usb\/\",\"name\":\"Jeu d'adaptateurs USB-C 5V\",\"isPartOf\":{\"@id\":\"https:\/\/www.homewizard.com\/fr-be\/#website\"},\"primaryImageOfPage\":{\"@id\":\"https:\/\/www.homewizard.com\/fr-be\/boutique\/jeu-dadaptateur-c-usb\/#primaryimage\"},\"image\":{\"@id\":\"https:\/\/www.homewizard.com\/fr-be\/boutique\/jeu-dadaptateur-c-usb\/#primaryimage\"},\"thumbnailUrl\":\"https:\/\/www.homewizard.com\/wp-content\/uploads\/2022\/08\/USB-C-Adapter-HomeWizard.png\",\"datePublished\":\"2024-07-30T11:37:25+00:00\",\"dateModified\":\"2026-04-30T18:05:18+00:00\",\"description\":\"Vous avez besoin d'un kit d'adaptateurs USB-C pour votre compteur HomeWizard P1 ? Commandez-le avant 23 h et nous vous l'exp\u00e9dierons aujourd'hui m\u00eame !\",\"breadcrumb\":{\"@id\":\"https:\/\/www.homewizard.com\/fr-be\/boutique\/jeu-dadaptateur-c-usb\/#breadcrumb\"},\"inLanguage\":\"fr-BE\",\"potentialAction\":[{\"@type\":\"ReadAction\",\"target\":[\"https:\/\/www.homewizard.com\/fr-be\/boutique\/jeu-dadaptateur-c-usb\/\"]}]},{\"@type\":\"ImageObject\",\"inLanguage\":\"fr-BE\",\"@id\":\"https:\/\/www.homewizard.com\/fr-be\/boutique\/jeu-dadaptateur-c-usb\/#primaryimage\",\"url\":\"https:\/\/www.homewizard.com\/wp-content\/uploads\/2022\/08\/USB-C-Adapter-HomeWizard.png\",\"contentUrl\":\"https:\/\/www.homewizard.com\/wp-content\/uploads\/2022\/08\/USB-C-Adapter-HomeWizard.png\",\"width\":800,\"height\":800},{\"@type\":\"BreadcrumbList\",\"@id\":\"https:\/\/www.homewizard.com\/fr-be\/boutique\/jeu-dadaptateur-c-usb\/#breadcrumb\",\"itemListElement\":[{\"@type\":\"ListItem\",\"position\":1,\"name\":\"Home\",\"item\":\"https:\/\/www.homewizard.com\/fr-be\/\"},{\"@type\":\"ListItem\",\"position\":2,\"name\":\"Boutique\",\"item\":\"https:\/\/www.homewizard.com\/fr-be\/shop\/\"},{\"@type\":\"ListItem\",\"position\":3,\"name\":\"Jeu d&#8217;adaptateurs USB-C\"}]},{\"@type\":\"WebSite\",\"@id\":\"https:\/\/www.homewizard.com\/fr-be\/#website\",\"url\":\"https:\/\/www.homewizard.com\/fr-be\/\",\"name\":\"HomeWizard\",\"description\":\"HomeWizard Energy\",\"publisher\":{\"@id\":\"https:\/\/www.homewizard.com\/fr-be\/#organization\"},\"potentialAction\":[{\"@type\":\"SearchAction\",\"target\":{\"@type\":\"EntryPoint\",\"urlTemplate\":\"https:\/\/www.homewizard.com\/fr-be\/?s={search_term_string}\"},\"query-input\":{\"@type\":\"PropertyValueSpecification\",\"valueRequired\":true,\"valueName\":\"search_term_string\"}}],\"inLanguage\":\"fr-BE\"},{\"@type\":\"Organization\",\"@id\":\"https:\/\/www.homewizard.com\/fr-be\/#organization\",\"name\":\"HomeWizard\",\"url\":\"https:\/\/www.homewizard.com\/fr-be\/\",\"logo\":{\"@type\":\"ImageObject\",\"inLanguage\":\"fr-BE\",\"@id\":\"https:\/\/www.homewizard.com\/fr-be\/#\/schema\/logo\/image\/\",\"url\":\"https:\/\/www.homewizard.com\/wp-content\/uploads\/2023\/06\/HomeWizard-icon-on-black.png\",\"contentUrl\":\"https:\/\/www.homewizard.com\/wp-content\/uploads\/2023\/06\/HomeWizard-icon-on-black.png\",\"width\":500,\"height\":500,\"caption\":\"HomeWizard\"},\"image\":{\"@id\":\"https:\/\/www.homewizard.com\/fr-be\/#\/schema\/logo\/image\/\"},\"sameAs\":[\"https:\/\/www.facebook.com\/HomeWizardBV\/\",\"https:\/\/x.com\/HomeWizard_NL\",\"https:\/\/www.youtube.com\/HomeWizardBV\",\"https:\/\/www.instagram.com\/homewizardenergy\/\"]}]}<\/script>\n<!-- \/ Yoast SEO plugin. -->","yoast_head_json":{"title":"Jeu d'adaptateurs USB-C 5V","description":"Vous avez besoin d'un kit d'adaptateurs USB-C pour votre compteur HomeWizard P1 ? Commandez-le avant 23 h et nous vous l'exp\u00e9dierons aujourd'hui m\u00eame !","robots":{"index":"index","follow":"follow","max-snippet":"max-snippet:-1","max-image-preview":"max-image-preview:large","max-video-preview":"max-video-preview:-1"},"canonical":"https:\/\/www.homewizard.com\/fr-be\/boutique\/jeu-dadaptateur-c-usb\/","og_locale":"fr_FR","og_type":"article","og_title":"Jeu d'adaptateurs USB-C 5V","og_description":"Vous avez besoin d'un kit d'adaptateurs USB-C pour votre compteur HomeWizard P1 ? Commandez-le avant 23 h et nous vous l'exp\u00e9dierons aujourd'hui m\u00eame !","og_url":"https:\/\/www.homewizard.com\/fr-be\/boutique\/jeu-dadaptateur-c-usb\/","og_site_name":"HomeWizard","article_publisher":"https:\/\/www.facebook.com\/HomeWizardBV\/","article_modified_time":"2026-04-30T18:05:18+00:00","og_image":[{"width":800,"height":800,"url":"https:\/\/www.homewizard.com\/wp-content\/uploads\/2022\/08\/USB-C-Adapter-HomeWizard.png","type":"image\/png"}],"twitter_card":"summary_large_image","twitter_site":"@HomeWizard_NL","schema":{"@context":"https:\/\/schema.org","@graph":[{"@type":"WebPage","@id":"https:\/\/www.homewizard.com\/fr-be\/boutique\/jeu-dadaptateur-c-usb\/","url":"https:\/\/www.homewizard.com\/fr-be\/boutique\/jeu-dadaptateur-c-usb\/","name":"Jeu d'adaptateurs USB-C 5V","isPartOf":{"@id":"https:\/\/www.homewizard.com\/fr-be\/#website"},"primaryImageOfPage":{"@id":"https:\/\/www.homewizard.com\/fr-be\/boutique\/jeu-dadaptateur-c-usb\/#primaryimage"},"image":{"@id":"https:\/\/www.homewizard.com\/fr-be\/boutique\/jeu-dadaptateur-c-usb\/#primaryimage"},"thumbnailUrl":"https:\/\/www.homewizard.com\/wp-content\/uploads\/2022\/08\/USB-C-Adapter-HomeWizard.png","datePublished":"2024-07-30T11:37:25+00:00","dateModified":"2026-04-30T18:05:18+00:00","description":"Vous avez besoin d'un kit d'adaptateurs USB-C pour votre compteur HomeWizard P1 ? Commandez-le avant 23 h et nous vous l'exp\u00e9dierons aujourd'hui m\u00eame !","breadcrumb":{"@id":"https:\/\/www.homewizard.com\/fr-be\/boutique\/jeu-dadaptateur-c-usb\/#breadcrumb"},"inLanguage":"fr-BE","potentialAction":[{"@type":"ReadAction","target":["https:\/\/www.homewizard.com\/fr-be\/boutique\/jeu-dadaptateur-c-usb\/"]}]},{"@type":"ImageObject","inLanguage":"fr-BE","@id":"https:\/\/www.homewizard.com\/fr-be\/boutique\/jeu-dadaptateur-c-usb\/#primaryimage","url":"https:\/\/www.homewizard.com\/wp-content\/uploads\/2022\/08\/USB-C-Adapter-HomeWizard.png","contentUrl":"https:\/\/www.homewizard.com\/wp-content\/uploads\/2022\/08\/USB-C-Adapter-HomeWizard.png","width":800,"height":800},{"@type":"BreadcrumbList","@id":"https:\/\/www.homewizard.com\/fr-be\/boutique\/jeu-dadaptateur-c-usb\/#breadcrumb","itemListElement":[{"@type":"ListItem","position":1,"name":"Home","item":"https:\/\/www.homewizard.com\/fr-be\/"},{"@type":"ListItem","position":2,"name":"Boutique","item":"https:\/\/www.homewizard.com\/fr-be\/shop\/"},{"@type":"ListItem","position":3,"name":"Jeu d&#8217;adaptateurs USB-C"}]},{"@type":"WebSite","@id":"https:\/\/www.homewizard.com\/fr-be\/#website","url":"https:\/\/www.homewizard.com\/fr-be\/","name":"HomeWizard","description":"HomeWizard Energy","publisher":{"@id":"https:\/\/www.homewizard.com\/fr-be\/#organization"},"potentialAction":[{"@type":"SearchAction","target":{"@type":"EntryPoint","urlTemplate":"https:\/\/www.homewizard.com\/fr-be\/?s={search_term_string}"},"query-input":{"@type":"PropertyValueSpecification","valueRequired":true,"valueName":"search_term_string"}}],"inLanguage":"fr-BE"},{"@type":"Organization","@id":"https:\/\/www.homewizard.com\/fr-be\/#organization","name":"HomeWizard","url":"https:\/\/www.homewizard.com\/fr-be\/","logo":{"@type":"ImageObject","inLanguage":"fr-BE","@id":"https:\/\/www.homewizard.com\/fr-be\/#\/schema\/logo\/image\/","url":"https:\/\/www.homewizard.com\/wp-content\/uploads\/2023\/06\/HomeWizard-icon-on-black.png","contentUrl":"https:\/\/www.homewizard.com\/wp-content\/uploads\/2023\/06\/HomeWizard-icon-on-black.png","width":500,"height":500,"caption":"HomeWizard"},"image":{"@id":"https:\/\/www.homewizard.com\/fr-be\/#\/schema\/logo\/image\/"},"sameAs":["https:\/\/www.facebook.com\/HomeWizardBV\/","https:\/\/x.com\/HomeWizard_NL","https:\/\/www.youtube.com\/HomeWizardBV","https:\/\/www.instagram.com\/homewizardenergy\/"]}]}},"_links":{"self":[{"href":"https:\/\/www.homewizard.com\/fr-be\/wp-json\/wp\/v2\/product\/1101961","targetHints":{"allow":["GET"]}}],"collection":[{"href":"https:\/\/www.homewizard.com\/fr-be\/wp-json\/wp\/v2\/product"}],"about":[{"href":"https:\/\/www.homewizard.com\/fr-be\/wp-json\/wp\/v2\/types\/product"}],"wp:featuredmedia":[{"embeddable":true,"href":"https:\/\/www.homewizard.com\/fr-be\/wp-json\/wp\/v2\/media\/653864"}],"wp:attachment":[{"href":"https:\/\/www.homewizard.com\/fr-be\/wp-json\/wp\/v2\/media?parent=1101961"}],"wp:term":[{"taxonomy":"product_brand","embeddable":true,"href":"https:\/\/www.homewizard.com\/fr-be\/wp-json\/wp\/v2\/product_brand?post=1101961"},{"taxonomy":"product_cat","embeddable":true,"href":"https:\/\/www.homewizard.com\/fr-be\/wp-json\/wp\/v2\/product_cat?post=1101961"},{"taxonomy":"product_tag","embeddable":true,"href":"https:\/\/www.homewizard.com\/fr-be\/wp-json\/wp\/v2\/product_tag?post=1101961"}],"curies":[{"name":"wp","href":"https:\/\/api.w.org\/{rel}","templated":true}]}}