{"id":476247,"date":"2023-11-02T15:35:09","date_gmt":"2023-11-02T14:35:09","guid":{"rendered":"https:\/\/www.homewizard.com\/a-propos-de-nous\/"},"modified":"2026-05-04T09:10:54","modified_gmt":"2026-05-04T07:10:54","slug":"a-propos-de-nous","status":"publish","type":"page","link":"https:\/\/www.homewizard.com\/fr-be\/a-propos-de-nous\/","title":{"rendered":"\u00c0 propos de nous"},"content":{"rendered":"<div class=\"contained_page wp-block-group eplus-wrapper eplus-styles-uid-b2c051\"><div class=\"wp-block-group__inner-container is-layout-constrained wp-block-group-is-layout-constrained\"><div class=\"wp-block-group eplus-wrapper eplus-styles-uid-c936c6\"><div class=\"wp-block-group__inner-container is-layout-constrained wp-block-group-is-layout-constrained\"><div class=\"wp-block-columns eplus-wrapper is-layout-flex wp-container-core-columns-is-layout-9d6595d7 wp-block-columns-is-layout-flex eplus-styles-uid-323d14\"><div class=\"wp-block-column is-vertically-aligned-center eplus-wrapper is-layout-flow wp-block-column-is-layout-flow eplus-styles-uid-d03e46\" style=\"flex-basis:66.66%\">\n<h1 class=\" wp-block-heading eplus-wrapper\">\u00c0 propos de nous<\/h1>\n\n\n\n<p class=\" eplus-wrapper\">HomeWizard est <em>l&rsquo;entreprise<\/em> qui permet aux m\u00e9nages de conna\u00eetre leur consommation d&rsquo;\u00e9lectricit\u00e9, d&rsquo;eau et de gaz. Gr\u00e2ce \u00e0 nos compteurs WiFi pratiques, les utilisateurs peuvent surveiller leur consommation d&rsquo;\u00e9nergie et leur production d&rsquo;\u00e9nergie solaire. Nous voulons sensibiliser les gens \u00e0 leur consommation d&rsquo;\u00e9nergie et les aider \u00e0 la r\u00e9duire. Ce n&rsquo;est pas seulement bon pour votre portefeuille, mais aussi pour la plan\u00e8te.<\/p>\n<\/div>\n\n\n<div class=\"wp-block-column eplus-wrapper is-layout-flow wp-block-column-is-layout-flow\" style=\"flex-basis:33.33%\"><div class=\"wp-block-image \">\n<figure class=\"aligncenter size-full eplus-wrapper\"><img loading=\"lazy\" decoding=\"async\" width=\"425\" height=\"425\" src=\"https:\/\/www.homewizard.com\/wp-content\/uploads\/2023\/10\/about-us-green.png\" alt=\"\" class=\"wp-image-466523\" srcset=\"https:\/\/www.homewizard.com\/wp-content\/uploads\/2023\/10\/about-us-green.png 425w, https:\/\/www.homewizard.com\/wp-content\/uploads\/2023\/10\/about-us-green-124x124.png 124w, https:\/\/www.homewizard.com\/wp-content\/uploads\/2023\/10\/about-us-green-300x300.png 300w, https:\/\/www.homewizard.com\/wp-content\/uploads\/2023\/10\/about-us-green-150x150.png 150w, https:\/\/www.homewizard.com\/wp-content\/uploads\/2023\/10\/about-us-green-400x400.png 400w\" sizes=\"auto, (max-width: 425px) 100vw, 425px\" \/><\/figure>\n<\/div><\/div>\n<\/div>\n\n\n<h2 class=\" wp-block-heading eplus-wrapper\">L&rsquo;\u00e9nergie en ligne de mire<\/h2>\n\n\n\n<p class=\" eplus-wrapper\">Nous avons fait nos premiers pas \u00e0 Noordwijk, aux Pays-Bas, en 2011 en tant que fournisseur d&rsquo;\u00e9quipements de domotique et de cuisine intelligente. Au d\u00e9but de l&rsquo;ann\u00e9e 2021, nous d\u00e9cidons d&rsquo;op\u00e9rer un virage majeur lorsqu&rsquo;un coll\u00e8gue nous a pose la question suivante : \u00ab Ne devrions-nous pas faire quelque chose de plus utile au lieu qu&rsquo;une friteuse avec une appli ? C&rsquo;est ainsi qu&rsquo;est n\u00e9 HomeWizard sous sa forme actuelle, en mettant l&rsquo;accent sur l&rsquo;\u00e9nergie.<\/p>\n\n\n<div class=\"wp-block-columns eplus-wrapper is-layout-flex wp-container-core-columns-is-layout-9d6595d7 wp-block-columns-is-layout-flex eplus-styles-uid-505d2a\">\n<div class=\"wp-block-column eplus-wrapper is-layout-flow wp-block-column-is-layout-flow\" style=\"flex-basis:33.33%\"><div class=\"wp-block-image \">\n<figure class=\"aligncenter size-medium eplus-wrapper\"><img loading=\"lazy\" decoding=\"async\" width=\"300\" height=\"300\" src=\"https:\/\/www.homewizard.com\/wp-content\/uploads\/2023\/10\/conscious-world-energy-purple-300x300.png\" alt=\"\" class=\"wp-image-466541\" srcset=\"https:\/\/www.homewizard.com\/wp-content\/uploads\/2023\/10\/conscious-world-energy-purple-300x300.png 300w, https:\/\/www.homewizard.com\/wp-content\/uploads\/2023\/10\/conscious-world-energy-purple-124x124.png 124w, https:\/\/www.homewizard.com\/wp-content\/uploads\/2023\/10\/conscious-world-energy-purple-150x150.png 150w\" sizes=\"auto, (max-width: 300px) 100vw, 300px\" \/><\/figure>\n<\/div><\/div>\n\n\n\n<div class=\"wp-block-column is-vertically-aligned-center eplus-wrapper is-layout-flow wp-block-column-is-layout-flow\" style=\"flex-basis:66.66%\">\n<h2 class=\" wp-block-heading eplus-wrapper\"><strong>Un monde conscient<\/strong><\/h2>\n\n\n\n<p class=\" eplus-wrapper\">Les produits HomeWizard vous permettent de conna\u00eetre votre consommation d&rsquo;\u00e9nergie et les co\u00fbts connexes. Ayant conscience de votre consommation, vous r\u00e9fl\u00e9chirez \u00e0 la quantit\u00e9 de gaz, d&rsquo;\u00e9lectricit\u00e9 et d&rsquo;eau que vous utilisez. C&rsquo;est ainsi que nous travaillerons ensemble \u00e0 un monde l&rsquo;\u00e9dification d&rsquo;un <a href=\"https:\/\/www.homewizard.com\/fr-be\/durabilite\/\">monde plus conscient<\/a>.<\/p>\n<\/div>\n<\/div>\n\n\n<h2 class=\" wp-block-heading eplus-wrapper\"><strong>Tous nos produits sont faits maison<\/strong><\/h2>\n\n\n<p class=\" eplus-wrapper eplus-styles-uid-2e1be5\">Nous fabriquons nos logiciels et notre mat\u00e9riel de bout en bout, ce qui est unique aux Pays-Bas. Tous nos produits sont con\u00e7us, dessin\u00e9s, test\u00e9s et lanc\u00e9s depuis notre bureau de Noordwijk. Bien entendu, nous le faisons avec les meilleurs coll\u00e8gues. Nos produits sont abordables et faciles \u00e0 utiliser, ind\u00e9pendamment de votre situation de vie et votre \u00e2ge. M\u00eame votre grand-m\u00e8re ou votre grand-p\u00e8re peut les installer et les utiliser. De surcro\u00eet, nous sommes totalement ind\u00e9pendants. Cela signifie que vous pouvez utiliser nos produits quel que soit votre fournisseur d&rsquo;\u00e9nergie. Nous sommes l\u00e0 pour tout le monde.<\/p>\n\n<div class=\"flex-column-reverse wp-block-columns are-vertically-aligned-center eplus-wrapper is-layout-flex wp-container-core-columns-is-layout-9d6595d7 wp-block-columns-is-layout-flex eplus-styles-uid-2d0a35\">\n<div class=\"wp-block-column is-vertically-aligned-center eplus-wrapper is-layout-flow wp-block-column-is-layout-flow\" style=\"flex-basis:66.66%\">\n<h2 class=\" wp-block-heading eplus-wrapper\"><strong>Le club des sorciers<\/strong><\/h2>\n\n\n\n<p class=\" eplus-wrapper\">HomeWizard est le point de convergence entre la passion pour les logiciels, le mat\u00e9riel et l&rsquo;\u00e9nergie. C&rsquo;est un endroit o\u00f9 tout le monde est respect\u00e9 et o\u00f9 l&rsquo;ambiance est bon enfant. Si vous rejoignez notre Wizard Club, vous y resterez probablement pendant des ann\u00e9es. Si vous \u00eates f\u00e9ru de jeux, de tennis de table ou de films et s\u00e9ries, vous passerez du bon temps \u00e0 notre table de d\u00e9jeuner ! Nous esp\u00e9rons juste que vous ne verrez pas d&rsquo;inconv\u00e9nient \u00e0 prendre quelques adorables \u00ab rondeurs \u00bb, avec tous les d\u00e9licieux en-cas que nous aurons \u00e0 consommer.<\/p>\n\n\n\n<p class=\" eplus-wrapper\">Nous ne recevons pratiquement pas d&rsquo;e-mails. Nous communiquons par chat ou en nous rendant visite dans nos bureaux respectifs. Nous nous faisons confiance et nous avons un impact. Nous sommes innovants et, <em>ensemble<\/em>, nous b\u00e2tissons un monde dans lequel nous utilisons notre \u00e9nergie de mani\u00e8re consciente.<\/p>\n<\/div>\n\n\n\n<div class=\"wp-block-column is-vertically-aligned-center eplus-wrapper is-layout-flow wp-block-column-is-layout-flow\" style=\"flex-basis:33.33%\"><div class=\"wp-block-image \">\n<figure class=\"aligncenter size-medium eplus-wrapper\"><img loading=\"lazy\" decoding=\"async\" width=\"300\" height=\"300\" src=\"https:\/\/www.homewizard.com\/wp-content\/uploads\/2023\/10\/wizard-club-blue-300x300.png\" alt=\"\" class=\"wp-image-466553\" srcset=\"https:\/\/www.homewizard.com\/wp-content\/uploads\/2023\/10\/wizard-club-blue-300x300.png 300w, https:\/\/www.homewizard.com\/wp-content\/uploads\/2023\/10\/wizard-club-blue-124x124.png 124w, https:\/\/www.homewizard.com\/wp-content\/uploads\/2023\/10\/wizard-club-blue-150x150.png 150w\" sizes=\"auto, (max-width: 300px) 100vw, 300px\" \/><\/figure>\n<\/div><\/div>\n<\/div>\n\n\n<h2 class=\" wp-block-heading eplus-wrapper\"><strong>Contactez-nous<\/strong><\/h2>\n\n\n<p class=\" eplus-wrapper eplus-styles-uid-2e1be5\">HomeWizard est situ\u00e9 \u00e0 Noordwijk, aux Pays-Bas. Nous sommes \u00e0 votre disposition du lundi au vendredi, de 9 h \u00e0 17 h 30. Si vous avez des questions concernant nos produits, n&rsquo;h\u00e9sitez pas \u00e0 nous contacter \u00e0 tout moment. Vous recevrez g\u00e9n\u00e9ralement une r\u00e9ponse par e-mail dans un d\u00e9lai d&rsquo;un jour ouvrable.<\/p><\/div><\/div><\/div><\/div>","protected":false},"excerpt":{"rendered":"<p>\u00c0 propos de nous HomeWizard est l&rsquo;entreprise qui permet aux m\u00e9nages de conna\u00eetre leur consommation d&rsquo;\u00e9lectricit\u00e9, d&rsquo;eau et de gaz. Gr\u00e2ce \u00e0 nos compteurs WiFi pratiques, les utilisateurs peuvent surveiller leur consommation d&rsquo;\u00e9nergie et leur production d&rsquo;\u00e9nergie solaire. Nous voulons sensibiliser les gens \u00e0 leur consommation d&rsquo;\u00e9nergie et les aider \u00e0 la r\u00e9duire. Ce n&rsquo;est&hellip;<\/p>\n","protected":false},"author":544392,"featured_media":0,"parent":0,"menu_order":0,"comment_status":"closed","ping_status":"closed","template":"","meta":{"_acf_changed":false,"editor_plus_copied_stylings":"{}","footnotes":""},"class_list":["post-476247","page","type-page","status-publish","hentry"],"acf":[],"yoast_head":"<!-- This site is optimized with the Yoast SEO plugin v27.0 - https:\/\/yoast.com\/product\/yoast-seo-wordpress\/ -->\n<title>\u00c0 propos de nous - HomeWizard<\/title>\n<meta name=\"description\" content=\"HomeWizard a d\u00e9but\u00e9 aux Pays-Bas en tant que fournisseur d&#039;\u00e9quipements de domotique et de cuisine intelligente. Aujourd&#039;hui, nous aidons les gens \u00e0 \u00e9conomiser de l&#039;\u00e9nergie et des co\u00fbts.\" \/>\n<meta name=\"robots\" content=\"index, follow, max-snippet:-1, max-image-preview:large, max-video-preview:-1\" \/>\n<link rel=\"canonical\" href=\"https:\/\/www.homewizard.com\/fr-be\/a-propos-de-nous\/\" \/>\n<meta property=\"og:locale\" content=\"fr_FR\" \/>\n<meta property=\"og:type\" content=\"article\" \/>\n<meta property=\"og:title\" content=\"\u00c0 propos de nous - HomeWizard\" \/>\n<meta property=\"og:description\" content=\"HomeWizard a d\u00e9but\u00e9 aux Pays-Bas en tant que fournisseur d&#039;\u00e9quipements de domotique et de cuisine intelligente. Aujourd&#039;hui, nous aidons les gens \u00e0 \u00e9conomiser de l&#039;\u00e9nergie et des co\u00fbts.\" \/>\n<meta property=\"og:url\" content=\"https:\/\/www.homewizard.com\/fr-be\/a-propos-de-nous\/\" \/>\n<meta property=\"og:site_name\" content=\"HomeWizard\" \/>\n<meta property=\"article:publisher\" content=\"https:\/\/www.facebook.com\/HomeWizardBV\/\" \/>\n<meta property=\"article:modified_time\" content=\"2026-05-04T07:10:54+00:00\" \/>\n<meta property=\"og:image\" content=\"https:\/\/www.homewizard.com\/wp-content\/uploads\/2023\/10\/about-us-green.png\" \/>\n\t<meta property=\"og:image:width\" content=\"425\" \/>\n\t<meta property=\"og:image:height\" content=\"425\" \/>\n\t<meta property=\"og:image:type\" content=\"image\/png\" \/>\n<meta name=\"twitter:card\" content=\"summary_large_image\" \/>\n<meta name=\"twitter:site\" content=\"@HomeWizard_NL\" \/>\n<meta name=\"twitter:label1\" content=\"Dur\u00e9e de lecture est.\" \/>\n\t<meta name=\"twitter:data1\" content=\"3 minutes\" \/>\n<script type=\"application\/ld+json\" class=\"yoast-schema-graph\">{\"@context\":\"https:\/\/schema.org\",\"@graph\":[{\"@type\":\"WebPage\",\"@id\":\"https:\/\/www.homewizard.com\/fr-be\/a-propos-de-nous\/\",\"url\":\"https:\/\/www.homewizard.com\/fr-be\/a-propos-de-nous\/\",\"name\":\"\u00c0 propos de nous - HomeWizard\",\"isPartOf\":{\"@id\":\"https:\/\/www.homewizard.com\/fr-be\/#website\"},\"primaryImageOfPage\":{\"@id\":\"https:\/\/www.homewizard.com\/fr-be\/a-propos-de-nous\/#primaryimage\"},\"image\":{\"@id\":\"https:\/\/www.homewizard.com\/fr-be\/a-propos-de-nous\/#primaryimage\"},\"thumbnailUrl\":\"https:\/\/www.homewizard.com\/wp-content\/uploads\/2023\/10\/about-us-green.png\",\"datePublished\":\"2023-11-02T14:35:09+00:00\",\"dateModified\":\"2026-05-04T07:10:54+00:00\",\"description\":\"HomeWizard a d\u00e9but\u00e9 aux Pays-Bas en tant que fournisseur d'\u00e9quipements de domotique et de cuisine intelligente. Aujourd'hui, nous aidons les gens \u00e0 \u00e9conomiser de l'\u00e9nergie et des co\u00fbts.\",\"breadcrumb\":{\"@id\":\"https:\/\/www.homewizard.com\/fr-be\/a-propos-de-nous\/#breadcrumb\"},\"inLanguage\":\"fr-BE\",\"potentialAction\":[{\"@type\":\"ReadAction\",\"target\":[\"https:\/\/www.homewizard.com\/fr-be\/a-propos-de-nous\/\"]}]},{\"@type\":\"ImageObject\",\"inLanguage\":\"fr-BE\",\"@id\":\"https:\/\/www.homewizard.com\/fr-be\/a-propos-de-nous\/#primaryimage\",\"url\":\"https:\/\/www.homewizard.com\/wp-content\/uploads\/2023\/10\/about-us-green.png\",\"contentUrl\":\"https:\/\/www.homewizard.com\/wp-content\/uploads\/2023\/10\/about-us-green.png\"},{\"@type\":\"BreadcrumbList\",\"@id\":\"https:\/\/www.homewizard.com\/fr-be\/a-propos-de-nous\/#breadcrumb\",\"itemListElement\":[{\"@type\":\"ListItem\",\"position\":1,\"name\":\"Home\",\"item\":\"https:\/\/www.homewizard.com\/fr-be\/\"},{\"@type\":\"ListItem\",\"position\":2,\"name\":\"\u00c0 propos de nous\"}]},{\"@type\":\"WebSite\",\"@id\":\"https:\/\/www.homewizard.com\/fr-be\/#website\",\"url\":\"https:\/\/www.homewizard.com\/fr-be\/\",\"name\":\"HomeWizard\",\"description\":\"HomeWizard Energy\",\"publisher\":{\"@id\":\"https:\/\/www.homewizard.com\/fr-be\/#organization\"},\"potentialAction\":[{\"@type\":\"SearchAction\",\"target\":{\"@type\":\"EntryPoint\",\"urlTemplate\":\"https:\/\/www.homewizard.com\/fr-be\/?s={search_term_string}\"},\"query-input\":{\"@type\":\"PropertyValueSpecification\",\"valueRequired\":true,\"valueName\":\"search_term_string\"}}],\"inLanguage\":\"fr-BE\"},{\"@type\":\"Organization\",\"@id\":\"https:\/\/www.homewizard.com\/fr-be\/#organization\",\"name\":\"HomeWizard\",\"url\":\"https:\/\/www.homewizard.com\/fr-be\/\",\"logo\":{\"@type\":\"ImageObject\",\"inLanguage\":\"fr-BE\",\"@id\":\"https:\/\/www.homewizard.com\/fr-be\/#\/schema\/logo\/image\/\",\"url\":\"https:\/\/www.homewizard.com\/wp-content\/uploads\/2023\/06\/HomeWizard-icon-on-black.png\",\"contentUrl\":\"https:\/\/www.homewizard.com\/wp-content\/uploads\/2023\/06\/HomeWizard-icon-on-black.png\",\"width\":500,\"height\":500,\"caption\":\"HomeWizard\"},\"image\":{\"@id\":\"https:\/\/www.homewizard.com\/fr-be\/#\/schema\/logo\/image\/\"},\"sameAs\":[\"https:\/\/www.facebook.com\/HomeWizardBV\/\",\"https:\/\/x.com\/HomeWizard_NL\",\"https:\/\/www.youtube.com\/HomeWizardBV\",\"https:\/\/www.instagram.com\/homewizardenergy\/\"]}]}<\/script>\n<!-- \/ Yoast SEO plugin. -->","yoast_head_json":{"title":"\u00c0 propos de nous - HomeWizard","description":"HomeWizard a d\u00e9but\u00e9 aux Pays-Bas en tant que fournisseur d'\u00e9quipements de domotique et de cuisine intelligente. Aujourd'hui, nous aidons les gens \u00e0 \u00e9conomiser de l'\u00e9nergie et des co\u00fbts.","robots":{"index":"index","follow":"follow","max-snippet":"max-snippet:-1","max-image-preview":"max-image-preview:large","max-video-preview":"max-video-preview:-1"},"canonical":"https:\/\/www.homewizard.com\/fr-be\/a-propos-de-nous\/","og_locale":"fr_FR","og_type":"article","og_title":"\u00c0 propos de nous - HomeWizard","og_description":"HomeWizard a d\u00e9but\u00e9 aux Pays-Bas en tant que fournisseur d'\u00e9quipements de domotique et de cuisine intelligente. Aujourd'hui, nous aidons les gens \u00e0 \u00e9conomiser de l'\u00e9nergie et des co\u00fbts.","og_url":"https:\/\/www.homewizard.com\/fr-be\/a-propos-de-nous\/","og_site_name":"HomeWizard","article_publisher":"https:\/\/www.facebook.com\/HomeWizardBV\/","article_modified_time":"2026-05-04T07:10:54+00:00","og_image":[{"width":425,"height":425,"url":"https:\/\/www.homewizard.com\/wp-content\/uploads\/2023\/10\/about-us-green.png","type":"image\/png"}],"twitter_card":"summary_large_image","twitter_site":"@HomeWizard_NL","twitter_misc":{"Dur\u00e9e de lecture est.":"3 minutes"},"schema":{"@context":"https:\/\/schema.org","@graph":[{"@type":"WebPage","@id":"https:\/\/www.homewizard.com\/fr-be\/a-propos-de-nous\/","url":"https:\/\/www.homewizard.com\/fr-be\/a-propos-de-nous\/","name":"\u00c0 propos de nous - HomeWizard","isPartOf":{"@id":"https:\/\/www.homewizard.com\/fr-be\/#website"},"primaryImageOfPage":{"@id":"https:\/\/www.homewizard.com\/fr-be\/a-propos-de-nous\/#primaryimage"},"image":{"@id":"https:\/\/www.homewizard.com\/fr-be\/a-propos-de-nous\/#primaryimage"},"thumbnailUrl":"https:\/\/www.homewizard.com\/wp-content\/uploads\/2023\/10\/about-us-green.png","datePublished":"2023-11-02T14:35:09+00:00","dateModified":"2026-05-04T07:10:54+00:00","description":"HomeWizard a d\u00e9but\u00e9 aux Pays-Bas en tant que fournisseur d'\u00e9quipements de domotique et de cuisine intelligente. Aujourd'hui, nous aidons les gens \u00e0 \u00e9conomiser de l'\u00e9nergie et des co\u00fbts.","breadcrumb":{"@id":"https:\/\/www.homewizard.com\/fr-be\/a-propos-de-nous\/#breadcrumb"},"inLanguage":"fr-BE","potentialAction":[{"@type":"ReadAction","target":["https:\/\/www.homewizard.com\/fr-be\/a-propos-de-nous\/"]}]},{"@type":"ImageObject","inLanguage":"fr-BE","@id":"https:\/\/www.homewizard.com\/fr-be\/a-propos-de-nous\/#primaryimage","url":"https:\/\/www.homewizard.com\/wp-content\/uploads\/2023\/10\/about-us-green.png","contentUrl":"https:\/\/www.homewizard.com\/wp-content\/uploads\/2023\/10\/about-us-green.png"},{"@type":"BreadcrumbList","@id":"https:\/\/www.homewizard.com\/fr-be\/a-propos-de-nous\/#breadcrumb","itemListElement":[{"@type":"ListItem","position":1,"name":"Home","item":"https:\/\/www.homewizard.com\/fr-be\/"},{"@type":"ListItem","position":2,"name":"\u00c0 propos de nous"}]},{"@type":"WebSite","@id":"https:\/\/www.homewizard.com\/fr-be\/#website","url":"https:\/\/www.homewizard.com\/fr-be\/","name":"HomeWizard","description":"HomeWizard Energy","publisher":{"@id":"https:\/\/www.homewizard.com\/fr-be\/#organization"},"potentialAction":[{"@type":"SearchAction","target":{"@type":"EntryPoint","urlTemplate":"https:\/\/www.homewizard.com\/fr-be\/?s={search_term_string}"},"query-input":{"@type":"PropertyValueSpecification","valueRequired":true,"valueName":"search_term_string"}}],"inLanguage":"fr-BE"},{"@type":"Organization","@id":"https:\/\/www.homewizard.com\/fr-be\/#organization","name":"HomeWizard","url":"https:\/\/www.homewizard.com\/fr-be\/","logo":{"@type":"ImageObject","inLanguage":"fr-BE","@id":"https:\/\/www.homewizard.com\/fr-be\/#\/schema\/logo\/image\/","url":"https:\/\/www.homewizard.com\/wp-content\/uploads\/2023\/06\/HomeWizard-icon-on-black.png","contentUrl":"https:\/\/www.homewizard.com\/wp-content\/uploads\/2023\/06\/HomeWizard-icon-on-black.png","width":500,"height":500,"caption":"HomeWizard"},"image":{"@id":"https:\/\/www.homewizard.com\/fr-be\/#\/schema\/logo\/image\/"},"sameAs":["https:\/\/www.facebook.com\/HomeWizardBV\/","https:\/\/x.com\/HomeWizard_NL","https:\/\/www.youtube.com\/HomeWizardBV","https:\/\/www.instagram.com\/homewizardenergy\/"]}]}},"_links":{"self":[{"href":"https:\/\/www.homewizard.com\/fr-be\/wp-json\/wp\/v2\/pages\/476247","targetHints":{"allow":["GET"]}}],"collection":[{"href":"https:\/\/www.homewizard.com\/fr-be\/wp-json\/wp\/v2\/pages"}],"about":[{"href":"https:\/\/www.homewizard.com\/fr-be\/wp-json\/wp\/v2\/types\/page"}],"author":[{"embeddable":true,"href":"https:\/\/www.homewizard.com\/fr-be\/wp-json\/wp\/v2\/users\/544392"}],"replies":[{"embeddable":true,"href":"https:\/\/www.homewizard.com\/fr-be\/wp-json\/wp\/v2\/comments?post=476247"}],"version-history":[{"count":2,"href":"https:\/\/www.homewizard.com\/fr-be\/wp-json\/wp\/v2\/pages\/476247\/revisions"}],"predecessor-version":[{"id":2162708,"href":"https:\/\/www.homewizard.com\/fr-be\/wp-json\/wp\/v2\/pages\/476247\/revisions\/2162708"}],"wp:attachment":[{"href":"https:\/\/www.homewizard.com\/fr-be\/wp-json\/wp\/v2\/media?parent=476247"}],"curies":[{"name":"wp","href":"https:\/\/api.w.org\/{rel}","templated":true}]}}