{"id":190167,"date":"2021-08-11T12:40:54","date_gmt":"2021-08-11T12:40:54","guid":{"rendered":"https:\/\/www.homewizard.com\/mon-compte\/"},"modified":"2026-02-03T16:10:39","modified_gmt":"2026-02-03T15:10:39","slug":"mon-compte","status":"publish","type":"page","link":"https:\/\/www.homewizard.com\/fr-be\/mon-compte\/","title":{"rendered":"Mon compte"},"content":{"rendered":"\n<h1 class=\" wp-block-heading eplus-wrapper\" id=\"my-account\"><strong>Mon compte<\/strong><\/h1>\n\n\n<div class=\"woocommerce\"><\/div>\n","protected":false},"excerpt":{"rendered":"<p>Mon compte<\/p>\n","protected":false},"author":1,"featured_media":0,"parent":0,"menu_order":0,"comment_status":"closed","ping_status":"closed","template":"","meta":{"_acf_changed":false,"editor_plus_copied_stylings":"{}","footnotes":""},"class_list":["post-190167","page","type-page","status-publish","hentry"],"acf":[],"yoast_head":"<!-- This site is optimized with the Yoast SEO plugin v27.0 - https:\/\/yoast.com\/product\/yoast-seo-wordpress\/ -->\n<title>Mon Compte : g\u00e9r\u00ee t\u2019n compte HomeWizard, les comandes &amp; Energy+<\/title>\n<meta name=\"description\" content=\"Connecte to po veyre l\u2019istorique des comandes, tos d\u00e8s-adresses ey l\u2019gestion d\u2019Energy+. T\u00f4t \u00e8n on l\u00ee \u2014 connecte to ci.\" \/>\n<meta name=\"robots\" content=\"index, follow, max-snippet:-1, max-image-preview:large, max-video-preview:-1\" \/>\n<link rel=\"canonical\" href=\"https:\/\/www.homewizard.com\/fr-be\/mon-compte\/\" \/>\n<meta property=\"og:locale\" content=\"fr_FR\" \/>\n<meta property=\"og:type\" content=\"article\" \/>\n<meta property=\"og:title\" content=\"Mon Compte : g\u00e9r\u00ee t\u2019n compte HomeWizard, les comandes &amp; Energy+\" \/>\n<meta property=\"og:description\" content=\"Connecte to po veyre l\u2019istorique des comandes, tos d\u00e8s-adresses ey l\u2019gestion d\u2019Energy+. T\u00f4t \u00e8n on l\u00ee \u2014 connecte to ci.\" \/>\n<meta property=\"og:url\" content=\"https:\/\/www.homewizard.com\/fr-be\/mon-compte\/\" \/>\n<meta property=\"og:site_name\" content=\"HomeWizard\" \/>\n<meta property=\"article:publisher\" content=\"https:\/\/www.facebook.com\/HomeWizardBV\/\" \/>\n<meta property=\"article:modified_time\" content=\"2026-02-03T15:10:39+00:00\" \/>\n<meta name=\"twitter:card\" content=\"summary_large_image\" \/>\n<meta name=\"twitter:site\" content=\"@HomeWizard_NL\" \/>\n<meta name=\"twitter:label1\" content=\"Dur\u00e9e de lecture est.\" \/>\n\t<meta name=\"twitter:data1\" content=\"1 minute\" \/>\n<script type=\"application\/ld+json\" class=\"yoast-schema-graph\">{\"@context\":\"https:\/\/schema.org\",\"@graph\":[{\"@type\":\"WebPage\",\"@id\":\"https:\/\/www.homewizard.com\/fr-be\/mon-compte\/\",\"url\":\"https:\/\/www.homewizard.com\/fr-be\/mon-compte\/\",\"name\":\"Mon Compte : g\u00e9r\u00ee t\u2019n compte HomeWizard, les comandes & Energy+\",\"isPartOf\":{\"@id\":\"https:\/\/www.homewizard.com\/fr-be\/#website\"},\"datePublished\":\"2021-08-11T12:40:54+00:00\",\"dateModified\":\"2026-02-03T15:10:39+00:00\",\"description\":\"Connecte to po veyre l\u2019istorique des comandes, tos d\u00e8s-adresses ey l\u2019gestion d\u2019Energy+. T\u00f4t \u00e8n on l\u00ee \u2014 connecte to ci.\",\"breadcrumb\":{\"@id\":\"https:\/\/www.homewizard.com\/fr-be\/mon-compte\/#breadcrumb\"},\"inLanguage\":\"fr-BE\",\"potentialAction\":[{\"@type\":\"ReadAction\",\"target\":[\"https:\/\/www.homewizard.com\/fr-be\/mon-compte\/\"]}]},{\"@type\":\"BreadcrumbList\",\"@id\":\"https:\/\/www.homewizard.com\/fr-be\/mon-compte\/#breadcrumb\",\"itemListElement\":[{\"@type\":\"ListItem\",\"position\":1,\"name\":\"Home\",\"item\":\"https:\/\/www.homewizard.com\/fr-be\/\"},{\"@type\":\"ListItem\",\"position\":2,\"name\":\"Mon compte\"}]},{\"@type\":\"WebSite\",\"@id\":\"https:\/\/www.homewizard.com\/fr-be\/#website\",\"url\":\"https:\/\/www.homewizard.com\/fr-be\/\",\"name\":\"HomeWizard\",\"description\":\"HomeWizard Energy\",\"publisher\":{\"@id\":\"https:\/\/www.homewizard.com\/fr-be\/#organization\"},\"potentialAction\":[{\"@type\":\"SearchAction\",\"target\":{\"@type\":\"EntryPoint\",\"urlTemplate\":\"https:\/\/www.homewizard.com\/fr-be\/?s={search_term_string}\"},\"query-input\":{\"@type\":\"PropertyValueSpecification\",\"valueRequired\":true,\"valueName\":\"search_term_string\"}}],\"inLanguage\":\"fr-BE\"},{\"@type\":\"Organization\",\"@id\":\"https:\/\/www.homewizard.com\/fr-be\/#organization\",\"name\":\"HomeWizard\",\"url\":\"https:\/\/www.homewizard.com\/fr-be\/\",\"logo\":{\"@type\":\"ImageObject\",\"inLanguage\":\"fr-BE\",\"@id\":\"https:\/\/www.homewizard.com\/fr-be\/#\/schema\/logo\/image\/\",\"url\":\"https:\/\/www.homewizard.com\/wp-content\/uploads\/2023\/06\/HomeWizard-icon-on-black.png\",\"contentUrl\":\"https:\/\/www.homewizard.com\/wp-content\/uploads\/2023\/06\/HomeWizard-icon-on-black.png\",\"width\":500,\"height\":500,\"caption\":\"HomeWizard\"},\"image\":{\"@id\":\"https:\/\/www.homewizard.com\/fr-be\/#\/schema\/logo\/image\/\"},\"sameAs\":[\"https:\/\/www.facebook.com\/HomeWizardBV\/\",\"https:\/\/x.com\/HomeWizard_NL\",\"https:\/\/www.youtube.com\/HomeWizardBV\",\"https:\/\/www.instagram.com\/homewizardenergy\/\"]}]}<\/script>\n<!-- \/ Yoast SEO plugin. -->","yoast_head_json":{"title":"Mon Compte : g\u00e9r\u00ee t\u2019n compte HomeWizard, les comandes & Energy+","description":"Connecte to po veyre l\u2019istorique des comandes, tos d\u00e8s-adresses ey l\u2019gestion d\u2019Energy+. T\u00f4t \u00e8n on l\u00ee \u2014 connecte to ci.","robots":{"index":"index","follow":"follow","max-snippet":"max-snippet:-1","max-image-preview":"max-image-preview:large","max-video-preview":"max-video-preview:-1"},"canonical":"https:\/\/www.homewizard.com\/fr-be\/mon-compte\/","og_locale":"fr_FR","og_type":"article","og_title":"Mon Compte : g\u00e9r\u00ee t\u2019n compte HomeWizard, les comandes & Energy+","og_description":"Connecte to po veyre l\u2019istorique des comandes, tos d\u00e8s-adresses ey l\u2019gestion d\u2019Energy+. T\u00f4t \u00e8n on l\u00ee \u2014 connecte to ci.","og_url":"https:\/\/www.homewizard.com\/fr-be\/mon-compte\/","og_site_name":"HomeWizard","article_publisher":"https:\/\/www.facebook.com\/HomeWizardBV\/","article_modified_time":"2026-02-03T15:10:39+00:00","twitter_card":"summary_large_image","twitter_site":"@HomeWizard_NL","twitter_misc":{"Dur\u00e9e de lecture est.":"1 minute"},"schema":{"@context":"https:\/\/schema.org","@graph":[{"@type":"WebPage","@id":"https:\/\/www.homewizard.com\/fr-be\/mon-compte\/","url":"https:\/\/www.homewizard.com\/fr-be\/mon-compte\/","name":"Mon Compte : g\u00e9r\u00ee t\u2019n compte HomeWizard, les comandes & Energy+","isPartOf":{"@id":"https:\/\/www.homewizard.com\/fr-be\/#website"},"datePublished":"2021-08-11T12:40:54+00:00","dateModified":"2026-02-03T15:10:39+00:00","description":"Connecte to po veyre l\u2019istorique des comandes, tos d\u00e8s-adresses ey l\u2019gestion d\u2019Energy+. T\u00f4t \u00e8n on l\u00ee \u2014 connecte to ci.","breadcrumb":{"@id":"https:\/\/www.homewizard.com\/fr-be\/mon-compte\/#breadcrumb"},"inLanguage":"fr-BE","potentialAction":[{"@type":"ReadAction","target":["https:\/\/www.homewizard.com\/fr-be\/mon-compte\/"]}]},{"@type":"BreadcrumbList","@id":"https:\/\/www.homewizard.com\/fr-be\/mon-compte\/#breadcrumb","itemListElement":[{"@type":"ListItem","position":1,"name":"Home","item":"https:\/\/www.homewizard.com\/fr-be\/"},{"@type":"ListItem","position":2,"name":"Mon compte"}]},{"@type":"WebSite","@id":"https:\/\/www.homewizard.com\/fr-be\/#website","url":"https:\/\/www.homewizard.com\/fr-be\/","name":"HomeWizard","description":"HomeWizard Energy","publisher":{"@id":"https:\/\/www.homewizard.com\/fr-be\/#organization"},"potentialAction":[{"@type":"SearchAction","target":{"@type":"EntryPoint","urlTemplate":"https:\/\/www.homewizard.com\/fr-be\/?s={search_term_string}"},"query-input":{"@type":"PropertyValueSpecification","valueRequired":true,"valueName":"search_term_string"}}],"inLanguage":"fr-BE"},{"@type":"Organization","@id":"https:\/\/www.homewizard.com\/fr-be\/#organization","name":"HomeWizard","url":"https:\/\/www.homewizard.com\/fr-be\/","logo":{"@type":"ImageObject","inLanguage":"fr-BE","@id":"https:\/\/www.homewizard.com\/fr-be\/#\/schema\/logo\/image\/","url":"https:\/\/www.homewizard.com\/wp-content\/uploads\/2023\/06\/HomeWizard-icon-on-black.png","contentUrl":"https:\/\/www.homewizard.com\/wp-content\/uploads\/2023\/06\/HomeWizard-icon-on-black.png","width":500,"height":500,"caption":"HomeWizard"},"image":{"@id":"https:\/\/www.homewizard.com\/fr-be\/#\/schema\/logo\/image\/"},"sameAs":["https:\/\/www.facebook.com\/HomeWizardBV\/","https:\/\/x.com\/HomeWizard_NL","https:\/\/www.youtube.com\/HomeWizardBV","https:\/\/www.instagram.com\/homewizardenergy\/"]}]}},"_links":{"self":[{"href":"https:\/\/www.homewizard.com\/fr-be\/wp-json\/wp\/v2\/pages\/190167","targetHints":{"allow":["GET"]}}],"collection":[{"href":"https:\/\/www.homewizard.com\/fr-be\/wp-json\/wp\/v2\/pages"}],"about":[{"href":"https:\/\/www.homewizard.com\/fr-be\/wp-json\/wp\/v2\/types\/page"}],"author":[{"embeddable":true,"href":"https:\/\/www.homewizard.com\/fr-be\/wp-json\/wp\/v2\/users\/1"}],"replies":[{"embeddable":true,"href":"https:\/\/www.homewizard.com\/fr-be\/wp-json\/wp\/v2\/comments?post=190167"}],"version-history":[{"count":3,"href":"https:\/\/www.homewizard.com\/fr-be\/wp-json\/wp\/v2\/pages\/190167\/revisions"}],"predecessor-version":[{"id":2012899,"href":"https:\/\/www.homewizard.com\/fr-be\/wp-json\/wp\/v2\/pages\/190167\/revisions\/2012899"}],"wp:attachment":[{"href":"https:\/\/www.homewizard.com\/fr-be\/wp-json\/wp\/v2\/media?parent=190167"}],"curies":[{"name":"wp","href":"https:\/\/api.w.org\/{rel}","templated":true}]}}