{"id":190138,"date":"2022-02-08T14:39:37","date_gmt":"2022-02-08T13:39:37","guid":{"rendered":"https:\/\/www.homewizard.com\/accord-de-vente-et-dachat\/"},"modified":"2023-06-13T11:11:48","modified_gmt":"2023-06-13T09:11:48","slug":"accord-de-vente-et-dachat","status":"publish","type":"page","link":"https:\/\/www.homewizard.com\/fr-be\/accord-de-vente-et-dachat\/","title":{"rendered":"Accord de vente et d&rsquo;achat (SPA)"},"content":{"rendered":"\n<div class=\"contained_page wp-block-group eplus-wrapper\"><div class=\"wp-block-group__inner-container is-layout-flow wp-block-group-is-layout-flow\">\n<h1 class=\"eplus-wrapper wp-block-heading\" id=\"sales-and-purchase-agreement-spa\"><strong>Accord de vente et d&rsquo;achat (SPA)<\/strong><\/h1>\n\n\n\n<h2 class=\"eplus-wrapper wp-block-heading\" id=\"scope-and-definitions\"><strong>Champ d&rsquo;application et d\u00e9finitions<\/strong><\/h2>\n\n\n\n<p class=\" eplus-wrapper\">Lors d&rsquo;une commande sur le site web de HomeWizard, le contrat de vente s&rsquo;applique \u00e0 la version en vigueur au moment de l&rsquo;achat.<\/p>\n\n\n\n<p class=\" eplus-wrapper\">Les pr\u00e9sentes conditions de vente ne s&rsquo;appliquent qu&rsquo;aux produits ou services \u00a0\u00bb Produits \u00a0\u00bb achet\u00e9s sur le site web de HomeWizard. En cas de commande par l&rsquo;interm\u00e9diaire d&rsquo;une autre partie, les accords de vente de la partie vendeuse s&rsquo;appliquent.<\/p>\n\n\n\n<p class=\" eplus-wrapper\">Dans la mesure o\u00f9 le pr\u00e9sent document fait r\u00e9f\u00e9rence aux \u00ab\u00a0consommateurs\u00a0\u00bb, il s&rsquo;agit de personnes physiques dont les commandes ne sont pas effectu\u00e9es dans le cadre d&rsquo;activit\u00e9s commerciales, ind\u00e9pendantes ou freelance. Les \u00ab\u00a0entrepreneurs\u00a0\u00bb, quant \u00e0 eux, sont des personnes physiques ou morales ou des soci\u00e9t\u00e9s de personnes l\u00e9galement autoris\u00e9es dont les commandes sont pass\u00e9es dans le cadre d&rsquo;activit\u00e9s commerciales, ind\u00e9pendantes ou freelance. Les \u00ab\u00a0clients\u00a0\u00bb au sens du pr\u00e9sent contrat de vente sont \u00e0 la fois des consommateurs et des entrepreneurs.<\/p>\n\n\n\n<p class=\" eplus-wrapper\">Si un terme est exprim\u00e9 en jours ouvrables, il s&rsquo;agit de tous les jours de la semaine \u00e0 l&rsquo;exception des samedis, des dimanches et des jours f\u00e9ri\u00e9s l\u00e9gaux.<\/p>\n\n\n\n<h2 class=\"eplus-wrapper wp-block-heading\" id=\"conclusion-of-the-agreement\"><strong>Conclusion de l&rsquo;accord<\/strong><\/h2>\n\n\n\n<p class=\" eplus-wrapper\">Toutes les offres de HomeWizard sont sans engagement et non contraignantes.<\/p>\n\n\n\n<p class=\" eplus-wrapper\">Si le client passe une commande via la boutique en ligne, par t\u00e9l\u00e9phone ou par un autre canal de commande, le contrat d&rsquo;achat est accept\u00e9 par le client d\u00e8s qu&rsquo;il a re\u00e7u une confirmation de commande de HomeWizard par courrier \u00e9lectronique. Une fois que vous avez re\u00e7u la confirmation de la commande, celle-ci ne peut plus \u00eatre modifi\u00e9e ou annul\u00e9e. HomeWizard a accept\u00e9 le contrat d&rsquo;achat d\u00e8s que le client a re\u00e7u une confirmation d&rsquo;exp\u00e9dition par courrier \u00e9lectronique.<\/p>\n\n\n\n<p class=\" eplus-wrapper\">Ce contrat d&rsquo;achat ne s&rsquo;applique pas \u00e0 l&rsquo;achat de produits HomeWizard par l&rsquo;interm\u00e9diaire de tiers.<\/p>\n\n\n\n<h2 class=\"eplus-wrapper wp-block-heading\" id=\"prices-and-payment-terms\"><strong>Prix et conditions de paiement<\/strong><\/h2>\n\n\n\n<p class=\" eplus-wrapper\">Les prix affich\u00e9s sur le site au moment de la commande sont d&rsquo;application. Si des frais d&rsquo;exp\u00e9dition sont factur\u00e9s, HomeWizard en informera le client au cours du processus de commande. Tous les prix affich\u00e9s sur le site Web incluent les taux de TVA applicables en vertu de la loi. Les prix et les offres peuvent varier d&rsquo;un pays \u00e0 l&rsquo;autre. HomeWizard propose des options de paiement par l&rsquo;interm\u00e9diaire de prestataires externes.<\/p>\n\n\n\n<p class=\" eplus-wrapper\">Le montant de l&rsquo;achat doit \u00eatre pay\u00e9 dans les 14 jours suivant l&rsquo;accord d&rsquo;achat, sauf indication contraire. Si le client est en retard de paiement, HomeWizard a le droit de facturer un montant fixe pour les frais de rappel par rappel.<\/p>\n\n\n\n<p class=\" eplus-wrapper\">HomeWizard a le droit de facturer un montant fixe pour les frais ou dommages subis pour tout ordre de recouvrement ou paiement par carte de cr\u00e9dit impay\u00e9, retourn\u00e9, sauf si le client peut d\u00e9montrer qu&rsquo;il n&rsquo;est pas responsable de l&rsquo;\u00e9v\u00e9nement ayant caus\u00e9 le dommage. Le client se r\u00e9serve le droit de d\u00e9montrer que HomeWizard n&rsquo;a eu \u00e0 supporter aucun co\u00fbt ou des co\u00fbts nettement inf\u00e9rieurs au montant fixe indiqu\u00e9.<\/p>\n\n\n\n<p class=\" eplus-wrapper\">Pour les achats effectu\u00e9s via les applications HomeWizard, les conditions g\u00e9n\u00e9rales de vente de Google ou d&rsquo;Apple s&rsquo;appliquent. Les parties susmentionn\u00e9es sont l&rsquo;entrepreneur vendeur dans ce cas.<\/p>\n\n\n\n<h2 class=\"eplus-wrapper wp-block-heading\" id=\"delivery-and-product-property\"><strong>Livraison et propri\u00e9t\u00e9 des produits<\/strong><\/h2>\n\n\n\n<p class=\" eplus-wrapper\">Le jour de livraison indiqu\u00e9 dans la commande \u00a0\u00bblivraison pr\u00e9vue\u00a0\u00bb lors du processus de commande est indicatif et aucun droit ne peut en d\u00e9couler. HomeWizard \u00e9tablit une estimation sur la base du d\u00e9lai de livraison chez le partenaire d&rsquo;exp\u00e9dition externe et des m\u00e9thodes et conditions de paiement courantes. HomeWizard s&rsquo;efforce de livrer le jour de livraison indiqu\u00e9 dans un d\u00e9lai maximum de 14 jours \u00e0 compter de la date de la commande.<\/p>\n\n\n\n<p class=\" eplus-wrapper\">Les livraisons sont effectu\u00e9es \u00e0 des adresses de livraison situ\u00e9es dans les pays sp\u00e9cifi\u00e9s dans l&rsquo;accord. Il incombe au client de s&rsquo;assurer que les marchandises peuvent \u00eatre livr\u00e9es dans les d\u00e9lais raisonnablement pr\u00e9visibles.<\/p>\n\n\n\n<p class=\" eplus-wrapper\">En cas de force majeure, le d\u00e9lai de livraison sera prolong\u00e9 en cons\u00e9quence. La force majeure d\u00e9signe des obstacles impr\u00e9vus ou inhabituels. En cas de force majeure, HomeWizard informera le client d&rsquo;une prolongation du d\u00e9lai de livraison au plus tard 2 semaines apr\u00e8s le paiement.<\/p>\n\n\n\n<p class=\" eplus-wrapper\">En cas de retard de livraison de plus de deux semaines apr\u00e8s la date de livraison indiqu\u00e9e, le consommateur a le droit de r\u00e9silier le contrat. Dans ce cas, HomeWizard a le droit de r\u00e9silier l&rsquo;accord. Dans les deux cas, HomeWizard remboursera les paiements d\u00e9j\u00e0 effectu\u00e9s par le consommateur dans un d\u00e9lai de 5 jours ouvrables. Le client n&rsquo;a pas le droit de r\u00e9clamer des dommages-int\u00e9r\u00eats pour retard de livraison.<\/p>\n\n\n\n<p class=\" eplus-wrapper\">Pour les commandes d&rsquo;entreprises, les Incoterms mentionn\u00e9s sur la facture sont d&rsquo;application.<\/p>\n\n\n\n<p class=\" eplus-wrapper\">HomeWizard se r\u00e9serve le droit de r\u00e9silier le contrat apr\u00e8s deux \u00e9checs de livraison dus \u00e0 la faute du client. Les paiements d\u00e9j\u00e0 effectu\u00e9s par le client seront dans ce cas rembours\u00e9s dans les 5 jours.<\/p>\n\n\n\n<p class=\" eplus-wrapper\">Si les produits sont livr\u00e9s avec des dommages visibles au niveau de l&#8217;emballage ou du contenu, le Client doit le signaler &#8211; sans pr\u00e9judice de ses droits de garantie &#8211; au plus tard dans les 7 jours suivant la r\u00e9ception des produits via les canaux de contact habituels, afin que HomeWizard puisse demander une compensation pour les dommages de transport aupr\u00e8s du prestataire de services logistiques.<\/p>\n\n\n\n<p class=\" eplus-wrapper\">En principe, les frais de retour sont \u00e0 la charge du client. Cette disposition ne s&rsquo;applique pas aux retours r\u00e9sultant d&rsquo;un retrait.<\/p>\n\n\n\n<p class=\" eplus-wrapper\">Les produits command\u00e9s deviennent la propri\u00e9t\u00e9 du client apr\u00e8s qu&rsquo;il a pay\u00e9 int\u00e9gralement et rempli toutes ses obligations.<\/p>\n\n\n\n<h2 class=\"eplus-wrapper wp-block-heading\" id=\"reflection-period-and-returns\"><strong>P\u00e9riode de r\u00e9flexion et retours<\/strong><\/h2>\n\n\n\n<p class=\" eplus-wrapper\">Si, en tant que consommateur, vous passez une commande \u00e0 HomeWizard via le site web, vous pouvez profiter de notre p\u00e9riode de r\u00e9flexion de 30 jours.<\/p>\n\n\n\n<p class=\" eplus-wrapper\">Le d\u00e9lai de r\u00e9flexion prend effet le jour o\u00f9 le consommateur a re\u00e7u le mat\u00e9riel de la commande (dans son int\u00e9gralit\u00e9). Pendant cette p\u00e9riode de r\u00e9flexion, le consommateur peut annuler l&rsquo;achat et renvoyer les produits achet\u00e9s \u00e0 HomeWizard. La charge de la preuve de l&rsquo;utilisation en temps utile du d\u00e9lai de r\u00e9flexion incombe au consommateur.<\/p>\n\n\n\n<p class=\" eplus-wrapper\">Si le consommateur fait usage du d\u00e9lai de r\u00e9flexion, les frais d&rsquo;exp\u00e9dition pour le retour des produits sont \u00e0 la charge du consommateur. Le montant total de l&rsquo;achat des produits, y compris les frais d&rsquo;exp\u00e9dition, sera rembours\u00e9 d\u00e8s que possible, mais au plus tard dans les 14 jours ouvrables suivant la r\u00e9ception par HomeWizard. Ce remboursement sera effectu\u00e9 via la m\u00e9thode de paiement utilis\u00e9e par le consommateur lors de la transaction initiale.<\/p>\n\n\n\n<p class=\" eplus-wrapper\">Les produits doivent \u00eatre retourn\u00e9s intacts dans leur emballage d&rsquo;origine raisonnable dans les 14 jours suivant la mise en service du d\u00e9lai de r\u00e9flexion. Lorsque le produit n&rsquo;est utilis\u00e9 que dans la mesure n\u00e9cessaire pour d\u00e9terminer les caract\u00e9ristiques et le fonctionnement du produit.\nEn cas de retour de produits incomplets ou endommag\u00e9s, HomeWizard peut refuser le remboursement du montant de l&rsquo;achat ou r\u00e9duire le montant \u00e0 rembourser. <\/p>\n\n\n\n<p class=\" eplus-wrapper\">Pour certains produits, le d\u00e9lai de r\u00e9flexion de 30 jours expire d\u00e8s que le produit est mis en service et qu&rsquo;il ne peut \u00eatre remis \u00e0 l&rsquo;\u00e9tat neuf au moyen de relev\u00e9s de compteurs certifi\u00e9s (comme les compteurs de kWh).<\/p>\n\n\n\n<p class=\" eplus-wrapper\">Lors de la livraison \u00e0 un entrepreneur, ce dernier doit v\u00e9rifier que les produits re\u00e7us sont conformes au contrat d&rsquo;achat. L&rsquo;entrepreneur est tenu de notifier par \u00e9crit tout \u00e9cart par rapport au contrat d&rsquo;achat dans les 24 heures suivant la livraison et de donner \u00e0 HomeWizard la possibilit\u00e9 de d\u00e9terminer la validit\u00e9 de la notification sur place. Le droit au remplacement ou \u00e0 l&rsquo;octroi d&rsquo;un cr\u00e9dit s&rsquo;\u00e9teint si les produits ont d\u00e9j\u00e0 \u00e9t\u00e9 utilis\u00e9s. Les retours sont \u00e0 la charge de l&rsquo;entrepreneur et ne sont accept\u00e9s que s&rsquo;ils ont \u00e9t\u00e9 convenus \u00e0 l&rsquo;avance.<\/p>\n\n\n\n<h2 class=\"eplus-wrapper wp-block-heading\" id=\"warranty\"><strong>Garantie<\/strong><\/h2>\n\n\n\n<p class=\" eplus-wrapper\">Pour les \u00e9quipements achet\u00e9s par un consommateur, la garantie du produit est valable pendant 24 mois \u00e0 compter de la date de la commande. Si l&rsquo;\u00e9quipement a \u00e9t\u00e9 achet\u00e9 par un entrepreneur, la garantie expire apr\u00e8s 12 mois \u00e0 compter de la date de la commande, sauf indication contraire dans le contrat d&rsquo;achat. HomeWizard peut \u00e0 tout moment mettre fin de mani\u00e8re anticip\u00e9e \u00e0 la p\u00e9riode de garantie si le client ne respecte pas les conditions g\u00e9n\u00e9rales dont fait partie le contrat de licence d&rsquo;utilisateur final.<\/p>\n\n\n\n<h2 class=\"eplus-wrapper wp-block-heading\" id=\"final-provisions\"><strong>Provisions finales<\/strong><\/h2>\n\n\n\n<p class=\" eplus-wrapper\">La nullit\u00e9 d&rsquo;une disposition du pr\u00e9sent document n&rsquo;affecte pas les autres dispositions.<\/p>\n\n\n\n<p class=\" eplus-wrapper\">Si le client n&rsquo;a pas de tribunal g\u00e9n\u00e9ralement comp\u00e9tent au sein de l&rsquo;Union europ\u00e9enne ou s&rsquo;il est un commer\u00e7ant, une personne morale de droit public ou un patrimoine d&rsquo;affectation de droit public, le tribunal du lieu de r\u00e9sidence de HomeWizard est le tribunal comp\u00e9tent pour tous les litiges d\u00e9coulant de la relation contractuelle. Cependant, HomeWizard a \u00e9galement le droit d&rsquo;intenter des actions en justice devant le tribunal g\u00e9n\u00e9ralement comp\u00e9tent du lieu d&rsquo;\u00e9tablissement du client.<\/p>\n\n\n\n<p class=\" eplus-wrapper\">Seules les lois de l&rsquo;\u00c9tat n\u00e9erlandais s&rsquo;appliquent \u00e0 l&rsquo;exclusion de la Convention des Nations unies sur les contrats de vente internationale de marchandises, y compris dans le cas de livraisons transfrontali\u00e8res. En outre, les consommateurs sont soumis \u00e0 la l\u00e9gislation contraignante en mati\u00e8re de protection des consommateurs qui s&rsquo;applique dans le pays o\u00f9 le client a sa r\u00e9sidence habituelle, dans la mesure o\u00f9 elle offre au client une protection plus \u00e9tendue.<\/p>\n\n\n\n<p class=\" eplus-wrapper\">HomeWizard a le droit de modifier unilat\u00e9ralement ce document &#8211; dans la mesure o\u00f9 il a \u00e9t\u00e9 d\u00e9clar\u00e9 applicable dans la relation contractuelle avec le client &#8211; si cela est n\u00e9cessaire pour rem\u00e9dier \u00e0 une perturbation ult\u00e9rieure de l&rsquo;\u00e9quilibre du contrat ou pour modifier le contrat. s&rsquo;adapter \u00e0 des conditions pr\u00e9alables juridiques ou techniques modifi\u00e9es.<\/p>\n\n\n\n<p class=\" eplus-wrapper\">Si vous avez des questions sur ce document, veuillez contacter HomeWizard \u00e0 l\u2019adresse suivante : <a href=\"mailto:support@homewizard.com\">support@homewizard.com<\/a><\/p>\n\n\n\n<p class=\" eplus-wrapper\">HomeWizard BV Keyserswey 79, Noordwijk, Pays-Bas<\/p>\n<\/div><\/div>\n","protected":false},"excerpt":{"rendered":"<p>Accord de vente et d&rsquo;achat (SPA) Champ d&rsquo;application et d\u00e9finitions Lors d&rsquo;une commande sur le site web de HomeWizard, le contrat de vente s&rsquo;applique \u00e0 la version en vigueur au moment de l&rsquo;achat. Les pr\u00e9sentes conditions de vente ne s&rsquo;appliquent qu&rsquo;aux produits ou services \u00a0\u00bb Produits \u00a0\u00bb achet\u00e9s sur le site web de HomeWizard. En&hellip;<\/p>\n","protected":false},"author":1,"featured_media":0,"parent":0,"menu_order":0,"comment_status":"closed","ping_status":"closed","template":"","meta":{"_acf_changed":false,"editor_plus_copied_stylings":"{}","footnotes":""},"class_list":["post-190138","page","type-page","status-publish","hentry"],"acf":[],"yoast_head":"<!-- This site is optimized with the Yoast SEO plugin v27.0 - https:\/\/yoast.com\/product\/yoast-seo-wordpress\/ -->\n<title>Accord de vente et d&#039;achat (SPA) - HomeWizard<\/title>\n<meta name=\"robots\" content=\"index, follow, max-snippet:-1, max-image-preview:large, max-video-preview:-1\" \/>\n<link rel=\"canonical\" href=\"https:\/\/www.homewizard.com\/fr-be\/accord-de-vente-et-dachat\/\" \/>\n<meta property=\"og:locale\" content=\"fr_FR\" \/>\n<meta property=\"og:type\" content=\"article\" \/>\n<meta property=\"og:title\" content=\"Accord de vente et d&#039;achat (SPA) - HomeWizard\" \/>\n<meta property=\"og:description\" content=\"Accord de vente et d&rsquo;achat (SPA) Champ d&rsquo;application et d\u00e9finitions Lors d&rsquo;une commande sur le site web de HomeWizard, le contrat de vente s&rsquo;applique \u00e0 la version en vigueur au moment de l&rsquo;achat. Les pr\u00e9sentes conditions de vente ne s&rsquo;appliquent qu&rsquo;aux produits ou services \u00a0\u00bb Produits \u00a0\u00bb achet\u00e9s sur le site web de HomeWizard. En&hellip;\" \/>\n<meta property=\"og:url\" content=\"https:\/\/www.homewizard.com\/fr-be\/accord-de-vente-et-dachat\/\" \/>\n<meta property=\"og:site_name\" content=\"HomeWizard\" \/>\n<meta property=\"article:publisher\" content=\"https:\/\/www.facebook.com\/HomeWizardBV\/\" \/>\n<meta property=\"article:modified_time\" content=\"2023-06-13T09:11:48+00:00\" \/>\n<meta name=\"twitter:card\" content=\"summary_large_image\" \/>\n<meta name=\"twitter:site\" content=\"@HomeWizard_NL\" \/>\n<meta name=\"twitter:label1\" content=\"Dur\u00e9e de lecture est.\" \/>\n\t<meta name=\"twitter:data1\" content=\"7 minutes\" \/>\n<script type=\"application\/ld+json\" class=\"yoast-schema-graph\">{\"@context\":\"https:\/\/schema.org\",\"@graph\":[{\"@type\":\"WebPage\",\"@id\":\"https:\/\/www.homewizard.com\/fr-be\/accord-de-vente-et-dachat\/\",\"url\":\"https:\/\/www.homewizard.com\/fr-be\/accord-de-vente-et-dachat\/\",\"name\":\"Accord de vente et d'achat (SPA) - HomeWizard\",\"isPartOf\":{\"@id\":\"https:\/\/www.homewizard.com\/fr-be\/#website\"},\"datePublished\":\"2022-02-08T13:39:37+00:00\",\"dateModified\":\"2023-06-13T09:11:48+00:00\",\"breadcrumb\":{\"@id\":\"https:\/\/www.homewizard.com\/fr-be\/accord-de-vente-et-dachat\/#breadcrumb\"},\"inLanguage\":\"fr-BE\",\"potentialAction\":[{\"@type\":\"ReadAction\",\"target\":[\"https:\/\/www.homewizard.com\/fr-be\/accord-de-vente-et-dachat\/\"]}]},{\"@type\":\"BreadcrumbList\",\"@id\":\"https:\/\/www.homewizard.com\/fr-be\/accord-de-vente-et-dachat\/#breadcrumb\",\"itemListElement\":[{\"@type\":\"ListItem\",\"position\":1,\"name\":\"Home\",\"item\":\"https:\/\/www.homewizard.com\/fr-be\/\"},{\"@type\":\"ListItem\",\"position\":2,\"name\":\"Accord de vente et d&#8217;achat (SPA)\"}]},{\"@type\":\"WebSite\",\"@id\":\"https:\/\/www.homewizard.com\/fr-be\/#website\",\"url\":\"https:\/\/www.homewizard.com\/fr-be\/\",\"name\":\"HomeWizard\",\"description\":\"HomeWizard Energy\",\"publisher\":{\"@id\":\"https:\/\/www.homewizard.com\/fr-be\/#organization\"},\"potentialAction\":[{\"@type\":\"SearchAction\",\"target\":{\"@type\":\"EntryPoint\",\"urlTemplate\":\"https:\/\/www.homewizard.com\/fr-be\/?s={search_term_string}\"},\"query-input\":{\"@type\":\"PropertyValueSpecification\",\"valueRequired\":true,\"valueName\":\"search_term_string\"}}],\"inLanguage\":\"fr-BE\"},{\"@type\":\"Organization\",\"@id\":\"https:\/\/www.homewizard.com\/fr-be\/#organization\",\"name\":\"HomeWizard\",\"url\":\"https:\/\/www.homewizard.com\/fr-be\/\",\"logo\":{\"@type\":\"ImageObject\",\"inLanguage\":\"fr-BE\",\"@id\":\"https:\/\/www.homewizard.com\/fr-be\/#\/schema\/logo\/image\/\",\"url\":\"https:\/\/www.homewizard.com\/wp-content\/uploads\/2023\/06\/HomeWizard-icon-on-black.png\",\"contentUrl\":\"https:\/\/www.homewizard.com\/wp-content\/uploads\/2023\/06\/HomeWizard-icon-on-black.png\",\"width\":500,\"height\":500,\"caption\":\"HomeWizard\"},\"image\":{\"@id\":\"https:\/\/www.homewizard.com\/fr-be\/#\/schema\/logo\/image\/\"},\"sameAs\":[\"https:\/\/www.facebook.com\/HomeWizardBV\/\",\"https:\/\/x.com\/HomeWizard_NL\",\"https:\/\/www.youtube.com\/HomeWizardBV\",\"https:\/\/www.instagram.com\/homewizardenergy\/\"]}]}<\/script>\n<!-- \/ Yoast SEO plugin. -->","yoast_head_json":{"title":"Accord de vente et d'achat (SPA) - HomeWizard","robots":{"index":"index","follow":"follow","max-snippet":"max-snippet:-1","max-image-preview":"max-image-preview:large","max-video-preview":"max-video-preview:-1"},"canonical":"https:\/\/www.homewizard.com\/fr-be\/accord-de-vente-et-dachat\/","og_locale":"fr_FR","og_type":"article","og_title":"Accord de vente et d'achat (SPA) - HomeWizard","og_description":"Accord de vente et d&rsquo;achat (SPA) Champ d&rsquo;application et d\u00e9finitions Lors d&rsquo;une commande sur le site web de HomeWizard, le contrat de vente s&rsquo;applique \u00e0 la version en vigueur au moment de l&rsquo;achat. Les pr\u00e9sentes conditions de vente ne s&rsquo;appliquent qu&rsquo;aux produits ou services \u00a0\u00bb Produits \u00a0\u00bb achet\u00e9s sur le site web de HomeWizard. En&hellip;","og_url":"https:\/\/www.homewizard.com\/fr-be\/accord-de-vente-et-dachat\/","og_site_name":"HomeWizard","article_publisher":"https:\/\/www.facebook.com\/HomeWizardBV\/","article_modified_time":"2023-06-13T09:11:48+00:00","twitter_card":"summary_large_image","twitter_site":"@HomeWizard_NL","twitter_misc":{"Dur\u00e9e de lecture est.":"7 minutes"},"schema":{"@context":"https:\/\/schema.org","@graph":[{"@type":"WebPage","@id":"https:\/\/www.homewizard.com\/fr-be\/accord-de-vente-et-dachat\/","url":"https:\/\/www.homewizard.com\/fr-be\/accord-de-vente-et-dachat\/","name":"Accord de vente et d'achat (SPA) - HomeWizard","isPartOf":{"@id":"https:\/\/www.homewizard.com\/fr-be\/#website"},"datePublished":"2022-02-08T13:39:37+00:00","dateModified":"2023-06-13T09:11:48+00:00","breadcrumb":{"@id":"https:\/\/www.homewizard.com\/fr-be\/accord-de-vente-et-dachat\/#breadcrumb"},"inLanguage":"fr-BE","potentialAction":[{"@type":"ReadAction","target":["https:\/\/www.homewizard.com\/fr-be\/accord-de-vente-et-dachat\/"]}]},{"@type":"BreadcrumbList","@id":"https:\/\/www.homewizard.com\/fr-be\/accord-de-vente-et-dachat\/#breadcrumb","itemListElement":[{"@type":"ListItem","position":1,"name":"Home","item":"https:\/\/www.homewizard.com\/fr-be\/"},{"@type":"ListItem","position":2,"name":"Accord de vente et d&#8217;achat (SPA)"}]},{"@type":"WebSite","@id":"https:\/\/www.homewizard.com\/fr-be\/#website","url":"https:\/\/www.homewizard.com\/fr-be\/","name":"HomeWizard","description":"HomeWizard Energy","publisher":{"@id":"https:\/\/www.homewizard.com\/fr-be\/#organization"},"potentialAction":[{"@type":"SearchAction","target":{"@type":"EntryPoint","urlTemplate":"https:\/\/www.homewizard.com\/fr-be\/?s={search_term_string}"},"query-input":{"@type":"PropertyValueSpecification","valueRequired":true,"valueName":"search_term_string"}}],"inLanguage":"fr-BE"},{"@type":"Organization","@id":"https:\/\/www.homewizard.com\/fr-be\/#organization","name":"HomeWizard","url":"https:\/\/www.homewizard.com\/fr-be\/","logo":{"@type":"ImageObject","inLanguage":"fr-BE","@id":"https:\/\/www.homewizard.com\/fr-be\/#\/schema\/logo\/image\/","url":"https:\/\/www.homewizard.com\/wp-content\/uploads\/2023\/06\/HomeWizard-icon-on-black.png","contentUrl":"https:\/\/www.homewizard.com\/wp-content\/uploads\/2023\/06\/HomeWizard-icon-on-black.png","width":500,"height":500,"caption":"HomeWizard"},"image":{"@id":"https:\/\/www.homewizard.com\/fr-be\/#\/schema\/logo\/image\/"},"sameAs":["https:\/\/www.facebook.com\/HomeWizardBV\/","https:\/\/x.com\/HomeWizard_NL","https:\/\/www.youtube.com\/HomeWizardBV","https:\/\/www.instagram.com\/homewizardenergy\/"]}]}},"_links":{"self":[{"href":"https:\/\/www.homewizard.com\/fr-be\/wp-json\/wp\/v2\/pages\/190138","targetHints":{"allow":["GET"]}}],"collection":[{"href":"https:\/\/www.homewizard.com\/fr-be\/wp-json\/wp\/v2\/pages"}],"about":[{"href":"https:\/\/www.homewizard.com\/fr-be\/wp-json\/wp\/v2\/types\/page"}],"author":[{"embeddable":true,"href":"https:\/\/www.homewizard.com\/fr-be\/wp-json\/wp\/v2\/users\/1"}],"replies":[{"embeddable":true,"href":"https:\/\/www.homewizard.com\/fr-be\/wp-json\/wp\/v2\/comments?post=190138"}],"version-history":[{"count":7,"href":"https:\/\/www.homewizard.com\/fr-be\/wp-json\/wp\/v2\/pages\/190138\/revisions"}],"predecessor-version":[{"id":281652,"href":"https:\/\/www.homewizard.com\/fr-be\/wp-json\/wp\/v2\/pages\/190138\/revisions\/281652"}],"wp:attachment":[{"href":"https:\/\/www.homewizard.com\/fr-be\/wp-json\/wp\/v2\/media?parent=190138"}],"curies":[{"name":"wp","href":"https:\/\/api.w.org\/{rel}","templated":true}]}}