{"id":190108,"date":"2022-05-31T16:12:18","date_gmt":"2022-05-31T14:12:18","guid":{"rendered":"https:\/\/www.homewizard.com\/selection-de-compteur-kwh\/"},"modified":"2023-06-14T16:17:47","modified_gmt":"2023-06-14T14:17:47","slug":"kwh-meter-selector","status":"publish","type":"page","link":"https:\/\/www.homewizard.com\/fr-be\/kwh-meter-selector\/","title":{"rendered":"kWh meter selector"},"content":{"rendered":"<p class=\"before_arrow eplus-wrapper eplus-styles-uid-2ee8e5\"><a href=\"https:\/\/www.homewizard.com\/fr-be\/compteur-wi-fi-kwh\/\">Compteur kWh<\/a><\/p><div class=\"wp-block-group eplus-wrapper eplus-styles-uid-f69c24\"><div class=\"wp-block-group__inner-container is-layout-flow wp-block-group-is-layout-flow\">\n<h2 class=\"eplus-wrapper wp-block-heading\">Choisissez votre compteur kWh.<\/h2>\n\n\n<div class=\"woocommerce columns-2 \"><ul class=\"products columns-2\">\n<li class=\"product type-product post-190155 status-publish first instock product_cat-produits product_cat-tous has-post-thumbnail taxable shipping-taxable purchasable product-type-simple small-12 large-6 columns thb-listing-index-1\">\n\t\t<div class=\"thb-product-inner-wrapper\">\n\t\t<figure class=\"product-thumbnail\">\n\t<a href=\"https:\/\/www.homewizard.com\/fr-be\/boutique\/compteur-wi-fi-kwh-mid-1-phase\/\" class=\"woocommerce-LoopProduct-link woocommerce-loop-product__link\"><img loading=\"lazy\" decoding=\"async\" width=\"500\" height=\"500\" src=\"https:\/\/www.homewizard.com\/wp-content\/uploads\/2021\/12\/kWh-Meter-1-phase-HW-shop-500x500.png\" class=\"attachment-woocommerce_thumbnail size-woocommerce_thumbnail\" alt=\"Compteur Wi-Fi kWh MID 1 phase\" srcset=\"https:\/\/www.homewizard.com\/wp-content\/uploads\/2021\/12\/kWh-Meter-1-phase-HW-shop-500x500.png 500w, https:\/\/www.homewizard.com\/wp-content\/uploads\/2021\/12\/kWh-Meter-1-phase-HW-shop-300x300.png 300w, https:\/\/www.homewizard.com\/wp-content\/uploads\/2021\/12\/kWh-Meter-1-phase-HW-shop-150x150.png 150w, https:\/\/www.homewizard.com\/wp-content\/uploads\/2021\/12\/kWh-Meter-1-phase-HW-shop-124x124.png 124w\" sizes=\"auto, (max-width: 500px) 100vw, 500px\" \/><\/a>\t\t<\/figure>\n\t<div class=\"thb-product-inner-content\">\n\t\t<h2 class=\"woocommerce-loop-product__title\"><a href=\"https:\/\/www.homewizard.com\/fr-be\/boutique\/compteur-wi-fi-kwh-mid-1-phase\/\" title=\"Compteur Wi-Fi kWh MID 1 phase\">Compteur Wi-Fi kWh MID 1 phase<\/a><\/h2>\n\t\n\t<span class=\"price\"><span class=\"woocommerce-Price-amount amount\"><bdi><span class=\"woocommerce-Price-currencySymbol\">&euro;<\/span>59.95<\/bdi><\/span><\/span>\n<p>Mesurez les panneaux solaires, les chargeurs de voiture et plus encore.<\/p>\n<a href=\"\/fr-be\/wp-json\/wp\/v2\/pages\/190108?add-to-cart=190155\" aria-describedby=\"woocommerce_loop_add_to_cart_link_describedby_190155\" data-quantity=\"1\" class=\"button product_type_simple add_to_cart_button ajax_add_to_cart\" data-product_id=\"190155\" data-product_sku=\"HWE-KWH1\" aria-label=\"Add to cart: &ldquo;Compteur Wi-Fi kWh MID 1 phase&rdquo;\" rel=\"nofollow\" data-success_message=\"&ldquo;Compteur Wi-Fi kWh MID 1 phase&rdquo; has been added to your cart\">Ajouter au panier<\/a>\t<span id=\"woocommerce_loop_add_to_cart_link_describedby_190155\" class=\"screen-reader-text\">\n\t\t\t<\/span>\n<span class=\"gtm4wp_productdata\" style=\"display:none; visibility:hidden;\" data-gtm4wp_product_data=\"{&quot;internal_id&quot;:190155,&quot;item_id&quot;:190155,&quot;item_name&quot;:&quot;Compteur Wi-Fi kWh MID 1 phase&quot;,&quot;sku&quot;:&quot;HWE-KWH1&quot;,&quot;price&quot;:59.95,&quot;stocklevel&quot;:2393,&quot;stockstatus&quot;:&quot;instock&quot;,&quot;google_business_vertical&quot;:&quot;retail&quot;,&quot;item_category&quot;:&quot;Tous&quot;,&quot;id&quot;:&quot;woocommerce_gpf190155&quot;,&quot;productlink&quot;:&quot;https:\\\/\\\/www.homewizard.com\\\/fr-be\\\/boutique\\\/compteur-wi-fi-kwh-mid-1-phase\\\/&quot;,&quot;item_list_name&quot;:&quot;General Product List&quot;,&quot;index&quot;:1,&quot;product_type&quot;:&quot;simple&quot;,&quot;item_brand&quot;:&quot;&quot;}\"><\/span>\t\t<\/div>\n\t<\/div>\n\t<\/li>\n<li class=\"product type-product post-190153 status-publish last instock product_cat-produits product_cat-tous has-post-thumbnail taxable shipping-taxable purchasable product-type-simple small-12 large-6 columns thb-listing-index-2\">\n\t\t<div class=\"thb-product-inner-wrapper\">\n\t\t<figure class=\"product-thumbnail\">\n\t<a href=\"https:\/\/www.homewizard.com\/fr-be\/boutique\/compteur-wi-fi-kwh-mid-3-phases\/\" class=\"woocommerce-LoopProduct-link woocommerce-loop-product__link\"><img loading=\"lazy\" decoding=\"async\" width=\"500\" height=\"500\" src=\"https:\/\/www.homewizard.com\/wp-content\/uploads\/2021\/12\/kWh-Meter-3-phase-HW-shop-500x500.png\" class=\"attachment-woocommerce_thumbnail size-woocommerce_thumbnail\" alt=\"Compteur kWh 3-Phases\" srcset=\"https:\/\/www.homewizard.com\/wp-content\/uploads\/2021\/12\/kWh-Meter-3-phase-HW-shop-500x500.png 500w, https:\/\/www.homewizard.com\/wp-content\/uploads\/2021\/12\/kWh-Meter-3-phase-HW-shop-300x300.png 300w, https:\/\/www.homewizard.com\/wp-content\/uploads\/2021\/12\/kWh-Meter-3-phase-HW-shop-150x150.png 150w, https:\/\/www.homewizard.com\/wp-content\/uploads\/2021\/12\/kWh-Meter-3-phase-HW-shop-124x124.png 124w\" sizes=\"auto, (max-width: 500px) 100vw, 500px\" \/><\/a>\t\t<\/figure>\n\t<div class=\"thb-product-inner-content\">\n\t\t<h2 class=\"woocommerce-loop-product__title\"><a href=\"https:\/\/www.homewizard.com\/fr-be\/boutique\/compteur-wi-fi-kwh-mid-3-phases\/\" title=\"Compteur kWh 3-Phases\">Compteur kWh 3-Phases<\/a><\/h2>\n\t\n\t<span class=\"price\"><span class=\"woocommerce-Price-amount amount\"><bdi><span class=\"woocommerce-Price-currencySymbol\">&euro;<\/span>129.95<\/bdi><\/span><\/span>\n<p>Mesurez les panneaux solaires, les chargeurs de voiture et plus encore.<\/p>\n<a href=\"\/fr-be\/wp-json\/wp\/v2\/pages\/190108?add-to-cart=190153\" aria-describedby=\"woocommerce_loop_add_to_cart_link_describedby_190153\" data-quantity=\"1\" class=\"button product_type_simple add_to_cart_button ajax_add_to_cart\" data-product_id=\"190153\" data-product_sku=\"HWE-KWH3\" aria-label=\"Add to cart: &ldquo;Compteur kWh 3-Phases&rdquo;\" rel=\"nofollow\" data-success_message=\"&ldquo;Compteur kWh 3-Phases&rdquo; has been added to your cart\">Ajouter au panier<\/a>\t<span id=\"woocommerce_loop_add_to_cart_link_describedby_190153\" class=\"screen-reader-text\">\n\t\t\t<\/span>\n<span class=\"gtm4wp_productdata\" style=\"display:none; visibility:hidden;\" data-gtm4wp_product_data=\"{&quot;internal_id&quot;:190153,&quot;item_id&quot;:190153,&quot;item_name&quot;:&quot;Compteur kWh 3-Phases&quot;,&quot;sku&quot;:&quot;HWE-KWH3&quot;,&quot;price&quot;:129.95,&quot;stocklevel&quot;:616,&quot;stockstatus&quot;:&quot;instock&quot;,&quot;google_business_vertical&quot;:&quot;retail&quot;,&quot;item_category&quot;:&quot;Produits&quot;,&quot;id&quot;:&quot;woocommerce_gpf190153&quot;,&quot;productlink&quot;:&quot;https:\\\/\\\/www.homewizard.com\\\/fr-be\\\/boutique\\\/compteur-wi-fi-kwh-mid-3-phases\\\/&quot;,&quot;item_list_name&quot;:&quot;General Product List&quot;,&quot;index&quot;:2,&quot;product_type&quot;:&quot;simple&quot;,&quot;item_brand&quot;:&quot;&quot;}\"><\/span>\t\t<\/div>\n\t<\/div>\n\t<\/li>\n<\/ul>\n<\/div>\n<\/div><\/div>","protected":false},"excerpt":{"rendered":"<p>Compteur kWh Choisissez votre compteur kWh.<\/p>\n","protected":false},"author":1,"featured_media":0,"parent":0,"menu_order":0,"comment_status":"closed","ping_status":"closed","template":"","meta":{"_acf_changed":false,"editor_plus_copied_stylings":"{}","footnotes":""},"class_list":["post-190108","page","type-page","status-publish","hentry"],"acf":[],"yoast_head":"<!-- This site is optimized with the Yoast SEO plugin v27.0 - https:\/\/yoast.com\/product\/yoast-seo-wordpress\/ -->\n<title>Choisissez ici votre compteur de kWh - HomeWizard<\/title>\n<meta name=\"description\" content=\"Vous n&#039;\u00eates pas s\u00fbr du compteur de kWh qu&#039;il vous faut? Consultez nos diff\u00e9rents types ici et commandez le compteur de kWh de votre choix!\" \/>\n<meta name=\"robots\" content=\"index, follow, max-snippet:-1, max-image-preview:large, max-video-preview:-1\" \/>\n<link rel=\"canonical\" href=\"https:\/\/www.homewizard.com\/fr-be\/kwh-meter-selector\/\" \/>\n<meta property=\"og:locale\" content=\"fr_FR\" \/>\n<meta property=\"og:type\" content=\"article\" \/>\n<meta property=\"og:title\" content=\"Choisissez ici votre compteur de kWh - HomeWizard\" \/>\n<meta property=\"og:description\" content=\"Vous n&#039;\u00eates pas s\u00fbr du compteur de kWh qu&#039;il vous faut? Consultez nos diff\u00e9rents types ici et commandez le compteur de kWh de votre choix!\" \/>\n<meta property=\"og:url\" content=\"https:\/\/www.homewizard.com\/fr-be\/kwh-meter-selector\/\" \/>\n<meta property=\"og:site_name\" content=\"HomeWizard\" \/>\n<meta property=\"article:publisher\" content=\"https:\/\/www.facebook.com\/HomeWizardBV\/\" \/>\n<meta property=\"article:modified_time\" content=\"2023-06-14T14:17:47+00:00\" \/>\n<meta name=\"twitter:card\" content=\"summary_large_image\" \/>\n<meta name=\"twitter:site\" content=\"@HomeWizard_NL\" \/>\n<meta name=\"twitter:label1\" content=\"Dur\u00e9e de lecture est.\" \/>\n\t<meta name=\"twitter:data1\" content=\"1 minute\" \/>\n<script type=\"application\/ld+json\" class=\"yoast-schema-graph\">{\"@context\":\"https:\/\/schema.org\",\"@graph\":[{\"@type\":\"WebPage\",\"@id\":\"https:\/\/www.homewizard.com\/fr-be\/kwh-meter-selector\/\",\"url\":\"https:\/\/www.homewizard.com\/fr-be\/kwh-meter-selector\/\",\"name\":\"Choisissez ici votre compteur de kWh - HomeWizard\",\"isPartOf\":{\"@id\":\"https:\/\/www.homewizard.com\/fr-be\/#website\"},\"datePublished\":\"2022-05-31T14:12:18+00:00\",\"dateModified\":\"2023-06-14T14:17:47+00:00\",\"description\":\"Vous n'\u00eates pas s\u00fbr du compteur de kWh qu'il vous faut? Consultez nos diff\u00e9rents types ici et commandez le compteur de kWh de votre choix!\",\"breadcrumb\":{\"@id\":\"https:\/\/www.homewizard.com\/fr-be\/kwh-meter-selector\/#breadcrumb\"},\"inLanguage\":\"fr-BE\",\"potentialAction\":[{\"@type\":\"ReadAction\",\"target\":[\"https:\/\/www.homewizard.com\/fr-be\/kwh-meter-selector\/\"]}]},{\"@type\":\"BreadcrumbList\",\"@id\":\"https:\/\/www.homewizard.com\/fr-be\/kwh-meter-selector\/#breadcrumb\",\"itemListElement\":[{\"@type\":\"ListItem\",\"position\":1,\"name\":\"Home\",\"item\":\"https:\/\/www.homewizard.com\/fr-be\/\"},{\"@type\":\"ListItem\",\"position\":2,\"name\":\"kWh meter selector\"}]},{\"@type\":\"WebSite\",\"@id\":\"https:\/\/www.homewizard.com\/fr-be\/#website\",\"url\":\"https:\/\/www.homewizard.com\/fr-be\/\",\"name\":\"HomeWizard\",\"description\":\"HomeWizard Energy\",\"publisher\":{\"@id\":\"https:\/\/www.homewizard.com\/fr-be\/#organization\"},\"potentialAction\":[{\"@type\":\"SearchAction\",\"target\":{\"@type\":\"EntryPoint\",\"urlTemplate\":\"https:\/\/www.homewizard.com\/fr-be\/?s={search_term_string}\"},\"query-input\":{\"@type\":\"PropertyValueSpecification\",\"valueRequired\":true,\"valueName\":\"search_term_string\"}}],\"inLanguage\":\"fr-BE\"},{\"@type\":\"Organization\",\"@id\":\"https:\/\/www.homewizard.com\/fr-be\/#organization\",\"name\":\"HomeWizard\",\"url\":\"https:\/\/www.homewizard.com\/fr-be\/\",\"logo\":{\"@type\":\"ImageObject\",\"inLanguage\":\"fr-BE\",\"@id\":\"https:\/\/www.homewizard.com\/fr-be\/#\/schema\/logo\/image\/\",\"url\":\"https:\/\/www.homewizard.com\/wp-content\/uploads\/2023\/06\/HomeWizard-icon-on-black.png\",\"contentUrl\":\"https:\/\/www.homewizard.com\/wp-content\/uploads\/2023\/06\/HomeWizard-icon-on-black.png\",\"width\":500,\"height\":500,\"caption\":\"HomeWizard\"},\"image\":{\"@id\":\"https:\/\/www.homewizard.com\/fr-be\/#\/schema\/logo\/image\/\"},\"sameAs\":[\"https:\/\/www.facebook.com\/HomeWizardBV\/\",\"https:\/\/x.com\/HomeWizard_NL\",\"https:\/\/www.youtube.com\/HomeWizardBV\",\"https:\/\/www.instagram.com\/homewizardenergy\/\"]}]}<\/script>\n<!-- \/ Yoast SEO plugin. -->","yoast_head_json":{"title":"Choisissez ici votre compteur de kWh - HomeWizard","description":"Vous n'\u00eates pas s\u00fbr du compteur de kWh qu'il vous faut? Consultez nos diff\u00e9rents types ici et commandez le compteur de kWh de votre choix!","robots":{"index":"index","follow":"follow","max-snippet":"max-snippet:-1","max-image-preview":"max-image-preview:large","max-video-preview":"max-video-preview:-1"},"canonical":"https:\/\/www.homewizard.com\/fr-be\/kwh-meter-selector\/","og_locale":"fr_FR","og_type":"article","og_title":"Choisissez ici votre compteur de kWh - HomeWizard","og_description":"Vous n'\u00eates pas s\u00fbr du compteur de kWh qu'il vous faut? Consultez nos diff\u00e9rents types ici et commandez le compteur de kWh de votre choix!","og_url":"https:\/\/www.homewizard.com\/fr-be\/kwh-meter-selector\/","og_site_name":"HomeWizard","article_publisher":"https:\/\/www.facebook.com\/HomeWizardBV\/","article_modified_time":"2023-06-14T14:17:47+00:00","twitter_card":"summary_large_image","twitter_site":"@HomeWizard_NL","twitter_misc":{"Dur\u00e9e de lecture est.":"1 minute"},"schema":{"@context":"https:\/\/schema.org","@graph":[{"@type":"WebPage","@id":"https:\/\/www.homewizard.com\/fr-be\/kwh-meter-selector\/","url":"https:\/\/www.homewizard.com\/fr-be\/kwh-meter-selector\/","name":"Choisissez ici votre compteur de kWh - HomeWizard","isPartOf":{"@id":"https:\/\/www.homewizard.com\/fr-be\/#website"},"datePublished":"2022-05-31T14:12:18+00:00","dateModified":"2023-06-14T14:17:47+00:00","description":"Vous n'\u00eates pas s\u00fbr du compteur de kWh qu'il vous faut? Consultez nos diff\u00e9rents types ici et commandez le compteur de kWh de votre choix!","breadcrumb":{"@id":"https:\/\/www.homewizard.com\/fr-be\/kwh-meter-selector\/#breadcrumb"},"inLanguage":"fr-BE","potentialAction":[{"@type":"ReadAction","target":["https:\/\/www.homewizard.com\/fr-be\/kwh-meter-selector\/"]}]},{"@type":"BreadcrumbList","@id":"https:\/\/www.homewizard.com\/fr-be\/kwh-meter-selector\/#breadcrumb","itemListElement":[{"@type":"ListItem","position":1,"name":"Home","item":"https:\/\/www.homewizard.com\/fr-be\/"},{"@type":"ListItem","position":2,"name":"kWh meter selector"}]},{"@type":"WebSite","@id":"https:\/\/www.homewizard.com\/fr-be\/#website","url":"https:\/\/www.homewizard.com\/fr-be\/","name":"HomeWizard","description":"HomeWizard Energy","publisher":{"@id":"https:\/\/www.homewizard.com\/fr-be\/#organization"},"potentialAction":[{"@type":"SearchAction","target":{"@type":"EntryPoint","urlTemplate":"https:\/\/www.homewizard.com\/fr-be\/?s={search_term_string}"},"query-input":{"@type":"PropertyValueSpecification","valueRequired":true,"valueName":"search_term_string"}}],"inLanguage":"fr-BE"},{"@type":"Organization","@id":"https:\/\/www.homewizard.com\/fr-be\/#organization","name":"HomeWizard","url":"https:\/\/www.homewizard.com\/fr-be\/","logo":{"@type":"ImageObject","inLanguage":"fr-BE","@id":"https:\/\/www.homewizard.com\/fr-be\/#\/schema\/logo\/image\/","url":"https:\/\/www.homewizard.com\/wp-content\/uploads\/2023\/06\/HomeWizard-icon-on-black.png","contentUrl":"https:\/\/www.homewizard.com\/wp-content\/uploads\/2023\/06\/HomeWizard-icon-on-black.png","width":500,"height":500,"caption":"HomeWizard"},"image":{"@id":"https:\/\/www.homewizard.com\/fr-be\/#\/schema\/logo\/image\/"},"sameAs":["https:\/\/www.facebook.com\/HomeWizardBV\/","https:\/\/x.com\/HomeWizard_NL","https:\/\/www.youtube.com\/HomeWizardBV","https:\/\/www.instagram.com\/homewizardenergy\/"]}]}},"_links":{"self":[{"href":"https:\/\/www.homewizard.com\/fr-be\/wp-json\/wp\/v2\/pages\/190108","targetHints":{"allow":["GET"]}}],"collection":[{"href":"https:\/\/www.homewizard.com\/fr-be\/wp-json\/wp\/v2\/pages"}],"about":[{"href":"https:\/\/www.homewizard.com\/fr-be\/wp-json\/wp\/v2\/types\/page"}],"author":[{"embeddable":true,"href":"https:\/\/www.homewizard.com\/fr-be\/wp-json\/wp\/v2\/users\/1"}],"replies":[{"embeddable":true,"href":"https:\/\/www.homewizard.com\/fr-be\/wp-json\/wp\/v2\/comments?post=190108"}],"version-history":[{"count":3,"href":"https:\/\/www.homewizard.com\/fr-be\/wp-json\/wp\/v2\/pages\/190108\/revisions"}],"predecessor-version":[{"id":263661,"href":"https:\/\/www.homewizard.com\/fr-be\/wp-json\/wp\/v2\/pages\/190108\/revisions\/263661"}],"wp:attachment":[{"href":"https:\/\/www.homewizard.com\/fr-be\/wp-json\/wp\/v2\/media?parent=190108"}],"curies":[{"name":"wp","href":"https:\/\/api.w.org\/{rel}","templated":true}]}}